{"id":73042,"date":"2025-02-02T18:46:22","date_gmt":"2025-02-02T18:46:22","guid":{"rendered":"https:\/\/jackpotlotteryonline.com\/?page_id=73042"},"modified":"2025-02-02T18:46:22","modified_gmt":"2025-02-02T18:46:22","slug":"condiciones-de-uso","status":"publish","type":"page","link":"https:\/\/jackpotlotteryonline.com\/es\/condiciones-de-uso\/","title":{"rendered":"Condiciones de uso"},"content":{"rendered":"<p>Los T\u00e9rminos y Condiciones de Jackpot Lottery Online (en adelante, los T\u00e9rminos de Uso) se aplican al sitio web jackpotlotteryonline.com (en adelante, el Sitio Web) operado por LLL World Marketing Limited, Peiraios 30, 1er piso, oficina 1, 2023 Strovolos, Nicosia &#8211; Chipre.<\/p>\n<p>Al visualizar, navegar o utilizar de cualquier modo el sitio web jackpotlotteryonline.com, el jugador acepta las siguientes Condiciones de uso, as\u00ed como nuestra Pol\u00edtica de privacidad. En caso de que el Jugador no est\u00e9 de acuerdo con cualquiera de ellas, le pedimos que deje de utilizar jackpotlotteryonline.com.<\/p>\n<p>Para cualquier pregunta relacionada con nuestras Condiciones de uso o nuestra Pol\u00edtica de privacidad, p\u00f3ngase en contacto con nosotros a trav\u00e9s de nuestro formulario de contacto.<\/p>\n<p>Estas Condiciones de Uso se regir\u00e1n por las leyes de Chipre.<\/p>\n<p>1. Definiciones<br \/>\nLoter\u00eda &#8211; Un juego de n\u00fameros dentro del cual tiene lugar un Sorteo.<br \/>\nSorteo &#8211; Un sorteo de una cantidad espec\u00edfica de n\u00fameros de rangos espec\u00edficos de n\u00fameros est\u00e1ndar o n\u00fameros est\u00e1ndar y de bonificaci\u00f3n dentro de una Loter\u00eda en particular. Los sorteos se realizan repetidamente en los d\u00edas y horas establecidos por el Operador de una Loter\u00eda en particular.<br \/>\nOperador &#8211; La entidad que organiza el Sorteo en una Loter\u00eda en particular.<br \/>\nJugador &#8211; Una persona que participa en una de las loter\u00edas ofrecidas en jackpotlotteryonline.com.<br \/>\nBillete &#8211; Un billete electr\u00f3nico para un Sorteo que el Jugador selecciona para una Loter\u00eda en particular que contiene una o m\u00e1s L\u00edneas.<br \/>\nL\u00ednea &#8211; Un solo conjunto de n\u00fameros que el Jugador seleccion\u00f3 para un sorteo de Loter\u00eda en particular. Dependiendo de la Loter\u00eda, puede contener una cantidad diferente y\/u otro grupo (de un rango diferente) para n\u00fameros est\u00e1ndar y de bonificaci\u00f3n (si existen).<br \/>\nGanancias &#8211; El importe ganado si una l\u00ednea creada por un Jugador coincide con un conjunto predefinido de n\u00fameros extra\u00eddos en un Sorteo para el que se compr\u00f3 el Billete que contiene la l\u00ednea.<br \/>\nDep\u00f3sito: fondos depositados en la cuenta de un jugador para utilizarlos posteriormente en la compra de boletos.<br \/>\nCuenta &#8211; La cuenta de usuario del Jugador, que tiene asignados los fondos del Jugador, los Billetes comprados y los datos del Jugador.<br \/>\n2. 2. Informaci\u00f3n general<br \/>\n2.1 El sitio web jackpotlotteryonline.com proporciona acceso a las loter\u00edas a trav\u00e9s de una plataforma en l\u00ednea.<br \/>\n2.2 Los Jugadores deben tener al menos 18 a\u00f1os de edad para utilizar el Sitio Web.<br \/>\n2.3 Es responsabilidad del Jugador comprobar si la participaci\u00f3n en loter\u00edas en l\u00ednea es legal en su jurisdicci\u00f3n.<br \/>\n2.4 La empresa LLL World Marketing Limited no es un operador oficial de loter\u00edas. Los servicios prestados est\u00e1n relacionados con el acceso a los billetes de loter\u00eda.<\/p>\n<p>3. Cuenta de Usuario<br \/>\n3.1 Los jugadores deben registrar una Cuenta en jackpotlotteryonline.com para comprar Billetes.<br \/>\n3.2 Los datos personales proporcionados durante el registro deben ser exactos. Cualquier informaci\u00f3n falsa o enga\u00f1osa puede dar lugar a la suspensi\u00f3n o cancelaci\u00f3n de la Cuenta.<br \/>\n3.3 Los jugadores son responsables de mantener la confidencialidad de sus credenciales de acceso. La Empresa no ser\u00e1 responsable del acceso no autorizado debido a negligencia.<\/p>\n<p>4. Dep\u00f3sitos y pagos<br \/>\n4.1 Los dep\u00f3sitos pueden realizarse a trav\u00e9s de los m\u00e9todos de pago disponibles en jackpotlotteryonline.com.<br \/>\n4.2 Los jugadores son responsables de asegurarse de que tienen fondos suficientes en su cuenta para comprar boletos.<br \/>\n4.3 Todos los pagos se procesan de forma segura. La Compa\u00f1\u00eda se reserva el derecho de solicitar verificaci\u00f3n adicional si fuera necesario.<\/p>\n<p>5. 5. Compra de entradas<br \/>\n5.1 Los Jugadores pueden comprar Billetes para varias loter\u00edas ofrecidas en jackpotlotteryonline.com.<br \/>\n5.2 Los boletos s\u00f3lo se consideran v\u00e1lidos despu\u00e9s de la confirmaci\u00f3n del pago.<\/p>\n<p>6. Ganancias<br \/>\n6.1 Las ganancias se calculan en base a la coincidencia entre los n\u00fameros seleccionados por el Jugador y los n\u00fameros sorteados por el Operador oficial de la Loter\u00eda.<br \/>\n6.2 La Empresa har\u00e1 todo lo posible para distribuir las ganancias al Jugador con prontitud.<br \/>\n6.3 Las ganancias grandes pueden requerir verificaci\u00f3n de identidad adicional antes de ser entregadas al Jugador.<\/p>\n<p>7. 7. Limitaci\u00f3n de responsabilidad<br \/>\n7.1 La Empresa no se hace responsable de los errores t\u00e9cnicos o interrupciones que puedan producirse durante el uso de jackpotlotteryonline.com.<br \/>\n7.2 En ning\u00fan caso la Empresa ser\u00e1 responsable por da\u00f1os indirectos, incidentales o consecuentes que surjan del uso de la p\u00e1gina web.<\/p>\n<p>8. Terminaci\u00f3n<br \/>\n8.1 La Empresa se reserva el derecho de cancelar o suspender la Cuenta de cualquier Jugador por incumplimiento de las Condiciones de Uso.<br \/>\n8.2 Los jugadores pueden solicitar el cierre de la Cuenta en cualquier momento poni\u00e9ndose en contacto con el servicio de asistencia a trav\u00e9s del formulario de contacto.<\/p>\n<p>9. Ley aplicable<br \/>\n9.1 Estas Condiciones de uso se regir\u00e1n e interpretar\u00e1n de acuerdo con la legislaci\u00f3n de Chipre.<\/p>\n<p>Al utilizar jackpotlotteryonline.com, el Jugador acepta cumplir todas las Condiciones de uso anteriores.<\/p>\n","protected":false},"excerpt":{"rendered":"<p>Los T\u00e9rminos y Condiciones de Jackpot Lottery Online (en adelante, los T\u00e9rminos de Uso) se aplican al sitio web jackpotlotteryonline.com (en adelante, el Sitio Web) operado por LLL World Marketing Limited, Peiraios 30, 1er piso, oficina 1, 2023 Strovolos, Nicosia &#8211; Chipre. Al visualizar, navegar o utilizar de cualquier modo el sitio web jackpotlotteryonline.com, el [&hellip;]<\/p>\n","protected":false},"author":7,"featured_media":0,"parent":0,"menu_order":0,"comment_status":"closed","ping_status":"closed","template":"","meta":{"_et_pb_use_builder":"","_et_pb_old_content":"","_et_gb_content_width":"","exclude_from_search":false,"footnotes":""},"class_list":["post-73042","page","type-page","status-publish","hentry"],"yoast_head":"<!-- This site is optimized with the Yoast SEO plugin v23.3 - https:\/\/yoast.com\/wordpress\/plugins\/seo\/ -->\n<title>Condiciones de uso - Lotto Online - Crack The International Lottery Jackpots<\/title>\n<meta name=\"robots\" content=\"index, follow, max-snippet:-1, max-image-preview:large, max-video-preview:-1\" \/>\n<link rel=\"canonical\" href=\"https:\/\/jackpotlotteryonline.com\/es\/condiciones-de-uso\/\" \/>\n<meta property=\"og:locale\" content=\"es_ES\" \/>\n<meta property=\"og:type\" content=\"article\" \/>\n<meta property=\"og:title\" content=\"Condiciones de uso - Lotto Online - Crack The International Lottery Jackpots\" \/>\n<meta property=\"og:description\" content=\"Los T\u00e9rminos y Condiciones de Jackpot Lottery Online (en adelante, los T\u00e9rminos de Uso) se aplican al sitio web jackpotlotteryonline.com (en adelante, el Sitio Web) operado por LLL World Marketing Limited, Peiraios 30, 1er piso, oficina 1, 2023 Strovolos, Nicosia &#8211; Chipre. Al visualizar, navegar o utilizar de cualquier modo el sitio web jackpotlotteryonline.com, el [&hellip;]\" \/>\n<meta property=\"og:url\" content=\"https:\/\/jackpotlotteryonline.com\/es\/condiciones-de-uso\/\" \/>\n<meta property=\"og:site_name\" content=\"Lotto Online - Crack The International Lottery Jackpots\" \/>\n<meta name=\"twitter:card\" content=\"summary_large_image\" \/>\n<meta name=\"twitter:label1\" content=\"Tiempo de lectura\" \/>\n\t<meta name=\"twitter:data1\" content=\"4 minutos\" \/>\n<!-- \/ Yoast SEO plugin. -->","yoast_head_json":{"title":"Condiciones de uso - Lotto Online - Crack The International Lottery Jackpots","robots":{"index":"index","follow":"follow","max-snippet":"max-snippet:-1","max-image-preview":"max-image-preview:large","max-video-preview":"max-video-preview:-1"},"canonical":"https:\/\/jackpotlotteryonline.com\/es\/condiciones-de-uso\/","og_locale":"es_ES","og_type":"article","og_title":"Condiciones de uso - Lotto Online - Crack The International Lottery Jackpots","og_description":"Los T\u00e9rminos y Condiciones de Jackpot Lottery Online (en adelante, los T\u00e9rminos de Uso) se aplican al sitio web jackpotlotteryonline.com (en adelante, el Sitio Web) operado por LLL World Marketing Limited, Peiraios 30, 1er piso, oficina 1, 2023 Strovolos, Nicosia &#8211; Chipre. Al visualizar, navegar o utilizar de cualquier modo el sitio web jackpotlotteryonline.com, el [&hellip;]","og_url":"https:\/\/jackpotlotteryonline.com\/es\/condiciones-de-uso\/","og_site_name":"Lotto Online - Crack The International Lottery Jackpots","twitter_card":"summary_large_image","twitter_misc":{"Tiempo de lectura":"4 minutos"},"schema":{"@context":"https:\/\/schema.org","@graph":[{"@type":"WebPage","@id":"https:\/\/jackpotlotteryonline.com\/es\/condiciones-de-uso\/","url":"https:\/\/jackpotlotteryonline.com\/es\/condiciones-de-uso\/","name":"Condiciones de uso - Lotto Online - Crack The International Lottery Jackpots","isPartOf":{"@id":"https:\/\/jackpotlotteryonline.com\/#website"},"datePublished":"2025-02-02T18:46:22+00:00","dateModified":"2025-02-02T18:46:22+00:00","breadcrumb":{"@id":"https:\/\/jackpotlotteryonline.com\/es\/condiciones-de-uso\/#breadcrumb"},"inLanguage":"es","potentialAction":[{"@type":"ReadAction","target":["https:\/\/jackpotlotteryonline.com\/es\/condiciones-de-uso\/"]}]},{"@type":"BreadcrumbList","@id":"https:\/\/jackpotlotteryonline.com\/es\/condiciones-de-uso\/#breadcrumb","itemListElement":[{"@type":"ListItem","position":1,"name":"Home","item":"https:\/\/jackpotlotteryonline.com\/es\/"},{"@type":"ListItem","position":2,"name":"Condiciones de uso"}]},{"@type":"WebSite","@id":"https:\/\/jackpotlotteryonline.com\/#website","url":"https:\/\/jackpotlotteryonline.com\/","name":"Lotto Online - Crack The International Lottery Jackpots","description":"","potentialAction":[{"@type":"SearchAction","target":{"@type":"EntryPoint","urlTemplate":"https:\/\/jackpotlotteryonline.com\/?s={search_term_string}"},"query-input":"required name=search_term_string"}],"inLanguage":"es"}]}},"_links":{"self":[{"href":"https:\/\/jackpotlotteryonline.com\/es\/wp-json\/wp\/v2\/pages\/73042","targetHints":{"allow":["GET"]}}],"collection":[{"href":"https:\/\/jackpotlotteryonline.com\/es\/wp-json\/wp\/v2\/pages"}],"about":[{"href":"https:\/\/jackpotlotteryonline.com\/es\/wp-json\/wp\/v2\/types\/page"}],"author":[{"embeddable":true,"href":"https:\/\/jackpotlotteryonline.com\/es\/wp-json\/wp\/v2\/users\/7"}],"replies":[{"embeddable":true,"href":"https:\/\/jackpotlotteryonline.com\/es\/wp-json\/wp\/v2\/comments?post=73042"}],"version-history":[{"count":0,"href":"https:\/\/jackpotlotteryonline.com\/es\/wp-json\/wp\/v2\/pages\/73042\/revisions"}],"wp:attachment":[{"href":"https:\/\/jackpotlotteryonline.com\/es\/wp-json\/wp\/v2\/media?parent=73042"}],"curies":[{"name":"wp","href":"https:\/\/api.w.org\/{rel}","templated":true}]}}