{"id":77643,"date":"2025-03-21T17:55:32","date_gmt":"2025-03-21T17:55:32","guid":{"rendered":"https:\/\/jackpotlotteryonline.com\/?page_id=77643"},"modified":"2025-03-21T17:55:32","modified_gmt":"2025-03-21T17:55:32","slug":"donde-se-pueden-comprar-billetes-de-la-loteria-de-nueva-york-fuera-de-ee-uu","status":"publish","type":"page","link":"https:\/\/jackpotlotteryonline.com\/es\/comprar-boletos\/donde-se-pueden-comprar-billetes-de-la-loteria-de-nueva-york-fuera-de-ee-uu\/","title":{"rendered":"\u00bfD\u00f3nde se pueden comprar billetes de la Loter\u00eda de Nueva York fuera de EE. UU.?"},"content":{"rendered":"<p>Los premios gordos de Nueva York son enormes, pr\u00e1cticamente legendarios. \u00a1Gente de todo el mundo los busca! \u00bfY qui\u00e9n no est\u00e1 en EE. UU.? \u00bfSe pueden comprar billetes de la Loter\u00eda de Nueva York desde fuera de EE. UU.? \u00a1Por supuesto! \u00bfAdivina qu\u00e9? JackpotLottery te permite conseguir billetes reales de la Loter\u00eda de Nueva York online, \u00a1desde cualquier parte del mundo!<\/p>\n<h2>\u00bfSe pueden comprar billetes de la Loter\u00eda de Nueva York desde fuera de EE. UU.?<\/h2>\n<p>\u00a1Totalmente! As\u00ed que, incluso si no est\u00e1s en Nueva York ni en Estados Unidos, puedes participar en la Loter\u00eda de Nueva York. Con JackpotLottery, los jugadores internacionales pueden comprar billetes de loter\u00eda de forma segura desde cualquier lugar. Esto iguala las posibilidades de ganar, d\u00e1ndote las mismas posibilidades que si compraras un billete en persona. B\u00e1sicamente, JackpotLottery hace que alguien compre tu billete por ti, como un comprador personal de loter\u00eda. Recibir\u00e1s una copia escaneada de tu boleto oficial en tu cuenta, lo que te proporcionar\u00e1 un comprobante claro de tu compra y mayor seguridad.<\/p>\n<p>C\u00f3mo comprar boletos de la Loter\u00eda de Nueva York en l\u00ednea con JackpotLottery<br \/>\nJugar a la loter\u00eda de Nueva York internacionalmente es muy f\u00e1cil con JackpotLottery. Estas sencillas instrucciones te guiar\u00e1n:<\/p>\n<p>1. Reg\u00edstrate. Comienza en JackpotLottery ingresando tus datos y verificando tu identidad ahora. De esta manera, todo estar\u00e1 seguro y no tendr\u00e1s problemas para recibir tus ganancias. 2. En la secci\u00f3n de loter\u00edas, elige la Loter\u00eda de Nueva York. Si buscas un gran premio, la Loter\u00eda de Nueva York es una opci\u00f3n muy popular.<br \/>\n3. Ahora, elige tus n\u00fameros. Puedes seleccionar manualmente seis n\u00fameros del 1 al 59 o usar la funci\u00f3n de Selecci\u00f3n R\u00e1pida para que el sistema los genere aleatoriamente.<br \/>\n4. Compra el boleto. Elige entre nuestros m\u00e9todos de pago disponibles para comprar tu boleto c\u00f3modamente. Tras confirmar la compra, JackpotLottery proceder\u00e1 a la adquisici\u00f3n de un boleto oficial a tu nombre.<\/p>\n<p>5. Ent\u00e9rate de los resultados del sorteo.<\/p>\n<p>Ent\u00e9rate al instante si has ganado el premio gordo.<br \/>\n6. Garant\u00eda de pago verificado<br \/>\nLos peque\u00f1os premios van directo a tu cuenta, y para los grandes, JackpotLottery se encarga de todo.<\/p>\n<p><strong>Juega a la Loter\u00eda de Nueva York hoy<\/strong><br \/>\nAhora que ya sabes c\u00f3mo jugar desde el extranjero, \u00a1an\u00edmate a ganar a lo grande en la Loter\u00eda de Nueva York! \u00a1\u00danete a la acci\u00f3n! Reg\u00edstrate en JackpotLottery, compra tu boleto y participa en el emocionante sorteo de loter\u00eda de Estados Unidos. Est\u00e1s a solo un boleto de hacer realidad tus sue\u00f1os de ganar el premio mayor.<\/p>\n","protected":false},"excerpt":{"rendered":"<p>Los premios gordos de Nueva York son enormes, pr\u00e1cticamente legendarios. \u00a1Gente de todo el mundo los busca! \u00bfY qui\u00e9n no est\u00e1 en EE. UU.? \u00bfSe pueden comprar billetes de la Loter\u00eda de Nueva York desde fuera de EE. UU.? \u00a1Por supuesto! \u00bfAdivina qu\u00e9? JackpotLottery te permite conseguir billetes reales de la Loter\u00eda de Nueva York [&hellip;]<\/p>\n","protected":false},"author":7,"featured_media":0,"parent":35782,"menu_order":0,"comment_status":"closed","ping_status":"closed","template":"","meta":{"_et_pb_use_builder":"","_et_pb_old_content":"","_et_gb_content_width":"","exclude_from_search":false,"footnotes":""},"class_list":["post-77643","page","type-page","status-publish","hentry"],"yoast_head":"<!-- This site is optimized with the Yoast SEO plugin v23.3 - https:\/\/yoast.com\/wordpress\/plugins\/seo\/ -->\n<title>Te preguntas si puedes comprar boletos de la Loter\u00eda de Nueva York desde fuera de EE. UU.?<\/title>\n<meta name=\"description\" content=\"\u00a1Descubre las mejores maneras de jugar en l\u00ednea y ganar premios a nivel internacional!\" \/>\n<meta name=\"robots\" content=\"index, follow, max-snippet:-1, max-image-preview:large, max-video-preview:-1\" \/>\n<link rel=\"canonical\" href=\"https:\/\/jackpotlotteryonline.com\/where-can-you-buy-new-york-lottery-tickets-outside-the-usa\/\" \/>\n<meta property=\"og:locale\" content=\"es_ES\" \/>\n<meta property=\"og:type\" content=\"article\" \/>\n<meta property=\"og:title\" content=\"Te preguntas si puedes comprar boletos de la Loter\u00eda de Nueva York desde fuera de EE. UU.?\" \/>\n<meta property=\"og:description\" content=\"\u00a1Descubre las mejores maneras de jugar en l\u00ednea y ganar premios a nivel internacional!\" \/>\n<meta property=\"og:url\" content=\"https:\/\/jackpotlotteryonline.com\/where-can-you-buy-new-york-lottery-tickets-outside-the-usa\/\" \/>\n<meta property=\"og:site_name\" content=\"Lotto Online - Crack The International Lottery Jackpots\" \/>\n<meta name=\"twitter:card\" content=\"summary_large_image\" \/>\n<!-- \/ Yoast SEO plugin. -->","yoast_head_json":{"title":"Te preguntas si puedes comprar boletos de la Loter\u00eda de Nueva York desde fuera de EE. UU.?","description":"\u00a1Descubre las mejores maneras de jugar en l\u00ednea y ganar premios a nivel internacional!","robots":{"index":"index","follow":"follow","max-snippet":"max-snippet:-1","max-image-preview":"max-image-preview:large","max-video-preview":"max-video-preview:-1"},"canonical":"https:\/\/jackpotlotteryonline.com\/where-can-you-buy-new-york-lottery-tickets-outside-the-usa\/","og_locale":"es_ES","og_type":"article","og_title":"Te preguntas si puedes comprar boletos de la Loter\u00eda de Nueva York desde fuera de EE. UU.?","og_description":"\u00a1Descubre las mejores maneras de jugar en l\u00ednea y ganar premios a nivel internacional!","og_url":"https:\/\/jackpotlotteryonline.com\/where-can-you-buy-new-york-lottery-tickets-outside-the-usa\/","og_site_name":"Lotto Online - Crack The International Lottery Jackpots","twitter_card":"summary_large_image","schema":{"@context":"https:\/\/schema.org","@graph":[{"@type":"WebPage","@id":"https:\/\/jackpotlotteryonline.com\/where-can-you-buy-new-york-lottery-tickets-outside-the-usa\/","url":"https:\/\/jackpotlotteryonline.com\/where-can-you-buy-new-york-lottery-tickets-outside-the-usa\/","name":"Te preguntas si puedes comprar boletos de la Loter\u00eda de Nueva York desde fuera de EE. UU.?","isPartOf":{"@id":"https:\/\/jackpotlotteryonline.com\/#website"},"datePublished":"2025-03-21T17:55:32+00:00","dateModified":"2025-03-21T17:55:32+00:00","description":"\u00a1Descubre las mejores maneras de jugar en l\u00ednea y ganar premios a nivel internacional!","breadcrumb":{"@id":"https:\/\/jackpotlotteryonline.com\/where-can-you-buy-new-york-lottery-tickets-outside-the-usa\/#breadcrumb"},"inLanguage":"es","potentialAction":[{"@type":"ReadAction","target":["https:\/\/jackpotlotteryonline.com\/where-can-you-buy-new-york-lottery-tickets-outside-the-usa\/"]}]},{"@type":"BreadcrumbList","@id":"https:\/\/jackpotlotteryonline.com\/where-can-you-buy-new-york-lottery-tickets-outside-the-usa\/#breadcrumb","itemListElement":[{"@type":"ListItem","position":1,"name":"Home","item":"https:\/\/jackpotlotteryonline.com\/es\/"},{"@type":"ListItem","position":2,"name":"\u00bfD\u00f3nde se pueden comprar billetes de la Loter\u00eda de Nueva York fuera de EE. UU.?"}]},{"@type":"WebSite","@id":"https:\/\/jackpotlotteryonline.com\/#website","url":"https:\/\/jackpotlotteryonline.com\/","name":"Lotto Online - Crack The International Lottery Jackpots","description":"","potentialAction":[{"@type":"SearchAction","target":{"@type":"EntryPoint","urlTemplate":"https:\/\/jackpotlotteryonline.com\/?s={search_term_string}"},"query-input":"required name=search_term_string"}],"inLanguage":"es"}]}},"_links":{"self":[{"href":"https:\/\/jackpotlotteryonline.com\/es\/wp-json\/wp\/v2\/pages\/77643","targetHints":{"allow":["GET"]}}],"collection":[{"href":"https:\/\/jackpotlotteryonline.com\/es\/wp-json\/wp\/v2\/pages"}],"about":[{"href":"https:\/\/jackpotlotteryonline.com\/es\/wp-json\/wp\/v2\/types\/page"}],"author":[{"embeddable":true,"href":"https:\/\/jackpotlotteryonline.com\/es\/wp-json\/wp\/v2\/users\/7"}],"replies":[{"embeddable":true,"href":"https:\/\/jackpotlotteryonline.com\/es\/wp-json\/wp\/v2\/comments?post=77643"}],"version-history":[{"count":1,"href":"https:\/\/jackpotlotteryonline.com\/es\/wp-json\/wp\/v2\/pages\/77643\/revisions"}],"predecessor-version":[{"id":77644,"href":"https:\/\/jackpotlotteryonline.com\/es\/wp-json\/wp\/v2\/pages\/77643\/revisions\/77644"}],"up":[{"embeddable":true,"href":"https:\/\/jackpotlotteryonline.com\/es\/wp-json\/wp\/v2\/pages\/35782"}],"wp:attachment":[{"href":"https:\/\/jackpotlotteryonline.com\/es\/wp-json\/wp\/v2\/media?parent=77643"}],"curies":[{"name":"wp","href":"https:\/\/api.w.org\/{rel}","templated":true}]}}