{"id":77713,"date":"2025-03-22T08:09:33","date_gmt":"2025-03-22T08:09:33","guid":{"rendered":"https:\/\/jackpotlotteryonline.com\/?page_id=77713"},"modified":"2025-03-22T08:09:33","modified_gmt":"2025-03-22T08:09:33","slug":"descubra-los-resultados-de-la-loteria-de-nueva-york-de-hoy","status":"publish","type":"page","link":"https:\/\/jackpotlotteryonline.com\/es\/numeros-ganadores\/descubra-los-resultados-de-la-loteria-de-nueva-york-de-hoy\/","title":{"rendered":"Descubra los resultados de la Loter\u00eda de Nueva York de hoy"},"content":{"rendered":"<p>La Loter\u00eda de Nueva York siempre entusiasma a la gente, esperando ver el \u00faltimo sorteo. Si necesita los n\u00fameros de la Loter\u00eda de Nueva York de hoy, est\u00e1 en el lugar correcto. Consultar sus n\u00fameros de la Loter\u00eda de Nueva York es r\u00e1pido y sencillo: solo unos clics.<\/p>\n<h2>\u00bfD\u00f3nde puedo ver los resultados de la Loter\u00eda de Nueva York de hoy?<\/h2>\n<p>Consultar los resultados de la Loter\u00eda de Nueva York de hoy es f\u00e1cil y c\u00f3modo. Aqu\u00ed puede buscar los n\u00fameros ganadores.<br \/>\nConf\u00ede en JackpotLottery para obtener los resultados de loter\u00eda al minuto y la opci\u00f3n de comprar boletos directamente en l\u00ednea. Los resultados suelen estar disponibles en esta plataforma inmediatamente despu\u00e9s de su publicaci\u00f3n. Adem\u00e1s, recibir\u00e1 una notificaci\u00f3n inmediata en caso de ganar, para que no pierda sus ganancias.<\/p>\n<p>\u00bfCu\u00e1ndo son los sorteos de la Loter\u00eda de Nueva York?<img loading=\"lazy\" decoding=\"async\" class=\" wp-image-51568 alignright\" src=\"https:\/\/jackpotlotteryonline.com\/wp-content\/uploads\/2023\/09\/8.png\" alt=\"\u00bfD\u00f3nde puedo ver los resultados de la Loter\u00eda de Nueva York de hoy?\" width=\"233\" height=\"233\" srcset=\"https:\/\/jackpotlotteryonline.com\/wp-content\/uploads\/2023\/09\/8.png 300w, https:\/\/jackpotlotteryonline.com\/wp-content\/uploads\/2023\/09\/8-100x100.png 100w, https:\/\/jackpotlotteryonline.com\/wp-content\/uploads\/2023\/09\/8-150x150.png 150w\" sizes=\"auto, (max-width: 233px) 100vw, 233px\" \/><\/strong><\/p>\n<p>Puedes ver el sorteo de la Loter\u00eda de Nueva York todos los mi\u00e9rcoles y s\u00e1bados a las 23:21, hora del este. Al usar esta plataforma, siempre estar\u00e1s al d\u00eda. La cuenta regresiva para el sorteo siempre se muestra junto a la loter\u00eda. C\u00f3mo comprobar si has ganado la Loter\u00eda de Nueva York<\/p>\n<ul>\n<li>Una vez que obtengas los resultados de hoy de la Loter\u00eda de Nueva York, estos pasos te guiar\u00e1n para verificar tu boleto.\n<li>Compara tus n\u00fameros: Comprueba si los n\u00fameros que elegiste coinciden con los sorteados.\n<li>Comprueba si tienes extras: Algunos juegos tienen n\u00fameros extra y multiplicadores.\n<p>Para reclamar tus ganancias, sigue nuestro procedimiento de reclamaci\u00f3n, que var\u00eda seg\u00fan el importe del premio y puede implicar reclamaciones en l\u00ednea para sumas peque\u00f1as o verificaci\u00f3n en persona para premios mayores grandes.<\/p>\n<h2>Directrices para los ganadores de la Loter\u00eda de Nueva York<\/p>\n<p>Si ganas la loter\u00eda, tu vida est\u00e1 a punto de cambiar, as\u00ed que debes hacer las cosas bien. <\/p>\n<ul>\n<li>Mant\u00e9n la calma y verifica: Aseg\u00farate de que tu boleto coincida con los n\u00fameros oficiales antes de celebrar.<\/li>\n<li>Decide c\u00f3mo quieres tus ganancias: Los botes suelen pagarse en un solo pago o mediante una serie de pagos anuales.<\/li>\n<li>Garantiza la seguridad a largo plazo: Busca el asesoramiento de un asesor financiero para administrar tus ganancias de loter\u00eda de forma inteligente.<\/li>\n<li>Ten en cuenta las fechas l\u00edmite para reclamar tu premio: Aseg\u00farate de reclamar tu premio dentro del plazo especificado, ya que cada juego tiene una fecha l\u00edmite.<\/li>\n<\/ul>\n<p><strong>\u00a1Obt\u00e9n los \u00faltimos resultados de la Loter\u00eda de Nueva York al instante!<\/strong><\/p>\n<p>Ahora que sabes la respuesta a la pregunta: \u00bfD\u00f3nde puedo ver los resultados de la Loter\u00eda de Nueva York de hoy?, aseg\u00farate de revisar tus boletos con frecuencia. Mantenerte informado sobre los \u00faltimos sorteos aumenta tus posibilidades de ganar, ya sea que juegues casualmente o por un bote. \u00a1Recibe las \u00faltimas actualizaciones de JackpotLottery y aumenta tus posibilidades de ganar! Les deseamos todo lo mejor.<\/p>\n","protected":false},"excerpt":{"rendered":"<p>La Loter\u00eda de Nueva York siempre entusiasma a la gente, esperando ver el \u00faltimo sorteo. Si necesita los n\u00fameros de la Loter\u00eda de Nueva York de hoy, est\u00e1 en el lugar correcto. Consultar sus n\u00fameros de la Loter\u00eda de Nueva York es r\u00e1pido y sencillo: solo unos clics. \u00bfD\u00f3nde puedo ver los resultados de la [&hellip;]<\/p>\n","protected":false},"author":7,"featured_media":0,"parent":35856,"menu_order":0,"comment_status":"closed","ping_status":"closed","template":"","meta":{"_et_pb_use_builder":"","_et_pb_old_content":"","_et_gb_content_width":"","exclude_from_search":false,"footnotes":""},"class_list":["post-77713","page","type-page","status-publish","hentry"],"yoast_head":"<!-- This site is optimized with the Yoast SEO plugin v23.3 - https:\/\/yoast.com\/wordpress\/plugins\/seo\/ -->\n<title>\u00bfD\u00f3nde puedo ver los resultados de la Loter\u00eda de Nueva York de hoy?<\/title>\n<meta name=\"description\" content=\"\u00bfD\u00f3nde puedo ver los resultados de la Loter\u00eda de Nueva York de hoy? Descubra d\u00f3nde consultar los \u00faltimos n\u00fameros ganadores al instante y mant\u00e9ngase informado.\" \/>\n<meta name=\"robots\" content=\"index, follow, max-snippet:-1, max-image-preview:large, max-video-preview:-1\" \/>\n<link rel=\"canonical\" href=\"https:\/\/jackpotlotteryonline.com\/find-out-todays-results-for-new-york-lottery-2\/\" \/>\n<meta property=\"og:locale\" content=\"es_ES\" \/>\n<meta property=\"og:type\" content=\"article\" \/>\n<meta property=\"og:title\" content=\"\u00bfD\u00f3nde puedo ver los resultados de la Loter\u00eda de Nueva York de hoy?\" \/>\n<meta property=\"og:description\" content=\"\u00bfD\u00f3nde puedo ver los resultados de la Loter\u00eda de Nueva York de hoy? Descubra d\u00f3nde consultar los \u00faltimos n\u00fameros ganadores al instante y mant\u00e9ngase informado.\" \/>\n<meta property=\"og:url\" content=\"https:\/\/jackpotlotteryonline.com\/find-out-todays-results-for-new-york-lottery-2\/\" \/>\n<meta property=\"og:site_name\" content=\"Lotto Online - Crack The International Lottery Jackpots\" \/>\n<meta property=\"og:image\" content=\"https:\/\/jackpotlotteryonline.com\/wp-content\/uploads\/2023\/09\/8.png\" \/>\n<meta name=\"twitter:card\" content=\"summary_large_image\" \/>\n<!-- \/ Yoast SEO plugin. -->","yoast_head_json":{"title":"\u00bfD\u00f3nde puedo ver los resultados de la Loter\u00eda de Nueva York de hoy?","description":"\u00bfD\u00f3nde puedo ver los resultados de la Loter\u00eda de Nueva York de hoy? Descubra d\u00f3nde consultar los \u00faltimos n\u00fameros ganadores al instante y mant\u00e9ngase informado.","robots":{"index":"index","follow":"follow","max-snippet":"max-snippet:-1","max-image-preview":"max-image-preview:large","max-video-preview":"max-video-preview:-1"},"canonical":"https:\/\/jackpotlotteryonline.com\/find-out-todays-results-for-new-york-lottery-2\/","og_locale":"es_ES","og_type":"article","og_title":"\u00bfD\u00f3nde puedo ver los resultados de la Loter\u00eda de Nueva York de hoy?","og_description":"\u00bfD\u00f3nde puedo ver los resultados de la Loter\u00eda de Nueva York de hoy? Descubra d\u00f3nde consultar los \u00faltimos n\u00fameros ganadores al instante y mant\u00e9ngase informado.","og_url":"https:\/\/jackpotlotteryonline.com\/find-out-todays-results-for-new-york-lottery-2\/","og_site_name":"Lotto Online - Crack The International Lottery Jackpots","og_image":[{"url":"https:\/\/jackpotlotteryonline.com\/wp-content\/uploads\/2023\/09\/8.png"}],"twitter_card":"summary_large_image","schema":{"@context":"https:\/\/schema.org","@graph":[{"@type":"WebPage","@id":"https:\/\/jackpotlotteryonline.com\/find-out-todays-results-for-new-york-lottery-2\/","url":"https:\/\/jackpotlotteryonline.com\/find-out-todays-results-for-new-york-lottery-2\/","name":"\u00bfD\u00f3nde puedo ver los resultados de la Loter\u00eda de Nueva York de hoy?","isPartOf":{"@id":"https:\/\/jackpotlotteryonline.com\/#website"},"primaryImageOfPage":{"@id":"https:\/\/jackpotlotteryonline.com\/find-out-todays-results-for-new-york-lottery-2\/#primaryimage"},"image":{"@id":"https:\/\/jackpotlotteryonline.com\/find-out-todays-results-for-new-york-lottery-2\/#primaryimage"},"thumbnailUrl":"https:\/\/jackpotlotteryonline.com\/wp-content\/uploads\/2023\/09\/8.png","datePublished":"2025-03-22T08:09:33+00:00","dateModified":"2025-03-22T08:09:33+00:00","description":"\u00bfD\u00f3nde puedo ver los resultados de la Loter\u00eda de Nueva York de hoy? Descubra d\u00f3nde consultar los \u00faltimos n\u00fameros ganadores al instante y mant\u00e9ngase informado.","breadcrumb":{"@id":"https:\/\/jackpotlotteryonline.com\/find-out-todays-results-for-new-york-lottery-2\/#breadcrumb"},"inLanguage":"es","potentialAction":[{"@type":"ReadAction","target":["https:\/\/jackpotlotteryonline.com\/find-out-todays-results-for-new-york-lottery-2\/"]}]},{"@type":"ImageObject","inLanguage":"es","@id":"https:\/\/jackpotlotteryonline.com\/find-out-todays-results-for-new-york-lottery-2\/#primaryimage","url":"https:\/\/jackpotlotteryonline.com\/wp-content\/uploads\/2023\/09\/8.png","contentUrl":"https:\/\/jackpotlotteryonline.com\/wp-content\/uploads\/2023\/09\/8.png"},{"@type":"BreadcrumbList","@id":"https:\/\/jackpotlotteryonline.com\/find-out-todays-results-for-new-york-lottery-2\/#breadcrumb","itemListElement":[{"@type":"ListItem","position":1,"name":"Home","item":"https:\/\/jackpotlotteryonline.com\/es\/"},{"@type":"ListItem","position":2,"name":"Descubra los resultados de la Loter\u00eda de Nueva York de hoy"}]},{"@type":"WebSite","@id":"https:\/\/jackpotlotteryonline.com\/#website","url":"https:\/\/jackpotlotteryonline.com\/","name":"Lotto Online - Crack The International Lottery Jackpots","description":"","potentialAction":[{"@type":"SearchAction","target":{"@type":"EntryPoint","urlTemplate":"https:\/\/jackpotlotteryonline.com\/?s={search_term_string}"},"query-input":"required name=search_term_string"}],"inLanguage":"es"}]}},"_links":{"self":[{"href":"https:\/\/jackpotlotteryonline.com\/es\/wp-json\/wp\/v2\/pages\/77713","targetHints":{"allow":["GET"]}}],"collection":[{"href":"https:\/\/jackpotlotteryonline.com\/es\/wp-json\/wp\/v2\/pages"}],"about":[{"href":"https:\/\/jackpotlotteryonline.com\/es\/wp-json\/wp\/v2\/types\/page"}],"author":[{"embeddable":true,"href":"https:\/\/jackpotlotteryonline.com\/es\/wp-json\/wp\/v2\/users\/7"}],"replies":[{"embeddable":true,"href":"https:\/\/jackpotlotteryonline.com\/es\/wp-json\/wp\/v2\/comments?post=77713"}],"version-history":[{"count":1,"href":"https:\/\/jackpotlotteryonline.com\/es\/wp-json\/wp\/v2\/pages\/77713\/revisions"}],"predecessor-version":[{"id":77714,"href":"https:\/\/jackpotlotteryonline.com\/es\/wp-json\/wp\/v2\/pages\/77713\/revisions\/77714"}],"up":[{"embeddable":true,"href":"https:\/\/jackpotlotteryonline.com\/es\/wp-json\/wp\/v2\/pages\/35856"}],"wp:attachment":[{"href":"https:\/\/jackpotlotteryonline.com\/es\/wp-json\/wp\/v2\/media?parent=77713"}],"curies":[{"name":"wp","href":"https:\/\/api.w.org\/{rel}","templated":true}]}}