{"id":77786,"date":"2025-03-22T09:33:25","date_gmt":"2025-03-22T09:33:25","guid":{"rendered":"https:\/\/jackpotlotteryonline.com\/?page_id=77786"},"modified":"2025-03-22T09:33:25","modified_gmt":"2025-03-22T09:33:25","slug":"descubre-como-jugar-a-la-loteria-de-nueva-york-desde-fuera-de-ee-uu","status":"publish","type":"page","link":"https:\/\/jackpotlotteryonline.com\/es\/descubre-como-jugar-a-la-loteria-de-nueva-york-desde-fuera-de-ee-uu\/","title":{"rendered":"Descubre c\u00f3mo jugar a la Loter\u00eda de Nueva York desde fuera de EE. UU."},"content":{"rendered":"<p>\u00bfQuieres jugar a la Loter\u00eda de Nueva York aunque est\u00e9s al otro lado del mundo? Los botes de Nueva York son enormes. No son ninguna broma. Gente de todo el mundo sue\u00f1a con ganar. Imag\u00ednate: la Loter\u00eda de Nueva York, \u00bfverdad? Grandes premios, premios que te cambian la vida. Pero no est\u00e1s precisamente en Times Square. \u00a1Sin problema! Gracias a Jackpotlotteryonline, donde puedes comprar billetes de la Loter\u00eda de Nueva York fuera de EE. UU., puedes empezar a jugar desde cualquier lugar. \u00bfSe puede jugar a la Loter\u00eda de Nueva York desde fuera de EE. UU.?<img loading=\"lazy\" decoding=\"async\" class=\" wp-image-28535 alignright\" src=\"http:\/\/jackpotlotteryonline.com\/wp-content\/uploads\/2022\/11\/1_online_lottery_success-300x213.jpg\" alt=\"C\u00f3mo jugar a la Loter\u00eda de Nueva York desde fuera de EE. UU.\" width=\"220\" height=\"156\" srcset=\"https:\/\/jackpotlotteryonline.com\/wp-content\/uploads\/2022\/11\/1_online_lottery_success-300x213.jpg 300w, https:\/\/jackpotlotteryonline.com\/wp-content\/uploads\/2022\/11\/1_online_lottery_success.jpg 320w\" sizes=\"auto, (max-width: 220px) 100vw, 220px\" \/><\/h2>\n<p>S\u00ed, y no necesitas estar en Nueva York, ni siquiera en EE. UU. Nuestra plataforma te permite comprar billetes y unirte a la diversi\u00f3n, como quien compra un billete en la tienda de la esquina. Tienes las mismas posibilidades de ganar el premio gordo. C\u00f3mo jugar a la Loter\u00eda de Nueva York desde fuera de Estados Unidos<br \/>\nEs s\u00faper f\u00e1cil con Jackpotlotteryonline:<\/p>\n<ul>\n<li>Crea una cuenta: Reg\u00edstrate, ingresa tus datos y demuestra tu identidad. Mant\u00e9n tus boletos y dinero seguros.<\/li>\n<li>Busca la secci\u00f3n de Loter\u00eda y selecciona el juego New York Lotto.<\/li>\n<li>Elige tus n\u00fameros de la suerte: Elige seis n\u00fameros (del 1 al 59) o pulsa el bot\u00f3n de &#8220;selecci\u00f3n r\u00e1pida&#8221;.<\/li>\n<li>Compra tu boleto: Paga con lo que te funcione y te enviaremos un escaneo de tu boleto oficial.<\/li>\n<li>Espera el sorteo: Los sorteos se realizan los mi\u00e9rcoles y s\u00e1bados por la noche. Consulta los resultados en esta plataforma.<\/li>\n<\/ul>\n<h3>\u00bfPor qu\u00e9 jugar online?<\/h3>\n<ul>\n<li>F\u00e1cil: Juega desde tu sof\u00e1, sin desplazamientos.<\/li>\n<li>Entradas r\u00e1pidas: C\u00f3mpralas al instante, sin colas.<\/li>\n<li>Sin p\u00e9rdidas: Tus entradas online, en directo, seguras.<\/li>\n<li>\u00a1Ganaste!: Te lo diremos enseguida y las peque\u00f1as ganancias ir\u00e1n directamente a tu cuenta.<br \/>\nDinero seguro: Nos aseguramos de que recibas tus ganancias, sin enga\u00f1os.<\/li>\n<\/ul>\n<p><strong>Recibe tu dinero cuando ganes:<\/strong><\/p>\n<ul>\n<li>Peque\u00f1as ganancias: Lo depositaremos directamente en tu cuenta.<\/li>\n<li>Grandes ganancias: Te ayudaremos a obtenerlo, incluso en persona.<\/li>\n<li>Totalmente seguro: Mantenemos tus ganancias bajo llave.<\/li>\n<\/ul>\n<p><strong>\u00bfListo para probar suerte?<\/strong><br \/>\nJugar a la Loter\u00eda de Nueva York en todo el mundo ahora es incre\u00edblemente f\u00e1cil. Jackpotlotteryonline te trae la emoci\u00f3n de la Loter\u00eda de Nueva York, est\u00e9s donde est\u00e9s. Elegir tus n\u00fameros es facil\u00edsimo, ya sea que los elijas t\u00fa mismo o uses Quick Pick, y siempre es seguro y f\u00e1cil. Ahora que puedes jugar a la Loter\u00eda de Nueva York fuera de EE. UU., reg\u00edstrate o inicia sesi\u00f3n en nuestra plataforma si ya tienes una cuenta y \u00fanete a la diversi\u00f3n. \u00a1Qui\u00e9n sabe, quiz\u00e1s ganes a lo grande! Tu sue\u00f1o de ganar el premio gordo podr\u00eda estar a solo unos clics.<\/p>\n","protected":false},"excerpt":{"rendered":"<p>\u00bfQuieres jugar a la Loter\u00eda de Nueva York aunque est\u00e9s al otro lado del mundo? Los botes de Nueva York son enormes. No son ninguna broma. Gente de todo el mundo sue\u00f1a con ganar. Imag\u00ednate: la Loter\u00eda de Nueva York, \u00bfverdad? Grandes premios, premios que te cambian la vida. Pero no est\u00e1s precisamente en Times [&hellip;]<\/p>\n","protected":false},"author":7,"featured_media":0,"parent":0,"menu_order":0,"comment_status":"closed","ping_status":"closed","template":"","meta":{"_et_pb_use_builder":"","_et_pb_old_content":"","_et_gb_content_width":"","exclude_from_search":false,"footnotes":""},"class_list":["post-77786","page","type-page","status-publish","hentry"],"yoast_head":"<!-- This site is optimized with the Yoast SEO plugin v23.3 - https:\/\/yoast.com\/wordpress\/plugins\/seo\/ -->\n<title>C\u00f3mo jugar a la Loter\u00eda de Nueva York desde fuera de Estados Unidos<\/title>\n<meta name=\"description\" content=\"Aprende a jugar a la Loter\u00eda de Nueva York desde fuera de EE. UU. Descubre las opciones en l\u00ednea y c\u00f3mo reclamar premios desde cualquier lugar.\" \/>\n<meta name=\"robots\" content=\"index, follow, max-snippet:-1, max-image-preview:large, max-video-preview:-1\" \/>\n<link rel=\"canonical\" href=\"https:\/\/jackpotlotteryonline.com\/find-out-how-to-play-the-new-york-lottery-from-outside-the-us\/\" \/>\n<meta property=\"og:locale\" content=\"es_ES\" \/>\n<meta property=\"og:type\" content=\"article\" \/>\n<meta property=\"og:title\" content=\"C\u00f3mo jugar a la Loter\u00eda de Nueva York desde fuera de Estados Unidos\" \/>\n<meta property=\"og:description\" content=\"Aprende a jugar a la Loter\u00eda de Nueva York desde fuera de EE. UU. Descubre las opciones en l\u00ednea y c\u00f3mo reclamar premios desde cualquier lugar.\" \/>\n<meta property=\"og:url\" content=\"https:\/\/jackpotlotteryonline.com\/find-out-how-to-play-the-new-york-lottery-from-outside-the-us\/\" \/>\n<meta property=\"og:site_name\" content=\"Lotto Online - Crack The International Lottery Jackpots\" \/>\n<meta property=\"og:image\" content=\"http:\/\/jackpotlotteryonline.com\/wp-content\/uploads\/2022\/11\/1_online_lottery_success-300x213.jpg\" \/>\n<meta name=\"twitter:card\" content=\"summary_large_image\" \/>\n<!-- \/ Yoast SEO plugin. -->","yoast_head_json":{"title":"C\u00f3mo jugar a la Loter\u00eda de Nueva York desde fuera de Estados Unidos","description":"Aprende a jugar a la Loter\u00eda de Nueva York desde fuera de EE. UU. Descubre las opciones en l\u00ednea y c\u00f3mo reclamar premios desde cualquier lugar.","robots":{"index":"index","follow":"follow","max-snippet":"max-snippet:-1","max-image-preview":"max-image-preview:large","max-video-preview":"max-video-preview:-1"},"canonical":"https:\/\/jackpotlotteryonline.com\/find-out-how-to-play-the-new-york-lottery-from-outside-the-us\/","og_locale":"es_ES","og_type":"article","og_title":"C\u00f3mo jugar a la Loter\u00eda de Nueva York desde fuera de Estados Unidos","og_description":"Aprende a jugar a la Loter\u00eda de Nueva York desde fuera de EE. UU. Descubre las opciones en l\u00ednea y c\u00f3mo reclamar premios desde cualquier lugar.","og_url":"https:\/\/jackpotlotteryonline.com\/find-out-how-to-play-the-new-york-lottery-from-outside-the-us\/","og_site_name":"Lotto Online - Crack The International Lottery Jackpots","og_image":[{"url":"http:\/\/jackpotlotteryonline.com\/wp-content\/uploads\/2022\/11\/1_online_lottery_success-300x213.jpg"}],"twitter_card":"summary_large_image","schema":{"@context":"https:\/\/schema.org","@graph":[{"@type":"WebPage","@id":"https:\/\/jackpotlotteryonline.com\/find-out-how-to-play-the-new-york-lottery-from-outside-the-us\/","url":"https:\/\/jackpotlotteryonline.com\/find-out-how-to-play-the-new-york-lottery-from-outside-the-us\/","name":"C\u00f3mo jugar a la Loter\u00eda de Nueva York desde fuera de Estados Unidos","isPartOf":{"@id":"https:\/\/jackpotlotteryonline.com\/#website"},"primaryImageOfPage":{"@id":"https:\/\/jackpotlotteryonline.com\/find-out-how-to-play-the-new-york-lottery-from-outside-the-us\/#primaryimage"},"image":{"@id":"https:\/\/jackpotlotteryonline.com\/find-out-how-to-play-the-new-york-lottery-from-outside-the-us\/#primaryimage"},"thumbnailUrl":"http:\/\/jackpotlotteryonline.com\/wp-content\/uploads\/2022\/11\/1_online_lottery_success-300x213.jpg","datePublished":"2025-03-22T09:33:25+00:00","dateModified":"2025-03-22T09:33:25+00:00","description":"Aprende a jugar a la Loter\u00eda de Nueva York desde fuera de EE. UU. Descubre las opciones en l\u00ednea y c\u00f3mo reclamar premios desde cualquier lugar.","breadcrumb":{"@id":"https:\/\/jackpotlotteryonline.com\/find-out-how-to-play-the-new-york-lottery-from-outside-the-us\/#breadcrumb"},"inLanguage":"es","potentialAction":[{"@type":"ReadAction","target":["https:\/\/jackpotlotteryonline.com\/find-out-how-to-play-the-new-york-lottery-from-outside-the-us\/"]}]},{"@type":"ImageObject","inLanguage":"es","@id":"https:\/\/jackpotlotteryonline.com\/find-out-how-to-play-the-new-york-lottery-from-outside-the-us\/#primaryimage","url":"http:\/\/jackpotlotteryonline.com\/wp-content\/uploads\/2022\/11\/1_online_lottery_success-300x213.jpg","contentUrl":"http:\/\/jackpotlotteryonline.com\/wp-content\/uploads\/2022\/11\/1_online_lottery_success-300x213.jpg"},{"@type":"BreadcrumbList","@id":"https:\/\/jackpotlotteryonline.com\/find-out-how-to-play-the-new-york-lottery-from-outside-the-us\/#breadcrumb","itemListElement":[{"@type":"ListItem","position":1,"name":"Home","item":"https:\/\/jackpotlotteryonline.com\/es\/"},{"@type":"ListItem","position":2,"name":"Descubre c\u00f3mo jugar a la Loter\u00eda de Nueva York desde fuera de EE. UU."}]},{"@type":"WebSite","@id":"https:\/\/jackpotlotteryonline.com\/#website","url":"https:\/\/jackpotlotteryonline.com\/","name":"Lotto Online - Crack The International Lottery Jackpots","description":"","potentialAction":[{"@type":"SearchAction","target":{"@type":"EntryPoint","urlTemplate":"https:\/\/jackpotlotteryonline.com\/?s={search_term_string}"},"query-input":"required name=search_term_string"}],"inLanguage":"es"}]}},"_links":{"self":[{"href":"https:\/\/jackpotlotteryonline.com\/es\/wp-json\/wp\/v2\/pages\/77786","targetHints":{"allow":["GET"]}}],"collection":[{"href":"https:\/\/jackpotlotteryonline.com\/es\/wp-json\/wp\/v2\/pages"}],"about":[{"href":"https:\/\/jackpotlotteryonline.com\/es\/wp-json\/wp\/v2\/types\/page"}],"author":[{"embeddable":true,"href":"https:\/\/jackpotlotteryonline.com\/es\/wp-json\/wp\/v2\/users\/7"}],"replies":[{"embeddable":true,"href":"https:\/\/jackpotlotteryonline.com\/es\/wp-json\/wp\/v2\/comments?post=77786"}],"version-history":[{"count":1,"href":"https:\/\/jackpotlotteryonline.com\/es\/wp-json\/wp\/v2\/pages\/77786\/revisions"}],"predecessor-version":[{"id":77787,"href":"https:\/\/jackpotlotteryonline.com\/es\/wp-json\/wp\/v2\/pages\/77786\/revisions\/77787"}],"wp:attachment":[{"href":"https:\/\/jackpotlotteryonline.com\/es\/wp-json\/wp\/v2\/media?parent=77786"}],"curies":[{"name":"wp","href":"https:\/\/api.w.org\/{rel}","templated":true}]}}