{"id":25885,"date":"2022-11-01T08:09:46","date_gmt":"2022-11-01T08:09:46","guid":{"rendered":"https:\/\/jackpotlotteryonline.com\/?page_id=25885"},"modified":"2023-01-06T11:16:16","modified_gmt":"2023-01-06T11:16:16","slug":"home","status":"publish","type":"page","link":"https:\/\/jackpotlotteryonline.com\/et\/","title":{"rendered":"Home"},"content":{"rendered":"<h2><span style=\"font-size: 16px;\">M\u00e4ngi loto internetis ja paranda oma v\u00f5imalusi<\/span><\/h2>\n<p>Me n\u00e4itame sulle, kuidas h\u00f5lpsasti <a href=\"https:\/\/jackpotlotteryonline.com\/et\/kuidas-mangida\"><strong>loto internetis m\u00e4ngida<\/strong><\/a> &#8211; K\u00d5IKIDE nende tohutute jackpotide jaoks, loteriide jaoks mitte ainult sinu kodumaal, vaid k\u00f5ikjal maailmas. Teie riigi loteriis ei ole atraktiivseid loteriisid? See pole enam probleem, mine lihtsalt t\u00f5eliselt suurte auhindade peale. \u00c4ra raiska oma raha v\u00e4ikeste auhindade peale &#8211; seal on loteriid, kus on tohutute jackpotidega.<\/p>\n<p><strong>Vaadake meie veebisaidi b\u00e4nneritest, et n\u00e4ha suurimaid jackpot&#8217;e, mille nimel saate hetkel m\u00e4ngida.<\/strong><br \/>\n<img loading=\"lazy\" decoding=\"async\" class=\"size-full wp-image-18302 alignright\" src=\"https:\/\/jackpotlotteryonline.com\/wp-content\/uploads\/2022\/10\/ticket_balls.jpg\" alt=\"m\u00e4ngi loto online\" width=\"297\" height=\"101\" \/><\/p>\n<p>K\u00f5ik need suured jackpoti loteriis\u00fcndmused on n\u00fc\u00fcd kergesti k\u00e4ttesaadavad, \u00fcksk\u00f5ik kus sa ka ei elaks. Kl\u00f5psake lihtsalt \u00fchel lingil, et m\u00e4ngida loto internetis ja registreeruda RedFoxLotto, kus saate osta pileti interneti kaudu iga sellise tohutu jackpoti jaoks! RedFoxLotto v\u00f5imaldab teil osta pileti igale maailma suurimale jackpotile, olenemata sellest, kus te elate. Nad ostavad teie eest usaldusv\u00e4\u00e4rselt pileti ja tagavad, et saate oma v\u00f5idud k\u00e4tte.<\/p>\n<h2>Saate juurdep\u00e4\u00e4su rahvusvahelistele loteriidele<\/h2>\n<p>Meie veebisaidil anname teile \u00fcksikasjalikku teavet k\u00f5igi maailma suurte jackpot-loteriide kohta, kuidas m\u00e4ngida internetis, kuidas maksta, kuidas saada oma v\u00f5idud ja mida te peate tegema, kui te l\u00f5hute jackpoti. Lihtsalt lugege artikleid selle kohta, kuidas osaleda ja loteriide \u00fclevaateid sellel saidil (vaadake \u00fclemist men\u00fc\u00fcd), ja saate h\u00f5lpsasti valida endale sobiva \u00fcrituse.<\/p>\n<h2>Internetis on lihtne m\u00e4ngida<\/h2>\n<p>\u00dcksk\u00f5ik, kas soovite m\u00e4ngida USA Powerball Jackpot&#8217;i, EuroMillions Jackpot&#8217;i, Hispaania El Gordo, Itaalia SuperEnaLotto v\u00f5i m\u00f5nda muud loteriid, <a href=\"https:\/\/jackpotlotteryonline.com\/et\/kuidas-osta-loteriipileteid-internetis\">saate k\u00f5ik piletid osta \u00fchest kohast<\/a> &#8211; siinsamas meie veebisaidil.<\/p>\n<p>Meie abiga ei ole te enam piiratud ainult oma riigi lottoga &#8211; n\u00fc\u00fcd on teil v\u00f5imalus m\u00e4ngida interneti kaudu online-lotot igal soovitud s\u00fcndmusel. Nii saate valida selle jackpoti, mis on hetkel k\u00f5ige suurem, suurendades seega oma v\u00f5imalusi suurele v\u00f5idule. V\u00f5i valige loto, mis loositakse v\u00e4lja j\u00e4rgmisel korral &#8211; nii ei pea te igavesti ootama, et teada saada, kas olete v\u00f5itnud! See on nii lihtne kui v\u00f5imalik, alates loterii jackpot&#8217;i valimisest kuni numbrite valimise ja maksmiseni.<\/p>\n<section class=\"layout\" style=\"border: solid 1px; width: 100%;\">\n<div class=\"img-div\" style=\"margin-top: 5px;\"><img decoding=\"async\" class=\"wp-image-17212 alignleft\" style=\"height: 45px; margin: 8px 8px 0px;\" src=\"https:\/\/jackpotlotteryonline.com\/wp-content\/uploads\/2022\/11\/read1.jpg\" alt=\"loe\" width=\"\" height=\"\" \/><\/div>\n<div style=\"padding-left: 5px;\">\n<div style=\"font-size: 1.1em;\">\n<p><strong>Kas teiste riikide loteriide m\u00e4ngimine internetis on seaduslik?<\/strong><\/p>\n<p style=\"font-size: 0.85em; margin-top: -1.5em;\">Kas on seaduslik saada loteriipiletit internetis ja kas ma tegelikult saan raha?\u00a0 <a href=\"https:\/\/jackpotlotteryonline.com\/et\/kas-teiste-riikide-loteriide-mangimine-internetis-on-seaduslik\">loe edasi<\/a><\/p>\n<\/div>\n<\/div>\n<\/section>\n<h2>Online piletiteenus<\/h2>\n<p><strong>See toimib j\u00e4rgmiselt:<\/strong> Pakume rahvusvaheliste lotopiletite kullerteenust. Te valite loterii, mida soovite m\u00e4ngida internetis, kl\u00f5psates \u00fchel \u00fclaltoodud b\u00e4nneril. Seej\u00e4rel valite oma numbrid internetis. Kui soovite, et teie loto numbrid valitakse juhusliku numbrigeneraatori abil, saate ka seda teha. Kui olete otsustanud oma numbrid, registreerige konto ja valige meetod, kuidas oma lotopileti eest maksta. Saadaval on mitu turvalist makseviisi.<\/p>\n<p>Seej\u00e4rel ostavad meie agendid teie eest pileti ja saadavad teile ostu kinnitava e-kirja. Loto pileti skaneeritud koopia ilmub teie kontole varsti p\u00e4rast ostu sooritamist.<\/p>\n<h2>Rahvusvaheliste loteriide online m\u00e4ngimise eelised<\/h2>\n<ul>\n<li>Rohkem valikuv\u00f5imalusi &#8211; selle asemel, et olla sunnitud m\u00e4ngima oma kohalikku loteriid, olenemata sellest, kui suur on praegune jackpot, saate valida mitme loterii vahel<\/li>\n<li>Parem hinna ja kvaliteedi suhe &#8211; selle asemel, et maksta n\u00e4iteks 2 eurot pileti eest, millega v\u00f5ib v\u00f5ita 1 miljon eurot, saate m\u00e4ngida 100 miljoni euro suurusele v\u00f5i palju suuremale Mega-Jackpotile. Isegi kui maksad selle suurema loteriipileti eest k\u00f5rgemat hinda, on matemaatiliselt parem kasutada oma raha suurema auhinna nimel m\u00e4ngides.<\/li>\n<li>Mugavus &#8211; pileti saamiseks ei pea enam kodust lahkuma. V\u00f5ite osta pileti kodust v\u00f5i kasutada loteriis m\u00e4ngimiseks oma mobiiltelefoni.<\/li>\n<li>Turvalisus &#8211; online-loto piletit ei saa kaotada, nagu f\u00fc\u00fcsilist lotopiletit. Teie loteriipiletid on turvaliselt salvestatud teie veebikontole.<\/li>\n<\/ul>\n<h2>Millal toimuvad k\u00f5igi nende loteriide loosimised?<\/h2>\n<p>Vaadake allolevat pilti. See n\u00e4itab teile \u00fclevaadet suuremate loteriide loosimiste n\u00e4dalap\u00e4evadest.<\/p>\n<h2>Mis siis, kui sa v\u00f5idad loteriiauhinna?<\/h2>\n<p><img loading=\"lazy\" decoding=\"async\" class=\"wp-image-17843 aligncenter\" src=\"https:\/\/jackpotlotteryonline.com\/wp-content\/uploads\/2022\/10\/Lotto-draw-calendar-UTC-300x50.jpg\" alt=\"loterii loosimise ajad\" width=\"684\" height=\"114\" srcset=\"https:\/\/jackpotlotteryonline.com\/wp-content\/uploads\/2022\/10\/Lotto-draw-calendar-UTC-300x50.jpg 300w, https:\/\/jackpotlotteryonline.com\/wp-content\/uploads\/2022\/10\/Lotto-draw-calendar-UTC-600x101.jpg 600w, https:\/\/jackpotlotteryonline.com\/wp-content\/uploads\/2022\/10\/Lotto-draw-calendar-UTC-1024x172.jpg 1024w, https:\/\/jackpotlotteryonline.com\/wp-content\/uploads\/2022\/10\/Lotto-draw-calendar-UTC-768x129.jpg 768w, https:\/\/jackpotlotteryonline.com\/wp-content\/uploads\/2022\/10\/Lotto-draw-calendar-UTC.jpg 1287w\" sizes=\"auto, (max-width: 684px) 100vw, 684px\" \/><\/p>\n<p>Kui sa v\u00f5idad, saadame sulle e-kirja teel teate oma v\u00f5idu kohta. Sa ei saa kunagi j\u00e4\u00e4da ilma v\u00f5idust v\u00f5i kaotada oma piletit. Me t\u00f6\u00f6tleme teie n\u00f5ude, edastades teie v\u00e4ljamaksetaotluse loteriifirmale, kes v\u00e4ljastab teile seej\u00e4rel t\u0161eki v\u00f5i kannab v\u00f5idu teie pangakontole. Kui v\u00f5idate suure jackpoti, v\u00f5ib teil m\u00f5nel juhul olla vaja isiklikult loteriikeskusesse kohale ilmuda. Pole probleem, eks ole?<\/p>\n<p>V\u00e4iksemad v\u00f5idud kuni 2500 eurot lisatakse kohe teie m\u00e4ngijakontole ja te saate need kas v\u00e4lja maksta v\u00f5i kasutada raha uute lotopiletite ostmiseks.<\/p>\n<p><strong>Nii see toimib. Kas oled valmis suurelt v\u00f5itma? Hangi oma piletid juba t\u00e4na!<\/strong><\/p>\n","protected":false},"excerpt":{"rendered":"<p>M\u00e4ngi loto internetis ja paranda oma v\u00f5imalusi Me n\u00e4itame sulle, kuidas h\u00f5lpsasti loto internetis m\u00e4ngida &#8211; K\u00d5IKIDE nende tohutute jackpotide jaoks, loteriide jaoks mitte ainult sinu kodumaal, vaid k\u00f5ikjal maailmas. Teie riigi loteriis ei ole atraktiivseid loteriisid? See pole enam probleem, mine lihtsalt t\u00f5eliselt suurte auhindade peale. \u00c4ra raiska oma raha v\u00e4ikeste auhindade peale &#8211; [&hellip;]<\/p>\n","protected":false},"author":1,"featured_media":0,"parent":0,"menu_order":1,"comment_status":"closed","ping_status":"closed","template":"lotto.php","meta":{"_et_pb_use_builder":"","_et_pb_old_content":"","_et_gb_content_width":"","exclude_from_search":false,"footnotes":""},"class_list":["post-25885","page","type-page","status-publish","hentry"],"yoast_head":"<!-- This site is optimized with the Yoast SEO plugin v23.3 - https:\/\/yoast.com\/wordpress\/plugins\/seo\/ -->\n<title>M\u00e4ngi loto online - kr\u00f5bistage rahvusvahelisi loteriijahti!<\/title>\n<meta name=\"description\" content=\"V\u00f5ta oma pilet loteriide jackpotid kogu maailmas - m\u00e4ngi neid k\u00f5iki internetis ja v\u00f5ida miljonid\" \/>\n<meta name=\"robots\" content=\"index, follow, max-snippet:-1, max-image-preview:large, max-video-preview:-1\" \/>\n<link rel=\"canonical\" href=\"https:\/\/jackpotlotteryonline.com\/et\/\" \/>\n<meta property=\"og:locale\" content=\"et_EE\" \/>\n<meta property=\"og:type\" content=\"article\" \/>\n<meta property=\"og:title\" content=\"M\u00e4ngi loto online - kr\u00f5bistage rahvusvahelisi loteriijahti!\" \/>\n<meta property=\"og:description\" content=\"V\u00f5ta oma pilet loteriide jackpotid kogu maailmas - m\u00e4ngi neid k\u00f5iki internetis ja v\u00f5ida miljonid\" \/>\n<meta property=\"og:url\" content=\"https:\/\/jackpotlotteryonline.com\/et\/\" \/>\n<meta property=\"og:site_name\" content=\"Lotto Online - Crack The International Lottery Jackpots\" \/>\n<meta property=\"article:modified_time\" content=\"2023-01-06T11:16:16+00:00\" \/>\n<meta property=\"og:image\" content=\"https:\/\/jackpotlotteryonline.com\/wp-content\/uploads\/2022\/10\/ticket_balls.jpg\" \/>\n<meta name=\"twitter:card\" content=\"summary_large_image\" \/>\n<meta name=\"twitter:label1\" content=\"Est. reading time\" \/>\n\t<meta name=\"twitter:data1\" content=\"4 minutit\" \/>\n<!-- \/ Yoast SEO plugin. -->","yoast_head_json":{"title":"M\u00e4ngi loto online - kr\u00f5bistage rahvusvahelisi loteriijahti!","description":"V\u00f5ta oma pilet loteriide jackpotid kogu maailmas - m\u00e4ngi neid k\u00f5iki internetis ja v\u00f5ida miljonid","robots":{"index":"index","follow":"follow","max-snippet":"max-snippet:-1","max-image-preview":"max-image-preview:large","max-video-preview":"max-video-preview:-1"},"canonical":"https:\/\/jackpotlotteryonline.com\/et\/","og_locale":"et_EE","og_type":"article","og_title":"M\u00e4ngi loto online - kr\u00f5bistage rahvusvahelisi loteriijahti!","og_description":"V\u00f5ta oma pilet loteriide jackpotid kogu maailmas - m\u00e4ngi neid k\u00f5iki internetis ja v\u00f5ida miljonid","og_url":"https:\/\/jackpotlotteryonline.com\/et\/","og_site_name":"Lotto Online - Crack The International Lottery Jackpots","article_modified_time":"2023-01-06T11:16:16+00:00","og_image":[{"url":"https:\/\/jackpotlotteryonline.com\/wp-content\/uploads\/2022\/10\/ticket_balls.jpg"}],"twitter_card":"summary_large_image","twitter_misc":{"Est. reading time":"4 minutit"},"schema":{"@context":"https:\/\/schema.org","@graph":[{"@type":"WebPage","@id":"https:\/\/jackpotlotteryonline.com\/et\/","url":"https:\/\/jackpotlotteryonline.com\/et\/","name":"M\u00e4ngi loto online - kr\u00f5bistage rahvusvahelisi loteriijahti!","isPartOf":{"@id":"https:\/\/jackpotlotteryonline.com\/#website"},"primaryImageOfPage":{"@id":"https:\/\/jackpotlotteryonline.com\/et\/#primaryimage"},"image":{"@id":"https:\/\/jackpotlotteryonline.com\/et\/#primaryimage"},"thumbnailUrl":"https:\/\/jackpotlotteryonline.com\/wp-content\/uploads\/2022\/10\/ticket_balls.jpg","datePublished":"2022-11-01T08:09:46+00:00","dateModified":"2023-01-06T11:16:16+00:00","description":"V\u00f5ta oma pilet loteriide jackpotid kogu maailmas - m\u00e4ngi neid k\u00f5iki internetis ja v\u00f5ida miljonid","breadcrumb":{"@id":"https:\/\/jackpotlotteryonline.com\/et\/#breadcrumb"},"inLanguage":"et","potentialAction":[{"@type":"ReadAction","target":["https:\/\/jackpotlotteryonline.com\/et\/"]}]},{"@type":"ImageObject","inLanguage":"et","@id":"https:\/\/jackpotlotteryonline.com\/et\/#primaryimage","url":"https:\/\/jackpotlotteryonline.com\/wp-content\/uploads\/2022\/10\/ticket_balls.jpg","contentUrl":"https:\/\/jackpotlotteryonline.com\/wp-content\/uploads\/2022\/10\/ticket_balls.jpg"},{"@type":"BreadcrumbList","@id":"https:\/\/jackpotlotteryonline.com\/et\/#breadcrumb","itemListElement":[{"@type":"ListItem","position":1,"name":"Home","item":"https:\/\/jackpotlotteryonline.com\/et\/"},{"@type":"ListItem","position":2,"name":"Home"}]},{"@type":"WebSite","@id":"https:\/\/jackpotlotteryonline.com\/#website","url":"https:\/\/jackpotlotteryonline.com\/","name":"Lotto Online - Crack The International Lottery Jackpots","description":"","potentialAction":[{"@type":"SearchAction","target":{"@type":"EntryPoint","urlTemplate":"https:\/\/jackpotlotteryonline.com\/?s={search_term_string}"},"query-input":"required name=search_term_string"}],"inLanguage":"et"}]}},"_links":{"self":[{"href":"https:\/\/jackpotlotteryonline.com\/et\/wp-json\/wp\/v2\/pages\/25885","targetHints":{"allow":["GET"]}}],"collection":[{"href":"https:\/\/jackpotlotteryonline.com\/et\/wp-json\/wp\/v2\/pages"}],"about":[{"href":"https:\/\/jackpotlotteryonline.com\/et\/wp-json\/wp\/v2\/types\/page"}],"author":[{"embeddable":true,"href":"https:\/\/jackpotlotteryonline.com\/et\/wp-json\/wp\/v2\/users\/1"}],"replies":[{"embeddable":true,"href":"https:\/\/jackpotlotteryonline.com\/et\/wp-json\/wp\/v2\/comments?post=25885"}],"version-history":[{"count":0,"href":"https:\/\/jackpotlotteryonline.com\/et\/wp-json\/wp\/v2\/pages\/25885\/revisions"}],"wp:attachment":[{"href":"https:\/\/jackpotlotteryonline.com\/et\/wp-json\/wp\/v2\/media?parent=25885"}],"curies":[{"name":"wp","href":"https:\/\/api.w.org\/{rel}","templated":true}]}}