{"id":35684,"date":"2022-11-01T10:23:20","date_gmt":"2022-11-01T10:23:20","guid":{"rendered":"https:\/\/jackpotlotteryonline.com\/?page_id=35684"},"modified":"2022-12-19T06:50:22","modified_gmt":"2022-12-19T06:50:22","slug":"kuidas-mangida","status":"publish","type":"page","link":"https:\/\/jackpotlotteryonline.com\/et\/kuidas-mangida\/","title":{"rendered":"Kuidas m\u00e4ngida"},"content":{"rendered":"<h2>Online loteriis\u00fcndmused ja -m\u00e4ngud<\/h2>\n<p>Kas sa tahad olla v\u00f5imalus saada miljon\u00e4riks? Kui jah, siis liitu miljonite inimestega \u00fcle maailma ja hakka internetis loteriid m\u00e4ngima. S\u00f5ltumata sellest, kus te asute, olgu see siis Ameerika \u00dchendriikides, \u00dchendkuningriigis, Austraalias v\u00f5i Uus-Meremaal, on internetis m\u00e4ngitavaid rahvusvahelisi loto m\u00e4nge, mille hulgast saate valida, ja k\u00f5igil neist on suured jackpotid, et teil oleks v\u00f5imalus v\u00f5ita.<br \/>\n<img loading=\"lazy\" decoding=\"async\" class=\"size-full wp-image-17816 alignright\" src=\"http:\/\/jackpotlotteryonline.com\/wp-content\/uploads\/2022\/10\/lotteryticket.jpg\" alt=\"m\u00e4ngida loteriid internetis\" width=\"212\" height=\"142\" \/><\/p>\n<p>Loto m\u00e4ngimise alustamine internetis on v\u00e4ga lihtne. \u00dcks esimesi asju, mida peate tegema, on k\u00fclastada meie veebisaiti ja sirvida erinevaid saadaval olevaid loteriisid. Seda saate h\u00f5lpsasti teha, valides \u00fche v\u00f5i mitu loetletud loteriid, mille hulka kuuluvad n\u00e4iteks El Gordo Lottery, \u00dchendkuningriigi riiklik loterii, Thunderball Lotto, New Yorgi loterii ja paljud teised.<\/p>\n<p>Iga loteriit\u00fc\u00fcbi raames saate teada k\u00f5ik, mida peate teadma. Seej\u00e4rel saate meie teenust kasutada <a href=\"https:\/\/jackpotlotteryonline.com\/et\/kuidas-osta-loteriipileteid-internetis\">pileti ostmiseks internetis<\/a>.<\/p>\n<p>Igast loterii kirjeldusest leiate selliseid \u00fcksikasju nagu see, milline on hetkel jackpot, mis on selle suurus p\u00e4rast v\u00f5itmist, samuti kui palju numbreid on vaja sobitada, et v\u00f5ita jackpotiauhind ja millised on muud auhinnaklassid. Samuti saate teada, kui vanad peate olema, et m\u00e4ngida iga loteriim\u00e4ngu t\u00fc\u00fcbi puhul internetis, ning millal ja mis p\u00e4evadel loosimised toimuvad.<\/p>\n<section class=\"layout\" style=\"border: solid 1px; width: 100%;\">\n<div class=\"img-div\" style=\"margin-top: 5px;\"><img decoding=\"async\" class=\"wp-image-17212 alignleft\" style=\"height: 45px; margin: 8px 8px 0px;\" src=\"http:\/\/jackpotlotteryonline.com\/wp-content\/uploads\/2022\/11\/read1.jpg\" alt=\"kuidas m\u00e4ngida\" width=\"\" height=\"\" \/><\/div>\n<div style=\"padding-left: 5px;\">\n<div style=\"font-size: 1.1em;\">\n<p><strong>M\u00f5ned nipid ja n\u00f5uanded numbrite valimiseks<\/strong><\/p>\n<p style=\"font-size: 0.85em; margin-top: -1.5em;\">Suurendage oma v\u00f5iduv\u00f5imalusi &#8211; kasutage numbrite valimiseks strateegiat<a href=\"https:\/\/jackpotlotteryonline.com\/et\/paar-trikki-ja-nippe-numbrite-valimiseks\">Loe edasi<\/a><\/p>\n<\/div>\n<\/div>\n<\/section>\n<h2>Rahvusvaheline loto<\/h2>\n<p>Et maksimeerida oma v\u00f5imalusi v\u00f5ita v\u00f5imalikult k\u00f5rge jackpot, leiate, millised on praegused jackpotid. See t\u00e4hendab, et saate strateegiliselt valida, milliseid lotom\u00e4nge internetis m\u00e4ngida, ja valida need, kus on suurimad jackpotid.<\/p>\n<p>Samuti saate m\u00e4ngida mitmeid loteriim\u00e4nge internetis. See t\u00e4hendab, et te ei pea panema piletit ainult \u00fchele loteriit\u00fc\u00fcbile, vaid v\u00f5ite soovi korral m\u00e4ngida korraga eri t\u00fc\u00fcpi loteriid. N\u00e4iteks v\u00f5ite soovi korral m\u00e4ngida korraga nii USA kui ka \u00dchendkuningriigi loteriid, mis suurendab oluliselt teie v\u00f5imalusi rahalise auhinna v\u00f5itmiseks.<br \/>\n<img loading=\"lazy\" decoding=\"async\" class=\"alignright size-full wp-image-18329\" src=\"http:\/\/jackpotlotteryonline.com\/wp-content\/uploads\/2022\/10\/ticket_numbers_pick.jpg\" alt=\"online loto pilet\" width=\"212\" height=\"142\" \/><\/p>\n<p>Lisaks sellele, et saate m\u00e4ngida rahvusvahelisi loteriim\u00e4nge internetis olenemata sellest, kus te viibite, saate kontrollida ka loteriim\u00e4ngude tulemusi. K\u00f5ik <a href=\"http:\/\/jackpotlotteryonline.com\/et\/winning-numbers\">tulemused iga loteriim\u00e4ngu<\/a> kohta, olenemata sellest, milline see on, on tulemused online reaalajas uuendatud. See t\u00e4hendab, et niipea, kui teie valitud m\u00e4ngu loterii loosimine on toimunud, on tulemused teile p\u00e4rast seda v\u00e4ga kiiresti k\u00e4ttesaadavad.<\/p>\n<p>Samuti leiate \u00fcksikasjad selle kohta, kuidas t\u00e4pselt iga loteriim\u00e4ngu internetis m\u00e4ngida. N\u00e4iteks ei saa kunagi valida liiga v\u00e4he v\u00f5i liiga palju numbreid &#8211; meie piletis\u00fcsteem n\u00e4itab teile s\u00f5numit, kui teete sellise vea, ja n\u00e4itab, kuidas seda parandada.<\/p>\n<p>Seega, isegi kui te pole kunagi varem mingi riigi loteriid m\u00e4nginud, on k\u00f5ik \u00fcksikasjad teile kergesti k\u00e4ttesaadavad, et m\u00e4ngida nagu oleksite proff!<\/p>\n","protected":false},"excerpt":{"rendered":"<p>Online loteriis\u00fcndmused ja -m\u00e4ngud Kas sa tahad olla v\u00f5imalus saada miljon\u00e4riks? Kui jah, siis liitu miljonite inimestega \u00fcle maailma ja hakka internetis loteriid m\u00e4ngima. S\u00f5ltumata sellest, kus te asute, olgu see siis Ameerika \u00dchendriikides, \u00dchendkuningriigis, Austraalias v\u00f5i Uus-Meremaal, on internetis m\u00e4ngitavaid rahvusvahelisi loto m\u00e4nge, mille hulgast saate valida, ja k\u00f5igil neist on suured jackpotid, et [&hellip;]<\/p>\n","protected":false},"author":1,"featured_media":0,"parent":0,"menu_order":2,"comment_status":"closed","ping_status":"closed","template":"Play-all.php","meta":{"_et_pb_use_builder":"","_et_pb_old_content":"","_et_gb_content_width":"","exclude_from_search":false,"footnotes":""},"class_list":["post-35684","page","type-page","status-publish","hentry"],"yoast_head":"<!-- This site is optimized with the Yoast SEO plugin v23.3 - https:\/\/yoast.com\/wordpress\/plugins\/seo\/ -->\n<title>Kas ma v\u00f5in osaleda rahvusvahelistel loterii\u00fcritustel internetis?<\/title>\n<meta name=\"description\" content=\"Te ei pea olema resident, et osaleda \u00fchegi riigi loterii jackpotides\" \/>\n<meta name=\"robots\" content=\"index, follow, max-snippet:-1, max-image-preview:large, max-video-preview:-1\" \/>\n<link rel=\"canonical\" href=\"https:\/\/jackpotlotteryonline.com\/et\/kuidas-mangida\/\" \/>\n<meta property=\"og:locale\" content=\"et_EE\" \/>\n<meta property=\"og:type\" content=\"article\" \/>\n<meta property=\"og:title\" content=\"Kas ma v\u00f5in osaleda rahvusvahelistel loterii\u00fcritustel internetis?\" \/>\n<meta property=\"og:description\" content=\"Te ei pea olema resident, et osaleda \u00fchegi riigi loterii jackpotides\" \/>\n<meta property=\"og:url\" content=\"https:\/\/jackpotlotteryonline.com\/et\/kuidas-mangida\/\" \/>\n<meta property=\"og:site_name\" content=\"Lotto Online - Crack The International Lottery Jackpots\" \/>\n<meta property=\"article:modified_time\" content=\"2022-12-19T06:50:22+00:00\" \/>\n<meta property=\"og:image\" content=\"http:\/\/jackpotlotteryonline.com\/wp-content\/uploads\/2022\/10\/lotteryticket.jpg\" \/>\n<meta name=\"twitter:card\" content=\"summary_large_image\" \/>\n<meta name=\"twitter:label1\" content=\"Est. reading time\" \/>\n\t<meta name=\"twitter:data1\" content=\"3 minutit\" \/>\n<!-- \/ Yoast SEO plugin. -->","yoast_head_json":{"title":"Kas ma v\u00f5in osaleda rahvusvahelistel loterii\u00fcritustel internetis?","description":"Te ei pea olema resident, et osaleda \u00fchegi riigi loterii jackpotides","robots":{"index":"index","follow":"follow","max-snippet":"max-snippet:-1","max-image-preview":"max-image-preview:large","max-video-preview":"max-video-preview:-1"},"canonical":"https:\/\/jackpotlotteryonline.com\/et\/kuidas-mangida\/","og_locale":"et_EE","og_type":"article","og_title":"Kas ma v\u00f5in osaleda rahvusvahelistel loterii\u00fcritustel internetis?","og_description":"Te ei pea olema resident, et osaleda \u00fchegi riigi loterii jackpotides","og_url":"https:\/\/jackpotlotteryonline.com\/et\/kuidas-mangida\/","og_site_name":"Lotto Online - Crack The International Lottery Jackpots","article_modified_time":"2022-12-19T06:50:22+00:00","og_image":[{"url":"http:\/\/jackpotlotteryonline.com\/wp-content\/uploads\/2022\/10\/lotteryticket.jpg"}],"twitter_card":"summary_large_image","twitter_misc":{"Est. reading time":"3 minutit"},"schema":{"@context":"https:\/\/schema.org","@graph":[{"@type":"WebPage","@id":"https:\/\/jackpotlotteryonline.com\/et\/kuidas-mangida\/","url":"https:\/\/jackpotlotteryonline.com\/et\/kuidas-mangida\/","name":"Kas ma v\u00f5in osaleda rahvusvahelistel loterii\u00fcritustel internetis?","isPartOf":{"@id":"https:\/\/jackpotlotteryonline.com\/#website"},"primaryImageOfPage":{"@id":"https:\/\/jackpotlotteryonline.com\/et\/kuidas-mangida\/#primaryimage"},"image":{"@id":"https:\/\/jackpotlotteryonline.com\/et\/kuidas-mangida\/#primaryimage"},"thumbnailUrl":"http:\/\/jackpotlotteryonline.com\/wp-content\/uploads\/2022\/10\/lotteryticket.jpg","datePublished":"2022-11-01T10:23:20+00:00","dateModified":"2022-12-19T06:50:22+00:00","description":"Te ei pea olema resident, et osaleda \u00fchegi riigi loterii jackpotides","breadcrumb":{"@id":"https:\/\/jackpotlotteryonline.com\/et\/kuidas-mangida\/#breadcrumb"},"inLanguage":"et","potentialAction":[{"@type":"ReadAction","target":["https:\/\/jackpotlotteryonline.com\/et\/kuidas-mangida\/"]}]},{"@type":"ImageObject","inLanguage":"et","@id":"https:\/\/jackpotlotteryonline.com\/et\/kuidas-mangida\/#primaryimage","url":"http:\/\/jackpotlotteryonline.com\/wp-content\/uploads\/2022\/10\/lotteryticket.jpg","contentUrl":"http:\/\/jackpotlotteryonline.com\/wp-content\/uploads\/2022\/10\/lotteryticket.jpg"},{"@type":"BreadcrumbList","@id":"https:\/\/jackpotlotteryonline.com\/et\/kuidas-mangida\/#breadcrumb","itemListElement":[{"@type":"ListItem","position":1,"name":"Home","item":"https:\/\/jackpotlotteryonline.com\/et\/"},{"@type":"ListItem","position":2,"name":"Kuidas m\u00e4ngida"}]},{"@type":"WebSite","@id":"https:\/\/jackpotlotteryonline.com\/#website","url":"https:\/\/jackpotlotteryonline.com\/","name":"Lotto Online - Crack The International Lottery Jackpots","description":"","potentialAction":[{"@type":"SearchAction","target":{"@type":"EntryPoint","urlTemplate":"https:\/\/jackpotlotteryonline.com\/?s={search_term_string}"},"query-input":"required name=search_term_string"}],"inLanguage":"et"}]}},"_links":{"self":[{"href":"https:\/\/jackpotlotteryonline.com\/et\/wp-json\/wp\/v2\/pages\/35684","targetHints":{"allow":["GET"]}}],"collection":[{"href":"https:\/\/jackpotlotteryonline.com\/et\/wp-json\/wp\/v2\/pages"}],"about":[{"href":"https:\/\/jackpotlotteryonline.com\/et\/wp-json\/wp\/v2\/types\/page"}],"author":[{"embeddable":true,"href":"https:\/\/jackpotlotteryonline.com\/et\/wp-json\/wp\/v2\/users\/1"}],"replies":[{"embeddable":true,"href":"https:\/\/jackpotlotteryonline.com\/et\/wp-json\/wp\/v2\/comments?post=35684"}],"version-history":[{"count":0,"href":"https:\/\/jackpotlotteryonline.com\/et\/wp-json\/wp\/v2\/pages\/35684\/revisions"}],"wp:attachment":[{"href":"https:\/\/jackpotlotteryonline.com\/et\/wp-json\/wp\/v2\/media?parent=35684"}],"curies":[{"name":"wp","href":"https:\/\/api.w.org\/{rel}","templated":true}]}}