{"id":35747,"date":"2022-11-01T12:45:46","date_gmt":"2022-11-01T12:45:46","guid":{"rendered":"https:\/\/jackpotlotteryonline.com\/?page_id=35747"},"modified":"2022-12-19T10:23:47","modified_gmt":"2022-12-19T10:23:47","slug":"kuidas-osta-loteriipileteid-internetis","status":"publish","type":"page","link":"https:\/\/jackpotlotteryonline.com\/et\/kuidas-osta-loteriipileteid-internetis\/","title":{"rendered":"Kuidas osta loteriipileteid internetis"},"content":{"rendered":"<p>Loteriipiletite ostmine internetis on n\u00fc\u00fcdseks muutunud \u00e4\u00e4rmiselt populaarseks. Loto f\u00e4nnid \u00fcle kogu maailma kasutavad meie online loteriipiletite teenust. Ja selleks on palju h\u00e4id p\u00f5hjusi.<\/p>\n<p>M\u00f5ne loteriim\u00e4ngija jaoks on see ainus v\u00f5imalus \u00fcldse loteriipileteid osta, sest nende elukohariigis ei ole loteriid saadaval. Seega otsivad nad v\u00f5imalusi, kuidas saada v\u00f5imalus v\u00f5ita suuri summasid, ja selleks vaatavad nad teiste riikide loteriid. Ja meie veebisaidil on palju loteriide jackpoteid, mille hulgast valida.<\/p>\n<p>Teistel lotof\u00e4nnidel on k\u00fcll oma riigi loteriid, kuid need loteriid ei pruugi olla nende jaoks nii atraktiivsed. Sageli on nendel kohalikel loteriidel v\u00e4iksemad peaauhinnad ja jackpotid v\u00f5i m\u00e4ngitakse neid ainult kord n\u00e4dalas. Seega otsivad m\u00e4ngijad teisi, <a href=\"https:\/\/jackpotlotteryonline.com\/et\/kuidas-mangida\">tulusamate v\u00f5imaluste j\u00e4rele.<\/a><\/p>\n<h2>Teiste riikide loteriide pakutavad suuremad v\u00e4ljamaksed<\/h2>\n<p><img loading=\"lazy\" decoding=\"async\" class=\"alignright wp-image-17212\" src=\"https:\/\/jackpotlotteryonline.com\/wp-content\/uploads\/2022\/10\/1_buy_ticket_online.jpg\" alt=\"osta loterii online\" width=\"272\" height=\"204\" \/><\/p>\n<p>On \u00fcldtuntud p\u00f5him\u00f5te, et raha on m\u00f5istlikum investeerida loteriipiletisse siis, kui jackpotid on v\u00e4ga suured. L\u00f5ppude l\u00f5puks, kui ostate pileti, tahate maksimaalset v\u00e4\u00e4rtust raha eest. See t\u00e4hendab, et kui pileti hind on sama, annab potentsiaalselt suurem auhind teile parema hinna ja kvaliteedi suhte.<\/p>\n<p>Kuid isegi kui teie soovitud loterii internetipilet oleks kaks korda kallim kui kohaliku loterii pilet, oleks enamasti ikkagi m\u00f5istlik osta kallim internetipilet. Kui v\u00f5imalik jackpot on rohkem kui kaks korda suurem kui teie kohalik jackpot, siis on teie matemaatilised v\u00f5iduv\u00f5imalused suuremad selle loterii puhul, mille jaoks te peate ostma internetipileti.<\/p>\n<h2>Kusagil maailmas on alati suur jackpot olemas<\/h2>\n<p>Ja see on peamine p\u00f5hjus, miks osta loteriipileteid internetist. Kuna nii paljud loteriid on teile online-piletite teenuse kaudu k\u00e4ttesaadavad, leiate alati suure jackpoti, mis on v\u00e4\u00e4rt investeeringut. Tegelikult j\u00e4rgib suur osa meie klientidest lihtsat strateegiat: \u00dcksk\u00f5ik, millise loterii puhul on hetkel suurim jackpot, on see loterii, mille pileti nad ostavad. See on t\u00e4iesti m\u00f5istlik, eks?<\/p>\n<section class=\"layout\" style=\"border: solid 1px; width: 100%;\">\n<div class=\"img-div\" style=\"margin-top: 5px;\"><img decoding=\"async\" class=\"wp-image-17212 alignleft\" style=\"height: 45px; margin: 8px 8px 0px;\" src=\"https:\/\/jackpotlotteryonline.com\/wp-content\/uploads\/2022\/11\/read1.jpg\" alt=\"ettevaatust kelmuste loteriide suhtes\" width=\"\" height=\"\" \/><\/div>\n<div style=\"padding-left: 5px;\">\n<div style=\"font-size: 1.1em;\">\n<p><strong>Loteriipettused, millest peaksite teadlik olema<\/strong><\/p>\n<p style=\"font-size: 0.85em; margin-top: -1.5em;\">\u00c4rge langege nendesse loterii l\u00f5ksudesse <a href=\"https:\/\/jackpotlotteryonline.com\/et\/ettevaatust-online-loterii-petuskeemid\"> loe edasi<\/a><\/p>\n<\/div>\n<\/div>\n<\/section>\n<h2>Kas on seaduslik osta pilet internetis \u00fchele neist loteriidest?<\/h2>\n<p>Jah, on. Kujutage ette, et olete USAs ja kohalikul Powerballi loteriil on suur jackpot. Te l\u00e4hete ja ostate pileti ning see pilet v\u00f5idab. Loomulikult peab loterii teile maksma, isegi kui te ei viibi<a href=\"https:\/\/jackpotlotteryonline.com\/et\/winning-numbers\"> loosimise ajal enam riigis.<\/a> Te olete seaduslikult ostnud pileti. Ei ole oluline, kas te elate v\u00f5i ei ela USAs. Ja samamoodi toimib see ka k\u00f5igi teiste \u00fclemaailmsete loteriide puhul.<\/p>\n<p>Meie veebip\u00f5hise teenuse erinevus seisneb selles, et me ostame tegeliku pileti teie eest. Te tellite selle internetis ja \u00fcks meie kohalikest agentidest ostab teie eest f\u00fc\u00fcsilise pileti. Samuti skaneerivad nad teie pileti ja see laaditakse \u00fcles teie m\u00e4ngijakontole, nii et te n\u00e4ete, et me ostsime teie eest tegeliku pileti.<br \/>\n<img loading=\"lazy\" decoding=\"async\" class=\"alignright size-medium wp-image-25854\" src=\"https:\/\/jackpotlotteryonline.com\/wp-content\/uploads\/2022\/10\/1_results_tickets_lotto-300x212.jpg\" alt=\"loteriipilet\" width=\"300\" height=\"212\" srcset=\"https:\/\/jackpotlotteryonline.com\/wp-content\/uploads\/2022\/10\/1_results_tickets_lotto-300x212.jpg 300w, https:\/\/jackpotlotteryonline.com\/wp-content\/uploads\/2022\/10\/1_results_tickets_lotto.jpg 320w\" sizes=\"auto, (max-width: 300px) 100vw, 300px\" \/><\/p>\n<p>Kui sa v\u00f5idad suure summa, on sinu otsustada, kas sa tahad minna riiki, kus loterii toimub. Kui soovite, v\u00f5ite oma pileti meilt k\u00e4tte saada ja esitada v\u00f5idupileti isiklikult loteriikomisjonile. Kuidas nad saavad teada, kes selle ostis?<\/p>\n<p>Aga tegelikult ei pea te seda nii tegema. Sest osa meie online-loto piletiteenusest on see, et me saame teie eest ka v\u00e4ljamakseid teha. Me t\u00f6\u00f6tleme teie v\u00f5idud ja loteriikomisjon saadab teile kas t\u0161eki v\u00f5i nad kannavad v\u00f5idu teie pangakontole \u00fcle.<\/p>\n<p>Ja kas teadsid, et k\u00f5ik v\u00e4iksemad v\u00f5idud (alla 2500,00 \u20ac) kantakse kohe sinu m\u00e4ngijakontole meie kodulehel? Sa ei pea nende v\u00e4iksemate v\u00f5itude saamiseks midagi tegema. Ja sa v\u00f5id igal ajal taotleda v\u00e4ljamakseid ja me maksame need raha v\u00e4lja sinu pangakontole, krediitkaardile v\u00f5i sinu kr\u00fcptoraha rahakotti (kui sul on selline olemas).<\/p>\n<h2>Muud eelised, kui ostad oma loteriipileteid internetis<\/h2>\n<p>Meie piletiteenusel on veel m\u00f5ned teised, \u00fcsna ilmselged eelised, mis on j\u00e4rgmised:<\/p>\n<ul>\n<li>Pileti ostmiseks ei ole vaja kodust lahkuda<\/li>\n<li>Ei ole j\u00e4rjekordi loteriiettev\u00f5tte v\u00f5i kaupluse juures (oluline, eriti kui jackpotid on suured!).<\/li>\n<li>Teie pilet ei saa kaduda, sest see on skaneeritud ja seda hoitakse meie turvalises hoidlas.<\/li>\n<\/ul>\n<p>Niisiis, mida sa ootad? Valige loterii ja ostke oma internetipiletid juba t\u00e4na &#8211; v\u00e4ikese \u00f5nne korral v\u00f5ite olla homne jackpoti v\u00f5itja!<\/p>\n","protected":false},"excerpt":{"rendered":"<p>Loteriipiletite ostmine internetis on n\u00fc\u00fcdseks muutunud \u00e4\u00e4rmiselt populaarseks. Loto f\u00e4nnid \u00fcle kogu maailma kasutavad meie online loteriipiletite teenust. Ja selleks on palju h\u00e4id p\u00f5hjusi. M\u00f5ne loteriim\u00e4ngija jaoks on see ainus v\u00f5imalus \u00fcldse loteriipileteid osta, sest nende elukohariigis ei ole loteriid saadaval. Seega otsivad nad v\u00f5imalusi, kuidas saada v\u00f5imalus v\u00f5ita suuri summasid, ja selleks vaatavad nad [&hellip;]<\/p>\n","protected":false},"author":1,"featured_media":0,"parent":0,"menu_order":3,"comment_status":"closed","ping_status":"closed","template":"Information.php","meta":{"_et_pb_use_builder":"","_et_pb_old_content":"","_et_gb_content_width":"","exclude_from_search":false,"footnotes":""},"class_list":["post-35747","page","type-page","status-publish","hentry"],"yoast_head":"<!-- This site is optimized with the Yoast SEO plugin v23.3 - https:\/\/yoast.com\/wordpress\/plugins\/seo\/ -->\n<title>Kuidas osta pileteid internetis \u00fclemaailmsetele loteriidele<\/title>\n<meta name=\"description\" content=\"Mida j\u00e4lgida rahvusvaheliste loteriide piletite ostmisel internetis. M\u00f5ned online piletiteenused on v\u00e4hem soovitavad, uuri v\u00e4lja, millised\" \/>\n<meta name=\"robots\" content=\"index, follow, max-snippet:-1, max-image-preview:large, max-video-preview:-1\" \/>\n<link rel=\"canonical\" href=\"https:\/\/jackpotlotteryonline.com\/et\/kuidas-osta-loteriipileteid-internetis\/\" \/>\n<meta property=\"og:locale\" content=\"et_EE\" \/>\n<meta property=\"og:type\" content=\"article\" \/>\n<meta property=\"og:title\" content=\"Kuidas osta pileteid internetis \u00fclemaailmsetele loteriidele\" \/>\n<meta property=\"og:description\" content=\"Mida j\u00e4lgida rahvusvaheliste loteriide piletite ostmisel internetis. M\u00f5ned online piletiteenused on v\u00e4hem soovitavad, uuri v\u00e4lja, millised\" \/>\n<meta property=\"og:url\" content=\"https:\/\/jackpotlotteryonline.com\/et\/kuidas-osta-loteriipileteid-internetis\/\" \/>\n<meta property=\"og:site_name\" content=\"Lotto Online - Crack The International Lottery Jackpots\" \/>\n<meta property=\"article:modified_time\" content=\"2022-12-19T10:23:47+00:00\" \/>\n<meta property=\"og:image\" content=\"https:\/\/jackpotlotteryonline.com\/wp-content\/uploads\/2022\/10\/1_buy_ticket_online.jpg\" \/>\n<meta name=\"twitter:card\" content=\"summary_large_image\" \/>\n<meta name=\"twitter:label1\" content=\"Est. reading time\" \/>\n\t<meta name=\"twitter:data1\" content=\"4 minutit\" \/>\n<!-- \/ Yoast SEO plugin. -->","yoast_head_json":{"title":"Kuidas osta pileteid internetis \u00fclemaailmsetele loteriidele","description":"Mida j\u00e4lgida rahvusvaheliste loteriide piletite ostmisel internetis. M\u00f5ned online piletiteenused on v\u00e4hem soovitavad, uuri v\u00e4lja, millised","robots":{"index":"index","follow":"follow","max-snippet":"max-snippet:-1","max-image-preview":"max-image-preview:large","max-video-preview":"max-video-preview:-1"},"canonical":"https:\/\/jackpotlotteryonline.com\/et\/kuidas-osta-loteriipileteid-internetis\/","og_locale":"et_EE","og_type":"article","og_title":"Kuidas osta pileteid internetis \u00fclemaailmsetele loteriidele","og_description":"Mida j\u00e4lgida rahvusvaheliste loteriide piletite ostmisel internetis. M\u00f5ned online piletiteenused on v\u00e4hem soovitavad, uuri v\u00e4lja, millised","og_url":"https:\/\/jackpotlotteryonline.com\/et\/kuidas-osta-loteriipileteid-internetis\/","og_site_name":"Lotto Online - Crack The International Lottery Jackpots","article_modified_time":"2022-12-19T10:23:47+00:00","og_image":[{"url":"https:\/\/jackpotlotteryonline.com\/wp-content\/uploads\/2022\/10\/1_buy_ticket_online.jpg"}],"twitter_card":"summary_large_image","twitter_misc":{"Est. reading time":"4 minutit"},"schema":{"@context":"https:\/\/schema.org","@graph":[{"@type":"WebPage","@id":"https:\/\/jackpotlotteryonline.com\/et\/kuidas-osta-loteriipileteid-internetis\/","url":"https:\/\/jackpotlotteryonline.com\/et\/kuidas-osta-loteriipileteid-internetis\/","name":"Kuidas osta pileteid internetis \u00fclemaailmsetele loteriidele","isPartOf":{"@id":"https:\/\/jackpotlotteryonline.com\/#website"},"primaryImageOfPage":{"@id":"https:\/\/jackpotlotteryonline.com\/et\/kuidas-osta-loteriipileteid-internetis\/#primaryimage"},"image":{"@id":"https:\/\/jackpotlotteryonline.com\/et\/kuidas-osta-loteriipileteid-internetis\/#primaryimage"},"thumbnailUrl":"https:\/\/jackpotlotteryonline.com\/wp-content\/uploads\/2022\/10\/1_buy_ticket_online.jpg","datePublished":"2022-11-01T12:45:46+00:00","dateModified":"2022-12-19T10:23:47+00:00","description":"Mida j\u00e4lgida rahvusvaheliste loteriide piletite ostmisel internetis. M\u00f5ned online piletiteenused on v\u00e4hem soovitavad, uuri v\u00e4lja, millised","breadcrumb":{"@id":"https:\/\/jackpotlotteryonline.com\/et\/kuidas-osta-loteriipileteid-internetis\/#breadcrumb"},"inLanguage":"et","potentialAction":[{"@type":"ReadAction","target":["https:\/\/jackpotlotteryonline.com\/et\/kuidas-osta-loteriipileteid-internetis\/"]}]},{"@type":"ImageObject","inLanguage":"et","@id":"https:\/\/jackpotlotteryonline.com\/et\/kuidas-osta-loteriipileteid-internetis\/#primaryimage","url":"https:\/\/jackpotlotteryonline.com\/wp-content\/uploads\/2022\/10\/1_buy_ticket_online.jpg","contentUrl":"https:\/\/jackpotlotteryonline.com\/wp-content\/uploads\/2022\/10\/1_buy_ticket_online.jpg"},{"@type":"BreadcrumbList","@id":"https:\/\/jackpotlotteryonline.com\/et\/kuidas-osta-loteriipileteid-internetis\/#breadcrumb","itemListElement":[{"@type":"ListItem","position":1,"name":"Home","item":"https:\/\/jackpotlotteryonline.com\/et\/"},{"@type":"ListItem","position":2,"name":"Kuidas osta loteriipileteid internetis"}]},{"@type":"WebSite","@id":"https:\/\/jackpotlotteryonline.com\/#website","url":"https:\/\/jackpotlotteryonline.com\/","name":"Lotto Online - Crack The International Lottery Jackpots","description":"","potentialAction":[{"@type":"SearchAction","target":{"@type":"EntryPoint","urlTemplate":"https:\/\/jackpotlotteryonline.com\/?s={search_term_string}"},"query-input":"required name=search_term_string"}],"inLanguage":"et"}]}},"_links":{"self":[{"href":"https:\/\/jackpotlotteryonline.com\/et\/wp-json\/wp\/v2\/pages\/35747","targetHints":{"allow":["GET"]}}],"collection":[{"href":"https:\/\/jackpotlotteryonline.com\/et\/wp-json\/wp\/v2\/pages"}],"about":[{"href":"https:\/\/jackpotlotteryonline.com\/et\/wp-json\/wp\/v2\/types\/page"}],"author":[{"embeddable":true,"href":"https:\/\/jackpotlotteryonline.com\/et\/wp-json\/wp\/v2\/users\/1"}],"replies":[{"embeddable":true,"href":"https:\/\/jackpotlotteryonline.com\/et\/wp-json\/wp\/v2\/comments?post=35747"}],"version-history":[{"count":0,"href":"https:\/\/jackpotlotteryonline.com\/et\/wp-json\/wp\/v2\/pages\/35747\/revisions"}],"wp:attachment":[{"href":"https:\/\/jackpotlotteryonline.com\/et\/wp-json\/wp\/v2\/media?parent=35747"}],"curies":[{"name":"wp","href":"https:\/\/api.w.org\/{rel}","templated":true}]}}