{"id":35822,"date":"2022-11-02T06:46:02","date_gmt":"2022-11-02T06:46:02","guid":{"rendered":"https:\/\/jackpotlotteryonline.com\/?page_id=35822"},"modified":"2022-12-26T07:45:03","modified_gmt":"2022-12-26T07:45:03","slug":"winning-numbers","status":"publish","type":"page","link":"https:\/\/jackpotlotteryonline.com\/et\/winning-numbers\/","title":{"rendered":"Loterii tulemused"},"content":{"rendered":"<h2>Loterii tulemused internetis<\/h2>\n<p>Kuna nii suur hulk loteriid on saadaval ja meil k\u00f5igil on t\u00e4nap\u00e4eval lihtne juurdep\u00e4\u00e4s internetile, eelistavad paljud inimesed kiiresti kontrollida oma loterii tulemusi internetis. Kui olete ostnud loteriipileti, siis olete kindlasti huvitatud, et teada saada, millised on selle konkreetse loosimise v\u00f5idunumbrid.<strong> N\u00fc\u00fcd saate h\u00f5lpsasti ja sekunditega kontrollida rahvusvaheliste loto jackpotide tulemusi internetis.<\/strong><\/p>\n<p>See teenus on k\u00e4ttesaadav kogu maailmas, seega ei ole t\u00e4htis, kus te olete, kas olete puhkusel, t\u00f6\u00f6reisil v\u00e4lismaal v\u00f5i lihtsalt t\u00f6\u00f6l v\u00f5i s\u00f5pradega v\u00e4ljas, te ei pea enam kohalikku ajalehte sirvima v\u00f5i paar p\u00e4eva ootama, et teada saada, kas olete jackpoti v\u00f5itja. N\u00fc\u00fcd saate lihtsalt k\u00fclastada meie veebisaiti ja valida selle loterii tulemused, millele olete panustanud, ning kiiresti teada saada, kas olete m\u00f5ne numbrile vastanud.<\/p>\n<section class=\"layout\" style=\"border: solid 1px; width: 100%;\">\n<div class=\"img-div\" style=\"margin-top: 5px;\"><img decoding=\"async\" class=\"wp-image-17212 alignleft\" style=\"height: 45px; margin: 8px 8px 0px;\" src=\"http:\/\/jackpotlotteryonline.com\/wp-content\/uploads\/2022\/11\/read1.jpg\" alt=\"loe\" width=\"\" height=\"\" \/><\/div>\n<div style=\"padding-left: 5px;\">\n<div style=\"font-size: 1.1em;\">\n<p><strong>Vaata oma loterii numbrid loositakse otse\u00fclekandes<\/strong><\/p>\n<p style=\"font-size: 0.85em; margin-top: -1.5em;\">Kuidas vaadata oma lemmikloteriide otse\u00fclekandeid <a href=\"https:\/\/jackpotlotteryonline.com\/et\/vaadata-oma-loterii-numbrid-tommatakse-live\">loe edasi<\/a><\/p>\n<\/div>\n<\/div>\n<\/section>\n<h2>Rahvusvahelised jackpoti v\u00f5itnud loto numbrid<\/h2>\n<p>Vaadake selle n\u00e4dala v\u00f5itnud loto numbreid suurima rahvusvahelise loterii jackpoti jaoks, mida uuendatakse iga p\u00e4ev meie veebisaidil. Loetleme parimad ja suurimad lotod planeedil, sealhulgas El Gordo, Euromillions, Mega Millions, Powerball, SuperEnaLotto ja paljud teised.<br \/>\n<img loading=\"lazy\" decoding=\"async\" class=\"alignright size-medium wp-image-19277\" src=\"http:\/\/jackpotlotteryonline.com\/wp-content\/uploads\/2022\/10\/2_ticket_powerball_au2-163x300.jpg\" alt=\"loteriipileti skaneerimine\" width=\"163\" height=\"300\" srcset=\"https:\/\/jackpotlotteryonline.com\/wp-content\/uploads\/2022\/10\/2_ticket_powerball_au2-163x300.jpg 163w, https:\/\/jackpotlotteryonline.com\/wp-content\/uploads\/2022\/10\/2_ticket_powerball_au2.jpg 250w\" sizes=\"auto, (max-width: 163px) 100vw, 163px\" \/><\/p>\n<p><strong>Te v\u00f5ite arvata, et enamus neist loteriidest on teile k\u00e4ttesaamatuks muutunud, kuid see ei ole t\u00f5si!<\/strong> T\u00e4nap\u00e4eval on lihtne <a href=\"https:\/\/jackpotlotteryonline.com\/et\/kuidas-osta-loteriipileteid-internetis\">osta pileteid internetis<\/a> peaaegu iga loterii jaoks. See t\u00e4hendab, et sa ei pea elama riigis, kus loterii toimub.<\/p>\n<p><strong>Selle teeb v\u00f5imalikuks meie poolt pakutav teenus.<\/strong><\/p>\n<p>Lihtsalt kl\u00f5psa m\u00f5nele \u00fclalpool olevale<a href=\"https:\/\/jackpotlotteryonline.com\/et\/kuidas-mangida\"> &#8220;M\u00e4ngi&#8221; nupule<\/a> ja sind viiakse selle konkreetse loterii numbrivaliku lehele. Valige oma numbrid, registreeruge ja makske internetis &#8211; nii lihtne on see! Saate kohe p\u00e4rast ostu sooritamist kinnituse oma isikliku pileti kohta ja veidi hiljem oma pileti skaneeringu. Me hoolitseme ka selle eest, et sulle makstakse v\u00e4lja see, mida sa v\u00f5idad. Need \u00fclemaailmsed jackpotid v\u00f5ivad sageli olla 100 korda suuremad kui teie kohalikus loteriis, nii et mida te ootate? V\u00f5ta oma valik!<\/p>\n<h2>Vaata, kas oled v\u00f5itnud &#8211; v\u00f5rdle oma piletit v\u00f5idunumbritega<\/h2>\n<p>Sa ei saa mitte ainult kontrollida loterii tulemusi internetis oma s\u00fclearvutist, lauaarvutist v\u00f5i isegi iPhone&#8217;ist kodus v\u00f5i kontoris, vaid sa saad ka nii paljude loteriide tulemusi kohe \u00fchel lehek\u00fcljel kontrollida.<\/p>\n<p>Kui iga loto loosimine on toimunud, uuendatakse iga loosimise tulemusi reaalajas. See t\u00e4hendab, et rahvusvaheliste jackpotide tulemused internetis on k\u00e4ttesaadavad v\u00f5i teile k\u00e4ttesaadavad hetkega p\u00e4rast loosimise toimumist.<br \/>\n<img loading=\"lazy\" decoding=\"async\" class=\"alignright wp-image-19599\" src=\"http:\/\/jackpotlotteryonline.com\/wp-content\/uploads\/2022\/10\/1_balls_draw_lotto_numbers-200x300.jpg\" alt=\"loteriiv\u00f5itude v\u00f5idunumbrid\" width=\"154\" height=\"231\" srcset=\"https:\/\/jackpotlotteryonline.com\/wp-content\/uploads\/2022\/10\/1_balls_draw_lotto_numbers-200x300.jpg 200w, https:\/\/jackpotlotteryonline.com\/wp-content\/uploads\/2022\/10\/1_balls_draw_lotto_numbers.jpg 320w\" sizes=\"auto, (max-width: 154px) 100vw, 154px\" \/><\/p>\n<p>Kui olete otsustanud osta lotopileti internetis, olenemata sellest, mis t\u00fc\u00fcpi loto see on, on loterii tulemuste kontrollimine internetis siin meie saidil veelgi lihtsam. Seda seet\u00f5ttu, et ajal, mil te panete oma lotopileti internetis v\u00e4lja, peate sisestama oma e-posti aadressi. Seda ei ole vaja mitte ainult selleks, et saaksite avada konto m\u00e4ngimiseks, vaid seda on vaja ka selleks, et teid v\u00f5idu korral teavitada.<\/p>\n<p>Kui loto loosimine on toimunud, teavitatakse teid automaatselt e-posti teel, kui olete leidnud m\u00f5ne numbri, millega v\u00f5ite v\u00f5ita rahalise auhinna. Lihtsalt kontrollige oma e-postkasti.<\/p>\n<p>Samuti, kui olete ostnud oma loteriipileti siit veebist, saate sisse logida oma kliendikontole ja tulemused kuvatakse v\u00f5rdlemiseks otse teie pileti k\u00f5rval. Need numbrid teie piletil, mis vastavad loosimisele, on esile t\u00f5stetud. See on nii mugav kui inimlikult v\u00f5imalik!<\/p>\n<p>T\u00e4nu nii paljudele suurtele eelistele ja praktilistele funktsioonidele, nagu n\u00e4iteks v\u00f5imalus kontrollida oma loterii tulemusi internetis kiiresti, <strong>otsustavad paljud inimesed n\u00fc\u00fcd osta lotopileteid pigem veebist kui kauplustest.<\/strong><\/p>\n","protected":false},"excerpt":{"rendered":"<p>Loterii tulemused internetis Kuna nii suur hulk loteriid on saadaval ja meil k\u00f5igil on t\u00e4nap\u00e4eval lihtne juurdep\u00e4\u00e4s internetile, eelistavad paljud inimesed kiiresti kontrollida oma loterii tulemusi internetis. Kui olete ostnud loteriipileti, siis olete kindlasti huvitatud, et teada saada, millised on selle konkreetse loosimise v\u00f5idunumbrid. N\u00fc\u00fcd saate h\u00f5lpsasti ja sekunditega kontrollida rahvusvaheliste loto jackpotide tulemusi internetis. [&hellip;]<\/p>\n","protected":false},"author":1,"featured_media":0,"parent":0,"menu_order":4,"comment_status":"closed","ping_status":"closed","template":"Results.php","meta":{"_et_pb_use_builder":"","_et_pb_old_content":"","_et_gb_content_width":"","exclude_from_search":false,"footnotes":""},"class_list":["post-35822","page","type-page","status-publish","hentry"],"yoast_head":"<!-- This site is optimized with the Yoast SEO plugin v23.3 - https:\/\/yoast.com\/wordpress\/plugins\/seo\/ -->\n<title>Rahvusvaheliste loto jackpotide v\u00f5idunumbrid ja tulemused internetis<\/title>\n<meta name=\"description\" content=\"Sellel lehel on esitatud enamiku rahvusvaheliste jackpot-loteriide tulemused ja v\u00f5idunumbrid internetis\" \/>\n<meta name=\"robots\" content=\"index, follow, max-snippet:-1, max-image-preview:large, max-video-preview:-1\" \/>\n<link rel=\"canonical\" href=\"https:\/\/jackpotlotteryonline.com\/winning-numbers\/\" \/>\n<meta property=\"og:locale\" content=\"et_EE\" \/>\n<meta property=\"og:type\" content=\"article\" \/>\n<meta property=\"og:title\" content=\"Rahvusvaheliste loto jackpotide v\u00f5idunumbrid ja tulemused internetis\" \/>\n<meta property=\"og:description\" content=\"Sellel lehel on esitatud enamiku rahvusvaheliste jackpot-loteriide tulemused ja v\u00f5idunumbrid internetis\" \/>\n<meta property=\"og:url\" content=\"https:\/\/jackpotlotteryonline.com\/winning-numbers\/\" \/>\n<meta property=\"og:site_name\" content=\"Lotto Online - Crack The International Lottery Jackpots\" \/>\n<meta property=\"article:modified_time\" content=\"2022-12-26T07:45:03+00:00\" \/>\n<meta property=\"og:image\" content=\"http:\/\/jackpotlotteryonline.com\/wp-content\/uploads\/2022\/11\/read1.jpg\" \/>\n<meta name=\"twitter:card\" content=\"summary_large_image\" \/>\n<meta name=\"twitter:label1\" content=\"Est. reading time\" \/>\n\t<meta name=\"twitter:data1\" content=\"3 minutit\" \/>\n<!-- \/ Yoast SEO plugin. -->","yoast_head_json":{"title":"Rahvusvaheliste loto jackpotide v\u00f5idunumbrid ja tulemused internetis","description":"Sellel lehel on esitatud enamiku rahvusvaheliste jackpot-loteriide tulemused ja v\u00f5idunumbrid internetis","robots":{"index":"index","follow":"follow","max-snippet":"max-snippet:-1","max-image-preview":"max-image-preview:large","max-video-preview":"max-video-preview:-1"},"canonical":"https:\/\/jackpotlotteryonline.com\/winning-numbers\/","og_locale":"et_EE","og_type":"article","og_title":"Rahvusvaheliste loto jackpotide v\u00f5idunumbrid ja tulemused internetis","og_description":"Sellel lehel on esitatud enamiku rahvusvaheliste jackpot-loteriide tulemused ja v\u00f5idunumbrid internetis","og_url":"https:\/\/jackpotlotteryonline.com\/winning-numbers\/","og_site_name":"Lotto Online - Crack The International Lottery Jackpots","article_modified_time":"2022-12-26T07:45:03+00:00","og_image":[{"url":"http:\/\/jackpotlotteryonline.com\/wp-content\/uploads\/2022\/11\/read1.jpg"}],"twitter_card":"summary_large_image","twitter_misc":{"Est. reading time":"3 minutit"},"schema":{"@context":"https:\/\/schema.org","@graph":[{"@type":"WebPage","@id":"https:\/\/jackpotlotteryonline.com\/winning-numbers\/","url":"https:\/\/jackpotlotteryonline.com\/winning-numbers\/","name":"Rahvusvaheliste loto jackpotide v\u00f5idunumbrid ja tulemused internetis","isPartOf":{"@id":"https:\/\/jackpotlotteryonline.com\/#website"},"primaryImageOfPage":{"@id":"https:\/\/jackpotlotteryonline.com\/winning-numbers\/#primaryimage"},"image":{"@id":"https:\/\/jackpotlotteryonline.com\/winning-numbers\/#primaryimage"},"thumbnailUrl":"http:\/\/jackpotlotteryonline.com\/wp-content\/uploads\/2022\/11\/read1.jpg","datePublished":"2022-11-02T06:46:02+00:00","dateModified":"2022-12-26T07:45:03+00:00","description":"Sellel lehel on esitatud enamiku rahvusvaheliste jackpot-loteriide tulemused ja v\u00f5idunumbrid internetis","breadcrumb":{"@id":"https:\/\/jackpotlotteryonline.com\/winning-numbers\/#breadcrumb"},"inLanguage":"et","potentialAction":[{"@type":"ReadAction","target":["https:\/\/jackpotlotteryonline.com\/winning-numbers\/"]}]},{"@type":"ImageObject","inLanguage":"et","@id":"https:\/\/jackpotlotteryonline.com\/winning-numbers\/#primaryimage","url":"http:\/\/jackpotlotteryonline.com\/wp-content\/uploads\/2022\/11\/read1.jpg","contentUrl":"http:\/\/jackpotlotteryonline.com\/wp-content\/uploads\/2022\/11\/read1.jpg"},{"@type":"BreadcrumbList","@id":"https:\/\/jackpotlotteryonline.com\/winning-numbers\/#breadcrumb","itemListElement":[{"@type":"ListItem","position":1,"name":"Home","item":"https:\/\/jackpotlotteryonline.com\/et\/"},{"@type":"ListItem","position":2,"name":"Loterii tulemused"}]},{"@type":"WebSite","@id":"https:\/\/jackpotlotteryonline.com\/#website","url":"https:\/\/jackpotlotteryonline.com\/","name":"Lotto Online - Crack The International Lottery Jackpots","description":"","potentialAction":[{"@type":"SearchAction","target":{"@type":"EntryPoint","urlTemplate":"https:\/\/jackpotlotteryonline.com\/?s={search_term_string}"},"query-input":"required name=search_term_string"}],"inLanguage":"et"}]}},"_links":{"self":[{"href":"https:\/\/jackpotlotteryonline.com\/et\/wp-json\/wp\/v2\/pages\/35822","targetHints":{"allow":["GET"]}}],"collection":[{"href":"https:\/\/jackpotlotteryonline.com\/et\/wp-json\/wp\/v2\/pages"}],"about":[{"href":"https:\/\/jackpotlotteryonline.com\/et\/wp-json\/wp\/v2\/types\/page"}],"author":[{"embeddable":true,"href":"https:\/\/jackpotlotteryonline.com\/et\/wp-json\/wp\/v2\/users\/1"}],"replies":[{"embeddable":true,"href":"https:\/\/jackpotlotteryonline.com\/et\/wp-json\/wp\/v2\/comments?post=35822"}],"version-history":[{"count":0,"href":"https:\/\/jackpotlotteryonline.com\/et\/wp-json\/wp\/v2\/pages\/35822\/revisions"}],"wp:attachment":[{"href":"https:\/\/jackpotlotteryonline.com\/et\/wp-json\/wp\/v2\/media?parent=35822"}],"curies":[{"name":"wp","href":"https:\/\/api.w.org\/{rel}","templated":true}]}}