{"id":35874,"date":"2022-11-02T08:51:10","date_gmt":"2022-11-02T08:51:10","guid":{"rendered":"https:\/\/jackpotlotteryonline.com\/?page_id=35874"},"modified":"2022-12-19T08:51:21","modified_gmt":"2022-12-19T08:51:21","slug":"powerball","status":"publish","type":"page","link":"https:\/\/jackpotlotteryonline.com\/et\/kuidas-mangida\/powerball\/","title":{"rendered":"Powerball USA"},"content":{"rendered":"<h2>Powerball loterii jackpot online<\/h2>\n<p><img loading=\"lazy\" decoding=\"async\" class=\"alignright size-full wp-image-19358\" src=\"https:\/\/jackpotlotteryonline.com\/wp-content\/uploads\/2022\/10\/2_ticket_powerball3.jpg\" alt=\"powerball pilet\" width=\"180\" height=\"194\" \/><\/p>\n<p>Tegemist on \u00fche vanima ja suurima USA loteriiga. Powerball Lottery Jackpot&#8217;i pakub 41 USA osariigi poolt moodustatud mitmepoolne loteriikomisjon. Seda korraldatakse k\u00f5ikides USA osariikides (sealhulgas Neitsisaared ja Columbia ringkond), v\u00e4lja arvatud 8 osariigis (Nevada, California, Utah, Mississippi, Wyoming, Alabama, Hawaii ja Alaska).<\/p>\n<p>Powerball loterii online jackpot on mitu korda \u00fcletanud 300 miljoni dollari suuruse jackpoti summa ning suurim jackpot oli kunagi 1500 miljonit dollarit. Tavaliselt algavad jackpotid 20 miljonist dollarist ja t\u00f5usevad iga kord, kui jackpot j\u00e4i tabamata, v\u00e4hemalt 5 miljonit dollarit.<\/p>\n<section class=\"layout\" style=\"border: solid 1px; width: 100%;\">\n<div class=\"img-div\" style=\"margin-top: 5px;\"><img decoding=\"async\" class=\"wp-image-17212 alignleft\" style=\"height: 45px; margin: 8px 8px 0px;\" src=\"https:\/\/jackpotlotteryonline.com\/wp-content\/uploads\/2022\/11\/read1.jpg\" alt=\"suurim loto jackpot\" width=\"\" height=\"\" \/><\/div>\n<div style=\"padding-left: 5px;\">\n<div style=\"font-size: 1.1em;\">\n<p><strong>Ajaloolised, rekordilised loterii jackpotid<\/strong><\/p>\n<p style=\"font-size: 0.85em; margin-top: -1.5em;\">Ajaloo suurimad loto jackpotid panevad su pea p\u00f6\u00f6rlema <a href=\"https:\/\/jackpotlotteryonline.com\/et\/suurimad-loto-jackpotid-ajaloos\">Loe edasi<\/a><\/p>\n<\/div>\n<\/div>\n<\/section>\n<h2>Kuidas m\u00e4ngida Powerballi loteriid<\/h2>\n<p>Saate h\u00f5lpsasti <strong><a href=\"https:\/\/jackpotlotteryonline.com\/et\/kuidas-osta-loteriipileteid-internetis\/powerball\">saada oma loteriipileti internetis<\/a> meie veebisaidi kaudu. Powerball loterii jackpot&#8217;i<\/strong> m\u00e4ngimiseks ja v\u00f5itmiseks ei pea te olema USA kodanik &#8211; v\u00f5ite elada v\u00e4ljaspool USA-d, kuid peate olema v\u00e4hemalt 18-aastane. K\u00f5ik, mida peate tegema, on kl\u00f5psata \u00fchel loteriib\u00e4nneril, registreeruda ja end kontrollida ning teha makse. \u00dclej\u00e4\u00e4nud asjadega tegeleme me, kui te tellimuse esitate. Piletite ostmine, kohaletoimetamine ja raha logistikaga seotud abi on need valdkonnad, milles saate abi.<br \/>\n<img loading=\"lazy\" decoding=\"async\" class=\"alignright size-full wp-image-18167\" src=\"https:\/\/jackpotlotteryonline.com\/wp-content\/uploads\/2022\/10\/powerball_globe_logo.png\" alt=\"m\u00e4ngi powerballi internetis\" width=\"200\" height=\"212\" \/><\/p>\n<p>Powerball loterii jackpot&#8217;i tabamiseks peate saama viis numbrit 59-st \u00f5igesti, pluss Powerball number vahemikus 1 ja 39. V\u00f5iduv\u00f5imalusi on \u00fcheksa, ja kui tabad Powerball-numbri, saad juba \u00fche hinna.<\/p>\n<p><a href=\"https:\/\/jackpotlotteryonline.com\/et\/kuidas-osta-loteriipileteid-internetis\/powerball\">Powerball loterii jackpot<\/a> internetis on traditsiooniline kahe trummi loterii m\u00e4ng. \u00dches trumlis on 59 valget palli teises trumlis on 39 punast palli. Sa pead valima 5 valget palli ja \u00fche punase palli. Kuulid saab valida juhuslikult ja valiku j\u00e4rjekord ei m\u00f5juta tulemust.<\/p>\n<p>Kindlasti on Powerball loterii jackpoti online m\u00e4ngimisel omad eelised ja t\u00e4nu selle suurep\u00e4rasele v\u00f5idut\u00f5en\u00e4osusele on selle loterii j\u00e4rele suur n\u00f5udlus.<\/p>\n<h2>On aeg proovida oma \u00f5nne Powerballis<\/h2>\n<p>Kui oled inimene, kellele meeldib \u00f5nnem\u00e4ngudes \u00f5nne proovida, on Powerball loterii kindlasti \u00f5ige koht, kust alustada. Meie veebisaidil on palju rohkem teavet, mis aitab teil otsustada, milliseid numbreid valida ja m\u00e4ngida.<\/p>\n<p>Paljud inimesed kipuvad arvama, et loterii on \u00f5nnem\u00e4ng. Kuid nad v\u00f5ivad kalduda m\u00f5tlema veidi teisiti, kui nad m\u00f5istavad, kuidas Powerball loterii toimib. <strong>On palju neid, kes on Powerballil juba v\u00f5itnud ja pole mingit p\u00f5hjust, miks te ei v\u00f5iks olla \u00fcks neist. Alusta n\u00fc\u00fcd&#8230;!<\/strong><\/p>\n","protected":false},"excerpt":{"rendered":"<p>Powerball loterii jackpot online Tegemist on \u00fche vanima ja suurima USA loteriiga. Powerball Lottery Jackpot&#8217;i pakub 41 USA osariigi poolt moodustatud mitmepoolne loteriikomisjon. Seda korraldatakse k\u00f5ikides USA osariikides (sealhulgas Neitsisaared ja Columbia ringkond), v\u00e4lja arvatud 8 osariigis (Nevada, California, Utah, Mississippi, Wyoming, Alabama, Hawaii ja Alaska). Powerball loterii online jackpot on mitu korda \u00fcletanud 300 [&hellip;]<\/p>\n","protected":false},"author":1,"featured_media":0,"parent":35684,"menu_order":1,"comment_status":"closed","ping_status":"closed","template":"powerball-usa.php","meta":{"_et_pb_use_builder":"","_et_pb_old_content":"","_et_gb_content_width":"","exclude_from_search":false,"footnotes":""},"class_list":["post-35874","page","type-page","status-publish","hentry"],"yoast_head":"<!-- This site is optimized with the Yoast SEO plugin v23.3 - https:\/\/yoast.com\/wordpress\/plugins\/seo\/ -->\n<title>Play Powerball Lottery Online, v\u00e4ljastpoolt USA-d.<\/title>\n<meta name=\"description\" content=\"Powerball loterii on \u00fcks vanimaid USA loteriisid - loe siit, kuidas saad juba t\u00e4na m\u00e4ngida online ja v\u00e4ljaspool USA-d asuvast riigist!\" \/>\n<meta name=\"robots\" content=\"index, follow, max-snippet:-1, max-image-preview:large, max-video-preview:-1\" \/>\n<link rel=\"canonical\" href=\"https:\/\/jackpotlotteryonline.com\/play-online\/powerball\/\" \/>\n<meta property=\"og:locale\" content=\"et_EE\" \/>\n<meta property=\"og:type\" content=\"article\" \/>\n<meta property=\"og:title\" content=\"Play Powerball Lottery Online, v\u00e4ljastpoolt USA-d.\" \/>\n<meta property=\"og:description\" content=\"Powerball loterii on \u00fcks vanimaid USA loteriisid - loe siit, kuidas saad juba t\u00e4na m\u00e4ngida online ja v\u00e4ljaspool USA-d asuvast riigist!\" \/>\n<meta property=\"og:url\" content=\"https:\/\/jackpotlotteryonline.com\/play-online\/powerball\/\" \/>\n<meta property=\"og:site_name\" content=\"Lotto Online - Crack The International Lottery Jackpots\" \/>\n<meta property=\"article:modified_time\" content=\"2022-12-19T08:51:21+00:00\" \/>\n<meta property=\"og:image\" content=\"https:\/\/jackpotlotteryonline.com\/wp-content\/uploads\/2022\/10\/2_ticket_powerball3.jpg\" \/>\n<meta name=\"twitter:card\" content=\"summary_large_image\" \/>\n<meta name=\"twitter:label1\" content=\"Est. reading time\" \/>\n\t<meta name=\"twitter:data1\" content=\"3 minutit\" \/>\n<!-- \/ Yoast SEO plugin. -->","yoast_head_json":{"title":"Play Powerball Lottery Online, v\u00e4ljastpoolt USA-d.","description":"Powerball loterii on \u00fcks vanimaid USA loteriisid - loe siit, kuidas saad juba t\u00e4na m\u00e4ngida online ja v\u00e4ljaspool USA-d asuvast riigist!","robots":{"index":"index","follow":"follow","max-snippet":"max-snippet:-1","max-image-preview":"max-image-preview:large","max-video-preview":"max-video-preview:-1"},"canonical":"https:\/\/jackpotlotteryonline.com\/play-online\/powerball\/","og_locale":"et_EE","og_type":"article","og_title":"Play Powerball Lottery Online, v\u00e4ljastpoolt USA-d.","og_description":"Powerball loterii on \u00fcks vanimaid USA loteriisid - loe siit, kuidas saad juba t\u00e4na m\u00e4ngida online ja v\u00e4ljaspool USA-d asuvast riigist!","og_url":"https:\/\/jackpotlotteryonline.com\/play-online\/powerball\/","og_site_name":"Lotto Online - Crack The International Lottery Jackpots","article_modified_time":"2022-12-19T08:51:21+00:00","og_image":[{"url":"https:\/\/jackpotlotteryonline.com\/wp-content\/uploads\/2022\/10\/2_ticket_powerball3.jpg"}],"twitter_card":"summary_large_image","twitter_misc":{"Est. reading time":"3 minutit"},"schema":{"@context":"https:\/\/schema.org","@graph":[{"@type":"WebPage","@id":"https:\/\/jackpotlotteryonline.com\/play-online\/powerball\/","url":"https:\/\/jackpotlotteryonline.com\/play-online\/powerball\/","name":"Play Powerball Lottery Online, v\u00e4ljastpoolt USA-d.","isPartOf":{"@id":"https:\/\/jackpotlotteryonline.com\/#website"},"primaryImageOfPage":{"@id":"https:\/\/jackpotlotteryonline.com\/play-online\/powerball\/#primaryimage"},"image":{"@id":"https:\/\/jackpotlotteryonline.com\/play-online\/powerball\/#primaryimage"},"thumbnailUrl":"https:\/\/jackpotlotteryonline.com\/wp-content\/uploads\/2022\/10\/2_ticket_powerball3.jpg","datePublished":"2022-11-02T08:51:10+00:00","dateModified":"2022-12-19T08:51:21+00:00","description":"Powerball loterii on \u00fcks vanimaid USA loteriisid - loe siit, kuidas saad juba t\u00e4na m\u00e4ngida online ja v\u00e4ljaspool USA-d asuvast riigist!","breadcrumb":{"@id":"https:\/\/jackpotlotteryonline.com\/play-online\/powerball\/#breadcrumb"},"inLanguage":"et","potentialAction":[{"@type":"ReadAction","target":["https:\/\/jackpotlotteryonline.com\/play-online\/powerball\/"]}]},{"@type":"ImageObject","inLanguage":"et","@id":"https:\/\/jackpotlotteryonline.com\/play-online\/powerball\/#primaryimage","url":"https:\/\/jackpotlotteryonline.com\/wp-content\/uploads\/2022\/10\/2_ticket_powerball3.jpg","contentUrl":"https:\/\/jackpotlotteryonline.com\/wp-content\/uploads\/2022\/10\/2_ticket_powerball3.jpg"},{"@type":"BreadcrumbList","@id":"https:\/\/jackpotlotteryonline.com\/play-online\/powerball\/#breadcrumb","itemListElement":[{"@type":"ListItem","position":1,"name":"Home","item":"https:\/\/jackpotlotteryonline.com\/et\/"},{"@type":"ListItem","position":2,"name":"Kuidas m\u00e4ngida","item":"https:\/\/jackpotlotteryonline.com\/et\/kuidas-mangida\/"},{"@type":"ListItem","position":3,"name":"Powerball USA"}]},{"@type":"WebSite","@id":"https:\/\/jackpotlotteryonline.com\/#website","url":"https:\/\/jackpotlotteryonline.com\/","name":"Lotto Online - Crack The International Lottery Jackpots","description":"","potentialAction":[{"@type":"SearchAction","target":{"@type":"EntryPoint","urlTemplate":"https:\/\/jackpotlotteryonline.com\/?s={search_term_string}"},"query-input":"required name=search_term_string"}],"inLanguage":"et"}]}},"_links":{"self":[{"href":"https:\/\/jackpotlotteryonline.com\/et\/wp-json\/wp\/v2\/pages\/35874","targetHints":{"allow":["GET"]}}],"collection":[{"href":"https:\/\/jackpotlotteryonline.com\/et\/wp-json\/wp\/v2\/pages"}],"about":[{"href":"https:\/\/jackpotlotteryonline.com\/et\/wp-json\/wp\/v2\/types\/page"}],"author":[{"embeddable":true,"href":"https:\/\/jackpotlotteryonline.com\/et\/wp-json\/wp\/v2\/users\/1"}],"replies":[{"embeddable":true,"href":"https:\/\/jackpotlotteryonline.com\/et\/wp-json\/wp\/v2\/comments?post=35874"}],"version-history":[{"count":0,"href":"https:\/\/jackpotlotteryonline.com\/et\/wp-json\/wp\/v2\/pages\/35874\/revisions"}],"up":[{"embeddable":true,"href":"https:\/\/jackpotlotteryonline.com\/et\/wp-json\/wp\/v2\/pages\/35684"}],"wp:attachment":[{"href":"https:\/\/jackpotlotteryonline.com\/et\/wp-json\/wp\/v2\/media?parent=35874"}],"curies":[{"name":"wp","href":"https:\/\/api.w.org\/{rel}","templated":true}]}}