{"id":35936,"date":"2022-11-02T10:28:59","date_gmt":"2022-11-02T10:28:59","guid":{"rendered":"https:\/\/jackpotlotteryonline.com\/?page_id=35936"},"modified":"2022-12-30T19:02:42","modified_gmt":"2022-12-30T19:02:42","slug":"mega-millions","status":"publish","type":"page","link":"https:\/\/jackpotlotteryonline.com\/et\/kuidas-mangida\/mega-millions\/","title":{"rendered":"Mega Millions USA"},"content":{"rendered":"<h2>Mega Millions Online Lotto Jackpot<\/h2>\n<p>Mega Millions Jackpot Lotto asub Michiganis USAs ja seda m\u00e4ngitakse USA 12 osariigis. Kuna loosimised toimuvad igal teisip\u00e4eval ja reede \u00f5htul kell 20.00, v\u00f5ib v\u00f5idu sagedus olla \u00f5nnelikul m\u00e4ngijal \u00fcsna suur. Mega Millions&#8217;i pilet tuleb suhteliselt odavalt ja suurim kunagi v\u00e4lja makstud jackpot oli \u00fcle 1500 miljoni dollari.<br \/>\n<img loading=\"lazy\" decoding=\"async\" class=\"alignright size-full wp-image-17546\" src=\"http:\/\/jackpotlotteryonline.com\/wp-content\/uploads\/2022\/10\/logo_Mega_Millions_233x110.png\" alt=\"m\u00e4ngi mega millions online\" width=\"232\" height=\"110\" \/><\/p>\n<p>Noh, kui te kaalute Mega Millions&#8217;i m\u00e4ngimist, ja seda ka regulaarselt, siis v\u00f5ite ette kujutada, kui palju aega ja energiat kulub kaks korda n\u00e4dalas loteriisse jooksmiseks. Parim viis komplikatsioonide k\u00f5rvaldamiseks ja aja kokkuhoiuks oleks m\u00e4ngida internetis. <a href=\"https:\/\/jackpotlotteryonline.com\/et\/winning-numbers\/mega-millions\">Pileti ostmine<\/a> oma lemmiknumbritega ja selle kohaletoimetamine oma koduuksele ei ole kunagi olnud nii lihtne. Meie abiga saab Mega Millions Lotto Jackpot&#8217;i v\u00f5ita internetis iga\u00fcks maailmas!<\/p>\n<h2>Kuidas m\u00e4ngida Mega Millions online<\/h2>\n<p>Mega Millions loterii algab 20 miljoni dollari suurusest summast ja tegi ajalugu, kui see j\u00f5udis 1,5 miljardi dollarini, mis on suurim loterii jackpot USA ajaloos! M\u00e4ngijad saavad valida viis numbrit vahemikus 1 kuni 56 (valge pall) pluss \u00fcks nn Mega number vahemikus 1 kuni 46 (kuldne pall).<br \/>\n<img loading=\"lazy\" decoding=\"async\" class=\"alignright size-full wp-image-19115\" src=\"http:\/\/jackpotlotteryonline.com\/wp-content\/uploads\/2022\/10\/2_ticket_mega_millions3.jpg\" alt=\"mega millions pileti skaneerimine\" width=\"180\" height=\"193\" \/><\/p>\n<p>Selle jackpot&#8217;i murdmiseks tuleb tabada k\u00f5ik viis numbrit ja meganumber \u00f5igesti. Kuid isegi kui te ei murra jackpotit, on teil hea v\u00f5imalus v\u00f5ita, sest 40-st piletist 1 v\u00f5idab. Iga\u00fcks n\u00f5ustub, et need on v\u00e4ga head v\u00f5imalused loteriiv\u00f5iduks.<\/p>\n<p>Jackpot makstakse v\u00e4lja 26 aastase v\u00e4ljamaksena, mida nimetatakse ka annuiteetide valikuks, v\u00f5i v\u00f5ite valida t\u00e4ielikult sularahas maksmise, kus teile makstakse annuiteedi n\u00fc\u00fcdisv\u00e4\u00e4rtus. <a href=\"http:\/\/jackpotlotteryonline.com\/et\/winning-numbers\/mega-millions\">Loosimised<\/a> toimuvad tavaliselt Idahos (Georgia), kuid kui jackpot \u00fcletab 200 miljoni dollari piiri, toimub loosimine Times Square&#8217;il (New York City).<\/p>\n<p>Selle loterii m\u00e4ngimiseks peate olema v\u00e4hemalt 18-aastane, kuid te ei pea olema USA kodanik v\u00f5i elanik. Meie abiga saate m\u00e4ngida v\u00e4ljastpoolt USAd, tegelikult \u00fcksk\u00f5ik kust maailma paigast. Tegelikult aitame teil ka v\u00f5ita v\u00f5idetud auhinnaraha turvaliselt ja probleemideta k\u00e4tte saada.<\/p>\n<h2>Lisatasud<\/h2>\n<p>Peaaegu k\u00f5igis Mega Millions&#8217;i jurisdiktsioonides (42 riiki 43-st, v\u00e4lja arvatud California) on m\u00e4ngijatel v\u00f5imalus aktiveerida ekstra, mida nimetatakse Megaplieriks. Megaplier kahekordistab m\u00e4ngus tehtud panuse ja m\u00e4ngijad saavad jackpoti mittekuuluvaid auhindu korrutada 2,3 v\u00f5i 4 korda. Loomulikult ei ole siinkohal vaja mainida, et koefitsiendid v\u00e4henevad.<\/p>\n<p>Seega, kui nii palju on kaalul, on aeg kaaluda Mega Millions&#8217;i m\u00e4ngimist, see v\u00f5ib teid oma unistused realiseerida. Registreerige end meie veebisaidil ja proovige USA suurimas loteriis.<\/p>\n<section class=\"layout\" style=\"border: solid 1px; width: 100%;\">\n<div class=\"img-div\" style=\"margin-top: 5px;\"><img decoding=\"async\" class=\"wp-image-17212 alignleft\" style=\"height: 45px; margin: 8px 8px 0px;\" src=\"http:\/\/jackpotlotteryonline.com\/wp-content\/uploads\/2022\/11\/read1.jpg\" alt=\"lue\" width=\"\" height=\"\" \/><\/div>\n<div style=\"padding-left: 5px;\">\n<div style=\"font-size: 1.1em;\">\n<p><strong>Teie riigi loterii rahvusvahelises v\u00f5rdluses<\/strong><\/p>\n<p style=\"font-size: 0.85em; margin-top: -1.5em;\">Teie kohalik loterii v\u00f5ib olla teie halvim valik &#8211; miks on m\u00f5istlikum maksta rohkem, kuid minna suuremate jackpotite peale\u00a0 <a href=\"https:\/\/jackpotlotteryonline.com\/et\/teie-riigi-loterii-internatsionaalses-vordluses\"> loe edasi<\/a><\/p>\n<\/div>\n<\/div>\n<\/section>\n","protected":false},"excerpt":{"rendered":"<p>Mega Millions Online Lotto Jackpot Mega Millions Jackpot Lotto asub Michiganis USAs ja seda m\u00e4ngitakse USA 12 osariigis. Kuna loosimised toimuvad igal teisip\u00e4eval ja reede \u00f5htul kell 20.00, v\u00f5ib v\u00f5idu sagedus olla \u00f5nnelikul m\u00e4ngijal \u00fcsna suur. Mega Millions&#8217;i pilet tuleb suhteliselt odavalt ja suurim kunagi v\u00e4lja makstud jackpot oli \u00fcle 1500 miljoni dollari. Noh, kui [&hellip;]<\/p>\n","protected":false},"author":1,"featured_media":0,"parent":35684,"menu_order":2,"comment_status":"closed","ping_status":"closed","template":"megamillion.php","meta":{"_et_pb_use_builder":"","_et_pb_old_content":"","_et_gb_content_width":"","exclude_from_search":false,"footnotes":""},"class_list":["post-35936","page","type-page","status-publish","hentry"],"yoast_head":"<!-- This site is optimized with the Yoast SEO plugin v23.3 - https:\/\/yoast.com\/wordpress\/plugins\/seo\/ -->\n<title>M\u00e4ngi Mega Millions&#039;i online v\u00e4ljaspool USA-d<\/title>\n<meta name=\"description\" content=\"USA Mega Millions loto jackpot on k\u00f5igi loteriide ema ja n\u00fc\u00fcd saate m\u00e4ngida online, isegi kui elate v\u00e4ljaspool USA-d.\" \/>\n<meta name=\"robots\" content=\"index, follow, max-snippet:-1, max-image-preview:large, max-video-preview:-1\" \/>\n<link rel=\"canonical\" href=\"https:\/\/jackpotlotteryonline.com\/play-online\/mega-millions\/\" \/>\n<meta property=\"og:locale\" content=\"et_EE\" \/>\n<meta property=\"og:type\" content=\"article\" \/>\n<meta property=\"og:title\" content=\"M\u00e4ngi Mega Millions&#039;i online v\u00e4ljaspool USA-d\" \/>\n<meta property=\"og:description\" content=\"USA Mega Millions loto jackpot on k\u00f5igi loteriide ema ja n\u00fc\u00fcd saate m\u00e4ngida online, isegi kui elate v\u00e4ljaspool USA-d.\" \/>\n<meta property=\"og:url\" content=\"https:\/\/jackpotlotteryonline.com\/play-online\/mega-millions\/\" \/>\n<meta property=\"og:site_name\" content=\"Lotto Online - Crack The International Lottery Jackpots\" \/>\n<meta property=\"article:modified_time\" content=\"2022-12-30T19:02:42+00:00\" \/>\n<meta property=\"og:image\" content=\"http:\/\/jackpotlotteryonline.com\/wp-content\/uploads\/2022\/10\/logo_Mega_Millions_233x110.png\" \/>\n<meta name=\"twitter:card\" content=\"summary_large_image\" \/>\n<meta name=\"twitter:label1\" content=\"Est. reading time\" \/>\n\t<meta name=\"twitter:data1\" content=\"3 minutit\" \/>\n<!-- \/ Yoast SEO plugin. -->","yoast_head_json":{"title":"M\u00e4ngi Mega Millions'i online v\u00e4ljaspool USA-d","description":"USA Mega Millions loto jackpot on k\u00f5igi loteriide ema ja n\u00fc\u00fcd saate m\u00e4ngida online, isegi kui elate v\u00e4ljaspool USA-d.","robots":{"index":"index","follow":"follow","max-snippet":"max-snippet:-1","max-image-preview":"max-image-preview:large","max-video-preview":"max-video-preview:-1"},"canonical":"https:\/\/jackpotlotteryonline.com\/play-online\/mega-millions\/","og_locale":"et_EE","og_type":"article","og_title":"M\u00e4ngi Mega Millions'i online v\u00e4ljaspool USA-d","og_description":"USA Mega Millions loto jackpot on k\u00f5igi loteriide ema ja n\u00fc\u00fcd saate m\u00e4ngida online, isegi kui elate v\u00e4ljaspool USA-d.","og_url":"https:\/\/jackpotlotteryonline.com\/play-online\/mega-millions\/","og_site_name":"Lotto Online - Crack The International Lottery Jackpots","article_modified_time":"2022-12-30T19:02:42+00:00","og_image":[{"url":"http:\/\/jackpotlotteryonline.com\/wp-content\/uploads\/2022\/10\/logo_Mega_Millions_233x110.png"}],"twitter_card":"summary_large_image","twitter_misc":{"Est. reading time":"3 minutit"},"schema":{"@context":"https:\/\/schema.org","@graph":[{"@type":"WebPage","@id":"https:\/\/jackpotlotteryonline.com\/play-online\/mega-millions\/","url":"https:\/\/jackpotlotteryonline.com\/play-online\/mega-millions\/","name":"M\u00e4ngi Mega Millions'i online v\u00e4ljaspool USA-d","isPartOf":{"@id":"https:\/\/jackpotlotteryonline.com\/#website"},"primaryImageOfPage":{"@id":"https:\/\/jackpotlotteryonline.com\/play-online\/mega-millions\/#primaryimage"},"image":{"@id":"https:\/\/jackpotlotteryonline.com\/play-online\/mega-millions\/#primaryimage"},"thumbnailUrl":"http:\/\/jackpotlotteryonline.com\/wp-content\/uploads\/2022\/10\/logo_Mega_Millions_233x110.png","datePublished":"2022-11-02T10:28:59+00:00","dateModified":"2022-12-30T19:02:42+00:00","description":"USA Mega Millions loto jackpot on k\u00f5igi loteriide ema ja n\u00fc\u00fcd saate m\u00e4ngida online, isegi kui elate v\u00e4ljaspool USA-d.","breadcrumb":{"@id":"https:\/\/jackpotlotteryonline.com\/play-online\/mega-millions\/#breadcrumb"},"inLanguage":"et","potentialAction":[{"@type":"ReadAction","target":["https:\/\/jackpotlotteryonline.com\/play-online\/mega-millions\/"]}]},{"@type":"ImageObject","inLanguage":"et","@id":"https:\/\/jackpotlotteryonline.com\/play-online\/mega-millions\/#primaryimage","url":"http:\/\/jackpotlotteryonline.com\/wp-content\/uploads\/2022\/10\/logo_Mega_Millions_233x110.png","contentUrl":"http:\/\/jackpotlotteryonline.com\/wp-content\/uploads\/2022\/10\/logo_Mega_Millions_233x110.png"},{"@type":"BreadcrumbList","@id":"https:\/\/jackpotlotteryonline.com\/play-online\/mega-millions\/#breadcrumb","itemListElement":[{"@type":"ListItem","position":1,"name":"Home","item":"https:\/\/jackpotlotteryonline.com\/et\/"},{"@type":"ListItem","position":2,"name":"Kuidas m\u00e4ngida","item":"https:\/\/jackpotlotteryonline.com\/et\/kuidas-mangida\/"},{"@type":"ListItem","position":3,"name":"Mega Millions USA"}]},{"@type":"WebSite","@id":"https:\/\/jackpotlotteryonline.com\/#website","url":"https:\/\/jackpotlotteryonline.com\/","name":"Lotto Online - Crack The International Lottery Jackpots","description":"","potentialAction":[{"@type":"SearchAction","target":{"@type":"EntryPoint","urlTemplate":"https:\/\/jackpotlotteryonline.com\/?s={search_term_string}"},"query-input":"required name=search_term_string"}],"inLanguage":"et"}]}},"_links":{"self":[{"href":"https:\/\/jackpotlotteryonline.com\/et\/wp-json\/wp\/v2\/pages\/35936","targetHints":{"allow":["GET"]}}],"collection":[{"href":"https:\/\/jackpotlotteryonline.com\/et\/wp-json\/wp\/v2\/pages"}],"about":[{"href":"https:\/\/jackpotlotteryonline.com\/et\/wp-json\/wp\/v2\/types\/page"}],"author":[{"embeddable":true,"href":"https:\/\/jackpotlotteryonline.com\/et\/wp-json\/wp\/v2\/users\/1"}],"replies":[{"embeddable":true,"href":"https:\/\/jackpotlotteryonline.com\/et\/wp-json\/wp\/v2\/comments?post=35936"}],"version-history":[{"count":0,"href":"https:\/\/jackpotlotteryonline.com\/et\/wp-json\/wp\/v2\/pages\/35936\/revisions"}],"up":[{"embeddable":true,"href":"https:\/\/jackpotlotteryonline.com\/et\/wp-json\/wp\/v2\/pages\/35684"}],"wp:attachment":[{"href":"https:\/\/jackpotlotteryonline.com\/et\/wp-json\/wp\/v2\/media?parent=35936"}],"curies":[{"name":"wp","href":"https:\/\/api.w.org\/{rel}","templated":true}]}}