{"id":36007,"date":"2022-11-03T07:53:14","date_gmt":"2022-11-03T07:53:14","guid":{"rendered":"https:\/\/jackpotlotteryonline.com\/?page_id=36007"},"modified":"2022-12-30T19:57:06","modified_gmt":"2022-12-30T19:57:06","slug":"euromillions","status":"publish","type":"page","link":"https:\/\/jackpotlotteryonline.com\/et\/kuidas-mangida\/euromillions\/","title":{"rendered":"M\u00e4ngi Euro Millions&#8217;i"},"content":{"rendered":"<h2>Hankige Euromillions pilet internetis<\/h2>\n<p><img loading=\"lazy\" decoding=\"async\" class=\"alignright wp-image-18926\" src=\"http:\/\/jackpotlotteryonline.com\/wp-content\/uploads\/2022\/10\/2_ticket_euromillions3-111x300.jpg\" alt=\"euromillions pilet\" width=\"83\" height=\"224\" srcset=\"https:\/\/jackpotlotteryonline.com\/wp-content\/uploads\/2022\/10\/2_ticket_euromillions3-111x300.jpg 111w, https:\/\/jackpotlotteryonline.com\/wp-content\/uploads\/2022\/10\/2_ticket_euromillions3.jpg 180w\" sizes=\"auto, (max-width: 83px) 100vw, 83px\" \/><\/p>\n<p>Euromillions on loterii, mida korraldatakse mitmes Euroopa riigis, nagu Prantsusmaa, \u00dchendkuningriik, Hispaania, Iirimaa, Belgia, Luksemburg ja \u0160veits. Euromillions Online loterii jackpot algab 15 miljoni euroga ja rekordiline jackpot on 190 miljonit eurot.<\/p>\n<p>Euromillions loterii jackpot&#8217;i m\u00e4ngimiseks peate olema v\u00e4hemalt 18-aastane, kuid saate seda m\u00e4ngida mis tahes maailma riigist, kasutades meie poolt pakutavat teenust sellel veebilehel. See, mida me pakume, on \u00fcsna ainulaadne selles m\u00f5ttes, et see annab k\u00f5igile \u00fcle maailma, sealhulgas sellistes riikides nagu Saksamaa, Madalmaad, Itaalia ja isegi v\u00e4ljaspool Euroopat ja mujalgi, v\u00f5imaluse m\u00e4ngida ja v\u00f5ita jackpot internetis. \u00d5nneliku valiku v\u00f5imaluse pakkumisega on lihtsam valida juhuslikke numbreid, selle asemel et avaldada survet omaenda hallidele rakkudele.<\/p>\n<h2>Kuidas osta pilet Euromillions jackpotile v\u00e4ljastpoolt Euroopat<\/h2>\n<p><a href=\"https:\/\/jackpotlotteryonline.com\/et\/kuidas-osta-loteriipileteid-internetis\/euromillions\">Euromillions online loterii jackpoti piletite ostmist<\/a> saab meie kaudu muuta v\u00e4hem t\u00fc\u00fctuks. Kui olete meie saidil registreerunud ja saanud kinnituse, peate ainult valima oma loterii ja tegema n\u00f5utava makse. Kui see on tehtud, ostetakse teie nimel loteriipilet ja skaneering laetakse teie kontole, kui olete maksnud valitud maksevahendi kaudu.<\/p>\n<p>Lisaks, kui olete huvitatud, et m\u00e4ngida Euromillions online jackpot&#8217;i m\u00f5nda aega, v\u00f5ite valida oma numbrid v\u00f5i juhuslikult valida need ja v\u00f5ite osaleda mitmes loosimises, kuid peate maksma ainult \u00fcks kord iga paari n\u00e4dala tagant.<\/p>\n<h2>Kuidas Euromillions loterii online jackpot t\u00f6\u00f6tab<\/h2>\n<p><img loading=\"lazy\" decoding=\"async\" class=\"alignright wp-image-17411\" src=\"http:\/\/jackpotlotteryonline.com\/wp-content\/uploads\/2022\/10\/euromillions.png\" alt=\"m\u00e4ngi euromillions online\" width=\"143\" height=\"152\" \/><\/p>\n<p>Peate valima viis numbrit vahemikus 1 kuni 50 pluss 2 t\u00e4iendavat Lucky Star numbrit (vahemikus 1 kuni 9), et v\u00f5ita jackpot. <a href=\"http:\/\/jackpotlotteryonline.com\/et\/winning-numbers\/euromillions\">Euromillions&#8217;i jackpotide loosimine<\/a> toimub igal reede \u00f5htul ja lisaks jackpotile on 11 auhinnatasandit. T\u00f5en\u00e4osus v\u00f5ita v\u00e4hemalt m\u00f5ni auhind on 1:24.<\/p>\n<h2>Tulemuste kontrollimine<\/h2>\n<p>P\u00e4rast loosimise l\u00f5ppu saate tulemusi igal ajal internetis kontrollida. Tegelikult v\u00f5id kasutada oma iPadi, iPhone&#8217;i v\u00f5i m\u00f5nda muud sellist seadet, et asjadega kursis olla. Kui teil on \u00f5nne v\u00f5ita auhind v\u00f5i Euromillions loterii online jackpot, aitame teil ka auhinda taotleda ja hoolitseme selle k\u00e4ttesaamise eest.<\/p>\n<section class=\"layout\" style=\"border: solid 1px; width: 100%;\">\n<div class=\"img-div\" style=\"margin-top: 5px;\"><img decoding=\"async\" class=\"wp-image-17212 alignleft\" style=\"height: 45px; margin: 8px 8px 0px;\" src=\"http:\/\/jackpotlotteryonline.com\/wp-content\/uploads\/2022\/11\/read1.jpg\" alt=\"loe\" width=\"\" height=\"\" \/><\/div>\n<div style=\"padding-left: 5px;\">\n<div style=\"font-size: 1.1em;\">\n<p><strong>Loteriid, millel on parimad v\u00f5imalused suurv\u00f5iduks<\/strong><\/p>\n<p style=\"font-size: 0.85em; margin-top: -1.5em;\">Millisel loteriil on parimad v\u00f5iduv\u00f5imalused?\u00a0 <a href=\"https:\/\/jackpotlotteryonline.com\/et\/milline-loterii-on-parimad-voiduvoimalused\"> loe edasi<\/a><\/p>\n<\/div>\n<\/div>\n<\/section>\n<h2>Euromillions loterii online jackpot<\/h2>\n<p>Euromillions jackpot k\u00e4ivitati algselt 7. veebruaril 2004 ja selle esimene loosimine toimus 13. veebruaril 2004 Pariisis. K\u00f5ige m\u00e4rkimisv\u00e4\u00e4rsem jackpoti v\u00f5it oli \u00fches hiljutises loosimises (12. juuli 2011) ning 185 000 000 euro suuruse summa panid taskusse Colin ja Chris Weir Glasgow&#8217;st (\u00dchendkuningriik).<\/p>\n<p>Euromillions Lottery online jackpot ei ole olnud ilma omajagu skandaalideta &#8211; peamiselt 2009. aastal Belgias toimunud skandaalid. Need on siiski olnud ilma p\u00fcsiva p\u00f5hjenduseta ja on vahepeal maha surutud. Seega on aeg, et te prooviksite oma \u00f5nne \u00fches k\u00f5igi aegade suurimas rahapakkumises.<\/p>\n","protected":false},"excerpt":{"rendered":"<p>Hankige Euromillions pilet internetis Euromillions on loterii, mida korraldatakse mitmes Euroopa riigis, nagu Prantsusmaa, \u00dchendkuningriik, Hispaania, Iirimaa, Belgia, Luksemburg ja \u0160veits. Euromillions Online loterii jackpot algab 15 miljoni euroga ja rekordiline jackpot on 190 miljonit eurot. Euromillions loterii jackpot&#8217;i m\u00e4ngimiseks peate olema v\u00e4hemalt 18-aastane, kuid saate seda m\u00e4ngida mis tahes maailma riigist, kasutades meie poolt [&hellip;]<\/p>\n","protected":false},"author":1,"featured_media":0,"parent":35684,"menu_order":3,"comment_status":"closed","ping_status":"closed","template":"euromillions.php","meta":{"_et_pb_use_builder":"","_et_pb_old_content":"","_et_gb_content_width":"","exclude_from_search":false,"footnotes":""},"class_list":["post-36007","page","type-page","status-publish","hentry"],"yoast_head":"<!-- This site is optimized with the Yoast SEO plugin v23.3 - https:\/\/yoast.com\/wordpress\/plugins\/seo\/ -->\n<title>M\u00e4ngi Euromillions&#039;i internetis \u00fcksk\u00f5ik kust, isegi v\u00e4ljaspool Euroopat<\/title>\n<meta name=\"description\" content=\"Euromillions loterii on \u00fcks k\u00f5ige n\u00f5utumaid loteriisid. Saate n\u00fc\u00fcd m\u00e4ngida online piletiga, isegi kui olete v\u00e4ljaspool Euroopat\" \/>\n<meta name=\"robots\" content=\"index, follow, max-snippet:-1, max-image-preview:large, max-video-preview:-1\" \/>\n<link rel=\"canonical\" href=\"https:\/\/jackpotlotteryonline.com\/play-online\/euromillions\/\" \/>\n<meta property=\"og:locale\" content=\"et_EE\" \/>\n<meta property=\"og:type\" content=\"article\" \/>\n<meta property=\"og:title\" content=\"M\u00e4ngi Euromillions&#039;i internetis \u00fcksk\u00f5ik kust, isegi v\u00e4ljaspool Euroopat\" \/>\n<meta property=\"og:description\" content=\"Euromillions loterii on \u00fcks k\u00f5ige n\u00f5utumaid loteriisid. Saate n\u00fc\u00fcd m\u00e4ngida online piletiga, isegi kui olete v\u00e4ljaspool Euroopat\" \/>\n<meta property=\"og:url\" content=\"https:\/\/jackpotlotteryonline.com\/play-online\/euromillions\/\" \/>\n<meta property=\"og:site_name\" content=\"Lotto Online - Crack The International Lottery Jackpots\" \/>\n<meta property=\"article:modified_time\" content=\"2022-12-30T19:57:06+00:00\" \/>\n<meta property=\"og:image\" content=\"http:\/\/jackpotlotteryonline.com\/wp-content\/uploads\/2022\/10\/2_ticket_euromillions3-111x300.jpg\" \/>\n<meta name=\"twitter:card\" content=\"summary_large_image\" \/>\n<meta name=\"twitter:label1\" content=\"Est. reading time\" \/>\n\t<meta name=\"twitter:data1\" content=\"3 minutit\" \/>\n<!-- \/ Yoast SEO plugin. -->","yoast_head_json":{"title":"M\u00e4ngi Euromillions'i internetis \u00fcksk\u00f5ik kust, isegi v\u00e4ljaspool Euroopat","description":"Euromillions loterii on \u00fcks k\u00f5ige n\u00f5utumaid loteriisid. Saate n\u00fc\u00fcd m\u00e4ngida online piletiga, isegi kui olete v\u00e4ljaspool Euroopat","robots":{"index":"index","follow":"follow","max-snippet":"max-snippet:-1","max-image-preview":"max-image-preview:large","max-video-preview":"max-video-preview:-1"},"canonical":"https:\/\/jackpotlotteryonline.com\/play-online\/euromillions\/","og_locale":"et_EE","og_type":"article","og_title":"M\u00e4ngi Euromillions'i internetis \u00fcksk\u00f5ik kust, isegi v\u00e4ljaspool Euroopat","og_description":"Euromillions loterii on \u00fcks k\u00f5ige n\u00f5utumaid loteriisid. Saate n\u00fc\u00fcd m\u00e4ngida online piletiga, isegi kui olete v\u00e4ljaspool Euroopat","og_url":"https:\/\/jackpotlotteryonline.com\/play-online\/euromillions\/","og_site_name":"Lotto Online - Crack The International Lottery Jackpots","article_modified_time":"2022-12-30T19:57:06+00:00","og_image":[{"url":"http:\/\/jackpotlotteryonline.com\/wp-content\/uploads\/2022\/10\/2_ticket_euromillions3-111x300.jpg"}],"twitter_card":"summary_large_image","twitter_misc":{"Est. reading time":"3 minutit"},"schema":{"@context":"https:\/\/schema.org","@graph":[{"@type":"WebPage","@id":"https:\/\/jackpotlotteryonline.com\/play-online\/euromillions\/","url":"https:\/\/jackpotlotteryonline.com\/play-online\/euromillions\/","name":"M\u00e4ngi Euromillions'i internetis \u00fcksk\u00f5ik kust, isegi v\u00e4ljaspool Euroopat","isPartOf":{"@id":"https:\/\/jackpotlotteryonline.com\/#website"},"primaryImageOfPage":{"@id":"https:\/\/jackpotlotteryonline.com\/play-online\/euromillions\/#primaryimage"},"image":{"@id":"https:\/\/jackpotlotteryonline.com\/play-online\/euromillions\/#primaryimage"},"thumbnailUrl":"http:\/\/jackpotlotteryonline.com\/wp-content\/uploads\/2022\/10\/2_ticket_euromillions3-111x300.jpg","datePublished":"2022-11-03T07:53:14+00:00","dateModified":"2022-12-30T19:57:06+00:00","description":"Euromillions loterii on \u00fcks k\u00f5ige n\u00f5utumaid loteriisid. Saate n\u00fc\u00fcd m\u00e4ngida online piletiga, isegi kui olete v\u00e4ljaspool Euroopat","breadcrumb":{"@id":"https:\/\/jackpotlotteryonline.com\/play-online\/euromillions\/#breadcrumb"},"inLanguage":"et","potentialAction":[{"@type":"ReadAction","target":["https:\/\/jackpotlotteryonline.com\/play-online\/euromillions\/"]}]},{"@type":"ImageObject","inLanguage":"et","@id":"https:\/\/jackpotlotteryonline.com\/play-online\/euromillions\/#primaryimage","url":"http:\/\/jackpotlotteryonline.com\/wp-content\/uploads\/2022\/10\/2_ticket_euromillions3-111x300.jpg","contentUrl":"http:\/\/jackpotlotteryonline.com\/wp-content\/uploads\/2022\/10\/2_ticket_euromillions3-111x300.jpg"},{"@type":"BreadcrumbList","@id":"https:\/\/jackpotlotteryonline.com\/play-online\/euromillions\/#breadcrumb","itemListElement":[{"@type":"ListItem","position":1,"name":"Home","item":"https:\/\/jackpotlotteryonline.com\/et\/"},{"@type":"ListItem","position":2,"name":"Kuidas m\u00e4ngida","item":"https:\/\/jackpotlotteryonline.com\/et\/kuidas-mangida\/"},{"@type":"ListItem","position":3,"name":"M\u00e4ngi Euro Millions&#8217;i"}]},{"@type":"WebSite","@id":"https:\/\/jackpotlotteryonline.com\/#website","url":"https:\/\/jackpotlotteryonline.com\/","name":"Lotto Online - Crack The International Lottery Jackpots","description":"","potentialAction":[{"@type":"SearchAction","target":{"@type":"EntryPoint","urlTemplate":"https:\/\/jackpotlotteryonline.com\/?s={search_term_string}"},"query-input":"required name=search_term_string"}],"inLanguage":"et"}]}},"_links":{"self":[{"href":"https:\/\/jackpotlotteryonline.com\/et\/wp-json\/wp\/v2\/pages\/36007","targetHints":{"allow":["GET"]}}],"collection":[{"href":"https:\/\/jackpotlotteryonline.com\/et\/wp-json\/wp\/v2\/pages"}],"about":[{"href":"https:\/\/jackpotlotteryonline.com\/et\/wp-json\/wp\/v2\/types\/page"}],"author":[{"embeddable":true,"href":"https:\/\/jackpotlotteryonline.com\/et\/wp-json\/wp\/v2\/users\/1"}],"replies":[{"embeddable":true,"href":"https:\/\/jackpotlotteryonline.com\/et\/wp-json\/wp\/v2\/comments?post=36007"}],"version-history":[{"count":0,"href":"https:\/\/jackpotlotteryonline.com\/et\/wp-json\/wp\/v2\/pages\/36007\/revisions"}],"up":[{"embeddable":true,"href":"https:\/\/jackpotlotteryonline.com\/et\/wp-json\/wp\/v2\/pages\/35684"}],"wp:attachment":[{"href":"https:\/\/jackpotlotteryonline.com\/et\/wp-json\/wp\/v2\/media?parent=36007"}],"curies":[{"name":"wp","href":"https:\/\/api.w.org\/{rel}","templated":true}]}}