{"id":36060,"date":"2022-11-03T09:28:38","date_gmt":"2022-11-03T09:28:38","guid":{"rendered":"https:\/\/jackpotlotteryonline.com\/?page_id=36060"},"modified":"2022-12-30T20:42:02","modified_gmt":"2022-12-30T20:42:02","slug":"eurojackpot","status":"publish","type":"page","link":"https:\/\/jackpotlotteryonline.com\/et\/kuidas-mangida\/eurojackpot\/","title":{"rendered":"EuroJackpot"},"content":{"rendered":"<h2>Kuidas osaleda Eurojackpotis igast riigist<\/h2>\n<p><strong>Eurojackpot<\/strong> on koos Euromillionsiga \u00fcks suurimaid ja populaarsemaid loteriisid kogu Euroopas ning seda m\u00e4ngivad igal n\u00e4dalal miljonid inimesed \u00fcle kogu maailma. Eurojackpot loodi esmakordselt 1994. aastal, kuid t\u00e4nu mitmetele muudatustele reeglites ja formaadis l\u00fckkus see paar aastat edasi, kuni see l\u00f5puks 2004. aastal Euroopas k\u00e4ivitati ja m\u00e4ngimiseks valmis sai.<br \/>\n<img loading=\"lazy\" decoding=\"async\" class=\"alignright wp-image-18574\" src=\"https:\/\/jackpotlotteryonline.com\/wp-content\/uploads\/2022\/10\/1_online_ticket_eurojackpot2.jpg\" alt=\"m\u00e4ngi eurojackpot online\" width=\"260\" height=\"173\" \/><\/p>\n<p>Alates 2004. aastal toimunud esimesest loosimisest on seda h\u00e4mmastavat \u00f5nnem\u00e4ngu m\u00e4nginud miljonid inimesed ning on olnud palju jackpoti v\u00f5itjaid, kellest m\u00f5ned on olnud piisavalt \u00f5nnelikud, et napsata \u00fcle 180 miljoni euro suurused jackpot-v\u00f5idud!<\/p>\n<p>EuroJackpot&#8217;i tavapreemia on 15 miljonit eurot, mis muudab kogu elu, mist\u00f5ttu pole ime, et seda m\u00e4ngivad igal n\u00e4dalal miljonid inimesed ka internetis. Reeglid on v\u00e4ga lihtsad &#8211; m\u00e4ngimiseks ja jackpoti v\u00f5itmiseks peate valima \u00f5igesti 5 numbrit vahemikus 1 kuni 50, lisaks sellele tuleb \u00f5igesti sobitada veel 2 numbrit nimega &#8220;\u00f5nnelikud t\u00e4hed&#8221; vahemikus 1 kuni 11.<\/p>\n<p><a href=\"https:\/\/jackpotlotteryonline.com\/et\/kuidas-osta-loteriipileteid-internetis\/euromillions\">Hankige oma online-pilet kohe<\/a> meie teenuse kaudu &#8211; iga\u00fcks v\u00f5ib osaleda ja v\u00f5ita!<\/p>\n<section class=\"layout\" style=\"border: solid 1px; width: 100%;\">\n<div class=\"img-div\" style=\"margin-top: 5px;\"><img decoding=\"async\" class=\"wp-image-17212 alignleft\" style=\"height: 45px; margin: 8px 8px 0px;\" src=\"https:\/\/jackpotlotteryonline.com\/wp-content\/uploads\/2022\/11\/read1.jpg\" alt=\"loe\" width=\"\" height=\"\" \/><\/div>\n<div style=\"padding-left: 5px;\">\n<div style=\"font-size: 1.1em;\">\n<p><strong>Milline rahvusvaheline loterii on parim?<\/strong><\/p>\n<p style=\"font-size: 0.85em; margin-top: -1.5em;\">Millistel rahvusvahelistel loteriidel on parimad koefitsiendid v\u00f5ita <a href=\"https:\/\/jackpotlotteryonline.com\/et\/milline-rahvusvaheline-loterii-on-parim\">loe edasi<\/a><\/p>\n<\/div>\n<\/div>\n<\/section>\n<h2>Osta EuroJackpot pilet internetis<\/h2>\n<p><strong>EuroJackpot&#8217;i online m\u00e4ngimise suurep\u00e4rane k\u00fclg<\/strong> on see, et v\u00f5ita on palju auhindu, nii et kui te ei ole jackpot&#8217;i v\u00f5itja, siis \u00e4rge muretsege, sest teil v\u00f5ib olla v\u00e4ga hea v\u00f5imalus v\u00f5ita suuri rahalisi auhindu. Lisaks suurele jackpotiauhinnale, mida v\u00f5ite v\u00f5ita, kui ostate EuroJackpot online pileti, on 13 erinevat auhinda, mida v\u00f5ite v\u00f5ita.<br \/>\n<img loading=\"lazy\" decoding=\"async\" class=\"alignright size-medium wp-image-18736\" src=\"https:\/\/jackpotlotteryonline.com\/wp-content\/uploads\/2022\/10\/2_ticket_eurojackpot-141x300.jpg\" alt=\"eurojackpot pilet\" width=\"141\" height=\"300\" srcset=\"https:\/\/jackpotlotteryonline.com\/wp-content\/uploads\/2022\/10\/2_ticket_eurojackpot-141x300.jpg 141w, https:\/\/jackpotlotteryonline.com\/wp-content\/uploads\/2022\/10\/2_ticket_eurojackpot.jpg 150w\" sizes=\"auto, (max-width: 141px) 100vw, 141px\" \/><\/p>\n<p>Kui suure jackpotiauhinna v\u00f5itjat ei leia, l\u00e4heb Eurojackpot edasi teisele n\u00e4dalale. Seet\u00f5ttu on varemgi olnud hiiglaslikke 100 miljoni euro v\u00f5i suuremaid jackpoteid. Loteriid m\u00e4ngivad tavaliselt Euroopa riikide elanikud, seega ostavad igal n\u00e4dalal osalejad sellistes kohtades nagu \u00dchendkuningriik, Prantsusmaa, Saksamaa ja \u0160veits EuroJackpot&#8217;i pileteid internetis.<\/p>\n<p>Loteriipileti ostmine internetis on kiiresti muutumas k\u00f5ige populaarsemaks viisiks Eurojackpot&#8217;i loteriis m\u00e4ngimiseks. Reeglid on samad, kuid kogu m\u00e4ngimise protsess on pileti ostmisel palju kiirem ja lihtsam. N\u00e4iteks selle asemel, et minna kohalikku kauplusesse f\u00fc\u00fcsilist piletit ostma, saate lihtsalt sisse logida m\u00e4ngude veebilehele ja valida oma numbrid mugavalt kodust v\u00f5i isegi kontorist sekunditega.<\/p>\n<p>Kui olete valinud oma \u00f5nnenumbrid v\u00f5i isegi mitu numbrikomplekti, kui soovite t\u00f5esti suurendada oma v\u00f5iduv\u00f5imalusi, saate oma pileti eest turvaliselt ja turvaliselt maksta ka internetis. P\u00e4rast iga <a href=\"https:\/\/jackpotlotteryonline.com\/et\/winning-numbers\/euromillions\">Eurojackpot loterii loosimist<\/a> uuendatakse tulemusi internetis hetkega p\u00e4rast viimase numbri avaldamist igal n\u00e4dalal. See t\u00e4hendab, et saate lihtsalt uuesti oma kontole sisse logida ja vaadata v\u00f5itnud numbreid sekundite jooksul, v\u00e4listades vajaduse otsida tulemusi ajalehtedest.<\/p>\n<p>Veelgi enam, kui m\u00e4ngite EuroJackpot&#8217;i internetis koos meiega, saadetakse teile ka automaatselt e-kiri, kui olete m\u00f5ne numbrile vastanud.<\/p>\n","protected":false},"excerpt":{"rendered":"<p>Kuidas osaleda Eurojackpotis igast riigist Eurojackpot on koos Euromillionsiga \u00fcks suurimaid ja populaarsemaid loteriisid kogu Euroopas ning seda m\u00e4ngivad igal n\u00e4dalal miljonid inimesed \u00fcle kogu maailma. Eurojackpot loodi esmakordselt 1994. aastal, kuid t\u00e4nu mitmetele muudatustele reeglites ja formaadis l\u00fckkus see paar aastat edasi, kuni see l\u00f5puks 2004. aastal Euroopas k\u00e4ivitati ja m\u00e4ngimiseks valmis sai. Alates [&hellip;]<\/p>\n","protected":false},"author":1,"featured_media":0,"parent":35684,"menu_order":4,"comment_status":"closed","ping_status":"closed","template":"eurojackpot.php","meta":{"_et_pb_use_builder":"","_et_pb_old_content":"","_et_gb_content_width":"","exclude_from_search":false,"footnotes":""},"class_list":["post-36060","page","type-page","status-publish","hentry"],"yoast_head":"<!-- This site is optimized with the Yoast SEO plugin v23.3 - https:\/\/yoast.com\/wordpress\/plugins\/seo\/ -->\n<title>M\u00e4ngi Eurojackpotit internetis, isegi v\u00e4ljastpoolt Euroopat<\/title>\n<meta name=\"description\" content=\"Eurojackpot online m\u00e4ngimine toob sind l\u00e4hemale miljon\u00e4riks saamisele!\" \/>\n<meta name=\"robots\" content=\"index, follow, max-snippet:-1, max-image-preview:large, max-video-preview:-1\" \/>\n<link rel=\"canonical\" href=\"https:\/\/jackpotlotteryonline.com\/play-online\/eurojackpot\/\" \/>\n<meta property=\"og:locale\" content=\"et_EE\" \/>\n<meta property=\"og:type\" content=\"article\" \/>\n<meta property=\"og:title\" content=\"M\u00e4ngi Eurojackpotit internetis, isegi v\u00e4ljastpoolt Euroopat\" \/>\n<meta property=\"og:description\" content=\"Eurojackpot online m\u00e4ngimine toob sind l\u00e4hemale miljon\u00e4riks saamisele!\" \/>\n<meta property=\"og:url\" content=\"https:\/\/jackpotlotteryonline.com\/play-online\/eurojackpot\/\" \/>\n<meta property=\"og:site_name\" content=\"Lotto Online - Crack The International Lottery Jackpots\" \/>\n<meta property=\"article:modified_time\" content=\"2022-12-30T20:42:02+00:00\" \/>\n<meta property=\"og:image\" content=\"https:\/\/jackpotlotteryonline.com\/wp-content\/uploads\/2022\/10\/1_online_ticket_eurojackpot2.jpg\" \/>\n<meta name=\"twitter:card\" content=\"summary_large_image\" \/>\n<meta name=\"twitter:label1\" content=\"Est. reading time\" \/>\n\t<meta name=\"twitter:data1\" content=\"3 minutit\" \/>\n<!-- \/ Yoast SEO plugin. -->","yoast_head_json":{"title":"M\u00e4ngi Eurojackpotit internetis, isegi v\u00e4ljastpoolt Euroopat","description":"Eurojackpot online m\u00e4ngimine toob sind l\u00e4hemale miljon\u00e4riks saamisele!","robots":{"index":"index","follow":"follow","max-snippet":"max-snippet:-1","max-image-preview":"max-image-preview:large","max-video-preview":"max-video-preview:-1"},"canonical":"https:\/\/jackpotlotteryonline.com\/play-online\/eurojackpot\/","og_locale":"et_EE","og_type":"article","og_title":"M\u00e4ngi Eurojackpotit internetis, isegi v\u00e4ljastpoolt Euroopat","og_description":"Eurojackpot online m\u00e4ngimine toob sind l\u00e4hemale miljon\u00e4riks saamisele!","og_url":"https:\/\/jackpotlotteryonline.com\/play-online\/eurojackpot\/","og_site_name":"Lotto Online - Crack The International Lottery Jackpots","article_modified_time":"2022-12-30T20:42:02+00:00","og_image":[{"url":"https:\/\/jackpotlotteryonline.com\/wp-content\/uploads\/2022\/10\/1_online_ticket_eurojackpot2.jpg"}],"twitter_card":"summary_large_image","twitter_misc":{"Est. reading time":"3 minutit"},"schema":{"@context":"https:\/\/schema.org","@graph":[{"@type":"WebPage","@id":"https:\/\/jackpotlotteryonline.com\/play-online\/eurojackpot\/","url":"https:\/\/jackpotlotteryonline.com\/play-online\/eurojackpot\/","name":"M\u00e4ngi Eurojackpotit internetis, isegi v\u00e4ljastpoolt Euroopat","isPartOf":{"@id":"https:\/\/jackpotlotteryonline.com\/#website"},"primaryImageOfPage":{"@id":"https:\/\/jackpotlotteryonline.com\/play-online\/eurojackpot\/#primaryimage"},"image":{"@id":"https:\/\/jackpotlotteryonline.com\/play-online\/eurojackpot\/#primaryimage"},"thumbnailUrl":"https:\/\/jackpotlotteryonline.com\/wp-content\/uploads\/2022\/10\/1_online_ticket_eurojackpot2.jpg","datePublished":"2022-11-03T09:28:38+00:00","dateModified":"2022-12-30T20:42:02+00:00","description":"Eurojackpot online m\u00e4ngimine toob sind l\u00e4hemale miljon\u00e4riks saamisele!","breadcrumb":{"@id":"https:\/\/jackpotlotteryonline.com\/play-online\/eurojackpot\/#breadcrumb"},"inLanguage":"et","potentialAction":[{"@type":"ReadAction","target":["https:\/\/jackpotlotteryonline.com\/play-online\/eurojackpot\/"]}]},{"@type":"ImageObject","inLanguage":"et","@id":"https:\/\/jackpotlotteryonline.com\/play-online\/eurojackpot\/#primaryimage","url":"https:\/\/jackpotlotteryonline.com\/wp-content\/uploads\/2022\/10\/1_online_ticket_eurojackpot2.jpg","contentUrl":"https:\/\/jackpotlotteryonline.com\/wp-content\/uploads\/2022\/10\/1_online_ticket_eurojackpot2.jpg"},{"@type":"BreadcrumbList","@id":"https:\/\/jackpotlotteryonline.com\/play-online\/eurojackpot\/#breadcrumb","itemListElement":[{"@type":"ListItem","position":1,"name":"Home","item":"https:\/\/jackpotlotteryonline.com\/et\/"},{"@type":"ListItem","position":2,"name":"Kuidas m\u00e4ngida","item":"https:\/\/jackpotlotteryonline.com\/et\/kuidas-mangida\/"},{"@type":"ListItem","position":3,"name":"EuroJackpot"}]},{"@type":"WebSite","@id":"https:\/\/jackpotlotteryonline.com\/#website","url":"https:\/\/jackpotlotteryonline.com\/","name":"Lotto Online - Crack The International Lottery Jackpots","description":"","potentialAction":[{"@type":"SearchAction","target":{"@type":"EntryPoint","urlTemplate":"https:\/\/jackpotlotteryonline.com\/?s={search_term_string}"},"query-input":"required name=search_term_string"}],"inLanguage":"et"}]}},"_links":{"self":[{"href":"https:\/\/jackpotlotteryonline.com\/et\/wp-json\/wp\/v2\/pages\/36060","targetHints":{"allow":["GET"]}}],"collection":[{"href":"https:\/\/jackpotlotteryonline.com\/et\/wp-json\/wp\/v2\/pages"}],"about":[{"href":"https:\/\/jackpotlotteryonline.com\/et\/wp-json\/wp\/v2\/types\/page"}],"author":[{"embeddable":true,"href":"https:\/\/jackpotlotteryonline.com\/et\/wp-json\/wp\/v2\/users\/1"}],"replies":[{"embeddable":true,"href":"https:\/\/jackpotlotteryonline.com\/et\/wp-json\/wp\/v2\/comments?post=36060"}],"version-history":[{"count":0,"href":"https:\/\/jackpotlotteryonline.com\/et\/wp-json\/wp\/v2\/pages\/36060\/revisions"}],"up":[{"embeddable":true,"href":"https:\/\/jackpotlotteryonline.com\/et\/wp-json\/wp\/v2\/pages\/35684"}],"wp:attachment":[{"href":"https:\/\/jackpotlotteryonline.com\/et\/wp-json\/wp\/v2\/media?parent=36060"}],"curies":[{"name":"wp","href":"https:\/\/api.w.org\/{rel}","templated":true}]}}