{"id":36113,"date":"2022-11-03T11:03:40","date_gmt":"2022-11-03T11:03:40","guid":{"rendered":"https:\/\/jackpotlotteryonline.com\/?page_id=36113"},"modified":"2022-12-31T07:08:52","modified_gmt":"2022-12-31T07:08:52","slug":"superenalotto","status":"publish","type":"page","link":"https:\/\/jackpotlotteryonline.com\/et\/kuidas-mangida\/superenalotto\/","title":{"rendered":"SuperEnaLotto Itaalia"},"content":{"rendered":"<h2>Superenalotto Italia<\/h2>\n<p>See on Itaalia jackpot loterii, mis loositi esmakordselt 3. detsembril 1997 ja <strong>Superenalotto online jackpot<\/strong> j\u00f5uab v\u00e4ga tihti astronoomiliste summadeni. See loositakse v\u00e4lja igal teisip\u00e4eval, neljap\u00e4eval ja laup\u00e4eval t\u00e4pselt kell 20.00. Kuna tegemist on suurima jackpotisummaga, on selle loterii v\u00f5idut\u00f5en\u00e4osused \u00fched k\u00f5ige v\u00e4iksemad. <strong>Superenalotto Italia<\/strong> on teadaolevalt j\u00f5udnud \u00fcle 250 miljoni euro suuruste jackpotide summadeni.<\/p>\n<section class=\"layout\" style=\"border: solid 1px; width: 100%;\">\n<div class=\"img-div\" style=\"margin-top: 5px;\"><img decoding=\"async\" class=\"wp-image-17212 alignleft\" style=\"height: 45px; margin: 8px 8px 0px;\" src=\"https:\/\/jackpotlotteryonline.com\/wp-content\/uploads\/2022\/11\/read1.jpg\" alt=\"loe\" width=\"\" height=\"\" \/><\/div>\n<div style=\"padding-left: 5px;\">\n<div style=\"font-size: 1.1em;\">\n<p><strong>Euroopa loteriid<\/strong><\/p>\n<p style=\"font-size: 0.85em; margin-top: -1.5em;\">Millised Euroopa loteriid on parimad?\u00a0 <a href=\"https:\/\/jackpotlotteryonline.com\/et\/millised-euroopa-loteriid-on-parimad\"> loe edasi<\/a><\/p>\n<\/div>\n<\/div>\n<\/section>\n<h2>Kuidas Superenalotto t\u00f6\u00f6tab<\/h2>\n<p><img loading=\"lazy\" decoding=\"async\" class=\"alignright wp-image-17735\" src=\"https:\/\/jackpotlotteryonline.com\/wp-content\/uploads\/2022\/10\/logo_superenalotto.png\" alt=\"m\u00e4ngi superenalottot internetis\" width=\"168\" height=\"178\" \/><\/p>\n<p><strong>Superenalotto<\/strong> h\u00f5lmab 6 numbri kokkulangemist 90-st. <a href=\"https:\/\/jackpotlotteryonline.com\/et\/winning-numbers\/superenalotto\">P\u00f5hiloosis loositakse<\/a> v\u00e4lja k\u00f5ik 6 numbrit, mille hulka kuulub ka Jolly number, ning seej\u00e4rel toimub teine ja s\u00f5ltumatu loosimine Superenaleri numbrile. Selleks, et<strong> Superenalotto Italial<\/strong> oleks mingeid v\u00f5imalusi midagi v\u00f5ita, tuleb v\u00e4hemalt 3 numbrit tabada ja selle saavutamise t\u00f5en\u00e4osus on 1:327. Jackpoti v\u00f5itmiseks on t\u00f5en\u00e4osus 1:622 miljonit.<\/p>\n<p>Superstari numbri m\u00e4ngimine maksab lisatasu, kuid kui oled m\u00e4ngus ja oled piisavalt \u00f5nnelik, et seda tabada, v\u00f5ib see suurendada auhinnaraha 100-kordseks. Tegelikult, kui sa tabad Superstar-numbri ja ei taba kuut p\u00f5hinumbrit, v\u00f5id ka fikseeritud summa auhinnarahaga \u00e4ra minna.<\/p>\n<h2>Mida v\u00f5id v\u00f5ita Superenalotto Jackpotiga?<\/h2>\n<p>2022. aastal on praegu <strong>Superenalotto Italia suurim jackpot, mis on praegu<\/strong> 295 miljonit eurot. See on kaugelt suurim jackpot, mida Itaalia loto ajaloos on v\u00f5idetud, ja selle lehek\u00fclje uuendamise ajal ei ole veel \u00fchtegi v\u00f5itjat leitud!<br \/>\n<img loading=\"lazy\" decoding=\"async\" class=\"alignright size-medium wp-image-19493\" src=\"https:\/\/jackpotlotteryonline.com\/wp-content\/uploads\/2022\/10\/2_ticket_superenalotto4-211x300.jpg\" alt=\"superenalotto pilet\" width=\"211\" height=\"300\" srcset=\"https:\/\/jackpotlotteryonline.com\/wp-content\/uploads\/2022\/10\/2_ticket_superenalotto4-211x300.jpg 211w, https:\/\/jackpotlotteryonline.com\/wp-content\/uploads\/2022\/10\/2_ticket_superenalotto4.jpg 300w\" sizes=\"auto, (max-width: 211px) 100vw, 211px\" \/><\/p>\n<p>Siiski ei ole p\u00f5hjust heidutada. Tegelikult on nii, et mida suurem on t\u00f5en\u00e4osus, seda suurem on v\u00f5idetav jackpot ja seda suurem on adrenaliinir\u00f5\u00f5m. Loterii on alati olnud \u00f5nnem\u00e4ng ja on t\u00f5en\u00e4oline, et just sina oled j\u00e4rgmine \u00f5nnelik.<\/p>\n<p><strong>Superena loterii online jackpot&#8217;i<\/strong> parim aspekt on see, et selles v\u00f5ib osaleda iga\u00fcks \u00fcksk\u00f5ik kust maailma paigast, isegi v\u00e4ljastpoolt Itaaliat, ja ainus osalemise alus on, et peaks olema 18+ aastane. <strong>Meie veebisait<\/strong> annab teile <a href=\"https:\/\/jackpotlotteryonline.com\/et\/kuidas-osta-loteriipileteid-internetis\/superenalotto\">parima v\u00f5imaluse Superenalotto Italia<\/a> m\u00e4ngimiseks ja kui te ei ole seda veel m\u00e4nginud, siis olete oma \u00f5nne vales kohas proovinud.<\/p>\n<p>Kui olete meie veebisaidil registreerunud ja olete oma volitusi kontrollinud, on teil vaja vaid valida oma numbrid ja teha makse, et veenduda, et olete broneerinud oma koha miljonite bussis. Meie kohalik esindaja ostab teie pileti kohapeal teie poolt m\u00e4\u00e4ratud numbritega ja tagab, et te saate peagi p\u00e4rast seda pileti skaneeringut n\u00e4ha.<\/p>\n<p>Kuigi <strong>Superenalotto Italia<\/strong> v\u00f5itmine on ebasoodsate koefitsientide k\u00fcsimus, saate meie teenuse abil tutvuda ka teiste loteriidega \u00fcle maailma, mida saate m\u00e4ngida internetis.<\/p>\n<p>Valige oma lemmik \u00f5nnem\u00e4ngud ja t\u00f5stke oma v\u00f5iduprotsenti, liitudes meie kasutajate kogukonnaga juba t\u00e4na. On aeg panna oma \u00f5nne \u00fclimalt proovile.<\/p>\n","protected":false},"excerpt":{"rendered":"<p>Superenalotto Italia See on Itaalia jackpot loterii, mis loositi esmakordselt 3. detsembril 1997 ja Superenalotto online jackpot j\u00f5uab v\u00e4ga tihti astronoomiliste summadeni. See loositakse v\u00e4lja igal teisip\u00e4eval, neljap\u00e4eval ja laup\u00e4eval t\u00e4pselt kell 20.00. Kuna tegemist on suurima jackpotisummaga, on selle loterii v\u00f5idut\u00f5en\u00e4osused \u00fched k\u00f5ige v\u00e4iksemad. Superenalotto Italia on teadaolevalt j\u00f5udnud \u00fcle 250 miljoni euro suuruste [&hellip;]<\/p>\n","protected":false},"author":1,"featured_media":0,"parent":35684,"menu_order":5,"comment_status":"closed","ping_status":"closed","template":"superenalotto.php","meta":{"_et_pb_use_builder":"","_et_pb_old_content":"","_et_gb_content_width":"","exclude_from_search":false,"footnotes":""},"class_list":["post-36113","page","type-page","status-publish","hentry"],"yoast_head":"<!-- This site is optimized with the Yoast SEO plugin v23.3 - https:\/\/yoast.com\/wordpress\/plugins\/seo\/ -->\n<title>M\u00e4ngi SuperEnaLotto online v\u00e4ljaspool Itaaliat<\/title>\n<meta name=\"description\" content=\"Superenalotto v\u00f5ib tunduda raske p\u00e4hkel, kuid kui sa tabad jackpot&#039;i, v\u00f5idad suurelt. M\u00e4ngi Superenalottot v\u00e4ljastpoolt Itaaliat siin!\" \/>\n<meta name=\"robots\" content=\"index, follow, max-snippet:-1, max-image-preview:large, max-video-preview:-1\" \/>\n<link rel=\"canonical\" href=\"https:\/\/jackpotlotteryonline.com\/play-online\/superenalotto\/\" \/>\n<meta property=\"og:locale\" content=\"et_EE\" \/>\n<meta property=\"og:type\" content=\"article\" \/>\n<meta property=\"og:title\" content=\"M\u00e4ngi SuperEnaLotto online v\u00e4ljaspool Itaaliat\" \/>\n<meta property=\"og:description\" content=\"Superenalotto v\u00f5ib tunduda raske p\u00e4hkel, kuid kui sa tabad jackpot&#039;i, v\u00f5idad suurelt. M\u00e4ngi Superenalottot v\u00e4ljastpoolt Itaaliat siin!\" \/>\n<meta property=\"og:url\" content=\"https:\/\/jackpotlotteryonline.com\/play-online\/superenalotto\/\" \/>\n<meta property=\"og:site_name\" content=\"Lotto Online - Crack The International Lottery Jackpots\" \/>\n<meta property=\"article:modified_time\" content=\"2022-12-31T07:08:52+00:00\" \/>\n<meta property=\"og:image\" content=\"https:\/\/jackpotlotteryonline.com\/wp-content\/uploads\/2022\/11\/read1.jpg\" \/>\n<meta name=\"twitter:card\" content=\"summary_large_image\" \/>\n<meta name=\"twitter:label1\" content=\"Est. reading time\" \/>\n\t<meta name=\"twitter:data1\" content=\"3 minutit\" \/>\n<!-- \/ Yoast SEO plugin. -->","yoast_head_json":{"title":"M\u00e4ngi SuperEnaLotto online v\u00e4ljaspool Itaaliat","description":"Superenalotto v\u00f5ib tunduda raske p\u00e4hkel, kuid kui sa tabad jackpot'i, v\u00f5idad suurelt. M\u00e4ngi Superenalottot v\u00e4ljastpoolt Itaaliat siin!","robots":{"index":"index","follow":"follow","max-snippet":"max-snippet:-1","max-image-preview":"max-image-preview:large","max-video-preview":"max-video-preview:-1"},"canonical":"https:\/\/jackpotlotteryonline.com\/play-online\/superenalotto\/","og_locale":"et_EE","og_type":"article","og_title":"M\u00e4ngi SuperEnaLotto online v\u00e4ljaspool Itaaliat","og_description":"Superenalotto v\u00f5ib tunduda raske p\u00e4hkel, kuid kui sa tabad jackpot'i, v\u00f5idad suurelt. M\u00e4ngi Superenalottot v\u00e4ljastpoolt Itaaliat siin!","og_url":"https:\/\/jackpotlotteryonline.com\/play-online\/superenalotto\/","og_site_name":"Lotto Online - Crack The International Lottery Jackpots","article_modified_time":"2022-12-31T07:08:52+00:00","og_image":[{"url":"https:\/\/jackpotlotteryonline.com\/wp-content\/uploads\/2022\/11\/read1.jpg"}],"twitter_card":"summary_large_image","twitter_misc":{"Est. reading time":"3 minutit"},"schema":{"@context":"https:\/\/schema.org","@graph":[{"@type":"WebPage","@id":"https:\/\/jackpotlotteryonline.com\/play-online\/superenalotto\/","url":"https:\/\/jackpotlotteryonline.com\/play-online\/superenalotto\/","name":"M\u00e4ngi SuperEnaLotto online v\u00e4ljaspool Itaaliat","isPartOf":{"@id":"https:\/\/jackpotlotteryonline.com\/#website"},"primaryImageOfPage":{"@id":"https:\/\/jackpotlotteryonline.com\/play-online\/superenalotto\/#primaryimage"},"image":{"@id":"https:\/\/jackpotlotteryonline.com\/play-online\/superenalotto\/#primaryimage"},"thumbnailUrl":"https:\/\/jackpotlotteryonline.com\/wp-content\/uploads\/2022\/11\/read1.jpg","datePublished":"2022-11-03T11:03:40+00:00","dateModified":"2022-12-31T07:08:52+00:00","description":"Superenalotto v\u00f5ib tunduda raske p\u00e4hkel, kuid kui sa tabad jackpot'i, v\u00f5idad suurelt. M\u00e4ngi Superenalottot v\u00e4ljastpoolt Itaaliat siin!","breadcrumb":{"@id":"https:\/\/jackpotlotteryonline.com\/play-online\/superenalotto\/#breadcrumb"},"inLanguage":"et","potentialAction":[{"@type":"ReadAction","target":["https:\/\/jackpotlotteryonline.com\/play-online\/superenalotto\/"]}]},{"@type":"ImageObject","inLanguage":"et","@id":"https:\/\/jackpotlotteryonline.com\/play-online\/superenalotto\/#primaryimage","url":"https:\/\/jackpotlotteryonline.com\/wp-content\/uploads\/2022\/11\/read1.jpg","contentUrl":"https:\/\/jackpotlotteryonline.com\/wp-content\/uploads\/2022\/11\/read1.jpg"},{"@type":"BreadcrumbList","@id":"https:\/\/jackpotlotteryonline.com\/play-online\/superenalotto\/#breadcrumb","itemListElement":[{"@type":"ListItem","position":1,"name":"Home","item":"https:\/\/jackpotlotteryonline.com\/et\/"},{"@type":"ListItem","position":2,"name":"Kuidas m\u00e4ngida","item":"https:\/\/jackpotlotteryonline.com\/et\/kuidas-mangida\/"},{"@type":"ListItem","position":3,"name":"SuperEnaLotto Itaalia"}]},{"@type":"WebSite","@id":"https:\/\/jackpotlotteryonline.com\/#website","url":"https:\/\/jackpotlotteryonline.com\/","name":"Lotto Online - Crack The International Lottery Jackpots","description":"","potentialAction":[{"@type":"SearchAction","target":{"@type":"EntryPoint","urlTemplate":"https:\/\/jackpotlotteryonline.com\/?s={search_term_string}"},"query-input":"required name=search_term_string"}],"inLanguage":"et"}]}},"_links":{"self":[{"href":"https:\/\/jackpotlotteryonline.com\/et\/wp-json\/wp\/v2\/pages\/36113","targetHints":{"allow":["GET"]}}],"collection":[{"href":"https:\/\/jackpotlotteryonline.com\/et\/wp-json\/wp\/v2\/pages"}],"about":[{"href":"https:\/\/jackpotlotteryonline.com\/et\/wp-json\/wp\/v2\/types\/page"}],"author":[{"embeddable":true,"href":"https:\/\/jackpotlotteryonline.com\/et\/wp-json\/wp\/v2\/users\/1"}],"replies":[{"embeddable":true,"href":"https:\/\/jackpotlotteryonline.com\/et\/wp-json\/wp\/v2\/comments?post=36113"}],"version-history":[{"count":0,"href":"https:\/\/jackpotlotteryonline.com\/et\/wp-json\/wp\/v2\/pages\/36113\/revisions"}],"up":[{"embeddable":true,"href":"https:\/\/jackpotlotteryonline.com\/et\/wp-json\/wp\/v2\/pages\/35684"}],"wp:attachment":[{"href":"https:\/\/jackpotlotteryonline.com\/et\/wp-json\/wp\/v2\/media?parent=36113"}],"curies":[{"name":"wp","href":"https:\/\/api.w.org\/{rel}","templated":true}]}}