{"id":36168,"date":"2022-11-03T14:24:51","date_gmt":"2022-11-03T14:24:51","guid":{"rendered":"https:\/\/jackpotlotteryonline.com\/?page_id=36168"},"modified":"2023-01-03T08:21:07","modified_gmt":"2023-01-03T08:21:07","slug":"el-gordo","status":"publish","type":"page","link":"https:\/\/jackpotlotteryonline.com\/et\/kuidas-mangida\/el-gordo\/","title":{"rendered":"M\u00e4ngi El Gordo Lotto Hispaania"},"content":{"rendered":"<h2>El Gordo Online Lotto Jackpot<\/h2>\n<p><img loading=\"lazy\" decoding=\"async\" class=\"alignright wp-image-18709\" src=\"https:\/\/jackpotlotteryonline.com\/wp-content\/uploads\/2022\/10\/2_ticket_el_gordo3-218x300.jpg\" alt=\"el gordo pilet\" width=\"174\" height=\"239\" srcset=\"https:\/\/jackpotlotteryonline.com\/wp-content\/uploads\/2022\/10\/2_ticket_el_gordo3-218x300.jpg 218w, https:\/\/jackpotlotteryonline.com\/wp-content\/uploads\/2022\/10\/2_ticket_el_gordo3.jpg 570w\" sizes=\"auto, (max-width: 174px) 100vw, 174px\" \/><\/p>\n<p>Keskmine hispaanlane kulutas 2009. aastal El Gordo loto jackpoti peale aukartust\u00e4ratavalt 60 eurot. Noh, see number 60 eurot ei pruugi tunduda suur, kuid kui korrutada see Hispaania elanikkonnaga, siis v\u00f5ib see lolliks minna. K\u00f5ige paremini tuntud Hispaania j\u00f5ululoterii v\u00e4ljaanne, kuid El Gordo loterii on ka igan\u00e4dalane \u00fcritus.<\/p>\n<p>See on loterii, mille puhul toimub <a href=\"https:\/\/jackpotlotteryonline.com\/et\/winning-numbers\/el-gordo-draw-results\">\u00fcks loosimine n\u00e4dalas (igal p\u00fchap\u00e4eval)<\/a> ja kus tuleb valida 5 numbrit 54 numbri hulgast. Nimi El Gordo t\u00e4hendab muide hispaania keeles &#8220;Suurt&#8221;.<\/p>\n<h2>El Gordo j\u00f5ululoos<\/h2>\n<p>El Gordo Navidad, mida m\u00e4ngitakse kord aastas j\u00f5ulude ajal, erineb v\u00e4ga palju teistest v\u00f5rreldavatest loteriidest maailmas, sest saadaval on ainult 85000 loosinumbrit (vahemikus 00000 kuni 84999) ja loterii loosimine on v\u00e4ga eriline s\u00fcndmus, mille korraldamine ja l\u00e4biviimine v\u00f5tab kaua aega.<\/p>\n<section class=\"layout\" style=\"border: solid 1px; width: 100%;\">\n<div class=\"img-div\" style=\"margin-top: 5px;\"><img decoding=\"async\" class=\"wp-image-17212 alignleft\" style=\"height: 45px; margin: 8px 8px 0px;\" src=\"https:\/\/jackpotlotteryonline.com\/wp-content\/uploads\/2022\/11\/read1.jpg\" alt=\"loe\" width=\"\" height=\"\" \/><\/div>\n<div style=\"padding-left: 5px;\">\n<div style=\"font-size: 1.1em;\">\n<p><strong>\u00c4ra j\u00e4ta vahele maailma suurimate loteriide jackpotide loosimise aegasid<\/strong><\/p>\n<p style=\"font-size: 0.85em; margin-top: -1.5em;\">Loetelu rahvusvaheliste loteriide loosimise aegadest <a href=\"https:\/\/jackpotlotteryonline.com\/et\/millal-on-rahvusvaheliste-loteriide-loosimise-ajad?\"> loe edasi<\/a><\/p>\n<\/div>\n<\/div>\n<\/section>\n<h2>Miks on j\u00f5ulu-El Gordo ainulaadne?<\/h2>\n<p><img loading=\"lazy\" decoding=\"async\" class=\"alignright size-full wp-image-17870\" src=\"https:\/\/jackpotlotteryonline.com\/wp-content\/uploads\/2022\/10\/lotto_euros.jpg\" alt=\"v\u00f5ita j\u00f5ulud El Gordo\" width=\"225\" height=\"134\" \/><\/p>\n<p>Loosimine ise on v\u00e4ga ainulaadne ja erinev. Selles ei ole peaaegu \u00fcldse mingeid masinaid ega tehnoloogiat. Suur kera on t\u00e4idetud puupallidega, millest iga\u00fchel on \u00fcks 5-kohaline number. Teine kera sisaldab palle, millel on auhinnad. Loosimist teostavad kaks last, kes v\u00f5tavad kummastki kerast \u00fche palli, mis m\u00e4\u00e4rab v\u00f5itnud numbri ja auhinna, mille see number on v\u00f5itnud.<\/p>\n<p>T\u00e4ielikult inimk\u00e4tega loositud El Gordo Online&#8217;i loto jackpot on v\u00e4ga ainulaadne ja \u00fcks k\u00f5ige ihaldatumaid Mandri-Euroopas. On kolm peamist ja \u00fcle 1000 v\u00e4iksema auhinna ning kolmele pealisnumbrile osaliselt vastavate numbrite puhul v\u00f5idetakse samuti midagi. Nii et see t\u00f5stab v\u00f5iduv\u00f5imalusi p\u00e4ris palju.<\/p>\n<p>El Gordo on \u00fcks maailma suurimaid loteriide jackpoteid, mille aastane auhinnaraha on \u00fcle 3 miljardi euro (praegusel hetkel ja see kasvab pidevalt). Sa ei pea olema Hispaania v\u00f5i Euroopa kodanik, El Gordo lotot v\u00f5ib m\u00e4ngida iga\u00fcks, kes on \u00fcle 18 aasta vana.<\/p>\n<h2>Kuidas ja miks peaksite El Gordo Online&#8217;i m\u00e4ngima?<\/h2>\n<p>Registreeru meie veebisaidil juba t\u00e4na, et kindlustada endale koht rikkustesse. Me aitame m\u00e4ngijatel v\u00e4ljastpoolt Hispaaniat osaleda El Gordo loteriis. K\u00f5ik, mida pead tegema, on konto loomine, numbrite valimine ja makse l\u00f5puleviimine. Seej\u00e4rel hoolitseme selle eest, et<a href=\"https:\/\/jackpotlotteryonline.com\/et\/kuidas-osta-loteriipileteid-internetis\/el-gordo\"> teie nimel ostetakse pilet El Gordo loto jackpotile<\/a>. Teie valitud numbritega pilet skaneeritakse teie eest ja juhul, kui te v\u00f5idate, aitame ka tagada, et raha j\u00f5uab teile v\u00f5imalikult kiiresti. Soovitatav on broneerida pilet oma lemmiknumbritega juba t\u00e4na.<\/p>\n","protected":false},"excerpt":{"rendered":"<p>El Gordo Online Lotto Jackpot Keskmine hispaanlane kulutas 2009. aastal El Gordo loto jackpoti peale aukartust\u00e4ratavalt 60 eurot. Noh, see number 60 eurot ei pruugi tunduda suur, kuid kui korrutada see Hispaania elanikkonnaga, siis v\u00f5ib see lolliks minna. K\u00f5ige paremini tuntud Hispaania j\u00f5ululoterii v\u00e4ljaanne, kuid El Gordo loterii on ka igan\u00e4dalane \u00fcritus. See on loterii, [&hellip;]<\/p>\n","protected":false},"author":1,"featured_media":0,"parent":35684,"menu_order":6,"comment_status":"closed","ping_status":"closed","template":"el-gordo.php","meta":{"_et_pb_use_builder":"","_et_pb_old_content":"","_et_gb_content_width":"","exclude_from_search":false,"footnotes":""},"class_list":["post-36168","page","type-page","status-publish","hentry"],"yoast_head":"<!-- This site is optimized with the Yoast SEO plugin v23.3 - https:\/\/yoast.com\/wordpress\/plugins\/seo\/ -->\n<title>M\u00e4ngi Hispaania El Gordo Lottot internetis - isegi v\u00e4ljastpoolt Hispaaniat<\/title>\n<meta name=\"description\" content=\"El Gordo online-loto jackpot on \u00fcks maailma suurimaid jackpoteid ja seda saab m\u00e4ngida internetis ka v\u00e4ljaspool Hispaaniat asuvatest riikidest.\" \/>\n<meta name=\"robots\" content=\"index, follow, max-snippet:-1, max-image-preview:large, max-video-preview:-1\" \/>\n<link rel=\"canonical\" href=\"https:\/\/jackpotlotteryonline.com\/play-online\/el-gordo\/\" \/>\n<meta property=\"og:locale\" content=\"et_EE\" \/>\n<meta property=\"og:type\" content=\"article\" \/>\n<meta property=\"og:title\" content=\"M\u00e4ngi Hispaania El Gordo Lottot internetis - isegi v\u00e4ljastpoolt Hispaaniat\" \/>\n<meta property=\"og:description\" content=\"El Gordo online-loto jackpot on \u00fcks maailma suurimaid jackpoteid ja seda saab m\u00e4ngida internetis ka v\u00e4ljaspool Hispaaniat asuvatest riikidest.\" \/>\n<meta property=\"og:url\" content=\"https:\/\/jackpotlotteryonline.com\/play-online\/el-gordo\/\" \/>\n<meta property=\"og:site_name\" content=\"Lotto Online - Crack The International Lottery Jackpots\" \/>\n<meta property=\"article:modified_time\" content=\"2023-01-03T08:21:07+00:00\" \/>\n<meta property=\"og:image\" content=\"https:\/\/jackpotlotteryonline.com\/wp-content\/uploads\/2022\/10\/2_ticket_el_gordo3-218x300.jpg\" \/>\n<meta name=\"twitter:card\" content=\"summary_large_image\" \/>\n<meta name=\"twitter:label1\" content=\"Est. reading time\" \/>\n\t<meta name=\"twitter:data1\" content=\"3 minutit\" \/>\n<!-- \/ Yoast SEO plugin. -->","yoast_head_json":{"title":"M\u00e4ngi Hispaania El Gordo Lottot internetis - isegi v\u00e4ljastpoolt Hispaaniat","description":"El Gordo online-loto jackpot on \u00fcks maailma suurimaid jackpoteid ja seda saab m\u00e4ngida internetis ka v\u00e4ljaspool Hispaaniat asuvatest riikidest.","robots":{"index":"index","follow":"follow","max-snippet":"max-snippet:-1","max-image-preview":"max-image-preview:large","max-video-preview":"max-video-preview:-1"},"canonical":"https:\/\/jackpotlotteryonline.com\/play-online\/el-gordo\/","og_locale":"et_EE","og_type":"article","og_title":"M\u00e4ngi Hispaania El Gordo Lottot internetis - isegi v\u00e4ljastpoolt Hispaaniat","og_description":"El Gordo online-loto jackpot on \u00fcks maailma suurimaid jackpoteid ja seda saab m\u00e4ngida internetis ka v\u00e4ljaspool Hispaaniat asuvatest riikidest.","og_url":"https:\/\/jackpotlotteryonline.com\/play-online\/el-gordo\/","og_site_name":"Lotto Online - Crack The International Lottery Jackpots","article_modified_time":"2023-01-03T08:21:07+00:00","og_image":[{"url":"https:\/\/jackpotlotteryonline.com\/wp-content\/uploads\/2022\/10\/2_ticket_el_gordo3-218x300.jpg"}],"twitter_card":"summary_large_image","twitter_misc":{"Est. reading time":"3 minutit"},"schema":{"@context":"https:\/\/schema.org","@graph":[{"@type":"WebPage","@id":"https:\/\/jackpotlotteryonline.com\/play-online\/el-gordo\/","url":"https:\/\/jackpotlotteryonline.com\/play-online\/el-gordo\/","name":"M\u00e4ngi Hispaania El Gordo Lottot internetis - isegi v\u00e4ljastpoolt Hispaaniat","isPartOf":{"@id":"https:\/\/jackpotlotteryonline.com\/#website"},"primaryImageOfPage":{"@id":"https:\/\/jackpotlotteryonline.com\/play-online\/el-gordo\/#primaryimage"},"image":{"@id":"https:\/\/jackpotlotteryonline.com\/play-online\/el-gordo\/#primaryimage"},"thumbnailUrl":"https:\/\/jackpotlotteryonline.com\/wp-content\/uploads\/2022\/10\/2_ticket_el_gordo3-218x300.jpg","datePublished":"2022-11-03T14:24:51+00:00","dateModified":"2023-01-03T08:21:07+00:00","description":"El Gordo online-loto jackpot on \u00fcks maailma suurimaid jackpoteid ja seda saab m\u00e4ngida internetis ka v\u00e4ljaspool Hispaaniat asuvatest riikidest.","breadcrumb":{"@id":"https:\/\/jackpotlotteryonline.com\/play-online\/el-gordo\/#breadcrumb"},"inLanguage":"et","potentialAction":[{"@type":"ReadAction","target":["https:\/\/jackpotlotteryonline.com\/play-online\/el-gordo\/"]}]},{"@type":"ImageObject","inLanguage":"et","@id":"https:\/\/jackpotlotteryonline.com\/play-online\/el-gordo\/#primaryimage","url":"https:\/\/jackpotlotteryonline.com\/wp-content\/uploads\/2022\/10\/2_ticket_el_gordo3-218x300.jpg","contentUrl":"https:\/\/jackpotlotteryonline.com\/wp-content\/uploads\/2022\/10\/2_ticket_el_gordo3-218x300.jpg"},{"@type":"BreadcrumbList","@id":"https:\/\/jackpotlotteryonline.com\/play-online\/el-gordo\/#breadcrumb","itemListElement":[{"@type":"ListItem","position":1,"name":"Home","item":"https:\/\/jackpotlotteryonline.com\/et\/"},{"@type":"ListItem","position":2,"name":"Kuidas m\u00e4ngida","item":"https:\/\/jackpotlotteryonline.com\/et\/kuidas-mangida\/"},{"@type":"ListItem","position":3,"name":"M\u00e4ngi El Gordo Lotto Hispaania"}]},{"@type":"WebSite","@id":"https:\/\/jackpotlotteryonline.com\/#website","url":"https:\/\/jackpotlotteryonline.com\/","name":"Lotto Online - Crack The International Lottery Jackpots","description":"","potentialAction":[{"@type":"SearchAction","target":{"@type":"EntryPoint","urlTemplate":"https:\/\/jackpotlotteryonline.com\/?s={search_term_string}"},"query-input":"required name=search_term_string"}],"inLanguage":"et"}]}},"_links":{"self":[{"href":"https:\/\/jackpotlotteryonline.com\/et\/wp-json\/wp\/v2\/pages\/36168","targetHints":{"allow":["GET"]}}],"collection":[{"href":"https:\/\/jackpotlotteryonline.com\/et\/wp-json\/wp\/v2\/pages"}],"about":[{"href":"https:\/\/jackpotlotteryonline.com\/et\/wp-json\/wp\/v2\/types\/page"}],"author":[{"embeddable":true,"href":"https:\/\/jackpotlotteryonline.com\/et\/wp-json\/wp\/v2\/users\/1"}],"replies":[{"embeddable":true,"href":"https:\/\/jackpotlotteryonline.com\/et\/wp-json\/wp\/v2\/comments?post=36168"}],"version-history":[{"count":0,"href":"https:\/\/jackpotlotteryonline.com\/et\/wp-json\/wp\/v2\/pages\/36168\/revisions"}],"up":[{"embeddable":true,"href":"https:\/\/jackpotlotteryonline.com\/et\/wp-json\/wp\/v2\/pages\/35684"}],"wp:attachment":[{"href":"https:\/\/jackpotlotteryonline.com\/et\/wp-json\/wp\/v2\/media?parent=36168"}],"curies":[{"name":"wp","href":"https:\/\/api.w.org\/{rel}","templated":true}]}}