{"id":36230,"date":"2022-11-04T07:52:01","date_gmt":"2022-11-04T07:52:01","guid":{"rendered":"https:\/\/jackpotlotteryonline.com\/?page_id=36230"},"modified":"2022-12-31T10:31:38","modified_gmt":"2022-12-31T10:31:38","slug":"france-lotto","status":"publish","type":"page","link":"https:\/\/jackpotlotteryonline.com\/et\/kuidas-mangida\/france-lotto\/","title":{"rendered":"M\u00e4ngi Prantsuse loteriid"},"content":{"rendered":"<h2>Prantsusmaa Lotto online<\/h2>\n<p><img loading=\"lazy\" decoding=\"async\" class=\"alignright size-full wp-image-18410\" src=\"https:\/\/jackpotlotteryonline.com\/wp-content\/uploads\/2022\/10\/win_big.jpg\" alt=\"m\u00e4ngida Prantsusmaa loto online\" width=\"224\" height=\"134\" \/><\/p>\n<p>France Lotto on \u00fcks vanimaid organiseeritud Euroopa loteriisid ning seda korraldab ja haldab Francaise des Jeux Group. See on Prantsusmaal ja mujal Euroopas v\u00e4ga populaarne. Kuna prantslased on v\u00e4ga kirglikud \u00f5nnem\u00e4ngu f\u00e4nnid, loositakse <a href=\"https:\/\/jackpotlotteryonline.com\/et\/winning-numbers\/france-lotto-2\">France Lotto online kolm korda n\u00e4dalas (esmasp\u00e4eviti, kolmap\u00e4eviti ja laup\u00e4eviti),<\/a> erinevalt enamikust teistest Euroopa loteriidest, mida loositakse ainult kaks korda n\u00e4dalas. Prantsuse Loto jagab aastas hinnanguliselt \u00fcle 4,4 miljardi auhinna ja sellega kaasneb suur jackpot.<\/p>\n<p>Te ei pea olema Prantsusmaa elanik &#8211; <strong>Prantsusmaa loto m\u00e4ngimine v\u00e4ljastpoolt Prantsusmaad on meie abiga v\u00f5imalik internetis.<\/strong><\/p>\n<p>V\u00f5rreldes teiste Euroopa loteriidega on Prantsuse Loto internetis pakutavate jackpotite suur kasv, sest jackpot suureneb miljoni euro v\u00f5rra. Kolme igan\u00e4dalase loosimisega koguneb ja t\u00f5useb see \u00fcsna kiiresti, kuni see v\u00f5idetakse. Asjaolu, et jackpot ei loeta loteriide seas suurimaks, t\u00f5estab, et jackpotit v\u00f5idetakse rohkem kui teistes loteriides.<\/p>\n<p>France Lotto online on v\u00e4idetavalt loonud rohkem miljon\u00e4re kui enamik teisi v\u00f5rreldavaid loteriisid Euroopas. Sa peaksid kasutama oma v\u00f5imalusi ja <a href=\"https:\/\/jackpotlotteryonline.com\/et\/kuidas-osta-loteriipileteid-internetis\/lotto-france\">ostma pileti Prantsusmaa Lotto online<\/a> ja saada j\u00e4rgmine miljon\u00e4r.<\/p>\n<p>Me oleme siin, et aidata teil m\u00e4ngida Prantsusmaa loto internetis. Selle m\u00e4ngu m\u00e4ngimine on lihtne nagu ABC ja nad aitavad teid kogu aeg.<\/p>\n<section class=\"layout\" style=\"border: solid 1px; width: 100%;\">\n<div class=\"img-div\" style=\"margin-top: 5px;\"><img decoding=\"async\" class=\"wp-image-17212 alignleft\" style=\"height: 45px; margin: 8px 8px 0px;\" src=\"https:\/\/jackpotlotteryonline.com\/wp-content\/uploads\/2022\/11\/read1.jpg\" alt=\"loe\" width=\"\" height=\"\" \/><\/div>\n<div style=\"padding-left: 5px;\">\n<div style=\"font-size: 1.1em;\">\n<p><strong>Vaata oma loterii numbrid loositakse otse\u00fclekandes<\/strong><\/p>\n<p style=\"font-size: 0.85em; margin-top: -1.5em;\">Kuidas vaadata oma lemmikloteriide otse\u00fclekandeid <a href=\"https:\/\/jackpotlotteryonline.com\/et\/vaadata-oma-loterii-numbrid-tommatakse-live\">loe edasi<\/a><\/p>\n<\/div>\n<\/div>\n<\/section>\n<h2>Kuidas m\u00e4ngida Prantsusmaa Lottot internetis?<\/h2>\n<p><img loading=\"lazy\" decoding=\"async\" class=\"alignright wp-image-27131\" src=\"https:\/\/jackpotlotteryonline.com\/wp-content\/uploads\/2022\/11\/1_jckpot_win_online.jpg\" alt=\"Prantsusmaa loterii jackpot\" width=\"159\" height=\"159\" srcset=\"https:\/\/jackpotlotteryonline.com\/wp-content\/uploads\/2022\/11\/1_jckpot_win_online.jpg 300w, https:\/\/jackpotlotteryonline.com\/wp-content\/uploads\/2022\/11\/1_jckpot_win_online-100x100.jpg 100w, https:\/\/jackpotlotteryonline.com\/wp-content\/uploads\/2022\/11\/1_jckpot_win_online-150x150.jpg 150w\" sizes=\"auto, (max-width: 159px) 100vw, 159px\" \/><\/p>\n<p>Nagu iga teine loterii, tuleb ka Prantsusmaa loto puhul valida 5 numbrit 49-st ja \u00fcks number teisest 10 numbrist koosnevast r\u00fchmast. Pileti ostmine on lihtne, kui tellite meie kaudu, ostame teie nimel pileti. Kohe p\u00e4rast ostu sooritamist n\u00e4ete valitud numbreid oma kontol ja veidi hiljem on teie kontol n\u00e4htav ka teie sissekande skaneering.<\/p>\n<p>Kui olete skeptiline numbrite valimise suhtes, on meil ka loterii numbrite generaator ja France Lotto online&#8217;i kiirvaliku v\u00f5imalus v\u00f5imaldab m\u00e4ngida juhuslikke numbreid.<\/p>\n<p>Peate olema \u00fcle 18-aastane, et osta Prantsusmaa loto online piletit ja enne seda saate meie kaudu teha m\u00f5ned uuringud varasemate tulemuste kohta, et aidata teil valida oma \u00f5nnenumbreid.<\/p>\n<h2>Prantsusmaa loto online auhindade kogumine<\/h2>\n<p>Lisaks jackpotile pakub France Lotto online ka muid auhindu sobivate numbrite eest. Erinevalt Ameerika loteriidest makstakse auhinnad v\u00e4lja t\u00e4ies ulatuses ja sularahas. Te peate esitama oma n\u00f5uded 2 kuu jooksul alates loosimise kuup\u00e4evast, mille puhul me aitame teid. Alla 2500 euro suurused auhinnarahad kantakse teie kontole meie veebisaidil. Sellest summast suuremad auhinnarahad tuleb suunata Francaise des Jeux&#8217;i maksekeskusesse.<\/p>\n<p>Kui m\u00e4ngite meie kaudu, aitame teil ka auhindu k\u00e4tte saada, esitades teie nimel n\u00f5ude ja hoolitsedes selle eest, et auhind j\u00f5uaks teile v\u00f5imalikult kiiresti k\u00e4tte. Tule registreeru juba t\u00e4na tasuta ja taotle etten\u00e4gematuid h\u00fcvesid&#8230;!<\/p>\n<p>K\u00f5ik Prantsusmaa lotos v\u00f5idetud auhinnad makstakse v\u00e4lja maksuvabalt!<\/p>\n","protected":false},"excerpt":{"rendered":"<p>Prantsusmaa Lotto online France Lotto on \u00fcks vanimaid organiseeritud Euroopa loteriisid ning seda korraldab ja haldab Francaise des Jeux Group. See on Prantsusmaal ja mujal Euroopas v\u00e4ga populaarne. Kuna prantslased on v\u00e4ga kirglikud \u00f5nnem\u00e4ngu f\u00e4nnid, loositakse France Lotto online kolm korda n\u00e4dalas (esmasp\u00e4eviti, kolmap\u00e4eviti ja laup\u00e4eviti), erinevalt enamikust teistest Euroopa loteriidest, mida loositakse ainult kaks [&hellip;]<\/p>\n","protected":false},"author":1,"featured_media":0,"parent":35684,"menu_order":9,"comment_status":"closed","ping_status":"closed","template":"lotto-fr.php","meta":{"_et_pb_use_builder":"","_et_pb_old_content":"","_et_gb_content_width":"","exclude_from_search":false,"footnotes":""},"class_list":["post-36230","page","type-page","status-publish","hentry"],"yoast_head":"<!-- This site is optimized with the Yoast SEO plugin v23.3 - https:\/\/yoast.com\/wordpress\/plugins\/seo\/ -->\n<title>Osalege Prantsusmaa Lottos internetis, v\u00e4ljastpoolt Prantsusmaad<\/title>\n<meta name=\"description\" content=\"Osta pilet Prantsusmaa loto siit - me v\u00f5imaldame loto f\u00e4nnidele v\u00e4ljastpoolt Prantsusmaad saada pilet selle populaarse loterii pileti\" \/>\n<meta name=\"robots\" content=\"index, follow, max-snippet:-1, max-image-preview:large, max-video-preview:-1\" \/>\n<link rel=\"canonical\" href=\"https:\/\/jackpotlotteryonline.com\/et\/kuidas-mangida\/france-lotto\/\" \/>\n<meta property=\"og:locale\" content=\"et_EE\" \/>\n<meta property=\"og:type\" content=\"article\" \/>\n<meta property=\"og:title\" content=\"Osalege Prantsusmaa Lottos internetis, v\u00e4ljastpoolt Prantsusmaad\" \/>\n<meta property=\"og:description\" content=\"Osta pilet Prantsusmaa loto siit - me v\u00f5imaldame loto f\u00e4nnidele v\u00e4ljastpoolt Prantsusmaad saada pilet selle populaarse loterii pileti\" \/>\n<meta property=\"og:url\" content=\"https:\/\/jackpotlotteryonline.com\/et\/kuidas-mangida\/france-lotto\/\" \/>\n<meta property=\"og:site_name\" content=\"Lotto Online - Crack The International Lottery Jackpots\" \/>\n<meta property=\"article:modified_time\" content=\"2022-12-31T10:31:38+00:00\" \/>\n<meta property=\"og:image\" content=\"https:\/\/jackpotlotteryonline.com\/wp-content\/uploads\/2022\/10\/win_big.jpg\" \/>\n<meta name=\"twitter:card\" content=\"summary_large_image\" \/>\n<meta name=\"twitter:label1\" content=\"Est. reading time\" \/>\n\t<meta name=\"twitter:data1\" content=\"3 minutit\" \/>\n<!-- \/ Yoast SEO plugin. -->","yoast_head_json":{"title":"Osalege Prantsusmaa Lottos internetis, v\u00e4ljastpoolt Prantsusmaad","description":"Osta pilet Prantsusmaa loto siit - me v\u00f5imaldame loto f\u00e4nnidele v\u00e4ljastpoolt Prantsusmaad saada pilet selle populaarse loterii pileti","robots":{"index":"index","follow":"follow","max-snippet":"max-snippet:-1","max-image-preview":"max-image-preview:large","max-video-preview":"max-video-preview:-1"},"canonical":"https:\/\/jackpotlotteryonline.com\/et\/kuidas-mangida\/france-lotto\/","og_locale":"et_EE","og_type":"article","og_title":"Osalege Prantsusmaa Lottos internetis, v\u00e4ljastpoolt Prantsusmaad","og_description":"Osta pilet Prantsusmaa loto siit - me v\u00f5imaldame loto f\u00e4nnidele v\u00e4ljastpoolt Prantsusmaad saada pilet selle populaarse loterii pileti","og_url":"https:\/\/jackpotlotteryonline.com\/et\/kuidas-mangida\/france-lotto\/","og_site_name":"Lotto Online - Crack The International Lottery Jackpots","article_modified_time":"2022-12-31T10:31:38+00:00","og_image":[{"url":"https:\/\/jackpotlotteryonline.com\/wp-content\/uploads\/2022\/10\/win_big.jpg"}],"twitter_card":"summary_large_image","twitter_misc":{"Est. reading time":"3 minutit"},"schema":{"@context":"https:\/\/schema.org","@graph":[{"@type":"WebPage","@id":"https:\/\/jackpotlotteryonline.com\/et\/kuidas-mangida\/france-lotto\/","url":"https:\/\/jackpotlotteryonline.com\/et\/kuidas-mangida\/france-lotto\/","name":"Osalege Prantsusmaa Lottos internetis, v\u00e4ljastpoolt Prantsusmaad","isPartOf":{"@id":"https:\/\/jackpotlotteryonline.com\/#website"},"primaryImageOfPage":{"@id":"https:\/\/jackpotlotteryonline.com\/et\/kuidas-mangida\/france-lotto\/#primaryimage"},"image":{"@id":"https:\/\/jackpotlotteryonline.com\/et\/kuidas-mangida\/france-lotto\/#primaryimage"},"thumbnailUrl":"https:\/\/jackpotlotteryonline.com\/wp-content\/uploads\/2022\/10\/win_big.jpg","datePublished":"2022-11-04T07:52:01+00:00","dateModified":"2022-12-31T10:31:38+00:00","description":"Osta pilet Prantsusmaa loto siit - me v\u00f5imaldame loto f\u00e4nnidele v\u00e4ljastpoolt Prantsusmaad saada pilet selle populaarse loterii pileti","breadcrumb":{"@id":"https:\/\/jackpotlotteryonline.com\/et\/kuidas-mangida\/france-lotto\/#breadcrumb"},"inLanguage":"et","potentialAction":[{"@type":"ReadAction","target":["https:\/\/jackpotlotteryonline.com\/et\/kuidas-mangida\/france-lotto\/"]}]},{"@type":"ImageObject","inLanguage":"et","@id":"https:\/\/jackpotlotteryonline.com\/et\/kuidas-mangida\/france-lotto\/#primaryimage","url":"https:\/\/jackpotlotteryonline.com\/wp-content\/uploads\/2022\/10\/win_big.jpg","contentUrl":"https:\/\/jackpotlotteryonline.com\/wp-content\/uploads\/2022\/10\/win_big.jpg"},{"@type":"BreadcrumbList","@id":"https:\/\/jackpotlotteryonline.com\/et\/kuidas-mangida\/france-lotto\/#breadcrumb","itemListElement":[{"@type":"ListItem","position":1,"name":"Home","item":"https:\/\/jackpotlotteryonline.com\/et\/"},{"@type":"ListItem","position":2,"name":"Kuidas m\u00e4ngida","item":"https:\/\/jackpotlotteryonline.com\/et\/kuidas-mangida\/"},{"@type":"ListItem","position":3,"name":"M\u00e4ngi Prantsuse loteriid"}]},{"@type":"WebSite","@id":"https:\/\/jackpotlotteryonline.com\/#website","url":"https:\/\/jackpotlotteryonline.com\/","name":"Lotto Online - Crack The International Lottery Jackpots","description":"","potentialAction":[{"@type":"SearchAction","target":{"@type":"EntryPoint","urlTemplate":"https:\/\/jackpotlotteryonline.com\/?s={search_term_string}"},"query-input":"required name=search_term_string"}],"inLanguage":"et"}]}},"_links":{"self":[{"href":"https:\/\/jackpotlotteryonline.com\/et\/wp-json\/wp\/v2\/pages\/36230","targetHints":{"allow":["GET"]}}],"collection":[{"href":"https:\/\/jackpotlotteryonline.com\/et\/wp-json\/wp\/v2\/pages"}],"about":[{"href":"https:\/\/jackpotlotteryonline.com\/et\/wp-json\/wp\/v2\/types\/page"}],"author":[{"embeddable":true,"href":"https:\/\/jackpotlotteryonline.com\/et\/wp-json\/wp\/v2\/users\/1"}],"replies":[{"embeddable":true,"href":"https:\/\/jackpotlotteryonline.com\/et\/wp-json\/wp\/v2\/comments?post=36230"}],"version-history":[{"count":0,"href":"https:\/\/jackpotlotteryonline.com\/et\/wp-json\/wp\/v2\/pages\/36230\/revisions"}],"up":[{"embeddable":true,"href":"https:\/\/jackpotlotteryonline.com\/et\/wp-json\/wp\/v2\/pages\/35684"}],"wp:attachment":[{"href":"https:\/\/jackpotlotteryonline.com\/et\/wp-json\/wp\/v2\/media?parent=36230"}],"curies":[{"name":"wp","href":"https:\/\/api.w.org\/{rel}","templated":true}]}}