{"id":36282,"date":"2022-11-04T09:23:37","date_gmt":"2022-11-04T09:23:37","guid":{"rendered":"https:\/\/jackpotlotteryonline.com\/?page_id=36282"},"modified":"2022-12-31T09:46:30","modified_gmt":"2022-12-31T09:46:30","slug":"german-lotto","status":"publish","type":"page","link":"https:\/\/jackpotlotteryonline.com\/et\/kuidas-mangida\/german-lotto\/","title":{"rendered":"Saksa Lotto"},"content":{"rendered":"<h2>Saksa Lotto on n\u00fc\u00fcd saadaval internetis<\/h2>\n<p><img loading=\"lazy\" decoding=\"async\" class=\"alignright wp-image-18464 size-full\" src=\"http:\/\/jackpotlotteryonline.com\/wp-content\/uploads\/2022\/10\/win_lottery_online.jpg\" alt=\"m\u00e4ngi saksa loto online\" width=\"231\" height=\"130\" \/><\/p>\n<p>Lotto Saksamaal on \u00fcle 5 aastak\u00fcmne vana ja Saksa loto online korraldavad ja haldavad Deutscher Lotto ja Toto Block. Kaks korda n\u00e4dalas, kolmap\u00e4eval ja laup\u00e4eval <a href=\"https:\/\/jackpotlotteryonline.com\/et\/winning-numbers\/german-lotto\">toimuva loosimisega<\/a>, on Saksa loto online enamasti \u00fcks Euroopa suurimaid jackpoteid. Seega on teil iga p\u00f5hjus m\u00e4ngida Saksa loto online-piletiga, kui elate v\u00e4ljaspool Saksamaad.<\/p>\n<p>Kui te ei ela Saksamaal, siis on teie ainus v\u00f5imalus m\u00e4ngida Saksa loto internetis meie juures. Kui olete meie veebisaidil registreerunud, saate kogu asjakohase teabe, mis puudutab Saksa loto online&#8217;i. See h\u00f5lmab vanu tulemusi, loterii numbrite generaatorit ja piirkonda, kust piletit osta. Nad aitavad teil isegi n\u00f5uda ja saada auhinna k\u00e4tte.<\/p>\n<h2>Kuidas Saksa loto online toimib<\/h2>\n<p>K\u00f5ik, mida peate tegema, <a href=\"https:\/\/jackpotlotteryonline.com\/et\/kuidas-osta-loteriipileteid-internetis\/lotto-germany\">on osta pilet Saksamaa loto online<\/a>, valides 6 numbrit 49-st. Teil on ka v\u00f5imalus valida supernumber vahemikus 1-10. P\u00f5hiline loosimine toimub p\u00f5hinumbritele ja seej\u00e4rel loositakse v\u00e4lja supernumber. Kui 6 p\u00f5hinumbrit langevad kokku, v\u00f5idate esimese auhinna. Tegelik jackpot antakse v\u00e4lja, kui teie 6 p\u00f5hinumbrit ja supernumber langevad loosimisel kokku.<\/p>\n<p>Saksa loto internetis v\u00f5ivad m\u00e4ngida ka inimesed v\u00e4ljastpoolt Saksamaad. Meie veebisaidil saate kasutada seda v\u00f5imalust, et proovida oma \u00f5nne ja j\u00e4tta \u00fclej\u00e4\u00e4nud logistika meie hooleks. Te peate olema \u00fcle 18-aastane, et m\u00e4ngida Saksa loto online-piletiga.<\/p>\n<section class=\"layout\" style=\"border: solid 1px; width: 100%;\">\n<div class=\"img-div\" style=\"margin-top: 5px;\"><img decoding=\"async\" class=\"wp-image-17212 alignleft\" style=\"height: 45px; margin: 8px 8px 0px;\" src=\"http:\/\/jackpotlotteryonline.com\/wp-content\/uploads\/2022\/11\/read1.jpg\" alt=\"loe\" width=\"\" height=\"\" \/><\/div>\n<div style=\"padding-left: 5px;\">\n<div style=\"font-size: 1.1em;\">\n<p><strong>Millise auto ostaksid sa, kui v\u00f5idaksid loteriis?<\/strong><\/p>\n<p style=\"font-size: 0.85em; margin-top: -1.5em;\">V\u00f5ida loteriis ja saada uus auto <a href=\"https:\/\/jackpotlotteryonline.com\/et\/millise-auto-te-ostaksite-kui-te-voidaksite-loteriis\">loe edasi<\/a><\/p>\n<\/div>\n<\/div>\n<\/section>\n<h2>Saksa loto v\u00f5itmine internetis<\/h2>\n<p><img loading=\"lazy\" decoding=\"async\" class=\"alignright size-medium wp-image-33350\" src=\"http:\/\/jackpotlotteryonline.com\/wp-content\/uploads\/2022\/11\/2_ticket_euromillions3-1-111x300.jpg\" alt=\"saksa loto pilet\" width=\"111\" height=\"300\" srcset=\"https:\/\/jackpotlotteryonline.com\/wp-content\/uploads\/2022\/11\/2_ticket_euromillions3-1-111x300.jpg 111w, https:\/\/jackpotlotteryonline.com\/wp-content\/uploads\/2022\/11\/2_ticket_euromillions3-1.jpg 180w\" sizes=\"auto, (max-width: 111px) 100vw, 111px\" \/><\/p>\n<p>Saksa loto v\u00f5itmine internetis on \u00f5nne k\u00fcsimus, kuid nii on see ka iga muu loterii puhul. Me suurendame teie v\u00f5imalusi v\u00f5ita Saksa loto internetis, kasutades meie loterii numbrigeneraatorit ja andes teile teavet varasemate tulemuste kohta, et aidata teil valida oma \u00f5nnenumbreid. Kogu asjakohane teave Saksa loto kohta internetis on seal saadaval ja te saate seda maksimaalselt kasutada, et suurendada oma v\u00f5imalusi.<\/p>\n<p>Saksa online-loto ei ole mitte ainult \u00fcks Euroopa suurimaid jackpot&#8217;eid, vaid ka k\u00f5ige paremini korraldatud loterii maailmas, mida korraldatakse v\u00e4ga professionaalselt. Kui m\u00e4ngite Saksa loto online ja kui v\u00f5idate, siis aitame teil oma auhinna raskusteta k\u00e4tte saada ja hoolitseme selle eest, et auhinnasumma j\u00f5uaks teile probleemideta.<\/p>\n<p>Kuigi Saksa loto online on \u00fcks vanimaid loteriisid Euroopas, ei ole see nii populaarne kui teised. Selle p\u00f5hjuseks on see, et seda ei reklaamita nii palju v\u00e4ljaspool Saksamaad.<strong> Igatahes ei ole see p\u00f5hjus, miks mitte m\u00e4ngida Saksa loto internetis.<\/strong> <strong>Proovige oma \u00f5nne Saksamaa lotos juba t\u00e4na.<\/strong><\/p>\n","protected":false},"excerpt":{"rendered":"<p>Saksa Lotto on n\u00fc\u00fcd saadaval internetis Lotto Saksamaal on \u00fcle 5 aastak\u00fcmne vana ja Saksa loto online korraldavad ja haldavad Deutscher Lotto ja Toto Block. Kaks korda n\u00e4dalas, kolmap\u00e4eval ja laup\u00e4eval toimuva loosimisega, on Saksa loto online enamasti \u00fcks Euroopa suurimaid jackpoteid. Seega on teil iga p\u00f5hjus m\u00e4ngida Saksa loto online-piletiga, kui elate v\u00e4ljaspool Saksamaad. [&hellip;]<\/p>\n","protected":false},"author":1,"featured_media":0,"parent":35684,"menu_order":8,"comment_status":"closed","ping_status":"closed","template":"lotto-german.php","meta":{"_et_pb_use_builder":"","_et_pb_old_content":"","_et_gb_content_width":"","exclude_from_search":false,"footnotes":""},"class_list":["post-36282","page","type-page","status-publish","hentry"],"yoast_head":"<!-- This site is optimized with the Yoast SEO plugin v23.3 - https:\/\/yoast.com\/wordpress\/plugins\/seo\/ -->\n<title>M\u00e4ngi Saksa loto v\u00e4ljaspool Saksamaad online-piletiga<\/title>\n<meta name=\"description\" content=\"Elad v\u00e4ljaspool Saksamaad? Pole probleem - m\u00e4ngige Saksa loto online-piletiga meilt.\" \/>\n<meta name=\"robots\" content=\"index, follow, max-snippet:-1, max-image-preview:large, max-video-preview:-1\" \/>\n<link rel=\"canonical\" href=\"https:\/\/jackpotlotteryonline.com\/play-online\/german-lotto\/\" \/>\n<meta property=\"og:locale\" content=\"et_EE\" \/>\n<meta property=\"og:type\" content=\"article\" \/>\n<meta property=\"og:title\" content=\"M\u00e4ngi Saksa loto v\u00e4ljaspool Saksamaad online-piletiga\" \/>\n<meta property=\"og:description\" content=\"Elad v\u00e4ljaspool Saksamaad? Pole probleem - m\u00e4ngige Saksa loto online-piletiga meilt.\" \/>\n<meta property=\"og:url\" content=\"https:\/\/jackpotlotteryonline.com\/play-online\/german-lotto\/\" \/>\n<meta property=\"og:site_name\" content=\"Lotto Online - Crack The International Lottery Jackpots\" \/>\n<meta property=\"article:modified_time\" content=\"2022-12-31T09:46:30+00:00\" \/>\n<meta property=\"og:image\" content=\"http:\/\/jackpotlotteryonline.com\/wp-content\/uploads\/2022\/10\/win_lottery_online.jpg\" \/>\n<meta name=\"twitter:card\" content=\"summary_large_image\" \/>\n<meta name=\"twitter:label1\" content=\"Est. reading time\" \/>\n\t<meta name=\"twitter:data1\" content=\"2 minutit\" \/>\n<!-- \/ Yoast SEO plugin. -->","yoast_head_json":{"title":"M\u00e4ngi Saksa loto v\u00e4ljaspool Saksamaad online-piletiga","description":"Elad v\u00e4ljaspool Saksamaad? Pole probleem - m\u00e4ngige Saksa loto online-piletiga meilt.","robots":{"index":"index","follow":"follow","max-snippet":"max-snippet:-1","max-image-preview":"max-image-preview:large","max-video-preview":"max-video-preview:-1"},"canonical":"https:\/\/jackpotlotteryonline.com\/play-online\/german-lotto\/","og_locale":"et_EE","og_type":"article","og_title":"M\u00e4ngi Saksa loto v\u00e4ljaspool Saksamaad online-piletiga","og_description":"Elad v\u00e4ljaspool Saksamaad? Pole probleem - m\u00e4ngige Saksa loto online-piletiga meilt.","og_url":"https:\/\/jackpotlotteryonline.com\/play-online\/german-lotto\/","og_site_name":"Lotto Online - Crack The International Lottery Jackpots","article_modified_time":"2022-12-31T09:46:30+00:00","og_image":[{"url":"http:\/\/jackpotlotteryonline.com\/wp-content\/uploads\/2022\/10\/win_lottery_online.jpg"}],"twitter_card":"summary_large_image","twitter_misc":{"Est. reading time":"2 minutit"},"schema":{"@context":"https:\/\/schema.org","@graph":[{"@type":"WebPage","@id":"https:\/\/jackpotlotteryonline.com\/play-online\/german-lotto\/","url":"https:\/\/jackpotlotteryonline.com\/play-online\/german-lotto\/","name":"M\u00e4ngi Saksa loto v\u00e4ljaspool Saksamaad online-piletiga","isPartOf":{"@id":"https:\/\/jackpotlotteryonline.com\/#website"},"primaryImageOfPage":{"@id":"https:\/\/jackpotlotteryonline.com\/play-online\/german-lotto\/#primaryimage"},"image":{"@id":"https:\/\/jackpotlotteryonline.com\/play-online\/german-lotto\/#primaryimage"},"thumbnailUrl":"http:\/\/jackpotlotteryonline.com\/wp-content\/uploads\/2022\/10\/win_lottery_online.jpg","datePublished":"2022-11-04T09:23:37+00:00","dateModified":"2022-12-31T09:46:30+00:00","description":"Elad v\u00e4ljaspool Saksamaad? Pole probleem - m\u00e4ngige Saksa loto online-piletiga meilt.","breadcrumb":{"@id":"https:\/\/jackpotlotteryonline.com\/play-online\/german-lotto\/#breadcrumb"},"inLanguage":"et","potentialAction":[{"@type":"ReadAction","target":["https:\/\/jackpotlotteryonline.com\/play-online\/german-lotto\/"]}]},{"@type":"ImageObject","inLanguage":"et","@id":"https:\/\/jackpotlotteryonline.com\/play-online\/german-lotto\/#primaryimage","url":"http:\/\/jackpotlotteryonline.com\/wp-content\/uploads\/2022\/10\/win_lottery_online.jpg","contentUrl":"http:\/\/jackpotlotteryonline.com\/wp-content\/uploads\/2022\/10\/win_lottery_online.jpg"},{"@type":"BreadcrumbList","@id":"https:\/\/jackpotlotteryonline.com\/play-online\/german-lotto\/#breadcrumb","itemListElement":[{"@type":"ListItem","position":1,"name":"Home","item":"https:\/\/jackpotlotteryonline.com\/et\/"},{"@type":"ListItem","position":2,"name":"Kuidas m\u00e4ngida","item":"https:\/\/jackpotlotteryonline.com\/et\/kuidas-mangida\/"},{"@type":"ListItem","position":3,"name":"Saksa Lotto"}]},{"@type":"WebSite","@id":"https:\/\/jackpotlotteryonline.com\/#website","url":"https:\/\/jackpotlotteryonline.com\/","name":"Lotto Online - Crack The International Lottery Jackpots","description":"","potentialAction":[{"@type":"SearchAction","target":{"@type":"EntryPoint","urlTemplate":"https:\/\/jackpotlotteryonline.com\/?s={search_term_string}"},"query-input":"required name=search_term_string"}],"inLanguage":"et"}]}},"_links":{"self":[{"href":"https:\/\/jackpotlotteryonline.com\/et\/wp-json\/wp\/v2\/pages\/36282","targetHints":{"allow":["GET"]}}],"collection":[{"href":"https:\/\/jackpotlotteryonline.com\/et\/wp-json\/wp\/v2\/pages"}],"about":[{"href":"https:\/\/jackpotlotteryonline.com\/et\/wp-json\/wp\/v2\/types\/page"}],"author":[{"embeddable":true,"href":"https:\/\/jackpotlotteryonline.com\/et\/wp-json\/wp\/v2\/users\/1"}],"replies":[{"embeddable":true,"href":"https:\/\/jackpotlotteryonline.com\/et\/wp-json\/wp\/v2\/comments?post=36282"}],"version-history":[{"count":0,"href":"https:\/\/jackpotlotteryonline.com\/et\/wp-json\/wp\/v2\/pages\/36282\/revisions"}],"up":[{"embeddable":true,"href":"https:\/\/jackpotlotteryonline.com\/et\/wp-json\/wp\/v2\/pages\/35684"}],"wp:attachment":[{"href":"https:\/\/jackpotlotteryonline.com\/et\/wp-json\/wp\/v2\/media?parent=36282"}],"curies":[{"name":"wp","href":"https:\/\/api.w.org\/{rel}","templated":true}]}}