{"id":36392,"date":"2022-11-04T12:34:30","date_gmt":"2022-11-04T12:34:30","guid":{"rendered":"https:\/\/jackpotlotteryonline.com\/?page_id=36392"},"modified":"2022-12-19T15:44:28","modified_gmt":"2022-12-19T15:44:28","slug":"powerball","status":"publish","type":"page","link":"https:\/\/jackpotlotteryonline.com\/et\/kuidas-osta-loteriipileteid-internetis\/powerball\/","title":{"rendered":"USA Powerball loterii"},"content":{"rendered":"<h2>Kuidas saada Powerballi pileteid v\u00e4ljastpoolt USA-d<\/h2>\n<p>Peaaegu igas maailma riigis on loterii, kuid mitte k\u00f5ik loteriid ei ole nagu USA suured loteriid Powerball ja Mega Millions. Loto jackpotid USAs on j\u00f5udnud koguni 1,5 miljardi dollarini (2016. aastal). Teiste riikide lotode jackpotid ei ole kunagi sellist summat saavutanud, nii et iga kord, kui lotof\u00e4nnid loevad USA j\u00e4rjekordsest rekordilisest loto jackpotist, esitavad nad endale \u00fche k\u00fcsimuse: K<strong>as ma saan<a href=\"https:\/\/jackpotlotteryonline.com\/et\/kuidas-mangida\/powerball\"> Powerballi m\u00e4ngida v\u00e4ljaspool USAd<\/a>, v\u00f5ib-olla internetis?<\/strong><\/p>\n<p><strong>Noh, lihtne vastus on jaatav &#8211; isegi kui elate v\u00e4ljaspool USAd<\/strong>, saate Powerballi m\u00e4ngida. Me oleme mainekas teenus, mis v\u00f5imaldab teil osta pileteid nendele tohututele loteriidele v\u00f5i mitmetele teistele rahvusvahelistele loteriidele. See on nii lihtne kui v\u00f5imalik &#8211; valite oma numbrid internetis ja me saadame oma agendid USA-siseselt teie eest pileteid ostma. Need lotopiletid kuuluvad teile, nii et teil on \u00f5igustatud n\u00f5ue loteriikomisjoni enda vastu. Kui v\u00f5idate, aitame teil ka oma raha k\u00e4tte saada.<\/p>\n<p>Oluline on see, et te saate siit originaalse lotopileti, mitte ei osale mingisuguses lotopettuses!<\/p>\n<h2>Loosipileti ostmise protsess internetis<\/h2>\n<p><img loading=\"lazy\" decoding=\"async\" class=\"alignright size-full wp-image-34943\" src=\"https:\/\/jackpotlotteryonline.com\/wp-content\/uploads\/2022\/11\/2_ticket_powerball3-1.jpg\" alt=\"powerball pilet\" width=\"180\" height=\"194\" \/><\/p>\n<p><strong>K\u00f5igepealt vaatate meie veebilehe \u00fclaosas<\/strong>, kus kl\u00f5psate \u00fchel b\u00e4nneril ja valite loterii, milles soovite osaleda. Meie veebisait on saadaval rohkem kui 20 erinevas keeles. Enamik kliente ostab pileteid USA loteriide Powerball ja\/v\u00f5i Mega Millions jaoks, kuid v\u00e4ga sageli on ka teistel rahvusvahelistel loteriidel suured jackpotid. Saate neid sorteerida jackpoti suuruse j\u00e4rgi ja lihtsalt m\u00e4ngida seda lotot, millel on hetkel k\u00f5ige suurem summa. Kui soovite m\u00e4ngida mitut loteriid, on ka see lihtne &#8211; n\u00e4iteks v\u00f5ite osta \u00fche pileti Powerballi jaoks ja teise Hispaania El Gordo jaoks.<\/p>\n<p>Seej\u00e4rel valite oma numbrid &#8211; see on lihtne, sest meie veebisait n\u00e4itab teile, mitu numbrit peate valima. Kui soovite seda, on olemas kiirvaliku funktsioon, mis genereerib numbrid juhuslikult. Seej\u00e4rel valige, mitu piletit soovite osta ja <a href=\"https:\/\/jackpotlotteryonline.com\/et\/winning-numbers\/powerball\">mitu loosimist (n\u00e4dalat)<\/a> soovite, et teie pilet kehtiks. S\u00f5ltuvalt sellest, mitu n\u00e4dalat teie pilet osaleb, saate pileti eest makstavast hinnast allahindlust.<\/p>\n<p>Kui olete valinud k\u00f5ik oma valikud, n\u00e4ete koguhinda ja j\u00e4rgmine samm on kliendikonto registreerimine. Ka loteriipiletite eest tasumine on lihtne &#8211; enamik kliente valib krediitkaardiga maksmise v\u00f5imaluse, kuid on ka muid v\u00f5imalusi, n\u00e4iteks (s\u00f5ltuvalt riigist, kust olete p\u00e4rit) kohene panga\u00fclekanne v\u00f5i kr\u00fcptovaluutad.<\/p>\n<p>Teie maksete tegemiseks kasutatakse uusimaid ja k\u00f5ige turvalisemaid protokolle, nii et te ei pea kartma krediitkaardipettust. Kui soovite, saate valida v\u00f5imaluse saada pilet mitme loosimise jaoks, teie numbrid osalevad Powerballis v\u00f5i mis tahes loteriis, mille te valite, 2, 4, 6 v\u00f5i isegi 8 loosimist j\u00e4rjest.\u00a0 See on siiski valikuv\u00f5imalus &#8211; kui te seda ruutu ei m\u00e4rgista, v\u00f5etakse teilt tasu ainult \u00fche loosimise eest!<\/p>\n<p>Enamik inimesi v\u00e4ljaspool USA-d m\u00e4ngib ainult oma kohalikku loto, teadmata sellest v\u00f5imalusest m\u00e4ngida rahvusvahelist loto internetis. Aga n\u00fc\u00fcd, kui te olete kursis, mis takistab teid m\u00e4ngimast jackpotidele, mis on sageli 100 korda suuremad kui see, mida saate v\u00f5ita oma elukohariigis? V\u00f5ib-olla saab sinust j\u00e4rgmine Powerballi jackpoti v\u00f5itja!<\/p>\n<section class=\"layout\" style=\"border: solid 1px; width: 100%;\">\n<div class=\"img-div\" style=\"margin-top: 5px;\"><img decoding=\"async\" class=\"wp-image-17212 alignleft\" style=\"height: 45px; margin: 8px 8px 0px;\" src=\"https:\/\/jackpotlotteryonline.com\/wp-content\/uploads\/2022\/11\/read1.jpg\" alt=\"m\u00e4ngida Powerballi v\u00e4ljastpoolt USA-d\" width=\"\" height=\"\" \/><\/div>\n<div style=\"padding-left: 5px;\">\n<div style=\"font-size: 1.1em;\">\n<p><strong>Kas teiste riikide loteriide m\u00e4ngimine internetis on seaduslik?<\/strong><\/p>\n<p style=\"font-size: 0.85em; margin-top: -1.5em;\">Kas on seaduslik saada loteriipiletit internetis ja kas ma tegelikult saan raha? \u00a0<a href=\"https:\/\/jackpotlotteryonline.com\/et\/kas-teiste-riikide-loteriide-mangimine-internetis-on-seaduslik\">loe edasi<\/a><\/p>\n<\/div>\n<\/div>\n<\/section>\n<h2>Lotto USA Online \u00fclevaade<\/h2>\n<p>Ameerika \u00dchendriikides on 43 osariiki, lisaks Columbia ringkond, USA Neitsisaared ja Puerto Rico, kus korraldatakse loteriid. K\u00f5igis neis piirkondades on osariikide loteriid, mis kuuluvad <strong>Lotto USA kategooriasse<\/strong>. M\u00f5ned suuremad Lotto USA loteriid, mida korraldatakse, on Mega Millions ja Powerball. Need on tohutud loteriid, mis on k\u00e4ttesaadavad kogu USA elanikele ja n\u00fc\u00fcd saavad ka v\u00e4lismaalt p\u00e4rit m\u00e4ngijad selle meie teenuse kaudu internetis osaleda.<\/p>\n<h2>Powerball Lotto USA<\/h2>\n<p><img loading=\"lazy\" decoding=\"async\" class=\"alignright size-full wp-image-31721\" src=\"https:\/\/jackpotlotteryonline.com\/wp-content\/uploads\/2022\/11\/powerball_globe_logo.png\" alt=\"osta powerballi online\" width=\"200\" height=\"212\" \/><\/p>\n<p>K\u00f5ige populaarsem Lotto USA m\u00e4ng on Powerball. Powerball loositakse USAs Floridas asuvas Universal Studios, kuid sellel m\u00e4ngul ei ole elukohan\u00f5uet, mis t\u00e4hendab, et selles Lotto USA m\u00e4ngus v\u00f5ivad osaleda ka Powerballile mittevastavate osariikide elanikud ja isegi m\u00e4ngijad v\u00e4ljaspool USAd.<\/p>\n<p>Powerballi m\u00e4ngimiseks peavad m\u00e4ngijad olema v\u00e4hemalt 18-aastased. M\u00e4ngijad peavad valima kuus numbrit &#8211; viis numbrit vahemikus 1-59 ja \u00fche PowerBall-numbri vahemikus 1-39. M\u00e4ngijad saavad kasutada Quick Pick funktsiooni, mis valib juhuslikult 6 numbrit.<\/p>\n<p>Powerballi jackpotid ulatuvad tavaliselt k\u00fcmnetesse miljonitesse dollaritesse, kuigi varem on need \u00fcsna sageli \u00fcletanud 200 miljonit dollarit.<\/p>\n<h2>Mega Millions Lotto USA<\/h2>\n<p>Mega Millions on veel \u00fcks <strong>USAs korraldatav loterii<\/strong>, mida loositakse USAs ja mis tegelikult loositakse Atlanta&#8217;s, Gruusias. Sellest hoolimata ei ole Mega Millionsil elukohan\u00f5uet, mis t\u00e4hendab, et Mega Millionsiga mitteseotud riikide elanikud ja isegi mitte-USA elanikud v\u00f5ivad osaleda ja v\u00f5ita Mega Millions Lotto USAs.<\/p>\n<p>Mega Million Lotto USA m\u00e4ngimiseks peate olema v\u00e4hemalt 18-aastane. Peate valima 6 numbrit &#8211; viis numbrit vahemikus 1-56 ja \u00fche Mega Ball numbri vahemikus 1-46. Teil on v\u00f5imalik kasutada kiirvaliku v\u00f5imalust, mis valib numbrid teie jaoks juhuslikult.<\/p>\n<p>Mega Million Lotto USA m\u00e4ng pakub nii rahalisi auhindu kui ka jackpoti auhinda. Elu muutev jackpot on teadaolevalt k\u00fc\u00fcndinud sadadesse miljonitesse dollaritesse, mis teeb selle m\u00e4ngu v\u00e4ga populaarseks.<\/p>\n<h2>NASPL &#8211; USA Lotto Assotsiatsioon<\/h2>\n<p>P\u00f5hja-Ameerika osariikide ja provintside loteriide assotsiatsioon (NASPL) esindab k\u00f5iki USA osariikide loteriisid ja provintside loteriisid ning Kanada loteriisid. NASPLi kaudu tegutseb t\u00f5husamalt Lotto USA. See on Lotto USA liidese, annab teavet, teostab teadus- ja arendustegevust, tagab turvalisuse ja koolitab Lotto USA t\u00f6\u00f6tajaid. K\u00f5ik suuremad USA loteriid on NASPLi liikmed.<\/p>\n","protected":false},"excerpt":{"rendered":"<p>Kuidas saada Powerballi pileteid v\u00e4ljastpoolt USA-d Peaaegu igas maailma riigis on loterii, kuid mitte k\u00f5ik loteriid ei ole nagu USA suured loteriid Powerball ja Mega Millions. Loto jackpotid USAs on j\u00f5udnud koguni 1,5 miljardi dollarini (2016. aastal). Teiste riikide lotode jackpotid ei ole kunagi sellist summat saavutanud, nii et iga kord, kui lotof\u00e4nnid loevad USA [&hellip;]<\/p>\n","protected":false},"author":1,"featured_media":0,"parent":35747,"menu_order":1,"comment_status":"closed","ping_status":"closed","template":"powerball-usa-info.php","meta":{"_et_pb_use_builder":"","_et_pb_old_content":"","_et_gb_content_width":"","exclude_from_search":false,"footnotes":""},"class_list":["post-36392","page","type-page","status-publish","hentry"],"yoast_head":"<!-- This site is optimized with the Yoast SEO plugin v23.3 - https:\/\/yoast.com\/wordpress\/plugins\/seo\/ -->\n<title>Ostke Powerballi pileteid internetis mis tahes muust riigist v\u00e4ljaspool USAd<\/title>\n<meta name=\"description\" content=\"Uuri, kuidas teiste riikide elanikud saavad m\u00e4ngida Powerballi tohutute loteriide jackpotide eest internetis - v\u00f5id olla v\u00e4ljaspool USA-d ja ikkagi m\u00e4ngida\" \/>\n<meta name=\"robots\" content=\"index, follow, max-snippet:-1, max-image-preview:large, max-video-preview:-1\" \/>\n<link rel=\"canonical\" href=\"https:\/\/jackpotlotteryonline.com\/buy-tickets\/powerball\/\" \/>\n<meta property=\"og:locale\" content=\"et_EE\" \/>\n<meta property=\"og:type\" content=\"article\" \/>\n<meta property=\"og:title\" content=\"Ostke Powerballi pileteid internetis mis tahes muust riigist v\u00e4ljaspool USAd\" \/>\n<meta property=\"og:description\" content=\"Uuri, kuidas teiste riikide elanikud saavad m\u00e4ngida Powerballi tohutute loteriide jackpotide eest internetis - v\u00f5id olla v\u00e4ljaspool USA-d ja ikkagi m\u00e4ngida\" \/>\n<meta property=\"og:url\" content=\"https:\/\/jackpotlotteryonline.com\/buy-tickets\/powerball\/\" \/>\n<meta property=\"og:site_name\" content=\"Lotto Online - Crack The International Lottery Jackpots\" \/>\n<meta property=\"article:modified_time\" content=\"2022-12-19T15:44:28+00:00\" \/>\n<meta property=\"og:image\" content=\"https:\/\/jackpotlotteryonline.com\/wp-content\/uploads\/2022\/11\/2_ticket_powerball3-1.jpg\" \/>\n<meta name=\"twitter:card\" content=\"summary_large_image\" \/>\n<meta name=\"twitter:label1\" content=\"Est. reading time\" \/>\n\t<meta name=\"twitter:data1\" content=\"5 minutit\" \/>\n<!-- \/ Yoast SEO plugin. -->","yoast_head_json":{"title":"Ostke Powerballi pileteid internetis mis tahes muust riigist v\u00e4ljaspool USAd","description":"Uuri, kuidas teiste riikide elanikud saavad m\u00e4ngida Powerballi tohutute loteriide jackpotide eest internetis - v\u00f5id olla v\u00e4ljaspool USA-d ja ikkagi m\u00e4ngida","robots":{"index":"index","follow":"follow","max-snippet":"max-snippet:-1","max-image-preview":"max-image-preview:large","max-video-preview":"max-video-preview:-1"},"canonical":"https:\/\/jackpotlotteryonline.com\/buy-tickets\/powerball\/","og_locale":"et_EE","og_type":"article","og_title":"Ostke Powerballi pileteid internetis mis tahes muust riigist v\u00e4ljaspool USAd","og_description":"Uuri, kuidas teiste riikide elanikud saavad m\u00e4ngida Powerballi tohutute loteriide jackpotide eest internetis - v\u00f5id olla v\u00e4ljaspool USA-d ja ikkagi m\u00e4ngida","og_url":"https:\/\/jackpotlotteryonline.com\/buy-tickets\/powerball\/","og_site_name":"Lotto Online - Crack The International Lottery Jackpots","article_modified_time":"2022-12-19T15:44:28+00:00","og_image":[{"url":"https:\/\/jackpotlotteryonline.com\/wp-content\/uploads\/2022\/11\/2_ticket_powerball3-1.jpg"}],"twitter_card":"summary_large_image","twitter_misc":{"Est. reading time":"5 minutit"},"schema":{"@context":"https:\/\/schema.org","@graph":[{"@type":"WebPage","@id":"https:\/\/jackpotlotteryonline.com\/buy-tickets\/powerball\/","url":"https:\/\/jackpotlotteryonline.com\/buy-tickets\/powerball\/","name":"Ostke Powerballi pileteid internetis mis tahes muust riigist v\u00e4ljaspool USAd","isPartOf":{"@id":"https:\/\/jackpotlotteryonline.com\/#website"},"primaryImageOfPage":{"@id":"https:\/\/jackpotlotteryonline.com\/buy-tickets\/powerball\/#primaryimage"},"image":{"@id":"https:\/\/jackpotlotteryonline.com\/buy-tickets\/powerball\/#primaryimage"},"thumbnailUrl":"https:\/\/jackpotlotteryonline.com\/wp-content\/uploads\/2022\/11\/2_ticket_powerball3-1.jpg","datePublished":"2022-11-04T12:34:30+00:00","dateModified":"2022-12-19T15:44:28+00:00","description":"Uuri, kuidas teiste riikide elanikud saavad m\u00e4ngida Powerballi tohutute loteriide jackpotide eest internetis - v\u00f5id olla v\u00e4ljaspool USA-d ja ikkagi m\u00e4ngida","breadcrumb":{"@id":"https:\/\/jackpotlotteryonline.com\/buy-tickets\/powerball\/#breadcrumb"},"inLanguage":"et","potentialAction":[{"@type":"ReadAction","target":["https:\/\/jackpotlotteryonline.com\/buy-tickets\/powerball\/"]}]},{"@type":"ImageObject","inLanguage":"et","@id":"https:\/\/jackpotlotteryonline.com\/buy-tickets\/powerball\/#primaryimage","url":"https:\/\/jackpotlotteryonline.com\/wp-content\/uploads\/2022\/11\/2_ticket_powerball3-1.jpg","contentUrl":"https:\/\/jackpotlotteryonline.com\/wp-content\/uploads\/2022\/11\/2_ticket_powerball3-1.jpg"},{"@type":"BreadcrumbList","@id":"https:\/\/jackpotlotteryonline.com\/buy-tickets\/powerball\/#breadcrumb","itemListElement":[{"@type":"ListItem","position":1,"name":"Home","item":"https:\/\/jackpotlotteryonline.com\/et\/"},{"@type":"ListItem","position":2,"name":"Kuidas osta loteriipileteid internetis","item":"https:\/\/jackpotlotteryonline.com\/et\/kuidas-osta-loteriipileteid-internetis\/"},{"@type":"ListItem","position":3,"name":"USA Powerball loterii"}]},{"@type":"WebSite","@id":"https:\/\/jackpotlotteryonline.com\/#website","url":"https:\/\/jackpotlotteryonline.com\/","name":"Lotto Online - Crack The International Lottery Jackpots","description":"","potentialAction":[{"@type":"SearchAction","target":{"@type":"EntryPoint","urlTemplate":"https:\/\/jackpotlotteryonline.com\/?s={search_term_string}"},"query-input":"required name=search_term_string"}],"inLanguage":"et"}]}},"_links":{"self":[{"href":"https:\/\/jackpotlotteryonline.com\/et\/wp-json\/wp\/v2\/pages\/36392","targetHints":{"allow":["GET"]}}],"collection":[{"href":"https:\/\/jackpotlotteryonline.com\/et\/wp-json\/wp\/v2\/pages"}],"about":[{"href":"https:\/\/jackpotlotteryonline.com\/et\/wp-json\/wp\/v2\/types\/page"}],"author":[{"embeddable":true,"href":"https:\/\/jackpotlotteryonline.com\/et\/wp-json\/wp\/v2\/users\/1"}],"replies":[{"embeddable":true,"href":"https:\/\/jackpotlotteryonline.com\/et\/wp-json\/wp\/v2\/comments?post=36392"}],"version-history":[{"count":0,"href":"https:\/\/jackpotlotteryonline.com\/et\/wp-json\/wp\/v2\/pages\/36392\/revisions"}],"up":[{"embeddable":true,"href":"https:\/\/jackpotlotteryonline.com\/et\/wp-json\/wp\/v2\/pages\/35747"}],"wp:attachment":[{"href":"https:\/\/jackpotlotteryonline.com\/et\/wp-json\/wp\/v2\/media?parent=36392"}],"curies":[{"name":"wp","href":"https:\/\/api.w.org\/{rel}","templated":true}]}}