{"id":36452,"date":"2022-11-07T08:12:49","date_gmt":"2022-11-07T08:12:49","guid":{"rendered":"https:\/\/jackpotlotteryonline.com\/?page_id=36452"},"modified":"2022-12-19T18:42:23","modified_gmt":"2022-12-19T18:42:23","slug":"euromillions","status":"publish","type":"page","link":"https:\/\/jackpotlotteryonline.com\/et\/kuidas-osta-loteriipileteid-internetis\/euromillions\/","title":{"rendered":"Kas ma saan Euromillions&#8217;i pileti v\u00e4ljastpoolt Euroopat?"},"content":{"rendered":"<h2>Euroopa suurim loterii on Euromillions<\/h2>\n<p><img loading=\"lazy\" decoding=\"async\" class=\"alignright wp-image-17411 size-full\" src=\"https:\/\/jackpotlotteryonline.com\/wp-content\/uploads\/2022\/10\/euromillions.png\" alt=\"osta euromillions online\" width=\"200\" height=\"212\" \/><\/p>\n<p><a href=\"https:\/\/jackpotlotteryonline.com\/et\/kuidas-mangida\/euromillions\">Euromillions<\/a> on loterii, mida pakutakse erinevates Euroopa riikides. See on loodud selleks, et pakkuda oluliselt suuremaid jackpoteid kui nende \u00fcksikute riikide riiklikud loteriid. See saavutati v\u00e4iksema t\u00f5en\u00e4osusega loteriistruktuuri loomisega, mis t\u00e4hendab rohkem v\u00f5imalikke numbrikombinatsioone. Asjaolu, et selliste jackpotite l\u00f5hkumine v\u00f5tab tavaliselt kauem aega, koos suurema, 10 miljoni euro suuruse algse jackpotiga, on viinud selleni, et jackpotid ulatuvad regulaarselt \u00fcle 100 miljoni euro.<\/p>\n<h2>Miks on m\u00e4ngimiseks vaja online-piletite teenust?<\/h2>\n<p>Noh, kui te elate \u00fches osalevas Euroopa riigis, ei oleks teil sellist teenust nagu meie oma vaja. Aga kui te ei ela v\u00f5i kui te isegi v\u00e4ljaspool Euroopat elate, siis on ainus v\u00f5imalus Euromillions&#8217;i pileti hankimiseks online. K\u00f5ik, mida peate tegema, on <strong>kl\u00f5psata Euromillions&#8217;i b\u00e4nneri peal<\/strong> ja tellida piletid, seej\u00e4rel on teie osalemine kindlustatud. Muide, me ostame tegelikke Euromillions pileteid Euroopas asuva ametliku piletim\u00fc\u00fcja kaudu.<\/p>\n<section class=\"layout\" style=\"border: solid 1px; width: 100%;\">\n<div class=\"img-div\" style=\"margin-top: 5px;\"><img decoding=\"async\" class=\"wp-image-17212 alignleft\" style=\"height: 45px; margin: 8px 8px 0px;\" src=\"https:\/\/jackpotlotteryonline.com\/wp-content\/uploads\/2022\/11\/read1.jpg\" alt=\"m\u00e4ngida Euromillions\" width=\"\" height=\"\" \/><\/div>\n<div style=\"padding-left: 5px;\">\n<div style=\"font-size: 1.1em;\">\n<p><strong>Loteriid, millel on parimad v\u00f5imalused suurv\u00f5iduks<\/strong><\/p>\n<p style=\"font-size: 0.85em; margin-top: -1.5em;\">Millisel loteriil on parimad v\u00f5iduv\u00f5imalused?\u00a0<a href=\"https:\/\/jackpotlotteryonline.com\/et\/milline-loterii-on-parimad-voiduvoimalused\"> loe edasi<\/a><\/p>\n<\/div>\n<\/div>\n<\/section>\n<h2>Euromillionsist<\/h2>\n<p><a href=\"https:\/\/jackpotlotteryonline.com\/et\/winning-numbers\/euromillions\">Selles loteriis on kaks igan\u00e4dalast loosimist<\/a> teisip\u00e4eval ja reedel. See on \u00fcles ehitatud samamoodi nagu Eurojackpot, ainult et jackpotil ei ole \u00fclempiiri ja te peate valima kaks lisanumbrit vahemikus 1 kuni 12. Samuti on 13 auhinnaklassi.<\/p>\n<h2>Rahvusvaheliste loteriide piletite ostmise teenus<\/h2>\n<p><img loading=\"lazy\" decoding=\"async\" class=\"alignright size-full wp-image-33431\" src=\"https:\/\/jackpotlotteryonline.com\/wp-content\/uploads\/2022\/11\/2_ticket_euromillions-112x300-1.jpg\" alt=\"euromillions pilet\" width=\"112\" height=\"300\" \/><\/p>\n<p>Lisaks sellele, et pakume teile Euromillions&#8217;i ja Eurojackpot&#8217;i online-pileteid, on meil kokku rohkem kui 20 loteriid, mille hulgast valida. Kuigi v\u00f5ite alati valida suurima jackpotiga loteriid, tasub kaaluda ka m\u00f5ningaid &#8220;v\u00e4iksemaid&#8221; loteriisid. Need v\u00f5ivad pakkuda soodsamaid v\u00f5iduv\u00f5imalusi v\u00f5i madalamaid piletihindu.<\/p>\n<p>Samuti ei pea te muretsema makse- ja andmeturbe p\u00e4rast. Me kasutame maksete t\u00f6\u00f6tlemiseks \u00e4\u00e4rmiselt turvalisi protokolle. Me aktsepteerime makseid krediitkaartide, kr\u00fcptovaluutade, panga\u00fclekannete ja mitmete teiste v\u00f5imaluste kaudu.<\/p>\n","protected":false},"excerpt":{"rendered":"<p>Euroopa suurim loterii on Euromillions Euromillions on loterii, mida pakutakse erinevates Euroopa riikides. See on loodud selleks, et pakkuda oluliselt suuremaid jackpoteid kui nende \u00fcksikute riikide riiklikud loteriid. See saavutati v\u00e4iksema t\u00f5en\u00e4osusega loteriistruktuuri loomisega, mis t\u00e4hendab rohkem v\u00f5imalikke numbrikombinatsioone. Asjaolu, et selliste jackpotite l\u00f5hkumine v\u00f5tab tavaliselt kauem aega, koos suurema, 10 miljoni euro suuruse algse [&hellip;]<\/p>\n","protected":false},"author":1,"featured_media":0,"parent":35747,"menu_order":3,"comment_status":"closed","ping_status":"closed","template":"euromillions-info.php","meta":{"_et_pb_use_builder":"","_et_pb_old_content":"","_et_gb_content_width":"","exclude_from_search":false,"footnotes":""},"class_list":["post-36452","page","type-page","status-publish","hentry"],"yoast_head":"<!-- This site is optimized with the Yoast SEO plugin v23.3 - https:\/\/yoast.com\/wordpress\/plugins\/seo\/ -->\n<title>Hankige Euromillions&#039;i pilet v\u00e4ljastpoolt Euroopat<\/title>\n<meta name=\"description\" content=\"Kuidas osaleda Euromillions&#039;is v\u00e4ljaspool Euroopat - osta lihtsalt pilet internetis meie veebilehelt.\" \/>\n<meta name=\"robots\" content=\"index, follow, max-snippet:-1, max-image-preview:large, max-video-preview:-1\" \/>\n<link rel=\"canonical\" href=\"https:\/\/jackpotlotteryonline.com\/buy-tickets\/euromillions\/\" \/>\n<meta property=\"og:locale\" content=\"et_EE\" \/>\n<meta property=\"og:type\" content=\"article\" \/>\n<meta property=\"og:title\" content=\"Hankige Euromillions&#039;i pilet v\u00e4ljastpoolt Euroopat\" \/>\n<meta property=\"og:description\" content=\"Kuidas osaleda Euromillions&#039;is v\u00e4ljaspool Euroopat - osta lihtsalt pilet internetis meie veebilehelt.\" \/>\n<meta property=\"og:url\" content=\"https:\/\/jackpotlotteryonline.com\/buy-tickets\/euromillions\/\" \/>\n<meta property=\"og:site_name\" content=\"Lotto Online - Crack The International Lottery Jackpots\" \/>\n<meta property=\"article:modified_time\" content=\"2022-12-19T18:42:23+00:00\" \/>\n<meta property=\"og:image\" content=\"https:\/\/jackpotlotteryonline.com\/wp-content\/uploads\/2022\/10\/euromillions.png\" \/>\n<meta name=\"twitter:card\" content=\"summary_large_image\" \/>\n<meta name=\"twitter:label1\" content=\"Est. reading time\" \/>\n\t<meta name=\"twitter:data1\" content=\"2 minutit\" \/>\n<!-- \/ Yoast SEO plugin. -->","yoast_head_json":{"title":"Hankige Euromillions'i pilet v\u00e4ljastpoolt Euroopat","description":"Kuidas osaleda Euromillions'is v\u00e4ljaspool Euroopat - osta lihtsalt pilet internetis meie veebilehelt.","robots":{"index":"index","follow":"follow","max-snippet":"max-snippet:-1","max-image-preview":"max-image-preview:large","max-video-preview":"max-video-preview:-1"},"canonical":"https:\/\/jackpotlotteryonline.com\/buy-tickets\/euromillions\/","og_locale":"et_EE","og_type":"article","og_title":"Hankige Euromillions'i pilet v\u00e4ljastpoolt Euroopat","og_description":"Kuidas osaleda Euromillions'is v\u00e4ljaspool Euroopat - osta lihtsalt pilet internetis meie veebilehelt.","og_url":"https:\/\/jackpotlotteryonline.com\/buy-tickets\/euromillions\/","og_site_name":"Lotto Online - Crack The International Lottery Jackpots","article_modified_time":"2022-12-19T18:42:23+00:00","og_image":[{"url":"https:\/\/jackpotlotteryonline.com\/wp-content\/uploads\/2022\/10\/euromillions.png"}],"twitter_card":"summary_large_image","twitter_misc":{"Est. reading time":"2 minutit"},"schema":{"@context":"https:\/\/schema.org","@graph":[{"@type":"WebPage","@id":"https:\/\/jackpotlotteryonline.com\/buy-tickets\/euromillions\/","url":"https:\/\/jackpotlotteryonline.com\/buy-tickets\/euromillions\/","name":"Hankige Euromillions'i pilet v\u00e4ljastpoolt Euroopat","isPartOf":{"@id":"https:\/\/jackpotlotteryonline.com\/#website"},"primaryImageOfPage":{"@id":"https:\/\/jackpotlotteryonline.com\/buy-tickets\/euromillions\/#primaryimage"},"image":{"@id":"https:\/\/jackpotlotteryonline.com\/buy-tickets\/euromillions\/#primaryimage"},"thumbnailUrl":"https:\/\/jackpotlotteryonline.com\/wp-content\/uploads\/2022\/10\/euromillions.png","datePublished":"2022-11-07T08:12:49+00:00","dateModified":"2022-12-19T18:42:23+00:00","description":"Kuidas osaleda Euromillions'is v\u00e4ljaspool Euroopat - osta lihtsalt pilet internetis meie veebilehelt.","breadcrumb":{"@id":"https:\/\/jackpotlotteryonline.com\/buy-tickets\/euromillions\/#breadcrumb"},"inLanguage":"et","potentialAction":[{"@type":"ReadAction","target":["https:\/\/jackpotlotteryonline.com\/buy-tickets\/euromillions\/"]}]},{"@type":"ImageObject","inLanguage":"et","@id":"https:\/\/jackpotlotteryonline.com\/buy-tickets\/euromillions\/#primaryimage","url":"https:\/\/jackpotlotteryonline.com\/wp-content\/uploads\/2022\/10\/euromillions.png","contentUrl":"https:\/\/jackpotlotteryonline.com\/wp-content\/uploads\/2022\/10\/euromillions.png"},{"@type":"BreadcrumbList","@id":"https:\/\/jackpotlotteryonline.com\/buy-tickets\/euromillions\/#breadcrumb","itemListElement":[{"@type":"ListItem","position":1,"name":"Home","item":"https:\/\/jackpotlotteryonline.com\/et\/"},{"@type":"ListItem","position":2,"name":"Kuidas osta loteriipileteid internetis","item":"https:\/\/jackpotlotteryonline.com\/et\/kuidas-osta-loteriipileteid-internetis\/"},{"@type":"ListItem","position":3,"name":"Kas ma saan Euromillions&#8217;i pileti v\u00e4ljastpoolt Euroopat?"}]},{"@type":"WebSite","@id":"https:\/\/jackpotlotteryonline.com\/#website","url":"https:\/\/jackpotlotteryonline.com\/","name":"Lotto Online - Crack The International Lottery Jackpots","description":"","potentialAction":[{"@type":"SearchAction","target":{"@type":"EntryPoint","urlTemplate":"https:\/\/jackpotlotteryonline.com\/?s={search_term_string}"},"query-input":"required name=search_term_string"}],"inLanguage":"et"}]}},"_links":{"self":[{"href":"https:\/\/jackpotlotteryonline.com\/et\/wp-json\/wp\/v2\/pages\/36452","targetHints":{"allow":["GET"]}}],"collection":[{"href":"https:\/\/jackpotlotteryonline.com\/et\/wp-json\/wp\/v2\/pages"}],"about":[{"href":"https:\/\/jackpotlotteryonline.com\/et\/wp-json\/wp\/v2\/types\/page"}],"author":[{"embeddable":true,"href":"https:\/\/jackpotlotteryonline.com\/et\/wp-json\/wp\/v2\/users\/1"}],"replies":[{"embeddable":true,"href":"https:\/\/jackpotlotteryonline.com\/et\/wp-json\/wp\/v2\/comments?post=36452"}],"version-history":[{"count":0,"href":"https:\/\/jackpotlotteryonline.com\/et\/wp-json\/wp\/v2\/pages\/36452\/revisions"}],"up":[{"embeddable":true,"href":"https:\/\/jackpotlotteryonline.com\/et\/wp-json\/wp\/v2\/pages\/35747"}],"wp:attachment":[{"href":"https:\/\/jackpotlotteryonline.com\/et\/wp-json\/wp\/v2\/media?parent=36452"}],"curies":[{"name":"wp","href":"https:\/\/api.w.org\/{rel}","templated":true}]}}