{"id":36506,"date":"2022-11-07T09:42:45","date_gmt":"2022-11-07T09:42:45","guid":{"rendered":"https:\/\/jackpotlotteryonline.com\/?page_id=36506"},"modified":"2023-01-03T19:51:25","modified_gmt":"2023-01-03T19:51:25","slug":"eurojackpot","status":"publish","type":"page","link":"https:\/\/jackpotlotteryonline.com\/et\/kuidas-osta-loteriipileteid-internetis\/eurojackpot\/","title":{"rendered":"Eurojackpoti piletite ostmine v\u00e4ljastpoolt osalevaid riike"},"content":{"rendered":"<h2>EuroJackpotist<\/h2>\n<p><a href=\"https:\/\/jackpotlotteryonline.com\/et\/kuidas-mangida\/eurojackpot\">Eurojackpotil<\/a> on \u00fcks p\u00f5nev omadus, mida peaksite teadma: Kui jackpot j\u00f5uab 90 miljoni euroni, siis on olemas piir, mida v\u00f5ite v\u00f5ita. See t\u00e4hendab, et k\u00f5ik 90 miljonit eurot \u00fcletavad piletim\u00fc\u00fcgist saadud vahendid lisatakse teise astme hinnale. See teise astme hind on siis oluliselt k\u00f5rgem. Arvestades, et teil on 10 korda suurem t\u00f5en\u00e4osus v\u00f5ita see auhind v\u00f5rreldes jackpotiga, on alati hea strateegia keskenduda sellele loteriile, kui see on saavutanud 90 miljoni euro suuruse piirm\u00e4\u00e4ra.<\/p>\n<p><a href=\"https:\/\/jackpotlotteryonline.com\/et\/winning-numbers\/eurojackpot\">Eurojackpotil on ainult \u00fcks igan\u00e4dalane loosimisp\u00e4ev<\/a>, mis on reede. Valige 50 numbrist 5 numbrit, millele lisanduvad kaks lisanumbrit vahemikus 1-10, ja olete teel auhinna v\u00f5itmiseks kokku 12 tasandist.<\/p>\n<h2>Kuidas osta Eurojackpoti pileteid<\/h2>\n<p><img loading=\"lazy\" decoding=\"async\" class=\"wp-image-26077 size-medium alignright\" src=\"https:\/\/jackpotlotteryonline.com\/wp-content\/uploads\/2022\/11\/1_buy_eurojackpot_ticket-300x99.jpg\" alt=\"osta eurojackpoti pileteid internetist\" width=\"300\" height=\"99\" srcset=\"https:\/\/jackpotlotteryonline.com\/wp-content\/uploads\/2022\/11\/1_buy_eurojackpot_ticket-300x99.jpg 300w, https:\/\/jackpotlotteryonline.com\/wp-content\/uploads\/2022\/11\/1_buy_eurojackpot_ticket.jpg 350w\" sizes=\"auto, (max-width: 300px) 100vw, 300px\" \/><\/p>\n<p>Eurojackpot on Euroopa loterii ja pileteid m\u00fc\u00fcakse enamasti Eurojackpot-riikides. Eurojackpot&#8217;i loteriis osaleb 18 riiki ja k\u00f5ik, kes elavad nendes riikides, saavad osaleda loteriis. Eurojackpot&#8217;i riigid on Horvaatia, Taani, Eesti, Soome, Saksamaa, Island, Itaalia, L\u00e4ti, Leedu, Madalmaad, Norra, Sloveenia, Hispaania ja Rootsi.<\/p>\n<p>Kuigi Eurojackpotil on 18 riiki, mis on liikmed, m\u00fc\u00fcakse loteriilipikuid ka m\u00f5nes mitteosalevas riigis mandril. M\u00e4ngijad mis tahes neist riikidest v\u00f5ivad minna \u00fcksk\u00f5ik millisesse loteriim\u00fc\u00fcjasse ja osta loteriilipikuid. See ei kehti nende m\u00e4ngijate puhul, kes v\u00e4ljaspool Euroopat soovivad Eurojackpotisse siseneda.<\/p>\n<h2>Mida teha, kui elate v\u00e4ljaspool Euroopat<\/h2>\n<p>Kui elate v\u00e4ljaspool kontinenti ja soovite Eurojackpotis osaleda, on parim v\u00f5imalus minna internetis. Seda saab teha kas veebi v\u00f5i mobiilseadme kaudu. Mida sa pead tegema, on leida loterii sait, osta pilet ja osaleda loosimises. Seej\u00e4rel oodake, et n\u00e4ha, kas olete v\u00f5itnud. See on lihtne protsess, kuid on m\u00f5ned asjad, mida tuleb j\u00e4lgida.<\/p>\n<p>Eurojackpoti osav\u00f5tupileteid m\u00fc\u00fcakse mitmel veebilehel, kuid oluline on otsida seaduslik online-m\u00fc\u00fcja. Internet annab teile juurdep\u00e4\u00e4su h\u00e4mmastavatele rahvusvahelistele loteriidele, mitte ainult Eurojackpotile. Siiski peate olema kindel, et olete Eurojackpotis osalenud, mitte panustanud loterii tulemuse vastu. Jah, see on erinevus.<\/p>\n<section class=\"layout\" style=\"border: solid 1px; width: 100%;\">\n<div class=\"img-div\" style=\"margin-top: 5px;\"><img decoding=\"async\" class=\"wp-image-17212 alignleft\" style=\"height: 45px; margin: 8px 8px 0px;\" src=\"https:\/\/jackpotlotteryonline.com\/wp-content\/uploads\/2022\/11\/read1.jpg\" alt=\"Loe\" width=\"\" height=\"\" \/><\/div>\n<div style=\"padding-left: 5px;\">\n<div style=\"font-size: 1.1em;\">\n<p><strong>Milline rahvusvaheline loterii on parim?<\/strong><\/p>\n<p style=\"font-size: 0.85em; margin-top: -1.5em;\">Millistel rahvusvahelistel loteriidel on parimad koefitsiendid v\u00f5ita<a href=\"https:\/\/jackpotlotteryonline.com\/et\/milline-rahvusvaheline-loterii-on-parim\">\u00a0loe edasi<\/a><\/p>\n<\/div>\n<\/div>\n<\/section>\n<h2>Kust saada Eurojackpoti pileteid<\/h2>\n<p>Kui l\u00e4hete internetis Eurojackpot-m\u00fc\u00fcjat otsima, \u00e4rge kiirustage Eurojackpot&#8217;i pileti ostmisega, kui te ei tea, et tegemist on concierge&#8217;i saidiga. Sellised saidid annavad m\u00e4ngijatele juurdep\u00e4\u00e4su sellistele rahvusvahelistele tipplotodele nagu Eurojackpot, pakkudes loteriilipikuid.<\/p>\n<p>On v\u00f5imalik osta Eurojackpot&#8217;i loosilipp internetis ja siiski mitte osaleda loteriis. Seda seet\u00f5ttu, et need saidid lubavad m\u00e4ngijatel panustada ainult loterii tulemusele. Meie jackpotlotteryonline.com&#8217;is tagame, et saate Eurojackpot loteriisse siseneda, kus iganes te ka ei oleksite.<\/p>\n<p>Kui ostate meilt sissekande, l\u00e4hevad meie agendid sisu kohta v\u00e4lja ja ostavad f\u00fc\u00fcsilise Eurojackpot&#8217;i sedeliga koos vastavate numbritega. Sel viisil, isegi kui te ei viibi f\u00fc\u00fcsiliselt riigis, olete ikkagi Eurojackpotis osalenud. Kui teie sedel vastab loositud numbritele, saate auhinna. Samuti ei pea te muretsema oma Eurojackpoti auhinna k\u00e4ttesaamise p\u00e4rast, sest me tegeleme sellega teie eest. K\u00f5ik, mida peate tegema, on v\u00f5tta oma auhind meie platvormilt v\u00e4lja oma online-kontole.<\/p>\n<h2>Jackpotlotteryonline.com&#8217;ile registreerimise eelised<\/h2>\n<p><img loading=\"lazy\" decoding=\"async\" class=\"alignright size-medium wp-image-28886\" src=\"https:\/\/jackpotlotteryonline.com\/wp-content\/uploads\/2022\/11\/1_pick_for_eurojackpot-300x100.jpg\" alt=\"eurojackpot pilet\" width=\"300\" height=\"100\" srcset=\"https:\/\/jackpotlotteryonline.com\/wp-content\/uploads\/2022\/11\/1_pick_for_eurojackpot-300x100.jpg 300w, https:\/\/jackpotlotteryonline.com\/wp-content\/uploads\/2022\/11\/1_pick_for_eurojackpot-600x200.jpg 600w, https:\/\/jackpotlotteryonline.com\/wp-content\/uploads\/2022\/11\/1_pick_for_eurojackpot.jpg 734w\" sizes=\"auto, (max-width: 300px) 100vw, 300px\" \/><\/p>\n<p>Jackpotlotteryonline.com on concierge sait, seega v\u00f5imaldame meie klientidel siseneda loteriidesse \u00fcle kogu maailma. Me usume, et Eurojackpot peaks olema k\u00e4ttesaadav k\u00f5igile, kes on t\u00e4isealised ja teov\u00f5imelised, ning oleme selle kirega viinud oma teenuse osutamisse. Kui registreerite end meie juures, siis saate j\u00e4rgmist:<\/p>\n<ul>\n<li>Juurdep\u00e4\u00e4s enam kui kahele tosinale rahvusvahelisele loteriile, sealhulgas Eurojackpotile.<\/li>\n<li>\u00d5mblusteta viis loteriid m\u00e4ngida<\/li>\n<li>Saate m\u00e4ngida mitut loteriid ja osaleda mitmetes loosimistes k\u00f5ik \u00fches kohas<\/li>\n<li>Sa ei pea j\u00e4lgima k\u00f5iki oma Eurojackpot loteriipileteid, seda teeme meie sinu eest<\/li>\n<li>Me j\u00e4lgime ka teie v\u00f5ite ja hoiatame teid, et te ei j\u00e4\u00e4ks oma auhinna k\u00e4ttesaamisest ilma.<\/li>\n<li>saate oma v\u00f5idud h\u00f5lpsasti meie platvormilt oma online-kontole v\u00e4lja maksta<\/li>\n<\/ul>\n<p>Me keskendume sellele, et teil oleks loterii m\u00e4ngimisel meeldiv kogemus. Oleme oma teenuseid t\u00e4iustanud ja j\u00e4tkame protsessi t\u00e4iustamist, et see oleks meie m\u00e4ngijate jaoks intuitiivsem.<\/p>\n<h2>J\u00e4rgige Eurojackpotisse sisenemiseks j\u00e4rgmisi samme<\/h2>\n<p><strong>Samm 1:<\/strong> k\u00fclastage jackpotlotteryonline.com ja minge loteriisse, kuhu soovite siseneda, antud juhul Eurojackpot. Kl\u00f5psake sellel.<\/p>\n<p><strong>2. samm:<\/strong> valige 5 p\u00f5hinumbrit ja 2 lisanumbrit. V\u00f5ite valida mitu sisestusliini, et suurendada oma v\u00f5iduv\u00f5imalusi Eurojackpotis. Kui teil ei ole kindlat numbrit, kasutage &#8220;Quick Pick All&#8221;, et valikuprotsessi kiirendada.<\/p>\n<p><strong>3. samm:<\/strong> valige, millist piletit soovite osta. V\u00f5ite saada kas \u00fcksikpileti v\u00f5i osta mitme loosimise pileti, mis v\u00f5imaldab teil osaleda mitmes loosimises. J\u00e4llegi, mitme loosimise osalemine annab teile suurema v\u00f5imaluse v\u00f5ita Eurojackpot.<\/p>\n<p><strong>4. samm:<\/strong> Minge maksmise lehele. Maksmise lehel palutakse teil registreeruda v\u00f5i registreeruda. Sellel on kolm p\u00f5hjust:<\/p>\n<ol>\n<li>Et tagada, et teil oleks alati juurdep\u00e4\u00e4s oma Eurojackpot&#8217;i sedelile, sest see on ainus viis, kuidas saate auhinda taotleda.<\/li>\n<li>Et me saaksime teid teavitada, kui te v\u00f5idate Eurojackpoti v\u00f5i m\u00f5ne muu auhinna. Me teeme seda platvormi kaudu ja ka teie e-posti teel.<\/li>\n<li>Et teil oleks lihtne oma auhinda taotleda ja tagasi v\u00f5tta<\/li>\n<\/ol>\n<p>See on k\u00f5ik. Eurojackpotis osalemine, kus iganes sa ka ei oleks, on nii lihtne kui j\u00e4rgida neid kolme sammu. N\u00fc\u00fcd saate nautida turvalist ja muretut panustamist mugavalt oma arvutist v\u00f5i mobiilseadmest.<\/p>\n<p>Miks mitte registreeruda meil juba t\u00e4na, et osta Eurojackpoti pileteid v\u00e4ljastpoolt Euroopat? Loterii m\u00e4ngimine on p\u00f5nev ja kunagi ei tea, millal teil \u00f5nne on. Kui soovid v\u00f5imalust saada miljon\u00e4riks, mine online ja osale Eurojackpotis juba t\u00e4na.<\/p>\n","protected":false},"excerpt":{"rendered":"<p>EuroJackpotist Eurojackpotil on \u00fcks p\u00f5nev omadus, mida peaksite teadma: Kui jackpot j\u00f5uab 90 miljoni euroni, siis on olemas piir, mida v\u00f5ite v\u00f5ita. See t\u00e4hendab, et k\u00f5ik 90 miljonit eurot \u00fcletavad piletim\u00fc\u00fcgist saadud vahendid lisatakse teise astme hinnale. See teise astme hind on siis oluliselt k\u00f5rgem. Arvestades, et teil on 10 korda suurem t\u00f5en\u00e4osus v\u00f5ita see [&hellip;]<\/p>\n","protected":false},"author":1,"featured_media":0,"parent":35747,"menu_order":4,"comment_status":"closed","ping_status":"closed","template":"eurojackpot-info.php","meta":{"_et_pb_use_builder":"","_et_pb_old_content":"","_et_gb_content_width":"","exclude_from_search":false,"footnotes":""},"class_list":["post-36506","page","type-page","status-publish","hentry"],"yoast_head":"<!-- This site is optimized with the Yoast SEO plugin v23.3 - https:\/\/yoast.com\/wordpress\/plugins\/seo\/ -->\n<title>Osta Eurojackpoti pileteid v\u00e4ljastpoolt Euroopat | Osta pileteid internetis<\/title>\n<meta name=\"description\" content=\"M\u00f5nes Euroopa riigis saab Eurojackpoti pileteid osta poest. Kuid siin saate pileteid osta ka v\u00e4ljastpoolt Euroopat\" \/>\n<meta name=\"robots\" content=\"index, follow, max-snippet:-1, max-image-preview:large, max-video-preview:-1\" \/>\n<link rel=\"canonical\" href=\"https:\/\/jackpotlotteryonline.com\/buy-tickets\/eurojackpot\/\" \/>\n<meta property=\"og:locale\" content=\"et_EE\" \/>\n<meta property=\"og:type\" content=\"article\" \/>\n<meta property=\"og:title\" content=\"Osta Eurojackpoti pileteid v\u00e4ljastpoolt Euroopat | Osta pileteid internetis\" \/>\n<meta property=\"og:description\" content=\"M\u00f5nes Euroopa riigis saab Eurojackpoti pileteid osta poest. Kuid siin saate pileteid osta ka v\u00e4ljastpoolt Euroopat\" \/>\n<meta property=\"og:url\" content=\"https:\/\/jackpotlotteryonline.com\/buy-tickets\/eurojackpot\/\" \/>\n<meta property=\"og:site_name\" content=\"Lotto Online - Crack The International Lottery Jackpots\" \/>\n<meta property=\"article:modified_time\" content=\"2023-01-03T19:51:25+00:00\" \/>\n<meta property=\"og:image\" content=\"https:\/\/jackpotlotteryonline.com\/wp-content\/uploads\/2022\/11\/1_buy_eurojackpot_ticket-300x99.jpg\" \/>\n<meta name=\"twitter:card\" content=\"summary_large_image\" \/>\n<meta name=\"twitter:label1\" content=\"Est. reading time\" \/>\n\t<meta name=\"twitter:data1\" content=\"5 minutit\" \/>\n<!-- \/ Yoast SEO plugin. -->","yoast_head_json":{"title":"Osta Eurojackpoti pileteid v\u00e4ljastpoolt Euroopat | Osta pileteid internetis","description":"M\u00f5nes Euroopa riigis saab Eurojackpoti pileteid osta poest. Kuid siin saate pileteid osta ka v\u00e4ljastpoolt Euroopat","robots":{"index":"index","follow":"follow","max-snippet":"max-snippet:-1","max-image-preview":"max-image-preview:large","max-video-preview":"max-video-preview:-1"},"canonical":"https:\/\/jackpotlotteryonline.com\/buy-tickets\/eurojackpot\/","og_locale":"et_EE","og_type":"article","og_title":"Osta Eurojackpoti pileteid v\u00e4ljastpoolt Euroopat | Osta pileteid internetis","og_description":"M\u00f5nes Euroopa riigis saab Eurojackpoti pileteid osta poest. Kuid siin saate pileteid osta ka v\u00e4ljastpoolt Euroopat","og_url":"https:\/\/jackpotlotteryonline.com\/buy-tickets\/eurojackpot\/","og_site_name":"Lotto Online - Crack The International Lottery Jackpots","article_modified_time":"2023-01-03T19:51:25+00:00","og_image":[{"url":"https:\/\/jackpotlotteryonline.com\/wp-content\/uploads\/2022\/11\/1_buy_eurojackpot_ticket-300x99.jpg"}],"twitter_card":"summary_large_image","twitter_misc":{"Est. reading time":"5 minutit"},"schema":{"@context":"https:\/\/schema.org","@graph":[{"@type":"WebPage","@id":"https:\/\/jackpotlotteryonline.com\/buy-tickets\/eurojackpot\/","url":"https:\/\/jackpotlotteryonline.com\/buy-tickets\/eurojackpot\/","name":"Osta Eurojackpoti pileteid v\u00e4ljastpoolt Euroopat | Osta pileteid internetis","isPartOf":{"@id":"https:\/\/jackpotlotteryonline.com\/#website"},"primaryImageOfPage":{"@id":"https:\/\/jackpotlotteryonline.com\/buy-tickets\/eurojackpot\/#primaryimage"},"image":{"@id":"https:\/\/jackpotlotteryonline.com\/buy-tickets\/eurojackpot\/#primaryimage"},"thumbnailUrl":"https:\/\/jackpotlotteryonline.com\/wp-content\/uploads\/2022\/11\/1_buy_eurojackpot_ticket-300x99.jpg","datePublished":"2022-11-07T09:42:45+00:00","dateModified":"2023-01-03T19:51:25+00:00","description":"M\u00f5nes Euroopa riigis saab Eurojackpoti pileteid osta poest. Kuid siin saate pileteid osta ka v\u00e4ljastpoolt Euroopat","breadcrumb":{"@id":"https:\/\/jackpotlotteryonline.com\/buy-tickets\/eurojackpot\/#breadcrumb"},"inLanguage":"et","potentialAction":[{"@type":"ReadAction","target":["https:\/\/jackpotlotteryonline.com\/buy-tickets\/eurojackpot\/"]}]},{"@type":"ImageObject","inLanguage":"et","@id":"https:\/\/jackpotlotteryonline.com\/buy-tickets\/eurojackpot\/#primaryimage","url":"https:\/\/jackpotlotteryonline.com\/wp-content\/uploads\/2022\/11\/1_buy_eurojackpot_ticket-300x99.jpg","contentUrl":"https:\/\/jackpotlotteryonline.com\/wp-content\/uploads\/2022\/11\/1_buy_eurojackpot_ticket-300x99.jpg"},{"@type":"BreadcrumbList","@id":"https:\/\/jackpotlotteryonline.com\/buy-tickets\/eurojackpot\/#breadcrumb","itemListElement":[{"@type":"ListItem","position":1,"name":"Home","item":"https:\/\/jackpotlotteryonline.com\/et\/"},{"@type":"ListItem","position":2,"name":"Kuidas osta loteriipileteid internetis","item":"https:\/\/jackpotlotteryonline.com\/et\/kuidas-osta-loteriipileteid-internetis\/"},{"@type":"ListItem","position":3,"name":"Eurojackpoti piletite ostmine v\u00e4ljastpoolt osalevaid riike"}]},{"@type":"WebSite","@id":"https:\/\/jackpotlotteryonline.com\/#website","url":"https:\/\/jackpotlotteryonline.com\/","name":"Lotto Online - Crack The International Lottery Jackpots","description":"","potentialAction":[{"@type":"SearchAction","target":{"@type":"EntryPoint","urlTemplate":"https:\/\/jackpotlotteryonline.com\/?s={search_term_string}"},"query-input":"required name=search_term_string"}],"inLanguage":"et"}]}},"_links":{"self":[{"href":"https:\/\/jackpotlotteryonline.com\/et\/wp-json\/wp\/v2\/pages\/36506","targetHints":{"allow":["GET"]}}],"collection":[{"href":"https:\/\/jackpotlotteryonline.com\/et\/wp-json\/wp\/v2\/pages"}],"about":[{"href":"https:\/\/jackpotlotteryonline.com\/et\/wp-json\/wp\/v2\/types\/page"}],"author":[{"embeddable":true,"href":"https:\/\/jackpotlotteryonline.com\/et\/wp-json\/wp\/v2\/users\/1"}],"replies":[{"embeddable":true,"href":"https:\/\/jackpotlotteryonline.com\/et\/wp-json\/wp\/v2\/comments?post=36506"}],"version-history":[{"count":0,"href":"https:\/\/jackpotlotteryonline.com\/et\/wp-json\/wp\/v2\/pages\/36506\/revisions"}],"up":[{"embeddable":true,"href":"https:\/\/jackpotlotteryonline.com\/et\/wp-json\/wp\/v2\/pages\/35747"}],"wp:attachment":[{"href":"https:\/\/jackpotlotteryonline.com\/et\/wp-json\/wp\/v2\/media?parent=36506"}],"curies":[{"name":"wp","href":"https:\/\/api.w.org\/{rel}","templated":true}]}}