{"id":36559,"date":"2022-11-07T13:00:49","date_gmt":"2022-11-07T13:00:49","guid":{"rendered":"https:\/\/jackpotlotteryonline.com\/?page_id=36559"},"modified":"2023-01-03T20:23:11","modified_gmt":"2023-01-03T20:23:11","slug":"superenalotto","status":"publish","type":"page","link":"https:\/\/jackpotlotteryonline.com\/et\/kuidas-osta-loteriipileteid-internetis\/superenalotto\/","title":{"rendered":"Osta Superenalotto pileteid"},"content":{"rendered":"<h2>Miks Superenalotto?<\/h2>\n<p>Oled m\u00f5elnud, kuidas saab osta Superenalotto pileteid v\u00e4ljastpoolt Itaaliat? Superenalotto on \u00fcks populaarsemaid loteriid Euroopa mandril. Pole \u00fcllatav, et m\u00e4ngijad \u00fcle kogu maailma panustavad sellele loteriile regulaarselt.<\/p>\n<p>Meie jackpotlotteryonline.com-is anname m\u00e4ngijatele juurdep\u00e4\u00e4su rahvusvahelistele tipplotodele nagu Superenalotto. Me v\u00f5imaldame teil osta pileteid, kontrollida loosimise tulemusi ja p\u00e4\u00e4seda ligi oma v\u00f5itudele.<\/p>\n<p>Miks peaks m\u00e4ngija \u00fclemaailmse loteriide leviku juures otsustama panustada Superenalotto peale? Puudutame m\u00f5ningaid p\u00f5hjusi, miks Superenalotto on kiiresti muutumas m\u00e4ngijate seas populaarseks loteriiks. Kui teil on kiire panustada, v\u00f5ite n\u00fc\u00fcd k\u00fclastada meid, et saada v\u00f5imalus v\u00f5ita Superenalottol suurelt.<\/p>\n<h2>Superenalottol on h\u00e4mmastavad jackpotid<\/h2>\n<p>P\u00f5hjus number \u00fcks, miks m\u00e4ngijad armastavad Itaalia Superenalottot, on ilmselt h\u00e4mmastava jackpoti auhinna t\u00f5ttu. Huvitav on see, et jackpot algab minimaalselt 2 miljonist eurost. See ei tundu muljetavaldav summa, kui arvestada, et paljud loteriid pakuvad sellist summat.<\/p>\n<p>M\u00fc\u00fcgipunkt on aga see, et Superenalotto jackpotil ei ole \u00fclempiiri. Kui p\u00e4rast loosimist ei leia v\u00f5itjat, siis l\u00e4heb see \u00fcle ja j\u00e4tkab p\u00e4rast iga loosimist, kuni v\u00f5itja selgub. Et seda veelgi rohkem r\u00f5hutada, on Superenalotto loteriil <a href=\"https:\/\/jackpotlotteryonline.com\/et\/winning-numbers\/superenalotto\">kolm loosimist n\u00e4dalas<\/a>. On peaaegu piiramatu, mitu korda v\u00f5ib jackpot \u00fcmber p\u00f6\u00f6rata.<\/p>\n<p>Tegelikult rullus jackpot paar aastat tagasi nii mitu korda \u00fcle, et 2019. aasta rekordiline jackpot oli 209,1 miljonit eurot.<\/p>\n<h2>Kas me mainisime, et n\u00e4dalas toimub kolm loosimist?<\/h2>\n<p>Kui m\u00e4ngid Superenalottot, on sul igal n\u00e4dalal kolm v\u00f5imalust suurelt v\u00f5ita. Seda seet\u00f5ttu, et Superenalotto loteriis toimuvad loosimised kolm korda n\u00e4dalas, teisip\u00e4eviti, neljap\u00e4eviti ja laup\u00e4eviti.<\/p>\n<p>See t\u00e4hendab, et kui v\u00f5itjat ei ole, kasvab jackpoti summa kiiremini. Superenalotto jackpot v\u00f5is vaid \u00fche l\u00fchikese n\u00e4dalaga kolmekordistuda. Sellest piisab, et panustajad kiirustaksid oma panuseid tegema.<\/p>\n<p>Kas sa ei taha j\u00e4rgmisel loosimisel kaotada? Miks mitte minna jackpotlotteryonline.com lehele ja teha oma panus Superenalotole kohe? Kunagi ei tea, millal daam \u00f5nn teile soosib.<\/p>\n<h2>Top 5 Superenalotto v\u00f5itjat<\/h2>\n<p><img loading=\"lazy\" decoding=\"async\" class=\"alignright size-full wp-image-31316\" src=\"http:\/\/jackpotlotteryonline.com\/wp-content\/uploads\/2022\/11\/logo_superenalotto.png\" alt=\"Superenalotto loterii pall\" width=\"200\" height=\"212\" \/><\/p>\n<p>Ei ole veel kindel, kas soovite panustada Superenalotto loteriile? Pole probleemi. Teid innustatakse, kui loete, milliseid suup\u00e4raseid summasid on eelmised v\u00f5itjad koju viinud.<\/p>\n<p>Suurima jackpoti v\u00f5itis 2019. aastal \u00fcks loteriis\u00fcndikaat ja summa oli 209,1 miljonit eurot. Seda me juba l\u00fchidalt mainisime, kuid on veel midagi, mida me ei maininud. Selle jackpoti v\u00f5itis \u00fcks piletiomanik. Kas te kujutate ette, et saate koju \u00fcle kahesaja miljoni euro?<\/p>\n<p>Teise suurima jackpoti v\u00f5itis 2010. aastal \u00fcks loteriis\u00fcndikaat ja selle summa oli 177,7 miljonit eurot. Sellele j\u00e4rgneb 163,5 miljoni euro suurune jackpot, mille v\u00f5itis \u00fcks pilet 2016. aastal. J\u00e4rgmise suurima jackpoti v\u00f5itis 2009. aastal \u00fcks teine \u00fcksikpileti omanik ja summa oli 147,8 miljonit eurot. L\u00f5puks jagasid kaks piletit 2010. aastal 139 miljoni euro suuruse jackpoti auhinna.<\/p>\n<h2>Kuidas m\u00e4ngida Superenalottot<\/h2>\n<p><a href=\"https:\/\/jackpotlotteryonline.com\/et\/kuidas-mangida\/superenalotto\">Superenalotto m\u00e4ngimiseks<\/a> valige kuus p\u00f5hinumbrit vahemikus 1 kuni 90. V\u00f5id valida mitu numbririda, et suurendada oma v\u00f5iduv\u00f5imalusi loteriis. Seej\u00e4rel valige loosimiste arv, milles soovite osaleda. V\u00f5ite soovi korral otsustada, et osalete igal n\u00e4dalal iga loosimisel j\u00e4rgmise 5 n\u00e4dala jooksul. Mida rohkem loosimisi te osalete, seda suuremad on teie v\u00f5iduv\u00f5imalused.<\/p>\n<p>Samuti on olemas nn SuperStar, mis on v\u00f5imalus, mis aitab suurendada teie v\u00f5iduv\u00f5imalusi. Saate osta ka &#8220;Jolly numbri&#8221;, mis valitakse vahemikus 1 kuni 90. Jolly number ei m\u00f5juta jackpotit, kuid seda kasutatakse teise auhinnakategooria v\u00f5itja m\u00e4\u00e4ramisel.<\/p>\n<p>Kui olete oma numbrid v\u00e4lja valinud, makske oma pileti eest ja oodake loosimisi. Kui registreerite end meie juures, automatiseerime protsessi, et see oleks sujuvam. V\u00f5tame toimingust stressi, et saaksite nautida l\u00f5bu ilma igasuguse vaevata.<\/p>\n<section class=\"layout\" style=\"border: solid 1px; width: 100%;\">\n<div class=\"img-div\" style=\"margin-top: 5px;\"><img decoding=\"async\" class=\"wp-image-17212 alignleft\" style=\"height: 45px; margin: 8px 8px 0px;\" src=\"http:\/\/jackpotlotteryonline.com\/wp-content\/uploads\/2022\/11\/read1.jpg\" alt=\"loe\" width=\"\" height=\"\" \/><\/div>\n<div style=\"padding-left: 5px;\">\n<div style=\"font-size: 1.1em;\">\n<p><strong>Valige v\u00f5itnud loto numbrid k\u00e4sitsi v\u00f5i kasutades RNG-d.<\/strong><\/p>\n<p style=\"font-size: 0.85em; margin-top: -1.5em;\">Kuidas genereerida v\u00f5itnud loto numbreid? \u00a0<a href=\"https:\/\/jackpotlotteryonline.com\/et\/kuidas-genereerida-voitnud-loto-numbrid\">loe edasi<\/a><\/p>\n<\/div>\n<\/div>\n<\/section>\n<h2>Millised on Superenalotto v\u00f5idu t\u00f5en\u00e4osus?<\/h2>\n<p>\u00dcldiselt ei ole loteriis teadaolevalt m\u00e4ngijate jaoks suuri koefitsiente. T\u00f5si on see, et v\u00f5idut\u00f5en\u00e4osus ei ole v\u00e4ga suur. Huvitaval kombel teeb see loteriim\u00e4ngu palju p\u00f5nevamaks. Sest v\u00f5itmine, kui tundub, et t\u00f5en\u00e4osus ei ole sinu kasuks, annab m\u00e4ngijatele k\u00f5rghetke. Samuti on see suurep\u00e4rane v\u00f5imalus teada, et \u00f5nne on sinu poolel.<\/p>\n<p>Superenalotto jackpoti v\u00f5idu t\u00f5en\u00e4osus on 1:622 614 630. Kuid on 6 auhinnakategooriat ja 25-eurose kiirv\u00f5idu kategooria. Kui neid arvesse v\u00f5tta, siis on t\u00f5en\u00e4osus v\u00f5ita \u00fcksk\u00f5ik milline auhind 1:16.<\/p>\n<p>Iga m\u00e4ngija n\u00f5ustub, et need on uskumatud koefitsiendid, mis soosivad m\u00e4ngijat.<\/p>\n<h2>Superenalotto auhinnakategooriad<\/h2>\n<p><img loading=\"lazy\" decoding=\"async\" class=\"size-medium wp-image-35376 alignright\" src=\"http:\/\/jackpotlotteryonline.com\/wp-content\/uploads\/2022\/11\/2_ticket_superenalotto4-1-211x300.jpg\" alt=\"Superenalotto auhinnapilet\" width=\"211\" height=\"300\" srcset=\"https:\/\/jackpotlotteryonline.com\/wp-content\/uploads\/2022\/11\/2_ticket_superenalotto4-1-211x300.jpg 211w, https:\/\/jackpotlotteryonline.com\/wp-content\/uploads\/2022\/11\/2_ticket_superenalotto4-1.jpg 300w\" sizes=\"auto, (max-width: 211px) 100vw, 211px\" \/><\/p>\n<p>Loosimise ajal valitakse juhuslikult kuus numbrit trumlist, millel on pallid numbritega 1 kuni 90. Iga pilet, mis vastab loositud numbritele, v\u00f5idab jackpoti.<\/p>\n<p>Superenalotto jackpoti auhind algab 2 miljonist eurost, kuid tavaliselt on see palju suurem, sest see rullib. Teised auhinnakategooriad m\u00e4\u00e4ratakse kindlaks vastavalt olemasoleva raha protsendile. Seega ei ole v\u00f5imalik, kui palju jaotatakse igal loosimisel.<\/p>\n<p>6 numbrit &#8211; jackpot (17,4% kogu rahast)<br \/>\n5 + Jolly number &#8211; 13%<br \/>\n5 numbrit &#8211; 4,2%<br \/>\n4 numbrit &#8211; 4,2%<br \/>\n3 numbrit &#8211; 12,8%<br \/>\n2 numbrit &#8211; 40%<\/p>\n<p><strong>Parema \u00fclevaate saamiseks on siin keskmine summa \u00fche loosimise kohta.<\/strong><\/p>\n<p>6 numbrit &#8211; 92 056 091,66 eurot<br \/>\n5 + Jolly number &#8211; 594 951,95 eurot.<br \/>\n5 numbrit &#8211; 49 736,38 eurot<br \/>\n4 numbrit &#8211; 354,83 eurot<br \/>\n3 numbrit &#8211; 27,15 eurot<br \/>\n2 numbrit &#8211; 5,48 eurot<\/p>\n<h2>M\u00e4ngi Superenalottot internetis<\/h2>\n<p>Superenalotto on Itaalia loterii ja sissekandeid m\u00fc\u00fcakse ainult Itaalias. Seega, kui elad v\u00e4ljaspool Itaaliat, on ainus v\u00f5imalus Superenalotto m\u00e4ngimiseks osta kanne internetis. Seda saab teha internetiloterii m\u00fc\u00fcjalt nagu jackpotlotteryonline.com.<\/p>\n<h2>Superenalotto sissekannete ostmise eelised internetis<\/h2>\n<ul>\n<li>Saate kiire ja kohese juurdep\u00e4\u00e4su loteriile<\/li>\n<li>See on super mugav, kuna te ei pea lahkuma oma kodu mugavusest<\/li>\n<li>See on ka turvalisem, sest teie pilet on salvestatud digitaalselt. See on oluline, sest see on ainus viis oma v\u00f5idu k\u00e4ttesaamiseks.<\/li>\n<li>Pole vaja oma v\u00f5idu vahele j\u00e4tta, sest me teavitame teid kohe, kui te v\u00f5idate m\u00f5ne auhinna<\/li>\n<li>Saate h\u00f5lpsasti iga v\u00f5idu v\u00e4lja v\u00f5tta internetis, ilma et peaksite kuhugi minema<\/li>\n<\/ul>\n<h2>Registreeru meiega Superenalotto m\u00e4ngimiseks<\/h2>\n<p>Kui elate v\u00e4ljaspool Itaaliat ja soovite osta juurdep\u00e4\u00e4su Superenalotto loteriile, saate seda teha, registreerides end meie juures. Pakume concierge-teenust, mis annab teile kohese juurdep\u00e4\u00e4su rahvusvahelistele tipplotodele, sealhulgas Superenalottole.<\/p>\n<p>Meie eesm\u00e4rk on muuta loterii kogemus meie klientidele meeldivaks. V\u00f5tame lihtsatest asjadest stressi \u00e4ra, j\u00e4ttes teile v\u00f5imaluse nautida panuste tegemist. Osta oma loteriipileteid meiega n\u00fc\u00fcd, et v\u00f5ita suurelt Superenalotto.<\/p>\n","protected":false},"excerpt":{"rendered":"<p>Miks Superenalotto? Oled m\u00f5elnud, kuidas saab osta Superenalotto pileteid v\u00e4ljastpoolt Itaaliat? Superenalotto on \u00fcks populaarsemaid loteriid Euroopa mandril. Pole \u00fcllatav, et m\u00e4ngijad \u00fcle kogu maailma panustavad sellele loteriile regulaarselt. Meie jackpotlotteryonline.com-is anname m\u00e4ngijatele juurdep\u00e4\u00e4su rahvusvahelistele tipplotodele nagu Superenalotto. Me v\u00f5imaldame teil osta pileteid, kontrollida loosimise tulemusi ja p\u00e4\u00e4seda ligi oma v\u00f5itudele. Miks peaks m\u00e4ngija \u00fclemaailmse [&hellip;]<\/p>\n","protected":false},"author":1,"featured_media":0,"parent":35747,"menu_order":5,"comment_status":"closed","ping_status":"closed","template":"superenalotto.php","meta":{"_et_pb_use_builder":"","_et_pb_old_content":"","_et_gb_content_width":"","exclude_from_search":false,"footnotes":""},"class_list":["post-36559","page","type-page","status-publish","hentry"],"yoast_head":"<!-- This site is optimized with the Yoast SEO plugin v23.3 - https:\/\/yoast.com\/wordpress\/plugins\/seo\/ -->\n<title>Osta Superenalotto pileteid v\u00e4ljastpoolt Itaaliat | Hangi piletid internetis<\/title>\n<meta name=\"description\" content=\"Sa ei ela Itaalias, aga tahad osaleda Superenalottos? Hankige oma online pilet Superenalotto jaoks meie kaudu.\" \/>\n<meta name=\"robots\" content=\"index, follow, max-snippet:-1, max-image-preview:large, max-video-preview:-1\" \/>\n<link rel=\"canonical\" href=\"https:\/\/jackpotlotteryonline.com\/buy-tickets\/superenalotto\/\" \/>\n<meta property=\"og:locale\" content=\"et_EE\" \/>\n<meta property=\"og:type\" content=\"article\" \/>\n<meta property=\"og:title\" content=\"Osta Superenalotto pileteid v\u00e4ljastpoolt Itaaliat | Hangi piletid internetis\" \/>\n<meta property=\"og:description\" content=\"Sa ei ela Itaalias, aga tahad osaleda Superenalottos? Hankige oma online pilet Superenalotto jaoks meie kaudu.\" \/>\n<meta property=\"og:url\" content=\"https:\/\/jackpotlotteryonline.com\/buy-tickets\/superenalotto\/\" \/>\n<meta property=\"og:site_name\" content=\"Lotto Online - Crack The International Lottery Jackpots\" \/>\n<meta property=\"article:modified_time\" content=\"2023-01-03T20:23:11+00:00\" \/>\n<meta property=\"og:image\" content=\"http:\/\/jackpotlotteryonline.com\/wp-content\/uploads\/2022\/11\/logo_superenalotto.png\" \/>\n<meta name=\"twitter:card\" content=\"summary_large_image\" \/>\n<meta name=\"twitter:label1\" content=\"Est. reading time\" \/>\n\t<meta name=\"twitter:data1\" content=\"5 minutit\" \/>\n<!-- \/ Yoast SEO plugin. -->","yoast_head_json":{"title":"Osta Superenalotto pileteid v\u00e4ljastpoolt Itaaliat | Hangi piletid internetis","description":"Sa ei ela Itaalias, aga tahad osaleda Superenalottos? Hankige oma online pilet Superenalotto jaoks meie kaudu.","robots":{"index":"index","follow":"follow","max-snippet":"max-snippet:-1","max-image-preview":"max-image-preview:large","max-video-preview":"max-video-preview:-1"},"canonical":"https:\/\/jackpotlotteryonline.com\/buy-tickets\/superenalotto\/","og_locale":"et_EE","og_type":"article","og_title":"Osta Superenalotto pileteid v\u00e4ljastpoolt Itaaliat | Hangi piletid internetis","og_description":"Sa ei ela Itaalias, aga tahad osaleda Superenalottos? Hankige oma online pilet Superenalotto jaoks meie kaudu.","og_url":"https:\/\/jackpotlotteryonline.com\/buy-tickets\/superenalotto\/","og_site_name":"Lotto Online - Crack The International Lottery Jackpots","article_modified_time":"2023-01-03T20:23:11+00:00","og_image":[{"url":"http:\/\/jackpotlotteryonline.com\/wp-content\/uploads\/2022\/11\/logo_superenalotto.png"}],"twitter_card":"summary_large_image","twitter_misc":{"Est. reading time":"5 minutit"},"schema":{"@context":"https:\/\/schema.org","@graph":[{"@type":"WebPage","@id":"https:\/\/jackpotlotteryonline.com\/buy-tickets\/superenalotto\/","url":"https:\/\/jackpotlotteryonline.com\/buy-tickets\/superenalotto\/","name":"Osta Superenalotto pileteid v\u00e4ljastpoolt Itaaliat | Hangi piletid internetis","isPartOf":{"@id":"https:\/\/jackpotlotteryonline.com\/#website"},"primaryImageOfPage":{"@id":"https:\/\/jackpotlotteryonline.com\/buy-tickets\/superenalotto\/#primaryimage"},"image":{"@id":"https:\/\/jackpotlotteryonline.com\/buy-tickets\/superenalotto\/#primaryimage"},"thumbnailUrl":"http:\/\/jackpotlotteryonline.com\/wp-content\/uploads\/2022\/11\/logo_superenalotto.png","datePublished":"2022-11-07T13:00:49+00:00","dateModified":"2023-01-03T20:23:11+00:00","description":"Sa ei ela Itaalias, aga tahad osaleda Superenalottos? Hankige oma online pilet Superenalotto jaoks meie kaudu.","breadcrumb":{"@id":"https:\/\/jackpotlotteryonline.com\/buy-tickets\/superenalotto\/#breadcrumb"},"inLanguage":"et","potentialAction":[{"@type":"ReadAction","target":["https:\/\/jackpotlotteryonline.com\/buy-tickets\/superenalotto\/"]}]},{"@type":"ImageObject","inLanguage":"et","@id":"https:\/\/jackpotlotteryonline.com\/buy-tickets\/superenalotto\/#primaryimage","url":"http:\/\/jackpotlotteryonline.com\/wp-content\/uploads\/2022\/11\/logo_superenalotto.png","contentUrl":"http:\/\/jackpotlotteryonline.com\/wp-content\/uploads\/2022\/11\/logo_superenalotto.png"},{"@type":"BreadcrumbList","@id":"https:\/\/jackpotlotteryonline.com\/buy-tickets\/superenalotto\/#breadcrumb","itemListElement":[{"@type":"ListItem","position":1,"name":"Home","item":"https:\/\/jackpotlotteryonline.com\/et\/"},{"@type":"ListItem","position":2,"name":"Kuidas osta loteriipileteid internetis","item":"https:\/\/jackpotlotteryonline.com\/et\/kuidas-osta-loteriipileteid-internetis\/"},{"@type":"ListItem","position":3,"name":"Osta Superenalotto pileteid"}]},{"@type":"WebSite","@id":"https:\/\/jackpotlotteryonline.com\/#website","url":"https:\/\/jackpotlotteryonline.com\/","name":"Lotto Online - Crack The International Lottery Jackpots","description":"","potentialAction":[{"@type":"SearchAction","target":{"@type":"EntryPoint","urlTemplate":"https:\/\/jackpotlotteryonline.com\/?s={search_term_string}"},"query-input":"required name=search_term_string"}],"inLanguage":"et"}]}},"_links":{"self":[{"href":"https:\/\/jackpotlotteryonline.com\/et\/wp-json\/wp\/v2\/pages\/36559","targetHints":{"allow":["GET"]}}],"collection":[{"href":"https:\/\/jackpotlotteryonline.com\/et\/wp-json\/wp\/v2\/pages"}],"about":[{"href":"https:\/\/jackpotlotteryonline.com\/et\/wp-json\/wp\/v2\/types\/page"}],"author":[{"embeddable":true,"href":"https:\/\/jackpotlotteryonline.com\/et\/wp-json\/wp\/v2\/users\/1"}],"replies":[{"embeddable":true,"href":"https:\/\/jackpotlotteryonline.com\/et\/wp-json\/wp\/v2\/comments?post=36559"}],"version-history":[{"count":0,"href":"https:\/\/jackpotlotteryonline.com\/et\/wp-json\/wp\/v2\/pages\/36559\/revisions"}],"up":[{"embeddable":true,"href":"https:\/\/jackpotlotteryonline.com\/et\/wp-json\/wp\/v2\/pages\/35747"}],"wp:attachment":[{"href":"https:\/\/jackpotlotteryonline.com\/et\/wp-json\/wp\/v2\/media?parent=36559"}],"curies":[{"name":"wp","href":"https:\/\/api.w.org\/{rel}","templated":true}]}}