{"id":36613,"date":"2022-11-08T07:40:41","date_gmt":"2022-11-08T07:40:41","guid":{"rendered":"https:\/\/jackpotlotteryonline.com\/?page_id=36613"},"modified":"2023-01-03T20:40:03","modified_gmt":"2023-01-03T20:40:03","slug":"el-gordo","status":"publish","type":"page","link":"https:\/\/jackpotlotteryonline.com\/et\/kuidas-osta-loteriipileteid-internetis\/el-gordo\/","title":{"rendered":"Osta El Gordo pileteid"},"content":{"rendered":"<h2>H\u00e4mmastav Hispaania loterii<\/h2>\n<p>El Gordo on nurga taga ja k\u00f5igil ei ole piisavalt \u00f5nne elada Hispaanias v\u00f5i reisida sinna. Ometi on m\u00e4ngurid k\u00f5ikjal p\u00f5nevil m\u00f5ttest osaleda selle loteriiga kaasnevas l\u00f5butsemises ja pidulikes s\u00fcndmustes. Sellest loteriist saavad osa v\u00f5tta ka m\u00e4ngijad, kes elavad v\u00e4ljaspool riiki, ja me n\u00e4itame teile, kuidas seda teha.<\/p>\n<p>Kui sa oled uus <a href=\"https:\/\/jackpotlotteryonline.com\/et\/kuidas-mangida\/el-gordo\">loteriim\u00e4ngija<\/a>, siis v\u00f5ib sind huvitada, et tegemist on Hispaania loteriiga. Selle nimi on El Gordo, mis t\u00e4hendab suure jackpoti t\u00f5ttu &#8220;Paks&#8221;. \u00d6eldakse, et see on maailma suurim jackpot.<\/p>\n<p>Niisiis, kuidas saad sa sellest osa, kuigi sa ei ela Hispaanias? J\u00e4tka lugemist ja me r\u00e4\u00e4gime sulle k\u00f5ik sellest.<\/p>\n<h2>Kuidas osta El Gordo pileteid v\u00e4ljastpoolt Hispaaniat<\/h2>\n<p><img loading=\"lazy\" decoding=\"async\" class=\"size-full wp-image-17870 alignright\" src=\"http:\/\/jackpotlotteryonline.com\/wp-content\/uploads\/2022\/10\/lotto_euros.jpg\" alt=\"Osta El Gordo pilet internetis\" width=\"225\" height=\"134\" \/><\/p>\n<p>K\u00f5ige lihtsam viis El Gordo loteriipileteid osta on interneti kaudu selliselt online-loterii m\u00fc\u00fcjalt nagu jackpotlotteryonline.com. Pakume sujuvat teenust, mis muudab rahvusvaheliste tipploteriide m\u00e4ngimise vaevata. Kui registreerute meie juures, saate kohandatud platvormi, mis on kohandatud teie vajadustele.<\/p>\n<p>Me tahame tagada, et meie kliendid kogeksid r\u00f5\u00f5mu, mis kaasneb loterii m\u00e4ngimisega. Kui osalete El Gordos, saate osaks ajaloost ja traditsioonidest. Seda Hispaania loteriid tuntakse ka j\u00f5ululoterii nime all ja ilma selleta ei ole hooaeg enam sama.<\/p>\n<p>Hispaania j\u00f5ululoterias osalemine v\u00f5ib olla veidi segadust tekitav, kui see on teie esimene kord. Erinevalt teistest loteriidest ei saa te ise oma numbreid valida. Iga loosimislehe peale on numbrid juba tr\u00fckitud. Segadust lisab see, et El Gordo loteriis on 100 000 numbrit. Kell jackpotlotteryonline.com, me juhatame teid l\u00e4bi iga sammu.<\/p>\n<h2>Miks peaksite El Gordos osalema<\/h2>\n<p>On mitmeid p\u00f5hjusi, miks m\u00e4ngijad \u00fcle kogu El Gordo armastavad. Me mainisime, et see on l\u00e4bi imbunud ajaloost ja traditsioonidest. Loterii korraldas oma esimese loosimise 1812. aastal; see t\u00e4hendab, et see on \u00fcle 200 aasta vana. El Gordo on maailma teine vanim k\u00e4imasolev loterii ja sellest on saanud osa Hispaania kultuurist.<\/p>\n<p><a href=\"https:\/\/jackpotlotteryonline.com\/et\/winning-numbers\/el-gordo-draw-results\">Loosimine<\/a> toimub igal aastal 22. detsembril, nii et see on suurep\u00e4rane v\u00f5imalus lisada v\u00e4rvi p\u00fchadeperioodile. Loosimine ise on samuti suurejooneline \u00fcritus, sest loosimise tulemused laulavad v\u00e4lja San Ildefonso kooli \u00f5pilased. Kas me mainisime, et El Gordo on traditsioonidest l\u00e4bi imbunud? See on kindlasti midagi, mida vanad ja uued m\u00e4ngurid ootavad igal aastal.<\/p>\n<p>Lisaks sellele on El Gordo loterii, mis edendab ja t\u00e4histab kogukonda. Piletid on jagatud mitmeks alajaotuseks ja on \u00fcsna tavaline, et naabruskonnad tellivad \u00fche alajaotuse. Miks mitte teha oma pere ja s\u00f5prade jaoks midagi erilist, osaledes koos El Gordos? See on suurep\u00e4rane viis j\u00f5ulude t\u00e4histamiseks.<\/p>\n<section class=\"layout\" style=\"border: solid 1px; width: 100%;\">\n<div class=\"img-div\" style=\"margin-top: 5px;\"><img decoding=\"async\" class=\"wp-image-17212 alignleft\" style=\"height: 45px; margin: 8px 8px 0px;\" src=\"http:\/\/jackpotlotteryonline.com\/wp-content\/uploads\/2022\/11\/read1.jpg\" alt=\"loe\" width=\"\" height=\"\" \/><\/div>\n<div style=\"padding-left: 5px;\">\n<div style=\"font-size: 1.1em;\">\n<p><strong>\u00c4ra j\u00e4ta vahele maailma suurimate loteriide jackpotide loosimise aegasid<\/strong><\/p>\n<p style=\"font-size: 0.85em; margin-top: -1.5em;\">Loetelu rahvusvaheliste loteriide loosimise aegadest\u00a0<a href=\"https:\/\/jackpotlotteryonline.com\/et\/millal-on-rahvusvaheliste-loteriide-loosimise-ajad?\"> loe edasi<\/a><\/p>\n<\/div>\n<\/div>\n<\/section>\n<h2>Kuidas m\u00e4ngida El Gordot<\/h2>\n<p><img loading=\"lazy\" decoding=\"async\" class=\"alignright size-full wp-image-32459\" src=\"http:\/\/jackpotlotteryonline.com\/wp-content\/uploads\/2022\/11\/2_ticket_el_gordo-1.jpg\" alt=\"El Gordo loteriipilet\" width=\"213\" height=\"300\" \/><\/p>\n<p>Kui osalete Hispaania j\u00f5ululoterias, v\u00f5ivad teie sedelil olla numbrid vahemikus 00000 kuni 99999. Iga pilet on jagatud k\u00fcmneks osaks, mis on omakorda alajaotatud. Nii et olenemata teie eelarvest v\u00f5ite endale pileti ostmist lubada.<\/p>\n<p>Sama huvitav on see, et El Gordo m\u00e4ngijatel on v\u00e4ga suur v\u00f5imalus v\u00f5ita. Kogu jackpot on miljardeid eurosid ja t\u00f5en\u00e4osus on uskumatu. Seega v\u00f5ivad m\u00e4ngijad minna koju tuhandete eurodega isegi siis, kui nad ei v\u00f5ida peaauhinda.<\/p>\n<p>Kui olete oma pileti ostnud, peate vaid ootama 22. detsembril toimuvat loosimist. Meie saidil palume klientidel end registreerida, et saaksime neile teada anda, kui nad on auhinna v\u00f5itnud. Ka oma v\u00f5idu v\u00e4ljamaksmine on lihtne, sest seda saab teha meie platvormilt.<\/p>\n<h2>El Gordo online m\u00e4ngimise sammud<\/h2>\n<ol>\n<li>N\u00fc\u00fcd, kui oled sama p\u00f5nevil nagu meie Hispaania j\u00f5ululoterii p\u00e4rast, tutvustame sulle selle toiminguid.<\/li>\n<li>Osta El Gordo pilet meie saidilt<\/li>\n<li>Registreeru, et me saaksime sinuga \u00fchendust v\u00f5tta, kui v\u00f5idad<\/li>\n<li>Oodake loosimist<\/li>\n<\/ol>\n<h2>V\u00f5idu korral v\u00f5tke oma v\u00f5idud v\u00e4lja<\/h2>\n<p>Nii lihtne on see, kui registreerite end meie juures. Me v\u00f5tame \u00e4ra keerukuse, nii et teile j\u00e4\u00e4b vaid m\u00e4ngur\u00f5\u00f5m. Kui otsite heade koefitsientidega loteriim\u00e4ngu, mida saaksite nautida, siis \u00e4rge otsige edasi.<\/p>\n<p>Peame mainima, et kuigi El Gordo on suure t\u00f5en\u00e4osusega, on tegemist \u00f5nnem\u00e4nguga. Ei ole mingit v\u00f5imalust garanteerida, et sa v\u00f5idad ja ei ole ka midagi, mis \u00fctleks, et sa ei v\u00f5ida. Ainus v\u00f5imalus auhinna v\u00f5itmiseks on aga see, kui sa \u00fcldse loosimisele osaled. Nii et registreerige end n\u00fc\u00fcd, et osta Hispaania j\u00f5ululoosi pileteid.<\/p>\n","protected":false},"excerpt":{"rendered":"<p>H\u00e4mmastav Hispaania loterii El Gordo on nurga taga ja k\u00f5igil ei ole piisavalt \u00f5nne elada Hispaanias v\u00f5i reisida sinna. Ometi on m\u00e4ngurid k\u00f5ikjal p\u00f5nevil m\u00f5ttest osaleda selle loteriiga kaasnevas l\u00f5butsemises ja pidulikes s\u00fcndmustes. Sellest loteriist saavad osa v\u00f5tta ka m\u00e4ngijad, kes elavad v\u00e4ljaspool riiki, ja me n\u00e4itame teile, kuidas seda teha. Kui sa oled uus [&hellip;]<\/p>\n","protected":false},"author":1,"featured_media":0,"parent":35747,"menu_order":6,"comment_status":"closed","ping_status":"closed","template":"el-gordo-info.php","meta":{"_et_pb_use_builder":"","_et_pb_old_content":"","_et_gb_content_width":"","exclude_from_search":false,"footnotes":""},"class_list":["post-36613","page","type-page","status-publish","hentry"],"yoast_head":"<!-- This site is optimized with the Yoast SEO plugin v23.3 - https:\/\/yoast.com\/wordpress\/plugins\/seo\/ -->\n<title>Osta El Gordo pileteid v\u00e4ljastpoolt Hispaaniat | El Gordo piletid internetis<\/title>\n<meta name=\"description\" content=\"Saate osta El Gordo pileteid online, kui elate v\u00e4ljaspool Hispaaniat - siinsamas l\u00e4bi selle online piletiteenuse.\" \/>\n<meta name=\"robots\" content=\"index, follow, max-snippet:-1, max-image-preview:large, max-video-preview:-1\" \/>\n<link rel=\"canonical\" href=\"https:\/\/jackpotlotteryonline.com\/et\/kuidas-osta-loteriipileteid-internetis\/el-gordo\/\" \/>\n<meta property=\"og:locale\" content=\"et_EE\" \/>\n<meta property=\"og:type\" content=\"article\" \/>\n<meta property=\"og:title\" content=\"Osta El Gordo pileteid v\u00e4ljastpoolt Hispaaniat | El Gordo piletid internetis\" \/>\n<meta property=\"og:description\" content=\"Saate osta El Gordo pileteid online, kui elate v\u00e4ljaspool Hispaaniat - siinsamas l\u00e4bi selle online piletiteenuse.\" \/>\n<meta property=\"og:url\" content=\"https:\/\/jackpotlotteryonline.com\/et\/kuidas-osta-loteriipileteid-internetis\/el-gordo\/\" \/>\n<meta property=\"og:site_name\" content=\"Lotto Online - Crack The International Lottery Jackpots\" \/>\n<meta property=\"article:modified_time\" content=\"2023-01-03T20:40:03+00:00\" \/>\n<meta property=\"og:image\" content=\"http:\/\/jackpotlotteryonline.com\/wp-content\/uploads\/2022\/10\/lotto_euros.jpg\" \/>\n<meta name=\"twitter:card\" content=\"summary_large_image\" \/>\n<meta name=\"twitter:label1\" content=\"Est. reading time\" \/>\n\t<meta name=\"twitter:data1\" content=\"4 minutit\" \/>\n<!-- \/ Yoast SEO plugin. -->","yoast_head_json":{"title":"Osta El Gordo pileteid v\u00e4ljastpoolt Hispaaniat | El Gordo piletid internetis","description":"Saate osta El Gordo pileteid online, kui elate v\u00e4ljaspool Hispaaniat - siinsamas l\u00e4bi selle online piletiteenuse.","robots":{"index":"index","follow":"follow","max-snippet":"max-snippet:-1","max-image-preview":"max-image-preview:large","max-video-preview":"max-video-preview:-1"},"canonical":"https:\/\/jackpotlotteryonline.com\/et\/kuidas-osta-loteriipileteid-internetis\/el-gordo\/","og_locale":"et_EE","og_type":"article","og_title":"Osta El Gordo pileteid v\u00e4ljastpoolt Hispaaniat | El Gordo piletid internetis","og_description":"Saate osta El Gordo pileteid online, kui elate v\u00e4ljaspool Hispaaniat - siinsamas l\u00e4bi selle online piletiteenuse.","og_url":"https:\/\/jackpotlotteryonline.com\/et\/kuidas-osta-loteriipileteid-internetis\/el-gordo\/","og_site_name":"Lotto Online - Crack The International Lottery Jackpots","article_modified_time":"2023-01-03T20:40:03+00:00","og_image":[{"url":"http:\/\/jackpotlotteryonline.com\/wp-content\/uploads\/2022\/10\/lotto_euros.jpg"}],"twitter_card":"summary_large_image","twitter_misc":{"Est. reading time":"4 minutit"},"schema":{"@context":"https:\/\/schema.org","@graph":[{"@type":"WebPage","@id":"https:\/\/jackpotlotteryonline.com\/et\/kuidas-osta-loteriipileteid-internetis\/el-gordo\/","url":"https:\/\/jackpotlotteryonline.com\/et\/kuidas-osta-loteriipileteid-internetis\/el-gordo\/","name":"Osta El Gordo pileteid v\u00e4ljastpoolt Hispaaniat | El Gordo piletid internetis","isPartOf":{"@id":"https:\/\/jackpotlotteryonline.com\/#website"},"primaryImageOfPage":{"@id":"https:\/\/jackpotlotteryonline.com\/et\/kuidas-osta-loteriipileteid-internetis\/el-gordo\/#primaryimage"},"image":{"@id":"https:\/\/jackpotlotteryonline.com\/et\/kuidas-osta-loteriipileteid-internetis\/el-gordo\/#primaryimage"},"thumbnailUrl":"http:\/\/jackpotlotteryonline.com\/wp-content\/uploads\/2022\/10\/lotto_euros.jpg","datePublished":"2022-11-08T07:40:41+00:00","dateModified":"2023-01-03T20:40:03+00:00","description":"Saate osta El Gordo pileteid online, kui elate v\u00e4ljaspool Hispaaniat - siinsamas l\u00e4bi selle online piletiteenuse.","breadcrumb":{"@id":"https:\/\/jackpotlotteryonline.com\/et\/kuidas-osta-loteriipileteid-internetis\/el-gordo\/#breadcrumb"},"inLanguage":"et","potentialAction":[{"@type":"ReadAction","target":["https:\/\/jackpotlotteryonline.com\/et\/kuidas-osta-loteriipileteid-internetis\/el-gordo\/"]}]},{"@type":"ImageObject","inLanguage":"et","@id":"https:\/\/jackpotlotteryonline.com\/et\/kuidas-osta-loteriipileteid-internetis\/el-gordo\/#primaryimage","url":"http:\/\/jackpotlotteryonline.com\/wp-content\/uploads\/2022\/10\/lotto_euros.jpg","contentUrl":"http:\/\/jackpotlotteryonline.com\/wp-content\/uploads\/2022\/10\/lotto_euros.jpg"},{"@type":"BreadcrumbList","@id":"https:\/\/jackpotlotteryonline.com\/et\/kuidas-osta-loteriipileteid-internetis\/el-gordo\/#breadcrumb","itemListElement":[{"@type":"ListItem","position":1,"name":"Home","item":"https:\/\/jackpotlotteryonline.com\/et\/"},{"@type":"ListItem","position":2,"name":"Kuidas osta loteriipileteid internetis","item":"https:\/\/jackpotlotteryonline.com\/et\/kuidas-osta-loteriipileteid-internetis\/"},{"@type":"ListItem","position":3,"name":"Osta El Gordo pileteid"}]},{"@type":"WebSite","@id":"https:\/\/jackpotlotteryonline.com\/#website","url":"https:\/\/jackpotlotteryonline.com\/","name":"Lotto Online - Crack The International Lottery Jackpots","description":"","potentialAction":[{"@type":"SearchAction","target":{"@type":"EntryPoint","urlTemplate":"https:\/\/jackpotlotteryonline.com\/?s={search_term_string}"},"query-input":"required name=search_term_string"}],"inLanguage":"et"}]}},"_links":{"self":[{"href":"https:\/\/jackpotlotteryonline.com\/et\/wp-json\/wp\/v2\/pages\/36613","targetHints":{"allow":["GET"]}}],"collection":[{"href":"https:\/\/jackpotlotteryonline.com\/et\/wp-json\/wp\/v2\/pages"}],"about":[{"href":"https:\/\/jackpotlotteryonline.com\/et\/wp-json\/wp\/v2\/types\/page"}],"author":[{"embeddable":true,"href":"https:\/\/jackpotlotteryonline.com\/et\/wp-json\/wp\/v2\/users\/1"}],"replies":[{"embeddable":true,"href":"https:\/\/jackpotlotteryonline.com\/et\/wp-json\/wp\/v2\/comments?post=36613"}],"version-history":[{"count":0,"href":"https:\/\/jackpotlotteryonline.com\/et\/wp-json\/wp\/v2\/pages\/36613\/revisions"}],"up":[{"embeddable":true,"href":"https:\/\/jackpotlotteryonline.com\/et\/wp-json\/wp\/v2\/pages\/35747"}],"wp:attachment":[{"href":"https:\/\/jackpotlotteryonline.com\/et\/wp-json\/wp\/v2\/media?parent=36613"}],"curies":[{"name":"wp","href":"https:\/\/api.w.org\/{rel}","templated":true}]}}