{"id":36665,"date":"2022-11-08T09:24:02","date_gmt":"2022-11-08T09:24:02","guid":{"rendered":"https:\/\/jackpotlotteryonline.com\/?page_id=36665"},"modified":"2023-01-03T20:56:49","modified_gmt":"2023-01-03T20:56:49","slug":"lotto-germany","status":"publish","type":"page","link":"https:\/\/jackpotlotteryonline.com\/et\/kuidas-osta-loteriipileteid-internetis\/lotto-germany\/","title":{"rendered":"Osta pileteid Lotto Saksamaa"},"content":{"rendered":"<p>V\u00e4ljaspool Saksamaad elavatel m\u00e4ngijatel v\u00f5ib olla veidi keeruline osta Saksamaa loto pileteid, kuid see ei pea nii olema. Saksa loto on tuntud ka kui 6 aus 49 ja see on \u00fcks Euroopa k\u00f5ige kauem kestnud loteriid. See loodi 1955. aastal ja sellest on kiiresti saanud riigi juhtiv lotom\u00e4ng.<\/p>\n<p>Selle loterii osav\u00f5tud on saadaval Saksamaa akrediteeritud m\u00fc\u00fcjates. Kui aga elate m\u00f5nes teises maailma osas, peate toetuma usaldusv\u00e4\u00e4rsele online-loteriisaidile nagu jackpotlotteryoneline.com.<\/p>\n<p><a href=\"https:\/\/jackpotlotteryonline.com\/et\/kuidas-mangida\/german-lotto\">Loterii online m\u00e4ngimine<\/a> on lihtne ja kui kasutate meie saiti, muutub see sujuvaks ja meeldivaks kogemuseks.<\/p>\n<h2>Kuidas m\u00e4ngida Saksa loto meie saidil<\/h2>\n<p><img loading=\"lazy\" decoding=\"async\" class=\"alignright size-medium wp-image-33350\" src=\"http:\/\/jackpotlotteryonline.com\/wp-content\/uploads\/2022\/11\/2_ticket_euromillions3-1-111x300.jpg\" alt=\"saksa loto pilet\" width=\"111\" height=\"300\" srcset=\"https:\/\/jackpotlotteryonline.com\/wp-content\/uploads\/2022\/11\/2_ticket_euromillions3-1-111x300.jpg 111w, https:\/\/jackpotlotteryonline.com\/wp-content\/uploads\/2022\/11\/2_ticket_euromillions3-1.jpg 180w\" sizes=\"auto, (max-width: 111px) 100vw, 111px\" \/><\/p>\n<p>6 aus 49 s\u00f5na-s\u00f5naline t\u00f5lge on kuus 49-st. Saksa loto m\u00e4ngimiseks peate valima kuus numbrit vahemikus 1 kuni 49 ja boonusnumbri vahemikus 0 kuni 9. See on sama, olenemata sellest, kas m\u00e4ngite offline v\u00f5i interneti kaudu.<\/p>\n<p>Kui ostate meie veebisaidilt osalemise Saksamaa loteriis, saate valida 6 numbrit 49-st. V\u00f5ite valida rohkem kui \u00fche numbrite rea, sest iga number loeb \u00fche osalemise eest, mis annab teile suurema koefitsiendi. Seej\u00e4rel saate valida, kas soovite osaleda \u00fches v\u00f5i mitmes loosimises.<\/p>\n<p><a href=\"https:\/\/jackpotlotteryonline.com\/et\/winning-numbers\/german-lotto\">Saksamaa loteriis on kaks loosimist n\u00e4dalas<\/a>, kolmap\u00e4eval ja laup\u00e4eval; v\u00f5ite otsustada, kas osaleda \u00fcksikutel v\u00f5i mitmel loosimisel. Kui olete oma valiku teinud, on j\u00e4rgmine samm maksta oma ostu eest. Sel hetkel palume teil end meil registreerida. See on vajalik mitmel p\u00f5hjusel:<\/p>\n<ul>\n<li>Registreerudes saate oma osalemislehte turvaliselt hoida, kuna vajate seda mis tahes v\u00f5idu taotlemiseks.<\/li>\n<li>Saate h\u00f5lpsasti kontrollida loosimise tulemusi, kuigi kui v\u00f5idate m\u00f5ne auhinna, anname teile sellest teada oma armatuurlaua kaudu ja e-posti teel.<\/li>\n<li>Saate ka k\u00f5ik v\u00f5idud otse meie platvormil v\u00e4lja maksta.<\/li>\n<\/ul>\n<h2>Kuidas v\u00f5ita loterii<\/h2>\n<p>Loosimise ajal loositakse kuus numbrit vahemikus 1 &#8211; 49. Boonusnumber, mida tuntakse kui Superzahl, loositakse teisest masinast. Kui teie numbrid langevad kokku loositud numbritega, siis v\u00f5idate jackpot&#8217;i.<\/p>\n<p>Oluline on m\u00e4rkida, et jackpot ei ole ainus auhind, mida m\u00e4ngijad v\u00f5ivad v\u00f5ita, kui nad m\u00e4ngivad Saksa loteriid. Selles Euroopa loteriis on 10 erinevat auhinnakategooriat ning auhind on olemas ainult kahe numbri ja boonusnumbri kokkulangemise eest.<\/p>\n<p>Nagu me juba mainisime, on selle loterii v\u00f5idu t\u00f5en\u00e4osus \u00fcsna hea. T\u00f5en\u00e4osus v\u00f5ita jackpot on 1:139 838 160 ja \u00fcldine t\u00f5en\u00e4osus v\u00f5ita auhind on 1:31. Kui te ei ole kunagi m\u00e4nginud Saksa 6 aus 49, on n\u00fc\u00fcd hea aeg m\u00f5elda panuse tegemisele. Seda saate teha, ostes loteriis osalemise aadressil jackpotlotteryoneline.com.<\/p>\n<section class=\"layout\" style=\"border: solid 1px; width: 100%;\">\n<div class=\"img-div\" style=\"margin-top: 5px;\"><img decoding=\"async\" class=\"wp-image-17212 alignleft\" style=\"height: 45px; margin: 8px 8px 0px;\" src=\"http:\/\/jackpotlotteryonline.com\/wp-content\/uploads\/2022\/11\/read1.jpg\" alt=\"loe\" width=\"\" height=\"\" \/><\/div>\n<div style=\"padding-left: 5px;\">\n<div style=\"font-size: 1.1em;\">\n<p><strong>Millise auto ostaksid sa, kui v\u00f5idaksid loteriis?<\/strong><\/p>\n<p style=\"font-size: 0.85em; margin-top: -1.5em;\">V\u00f5ida loteriis ja saada uus auto \u00a0<a href=\"https:\/\/jackpotlotteryonline.com\/et\/millise-auto-te-ostaksite-kui-te-voidaksite-loteriis\">loe edasi<\/a><\/p>\n<\/div>\n<\/div>\n<\/section>\n<h2>Kuidas ma tean, et mul on t\u00f5eline pilet?<\/h2>\n<p><img loading=\"lazy\" decoding=\"async\" class=\"size-medium wp-image-27698 alignright\" src=\"http:\/\/jackpotlotteryonline.com\/wp-content\/uploads\/2022\/11\/1_lottery_results-300x150.jpg\" alt=\"Saksamaa-loto pallid\" width=\"300\" height=\"150\" srcset=\"https:\/\/jackpotlotteryonline.com\/wp-content\/uploads\/2022\/11\/1_lottery_results-300x150.jpg 300w, https:\/\/jackpotlotteryonline.com\/wp-content\/uploads\/2022\/11\/1_lottery_results.jpg 350w\" sizes=\"auto, (max-width: 300px) 100vw, 300px\" \/><\/p>\n<p>See on v\u00e4ga oluline k\u00fcsimus, eriti kui ostate saksa loteriilipikuid internetis. On v\u00f5imalik, et ostate loosikirja, mida te peate loosikirja osav\u00f5tuks, kuid siiski ei osale loteriis.<\/p>\n<p>Loos on igale piletile tr\u00fckitud seerianumbrid ja need on olulised, et teha kindlaks, kas pilet on ehtne. Meil jackpotlotteryonline.com on klientide jaoks olemas concierge-teenus. See t\u00e4hendab, et kui te ostate meilt oma online-loto loosilipud, on teie loosilipud varustatud seerianumbritega, mis p\u00e4rinevad Saksamaa loteriist.<\/p>\n<p>Teisis\u00f5nu, meie teenusega saate juurdep\u00e4\u00e4su loteriile. Kui sa sobitad v\u00e4lja loositud numbreid, v\u00f5idad jackpot&#8217;i.<\/p>\n<h2>Kuidas ma saan oma v\u00f5itu taotleda?<\/h2>\n<p>Meiega loterii m\u00e4ngimise eelis on see, et te ei pea muretsema oma v\u00f5idu k\u00e4ttesaamise p\u00e4rast. Esiteks on teie sedel turvaliselt teie kontol ja selle kaotamist ei ole karta. Kuna teil on v\u00f5itude k\u00e4ttesaamiseks sedelit vaja, on see hea. 2021. aastal l\u00e4ks 11,3 miljoni euro suurune jackpot-v\u00f5it tagasi fondi, sest see j\u00e4i 3 aastat v\u00e4lja n\u00f5udmata. Me ei taha, et see sinuga juhtuks.<\/p>\n<p>Teiseks, kui sa midagi v\u00f5idad, anname sulle sellest kohe teada ja kui sa j\u00e4rgmine kord oma kontole sisse logid, on su raha kohe seal ootamas. V\u00f5ta raha lihtsalt oma pangakontole v\u00e4lja ja oled valmis oma v\u00f5itu nautima.<\/p>\n<p>Me teame, et loteriid m\u00e4ngides olete mures selle p\u00e4rast, et teil oleks hea meel. See peaks ju olema l\u00f5bus m\u00e4ng. Seega t\u00f6\u00f6tame v\u00e4simatult selle nimel, et protsess oleks sujuv ja probleemideta, j\u00e4ttes teile vabaduse m\u00e4ngu nautimiseks.<\/p>\n<h2>6 aus 49 auhinnaklassi<\/h2>\n<p>Tahad teada, mida v\u00f5id v\u00f5ita, kui m\u00e4ngid Saksa lotot? Siin on esitatud erinevad auhinnaklassid ja igale tasandile eraldatud protsent auhinnafondist.<\/p>\n<p>Match 6 + Superzahl &#8211; 12,80% (Jackpot)<br \/>\nAinult 6. mat\u0161 &#8211; 10%<br \/>\nMatch 5 + Superzahl &#8211; 5%<br \/>\nAinult 5. mat\u0161 &#8211; 15%<br \/>\nMatch 4 + Superzahl &#8211; 5%<br \/>\nAinult 4. mat\u0161 &#8211; 10%<br \/>\nMatch 3 + Superzahl &#8211; 10%<br \/>\nAinult 3. mat\u0161 &#8211; 45%<br \/>\nMatch 2 + Superzahl &#8211; 6 \u20ac<\/p>\n<p>Pange t\u00e4hele, et muud auhinnad m\u00e4\u00e4ratakse kindlaks p\u00e4rast seda, kui jackpot on auhinnafondist v\u00e4lja v\u00f5etud.<\/p>\n<h2>Kui suur on jackpot?<\/h2>\n<p>Saksa loterii jackpot algab 2 miljonist eurost ja see l\u00e4heb iga loosimise j\u00e4rel edasi, kui v\u00f5itjat ei ole. Selle tulemusena suureneb jackpot, kuni see j\u00f5uab suup\u00e4rase summani.<\/p>\n<p>N\u00e4iteks 2020. aasta oktoobris v\u00f5itis \u00fcks piletiomanik 42 583 626 euro suuruse jackpot-v\u00f5idu. See v\u00f5it oli suurim jackpot Saksa loto ajaloos. L\u00e4hedal oli 33 832 008 euro suurune jackpot-v\u00f5it, mille v\u00f5itis samuti \u00fcks loteriim\u00e4ngija.<\/p>\n<p>Mitmed teised Saksa loteriipileti omanikud on v\u00f5itnud miljonite eurode v\u00e4\u00e4rtuses jackpot-v\u00f5idud. Seet\u00f5ttu ei ole \u00fcllatav, et m\u00e4ngurid kogu maailmas kiirustavad igan\u00e4dalastele loosimistele osalema.<\/p>\n<h2>Registreeru meiega, et m\u00e4ngida loteriid internetis<\/h2>\n<p>Saksa loteriis osalemiseks ei pea elama Saksamaal. Kui registreerite end meie juures, saate juurdep\u00e4\u00e4su rahvusvahelistele tipplotodele. See avab t\u00f5esti v\u00f5imaluste maailma. Pange t\u00e4hele ka seda, et loteriist saadud raha ei ole Saksamaal maksustatav. Siiski soovitame teil kontrollida oma elukoha maksuseadusi.<\/p>\n<p>Niisiis, mida sa ootad? Registreeruge meil, et osta oma Saksamaa lotopiletid internetis ja h\u00fcpake rahvusvaheliste lotom\u00e4ngude p\u00f5nevasse maailma.<\/p>\n","protected":false},"excerpt":{"rendered":"<p>V\u00e4ljaspool Saksamaad elavatel m\u00e4ngijatel v\u00f5ib olla veidi keeruline osta Saksamaa loto pileteid, kuid see ei pea nii olema. Saksa loto on tuntud ka kui 6 aus 49 ja see on \u00fcks Euroopa k\u00f5ige kauem kestnud loteriid. See loodi 1955. aastal ja sellest on kiiresti saanud riigi juhtiv lotom\u00e4ng. Selle loterii osav\u00f5tud on saadaval Saksamaa akrediteeritud [&hellip;]<\/p>\n","protected":false},"author":1,"featured_media":0,"parent":35747,"menu_order":8,"comment_status":"closed","ping_status":"closed","template":"lotto-german-info.php","meta":{"_et_pb_use_builder":"","_et_pb_old_content":"","_et_gb_content_width":"","exclude_from_search":false,"footnotes":""},"class_list":["post-36665","page","type-page","status-publish","hentry"],"yoast_head":"<!-- This site is optimized with the Yoast SEO plugin v23.3 - https:\/\/yoast.com\/wordpress\/plugins\/seo\/ -->\n<title>Osta pileteid Saksa loto jaoks v\u00e4ljaspool Saksamaad | Saksamaa Lotto online<\/title>\n<meta name=\"description\" content=\"Saksa Lotto 6\/49 piletid saadaval siin, saate neid turvaliselt osta siit, v\u00e4ljastpoolt Saksamaad.\" \/>\n<meta name=\"robots\" content=\"index, follow, max-snippet:-1, max-image-preview:large, max-video-preview:-1\" \/>\n<link rel=\"canonical\" href=\"https:\/\/jackpotlotteryonline.com\/buy-tickets\/lotto-germany\/\" \/>\n<meta property=\"og:locale\" content=\"et_EE\" \/>\n<meta property=\"og:type\" content=\"article\" \/>\n<meta property=\"og:title\" content=\"Osta pileteid Saksa loto jaoks v\u00e4ljaspool Saksamaad | Saksamaa Lotto online\" \/>\n<meta property=\"og:description\" content=\"Saksa Lotto 6\/49 piletid saadaval siin, saate neid turvaliselt osta siit, v\u00e4ljastpoolt Saksamaad.\" \/>\n<meta property=\"og:url\" content=\"https:\/\/jackpotlotteryonline.com\/buy-tickets\/lotto-germany\/\" \/>\n<meta property=\"og:site_name\" content=\"Lotto Online - Crack The International Lottery Jackpots\" \/>\n<meta property=\"article:modified_time\" content=\"2023-01-03T20:56:49+00:00\" \/>\n<meta property=\"og:image\" content=\"http:\/\/jackpotlotteryonline.com\/wp-content\/uploads\/2022\/11\/2_ticket_euromillions3-1-111x300.jpg\" \/>\n<meta name=\"twitter:card\" content=\"summary_large_image\" \/>\n<meta name=\"twitter:label1\" content=\"Est. reading time\" \/>\n\t<meta name=\"twitter:data1\" content=\"5 minutit\" \/>\n<!-- \/ Yoast SEO plugin. -->","yoast_head_json":{"title":"Osta pileteid Saksa loto jaoks v\u00e4ljaspool Saksamaad | Saksamaa Lotto online","description":"Saksa Lotto 6\/49 piletid saadaval siin, saate neid turvaliselt osta siit, v\u00e4ljastpoolt Saksamaad.","robots":{"index":"index","follow":"follow","max-snippet":"max-snippet:-1","max-image-preview":"max-image-preview:large","max-video-preview":"max-video-preview:-1"},"canonical":"https:\/\/jackpotlotteryonline.com\/buy-tickets\/lotto-germany\/","og_locale":"et_EE","og_type":"article","og_title":"Osta pileteid Saksa loto jaoks v\u00e4ljaspool Saksamaad | Saksamaa Lotto online","og_description":"Saksa Lotto 6\/49 piletid saadaval siin, saate neid turvaliselt osta siit, v\u00e4ljastpoolt Saksamaad.","og_url":"https:\/\/jackpotlotteryonline.com\/buy-tickets\/lotto-germany\/","og_site_name":"Lotto Online - Crack The International Lottery Jackpots","article_modified_time":"2023-01-03T20:56:49+00:00","og_image":[{"url":"http:\/\/jackpotlotteryonline.com\/wp-content\/uploads\/2022\/11\/2_ticket_euromillions3-1-111x300.jpg"}],"twitter_card":"summary_large_image","twitter_misc":{"Est. reading time":"5 minutit"},"schema":{"@context":"https:\/\/schema.org","@graph":[{"@type":"WebPage","@id":"https:\/\/jackpotlotteryonline.com\/buy-tickets\/lotto-germany\/","url":"https:\/\/jackpotlotteryonline.com\/buy-tickets\/lotto-germany\/","name":"Osta pileteid Saksa loto jaoks v\u00e4ljaspool Saksamaad | Saksamaa Lotto online","isPartOf":{"@id":"https:\/\/jackpotlotteryonline.com\/#website"},"primaryImageOfPage":{"@id":"https:\/\/jackpotlotteryonline.com\/buy-tickets\/lotto-germany\/#primaryimage"},"image":{"@id":"https:\/\/jackpotlotteryonline.com\/buy-tickets\/lotto-germany\/#primaryimage"},"thumbnailUrl":"http:\/\/jackpotlotteryonline.com\/wp-content\/uploads\/2022\/11\/2_ticket_euromillions3-1-111x300.jpg","datePublished":"2022-11-08T09:24:02+00:00","dateModified":"2023-01-03T20:56:49+00:00","description":"Saksa Lotto 6\/49 piletid saadaval siin, saate neid turvaliselt osta siit, v\u00e4ljastpoolt Saksamaad.","breadcrumb":{"@id":"https:\/\/jackpotlotteryonline.com\/buy-tickets\/lotto-germany\/#breadcrumb"},"inLanguage":"et","potentialAction":[{"@type":"ReadAction","target":["https:\/\/jackpotlotteryonline.com\/buy-tickets\/lotto-germany\/"]}]},{"@type":"ImageObject","inLanguage":"et","@id":"https:\/\/jackpotlotteryonline.com\/buy-tickets\/lotto-germany\/#primaryimage","url":"http:\/\/jackpotlotteryonline.com\/wp-content\/uploads\/2022\/11\/2_ticket_euromillions3-1-111x300.jpg","contentUrl":"http:\/\/jackpotlotteryonline.com\/wp-content\/uploads\/2022\/11\/2_ticket_euromillions3-1-111x300.jpg"},{"@type":"BreadcrumbList","@id":"https:\/\/jackpotlotteryonline.com\/buy-tickets\/lotto-germany\/#breadcrumb","itemListElement":[{"@type":"ListItem","position":1,"name":"Home","item":"https:\/\/jackpotlotteryonline.com\/et\/"},{"@type":"ListItem","position":2,"name":"Kuidas osta loteriipileteid internetis","item":"https:\/\/jackpotlotteryonline.com\/et\/kuidas-osta-loteriipileteid-internetis\/"},{"@type":"ListItem","position":3,"name":"Osta pileteid Lotto Saksamaa"}]},{"@type":"WebSite","@id":"https:\/\/jackpotlotteryonline.com\/#website","url":"https:\/\/jackpotlotteryonline.com\/","name":"Lotto Online - Crack The International Lottery Jackpots","description":"","potentialAction":[{"@type":"SearchAction","target":{"@type":"EntryPoint","urlTemplate":"https:\/\/jackpotlotteryonline.com\/?s={search_term_string}"},"query-input":"required name=search_term_string"}],"inLanguage":"et"}]}},"_links":{"self":[{"href":"https:\/\/jackpotlotteryonline.com\/et\/wp-json\/wp\/v2\/pages\/36665","targetHints":{"allow":["GET"]}}],"collection":[{"href":"https:\/\/jackpotlotteryonline.com\/et\/wp-json\/wp\/v2\/pages"}],"about":[{"href":"https:\/\/jackpotlotteryonline.com\/et\/wp-json\/wp\/v2\/types\/page"}],"author":[{"embeddable":true,"href":"https:\/\/jackpotlotteryonline.com\/et\/wp-json\/wp\/v2\/users\/1"}],"replies":[{"embeddable":true,"href":"https:\/\/jackpotlotteryonline.com\/et\/wp-json\/wp\/v2\/comments?post=36665"}],"version-history":[{"count":0,"href":"https:\/\/jackpotlotteryonline.com\/et\/wp-json\/wp\/v2\/pages\/36665\/revisions"}],"up":[{"embeddable":true,"href":"https:\/\/jackpotlotteryonline.com\/et\/wp-json\/wp\/v2\/pages\/35747"}],"wp:attachment":[{"href":"https:\/\/jackpotlotteryonline.com\/et\/wp-json\/wp\/v2\/media?parent=36665"}],"curies":[{"name":"wp","href":"https:\/\/api.w.org\/{rel}","templated":true}]}}