{"id":36719,"date":"2022-11-08T11:24:57","date_gmt":"2022-11-08T11:24:57","guid":{"rendered":"https:\/\/jackpotlotteryonline.com\/?page_id=36719"},"modified":"2022-12-21T14:34:29","modified_gmt":"2022-12-21T14:34:29","slug":"la-primitiva","status":"publish","type":"page","link":"https:\/\/jackpotlotteryonline.com\/et\/kuidas-osta-loteriipileteid-internetis\/la-primitiva\/","title":{"rendered":"Osta La Primitiva pileteid"},"content":{"rendered":"<h2>La Primitiva online<\/h2>\n<p>Hispaania loteriid on alati vaimustanud paljusid ja La Primitiva ei ole erandiks. Ja n\u00fc\u00fcd saab <strong>La Primitiva piletit osta internetis ka v\u00e4ljastpoolt Hispaaniat.<\/strong> Varem oli La Primitiva piiratud ainult Hispaania kodanikega, kuid kommunikatsiooni levikuga on see edasi liikunud j\u00e4rgmisele p\u00f5lvkonnale ja seda pakutakse k\u00f5igile \u00fcle 18-aastastele.<\/p>\n<p>Meie veebisaidi kaudu saab n\u00fc\u00fcd La Primitiva Lottot internetis m\u00e4ngida. See on \u00fcks Euroopa suuremaid loteriisid ja sellega kaasnevad tohutud auhinnad.<\/p>\n<p>Kui soovite osta La Primitiva loto piletit internetis ja elate v\u00e4ljaspool Hispaaniat, on ainus v\u00f5imalus osta see meilt. Meil on palju kliente \u00fcle kogu maailma ja me pakume teile parimaid teenuseid, mis h\u00f5lmavad La Primitiva pileti ostmist teie nimel, abi numbrite valimisel ja selle tagamist, et auhinnaraha j\u00f5uab ohutult teie k\u00e4tte.<\/p>\n<section class=\"layout\" style=\"border: solid 1px; width: 100%;\">\n<div class=\"img-div\" style=\"margin-top: 5px;\"><img decoding=\"async\" class=\"wp-image-17212 alignleft\" style=\"height: 45px; margin: 8px 8px 0px;\" src=\"https:\/\/jackpotlotteryonline.com\/wp-content\/uploads\/2022\/11\/read1.jpg\" alt=\"loe\" width=\"\" height=\"\" \/><\/div>\n<div style=\"padding-left: 5px;\">\n<div style=\"font-size: 1.1em;\">\n<p><strong>Mis on loterii edu saladus?<\/strong><\/p>\n<p style=\"font-size: 0.85em; margin-top: -1.5em;\">Kuidas edukalt loteriid m\u00e4ngida\u00a0<a href=\"https:\/\/jackpotlotteryonline.com\/et\/mis-on-loterii-edu-saladus\"> loe edasi<\/a><\/p>\n<\/div>\n<\/div>\n<\/section>\n<h2>Miks m\u00e4ngida La Primitiva online<\/h2>\n<p><a href=\"https:\/\/jackpotlotteryonline.com\/et\/winning-numbers\/la-primitiva\">La Primitiva Online loosib<\/a> kolm korda n\u00e4dalas. See annab aega, et jackpotid t\u00f5useksid kiiresti. Samal ajal on v\u00f5iduv\u00f5imalused \u00fcsna head, isegi k\u00f5ige k\u00f5rgemate auhinnaklasside puhul. Igal La Primitiva Online&#8217;is osaleval lotof\u00e4nnil on 1:6 t\u00f5en\u00e4osus v\u00f5ita rahaline auhind.<\/p>\n<h2>La Primitiva vs El Gordo vs Hispaania j\u00f5ululoto<\/h2>\n<p>Pakutavate auhindade poolest on La Primitiva \u00fcks kaugelt suurimaid loteriisid, mis on meie <a href=\"https:\/\/jackpotlotteryonline.com\/et\/kuidas-mangida\/la-primitiva-2\">saidil m\u00e4ngitavate loto<\/a> jackpotide seas \u00fcks k\u00f5ige n\u00f5utumaid. Pole p\u00f5hjust kaotada lootust ega v\u00f5imalust isegi siis, kui te ei ela Hispaanias. Saate m\u00e4ngida \u00fcksk\u00f5ik kus maailmas, kui olete \u00fcle 18-aastane.<\/p>\n<p>El Gordo on hoopis teine loterii, kuid ka seda saate meie saidil m\u00e4ngida. El Gordo loosib ainult kord n\u00e4dalas, p\u00fchap\u00e4eviti.<\/p>\n<p>Lisaks La Primitiva ja El Gordo regulaarsetele igan\u00e4dalastele loosimistele on olemas ka El Gordo j\u00f5ululoos, mis loositakse ainult \u00fcks kord aastas, 22. detsembril.<\/p>\n","protected":false},"excerpt":{"rendered":"<p>La Primitiva online Hispaania loteriid on alati vaimustanud paljusid ja La Primitiva ei ole erandiks. Ja n\u00fc\u00fcd saab La Primitiva piletit osta internetis ka v\u00e4ljastpoolt Hispaaniat. Varem oli La Primitiva piiratud ainult Hispaania kodanikega, kuid kommunikatsiooni levikuga on see edasi liikunud j\u00e4rgmisele p\u00f5lvkonnale ja seda pakutakse k\u00f5igile \u00fcle 18-aastastele. Meie veebisaidi kaudu saab n\u00fc\u00fcd La [&hellip;]<\/p>\n","protected":false},"author":1,"featured_media":0,"parent":35747,"menu_order":7,"comment_status":"closed","ping_status":"closed","template":"la-primitiva-info.php","meta":{"_et_pb_use_builder":"","_et_pb_old_content":"","_et_gb_content_width":"","exclude_from_search":false,"footnotes":""},"class_list":["post-36719","page","type-page","status-publish","hentry"],"yoast_head":"<!-- This site is optimized with the Yoast SEO plugin v23.3 - https:\/\/yoast.com\/wordpress\/plugins\/seo\/ -->\n<title>Osta La Primitiva Loto pilet online ja v\u00e4ljastpoolt Hispaaniat<\/title>\n<meta name=\"description\" content=\"Osta La Primitiva Loto piletid v\u00e4ljastpoolt Hispaaniat, pane p\u00f6idlad ristis, oota ja tee suurelt!\" \/>\n<meta name=\"robots\" content=\"index, follow, max-snippet:-1, max-image-preview:large, max-video-preview:-1\" \/>\n<link rel=\"canonical\" href=\"https:\/\/jackpotlotteryonline.com\/buy-tickets\/la-primitiva\/\" \/>\n<meta property=\"og:locale\" content=\"et_EE\" \/>\n<meta property=\"og:type\" content=\"article\" \/>\n<meta property=\"og:title\" content=\"Osta La Primitiva Loto pilet online ja v\u00e4ljastpoolt Hispaaniat\" \/>\n<meta property=\"og:description\" content=\"Osta La Primitiva Loto piletid v\u00e4ljastpoolt Hispaaniat, pane p\u00f6idlad ristis, oota ja tee suurelt!\" \/>\n<meta property=\"og:url\" content=\"https:\/\/jackpotlotteryonline.com\/buy-tickets\/la-primitiva\/\" \/>\n<meta property=\"og:site_name\" content=\"Lotto Online - Crack The International Lottery Jackpots\" \/>\n<meta property=\"article:modified_time\" content=\"2022-12-21T14:34:29+00:00\" \/>\n<meta property=\"og:image\" content=\"https:\/\/jackpotlotteryonline.com\/wp-content\/uploads\/2022\/11\/read1.jpg\" \/>\n<meta name=\"twitter:card\" content=\"summary_large_image\" \/>\n<meta name=\"twitter:label1\" content=\"Est. reading time\" \/>\n\t<meta name=\"twitter:data1\" content=\"2 minutit\" \/>\n<!-- \/ Yoast SEO plugin. -->","yoast_head_json":{"title":"Osta La Primitiva Loto pilet online ja v\u00e4ljastpoolt Hispaaniat","description":"Osta La Primitiva Loto piletid v\u00e4ljastpoolt Hispaaniat, pane p\u00f6idlad ristis, oota ja tee suurelt!","robots":{"index":"index","follow":"follow","max-snippet":"max-snippet:-1","max-image-preview":"max-image-preview:large","max-video-preview":"max-video-preview:-1"},"canonical":"https:\/\/jackpotlotteryonline.com\/buy-tickets\/la-primitiva\/","og_locale":"et_EE","og_type":"article","og_title":"Osta La Primitiva Loto pilet online ja v\u00e4ljastpoolt Hispaaniat","og_description":"Osta La Primitiva Loto piletid v\u00e4ljastpoolt Hispaaniat, pane p\u00f6idlad ristis, oota ja tee suurelt!","og_url":"https:\/\/jackpotlotteryonline.com\/buy-tickets\/la-primitiva\/","og_site_name":"Lotto Online - Crack The International Lottery Jackpots","article_modified_time":"2022-12-21T14:34:29+00:00","og_image":[{"url":"https:\/\/jackpotlotteryonline.com\/wp-content\/uploads\/2022\/11\/read1.jpg"}],"twitter_card":"summary_large_image","twitter_misc":{"Est. reading time":"2 minutit"},"schema":{"@context":"https:\/\/schema.org","@graph":[{"@type":"WebPage","@id":"https:\/\/jackpotlotteryonline.com\/buy-tickets\/la-primitiva\/","url":"https:\/\/jackpotlotteryonline.com\/buy-tickets\/la-primitiva\/","name":"Osta La Primitiva Loto pilet online ja v\u00e4ljastpoolt Hispaaniat","isPartOf":{"@id":"https:\/\/jackpotlotteryonline.com\/#website"},"primaryImageOfPage":{"@id":"https:\/\/jackpotlotteryonline.com\/buy-tickets\/la-primitiva\/#primaryimage"},"image":{"@id":"https:\/\/jackpotlotteryonline.com\/buy-tickets\/la-primitiva\/#primaryimage"},"thumbnailUrl":"https:\/\/jackpotlotteryonline.com\/wp-content\/uploads\/2022\/11\/read1.jpg","datePublished":"2022-11-08T11:24:57+00:00","dateModified":"2022-12-21T14:34:29+00:00","description":"Osta La Primitiva Loto piletid v\u00e4ljastpoolt Hispaaniat, pane p\u00f6idlad ristis, oota ja tee suurelt!","breadcrumb":{"@id":"https:\/\/jackpotlotteryonline.com\/buy-tickets\/la-primitiva\/#breadcrumb"},"inLanguage":"et","potentialAction":[{"@type":"ReadAction","target":["https:\/\/jackpotlotteryonline.com\/buy-tickets\/la-primitiva\/"]}]},{"@type":"ImageObject","inLanguage":"et","@id":"https:\/\/jackpotlotteryonline.com\/buy-tickets\/la-primitiva\/#primaryimage","url":"https:\/\/jackpotlotteryonline.com\/wp-content\/uploads\/2022\/11\/read1.jpg","contentUrl":"https:\/\/jackpotlotteryonline.com\/wp-content\/uploads\/2022\/11\/read1.jpg"},{"@type":"BreadcrumbList","@id":"https:\/\/jackpotlotteryonline.com\/buy-tickets\/la-primitiva\/#breadcrumb","itemListElement":[{"@type":"ListItem","position":1,"name":"Home","item":"https:\/\/jackpotlotteryonline.com\/et\/"},{"@type":"ListItem","position":2,"name":"Kuidas osta loteriipileteid internetis","item":"https:\/\/jackpotlotteryonline.com\/et\/kuidas-osta-loteriipileteid-internetis\/"},{"@type":"ListItem","position":3,"name":"Osta La Primitiva pileteid"}]},{"@type":"WebSite","@id":"https:\/\/jackpotlotteryonline.com\/#website","url":"https:\/\/jackpotlotteryonline.com\/","name":"Lotto Online - Crack The International Lottery Jackpots","description":"","potentialAction":[{"@type":"SearchAction","target":{"@type":"EntryPoint","urlTemplate":"https:\/\/jackpotlotteryonline.com\/?s={search_term_string}"},"query-input":"required name=search_term_string"}],"inLanguage":"et"}]}},"_links":{"self":[{"href":"https:\/\/jackpotlotteryonline.com\/et\/wp-json\/wp\/v2\/pages\/36719","targetHints":{"allow":["GET"]}}],"collection":[{"href":"https:\/\/jackpotlotteryonline.com\/et\/wp-json\/wp\/v2\/pages"}],"about":[{"href":"https:\/\/jackpotlotteryonline.com\/et\/wp-json\/wp\/v2\/types\/page"}],"author":[{"embeddable":true,"href":"https:\/\/jackpotlotteryonline.com\/et\/wp-json\/wp\/v2\/users\/1"}],"replies":[{"embeddable":true,"href":"https:\/\/jackpotlotteryonline.com\/et\/wp-json\/wp\/v2\/comments?post=36719"}],"version-history":[{"count":0,"href":"https:\/\/jackpotlotteryonline.com\/et\/wp-json\/wp\/v2\/pages\/36719\/revisions"}],"up":[{"embeddable":true,"href":"https:\/\/jackpotlotteryonline.com\/et\/wp-json\/wp\/v2\/pages\/35747"}],"wp:attachment":[{"href":"https:\/\/jackpotlotteryonline.com\/et\/wp-json\/wp\/v2\/media?parent=36719"}],"curies":[{"name":"wp","href":"https:\/\/api.w.org\/{rel}","templated":true}]}}