{"id":36774,"date":"2022-11-09T06:29:50","date_gmt":"2022-11-09T06:29:50","guid":{"rendered":"https:\/\/jackpotlotteryonline.com\/?page_id=36774"},"modified":"2023-01-03T21:31:38","modified_gmt":"2023-01-03T21:31:38","slug":"lotto-france","status":"publish","type":"page","link":"https:\/\/jackpotlotteryonline.com\/et\/kuidas-osta-loteriipileteid-internetis\/lotto-france\/","title":{"rendered":"Osta Lotto Prantsusmaa pileteid"},"content":{"rendered":"<p>Kas Prantsusmaa Lotto pileteid saab osta v\u00e4ljastpoolt Euroopa riiki? V\u00f5ib-olla olete kogenud m\u00e4ngur v\u00f5i algaja ja m\u00f5tlete, miks peaks teid just see loterii huvitama. Jagame teiega m\u00f5ned p\u00f5hjused, miks me usume, et Prantsusmaa riiklik loterii on suurep\u00e4rane m\u00e4ng, mida m\u00e4ngida. Kui olete m\u00e4ngija mujalt maailmast, siis avastate, kuidas osta ka selles loteriis osalemisi.<\/p>\n<p>Loterii on \u00f5nnem\u00e4ng ja m\u00f5nikord v\u00f5ib olla vaja laiendada oma v\u00f5rku, et p\u00fc\u00fcda suuremaid kalu. P\u00f5him\u00f5tteliselt t\u00e4hendab see teiste loteriide uurimist, et suurendada oma v\u00f5iduv\u00f5imalusi. Prantsuse loterii on hea loterii, mida tasub proovida mitmel p\u00f5hjusel ja neid puudutame selles artiklis.<\/p>\n<h2>H\u00e4mmastavad jackpoti summad<\/h2>\n<p>Prantsusmaa loto, mida nimetatakse ka Prantsusmaa lotoks v\u00f5i l\u00fchidalt lihtsalt Lotoks, omab v\u00e4ga atraktiivseid jackpoteid, mis meelitavad m\u00e4ngijaid \u00fcle kogu maailma. 2 miljoni euro suuruse algsummaga jackpotil on v\u00f5imalus kasvada palju suuremaks, kui seda ei v\u00f5eta iga loosimise j\u00e4rel.<\/p>\n<p>Prantsuse loterii jackpot rullib, kui v\u00f5itjat ei ole, ja suureneb pidevalt, kuni see j\u00f5uab m\u00e4rkimisv\u00e4\u00e4rse summani. Kui m\u00e4ngid seda Euroopa loteriid, v\u00f5id v\u00f5ita 11 miljoni euro suuruse v\u00f5i suurema jackpoti.<\/p>\n<p>Konteksti jaoks suureneb jackpot p\u00e4rast iga loosimist 1 miljoni euro v\u00f5rra ja v\u00f5ib suureneda 34 j\u00e4rjestikust korda, enne kui see l\u00f5petab rullimise. P\u00fc\u00fca ette kujutada, kui palju see k\u00f5ik v\u00f5ib kokku tulla, ja seda ka \u00fcsna kiiresti.<\/p>\n<h2>Mitu loosimist n\u00e4dalas<\/h2>\n<p>P\u00f5hjus, miks jackpoti auhind kasvab nii kiiresti, on selle loosimiste arv. <a href=\"https:\/\/jackpotlotteryonline.com\/et\/winning-numbers\/france-lotto-2\">Prantsuse loteriil on n\u00e4dalas<\/a> kolm loosimist, mis annab m\u00e4ngijatele mitu v\u00f5imalust suureks v\u00f5iduks. Loosimised toimuvad esmasp\u00e4eval, kolmap\u00e4eval ja laup\u00e4eval.<\/p>\n<p>Kui otsustate selles loteriis osaleda, soovitame osaleda mitmes loosimises, sest see on suurep\u00e4rane v\u00f5imalus suurendada oma v\u00f5iduv\u00f5imalusi.<\/p>\n<h2>10 erinevat auhinnakategooriat<\/h2>\n<p><img loading=\"lazy\" decoding=\"async\" class=\"alignright size-full wp-image-30344\" src=\"https:\/\/jackpotlotteryonline.com\/wp-content\/uploads\/2022\/11\/1_winning_numbers_euromillions.jpg\" alt=\"Prantsusmaa loterii auhinnakategooria\" width=\"300\" height=\"300\" srcset=\"https:\/\/jackpotlotteryonline.com\/wp-content\/uploads\/2022\/11\/1_winning_numbers_euromillions.jpg 300w, https:\/\/jackpotlotteryonline.com\/wp-content\/uploads\/2022\/11\/1_winning_numbers_euromillions-100x100.jpg 100w, https:\/\/jackpotlotteryonline.com\/wp-content\/uploads\/2022\/11\/1_winning_numbers_euromillions-150x150.jpg 150w\" sizes=\"auto, (max-width: 300px) 100vw, 300px\" \/><\/p>\n<p>Jackpoti auhind on atraktiivne, kuid see ei ole ainus asi, mida <a href=\"https:\/\/jackpotlotteryonline.com\/et\/kuidas-mangida\/france-lotto\">Prantsuse lotos m\u00e4ngides<\/a> v\u00f5ita saab. Sellel 1978. aastal asutatud loteriil on k\u00fcmme erinevat auhinnakategooriat. On isegi auhind juhusliku numbri kokkulangemise eest.<\/p>\n<p>Auhinnakategooriad on loetletud allpool.<\/p>\n<p>5 numbrit + juhuslik number &#8211; jackpot<br \/>\nAinult 5 numbri kokkulangevus &#8211; 8,44% auhinnafondist<br \/>\n4 numbrit + juhuslik number &#8211; 2,06% auhinnafondist.<br \/>\nAinult 4 numbrit &#8211; 7,43% auhinnafondist<br \/>\n3 numbrit + juhuslik number &#8211; 4,44% auhinnafondist<br \/>\nAinult 3 numbrit &#8211; 15,98% auhinnafondist<br \/>\n2 numbrit + juhusnumber &#8211; 12,43% auhinnafondist<br \/>\nAinult 2 numbrit &#8211; 49,22% auhinnafondist<br \/>\n1 number + juhusnumber &#8211; 2,20 eurot<br \/>\nAinult juhuslik number &#8211; 2,20 eurot<\/p>\n<h2>Lihtne m\u00e4ngida offline ja online<\/h2>\n<p>Teine p\u00f5hjus, miks kaaluda Prantsuse loteriis m\u00e4ngimist, on see, et loteriis osalemine on \u00fcsna lihtne. Kui elate Prantsusmaal, siis on loteriis osalemine sama lihtne kui minna registreeritud loteriim\u00fc\u00fcja juurde, et osta loteriilipp. Loosimislehel saate valida 5 p\u00f5hinumbrit ja juhusnumbri. V\u00f5ite valida rohkem kui \u00fche numbrite rea, et suurendada oma v\u00f5iduv\u00f5imalusi loteriis.<\/p>\n<p>Kui te elate v\u00e4ljaspool Prantsusmaad, on loteriis osalemine v\u00e4hem lihtne. Te ei saa selle loterii pileteid poest osta, seega on v\u00f5imalus osta pileteid internetist. Kui osalete loteriis interneti teel, kehtib sama p\u00f5him\u00f5te. See t\u00e4hendab, et valige 5 p\u00f5hinumbrit ja juhuslik number.<\/p>\n<p>S\u00f5ltumata sellest, kas m\u00e4ngite loteriid offline v\u00f5i internetis, peate valima loosimiste arvu, kuhu soovite osaleda. Loosimiste l\u00f5pus v\u00f5idab loteriipileti see pilet, mis vastab loositud numbritele.<\/p>\n<section class=\"layout\" style=\"border: solid 1px; width: 100%;\">\n<div class=\"img-div\" style=\"margin-top: 5px;\"><img decoding=\"async\" class=\"wp-image-17212 alignleft\" style=\"height: 45px; margin: 8px 8px 0px;\" src=\"https:\/\/jackpotlotteryonline.com\/wp-content\/uploads\/2022\/11\/read1.jpg\" alt=\"loe\" width=\"\" height=\"\" \/><\/div>\n<div style=\"padding-left: 5px;\">\n<div style=\"font-size: 1.1em;\">\n<p><strong>Vaata oma loterii numbrid loositakse otse\u00fclekandes<\/strong><\/p>\n<p style=\"font-size: 0.85em; margin-top: -1.5em;\">Kuidas vaadata oma lemmikloteriide otse\u00fclekandeid\u00a0 <a href=\"https:\/\/jackpotlotteryonline.com\/et\/vaadata-oma-loterii-numbrid-tommatakse-live\"> loe edasi<\/a><\/p>\n<\/div>\n<\/div>\n<\/section>\n<h2>M\u00e4ngi Prantsuse loto koos jackpotlotteryonline.com&#8217;iga.<\/h2>\n<p>Kui te olete interneti kaudu loterii m\u00e4ngimine uus, v\u00f5ib asi v\u00e4ga kiiresti v\u00e4ga segaseks minna. Kuidas sorteerida l\u00e4bi k\u00f5ik erinevad saidid, mis v\u00e4idavad, et m\u00fc\u00fcvad loteriipileteid ehtsate m\u00fc\u00fcjate juurde? See on lihtne. Otsige sait, mis pakub concierge-teenuseid.<\/p>\n<p>Meil jackpotlotteryoneline.com pakume oma klientidele concierge-teenuseid, et tagada neile ligip\u00e4\u00e4s nende valitud loteriidele. Kui ostate meie saidilt sissekande, ostavad meie esindajad Prantsusmaal f\u00fc\u00fcsilised sedelid teie valitud numbriga.<\/p>\n<p>Selle p\u00f5hjuseks on tagada, et te ei panustaks lihtsalt loterii tulemusele, vaid et te t\u00f5epoolest osalete loosimises, et v\u00f5ita jackpot.<\/p>\n<h2>N\u00e4pun\u00e4iteid oma v\u00f5iduv\u00f5imaluste suurendamiseks<\/h2>\n<p><img loading=\"lazy\" decoding=\"async\" class=\"alignright size-full wp-image-35051\" src=\"https:\/\/jackpotlotteryonline.com\/wp-content\/uploads\/2022\/11\/2_ticket_saturday_lotto_au-1-166x300-1.jpg\" alt=\"Prantsusmaa loterii pilet\" width=\"166\" height=\"300\" \/><\/p>\n<p>Loterii on numbrite m\u00e4ng. Mida rohkem sa m\u00e4ngid, seda suuremad on sinu v\u00f5iduv\u00f5imalused. Suur osa loteriiv\u00f5itjatest avaldas, et nad on enne v\u00f5itmist mitu aastat m\u00e4nginud. Seega on siin m\u00f5ned viisid, kuidas suurendada oma v\u00f5imalusi loteriiv\u00f5iduks.<\/p>\n<ul>\n<li>Ostke mitu loteriipanekut. See tundub nii ilmselge, kuid on inimesi, kes ostavad \u00fche osaluse \u00fche loosimise jaoks ja tunnevad seej\u00e4rel pettumust, sest nad ei v\u00f5itnud. Kui soovite suurendada oma v\u00f5iduv\u00f5imalusi, peate ostma mitu sissekannet.<\/li>\n<li>Osale ka mitmes loosimises. Loosimiste puhul on loogika sama. Mida rohkematel loosimistel osalete, seda suuremad on teie v\u00f5imalused suureks v\u00f5iduks.<\/li>\n<li>Proovige liituda loteriis\u00fcndikaadiga. See on grupp inimesi, kes tulevad kokku, et \u00fchendada oma ressursid, et nad saaksid loteriid m\u00e4ngida. \u00dchendatud ressursside abil saavad nad osta rohkem osalemisi ja osaleda mitmes loosimises. Huvitaval kombel on paljud loteriis\u00fcndikaadid aastate jooksul v\u00f5itnud uskumatuid jackpoteid, seega on see hea v\u00f5imalus proovida.<\/li>\n<li>Uskuge, et te v\u00f5idate. Atraktsiooni seadus on asi ja paljud loteriiv\u00f5itjad \u00fctleksid teile, et nad uskusid, et nad v\u00f5idavad loteriis. Kui te kavatsete loteriid m\u00e4ngida, siis on hea m\u00f5te, kui teil on tugev usk, et te v\u00f5idate.<\/li>\n<li>\u00c4rge andke alla. On ahvatlev loobuda, kui m\u00e4ngid paar korda ilma v\u00f5iduta. Kuid kui sa t\u00f5esti tahad suurelt v\u00f5ita, pead sa olema j\u00e4rjekindel. Panustage ainult seda, mida saate endale lubada.<\/li>\n<li>\u00c4rge unustage, et teil oleks loterii m\u00e4ngimisel l\u00f5bus. L\u00f5ppkokkuv\u00f5ttes on see ikkagi m\u00e4ng ja kui sa naudid seda kogemust, siis on see seda v\u00e4\u00e4rt.<\/li>\n<\/ul>\n<h2>Ostke oma Prantsuse Lotto piletid n\u00fc\u00fcd<\/h2>\n<p>Kui olete Prantsuse loteriist nii p\u00f5nevil nagu meie, siis on aeg osta oma loteriipiletid. \u00d5nneks ei ole enam oluline, kus te elate, sest saate oma pileteid osta veebist.<\/p>\n<p>Kui registreerite end meie juures, ei pea te muretsema piletite kaotamise v\u00f5i tulemuste kontrollimise unustamise p\u00e4rast. Me tegeleme k\u00f5ige sellega teie eest ja teavitame teid v\u00f5imalikest v\u00f5itudest. Samuti saate oma v\u00f5idud meie platvormi kaudu h\u00f5lpsasti v\u00e4lja v\u00f5tta.<\/p>\n<p>Loterii m\u00e4ngimine on meie saidil m\u00e4ngides sujuv ja stressivaba kogemus. Sa ei tea kunagi, kas see on see p\u00e4ev, mil \u00f5nn on sinu poolel. Nii et miks mitte registreeruda meie juures juba t\u00e4na, et osta pileteid Prantsuse lotosse?<\/p>\n","protected":false},"excerpt":{"rendered":"<p>Kas Prantsusmaa Lotto pileteid saab osta v\u00e4ljastpoolt Euroopa riiki? V\u00f5ib-olla olete kogenud m\u00e4ngur v\u00f5i algaja ja m\u00f5tlete, miks peaks teid just see loterii huvitama. Jagame teiega m\u00f5ned p\u00f5hjused, miks me usume, et Prantsusmaa riiklik loterii on suurep\u00e4rane m\u00e4ng, mida m\u00e4ngida. Kui olete m\u00e4ngija mujalt maailmast, siis avastate, kuidas osta ka selles loteriis osalemisi. Loterii on [&hellip;]<\/p>\n","protected":false},"author":1,"featured_media":0,"parent":35747,"menu_order":9,"comment_status":"closed","ping_status":"closed","template":"lotto-fr-info.php","meta":{"_et_pb_use_builder":"","_et_pb_old_content":"","_et_gb_content_width":"","exclude_from_search":false,"footnotes":""},"class_list":["post-36774","page","type-page","status-publish","hentry"],"yoast_head":"<!-- This site is optimized with the Yoast SEO plugin v23.3 - https:\/\/yoast.com\/wordpress\/plugins\/seo\/ -->\n<title>Osta Prantsuse Loto pileteid v\u00e4ljastpoolt Prantsusmaad | Prantsusmaa Loto piletite hankimine internetis<\/title>\n<meta name=\"description\" content=\"Prantsusmaa Loto piletite ostmiseks ei pea te olema Prantsusmaal. Hankige Prantsusmaa loterii piletid internetis siit!\" \/>\n<meta name=\"robots\" content=\"index, follow, max-snippet:-1, max-image-preview:large, max-video-preview:-1\" \/>\n<link rel=\"canonical\" href=\"https:\/\/jackpotlotteryonline.com\/buy-tickets\/lotto-france\/\" \/>\n<meta property=\"og:locale\" content=\"et_EE\" \/>\n<meta property=\"og:type\" content=\"article\" \/>\n<meta property=\"og:title\" content=\"Osta Prantsuse Loto pileteid v\u00e4ljastpoolt Prantsusmaad | Prantsusmaa Loto piletite hankimine internetis\" \/>\n<meta property=\"og:description\" content=\"Prantsusmaa Loto piletite ostmiseks ei pea te olema Prantsusmaal. Hankige Prantsusmaa loterii piletid internetis siit!\" \/>\n<meta property=\"og:url\" content=\"https:\/\/jackpotlotteryonline.com\/buy-tickets\/lotto-france\/\" \/>\n<meta property=\"og:site_name\" content=\"Lotto Online - Crack The International Lottery Jackpots\" \/>\n<meta property=\"article:modified_time\" content=\"2023-01-03T21:31:38+00:00\" \/>\n<meta property=\"og:image\" content=\"https:\/\/jackpotlotteryonline.com\/wp-content\/uploads\/2022\/11\/1_winning_numbers_euromillions.jpg\" \/>\n<meta name=\"twitter:card\" content=\"summary_large_image\" \/>\n<meta name=\"twitter:label1\" content=\"Est. reading time\" \/>\n\t<meta name=\"twitter:data1\" content=\"5 minutit\" \/>\n<!-- \/ Yoast SEO plugin. -->","yoast_head_json":{"title":"Osta Prantsuse Loto pileteid v\u00e4ljastpoolt Prantsusmaad | Prantsusmaa Loto piletite hankimine internetis","description":"Prantsusmaa Loto piletite ostmiseks ei pea te olema Prantsusmaal. Hankige Prantsusmaa loterii piletid internetis siit!","robots":{"index":"index","follow":"follow","max-snippet":"max-snippet:-1","max-image-preview":"max-image-preview:large","max-video-preview":"max-video-preview:-1"},"canonical":"https:\/\/jackpotlotteryonline.com\/buy-tickets\/lotto-france\/","og_locale":"et_EE","og_type":"article","og_title":"Osta Prantsuse Loto pileteid v\u00e4ljastpoolt Prantsusmaad | Prantsusmaa Loto piletite hankimine internetis","og_description":"Prantsusmaa Loto piletite ostmiseks ei pea te olema Prantsusmaal. Hankige Prantsusmaa loterii piletid internetis siit!","og_url":"https:\/\/jackpotlotteryonline.com\/buy-tickets\/lotto-france\/","og_site_name":"Lotto Online - Crack The International Lottery Jackpots","article_modified_time":"2023-01-03T21:31:38+00:00","og_image":[{"url":"https:\/\/jackpotlotteryonline.com\/wp-content\/uploads\/2022\/11\/1_winning_numbers_euromillions.jpg"}],"twitter_card":"summary_large_image","twitter_misc":{"Est. reading time":"5 minutit"},"schema":{"@context":"https:\/\/schema.org","@graph":[{"@type":"WebPage","@id":"https:\/\/jackpotlotteryonline.com\/buy-tickets\/lotto-france\/","url":"https:\/\/jackpotlotteryonline.com\/buy-tickets\/lotto-france\/","name":"Osta Prantsuse Loto pileteid v\u00e4ljastpoolt Prantsusmaad | Prantsusmaa Loto piletite hankimine internetis","isPartOf":{"@id":"https:\/\/jackpotlotteryonline.com\/#website"},"primaryImageOfPage":{"@id":"https:\/\/jackpotlotteryonline.com\/buy-tickets\/lotto-france\/#primaryimage"},"image":{"@id":"https:\/\/jackpotlotteryonline.com\/buy-tickets\/lotto-france\/#primaryimage"},"thumbnailUrl":"https:\/\/jackpotlotteryonline.com\/wp-content\/uploads\/2022\/11\/1_winning_numbers_euromillions.jpg","datePublished":"2022-11-09T06:29:50+00:00","dateModified":"2023-01-03T21:31:38+00:00","description":"Prantsusmaa Loto piletite ostmiseks ei pea te olema Prantsusmaal. Hankige Prantsusmaa loterii piletid internetis siit!","breadcrumb":{"@id":"https:\/\/jackpotlotteryonline.com\/buy-tickets\/lotto-france\/#breadcrumb"},"inLanguage":"et","potentialAction":[{"@type":"ReadAction","target":["https:\/\/jackpotlotteryonline.com\/buy-tickets\/lotto-france\/"]}]},{"@type":"ImageObject","inLanguage":"et","@id":"https:\/\/jackpotlotteryonline.com\/buy-tickets\/lotto-france\/#primaryimage","url":"https:\/\/jackpotlotteryonline.com\/wp-content\/uploads\/2022\/11\/1_winning_numbers_euromillions.jpg","contentUrl":"https:\/\/jackpotlotteryonline.com\/wp-content\/uploads\/2022\/11\/1_winning_numbers_euromillions.jpg"},{"@type":"BreadcrumbList","@id":"https:\/\/jackpotlotteryonline.com\/buy-tickets\/lotto-france\/#breadcrumb","itemListElement":[{"@type":"ListItem","position":1,"name":"Home","item":"https:\/\/jackpotlotteryonline.com\/et\/"},{"@type":"ListItem","position":2,"name":"Kuidas osta loteriipileteid internetis","item":"https:\/\/jackpotlotteryonline.com\/et\/kuidas-osta-loteriipileteid-internetis\/"},{"@type":"ListItem","position":3,"name":"Osta Lotto Prantsusmaa pileteid"}]},{"@type":"WebSite","@id":"https:\/\/jackpotlotteryonline.com\/#website","url":"https:\/\/jackpotlotteryonline.com\/","name":"Lotto Online - Crack The International Lottery Jackpots","description":"","potentialAction":[{"@type":"SearchAction","target":{"@type":"EntryPoint","urlTemplate":"https:\/\/jackpotlotteryonline.com\/?s={search_term_string}"},"query-input":"required name=search_term_string"}],"inLanguage":"et"}]}},"_links":{"self":[{"href":"https:\/\/jackpotlotteryonline.com\/et\/wp-json\/wp\/v2\/pages\/36774","targetHints":{"allow":["GET"]}}],"collection":[{"href":"https:\/\/jackpotlotteryonline.com\/et\/wp-json\/wp\/v2\/pages"}],"about":[{"href":"https:\/\/jackpotlotteryonline.com\/et\/wp-json\/wp\/v2\/types\/page"}],"author":[{"embeddable":true,"href":"https:\/\/jackpotlotteryonline.com\/et\/wp-json\/wp\/v2\/users\/1"}],"replies":[{"embeddable":true,"href":"https:\/\/jackpotlotteryonline.com\/et\/wp-json\/wp\/v2\/comments?post=36774"}],"version-history":[{"count":0,"href":"https:\/\/jackpotlotteryonline.com\/et\/wp-json\/wp\/v2\/pages\/36774\/revisions"}],"up":[{"embeddable":true,"href":"https:\/\/jackpotlotteryonline.com\/et\/wp-json\/wp\/v2\/pages\/35747"}],"wp:attachment":[{"href":"https:\/\/jackpotlotteryonline.com\/et\/wp-json\/wp\/v2\/media?parent=36774"}],"curies":[{"name":"wp","href":"https:\/\/api.w.org\/{rel}","templated":true}]}}