{"id":36826,"date":"2022-11-09T08:19:57","date_gmt":"2022-11-09T08:19:57","guid":{"rendered":"https:\/\/jackpotlotteryonline.com\/?page_id=36826"},"modified":"2023-01-04T09:03:42","modified_gmt":"2023-01-04T09:03:42","slug":"lotto-america","status":"publish","type":"page","link":"https:\/\/jackpotlotteryonline.com\/et\/kuidas-osta-loteriipileteid-internetis\/lotto-america\/","title":{"rendered":"Lotto Ameerika piletid internetis"},"content":{"rendered":"<p>2018. aasta m\u00e4rtsis v\u00f5itis \u00fcks perekond 23 miljoni dollari suuruse loto America jackpoti. See on k\u00f5rgeim auhind, mille \u00fckski m\u00e4ngija on seni v\u00f5itnud, kuid see on sellele loteriile t\u00e4helepanu juhtinud. 1988. aastal seitsme Ameerika osariigi poolt asutatud loteriiga liitusid mitmed teised osariigid. Aastate jooksul on see toonud esile mitmeid miljon\u00e4re.<\/p>\n<p>Selle loterii pileteid saab osta igas osalevas osariigis. Huvitav on see, et see ei ole ainus loterii Ameerika \u00dchendriikides, kuid see on pidevalt meelitanud m\u00e4ngijaid k\u00f5ikjalt. Kui olete m\u00e4ngija v\u00e4ljaspool P\u00f5hja-Ameerikat, siis v\u00f5ite k\u00fcsida, kuidas osta pileteid sellesse loteriisse.<\/p>\n<p>Juhendame teid selle loterii <a href=\"https:\/\/jackpotlotteryonline.com\/et\/kuidas-mangida\/lotto-america-2\">edukaks m\u00e4ngimiseks v\u00e4ljastpoolt Ameerika \u00dchendriike<\/a>. Samuti anname endast parima, et vastata k\u00f5ikidele k\u00fcsimustele, mis teil v\u00f5ivad olla Lotto America ja loteriisse sisenemise kohta.<\/p>\n<h2>Kuidas loterii toimib?<\/h2>\n<p><img loading=\"lazy\" decoding=\"async\" class=\"size-full wp-image-29993 alignright\" src=\"http:\/\/jackpotlotteryonline.com\/wp-content\/uploads\/2022\/11\/1_win_lottery_usa_online.jpg\" alt=\"Lotto America piletid internetis\" width=\"300\" height=\"200\" \/><\/p>\n<p>Nagu enamik loteriim\u00e4nge, on ka see m\u00e4ng numbritega mitmes m\u00f5ttes. See on numbrim\u00e4ng selles m\u00f5ttes, et m\u00e4ngijatel ei ole suuri v\u00f5iduv\u00f5imalusi. Kuid see ongi loterii ja ei ole teada, millal \u00f5nn m\u00e4ngijat soosib. See on numbrim\u00e4ng ka selle poolest, kuidas m\u00e4ngu m\u00e4ngitakse.<\/p>\n<p>Selles USA loteriis peavad m\u00e4ngijad valima viis p\u00f5hinumbrit vahemikus 1 ja 52. Samuti tuleb valida Star Ball number vahemikus 1 ja 10. See teeb kokku 6 numbrit. Kui te ei ole kindel, milliseid numbreid valida, v\u00f5ite kasutada automaatset valimisprogrammi, et teha seda kiiremini. Samuti v\u00f5ite valida mitu numbrite rida, et suurendada oma v\u00f5iduv\u00f5imalusi.<\/p>\n<p>J\u00e4rgmisena valite, mitu loosimist soovite osaleda. See Ameerika loterii korraldab kolm loosimist n\u00e4dalas esmasp\u00e4eval, kolmap\u00e4eval ja laup\u00e4eval. Saate osaleda mitmes loosimises.<\/p>\n<h2>All Star boonuse m\u00e4ngimine<\/h2>\n<p>All Star Bonus on v\u00f5imalus oma v\u00f5idud mitmekordistada. Kui valite oma numbreid, saate lisatasu eest lisada All Star&#8217;i boonuse. See on eriti kasulik neile, kes v\u00f5idavad auhindu teistes kategooriates, sest see v\u00f5ib oluliselt suurendada seda, mida nad koju viivad.<\/p>\n<p>All Star boonus valitakse juhuslikult ja see kuulutatakse v\u00e4lja <a href=\"https:\/\/jackpotlotteryonline.com\/et\/winning-numbers\/lotto-america\">loosimisp\u00e4eval<\/a>. Pange t\u00e4hele, et seda ei saa lisada p\u00e4rast seda, kui olete juba ostu sooritanud. See tuleb lisada pileti ostmisel.<\/p>\n<section class=\"layout\" style=\"border: solid 1px; width: 100%;\">\n<div class=\"img-div\" style=\"margin-top: 5px;\"><img decoding=\"async\" class=\"wp-image-17212 alignleft\" style=\"height: 45px; margin: 8px 8px 0px;\" src=\"http:\/\/jackpotlotteryonline.com\/wp-content\/uploads\/2022\/11\/read1.jpg\" alt=\"loe\" width=\"\" height=\"\" \/><\/div>\n<div style=\"padding-left: 5px;\">\n<div style=\"font-size: 1.1em;\">\n<p><strong>M\u00f5ned loterii v\u00f5itjad andsid tagasi kogukonnale<\/strong><\/p>\n<p style=\"font-size: 0.85em; margin-top: -1.5em;\">M\u00f5ned huvitavad ja s\u00fcdantsoojendavad lood loteriiv\u00f5itjate tagasip\u00f6\u00f6rdumisest\u00a0 <a href=\"https:\/\/jackpotlotteryonline.com\/et\/lugusid-loterii-voitjad-andes-tagasi\">loe edasi<\/a><\/p>\n<\/div>\n<\/div>\n<\/section>\n<h2>Jackpoti v\u00f5itmine<\/h2>\n<p>Jackpot algab 2 miljonist dollarist. Kui p\u00e4rast loosimist ei ole v\u00f5itjat, l\u00e4heb see \u00fcle j\u00e4rgmisele loosimisele. See j\u00e4tkub, kuni see j\u00f5uab 10 miljoni dollarini. Nagu me alguses mainisime, v\u00f5ib see \u00fcletada 10 miljonit dollarit.<\/p>\n<p>On kasulik m\u00e4rkida, et jackpot ei ole ainus auhind, mida m\u00e4ngija v\u00f5ib selle Ameerika loteriiga m\u00e4ngides v\u00f5ita. Sellel on veel kaheksa muud auhinnatasandit, sealhulgas auhind lihtsalt t\u00e4hekuulaga kokkulangemise eest. Koos All Star Bonus&#8217;iga v\u00f5ib lisaauhinna v\u00f5itnud m\u00e4ngija minna koju palju rikkamana.<\/p>\n<h2>Kui v\u00f5idate<\/h2>\n<p>Lotto America veebisaidi kohaselt saab auhinda taotleda ainult selles osariigis, kus sa v\u00f5itsid. Nii et kui ostsite oma pileti n\u00e4iteks Maine&#8217;is, peate oma v\u00f5idu k\u00e4ttesaamiseks minema sinna osariiki. Kui aga elate v\u00e4ljaspool Ameerika \u00dchendriike, siis on asjad veidi teisiti.<\/p>\n<h2>Kuidas osta Ameerika loto pileteid v\u00e4ljastpoolt USAd<\/h2>\n<p><img loading=\"lazy\" decoding=\"async\" class=\"alignright size-medium wp-image-34079\" src=\"http:\/\/jackpotlotteryonline.com\/wp-content\/uploads\/2022\/11\/2_ticket_mon_wed_lotto_au-176x300.jpg\" alt=\"Lotto Ameerika piletid v\u00e4ljastpoolt USA-d\" width=\"176\" height=\"300\" srcset=\"https:\/\/jackpotlotteryonline.com\/wp-content\/uploads\/2022\/11\/2_ticket_mon_wed_lotto_au-176x300.jpg 176w, https:\/\/jackpotlotteryonline.com\/wp-content\/uploads\/2022\/11\/2_ticket_mon_wed_lotto_au.jpg 250w\" sizes=\"auto, (max-width: 176px) 100vw, 176px\" \/><\/p>\n<p>Selles loteriis osalemiseks on ainult kaks v\u00f5imalust. Esimene on osta pilet m\u00fc\u00fcjalt mis tahes osariigis, kus pileteid m\u00fc\u00fcakse. Kuigi teine v\u00f5imalus on saada ligip\u00e4\u00e4s loteriile interneti kaudu. Rahvusvahelistes loteriides osaleb internetis \u00fcha rohkem m\u00e4ngijaid.<\/p>\n<p>On olemas loteriisaite, mis annavad m\u00e4ngijatele seadusliku juurdep\u00e4\u00e4su loteriidele \u00fcle maailma. Enne m\u00f5ne sellise saidi k\u00fclastamist on oluline k\u00f5igepealt v\u00e4lja selgitada, kas tegemist on konkursisaidiga. Seda selleks, et te ei satuks loteriitulemustele panustamise asemel loteriisse osalema.<\/p>\n<p>Kui ostate meilt loteriipileti, saate juurdep\u00e4\u00e4su teie valitud loteriile. Meil on concierge-teenus, millel on agendid \u00fcle kogu maailma. Kui ostate pileti veebist, saavad meie agendid selles riigis ka f\u00fc\u00fcsilise sedeliga koos vastavate numbritega. Olenemata sellest, kus te olete, v\u00f5ite olla kindel, et teil on v\u00f5imalus v\u00f5ita suurelt.<\/p>\n","protected":false},"excerpt":{"rendered":"<p>2018. aasta m\u00e4rtsis v\u00f5itis \u00fcks perekond 23 miljoni dollari suuruse loto America jackpoti. See on k\u00f5rgeim auhind, mille \u00fckski m\u00e4ngija on seni v\u00f5itnud, kuid see on sellele loteriile t\u00e4helepanu juhtinud. 1988. aastal seitsme Ameerika osariigi poolt asutatud loteriiga liitusid mitmed teised osariigid. Aastate jooksul on see toonud esile mitmeid miljon\u00e4re. Selle loterii pileteid saab osta [&hellip;]<\/p>\n","protected":false},"author":1,"featured_media":0,"parent":35747,"menu_order":13,"comment_status":"closed","ping_status":"closed","template":"lotto-america-info.php","meta":{"_et_pb_use_builder":"","_et_pb_old_content":"","_et_gb_content_width":"","exclude_from_search":false,"footnotes":""},"class_list":["post-36826","page","type-page","status-publish","hentry"],"yoast_head":"<!-- This site is optimized with the Yoast SEO plugin v23.3 - https:\/\/yoast.com\/wordpress\/plugins\/seo\/ -->\n<title>Osta Lotto America pileteid v\u00e4ljastpoolt USA-d | Lotto America online<\/title>\n<meta name=\"description\" content=\"Lotto America&#039;t saab m\u00e4ngida v\u00e4ljastpoolt USA-d - ostke lihtsalt oma Lotto America pilet meie online piletiteenuse kaudu.\" \/>\n<meta name=\"robots\" content=\"index, follow, max-snippet:-1, max-image-preview:large, max-video-preview:-1\" \/>\n<link rel=\"canonical\" href=\"https:\/\/jackpotlotteryonline.com\/buy-tickets\/lotto-america\/\" \/>\n<meta property=\"og:locale\" content=\"et_EE\" \/>\n<meta property=\"og:type\" content=\"article\" \/>\n<meta property=\"og:title\" content=\"Osta Lotto America pileteid v\u00e4ljastpoolt USA-d | Lotto America online\" \/>\n<meta property=\"og:description\" content=\"Lotto America&#039;t saab m\u00e4ngida v\u00e4ljastpoolt USA-d - ostke lihtsalt oma Lotto America pilet meie online piletiteenuse kaudu.\" \/>\n<meta property=\"og:url\" content=\"https:\/\/jackpotlotteryonline.com\/buy-tickets\/lotto-america\/\" \/>\n<meta property=\"og:site_name\" content=\"Lotto Online - Crack The International Lottery Jackpots\" \/>\n<meta property=\"article:modified_time\" content=\"2023-01-04T09:03:42+00:00\" \/>\n<meta property=\"og:image\" content=\"http:\/\/jackpotlotteryonline.com\/wp-content\/uploads\/2022\/11\/1_win_lottery_usa_online.jpg\" \/>\n<meta name=\"twitter:card\" content=\"summary_large_image\" \/>\n<meta name=\"twitter:label1\" content=\"Est. reading time\" \/>\n\t<meta name=\"twitter:data1\" content=\"4 minutit\" \/>\n<!-- \/ Yoast SEO plugin. -->","yoast_head_json":{"title":"Osta Lotto America pileteid v\u00e4ljastpoolt USA-d | Lotto America online","description":"Lotto America't saab m\u00e4ngida v\u00e4ljastpoolt USA-d - ostke lihtsalt oma Lotto America pilet meie online piletiteenuse kaudu.","robots":{"index":"index","follow":"follow","max-snippet":"max-snippet:-1","max-image-preview":"max-image-preview:large","max-video-preview":"max-video-preview:-1"},"canonical":"https:\/\/jackpotlotteryonline.com\/buy-tickets\/lotto-america\/","og_locale":"et_EE","og_type":"article","og_title":"Osta Lotto America pileteid v\u00e4ljastpoolt USA-d | Lotto America online","og_description":"Lotto America't saab m\u00e4ngida v\u00e4ljastpoolt USA-d - ostke lihtsalt oma Lotto America pilet meie online piletiteenuse kaudu.","og_url":"https:\/\/jackpotlotteryonline.com\/buy-tickets\/lotto-america\/","og_site_name":"Lotto Online - Crack The International Lottery Jackpots","article_modified_time":"2023-01-04T09:03:42+00:00","og_image":[{"url":"http:\/\/jackpotlotteryonline.com\/wp-content\/uploads\/2022\/11\/1_win_lottery_usa_online.jpg"}],"twitter_card":"summary_large_image","twitter_misc":{"Est. reading time":"4 minutit"},"schema":{"@context":"https:\/\/schema.org","@graph":[{"@type":"WebPage","@id":"https:\/\/jackpotlotteryonline.com\/buy-tickets\/lotto-america\/","url":"https:\/\/jackpotlotteryonline.com\/buy-tickets\/lotto-america\/","name":"Osta Lotto America pileteid v\u00e4ljastpoolt USA-d | Lotto America online","isPartOf":{"@id":"https:\/\/jackpotlotteryonline.com\/#website"},"primaryImageOfPage":{"@id":"https:\/\/jackpotlotteryonline.com\/buy-tickets\/lotto-america\/#primaryimage"},"image":{"@id":"https:\/\/jackpotlotteryonline.com\/buy-tickets\/lotto-america\/#primaryimage"},"thumbnailUrl":"http:\/\/jackpotlotteryonline.com\/wp-content\/uploads\/2022\/11\/1_win_lottery_usa_online.jpg","datePublished":"2022-11-09T08:19:57+00:00","dateModified":"2023-01-04T09:03:42+00:00","description":"Lotto America't saab m\u00e4ngida v\u00e4ljastpoolt USA-d - ostke lihtsalt oma Lotto America pilet meie online piletiteenuse kaudu.","breadcrumb":{"@id":"https:\/\/jackpotlotteryonline.com\/buy-tickets\/lotto-america\/#breadcrumb"},"inLanguage":"et","potentialAction":[{"@type":"ReadAction","target":["https:\/\/jackpotlotteryonline.com\/buy-tickets\/lotto-america\/"]}]},{"@type":"ImageObject","inLanguage":"et","@id":"https:\/\/jackpotlotteryonline.com\/buy-tickets\/lotto-america\/#primaryimage","url":"http:\/\/jackpotlotteryonline.com\/wp-content\/uploads\/2022\/11\/1_win_lottery_usa_online.jpg","contentUrl":"http:\/\/jackpotlotteryonline.com\/wp-content\/uploads\/2022\/11\/1_win_lottery_usa_online.jpg"},{"@type":"BreadcrumbList","@id":"https:\/\/jackpotlotteryonline.com\/buy-tickets\/lotto-america\/#breadcrumb","itemListElement":[{"@type":"ListItem","position":1,"name":"Home","item":"https:\/\/jackpotlotteryonline.com\/et\/"},{"@type":"ListItem","position":2,"name":"Kuidas osta loteriipileteid internetis","item":"https:\/\/jackpotlotteryonline.com\/et\/kuidas-osta-loteriipileteid-internetis\/"},{"@type":"ListItem","position":3,"name":"Lotto Ameerika piletid internetis"}]},{"@type":"WebSite","@id":"https:\/\/jackpotlotteryonline.com\/#website","url":"https:\/\/jackpotlotteryonline.com\/","name":"Lotto Online - Crack The International Lottery Jackpots","description":"","potentialAction":[{"@type":"SearchAction","target":{"@type":"EntryPoint","urlTemplate":"https:\/\/jackpotlotteryonline.com\/?s={search_term_string}"},"query-input":"required name=search_term_string"}],"inLanguage":"et"}]}},"_links":{"self":[{"href":"https:\/\/jackpotlotteryonline.com\/et\/wp-json\/wp\/v2\/pages\/36826","targetHints":{"allow":["GET"]}}],"collection":[{"href":"https:\/\/jackpotlotteryonline.com\/et\/wp-json\/wp\/v2\/pages"}],"about":[{"href":"https:\/\/jackpotlotteryonline.com\/et\/wp-json\/wp\/v2\/types\/page"}],"author":[{"embeddable":true,"href":"https:\/\/jackpotlotteryonline.com\/et\/wp-json\/wp\/v2\/users\/1"}],"replies":[{"embeddable":true,"href":"https:\/\/jackpotlotteryonline.com\/et\/wp-json\/wp\/v2\/comments?post=36826"}],"version-history":[{"count":0,"href":"https:\/\/jackpotlotteryonline.com\/et\/wp-json\/wp\/v2\/pages\/36826\/revisions"}],"up":[{"embeddable":true,"href":"https:\/\/jackpotlotteryonline.com\/et\/wp-json\/wp\/v2\/pages\/35747"}],"wp:attachment":[{"href":"https:\/\/jackpotlotteryonline.com\/et\/wp-json\/wp\/v2\/media?parent=36826"}],"curies":[{"name":"wp","href":"https:\/\/api.w.org\/{rel}","templated":true}]}}