{"id":36879,"date":"2022-11-09T09:43:33","date_gmt":"2022-11-09T09:43:33","guid":{"rendered":"https:\/\/jackpotlotteryonline.com\/?page_id=36879"},"modified":"2022-12-22T11:53:37","modified_gmt":"2022-12-22T11:53:37","slug":"uk-lottery","status":"publish","type":"page","link":"https:\/\/jackpotlotteryonline.com\/et\/kuidas-osta-loteriipileteid-internetis\/uk-lottery\/","title":{"rendered":"\u00dchendkuningriigi loterii"},"content":{"rendered":"<h2>Lottery UK Online \u00fclevaade<\/h2>\n<p>UK Lottery on populaarne m\u00e4ng selle v\u00f5ime t\u00f5ttu teha miljon\u00e4re. Seda saab m\u00e4ngida ka internetis. <a href=\"https:\/\/jackpotlotteryonline.com\/et\/winning-numbers\/uk-lottery\">M\u00e4ngu loositakse kaks korda n\u00e4dalas<\/a> kolmap\u00e4eviti ja laup\u00e4eviti.<\/p>\n<h2>Kuidas UK Lottery t\u00f6\u00f6tab<\/h2>\n<p>Iga m\u00e4ngija peab valima oma piletile 6 numbrit numbrite 1-49 hulgast. Loosimise ajal valitakse kuus numbrit ja \u00fcks boonusnumber. Suhteliselt v\u00e4ikese v\u00e4ljamakseprotsendi t\u00f5ttu ei soovita me seda loteriid. Internetis on saadaval palju teisi rahvusvahelisi loteriim\u00e4nge, millel on paremad v\u00e4ljamaksed ja suuremad jackpotid.<\/p>\n<section class=\"layout\" style=\"border: solid 1px; width: 100%;\">\n<div class=\"img-div\" style=\"margin-top: 5px;\"><img decoding=\"async\" class=\"wp-image-17212 alignleft\" style=\"height: 45px; margin: 8px 8px 0px;\" src=\"https:\/\/jackpotlotteryonline.com\/wp-content\/uploads\/2022\/11\/read1.jpg\" alt=\"loe\" width=\"\" height=\"\" \/><\/div>\n<div style=\"padding-left: 5px;\">\n<div style=\"font-size: 1.1em;\">\n<p><strong>Euroopa loteriid<\/strong><\/p>\n<p style=\"font-size: 0.85em; margin-top: -1.5em;\">Millised Euroopa loteriid on parimad?\u00a0 <a href=\"https:\/\/jackpotlotteryonline.com\/et\/millised-euroopa-loteriid-on-parimad\"> loe edasi<\/a><\/p>\n<\/div>\n<\/div>\n<\/section>\n<h2>\u00dchendkuningriigi loterii v\u00f5itmine<\/h2>\n<p><img loading=\"lazy\" decoding=\"async\" class=\"alignright size-medium wp-image-19520\" src=\"https:\/\/jackpotlotteryonline.com\/wp-content\/uploads\/2022\/10\/2_ticket_uk_lottery-192x300.jpg\" alt=\"osta \u00dchendkuningriigi loteriipiletit\" width=\"192\" height=\"300\" srcset=\"https:\/\/jackpotlotteryonline.com\/wp-content\/uploads\/2022\/10\/2_ticket_uk_lottery-192x300.jpg 192w, https:\/\/jackpotlotteryonline.com\/wp-content\/uploads\/2022\/10\/2_ticket_uk_lottery.jpg 250w\" sizes=\"auto, (max-width: 192px) 100vw, 192px\" \/><\/p>\n<p>Auhinna v\u00f5itmiseks tuleb v\u00e4lja loositud p\u00f5hinumbritega kokku viia v\u00e4hemalt kolm numbrit. Boonusnumber on oluline ainult siis, kui teil on loosimises v\u00e4hemalt viis p\u00f5hinumbrit.<\/p>\n<p>V\u00f5idu k\u00e4ttesaamine on lihtne. Kui v\u00f5idate kuni 2500 eurot, makstakse teile raha otse teie loteriim\u00e4ngija kontole siin meie saidil. V\u00f5itude puhul, mis on suuremad kui 2500 eurot, v\u00f5tab meie klienditoe osakond teiega \u00fchendust ja korraldab otsese v\u00e4ljamakse loteriifirmalt.<\/p>\n<p>Ligikaudu 45% k\u00f5igist \u00dchendkuningriigi loto rahalistest vahenditest l\u00e4heb auhinnarahaks. Kui tabate kuus p\u00f5hinumbrit, makstakse teile v\u00e4lja 52% kogumispanga fondist; kui tabate viis p\u00f5hinumbrit pluss boonusnumber, makstakse teile 16% \u00fclej\u00e4\u00e4nud kogumispanga fondist; kui tabate viis p\u00f5hinumbrit, makstakse teile 10% \u00fclej\u00e4\u00e4nud kogumispanga fondist; kui tabate neli p\u00f5hinumbrit, makstakse teile 22% \u00fclej\u00e4\u00e4nud kogumispanga fondist ja kui tabate 3 p\u00f5hinumbrit, makstakse teile \u00fcldiselt 10 \u00a3 v\u00e4lja. \u00dchendkuningriigi loto pakub ka veebip\u00f5hiseid kiirv\u00f5idum\u00e4nge.<\/p>\n<h2>\u00dchendkuningriigi loterii online m\u00e4ngimine<\/h2>\n<p>Saate <a href=\"https:\/\/jackpotlotteryonline.com\/et\/kuidas-mangida\/uk-lottery\">m\u00e4ngida \u00dchendkuningriigi Lottot internetis<\/a>, mis teeb selle k\u00e4ttesaadavamaks ja mugavamaks. Te ei pea enam minema jaem\u00fc\u00fcjalt \u00dchendkuningriigi loto piletit ostma; n\u00fc\u00fcd saate pileteid osta mugavalt oma kodust ja see ei s\u00f5ltu sellest, kas elate \u00dchendkuningriigis.<\/p>\n<p>Selleks, et m\u00e4ngida \u00dchendkuningriigi loto internetis ja v\u00e4ljastpoolt \u00dchendkuningriiki, peate kl\u00f5psama \u00fclaltoodud \u00dchendkuningriigi loterii b\u00e4nnerile. Peate lihtsalt registreeruma ja seej\u00e4rel sooritama online-makse.<\/p>\n<h2>Miks enamik rahvusvahelisi loterii jackpoteid on atraktiivsemad kui \u00dchendkuningriigi loterii<\/h2>\n<ul>\n<li>Rahvusvaheliste loteriide jackpotid on palju suuremad (vaadake summasid \u00fclaloleval b\u00e4nneril).<\/li>\n<li>\u00dchendkuningriigi loto jagab ainult 45% summadest v\u00f5itudena v\u00e4lja<\/li>\n<li>Meie veebilehel on teil valida erinevate megaloteriide ja tohutute jackpotite vahel!<\/li>\n<\/ul>\n","protected":false},"excerpt":{"rendered":"<p>Lottery UK Online \u00fclevaade UK Lottery on populaarne m\u00e4ng selle v\u00f5ime t\u00f5ttu teha miljon\u00e4re. Seda saab m\u00e4ngida ka internetis. M\u00e4ngu loositakse kaks korda n\u00e4dalas kolmap\u00e4eviti ja laup\u00e4eviti. Kuidas UK Lottery t\u00f6\u00f6tab Iga m\u00e4ngija peab valima oma piletile 6 numbrit numbrite 1-49 hulgast. Loosimise ajal valitakse kuus numbrit ja \u00fcks boonusnumber. Suhteliselt v\u00e4ikese v\u00e4ljamakseprotsendi t\u00f5ttu ei [&hellip;]<\/p>\n","protected":false},"author":1,"featured_media":0,"parent":35747,"menu_order":10,"comment_status":"closed","ping_status":"closed","template":"lotto-uk-info.php","meta":{"_et_pb_use_builder":"","_et_pb_old_content":"","_et_gb_content_width":"","exclude_from_search":false,"footnotes":""},"class_list":["post-36879","page","type-page","status-publish","hentry"],"yoast_head":"<!-- This site is optimized with the Yoast SEO plugin v23.3 - https:\/\/yoast.com\/wordpress\/plugins\/seo\/ -->\n<title>Osta \u00dchendkuningriigi loteriipileteid internetis v\u00e4ljastpoolt \u00dchendkuningriiki<\/title>\n<meta name=\"description\" content=\"Kuidas UK Lottery toimib ja kuidas osta piletit ja v\u00f5ita internetis v\u00e4ljastpoolt \u00dchendkuningriiki\" \/>\n<meta name=\"robots\" content=\"index, follow, max-snippet:-1, max-image-preview:large, max-video-preview:-1\" \/>\n<link rel=\"canonical\" href=\"https:\/\/jackpotlotteryonline.com\/buy-tickets\/uk-lottery\/\" \/>\n<meta property=\"og:locale\" content=\"et_EE\" \/>\n<meta property=\"og:type\" content=\"article\" \/>\n<meta property=\"og:title\" content=\"Osta \u00dchendkuningriigi loteriipileteid internetis v\u00e4ljastpoolt \u00dchendkuningriiki\" \/>\n<meta property=\"og:description\" content=\"Kuidas UK Lottery toimib ja kuidas osta piletit ja v\u00f5ita internetis v\u00e4ljastpoolt \u00dchendkuningriiki\" \/>\n<meta property=\"og:url\" content=\"https:\/\/jackpotlotteryonline.com\/buy-tickets\/uk-lottery\/\" \/>\n<meta property=\"og:site_name\" content=\"Lotto Online - Crack The International Lottery Jackpots\" \/>\n<meta property=\"article:modified_time\" content=\"2022-12-22T11:53:37+00:00\" \/>\n<meta property=\"og:image\" content=\"https:\/\/jackpotlotteryonline.com\/wp-content\/uploads\/2022\/11\/read1.jpg\" \/>\n<meta name=\"twitter:card\" content=\"summary_large_image\" \/>\n<meta name=\"twitter:label1\" content=\"Est. reading time\" \/>\n\t<meta name=\"twitter:data1\" content=\"2 minutit\" \/>\n<!-- \/ Yoast SEO plugin. -->","yoast_head_json":{"title":"Osta \u00dchendkuningriigi loteriipileteid internetis v\u00e4ljastpoolt \u00dchendkuningriiki","description":"Kuidas UK Lottery toimib ja kuidas osta piletit ja v\u00f5ita internetis v\u00e4ljastpoolt \u00dchendkuningriiki","robots":{"index":"index","follow":"follow","max-snippet":"max-snippet:-1","max-image-preview":"max-image-preview:large","max-video-preview":"max-video-preview:-1"},"canonical":"https:\/\/jackpotlotteryonline.com\/buy-tickets\/uk-lottery\/","og_locale":"et_EE","og_type":"article","og_title":"Osta \u00dchendkuningriigi loteriipileteid internetis v\u00e4ljastpoolt \u00dchendkuningriiki","og_description":"Kuidas UK Lottery toimib ja kuidas osta piletit ja v\u00f5ita internetis v\u00e4ljastpoolt \u00dchendkuningriiki","og_url":"https:\/\/jackpotlotteryonline.com\/buy-tickets\/uk-lottery\/","og_site_name":"Lotto Online - Crack The International Lottery Jackpots","article_modified_time":"2022-12-22T11:53:37+00:00","og_image":[{"url":"https:\/\/jackpotlotteryonline.com\/wp-content\/uploads\/2022\/11\/read1.jpg"}],"twitter_card":"summary_large_image","twitter_misc":{"Est. reading time":"2 minutit"},"schema":{"@context":"https:\/\/schema.org","@graph":[{"@type":"WebPage","@id":"https:\/\/jackpotlotteryonline.com\/buy-tickets\/uk-lottery\/","url":"https:\/\/jackpotlotteryonline.com\/buy-tickets\/uk-lottery\/","name":"Osta \u00dchendkuningriigi loteriipileteid internetis v\u00e4ljastpoolt \u00dchendkuningriiki","isPartOf":{"@id":"https:\/\/jackpotlotteryonline.com\/#website"},"primaryImageOfPage":{"@id":"https:\/\/jackpotlotteryonline.com\/buy-tickets\/uk-lottery\/#primaryimage"},"image":{"@id":"https:\/\/jackpotlotteryonline.com\/buy-tickets\/uk-lottery\/#primaryimage"},"thumbnailUrl":"https:\/\/jackpotlotteryonline.com\/wp-content\/uploads\/2022\/11\/read1.jpg","datePublished":"2022-11-09T09:43:33+00:00","dateModified":"2022-12-22T11:53:37+00:00","description":"Kuidas UK Lottery toimib ja kuidas osta piletit ja v\u00f5ita internetis v\u00e4ljastpoolt \u00dchendkuningriiki","breadcrumb":{"@id":"https:\/\/jackpotlotteryonline.com\/buy-tickets\/uk-lottery\/#breadcrumb"},"inLanguage":"et","potentialAction":[{"@type":"ReadAction","target":["https:\/\/jackpotlotteryonline.com\/buy-tickets\/uk-lottery\/"]}]},{"@type":"ImageObject","inLanguage":"et","@id":"https:\/\/jackpotlotteryonline.com\/buy-tickets\/uk-lottery\/#primaryimage","url":"https:\/\/jackpotlotteryonline.com\/wp-content\/uploads\/2022\/11\/read1.jpg","contentUrl":"https:\/\/jackpotlotteryonline.com\/wp-content\/uploads\/2022\/11\/read1.jpg"},{"@type":"BreadcrumbList","@id":"https:\/\/jackpotlotteryonline.com\/buy-tickets\/uk-lottery\/#breadcrumb","itemListElement":[{"@type":"ListItem","position":1,"name":"Home","item":"https:\/\/jackpotlotteryonline.com\/et\/"},{"@type":"ListItem","position":2,"name":"Kuidas osta loteriipileteid internetis","item":"https:\/\/jackpotlotteryonline.com\/et\/kuidas-osta-loteriipileteid-internetis\/"},{"@type":"ListItem","position":3,"name":"\u00dchendkuningriigi loterii"}]},{"@type":"WebSite","@id":"https:\/\/jackpotlotteryonline.com\/#website","url":"https:\/\/jackpotlotteryonline.com\/","name":"Lotto Online - Crack The International Lottery Jackpots","description":"","potentialAction":[{"@type":"SearchAction","target":{"@type":"EntryPoint","urlTemplate":"https:\/\/jackpotlotteryonline.com\/?s={search_term_string}"},"query-input":"required name=search_term_string"}],"inLanguage":"et"}]}},"_links":{"self":[{"href":"https:\/\/jackpotlotteryonline.com\/et\/wp-json\/wp\/v2\/pages\/36879","targetHints":{"allow":["GET"]}}],"collection":[{"href":"https:\/\/jackpotlotteryonline.com\/et\/wp-json\/wp\/v2\/pages"}],"about":[{"href":"https:\/\/jackpotlotteryonline.com\/et\/wp-json\/wp\/v2\/types\/page"}],"author":[{"embeddable":true,"href":"https:\/\/jackpotlotteryonline.com\/et\/wp-json\/wp\/v2\/users\/1"}],"replies":[{"embeddable":true,"href":"https:\/\/jackpotlotteryonline.com\/et\/wp-json\/wp\/v2\/comments?post=36879"}],"version-history":[{"count":0,"href":"https:\/\/jackpotlotteryonline.com\/et\/wp-json\/wp\/v2\/pages\/36879\/revisions"}],"up":[{"embeddable":true,"href":"https:\/\/jackpotlotteryonline.com\/et\/wp-json\/wp\/v2\/pages\/35747"}],"wp:attachment":[{"href":"https:\/\/jackpotlotteryonline.com\/et\/wp-json\/wp\/v2\/media?parent=36879"}],"curies":[{"name":"wp","href":"https:\/\/api.w.org\/{rel}","templated":true}]}}