{"id":36932,"date":"2022-11-09T10:54:53","date_gmt":"2022-11-09T10:54:53","guid":{"rendered":"https:\/\/jackpotlotteryonline.com\/?page_id=36932"},"modified":"2023-01-04T08:08:55","modified_gmt":"2023-01-04T08:08:55","slug":"set-for-life","status":"publish","type":"page","link":"https:\/\/jackpotlotteryonline.com\/et\/kuidas-osta-loteriipileteid-internetis\/set-for-life\/","title":{"rendered":"Osta Set for Life pileteid"},"content":{"rendered":"<p>Kas oled valmis v\u00f5imaluseks saada eluks ajaks seatud? Pole paremat aega kui praegu, et saada v\u00f5imalus v\u00f5ita 10 000 naelsterlingit iga kuu j\u00e4rgmise 30 aasta jooksul ja see k\u00f5ik algab <a href=\"https:\/\/jackpotlotteryonline.com\/et\/kuidas-mangida\/mangida-set-for-life-online\">\u00dchendkuningriigi loteriis m\u00e4ngimisega<\/a>.<img loading=\"lazy\" decoding=\"async\" class=\"alignright size-medium wp-image-35457\" src=\"https:\/\/jackpotlotteryonline.com\/wp-content\/uploads\/2022\/11\/2_ticket_uk_lottery-192x300.jpg\" alt=\"Set for Life piletid\" width=\"192\" height=\"300\" srcset=\"https:\/\/jackpotlotteryonline.com\/wp-content\/uploads\/2022\/11\/2_ticket_uk_lottery-192x300.jpg 192w, https:\/\/jackpotlotteryonline.com\/wp-content\/uploads\/2022\/11\/2_ticket_uk_lottery.jpg 250w\" sizes=\"auto, (max-width: 192px) 100vw, 192px\" \/><\/p>\n<p>Seda loteriid korraldab \u00dchendkuningriigi riiklik loterii ja selle esimene loosimine toimus 1999. aastal. Sellest ajast alates on see olnud Briti loteriim\u00e4ngijate lemmik, sest 30 aasta jooksul iga kuu 10 000 naelsterlingi t\u00f5mbej\u00f5ud tundub neile peaaegu liiga raske vastu panna. Samuti ei tohiks ka sina, kui sa selle eest. Selle loterii v\u00f5itmine on peaaegu nagu j\u00f5uluvana iga kuu koju tulemine.<\/p>\n<p>Selle Briti loteriipileteid m\u00fc\u00fcakse riigis laias m\u00fc\u00fcjate v\u00f5rgus. Kui aga elate v\u00e4ljaspool \u00dchendkuningriiki, ei ole mingit p\u00f5hjust, miks te samuti ei saa osta loteriipileteid. Jackpotlotteryonline.com pakub lotoentusiastidele juurdep\u00e4\u00e4su rahvusvahelistele tipplotodele mugavalt arvutist v\u00f5i mobiilseadmetest.<\/p>\n<p>Registreeruge meil, et alustada loteriide m\u00e4ngimist \u00dchendkuningriigis ja mujal maailmas.<\/p>\n<h2>Kuidas m\u00e4ngida Set for Life online<\/h2>\n<p>See erineb teistest loteriidest, sest tegemist on annuiteetlootoga, nii et v\u00f5itjad ei l\u00e4he koju miljonite eurode v\u00f5i naelsterlingitega. Ainus erinevus seisneb aga selles, kuidas auhindu jagatakse. Nagu teisteski loteriides, peab m\u00e4ngija valima teatud vahemikust p\u00f5hinumbrid ja erinumbri.<\/p>\n<p>Et saada Set for Life&#8217;i pileteid internetis, k\u00fclastage valitud veebilehte ja valige viis p\u00f5hinumbrit vahemikus 1-47. Valige t\u00e4iendav boonusnumber nimega &#8220;Life Ball number&#8221; vahemikust 1 kuni 10. V\u00f5ite kasutada kas oma \u00f5nnenumbreid v\u00f5i kasutada automaatse valiku vahendit, et valida juhuslik numbrite rida. Samuti v\u00f5ite valida mitu numbririda, et suurendada oma v\u00f5iduv\u00f5imalusi.<\/p>\n<p>Loterii v\u00f5itmiseks peate vastama k\u00f5igile 6 loositud numbritele. Kui registreerite end meie juures, <a href=\"https:\/\/jackpotlotteryonline.com\/et\/winning-numbers\/set-for-life\">saate osaleda loosimistel mitu n\u00e4dalat ette<\/a>.<\/p>\n<h2>Auhinnad<\/h2>\n<p><img loading=\"lazy\" decoding=\"async\" class=\"size-medium wp-image-30128 alignright\" src=\"https:\/\/jackpotlotteryonline.com\/wp-content\/uploads\/2022\/11\/1_win_online_lottery_jackpot-300x182.jpg\" alt=\"Briti loterii auhind\" width=\"300\" height=\"182\" srcset=\"https:\/\/jackpotlotteryonline.com\/wp-content\/uploads\/2022\/11\/1_win_online_lottery_jackpot-300x182.jpg 300w, https:\/\/jackpotlotteryonline.com\/wp-content\/uploads\/2022\/11\/1_win_online_lottery_jackpot.jpg 320w\" sizes=\"auto, (max-width: 300px) 100vw, 300px\" \/><\/p>\n<p>Niisiis, me oleme r\u00e4\u00e4kinud jackpotist, mis on 10 000 naelsterlingit iga kuu 30 aasta jooksul. Kuid see ei ole ainus auhind selle loterii m\u00e4ngijatele. N\u00e4iteks, kui sa tabad vaid 5 p\u00f5hinumbrit, saad sa 10 000 naelsterlingit iga kuu \u00fche aasta jooksul. Pole paha, eks ole?<\/p>\n<p>Vaatame auhindade jaotust ja seda, mida m\u00e4ngijat ootab ees v\u00f5it, kui nad ostavad pileteid sellesse Briti loteriisse.<\/p>\n<p>5 p\u00f5hinumbrit + Life Ball &#8211; 10 000 naela iga kuu 30 aasta jooksul<br \/>\nAinult 5 p\u00f5hinumbrit &#8211; 10 000 naela iga kuu 1 aasta jooksul.<br \/>\n4 p\u00f5hinumbrit + Life Ball &#8211; 250 \u00a3<br \/>\nAinult 4 p\u00f5hinumbrit &#8211; 50 naelsterlingi<br \/>\n3 p\u00f5hinumbrit + Life Ball &#8211; 30 \u00a3<br \/>\nAinult 3 p\u00f5hinumbrit &#8211; 20 \u00a3<br \/>\n2 p\u00f5hinumbrit + Life Ball &#8211; 10 \u00a3<br \/>\nAinult 2 p\u00f5hinumbrit &#8211; \u00a35<\/p>\n<h2>Auhinna k\u00e4ttesaamine<\/h2>\n<p>Teil on 180 p\u00e4eva aega oma auhinna k\u00e4ttesaamiseks v\u00f5i te ei saa seda enam n\u00f5uda. Loteriiv\u00f5idud on \u00dchendkuningriigis maksuvabad, nii et saate nautida kogu oma v\u00f5itu nii, nagu soovite. V\u00e4ljaspool riiki m\u00e4ngivate inimeste jaoks on siiski hea m\u00f5te teada saada, millised on teie elukoha maksuseadused.<\/p>\n<section class=\"layout\" style=\"border: solid 1px; width: 100%;\">\n<div class=\"img-div\" style=\"margin-top: 5px;\"><img decoding=\"async\" class=\"wp-image-17212 alignleft\" style=\"height: 45px; margin: 8px 8px 0px;\" src=\"https:\/\/jackpotlotteryonline.com\/wp-content\/uploads\/2022\/11\/read1.jpg\" alt=\"loe\" width=\"\" height=\"\" \/><\/div>\n<div style=\"padding-left: 5px;\">\n<div style=\"font-size: 1.1em;\">\n<p><strong>Loteriiv\u00f5itude maksud<\/strong><\/p>\n<p style=\"font-size: 0.85em; margin-top: -1.5em;\">Kas ma pean loteriiv\u00f5itudelt makse maksma?\u00a0 <a href=\"https:\/\/jackpotlotteryonline.com\/et\/kas-ma-pean-loteriivoitudelt-makse-maksma\"> loe edasi<\/a><\/p>\n<\/div>\n<\/div>\n<\/section>\n<h2>H\u00e4mmastav v\u00f5imalus kogu eluks<\/h2>\n<p>V\u00f5imalus v\u00f5ita Set for Life on eluaegne v\u00f5imalus. See t\u00e4hendab, et kui sa v\u00f5idad, ei pea sa enam kunagi oma rahaasjade p\u00e4rast muretsema. On lugusid loteriiv\u00f5itjatest, kes on kulutanud kogu oma varanduse ja on n\u00fc\u00fcd pankrotis. Selle loteriiga ei pea sinuga seda juhtuma. Isegi kui te kulutate kogu raha esimesel kuul, teate, et saate seda j\u00e4rgmisel kuul paremini kasutada.<\/p>\n<p>M\u00f5elge, mida t\u00e4hendaks, kui saaksite 30 aasta jooksul iga kuu sellist summat.<\/p>\n<h2>Registreeru meiega, et m\u00e4ngida Set for Life<\/h2>\n<p>\u00dchendkuningriigi annuiteetide loteriipileti hankimine kusagilt pole kunagi varem olnud lihtsam. Kui registreerute meie juures, siis teeme teile lihtsaks, et saaksite sujuvalt ja muretult m\u00e4ngida maailma tipploteriisid. Meie eesm\u00e4rk on luua oma klientidele meeldej\u00e4\u00e4vaid kogemusi. Nii et registreeruge meil juba t\u00e4na, et osta Set for Life&#8217;i pileteid k\u00f5ikjal maailmas.<\/p>\n","protected":false},"excerpt":{"rendered":"<p>Kas oled valmis v\u00f5imaluseks saada eluks ajaks seatud? Pole paremat aega kui praegu, et saada v\u00f5imalus v\u00f5ita 10 000 naelsterlingit iga kuu j\u00e4rgmise 30 aasta jooksul ja see k\u00f5ik algab \u00dchendkuningriigi loteriis m\u00e4ngimisega. Seda loteriid korraldab \u00dchendkuningriigi riiklik loterii ja selle esimene loosimine toimus 1999. aastal. Sellest ajast alates on see olnud Briti loteriim\u00e4ngijate lemmik, [&hellip;]<\/p>\n","protected":false},"author":1,"featured_media":0,"parent":35747,"menu_order":11,"comment_status":"closed","ping_status":"closed","template":"set-for-life-info.php","meta":{"_et_pb_use_builder":"","_et_pb_old_content":"","_et_gb_content_width":"","exclude_from_search":false,"footnotes":""},"class_list":["post-36932","page","type-page","status-publish","hentry"],"yoast_head":"<!-- This site is optimized with the Yoast SEO plugin v23.3 - https:\/\/yoast.com\/wordpress\/plugins\/seo\/ -->\n<title>Osta Set for life pileteid v\u00e4ljastpoolt \u00dchendkuningriiki | Hangi Set for life piletid internetis<\/title>\n<meta name=\"description\" content=\"Set for Life on v\u00e4ga eriline loterii, kuid selleks, et osaleda v\u00e4ljastpoolt \u00dchendkuningriiki, tuleb osta pilet siit veebist\" \/>\n<meta name=\"robots\" content=\"index, follow, max-snippet:-1, max-image-preview:large, max-video-preview:-1\" \/>\n<link rel=\"canonical\" href=\"https:\/\/jackpotlotteryonline.com\/et\/kuidas-osta-loteriipileteid-internetis\/set-for-life\/\" \/>\n<meta property=\"og:locale\" content=\"et_EE\" \/>\n<meta property=\"og:type\" content=\"article\" \/>\n<meta property=\"og:title\" content=\"Osta Set for life pileteid v\u00e4ljastpoolt \u00dchendkuningriiki | Hangi Set for life piletid internetis\" \/>\n<meta property=\"og:description\" content=\"Set for Life on v\u00e4ga eriline loterii, kuid selleks, et osaleda v\u00e4ljastpoolt \u00dchendkuningriiki, tuleb osta pilet siit veebist\" \/>\n<meta property=\"og:url\" content=\"https:\/\/jackpotlotteryonline.com\/et\/kuidas-osta-loteriipileteid-internetis\/set-for-life\/\" \/>\n<meta property=\"og:site_name\" content=\"Lotto Online - Crack The International Lottery Jackpots\" \/>\n<meta property=\"article:modified_time\" content=\"2023-01-04T08:08:55+00:00\" \/>\n<meta property=\"og:image\" content=\"https:\/\/jackpotlotteryonline.com\/wp-content\/uploads\/2022\/11\/2_ticket_uk_lottery-192x300.jpg\" \/>\n<meta name=\"twitter:card\" content=\"summary_large_image\" \/>\n<meta name=\"twitter:label1\" content=\"Est. reading time\" \/>\n\t<meta name=\"twitter:data1\" content=\"4 minutit\" \/>\n<!-- \/ Yoast SEO plugin. -->","yoast_head_json":{"title":"Osta Set for life pileteid v\u00e4ljastpoolt \u00dchendkuningriiki | Hangi Set for life piletid internetis","description":"Set for Life on v\u00e4ga eriline loterii, kuid selleks, et osaleda v\u00e4ljastpoolt \u00dchendkuningriiki, tuleb osta pilet siit veebist","robots":{"index":"index","follow":"follow","max-snippet":"max-snippet:-1","max-image-preview":"max-image-preview:large","max-video-preview":"max-video-preview:-1"},"canonical":"https:\/\/jackpotlotteryonline.com\/et\/kuidas-osta-loteriipileteid-internetis\/set-for-life\/","og_locale":"et_EE","og_type":"article","og_title":"Osta Set for life pileteid v\u00e4ljastpoolt \u00dchendkuningriiki | Hangi Set for life piletid internetis","og_description":"Set for Life on v\u00e4ga eriline loterii, kuid selleks, et osaleda v\u00e4ljastpoolt \u00dchendkuningriiki, tuleb osta pilet siit veebist","og_url":"https:\/\/jackpotlotteryonline.com\/et\/kuidas-osta-loteriipileteid-internetis\/set-for-life\/","og_site_name":"Lotto Online - Crack The International Lottery Jackpots","article_modified_time":"2023-01-04T08:08:55+00:00","og_image":[{"url":"https:\/\/jackpotlotteryonline.com\/wp-content\/uploads\/2022\/11\/2_ticket_uk_lottery-192x300.jpg"}],"twitter_card":"summary_large_image","twitter_misc":{"Est. reading time":"4 minutit"},"schema":{"@context":"https:\/\/schema.org","@graph":[{"@type":"WebPage","@id":"https:\/\/jackpotlotteryonline.com\/et\/kuidas-osta-loteriipileteid-internetis\/set-for-life\/","url":"https:\/\/jackpotlotteryonline.com\/et\/kuidas-osta-loteriipileteid-internetis\/set-for-life\/","name":"Osta Set for life pileteid v\u00e4ljastpoolt \u00dchendkuningriiki | Hangi Set for life piletid internetis","isPartOf":{"@id":"https:\/\/jackpotlotteryonline.com\/#website"},"primaryImageOfPage":{"@id":"https:\/\/jackpotlotteryonline.com\/et\/kuidas-osta-loteriipileteid-internetis\/set-for-life\/#primaryimage"},"image":{"@id":"https:\/\/jackpotlotteryonline.com\/et\/kuidas-osta-loteriipileteid-internetis\/set-for-life\/#primaryimage"},"thumbnailUrl":"https:\/\/jackpotlotteryonline.com\/wp-content\/uploads\/2022\/11\/2_ticket_uk_lottery-192x300.jpg","datePublished":"2022-11-09T10:54:53+00:00","dateModified":"2023-01-04T08:08:55+00:00","description":"Set for Life on v\u00e4ga eriline loterii, kuid selleks, et osaleda v\u00e4ljastpoolt \u00dchendkuningriiki, tuleb osta pilet siit veebist","breadcrumb":{"@id":"https:\/\/jackpotlotteryonline.com\/et\/kuidas-osta-loteriipileteid-internetis\/set-for-life\/#breadcrumb"},"inLanguage":"et","potentialAction":[{"@type":"ReadAction","target":["https:\/\/jackpotlotteryonline.com\/et\/kuidas-osta-loteriipileteid-internetis\/set-for-life\/"]}]},{"@type":"ImageObject","inLanguage":"et","@id":"https:\/\/jackpotlotteryonline.com\/et\/kuidas-osta-loteriipileteid-internetis\/set-for-life\/#primaryimage","url":"https:\/\/jackpotlotteryonline.com\/wp-content\/uploads\/2022\/11\/2_ticket_uk_lottery-192x300.jpg","contentUrl":"https:\/\/jackpotlotteryonline.com\/wp-content\/uploads\/2022\/11\/2_ticket_uk_lottery-192x300.jpg"},{"@type":"BreadcrumbList","@id":"https:\/\/jackpotlotteryonline.com\/et\/kuidas-osta-loteriipileteid-internetis\/set-for-life\/#breadcrumb","itemListElement":[{"@type":"ListItem","position":1,"name":"Home","item":"https:\/\/jackpotlotteryonline.com\/et\/"},{"@type":"ListItem","position":2,"name":"Kuidas osta loteriipileteid internetis","item":"https:\/\/jackpotlotteryonline.com\/et\/kuidas-osta-loteriipileteid-internetis\/"},{"@type":"ListItem","position":3,"name":"Osta Set for Life pileteid"}]},{"@type":"WebSite","@id":"https:\/\/jackpotlotteryonline.com\/#website","url":"https:\/\/jackpotlotteryonline.com\/","name":"Lotto Online - Crack The International Lottery Jackpots","description":"","potentialAction":[{"@type":"SearchAction","target":{"@type":"EntryPoint","urlTemplate":"https:\/\/jackpotlotteryonline.com\/?s={search_term_string}"},"query-input":"required name=search_term_string"}],"inLanguage":"et"}]}},"_links":{"self":[{"href":"https:\/\/jackpotlotteryonline.com\/et\/wp-json\/wp\/v2\/pages\/36932","targetHints":{"allow":["GET"]}}],"collection":[{"href":"https:\/\/jackpotlotteryonline.com\/et\/wp-json\/wp\/v2\/pages"}],"about":[{"href":"https:\/\/jackpotlotteryonline.com\/et\/wp-json\/wp\/v2\/types\/page"}],"author":[{"embeddable":true,"href":"https:\/\/jackpotlotteryonline.com\/et\/wp-json\/wp\/v2\/users\/1"}],"replies":[{"embeddable":true,"href":"https:\/\/jackpotlotteryonline.com\/et\/wp-json\/wp\/v2\/comments?post=36932"}],"version-history":[{"count":0,"href":"https:\/\/jackpotlotteryonline.com\/et\/wp-json\/wp\/v2\/pages\/36932\/revisions"}],"up":[{"embeddable":true,"href":"https:\/\/jackpotlotteryonline.com\/et\/wp-json\/wp\/v2\/pages\/35747"}],"wp:attachment":[{"href":"https:\/\/jackpotlotteryonline.com\/et\/wp-json\/wp\/v2\/media?parent=36932"}],"curies":[{"name":"wp","href":"https:\/\/api.w.org\/{rel}","templated":true}]}}