{"id":36985,"date":"2022-11-09T12:36:07","date_gmt":"2022-11-09T12:36:07","guid":{"rendered":"https:\/\/jackpotlotteryonline.com\/?page_id=36985"},"modified":"2022-12-24T08:19:14","modified_gmt":"2022-12-24T08:19:14","slug":"mega-sena","status":"publish","type":"page","link":"https:\/\/jackpotlotteryonline.com\/et\/kuidas-osta-loteriipileteid-internetis\/mega-sena\/","title":{"rendered":"Osta Mega Sena pileteid"},"content":{"rendered":"<p>Mega Sena on Brasiilia suurim loterii, mille jackpot on \u00fcks maailma suurimaid. Pole ime, et m\u00e4ngurid k\u00f5ikjal ootavad innukalt v\u00f5imalust v\u00f5ita jackpot. Huvitaval kombel on Mega Sena ka lihtne loterii, lihtsam kui paljudel teistel rahvusvahelistel loteriidel. Loterii m\u00e4ngimise lihtsus, suur jackpot ja soodsad koefitsiendid muudavad selle loterii m\u00e4ngijate jaoks k\u00f5ik koos v\u00e4ga atraktiivseks.<\/p>\n<p><a href=\"https:\/\/jackpotlotteryonline.com\/et\/kuidas-mangida\/mega-sena-2\">Mega Sena loterii m\u00e4ngimine<\/a> on sama lihtne kui kuue loositud numbri kokkulangemine. Selle loterii m\u00e4ngimisel ei ole mingeid eri- v\u00f5i boonusnumbreid. Lihtsalt valige 6 numbrit vahemikus 1 kuni 60 ja <a href=\"https:\/\/jackpotlotteryonline.com\/et\/winning-numbers\/mega-sena\">osalege loosimises<\/a>.<\/p>\n<p>Kuigi loosimisele p\u00e4\u00e4semiseks peate valima kuus numbrit, ei ole piirangut, kui palju ridu saate valida. Seega v\u00f5ite valida k\u00fcmme rida kuue numbriga, et suurendada oma v\u00f5iduv\u00f5imalusi loteriis.<\/p>\n<h2>Kust osta Mega Sena pileteid<\/h2>\n<p><img loading=\"lazy\" decoding=\"async\" class=\"alignright size-full wp-image-28778\" src=\"https:\/\/jackpotlotteryonline.com\/wp-content\/uploads\/2022\/11\/1_online_ticket_eurojackpot2.jpg\" alt=\"osta Mega Sena pileteid\" width=\"300\" height=\"200\" \/><\/p>\n<p>Kui elate Brasiilias, siis on sellesse loteriisse osalemine sama lihtne kui minna loteriim\u00fc\u00fcja juurde pileteid ostma. V\u00e4ljaspool riiki elavate m\u00e4ngijate jaoks v\u00f5ib see aga olla veidi keeruline. Kui elate v\u00e4ljaspool seda jurisdiktsiooni, on teil \u00fcks v\u00f5imalus. Peaksite ostma piletid internetist.<\/p>\n<h2>Mega Sena piletite ostmine veebist<\/h2>\n<p>Internetis loteriis m\u00e4ngimine on \u00fcsna lihtne ja annab m\u00e4ngijatele v\u00f5imaluse osaleda loteriides \u00fcle maailma. Tavaliselt ei saaks m\u00e4ngijad, kes ei ela m\u00f5nes riigis, m\u00e4ngida loteriid sellest riigist. Internet on demokratiseerinud loteriis osalemise, pakkudes v\u00f5imalust m\u00e4ngijatele, kes varem geograafiliste piiride t\u00f5ttu ei saanud osaleda.<\/p>\n<p>N\u00fc\u00fcd on Mega Sena loteriis m\u00e4ngimine sama lihtne, kui k\u00fclastada online-loteriisaiti nagu jackpotlotteryonline.com. Seal saate osta oma pileti, valides oma numbrid ja otsustades seej\u00e4rel, kui paljudes loosimistes soovite osaleda. Kui see on tehtud, peate vaid ootama loosimise tulemusi.<\/p>\n<h2>Milline on selle loterii jackpot?<\/h2>\n<p>Kas me mainisime, et Mega Sena on \u00fcks suurimaid loteriisid maailmas? Seda v\u00f5ib tunduda raske uskuda, kui arvestada $450,00 suurust algset jackpotiauhinda, eriti kui see asetada m\u00f5ne teise suurema algse jackpotiga loteriiga k\u00f5rvuti.<\/p>\n<p>Kuid Mega Sena ilu seisneb selles, et jackpotid v\u00f5ivad ulatuda uskumatult suurte summadeni. M\u00f5ned suurimad jackpotid, mida Mega Sena m\u00e4ngijad on v\u00f5itnud, ulatusid miljonite USA dollariteni. Suurim jackpot oli veidi \u00fcle 73 miljoni dollari.<\/p>\n<p>Kui te seda arvesse v\u00f5tate, siis on selge, et Mega Sena loterii m\u00e4ngimine v\u00f5ib olla v\u00e4ga hea valik, kui otsite loteriid, kuhu siseneda.<\/p>\n<section class=\"layout\" style=\"border: solid 1px; width: 100%;\">\n<div class=\"img-div\" style=\"margin-top: 5px;\"><img decoding=\"async\" class=\"wp-image-17212 alignleft\" style=\"height: 45px; margin: 8px 8px 0px;\" src=\"https:\/\/jackpotlotteryonline.com\/wp-content\/uploads\/2022\/11\/read1.jpg\" alt=\"loe\" width=\"\" height=\"\" \/><\/div>\n<div style=\"padding-left: 5px;\">\n<div style=\"font-size: 1.1em;\">\n<p><strong>M\u00f5ned nipid ja n\u00f5uanded numbrite valimiseks<\/strong><\/p>\n<p style=\"font-size: 0.85em; margin-top: -1.5em;\">Suurendage oma v\u00f5iduv\u00f5imalusi &#8211; kasutage numbrite valimiseks strateegiat\u00a0 <a href=\"https:\/\/jackpotlotteryonline.com\/et\/paar-trikki-ja-nippe-numbrite-valimiseks\"> loe edasi<\/a><\/p>\n<\/div>\n<\/div>\n<\/section>\n<h2>Mis juhtub, kui sa v\u00f5idad loteriis?<\/h2>\n<p>See on k\u00fcsimus, millega me tihti kokku puutume, eriti neilt, kes ostavad Mega Sena loteriipileteid v\u00e4ljastpoolt L\u00f5una-Ameerika riiki. V\u00f5ib-olla m\u00f5tlete, kas peate oma auhinna k\u00e4ttesaamiseks lendama kogu tee sinna L\u00f5una-Ameerika riiki. Kuid see ei ole sugugi vajalik, kuigi kui te tahate k\u00fclastada, et nautida saite, siis broneerige kindlasti lend.<\/p>\n<p>Kui aga otsite muretut v\u00f5imalust loteriid m\u00e4ngida ja saada oma v\u00f5idud ilma igasuguse stressita, siis on internetip\u00f5hine m\u00e4ngimine selleks suurep\u00e4rane v\u00f5imalus.<\/p>\n<p>Kui registreerite end meie juures, l\u00e4heme sammu v\u00f5rra kaugemale, tagades, et saate osaleda teie valitud rahvusvahelistes loteriides, sealhulgas Mega Sena loteriis. Ja mitte ainult see, vaid sa saad ka oma v\u00f5idud meie saidilt h\u00f5lpsasti oma kontole v\u00e4lja v\u00f5tta. Loteriis m\u00e4ngimine pole kunagi varem olnud lihtsam.<\/p>\n<h2>Kuidas on Mega da Virada?<\/h2>\n<p><img loading=\"lazy\" decoding=\"async\" class=\"alignright size-full wp-image-35593\" src=\"https:\/\/jackpotlotteryonline.com\/wp-content\/uploads\/2022\/11\/2_ticket_uk_lottery2-1-190x300-1.jpg\" alt=\"Mega Sena loteriipilet\" width=\"190\" height=\"300\" \/><\/p>\n<p>Meil on eriti hea meel, et te selle kohta k\u00fcsisite, sest see on \u00fcks suurimaid jackpoteid. Tegelikult on see aasta suurim jackpot Brasiilias ja summa v\u00f5ib ulatuda kuni 60 miljoni dollarini.<\/p>\n<p>Mega da Virada on Mega Sena loterii eriline jackpot, mis toimub kord aastas. Mega Virada loosimine toimub igal aastal 31. oktoobril ja annab m\u00e4ngijatele v\u00f5imaluse v\u00f5ita suurelt.<\/p>\n<p>Samuti ei pikendata Mega da Virada&#8217;t, nii et see auhind tuleb v\u00f5ita v\u00f5i muidu on see aastaks kadunud.<\/p>\n<h2>Regulaarsed Mega Sena loosimise p\u00e4evad<\/h2>\n<p>Mega Sena pileteid ostes on teil v\u00f5imalus osaleda loosimises kolmap\u00e4eval v\u00f5i laup\u00e4eval. Loomulikult v\u00f5ite osaleda m\u00f5lemal p\u00e4eval, mida me soovitame, sest see suurendab teie v\u00f5iduv\u00f5imalusi.<\/p>\n<p>Kui olete t\u00f5esti huvitatud oma jackpotiv\u00f5iduv\u00f5imaluste suurendamisest, peaksite kaaluma loteriis\u00fcndikaadiga liitumist. Selle eelis on see, et teil oleks juurdep\u00e4\u00e4s koondisele, mis v\u00f5imaldab teil osaleda mitmetes loosimistes, ilma et te kulutaksite kogu oma raha.<\/p>\n<h2>Auhinnaklassid<\/h2>\n<p>Mega Sena loteriil on kolm auhinnaklassi, mis sisaldavad jackpotit. See t\u00e4hendab, et lisaks jackpoti auhinnale on m\u00e4ngijatel v\u00f5imalus v\u00f5ita auhindu veel kahes kategoorias. Loetleme need allpool ja n\u00e4itame, kuidas nendes tasandites v\u00f5ita saab.<\/p>\n<p>6 numbri kokkulangevus &#8211; Jackpot &#8211; 35% auhinnafondist<br \/>\n5 numbrit &#8211; 2. tasand &#8211; 19% auhinnafondist<br \/>\n4 numbrit &#8211; 3. tasand &#8211; 19% auhinnafondist<\/p>\n<p><strong>Huvitav fakt: 6 numbrist koosneva \u00fcksikpileti m\u00e4ngimisel on t\u00f5en\u00e4osus v\u00f5ita auhind 1:2298.<\/strong><\/p>\n<h2>Registreeru meiega, et osaleda Mega Sena loteriis<\/h2>\n<p>\u00c4ra lase end Mega Sena loteriist nautimast takistada sellest, et sa ei ela L\u00f5una-Ameerikas. V\u00f5iduv\u00f5imalused on suured ja auhinnad ahvatlevad. Seega, kui elate v\u00e4ljaspool Brasiiliat, saate osta Mega Sena pileteid meie saidilt, registreerudes meil.<\/p>\n<p>Pakume \u00fche peatuse lahendust, mis lihtsustab kogu loteriim\u00e4ngu protsessi. N\u00fc\u00fcd saate l\u00f5\u00f5gastuda ja teha oma panuse kergelt, sest me tegeleme teie eest stressirohke osaga. Miks mitte osta oma Mega Sena piletid n\u00fc\u00fcd, et saada v\u00f5imalus v\u00f5ita suurelt?<\/p>\n","protected":false},"excerpt":{"rendered":"<p>Mega Sena on Brasiilia suurim loterii, mille jackpot on \u00fcks maailma suurimaid. Pole ime, et m\u00e4ngurid k\u00f5ikjal ootavad innukalt v\u00f5imalust v\u00f5ita jackpot. Huvitaval kombel on Mega Sena ka lihtne loterii, lihtsam kui paljudel teistel rahvusvahelistel loteriidel. Loterii m\u00e4ngimise lihtsus, suur jackpot ja soodsad koefitsiendid muudavad selle loterii m\u00e4ngijate jaoks k\u00f5ik koos v\u00e4ga atraktiivseks. Mega Sena [&hellip;]<\/p>\n","protected":false},"author":1,"featured_media":0,"parent":35747,"menu_order":15,"comment_status":"closed","ping_status":"closed","template":"megasena-info.php","meta":{"_et_pb_use_builder":"","_et_pb_old_content":"","_et_gb_content_width":"","exclude_from_search":false,"footnotes":""},"class_list":["post-36985","page","type-page","status-publish","hentry"],"yoast_head":"<!-- This site is optimized with the Yoast SEO plugin v23.3 - https:\/\/yoast.com\/wordpress\/plugins\/seo\/ -->\n<title>Osta Mega Sena pileteid v\u00e4ljastpoolt Brasiiliat | Hangi Mega Sena piletid internetis<\/title>\n<meta name=\"description\" content=\"Sa ei pea olema Brasiilias, et osaleda Mega Sena, osta oma Mega Sena piletid online meie kodulehel\" \/>\n<meta name=\"robots\" content=\"index, follow, max-snippet:-1, max-image-preview:large, max-video-preview:-1\" \/>\n<link rel=\"canonical\" href=\"https:\/\/jackpotlotteryonline.com\/et\/kuidas-osta-loteriipileteid-internetis\/mega-sena\/\" \/>\n<meta property=\"og:locale\" content=\"et_EE\" \/>\n<meta property=\"og:type\" content=\"article\" \/>\n<meta property=\"og:title\" content=\"Osta Mega Sena pileteid v\u00e4ljastpoolt Brasiiliat | Hangi Mega Sena piletid internetis\" \/>\n<meta property=\"og:description\" content=\"Sa ei pea olema Brasiilias, et osaleda Mega Sena, osta oma Mega Sena piletid online meie kodulehel\" \/>\n<meta property=\"og:url\" content=\"https:\/\/jackpotlotteryonline.com\/et\/kuidas-osta-loteriipileteid-internetis\/mega-sena\/\" \/>\n<meta property=\"og:site_name\" content=\"Lotto Online - Crack The International Lottery Jackpots\" \/>\n<meta property=\"article:modified_time\" content=\"2022-12-24T08:19:14+00:00\" \/>\n<meta property=\"og:image\" content=\"https:\/\/jackpotlotteryonline.com\/wp-content\/uploads\/2022\/11\/1_online_ticket_eurojackpot2.jpg\" \/>\n<meta name=\"twitter:card\" content=\"summary_large_image\" \/>\n<meta name=\"twitter:label1\" content=\"Est. reading time\" \/>\n\t<meta name=\"twitter:data1\" content=\"4 minutit\" \/>\n<!-- \/ Yoast SEO plugin. -->","yoast_head_json":{"title":"Osta Mega Sena pileteid v\u00e4ljastpoolt Brasiiliat | Hangi Mega Sena piletid internetis","description":"Sa ei pea olema Brasiilias, et osaleda Mega Sena, osta oma Mega Sena piletid online meie kodulehel","robots":{"index":"index","follow":"follow","max-snippet":"max-snippet:-1","max-image-preview":"max-image-preview:large","max-video-preview":"max-video-preview:-1"},"canonical":"https:\/\/jackpotlotteryonline.com\/et\/kuidas-osta-loteriipileteid-internetis\/mega-sena\/","og_locale":"et_EE","og_type":"article","og_title":"Osta Mega Sena pileteid v\u00e4ljastpoolt Brasiiliat | Hangi Mega Sena piletid internetis","og_description":"Sa ei pea olema Brasiilias, et osaleda Mega Sena, osta oma Mega Sena piletid online meie kodulehel","og_url":"https:\/\/jackpotlotteryonline.com\/et\/kuidas-osta-loteriipileteid-internetis\/mega-sena\/","og_site_name":"Lotto Online - Crack The International Lottery Jackpots","article_modified_time":"2022-12-24T08:19:14+00:00","og_image":[{"url":"https:\/\/jackpotlotteryonline.com\/wp-content\/uploads\/2022\/11\/1_online_ticket_eurojackpot2.jpg"}],"twitter_card":"summary_large_image","twitter_misc":{"Est. reading time":"4 minutit"},"schema":{"@context":"https:\/\/schema.org","@graph":[{"@type":"WebPage","@id":"https:\/\/jackpotlotteryonline.com\/et\/kuidas-osta-loteriipileteid-internetis\/mega-sena\/","url":"https:\/\/jackpotlotteryonline.com\/et\/kuidas-osta-loteriipileteid-internetis\/mega-sena\/","name":"Osta Mega Sena pileteid v\u00e4ljastpoolt Brasiiliat | Hangi Mega Sena piletid internetis","isPartOf":{"@id":"https:\/\/jackpotlotteryonline.com\/#website"},"primaryImageOfPage":{"@id":"https:\/\/jackpotlotteryonline.com\/et\/kuidas-osta-loteriipileteid-internetis\/mega-sena\/#primaryimage"},"image":{"@id":"https:\/\/jackpotlotteryonline.com\/et\/kuidas-osta-loteriipileteid-internetis\/mega-sena\/#primaryimage"},"thumbnailUrl":"https:\/\/jackpotlotteryonline.com\/wp-content\/uploads\/2022\/11\/1_online_ticket_eurojackpot2.jpg","datePublished":"2022-11-09T12:36:07+00:00","dateModified":"2022-12-24T08:19:14+00:00","description":"Sa ei pea olema Brasiilias, et osaleda Mega Sena, osta oma Mega Sena piletid online meie kodulehel","breadcrumb":{"@id":"https:\/\/jackpotlotteryonline.com\/et\/kuidas-osta-loteriipileteid-internetis\/mega-sena\/#breadcrumb"},"inLanguage":"et","potentialAction":[{"@type":"ReadAction","target":["https:\/\/jackpotlotteryonline.com\/et\/kuidas-osta-loteriipileteid-internetis\/mega-sena\/"]}]},{"@type":"ImageObject","inLanguage":"et","@id":"https:\/\/jackpotlotteryonline.com\/et\/kuidas-osta-loteriipileteid-internetis\/mega-sena\/#primaryimage","url":"https:\/\/jackpotlotteryonline.com\/wp-content\/uploads\/2022\/11\/1_online_ticket_eurojackpot2.jpg","contentUrl":"https:\/\/jackpotlotteryonline.com\/wp-content\/uploads\/2022\/11\/1_online_ticket_eurojackpot2.jpg"},{"@type":"BreadcrumbList","@id":"https:\/\/jackpotlotteryonline.com\/et\/kuidas-osta-loteriipileteid-internetis\/mega-sena\/#breadcrumb","itemListElement":[{"@type":"ListItem","position":1,"name":"Home","item":"https:\/\/jackpotlotteryonline.com\/et\/"},{"@type":"ListItem","position":2,"name":"Kuidas osta loteriipileteid internetis","item":"https:\/\/jackpotlotteryonline.com\/et\/kuidas-osta-loteriipileteid-internetis\/"},{"@type":"ListItem","position":3,"name":"Osta Mega Sena pileteid"}]},{"@type":"WebSite","@id":"https:\/\/jackpotlotteryonline.com\/#website","url":"https:\/\/jackpotlotteryonline.com\/","name":"Lotto Online - Crack The International Lottery Jackpots","description":"","potentialAction":[{"@type":"SearchAction","target":{"@type":"EntryPoint","urlTemplate":"https:\/\/jackpotlotteryonline.com\/?s={search_term_string}"},"query-input":"required name=search_term_string"}],"inLanguage":"et"}]}},"_links":{"self":[{"href":"https:\/\/jackpotlotteryonline.com\/et\/wp-json\/wp\/v2\/pages\/36985","targetHints":{"allow":["GET"]}}],"collection":[{"href":"https:\/\/jackpotlotteryonline.com\/et\/wp-json\/wp\/v2\/pages"}],"about":[{"href":"https:\/\/jackpotlotteryonline.com\/et\/wp-json\/wp\/v2\/types\/page"}],"author":[{"embeddable":true,"href":"https:\/\/jackpotlotteryonline.com\/et\/wp-json\/wp\/v2\/users\/1"}],"replies":[{"embeddable":true,"href":"https:\/\/jackpotlotteryonline.com\/et\/wp-json\/wp\/v2\/comments?post=36985"}],"version-history":[{"count":0,"href":"https:\/\/jackpotlotteryonline.com\/et\/wp-json\/wp\/v2\/pages\/36985\/revisions"}],"up":[{"embeddable":true,"href":"https:\/\/jackpotlotteryonline.com\/et\/wp-json\/wp\/v2\/pages\/35747"}],"wp:attachment":[{"href":"https:\/\/jackpotlotteryonline.com\/et\/wp-json\/wp\/v2\/media?parent=36985"}],"curies":[{"name":"wp","href":"https:\/\/api.w.org\/{rel}","templated":true}]}}