{"id":37039,"date":"2022-11-10T06:30:17","date_gmt":"2022-11-10T06:30:17","guid":{"rendered":"https:\/\/jackpotlotteryonline.com\/?page_id=37039"},"modified":"2023-01-06T09:35:05","modified_gmt":"2023-01-06T09:35:05","slug":"new-york-lottery","status":"publish","type":"page","link":"https:\/\/jackpotlotteryonline.com\/et\/kuidas-osta-loteriipileteid-internetis\/new-york-lottery\/","title":{"rendered":"Piletid New Yorgi loterii"},"content":{"rendered":"<p>Kui otsite loteriid, millel on v\u00e4rvikas ajalugu, siis New Yorgi loto on teie parim valik. See on ajaloost ja skandaalidest l\u00e4bi imbunud loterii, mis on asutatud ka heal eesm\u00e4rgil.<a href=\"https:\/\/jackpotlotteryonline.com\/et\/kuidas-mangida\/new-york-lottery-2\"> Loteriis m\u00e4ngimine<\/a> on hea viis l\u00f5butsemiseks ja see annab sulle ka midagi, mida oodata.<\/p>\n<p>V\u00e4ljaspool USA-d asuvatele m\u00e4ngijatele, kes soovivad osta selle loterii pileteid, saate seda teha, k\u00fclastades jackpotlotteryonline.com. Me anname m\u00e4ngijatele juurdep\u00e4\u00e4su rahvusvahelistele tipplotodele, olenemata sellest, kus nad maailmas asuvad.<\/p>\n<h2>New Yorgi loto l\u00fchike ajalugu<\/h2>\n<p>See on loterii, mida korraldab New Yorgi osariigi valitsus USAs. See asutati 1967. aastal, et aidata rahastada haridust selles osariigis. Osariigi kodanikud h\u00e4\u00e4letasid rahvah\u00e4\u00e4letusel p\u00f5hiseaduse muutmise poolt, et v\u00f5imaldada riikliku loterii korraldamist. Huvitaval kombel oli loterii esimene loosung &#8220;Sinu elu v\u00f5imalus aidata haridust&#8221;.<\/p>\n<p>Nii et kui teil on vaja end h\u00e4sti tunda loteriiga m\u00e4ngides, siis on see loterii teile hea v\u00f5imalus. Mitte ainult ei saaksite v\u00f5imaluse v\u00f5ita suurelt, vaid te teate, et teete sellega head.<\/p>\n<p>Veel \u00fcks huvitav fakt on see, et varakult tabas seda loteriid skandaal, ja seda mitte \u00fcks, vaid kaks korda. Aastal 1975-6 peatati m\u00fc\u00fck, sest avastati, et m\u00fc\u00fcmata piletid kuulutati v\u00f5itjateks. Siis, 1980ndatel, manipuleerisid riigi t\u00f6\u00f6tajad tulemusi perekonna ja s\u00f5prade kasuks. Need ajad on ammu m\u00f6\u00f6das ja sellest on saanud \u00fcks usaldusv\u00e4\u00e4rsemaid loteriisid riigis.<\/p>\n<h2>Kuidas osta lotopileteid v\u00e4ljastpoolt USAd<\/h2>\n<p><img loading=\"lazy\" decoding=\"async\" class=\"alignright size-full wp-image-26402\" src=\"http:\/\/jackpotlotteryonline.com\/wp-content\/uploads\/2022\/11\/1_buy_online_ticket_powerball.jpg\" alt=\"New Yorgi loterii auhind\" width=\"300\" height=\"194\" \/><\/p>\n<p>Kui elate v\u00e4ljaspool Ameerika \u00dchendriike, on ainult \u00fcks seaduslik viis loteriipiletite ostmiseks. See on nende ostmine interneti kaudu selliselt online-loto m\u00fc\u00fcjalt nagu jackpotlotteryonline.com.<\/p>\n<p>Piletite ostmiseks k\u00fclastage lihtsalt veebilehte ja kl\u00f5psake soovitud loteriil. Seej\u00e4rel valige kuus numbrit vahemikus 1 ja 59. V\u00f5id vabalt osta mitu rida, et suurendada oma v\u00f5iduv\u00f5imalusi. Kui olete oma numbrid valinud, sisenege valitud loosimisele ja tehke makse.<\/p>\n<p>Loterii m\u00e4ngimine v\u00e4ljastpoolt Ameerika \u00dchendriike interneti kaudu on seaduslik ja legaalne. Samuti avab see m\u00e4ngijatele \u00fcle kogu maailma uusi v\u00f5imalusi. Te ei pea enam olema geograafiliselt piiratud, sest saate h\u00f5lpsasti panustada ilma piirideta.<\/p>\n<h2>Boonusnumber<\/h2>\n<p>Jah, on olemas boonusnumber ja see on seitsmes number, mis loositakse. Boonusnumbrit ei kasutata siiski jackpoti auhinna m\u00e4\u00e4ramiseks, vaid seda kasutatakse teise auhinna jaoks. Teise auhinnakategooria v\u00f5itmiseks peab m\u00e4ngija vastama kuuele loositud numbrile ja boonusnumbrile.<\/p>\n<section class=\"layout\" style=\"border: solid 1px; width: 100%;\">\n<div class=\"img-div\" style=\"margin-top: 5px;\"><img decoding=\"async\" class=\"wp-image-17212 alignleft\" style=\"height: 45px; margin: 8px 8px 0px;\" src=\"http:\/\/jackpotlotteryonline.com\/wp-content\/uploads\/2022\/11\/read1.jpg\" alt=\"loe\" width=\"\" height=\"\" \/><\/div>\n<div style=\"padding-left: 5px;\">\n<div style=\"font-size: 1.1em;\">\n<p><strong>Loterii n\u00e4pun\u00e4ited<\/strong><\/p>\n<p style=\"font-size: 0.85em; margin-top: -1.5em;\">Nipid, mis aitavad teil loteriis v\u00f5ita\u00a0 <a href=\"https:\/\/jackpotlotteryonline.com\/et\/napunaiteid-mis-aitavad-teil-voita-loterii\"> loe edasi<\/a><\/p>\n<\/div>\n<\/div>\n<\/section>\n<h2>Auhinnakategooriad<\/h2>\n<p>Auhinna \u00fcldv\u00f5idu t\u00f5en\u00e4osus on 1:92,05. Auhindade jaotamine s\u00f5ltub \u00fcldisest m\u00fc\u00fcgist. Seega jaotatakse iga loto puhul 40% m\u00fc\u00fcgist auhinnarahaks. Jackpot on sellest protsentuaalne osa ja see ei ole fikseeritud summa. Auhinnakategooriad on esitatud allpool:<\/p>\n<p>Kategooria 1: 6 numbrit &#8211; jackpot (30%)<br \/>\nKategooria 2: 5 + boonusnumber &#8211; 2,9% m\u00fc\u00fcgist<br \/>\nKategooria 3: 5 numbrit &#8211; 2,2% m\u00fc\u00fcgist<br \/>\nKategooria 4: 4 numbrit &#8211; 2,5% m\u00fc\u00fcgist<br \/>\nKategooria 5: 3 numbrit &#8211; 2,4% m\u00fc\u00fcgist<\/p>\n<h2>New Yorgi Lotto loosimise p\u00e4evad<\/h2>\n<p>New Yorgi loteriil (nagu seda m\u00f5nikord nimetatakse) on igal n\u00e4dalal kaks loosimisp\u00e4eva. Need on kolmap\u00e4eviti ja laup\u00e4eviti. Seega saate mitme loosimisp\u00e4eva jaoks sisestada mitu n\u00e4dalat ette.<\/p>\n<p>Et teada saada, kas olete v\u00f5itnud auhinna, v\u00f5ite vaadata loosimisi televiisorist v\u00f5i vaadata uudiseid loosimistulemuste kohta. See v\u00f5ib aga kergesti muutuda t\u00fc\u00fctuks, eriti kui olete sel ajal h\u00f5ivatud. Lihtsama alternatiivi saamiseks registreerige end meie juures ja me teavitame teid kohe, kui olete v\u00f5itnud.<\/p>\n<h2>Miks peaksite m\u00e4ngima New Yorgi loteriid?<\/h2>\n<p>Kui m\u00f5tlete sellele, et auhinnaraha m\u00e4\u00e4ratakse m\u00fc\u00fcgi j\u00e4rgi, v\u00f5ib see teid heidutada. Mis juhtub, kui m\u00fc\u00fck ei ole hea? See t\u00e4hendab, et jackpoti auhind v\u00f5ib oluliselt v\u00e4heneda. See on t\u00f5eline hirm, millega m\u00e4ngijad selle loterii m\u00e4ngimisel silmitsi seisavad.<\/p>\n<p>Kuid New Yorgi osariigi valitsuse korraldatava loterii kasuks r\u00e4\u00e4gib mitu asja. Esimene on see, et selle loterii vastu on suur huvi, nii et m\u00fc\u00fck on endiselt \u00fcsna hea. Jackpot ei ole nii suur kui m\u00f5nel teisel rahvusvahelisel loteriil, kuid m\u00e4ngijad v\u00f5ivad v\u00f5ita kuni 10 miljonit dollarit.<\/p>\n<p>Samuti on v\u00f5iduv\u00f5imalused palju suuremad kui teistel suuremate jackpotidega loteriidel. Kuigi m\u00f5ned m\u00e4ngijad ei pruugi seda suure panusega kihlveoks pidada, teevad soodsad koefitsiendid asja kindlasti magusamaks. Pealegi ei ole jackpoti auhind sugugi halb ja v\u00f5ib v\u00f5itjad ikkagi miljon\u00e4rideks teha.<\/p>\n<h2>Registreeru meiega stressivaba kogemuse saamiseks<\/h2>\n<p><img loading=\"lazy\" decoding=\"async\" class=\"size-full wp-image-35321 alignright\" src=\"http:\/\/jackpotlotteryonline.com\/wp-content\/uploads\/2022\/11\/2_ticket_superenalotto-1.jpg\" alt=\"New Yorgi loto pilet\" width=\"228\" height=\"300\" \/><\/p>\n<p>New York Lotto m\u00e4ngimine on lihtne ja probleemivaba, kui registreerite end meie juures. Kui k\u00fclastate meie veebilehte, leiate suure hulga rahvusvahelisi loteriisid, kuhu saate siseneda. Hankige pilet ja panustage oma valitud loteriile ning valige soovi korral mitu osalemist. Kui te ei ole kindel, milliseid numbreid valida, aitab teid selles meie automaatne valikuvahend.<\/p>\n<p>Kui olete numbrid valinud, sisestage loosimised ja minge maksealale. Sel hetkel palume teil registreeruda. Seda j\u00e4rgmistel p\u00f5hjustel:<\/p>\n<ul>\n<li>Kui registreerute, saate tagada, et teie pileteid hoitakse turvaliselt, nii et saate h\u00f5lpsasti n\u00f5uda v\u00f5idetud auhindu.<\/li>\n<li>Kui v\u00f5idate m\u00f5ne auhinna, saate teate oma armatuurlauale ja e-posti teel.<\/li>\n<li>Teie auhinna v\u00e4ljav\u00f5tmine pole kunagi varem olnud lihtsam, sest seda saate teha otse meie platvormil.<\/li>\n<\/ul>\n<h2>Kuidas te teate, et osalete loteriis?<\/h2>\n<p>See on \u00f5igustatud k\u00fcsimus, sest seal on mitmeid teenuseid, mis m\u00fc\u00fcvad loteriipileteid, kuid ei anna teile juurdep\u00e4\u00e4su loteriile. Mida nad teevad, on see, et nad annavad teile v\u00f5imaluse panustada jackpoti vastu. Nii et isegi kui sa v\u00f5idad, saad sa ainult murdosa jackpoti summast. Meie seda ei tee.<\/p>\n<p>Me pakume concierge-teenust, mis tagab meie klientidele reaalajas juurdep\u00e4\u00e4su nende valitud loteriidele. Kui ostate sissekande, ostavad meie agendid New Yorgis ka f\u00fc\u00fcsilise pileti teie soovitud numbritega. See t\u00e4hendab, et kui teie numbrid langevad kokku loositud numbritega, olete v\u00f5itnud jackpoti.<\/p>\n<p>See tundub olevat hea aeg mainida, et loterii on \u00f5nnem\u00e4ng. Seega ei ole v\u00f5imalik kindlaks teha, kes v\u00f5idab. Mida me teame, on see, et ainus v\u00f5imalus v\u00f5ita on teha panus. Seep\u00e4rast teeme k\u00f5ik endast oleneva, et tagada meie klientidele see v\u00f5imalus.<\/p>\n<h2>M\u00e4ngi New Yorgi loto internetis juba t\u00e4na<\/h2>\n<p>On aeg l\u00f5petada m\u00f5tlemine loteriipileti hankimise \u00fcle ja saada see. See v\u00f5ib olla eluaegse seikluse algus. Nii et miks mitte k\u00fclastada meid juba t\u00e4na aadressil jackpotlotteryonline.com, et teha panus \u00fcksk\u00f5ik millisest maailma paigast? Sa ei tea kunagi, millal sa v\u00f5idad loteriis.<\/p>\n","protected":false},"excerpt":{"rendered":"<p>Kui otsite loteriid, millel on v\u00e4rvikas ajalugu, siis New Yorgi loto on teie parim valik. See on ajaloost ja skandaalidest l\u00e4bi imbunud loterii, mis on asutatud ka heal eesm\u00e4rgil. Loteriis m\u00e4ngimine on hea viis l\u00f5butsemiseks ja see annab sulle ka midagi, mida oodata. V\u00e4ljaspool USA-d asuvatele m\u00e4ngijatele, kes soovivad osta selle loterii pileteid, saate seda [&hellip;]<\/p>\n","protected":false},"author":1,"featured_media":0,"parent":35747,"menu_order":14,"comment_status":"closed","ping_status":"closed","template":"newyork-info.php","meta":{"_et_pb_use_builder":"","_et_pb_old_content":"","_et_gb_content_width":"","exclude_from_search":false,"footnotes":""},"class_list":["post-37039","page","type-page","status-publish","hentry"],"yoast_head":"<!-- This site is optimized with the Yoast SEO plugin v23.3 - https:\/\/yoast.com\/wordpress\/plugins\/seo\/ -->\n<title>Osta pileteid New Yorgi loteriile v\u00e4ljastpoolt USA-d | Hangi New Yorgi loteriipileteid internetis<\/title>\n<meta name=\"description\" content=\"Tahad osta piletit New York Lottery, kuid elad v\u00e4ljaspool USA-d? Hankige oma lotopiletid internetis siit\" \/>\n<meta name=\"robots\" content=\"index, follow, max-snippet:-1, max-image-preview:large, max-video-preview:-1\" \/>\n<link rel=\"canonical\" href=\"https:\/\/jackpotlotteryonline.com\/et\/kuidas-osta-loteriipileteid-internetis\/new-york-lottery\/\" \/>\n<meta property=\"og:locale\" content=\"et_EE\" \/>\n<meta property=\"og:type\" content=\"article\" \/>\n<meta property=\"og:title\" content=\"Osta pileteid New Yorgi loteriile v\u00e4ljastpoolt USA-d | Hangi New Yorgi loteriipileteid internetis\" \/>\n<meta property=\"og:description\" content=\"Tahad osta piletit New York Lottery, kuid elad v\u00e4ljaspool USA-d? Hankige oma lotopiletid internetis siit\" \/>\n<meta property=\"og:url\" content=\"https:\/\/jackpotlotteryonline.com\/et\/kuidas-osta-loteriipileteid-internetis\/new-york-lottery\/\" \/>\n<meta property=\"og:site_name\" content=\"Lotto Online - Crack The International Lottery Jackpots\" \/>\n<meta property=\"article:modified_time\" content=\"2023-01-06T09:35:05+00:00\" \/>\n<meta property=\"og:image\" content=\"http:\/\/jackpotlotteryonline.com\/wp-content\/uploads\/2022\/11\/1_buy_online_ticket_powerball.jpg\" \/>\n<meta name=\"twitter:card\" content=\"summary_large_image\" \/>\n<meta name=\"twitter:label1\" content=\"Est. reading time\" \/>\n\t<meta name=\"twitter:data1\" content=\"5 minutit\" \/>\n<!-- \/ Yoast SEO plugin. -->","yoast_head_json":{"title":"Osta pileteid New Yorgi loteriile v\u00e4ljastpoolt USA-d | Hangi New Yorgi loteriipileteid internetis","description":"Tahad osta piletit New York Lottery, kuid elad v\u00e4ljaspool USA-d? Hankige oma lotopiletid internetis siit","robots":{"index":"index","follow":"follow","max-snippet":"max-snippet:-1","max-image-preview":"max-image-preview:large","max-video-preview":"max-video-preview:-1"},"canonical":"https:\/\/jackpotlotteryonline.com\/et\/kuidas-osta-loteriipileteid-internetis\/new-york-lottery\/","og_locale":"et_EE","og_type":"article","og_title":"Osta pileteid New Yorgi loteriile v\u00e4ljastpoolt USA-d | Hangi New Yorgi loteriipileteid internetis","og_description":"Tahad osta piletit New York Lottery, kuid elad v\u00e4ljaspool USA-d? Hankige oma lotopiletid internetis siit","og_url":"https:\/\/jackpotlotteryonline.com\/et\/kuidas-osta-loteriipileteid-internetis\/new-york-lottery\/","og_site_name":"Lotto Online - Crack The International Lottery Jackpots","article_modified_time":"2023-01-06T09:35:05+00:00","og_image":[{"url":"http:\/\/jackpotlotteryonline.com\/wp-content\/uploads\/2022\/11\/1_buy_online_ticket_powerball.jpg"}],"twitter_card":"summary_large_image","twitter_misc":{"Est. reading time":"5 minutit"},"schema":{"@context":"https:\/\/schema.org","@graph":[{"@type":"WebPage","@id":"https:\/\/jackpotlotteryonline.com\/et\/kuidas-osta-loteriipileteid-internetis\/new-york-lottery\/","url":"https:\/\/jackpotlotteryonline.com\/et\/kuidas-osta-loteriipileteid-internetis\/new-york-lottery\/","name":"Osta pileteid New Yorgi loteriile v\u00e4ljastpoolt USA-d | Hangi New Yorgi loteriipileteid internetis","isPartOf":{"@id":"https:\/\/jackpotlotteryonline.com\/#website"},"primaryImageOfPage":{"@id":"https:\/\/jackpotlotteryonline.com\/et\/kuidas-osta-loteriipileteid-internetis\/new-york-lottery\/#primaryimage"},"image":{"@id":"https:\/\/jackpotlotteryonline.com\/et\/kuidas-osta-loteriipileteid-internetis\/new-york-lottery\/#primaryimage"},"thumbnailUrl":"http:\/\/jackpotlotteryonline.com\/wp-content\/uploads\/2022\/11\/1_buy_online_ticket_powerball.jpg","datePublished":"2022-11-10T06:30:17+00:00","dateModified":"2023-01-06T09:35:05+00:00","description":"Tahad osta piletit New York Lottery, kuid elad v\u00e4ljaspool USA-d? Hankige oma lotopiletid internetis siit","breadcrumb":{"@id":"https:\/\/jackpotlotteryonline.com\/et\/kuidas-osta-loteriipileteid-internetis\/new-york-lottery\/#breadcrumb"},"inLanguage":"et","potentialAction":[{"@type":"ReadAction","target":["https:\/\/jackpotlotteryonline.com\/et\/kuidas-osta-loteriipileteid-internetis\/new-york-lottery\/"]}]},{"@type":"ImageObject","inLanguage":"et","@id":"https:\/\/jackpotlotteryonline.com\/et\/kuidas-osta-loteriipileteid-internetis\/new-york-lottery\/#primaryimage","url":"http:\/\/jackpotlotteryonline.com\/wp-content\/uploads\/2022\/11\/1_buy_online_ticket_powerball.jpg","contentUrl":"http:\/\/jackpotlotteryonline.com\/wp-content\/uploads\/2022\/11\/1_buy_online_ticket_powerball.jpg"},{"@type":"BreadcrumbList","@id":"https:\/\/jackpotlotteryonline.com\/et\/kuidas-osta-loteriipileteid-internetis\/new-york-lottery\/#breadcrumb","itemListElement":[{"@type":"ListItem","position":1,"name":"Home","item":"https:\/\/jackpotlotteryonline.com\/et\/"},{"@type":"ListItem","position":2,"name":"Kuidas osta loteriipileteid internetis","item":"https:\/\/jackpotlotteryonline.com\/et\/kuidas-osta-loteriipileteid-internetis\/"},{"@type":"ListItem","position":3,"name":"Piletid New Yorgi loterii"}]},{"@type":"WebSite","@id":"https:\/\/jackpotlotteryonline.com\/#website","url":"https:\/\/jackpotlotteryonline.com\/","name":"Lotto Online - Crack The International Lottery Jackpots","description":"","potentialAction":[{"@type":"SearchAction","target":{"@type":"EntryPoint","urlTemplate":"https:\/\/jackpotlotteryonline.com\/?s={search_term_string}"},"query-input":"required name=search_term_string"}],"inLanguage":"et"}]}},"_links":{"self":[{"href":"https:\/\/jackpotlotteryonline.com\/et\/wp-json\/wp\/v2\/pages\/37039","targetHints":{"allow":["GET"]}}],"collection":[{"href":"https:\/\/jackpotlotteryonline.com\/et\/wp-json\/wp\/v2\/pages"}],"about":[{"href":"https:\/\/jackpotlotteryonline.com\/et\/wp-json\/wp\/v2\/types\/page"}],"author":[{"embeddable":true,"href":"https:\/\/jackpotlotteryonline.com\/et\/wp-json\/wp\/v2\/users\/1"}],"replies":[{"embeddable":true,"href":"https:\/\/jackpotlotteryonline.com\/et\/wp-json\/wp\/v2\/comments?post=37039"}],"version-history":[{"count":0,"href":"https:\/\/jackpotlotteryonline.com\/et\/wp-json\/wp\/v2\/pages\/37039\/revisions"}],"up":[{"embeddable":true,"href":"https:\/\/jackpotlotteryonline.com\/et\/wp-json\/wp\/v2\/pages\/35747"}],"wp:attachment":[{"href":"https:\/\/jackpotlotteryonline.com\/et\/wp-json\/wp\/v2\/media?parent=37039"}],"curies":[{"name":"wp","href":"https:\/\/api.w.org\/{rel}","templated":true}]}}