{"id":37091,"date":"2022-11-10T08:47:03","date_gmt":"2022-11-10T08:47:03","guid":{"rendered":"https:\/\/jackpotlotteryonline.com\/?page_id=37091"},"modified":"2023-01-04T08:36:52","modified_gmt":"2023-01-04T08:36:52","slug":"thunderball","status":"publish","type":"page","link":"https:\/\/jackpotlotteryonline.com\/et\/kuidas-osta-loteriipileteid-internetis\/thunderball\/","title":{"rendered":"Osta Thunderballi pileteid"},"content":{"rendered":"<p>\u00dchendkuningriigis ei ole m\u00e4ngijate jaoks puudust loteriidest, mida m\u00e4ngida. Alates lotom\u00e4ngudest kuni annuiteetm\u00e4ngudeni on midagi iga\u00fchele ja peaaegu iga p\u00e4ev ka. Kuid \u00fcks m\u00e4ngijate lemmikm\u00e4ngudest on Thunderball. See on huvitav, sest see on loterii, mis ei paku miljonite naelade v\u00e4\u00e4rtuses jackpotit. Tegelikult v\u00f5ime garanteerida, et isegi kui sa v\u00f5idad jackpot&#8217;i, ei saa sinust miljon\u00e4ri. Miks m\u00e4ngijad siis seda loteriid armastavad?<\/p>\n<p>P\u00f5hjus on lihtne; t\u00f5en\u00e4osus on palju parem kui teistel suuremate jackpotitega m\u00e4ngudel. Nelja igan\u00e4dalase loosimise ja korraliku jackpoti summaga ei ole ime, et lotoentusiastid kogunevad sellesse loteriisse igal n\u00e4dalal.<\/p>\n<p>Kui elate v\u00e4ljaspool \u00dchendkuningriiki, v\u00f5ite osaleda ka \u00fcksk\u00f5ik millises loosimises. K\u00fclastage jackpotlotteryonline.com, et osta loteriipileteid t\u00f5husalt ja stressivabalt, kus iganes te ka ei viibiksite.<\/p>\n<h2>Kuidas Thunderball t\u00f6\u00f6tab?<\/h2>\n<p><img loading=\"lazy\" decoding=\"async\" class=\"alignright size-medium wp-image-30425\" src=\"https:\/\/jackpotlotteryonline.com\/wp-content\/uploads\/2022\/11\/1_you_win_jackpot-300x300.jpg\" alt=\"Kuidas m\u00e4ngida Thunderballi\" width=\"300\" height=\"300\" srcset=\"https:\/\/jackpotlotteryonline.com\/wp-content\/uploads\/2022\/11\/1_you_win_jackpot-300x300.jpg 300w, https:\/\/jackpotlotteryonline.com\/wp-content\/uploads\/2022\/11\/1_you_win_jackpot-100x100.jpg 100w, https:\/\/jackpotlotteryonline.com\/wp-content\/uploads\/2022\/11\/1_you_win_jackpot-150x150.jpg 150w, https:\/\/jackpotlotteryonline.com\/wp-content\/uploads\/2022\/11\/1_you_win_jackpot.jpg 320w\" sizes=\"auto, (max-width: 300px) 100vw, 300px\" \/><\/p>\n<p>See Briti loterii on sirgjooneline ja lihtne m\u00e4ngida ning kogenud lotom\u00e4ngijatel ei tohiks selle Briti loteriiga probleeme tekkida.<\/p>\n<p><a href=\"https:\/\/jackpotlotteryonline.com\/et\/kuidas-mangida\/thunderball\">Selle Briti loterii m\u00e4ngimiseks<\/a> peavad m\u00e4ngijad valima viis p\u00f5hinumbrit vahemikus 1 kuni 39 ja \u00fche erinumbri vahemikus 1 kuni 14. Erinumber kannab nime Thunderball.<\/p>\n<p>P\u00e4rast numbrite valimist on j\u00e4rgmiseks<a href=\"https:\/\/jackpotlotteryonline.com\/et\/winning-numbers\/thunderball\"> sammuks loosimisele minek<\/a> ja tulemuste ootamine. Me juba mainisime, et see pakub neli igan\u00e4dalast loosimist. See on neli v\u00f5imalust v\u00f5ita jackpot! Loosimised toimuvad teisip\u00e4eval, kolmap\u00e4eval, neljap\u00e4eval ja laup\u00e4eval.<\/p>\n<h2>Kas \u00dchendkuningriigi loteriipileti ostmine internetis on seaduslik?<\/h2>\n<p>K\u00fcsimus selle kohta, kas interneti kaudu saab loteriis osaleda v\u00f5i mitte, on p\u00f5hjendatud mure. On t\u00f5si, et seal on pettusi ja oleks rumal seda eirata. Siiski on olemas seaduslikke loteriisaite, mis m\u00fc\u00fcvad pileteid loteriidele \u00fcle maailma ja see on t\u00e4iesti seaduslik.<\/p>\n<p>Esiteks ei ole see Briti loterii piiratud \u00dchendkuningriigi kodanikega. Ainus piirang on geograafiline selles m\u00f5ttes, et f\u00fc\u00fcsilisi sedelid m\u00fc\u00fcvad m\u00fc\u00fcjad riigis. Piletite ostmine veebist on ainus viis loteriid m\u00e4ngida v\u00e4ljaspool riiki.<\/p>\n<p>Enne loteriipileti ostmist veenduge, et kasutate seaduslikku loteriim\u00fc\u00fcjat, eriti sellist, millel on hea maine. Hea v\u00f5imalus on kontrollida, kas nad on varem v\u00f5idu v\u00e4lja maksnud, nii et te ei j\u00e4\u00e4ks oma v\u00f5idust ilma.<\/p>\n<section class=\"layout\" style=\"border: solid 1px; width: 100%;\">\n<div class=\"img-div\" style=\"margin-top: 5px;\"><img decoding=\"async\" class=\"wp-image-17212 alignleft\" style=\"height: 45px; margin: 8px 8px 0px;\" src=\"https:\/\/jackpotlotteryonline.com\/wp-content\/uploads\/2022\/11\/read1.jpg\" alt=\"loe\" width=\"\" height=\"\" \/><\/div>\n<div style=\"padding-left: 5px;\">\n<div style=\"font-size: 1.1em;\">\n<p><strong>Teie riigi loterii rahvusvahelises v\u00f5rdluses<\/strong><\/p>\n<p style=\"font-size: 0.85em; margin-top: -1.5em;\">Teie kohalik loterii v\u00f5ib olla teie halvim valik &#8211; miks on m\u00f5istlikum maksta rohkem, kuid minna suuremate jackpotite peale\u00a0 <a href=\"https:\/\/jackpotlotteryonline.com\/et\/teie-riigi-loterii-internatsionaalses-vordluses\"> loe edasi<\/a><\/p>\n<\/div>\n<\/div>\n<\/section>\n<h2>Jackpot ja auhinnad<\/h2>\n<p>Milline on siis t\u00e4pselt selle Briti loterii jackpoti auhind? Jackpoti auhind on viissada tuhat naela ja see on igal loosimisel garanteeritud. Iga pilet, mis vastab viiele loositud numbrile ja erinumbrile, v\u00f5idab jackpoti.<\/p>\n<p>Jackpot ei ole ainus auhind, mida m\u00e4ngijad v\u00f5ivad selle loteriiga v\u00f5ita, sest on ka teisi auhinnaklasside auhindu. Teise tasandi auhind on samuti fikseeritud summa, mis on viis tuhat naela, mis on t\u00f5esti suurep\u00e4rane. Kokku on \u00fcheksa auhinnaklassi ja auhind on olemas ainult erinumbri kokkulangemise eest.<\/p>\n<p>J\u00e4llegi, selle loterii koefitsiendid on uskumatud, mist\u00f5ttu on see toonud alates esimesest loosimisest 1999. aastal nii palju v\u00f5itjaid. Suure n\u00f5udluse t\u00f5ttu l\u00e4ks loteriidelt, mille puhul oli varem vaid \u00fcks igan\u00e4dalane loosimine, \u00fcle neljale igan\u00e4dalasele loosimisele. Seega, kui m\u00e4ngite seda Briti loteriid, on jackpoti v\u00f5idu t\u00f5en\u00e4osus 1:8 060 598, samas kui t\u00f5en\u00e4osus v\u00f5ita \u00fcksk\u00f5ik milline auhind on 1:13.<br \/>\n<img loading=\"lazy\" decoding=\"async\" class=\"alignright size-medium wp-image-35457\" src=\"https:\/\/jackpotlotteryonline.com\/wp-content\/uploads\/2022\/11\/2_ticket_uk_lottery-192x300.jpg\" alt=\"thunderballi pilet\" width=\"192\" height=\"300\" srcset=\"https:\/\/jackpotlotteryonline.com\/wp-content\/uploads\/2022\/11\/2_ticket_uk_lottery-192x300.jpg 192w, https:\/\/jackpotlotteryonline.com\/wp-content\/uploads\/2022\/11\/2_ticket_uk_lottery.jpg 250w\" sizes=\"auto, (max-width: 192px) 100vw, 192px\" \/><\/p>\n<p><strong>Kui m\u00e4ngite seda loteriid, siis v\u00f5ite v\u00f5ita j\u00e4rgmist:<\/strong><\/p>\n<p>5 numbrit + erinumber &#8211; 500 000 naelsterlingit (jackpot).<br \/>\nAinult 5 numbrit &#8211; 5000 naelsterlingit<br \/>\n4 numbrit + erinumber &#8211; 250 naelsterlingit<br \/>\nAinult 4 numbrit &#8211; 100 \u00a3<br \/>\n3 numbrit + erinumber &#8211; 20 naelsterlingit<br \/>\nAinult 3 numbrit &#8211; 10 \u00a3<br \/>\n2 numbrit + erinumber &#8211; 10 \u00a3<br \/>\n1 number + erinumber &#8211; \u00a35<br \/>\n0 numbrit + erinumber &#8211; 3 naelsterlingit<\/p>\n<h2>Kuidas n\u00f5uda oma auhinda<\/h2>\n<p>Kuidas te n\u00f5uda oma auhinna s\u00f5ltub sellest, kuidas te ostsite oma loteriipileti. Kui osalesite loteriis meie saidi kaudu, saate oma auhinda taotleda, logides sisse oma kontole ja v\u00f5ttes oma v\u00f5idud meie platvormilt v\u00e4lja.<\/p>\n<p>Enne auhinna k\u00e4ttesaamist on oluline teada m\u00f5ningaid asju loteriim\u00e4ngu kohta \u00dchendkuningriigis. Me juba teame, et loterii on avatud k\u00f5igile, olenemata kodakondsusest, kuid siin on siiski m\u00f5ned asjad, mida tuleb t\u00e4hele panna:<\/p>\n<ul>\n<li>Loterii on avatud \u00fcle 16-aastastele m\u00e4ngijatele.<\/li>\n<li>Auhinnad makstakse v\u00e4lja \u00fchekordse summana<\/li>\n<li>Loteriiv\u00f5idud ei kuulu riigis maksustamisele. Kui aga m\u00e4ngite v\u00e4ljastpoolt riiki, peaksite kontrollima oma riigi maksuseadusi.<\/li>\n<li>Teil on 180 p\u00e4eva aega, et n\u00f5uda mis tahes v\u00f5itu, enne kui see l\u00e4heb tagasi fondi.<\/li>\n<li>Kui osalesite loteriis f\u00fc\u00fcsilise m\u00fc\u00fcja kaudu, peate v\u00f5idu n\u00f5udmiseks p\u00f6\u00f6rduma loteriikorraldajate poole.<\/li>\n<\/ul>\n<h2>Miks peaksite meiega loteriid m\u00e4ngima<\/h2>\n<p>Me oleme kohandatud concierge-teenus, mis pakub m\u00e4ngijatele \u00fcle maailma juurdep\u00e4\u00e4su rahvusvahelistele tipplotodele. Oleme aastaid rafineerinud protsessi, et tagada meie klientidele p\u00f5nev kogemus, mis on meeldiv ja stressivaba.<\/p>\n<p>Kui registreerute meie juures, saate mitmesse loteriisse mugavalt siseneda \u00fchest veebiplatvormist. Pakume lisaturvalisust, et teie osalemisleht on turvaline, nii et te ei pea muretsema selle kaotamise p\u00e4rast. Samuti v\u00f5ite l\u00f5\u00f5gastuda, teades, et te ei j\u00e4\u00e4 \u00fchestki v\u00f5idust ilma, sest me anname teile kohe teada, kui olete v\u00f5itnud auhinna.<\/p>\n<p>P\u00f5him\u00f5tteliselt v\u00f5tame \u00e4ra k\u00f5ik poldid ja kriginad, mis loteriim\u00e4nguga kaasnevad, j\u00e4ttes teile vabaduse teha seda, mida te k\u00f5ige rohkem naudite: l\u00f5butseda. Pole t\u00e4htis, kus sa oled, kui sul on interneti\u00fchendus, saad osaleda rahvusvahelistes tipploteriides.<\/p>\n<p>Jackpotlotteryonline.com kaudu saate mitmeid v\u00f5imalusi. Saate m\u00e4ngida \u00fchte v\u00f5i mitut loteriid, osaleda \u00fches v\u00f5i mitmes loosimises ja isegi seadistada tellimus, nii et teie sisestused toimuksid autopiloodina. Miks mitte k\u00fclastada meid juba t\u00e4na, et osta Thunderballi pileteid v\u00e4ljastpoolt \u00dchendkuningriiki?<\/p>\n","protected":false},"excerpt":{"rendered":"<p>\u00dchendkuningriigis ei ole m\u00e4ngijate jaoks puudust loteriidest, mida m\u00e4ngida. Alates lotom\u00e4ngudest kuni annuiteetm\u00e4ngudeni on midagi iga\u00fchele ja peaaegu iga p\u00e4ev ka. Kuid \u00fcks m\u00e4ngijate lemmikm\u00e4ngudest on Thunderball. See on huvitav, sest see on loterii, mis ei paku miljonite naelade v\u00e4\u00e4rtuses jackpotit. Tegelikult v\u00f5ime garanteerida, et isegi kui sa v\u00f5idad jackpot&#8217;i, ei saa sinust miljon\u00e4ri. Miks [&hellip;]<\/p>\n","protected":false},"author":1,"featured_media":0,"parent":35747,"menu_order":12,"comment_status":"closed","ping_status":"closed","template":"thunderball-info.php","meta":{"_et_pb_use_builder":"","_et_pb_old_content":"","_et_gb_content_width":"","exclude_from_search":false,"footnotes":""},"class_list":["post-37091","page","type-page","status-publish","hentry"],"yoast_head":"<!-- This site is optimized with the Yoast SEO plugin v23.3 - https:\/\/yoast.com\/wordpress\/plugins\/seo\/ -->\n<title>Osta Thunderballi pileteid v\u00e4ljastpoolt \u00dchendkuningriiki | Thunderball loterii internetis<\/title>\n<meta name=\"description\" content=\"Hankige Thunderballi pilet v\u00e4ljastpoolt \u00dchendkuningriiki, ostes selle online siit! Hankige oma skaneeritud Thunderball pilet meie seadusliku teenuse kaudu\" \/>\n<meta name=\"robots\" content=\"index, follow, max-snippet:-1, max-image-preview:large, max-video-preview:-1\" \/>\n<link rel=\"canonical\" href=\"https:\/\/jackpotlotteryonline.com\/et\/kuidas-osta-loteriipileteid-internetis\/thunderball\/\" \/>\n<meta property=\"og:locale\" content=\"et_EE\" \/>\n<meta property=\"og:type\" content=\"article\" \/>\n<meta property=\"og:title\" content=\"Osta Thunderballi pileteid v\u00e4ljastpoolt \u00dchendkuningriiki | Thunderball loterii internetis\" \/>\n<meta property=\"og:description\" content=\"Hankige Thunderballi pilet v\u00e4ljastpoolt \u00dchendkuningriiki, ostes selle online siit! Hankige oma skaneeritud Thunderball pilet meie seadusliku teenuse kaudu\" \/>\n<meta property=\"og:url\" content=\"https:\/\/jackpotlotteryonline.com\/et\/kuidas-osta-loteriipileteid-internetis\/thunderball\/\" \/>\n<meta property=\"og:site_name\" content=\"Lotto Online - Crack The International Lottery Jackpots\" \/>\n<meta property=\"article:modified_time\" content=\"2023-01-04T08:36:52+00:00\" \/>\n<meta property=\"og:image\" content=\"https:\/\/jackpotlotteryonline.com\/wp-content\/uploads\/2022\/11\/1_you_win_jackpot-300x300.jpg\" \/>\n<meta name=\"twitter:card\" content=\"summary_large_image\" \/>\n<meta name=\"twitter:label1\" content=\"Est. reading time\" \/>\n\t<meta name=\"twitter:data1\" content=\"5 minutit\" \/>\n<!-- \/ Yoast SEO plugin. -->","yoast_head_json":{"title":"Osta Thunderballi pileteid v\u00e4ljastpoolt \u00dchendkuningriiki | Thunderball loterii internetis","description":"Hankige Thunderballi pilet v\u00e4ljastpoolt \u00dchendkuningriiki, ostes selle online siit! Hankige oma skaneeritud Thunderball pilet meie seadusliku teenuse kaudu","robots":{"index":"index","follow":"follow","max-snippet":"max-snippet:-1","max-image-preview":"max-image-preview:large","max-video-preview":"max-video-preview:-1"},"canonical":"https:\/\/jackpotlotteryonline.com\/et\/kuidas-osta-loteriipileteid-internetis\/thunderball\/","og_locale":"et_EE","og_type":"article","og_title":"Osta Thunderballi pileteid v\u00e4ljastpoolt \u00dchendkuningriiki | Thunderball loterii internetis","og_description":"Hankige Thunderballi pilet v\u00e4ljastpoolt \u00dchendkuningriiki, ostes selle online siit! Hankige oma skaneeritud Thunderball pilet meie seadusliku teenuse kaudu","og_url":"https:\/\/jackpotlotteryonline.com\/et\/kuidas-osta-loteriipileteid-internetis\/thunderball\/","og_site_name":"Lotto Online - Crack The International Lottery Jackpots","article_modified_time":"2023-01-04T08:36:52+00:00","og_image":[{"url":"https:\/\/jackpotlotteryonline.com\/wp-content\/uploads\/2022\/11\/1_you_win_jackpot-300x300.jpg"}],"twitter_card":"summary_large_image","twitter_misc":{"Est. reading time":"5 minutit"},"schema":{"@context":"https:\/\/schema.org","@graph":[{"@type":"WebPage","@id":"https:\/\/jackpotlotteryonline.com\/et\/kuidas-osta-loteriipileteid-internetis\/thunderball\/","url":"https:\/\/jackpotlotteryonline.com\/et\/kuidas-osta-loteriipileteid-internetis\/thunderball\/","name":"Osta Thunderballi pileteid v\u00e4ljastpoolt \u00dchendkuningriiki | Thunderball loterii internetis","isPartOf":{"@id":"https:\/\/jackpotlotteryonline.com\/#website"},"primaryImageOfPage":{"@id":"https:\/\/jackpotlotteryonline.com\/et\/kuidas-osta-loteriipileteid-internetis\/thunderball\/#primaryimage"},"image":{"@id":"https:\/\/jackpotlotteryonline.com\/et\/kuidas-osta-loteriipileteid-internetis\/thunderball\/#primaryimage"},"thumbnailUrl":"https:\/\/jackpotlotteryonline.com\/wp-content\/uploads\/2022\/11\/1_you_win_jackpot-300x300.jpg","datePublished":"2022-11-10T08:47:03+00:00","dateModified":"2023-01-04T08:36:52+00:00","description":"Hankige Thunderballi pilet v\u00e4ljastpoolt \u00dchendkuningriiki, ostes selle online siit! Hankige oma skaneeritud Thunderball pilet meie seadusliku teenuse kaudu","breadcrumb":{"@id":"https:\/\/jackpotlotteryonline.com\/et\/kuidas-osta-loteriipileteid-internetis\/thunderball\/#breadcrumb"},"inLanguage":"et","potentialAction":[{"@type":"ReadAction","target":["https:\/\/jackpotlotteryonline.com\/et\/kuidas-osta-loteriipileteid-internetis\/thunderball\/"]}]},{"@type":"ImageObject","inLanguage":"et","@id":"https:\/\/jackpotlotteryonline.com\/et\/kuidas-osta-loteriipileteid-internetis\/thunderball\/#primaryimage","url":"https:\/\/jackpotlotteryonline.com\/wp-content\/uploads\/2022\/11\/1_you_win_jackpot-300x300.jpg","contentUrl":"https:\/\/jackpotlotteryonline.com\/wp-content\/uploads\/2022\/11\/1_you_win_jackpot-300x300.jpg"},{"@type":"BreadcrumbList","@id":"https:\/\/jackpotlotteryonline.com\/et\/kuidas-osta-loteriipileteid-internetis\/thunderball\/#breadcrumb","itemListElement":[{"@type":"ListItem","position":1,"name":"Home","item":"https:\/\/jackpotlotteryonline.com\/et\/"},{"@type":"ListItem","position":2,"name":"Kuidas osta loteriipileteid internetis","item":"https:\/\/jackpotlotteryonline.com\/et\/kuidas-osta-loteriipileteid-internetis\/"},{"@type":"ListItem","position":3,"name":"Osta Thunderballi pileteid"}]},{"@type":"WebSite","@id":"https:\/\/jackpotlotteryonline.com\/#website","url":"https:\/\/jackpotlotteryonline.com\/","name":"Lotto Online - Crack The International Lottery Jackpots","description":"","potentialAction":[{"@type":"SearchAction","target":{"@type":"EntryPoint","urlTemplate":"https:\/\/jackpotlotteryonline.com\/?s={search_term_string}"},"query-input":"required name=search_term_string"}],"inLanguage":"et"}]}},"_links":{"self":[{"href":"https:\/\/jackpotlotteryonline.com\/et\/wp-json\/wp\/v2\/pages\/37091","targetHints":{"allow":["GET"]}}],"collection":[{"href":"https:\/\/jackpotlotteryonline.com\/et\/wp-json\/wp\/v2\/pages"}],"about":[{"href":"https:\/\/jackpotlotteryonline.com\/et\/wp-json\/wp\/v2\/types\/page"}],"author":[{"embeddable":true,"href":"https:\/\/jackpotlotteryonline.com\/et\/wp-json\/wp\/v2\/users\/1"}],"replies":[{"embeddable":true,"href":"https:\/\/jackpotlotteryonline.com\/et\/wp-json\/wp\/v2\/comments?post=37091"}],"version-history":[{"count":0,"href":"https:\/\/jackpotlotteryonline.com\/et\/wp-json\/wp\/v2\/pages\/37091\/revisions"}],"up":[{"embeddable":true,"href":"https:\/\/jackpotlotteryonline.com\/et\/wp-json\/wp\/v2\/pages\/35747"}],"wp:attachment":[{"href":"https:\/\/jackpotlotteryonline.com\/et\/wp-json\/wp\/v2\/media?parent=37091"}],"curies":[{"name":"wp","href":"https:\/\/api.w.org\/{rel}","templated":true}]}}