{"id":37146,"date":"2022-11-10T11:40:00","date_gmt":"2022-11-10T11:40:00","guid":{"rendered":"https:\/\/jackpotlotteryonline.com\/?page_id=37146"},"modified":"2022-12-24T14:41:53","modified_gmt":"2022-12-24T14:41:53","slug":"powerball-australia","status":"publish","type":"page","link":"https:\/\/jackpotlotteryonline.com\/et\/kuidas-osta-loteriipileteid-internetis\/powerball-australia\/","title":{"rendered":"Osta Powerball Austraalia pileteid"},"content":{"rendered":"<p>Kui sa m\u00f5tled sellele loteriile, siis tuleb sulle esimesena meelde USA loterii, mitte aga Austraalia versioon. Seda h\u00e4mmastavat loteriid armastavad Aussie lotoentusiastid. Powerball Austraalia on kiiresti muutumas \u00fcheks populaarseks rahvusvaheliseks loteriiks, kuna m\u00e4ngijad \u00fcle maailma tunnustavad selle potentsiaali.<\/p>\n<p>Garanteeritud minimaalne jackpot on 3 miljonit dollarit, kuid kui p\u00e4rast loosimist ei ole v\u00f5itjat, l\u00e4heb see summa \u00fcle. See v\u00f5ib mitu korda edasi veereda, kuni see muutub \u00fcsna suureks. Rekordiline jackpoti summa 160 miljonit dollarit v\u00f5ideti 2022. aasta oktoobris \u00fche piletiga.<\/p>\n<p>Kui soovite laiendada oma haaret loteriim\u00e4ngijana, siis peaksite kaaluma Powerball Austraalia. See on l\u00f5bus, meeleolukas ja annab m\u00e4ngijatele v\u00f5imaluse v\u00f5ita suuri v\u00f5ite ilma USA versiooni hullumeelsete koefitsientideta. Lisaks ei ole oluline, kus sa elad, sest sa saad <a href=\"https:\/\/jackpotlotteryonline.com\/et\/kuidas-mangida\/powerball-australia\">m\u00e4ngida internetis aadressil jackpotlotteryonline.com.<\/a><\/p>\n<h2>Kuidas Powerball Austraalia t\u00f6\u00f6tab?<\/h2>\n<p><img loading=\"lazy\" decoding=\"async\" class=\"size-full wp-image-31181 alignright\" src=\"http:\/\/jackpotlotteryonline.com\/wp-content\/uploads\/2022\/11\/logo_powerball-300x50-1.jpg\" alt=\"Powerball Austraalia\" width=\"300\" height=\"50\" \/><\/p>\n<p>Selles loteriis on pallid kahe erineva numbrikomplektiga kahes erinevas t\u00fcnnis. Kuulid loositakse juhuslikult m\u00f5lemast t\u00fcnnist ja iga sissekanne, mis vastab loositud numbritele, v\u00f5idab. Esimeses t\u00fcnnis on 35 palli ja m\u00e4ngijad peavad valima 7 numbrit sellest vahemikust. Teises t\u00fcnnis on 20 numbrit ja m\u00e4ngijad valivad \u00fche numbri selles vahemikus.<\/p>\n<p>\u00dchel sisestusliinil on 8 numbrit ja piletil v\u00f5ib olla rohkem kui \u00fcks sisestusliin. Tegelikult on soovitatav sisestada mitu rida, et suurendada v\u00f5iduv\u00f5imalusi. T\u00f5en\u00e4osus v\u00f5ita jackpot on 1:1:134 490 400.<\/p>\n<p>Jah, t\u00f5en\u00e4osus on \u00fcsna suur, kuid nii toimibki loterii. See on numbrite m\u00e4ng ja palju on seotud \u00f5nnega. Ei ole teada, millal \u00f5nn otsustab m\u00e4ngija kasuks. Pealegi on see l\u00f5bus hobi, kui te j\u00e4\u00e4te selle juurde, mida saate endale lubada.<\/p>\n<h2>Kas saate suurendada oma v\u00f5iduv\u00f5imalusi?<\/h2>\n<p>Huvitaval kombel saab suurendada oma v\u00f5imalusi jackpoti v\u00f5itmiseks. Garanteeritud meetodit ei ole, kuigi enamik v\u00f5itjaid tunnistab, et nad m\u00e4ngisid mitu korda, enne kui midagi v\u00f5itsid. Selles peitubki saladus.<\/p>\n<p>Meie teada on viis, kuidas v\u00f5iduv\u00f5imalusi enda kasuks kallutada, osta rohkem osalemisi. See t\u00e4hendab mitut sisenemisliini ja mitut loosimist. Loterii korraldab kord n\u00e4dalas neljap\u00e4eviti loosimisi. Kui ostate piletid meie veebisaidilt, saate loosimistele siseneda mitu n\u00e4dalat ette.<\/p>\n<p>Teine v\u00f5imalus on liituda loteriis\u00fcndikaadiga. S\u00fcndikaadiga liitumise eelis on see, et teie raha l\u00e4heb palju kaugemale kui siis, kui m\u00e4ngite \u00fcksi. Loomulikult, kui pilet v\u00f5idab, jagavad k\u00f5ik s\u00fcndikaadi liikmed v\u00f5idu.<\/p>\n<section class=\"layout\" style=\"border: solid 1px; width: 100%;\">\n<div class=\"img-div\" style=\"margin-top: 5px;\"><img decoding=\"async\" class=\"wp-image-17212 alignleft\" style=\"height: 45px; margin: 8px 8px 0px;\" src=\"http:\/\/jackpotlotteryonline.com\/wp-content\/uploads\/2022\/11\/read1.jpg\" alt=\"loe\" width=\"\" height=\"\" \/><\/div>\n<div style=\"padding-left: 5px;\">\n<div style=\"font-size: 1.1em;\">\n<p><strong>Valige v\u00f5itnud loto numbrid k\u00e4sitsi v\u00f5i kasutades RNG-d.<\/strong><\/p>\n<p style=\"font-size: 0.85em; margin-top: -1.5em;\">Kuidas genereerida v\u00f5itnud loto numbreid? <a href=\"https:\/\/jackpotlotteryonline.com\/et\/kuidas-genereerida-voitnud-loto-numbrid\">loe edasi<\/a><\/p>\n<\/div>\n<\/div>\n<\/section>\n<h2>Kuidas m\u00e4ngida Aussie loteriid internetis<\/h2>\n<p><img loading=\"lazy\" decoding=\"async\" class=\"alignright size-medium wp-image-34538\" src=\"http:\/\/jackpotlotteryonline.com\/wp-content\/uploads\/2022\/11\/2_ticket_powerball_au-157x300.jpg\" alt=\"Austraalia loteriipilet\" width=\"157\" height=\"300\" srcset=\"https:\/\/jackpotlotteryonline.com\/wp-content\/uploads\/2022\/11\/2_ticket_powerball_au-157x300.jpg 157w, https:\/\/jackpotlotteryonline.com\/wp-content\/uploads\/2022\/11\/2_ticket_powerball_au.jpg 250w\" sizes=\"auto, (max-width: 157px) 100vw, 157px\" \/><\/p>\n<p>Internetis loteriis m\u00e4ngimine on lihtne ja seda saab teha, kus iganes sa ka poleks. Kui k\u00fclastate meid aadressil jackpotlotteryonline.com, saate h\u00f5lpsasti osta osalemisi rahvusvahelistes tipploteriides, sealhulgas Aussie loteriides. Osav\u00f5tu ostmiseks valige lihtsalt oma numbrid ja sisenege loosimisele. Kui te ei ole kindel, milliseid numbreid kasutada, kasutage meie kiirvaliku t\u00f6\u00f6riista, et genereerida juhuslikke numbreid.<\/p>\n<p>Kui j\u00f5uate maksmise lehele, palume teil registreeruda. Seda selleks, et teie sedel j\u00e4\u00e4ks turvaliselt teie kontole. Saate oma loteriim\u00e4ngud ka autopiloodile seada, et teid automaatselt teie valitud loosimistel osalema panna. Kui v\u00f5idate auhinna, teavitame teid sellest kohe ja seej\u00e4rel saate auhinna meie platvormilt v\u00e4lja v\u00f5tta.<\/p>\n<p>Me teeme k\u00f5vasti t\u00f6\u00f6d, et lihtsustada teie jaoks loteriikogemust, et saaksite l\u00f5\u00f5gastuda ja keskenduda m\u00f5nusale ajaveetmisele.<\/p>\n<h2>Auhindade jaotused<\/h2>\n<p>Selles Aussie loteriis on 9 auhinnajagamist ja m\u00e4ngijad ei pea auhinna v\u00f5itmiseks vastama k\u00f5igile 8 loositud numbrile. Kuigi jackpoti auhind algab 3 miljonist dollarist, v\u00f5ib see mitu korda edasi veereda, kuni see on palju suurem auhind.<\/p>\n<p>Pange t\u00e4hele, et jackpoti suurusel ei ole piirangut, kuid see saab siiski ainult 25 korda \u00fcmber veereda, enne kui see j\u00f5uab tagasi 3 miljoni dollarini.<\/p>\n<p>Madalamate jaotuste auhinnad on protsentuaalne osa auhinnafondist. Jagame teile ettekujutuse andmiseks keskmist v\u00e4ljamakseid. See ei ole garanteeritud v\u00e4ljamakse iga loosimise puhul, kuna summad v\u00f5ivad erineda.<\/p>\n<p>7 p\u00f5hinumbrit + erinumber &#8211; 23 043 155,47 $ (keskmine v\u00e4ljamakse)<br \/>\nAinult 7 numbrit &#8211; $126,484.05<br \/>\n6 numbrit + erinumber &#8211; 5 326,97 $<br \/>\nAinult 6 numbrit &#8211; $454,35<br \/>\n5 numbrit + erinumber &#8211; $158,34<br \/>\n4 numbrit + erinumber &#8211; $70,85<br \/>\nAinult 5 numbrit &#8211; 42,23 $<br \/>\n3 numbrit + erinumber &#8211; $17.57<br \/>\n2 numbrit + erinumber &#8211; 10,71 $<\/p>\n<h2>Kuidas kontrollida tulemusi<\/h2>\n<p>Tulemused avaldatakse meie veebilehel p\u00e4rast iga loosimist. Loosimised toimuvad igal neljap\u00e4eval kell 19:25 AEST.<\/p>\n<p>M\u00f5istame, et m\u00f5nikord juhtub elus ja te ei pruugi olla v\u00f5imeline kohe <a href=\"https:\/\/jackpotlotteryonline.com\/et\/winning-numbers\/powerball-australia\">loosimise tulemusi kontrollima<\/a>. Seega, kui sa v\u00f5idad m\u00f5ne auhinna, siis me mitte ainult ei teavita sind oma konto kaudu, vaid saadame sulle ka e-kirja. Nii ei pea te oma auhinna k\u00e4ttesaamisest ilma j\u00e4\u00e4ma.<\/p>\n<h2>Registreeru meiega, et osta Powerball Austraalia pileteid online<\/h2>\n<p>Kas olete p\u00f5nevil selle loterii m\u00e4ngimise v\u00e4ljavaate p\u00e4rast? Noh, meie ka ja meil on hea meel tuua see teie l\u00e4hedal asuvasse mobiilseadmesse. Kui teil on interneti\u00fchendus, saate osta osav\u00f5tu Austraalia loteriist.<\/p>\n<p>Loterii on l\u00f5bus m\u00e4ng ja igal pool on lugusid loteriiv\u00f5itjatest. Sa v\u00f5id olla j\u00e4rgmine v\u00f5itja, kuid sa ei saa seda teada, kui sa ei osale loosimises. Oleme protsessi lihtsustanud, et see oleks teie jaoks stressivaba. Sa ei pea meie lehelt lahkuma, et t\u00e4ita \u00fchtegi loteriiga seotud \u00fclesannet. Nii lihtne on see.<\/p>\n<p>\u00dcksk\u00f5ik, kus sa ka poleks maailmas, saad osta osav\u00f5tu suurimasse Aussie loteriisse just siin meie saidil. Registreeru meiega juba t\u00e4na.<\/p>\n","protected":false},"excerpt":{"rendered":"<p>Kui sa m\u00f5tled sellele loteriile, siis tuleb sulle esimesena meelde USA loterii, mitte aga Austraalia versioon. Seda h\u00e4mmastavat loteriid armastavad Aussie lotoentusiastid. Powerball Austraalia on kiiresti muutumas \u00fcheks populaarseks rahvusvaheliseks loteriiks, kuna m\u00e4ngijad \u00fcle maailma tunnustavad selle potentsiaali. Garanteeritud minimaalne jackpot on 3 miljonit dollarit, kuid kui p\u00e4rast loosimist ei ole v\u00f5itjat, l\u00e4heb see summa [&hellip;]<\/p>\n","protected":false},"author":1,"featured_media":0,"parent":35747,"menu_order":17,"comment_status":"closed","ping_status":"closed","template":"powerball-au-info.php","meta":{"_et_pb_use_builder":"","_et_pb_old_content":"","_et_gb_content_width":"","exclude_from_search":false,"footnotes":""},"class_list":["post-37146","page","type-page","status-publish","hentry"],"yoast_head":"<!-- This site is optimized with the Yoast SEO plugin v23.3 - https:\/\/yoast.com\/wordpress\/plugins\/seo\/ -->\n<title>Osta Powerball Austraalia pileteid v\u00e4ljastpoolt Austraaliat<\/title>\n<meta name=\"description\" content=\"Powerballi loterii Austraalia versioon - saate osaleda, kui lihtsalt ostate pileti online siinsamas meie kodulehel\" \/>\n<meta name=\"robots\" content=\"index, follow, max-snippet:-1, max-image-preview:large, max-video-preview:-1\" \/>\n<link rel=\"canonical\" href=\"https:\/\/jackpotlotteryonline.com\/et\/kuidas-osta-loteriipileteid-internetis\/powerball-australia\/\" \/>\n<meta property=\"og:locale\" content=\"et_EE\" \/>\n<meta property=\"og:type\" content=\"article\" \/>\n<meta property=\"og:title\" content=\"Osta Powerball Austraalia pileteid v\u00e4ljastpoolt Austraaliat\" \/>\n<meta property=\"og:description\" content=\"Powerballi loterii Austraalia versioon - saate osaleda, kui lihtsalt ostate pileti online siinsamas meie kodulehel\" \/>\n<meta property=\"og:url\" content=\"https:\/\/jackpotlotteryonline.com\/et\/kuidas-osta-loteriipileteid-internetis\/powerball-australia\/\" \/>\n<meta property=\"og:site_name\" content=\"Lotto Online - Crack The International Lottery Jackpots\" \/>\n<meta property=\"article:modified_time\" content=\"2022-12-24T14:41:53+00:00\" \/>\n<meta property=\"og:image\" content=\"http:\/\/jackpotlotteryonline.com\/wp-content\/uploads\/2022\/11\/logo_powerball-300x50-1.jpg\" \/>\n<meta name=\"twitter:card\" content=\"summary_large_image\" \/>\n<meta name=\"twitter:label1\" content=\"Est. reading time\" \/>\n\t<meta name=\"twitter:data1\" content=\"5 minutit\" \/>\n<!-- \/ Yoast SEO plugin. -->","yoast_head_json":{"title":"Osta Powerball Austraalia pileteid v\u00e4ljastpoolt Austraaliat","description":"Powerballi loterii Austraalia versioon - saate osaleda, kui lihtsalt ostate pileti online siinsamas meie kodulehel","robots":{"index":"index","follow":"follow","max-snippet":"max-snippet:-1","max-image-preview":"max-image-preview:large","max-video-preview":"max-video-preview:-1"},"canonical":"https:\/\/jackpotlotteryonline.com\/et\/kuidas-osta-loteriipileteid-internetis\/powerball-australia\/","og_locale":"et_EE","og_type":"article","og_title":"Osta Powerball Austraalia pileteid v\u00e4ljastpoolt Austraaliat","og_description":"Powerballi loterii Austraalia versioon - saate osaleda, kui lihtsalt ostate pileti online siinsamas meie kodulehel","og_url":"https:\/\/jackpotlotteryonline.com\/et\/kuidas-osta-loteriipileteid-internetis\/powerball-australia\/","og_site_name":"Lotto Online - Crack The International Lottery Jackpots","article_modified_time":"2022-12-24T14:41:53+00:00","og_image":[{"url":"http:\/\/jackpotlotteryonline.com\/wp-content\/uploads\/2022\/11\/logo_powerball-300x50-1.jpg"}],"twitter_card":"summary_large_image","twitter_misc":{"Est. reading time":"5 minutit"},"schema":{"@context":"https:\/\/schema.org","@graph":[{"@type":"WebPage","@id":"https:\/\/jackpotlotteryonline.com\/et\/kuidas-osta-loteriipileteid-internetis\/powerball-australia\/","url":"https:\/\/jackpotlotteryonline.com\/et\/kuidas-osta-loteriipileteid-internetis\/powerball-australia\/","name":"Osta Powerball Austraalia pileteid v\u00e4ljastpoolt Austraaliat","isPartOf":{"@id":"https:\/\/jackpotlotteryonline.com\/#website"},"primaryImageOfPage":{"@id":"https:\/\/jackpotlotteryonline.com\/et\/kuidas-osta-loteriipileteid-internetis\/powerball-australia\/#primaryimage"},"image":{"@id":"https:\/\/jackpotlotteryonline.com\/et\/kuidas-osta-loteriipileteid-internetis\/powerball-australia\/#primaryimage"},"thumbnailUrl":"http:\/\/jackpotlotteryonline.com\/wp-content\/uploads\/2022\/11\/logo_powerball-300x50-1.jpg","datePublished":"2022-11-10T11:40:00+00:00","dateModified":"2022-12-24T14:41:53+00:00","description":"Powerballi loterii Austraalia versioon - saate osaleda, kui lihtsalt ostate pileti online siinsamas meie kodulehel","breadcrumb":{"@id":"https:\/\/jackpotlotteryonline.com\/et\/kuidas-osta-loteriipileteid-internetis\/powerball-australia\/#breadcrumb"},"inLanguage":"et","potentialAction":[{"@type":"ReadAction","target":["https:\/\/jackpotlotteryonline.com\/et\/kuidas-osta-loteriipileteid-internetis\/powerball-australia\/"]}]},{"@type":"ImageObject","inLanguage":"et","@id":"https:\/\/jackpotlotteryonline.com\/et\/kuidas-osta-loteriipileteid-internetis\/powerball-australia\/#primaryimage","url":"http:\/\/jackpotlotteryonline.com\/wp-content\/uploads\/2022\/11\/logo_powerball-300x50-1.jpg","contentUrl":"http:\/\/jackpotlotteryonline.com\/wp-content\/uploads\/2022\/11\/logo_powerball-300x50-1.jpg"},{"@type":"BreadcrumbList","@id":"https:\/\/jackpotlotteryonline.com\/et\/kuidas-osta-loteriipileteid-internetis\/powerball-australia\/#breadcrumb","itemListElement":[{"@type":"ListItem","position":1,"name":"Home","item":"https:\/\/jackpotlotteryonline.com\/et\/"},{"@type":"ListItem","position":2,"name":"Kuidas osta loteriipileteid internetis","item":"https:\/\/jackpotlotteryonline.com\/et\/kuidas-osta-loteriipileteid-internetis\/"},{"@type":"ListItem","position":3,"name":"Osta Powerball Austraalia pileteid"}]},{"@type":"WebSite","@id":"https:\/\/jackpotlotteryonline.com\/#website","url":"https:\/\/jackpotlotteryonline.com\/","name":"Lotto Online - Crack The International Lottery Jackpots","description":"","potentialAction":[{"@type":"SearchAction","target":{"@type":"EntryPoint","urlTemplate":"https:\/\/jackpotlotteryonline.com\/?s={search_term_string}"},"query-input":"required name=search_term_string"}],"inLanguage":"et"}]}},"_links":{"self":[{"href":"https:\/\/jackpotlotteryonline.com\/et\/wp-json\/wp\/v2\/pages\/37146","targetHints":{"allow":["GET"]}}],"collection":[{"href":"https:\/\/jackpotlotteryonline.com\/et\/wp-json\/wp\/v2\/pages"}],"about":[{"href":"https:\/\/jackpotlotteryonline.com\/et\/wp-json\/wp\/v2\/types\/page"}],"author":[{"embeddable":true,"href":"https:\/\/jackpotlotteryonline.com\/et\/wp-json\/wp\/v2\/users\/1"}],"replies":[{"embeddable":true,"href":"https:\/\/jackpotlotteryonline.com\/et\/wp-json\/wp\/v2\/comments?post=37146"}],"version-history":[{"count":0,"href":"https:\/\/jackpotlotteryonline.com\/et\/wp-json\/wp\/v2\/pages\/37146\/revisions"}],"up":[{"embeddable":true,"href":"https:\/\/jackpotlotteryonline.com\/et\/wp-json\/wp\/v2\/pages\/35747"}],"wp:attachment":[{"href":"https:\/\/jackpotlotteryonline.com\/et\/wp-json\/wp\/v2\/media?parent=37146"}],"curies":[{"name":"wp","href":"https:\/\/api.w.org\/{rel}","templated":true}]}}