{"id":37199,"date":"2022-11-11T06:07:36","date_gmt":"2022-11-11T06:07:36","guid":{"rendered":"https:\/\/jackpotlotteryonline.com\/?page_id=37199"},"modified":"2022-12-24T10:10:43","modified_gmt":"2022-12-24T10:10:43","slug":"oz-lotto","status":"publish","type":"page","link":"https:\/\/jackpotlotteryonline.com\/et\/kuidas-osta-loteriipileteid-internetis\/oz-lotto\/","title":{"rendered":"Osta Oz Lotto pileteid"},"content":{"rendered":"<p>Oz Lotto on esimene Austraalia riiklik loterii. See algas 1994. aastal ja on muutunud populaarseks m\u00e4ngijate seas k\u00f5ikjal t\u00e4nu suurejoonelisele jackpoti auhinnale. M\u00e4ngijaid k\u00f6idab rohkem kui ainult suur jackpot.<\/p>\n<p>Erinevatel loteriidel on oma reeglid ja meetodid, kuid \u00fcks \u00fchine asi on see, et koefitsiendid ei ole alati soodsad. Selle Austraalia loterii puhul see aga nii ei ole. Kui otsite loteriid, millel on uskumatud koefitsiendid, siis m\u00e4ngige seda Oz&#8217;i loteriid.<\/p>\n<p>\u00dcldiselt on loteriid avatud selle riigi elanikele, kus loterii asub. Seega on see loto avatud neile, kes elavad Austraalias. Loteriis osalemiseks ei pea olema kodanik. Kui aga elate v\u00e4ljaspool riiki, peate ostma oma loteriipiletid internetis.<\/p>\n<h2>Kuidas osta Oz Lotto pileteid kogu maailmas<\/h2>\n<p><img loading=\"lazy\" decoding=\"async\" class=\"alignright size-full wp-image-31532\" src=\"https:\/\/jackpotlotteryonline.com\/wp-content\/uploads\/2022\/11\/lottoballs.jpg\" alt=\"Oz Lottery\" width=\"245\" height=\"123\" \/><\/p>\n<p>K\u00f5ige mugavam ja lihtsam viis Oz Lottery&#8217;sse p\u00e4\u00e4seda v\u00e4ljastpoolt Austraaliat on interneti kaudu. On olemas online-loterii m\u00fc\u00fcjad, mis annavad m\u00e4ngijatele juurdep\u00e4\u00e4su rahvusvahelistele tipplotodele. Need saidid pakuvad m\u00e4ngijatele \u00fcle maailma seaduslikku v\u00f5imalust proovida oma k\u00e4tt miljonite v\u00f5itmisel.<\/p>\n<p>Internet pakub peaaegu l\u00f5pmatute v\u00f5imaluste maailma ja mitte k\u00f5ik ei ole positiivsed. Iga juhusliku loteriisaidi otsimine v\u00f5ib kaasa tuua ebameeldivaid kogemusi. Seep\u00e4rast on alati hea m\u00f5te otsida usaldusv\u00e4\u00e4rseid saite, millel on m\u00e4ngijate jaoks kogemusi. Allpool jagame n\u00f5uandeid, mis aitavad teil valida \u00f5ige loteriim\u00fc\u00fcja internetis.<\/p>\n<h2>N\u00e4pun\u00e4iteid \u00f5ige loterii saidi kasutamiseks<\/h2>\n<p>Kasutage ainult seadusega registreeritud m\u00fc\u00fcjaid. Seaduslikul loteriim\u00fc\u00fcjal oleks tegevusluba ja registreeritud kontor. Need andmed peaksid olema veebilehel autentsuse tagamiseks esitatud.<\/p>\n<p>Veenduge, et neil on suur valik rahvusvahelisi loteriisid. Ei ole m\u00f5tet registreeruda veebilehel, kus kuvatakse vaid k\u00e4put\u00e4is loteriisid. <a href=\"https:\/\/jackpotlotteryonline.com\/et\/kuidas-mangida\/oz-lotto\">Internetis loteriim\u00e4ngu<\/a> peamine olemus on k\u00e4ttesaadavus ja mugavus. Mis on mugavam kui v\u00f5imalus osaleda mitmetes rahvusvahelistes loteriides k\u00f5ik \u00fchest veebip\u00f5hisest kohast?<\/p>\n<p>Kui soovite loteriisse siseneda, kasutage concierge&#8217;i saiti. See viimane n\u00f5uanne on v\u00e4ga oluline, sest saate oma raha \u00e4ra jagada, ilma et tegelikult loteriis osaleksite. Seda seet\u00f5ttu, et m\u00f5ned loteriisaidid v\u00f5imaldavad m\u00e4ngijatel tulemusele panustada. Nii et isegi kui teie numbrid langevad kokku, on teil \u00f5igus saada ainult osa jackpotist, sest te ei osalenud loteriis.<\/p>\n<section class=\"layout\" style=\"border: solid 1px; width: 100%;\">\n<div class=\"img-div\" style=\"margin-top: 5px;\"><img decoding=\"async\" class=\"wp-image-17212 alignleft\" style=\"height: 45px; margin: 8px 8px 0px;\" src=\"https:\/\/jackpotlotteryonline.com\/wp-content\/uploads\/2022\/11\/read1.jpg\" alt=\"loe\" width=\"\" height=\"\" \/><\/div>\n<div style=\"padding-left: 5px;\">\n<div style=\"font-size: 1.1em;\">\n<p><strong>Loteriipettused, millest peaksite teadlik olema<\/strong><\/p>\n<p style=\"font-size: 0.85em; margin-top: -1.5em;\">\u00c4rge langege nendesse loterii l\u00f5ksudesse\u00a0 <a href=\"https:\/\/jackpotlotteryonline.com\/et\/ettevaatust-online-loterii-petuskeemid\">loe edasi<\/a><\/p>\n<\/div>\n<\/div>\n<\/section>\n<h2>Registreeru meiega, et osaleda online loteriis<\/h2>\n<p><img loading=\"lazy\" decoding=\"async\" class=\"size-medium wp-image-34403 alignright\" src=\"https:\/\/jackpotlotteryonline.com\/wp-content\/uploads\/2022\/11\/2_ticket_oz_lotto2-179x300.jpg\" alt=\"Oz Lotto piletid\" width=\"179\" height=\"300\" srcset=\"https:\/\/jackpotlotteryonline.com\/wp-content\/uploads\/2022\/11\/2_ticket_oz_lotto2-179x300.jpg 179w, https:\/\/jackpotlotteryonline.com\/wp-content\/uploads\/2022\/11\/2_ticket_oz_lotto2.jpg 250w\" sizes=\"auto, (max-width: 179px) 100vw, 179px\" \/><\/p>\n<p>Loteriipiletite ostmine internetis v\u00f5i mobiilirakenduse kaudu on lihtne ja muretut. Kui olete kindlaks teinud, millist m\u00fc\u00fcjat soovite kasutada, k\u00fclastage nende veebisaiti ja valige soovitud loterii. J\u00e4rgmine samm on numbrite valimine. Oz Lotto puhul peate valima k\u00fcmme numbrit vahemikus 1 kuni 47.<\/p>\n<p><a href=\"https:\/\/jackpotlotteryonline.com\/et\/winning-numbers\/oz-lotto\">Sisestage loosimine ja tehke makse<\/a>. Loosimine toimub kord n\u00e4dalas teisip\u00e4eval. Internetis m\u00e4ngimise huvitavus seisneb selles, et saate osta mitu piletit ja sisestada mitu loosimist ette. Samuti, kui te ei ole kindel, millist numbrit valida, saate h\u00f5lpsasti kasutada automaatset numbrivalikut.<\/p>\n<p>Nagu \u00f6eldud, loterii m\u00e4ngimine interneti kaudu on mugav ja stressivaba viis, mis pakub meeldivat kogemust. Olenemata sellest, kas olete kogenud m\u00e4ngija v\u00f5i olete algaja, saate siin imelist reisi nautida. Meie concierge-teenused annavad m\u00e4ngijatele seadusliku v\u00f5imaluse loteriisse sisenemiseks. Kui ostate meilt Oz&#8217;i lotopileti, saate t\u00f5elist asja.<\/p>\n","protected":false},"excerpt":{"rendered":"<p>Oz Lotto on esimene Austraalia riiklik loterii. See algas 1994. aastal ja on muutunud populaarseks m\u00e4ngijate seas k\u00f5ikjal t\u00e4nu suurejoonelisele jackpoti auhinnale. M\u00e4ngijaid k\u00f6idab rohkem kui ainult suur jackpot. Erinevatel loteriidel on oma reeglid ja meetodid, kuid \u00fcks \u00fchine asi on see, et koefitsiendid ei ole alati soodsad. Selle Austraalia loterii puhul see aga nii [&hellip;]<\/p>\n","protected":false},"author":1,"featured_media":0,"parent":35747,"menu_order":16,"comment_status":"closed","ping_status":"closed","template":"","meta":{"_et_pb_use_builder":"","_et_pb_old_content":"","_et_gb_content_width":"","exclude_from_search":false,"footnotes":""},"class_list":["post-37199","page","type-page","status-publish","hentry"],"yoast_head":"<!-- This site is optimized with the Yoast SEO plugin v23.3 - https:\/\/yoast.com\/wordpress\/plugins\/seo\/ -->\n<title>Osta Oz Lotto pileteid v\u00e4ljastpoolt Austraaliat | Oz Lotto piletid internetis<\/title>\n<meta name=\"description\" content=\"OZ Lotto on m\u00e4ngitav teile, kui te ei ela Austraalias, saame teile legaalne pilet selle Aussie loterii online\" \/>\n<meta name=\"robots\" content=\"index, follow, max-snippet:-1, max-image-preview:large, max-video-preview:-1\" \/>\n<link rel=\"canonical\" href=\"https:\/\/jackpotlotteryonline.com\/et\/kuidas-osta-loteriipileteid-internetis\/oz-lotto\/\" \/>\n<meta property=\"og:locale\" content=\"et_EE\" \/>\n<meta property=\"og:type\" content=\"article\" \/>\n<meta property=\"og:title\" content=\"Osta Oz Lotto pileteid v\u00e4ljastpoolt Austraaliat | Oz Lotto piletid internetis\" \/>\n<meta property=\"og:description\" content=\"OZ Lotto on m\u00e4ngitav teile, kui te ei ela Austraalias, saame teile legaalne pilet selle Aussie loterii online\" \/>\n<meta property=\"og:url\" content=\"https:\/\/jackpotlotteryonline.com\/et\/kuidas-osta-loteriipileteid-internetis\/oz-lotto\/\" \/>\n<meta property=\"og:site_name\" content=\"Lotto Online - Crack The International Lottery Jackpots\" \/>\n<meta property=\"article:modified_time\" content=\"2022-12-24T10:10:43+00:00\" \/>\n<meta property=\"og:image\" content=\"https:\/\/jackpotlotteryonline.com\/wp-content\/uploads\/2022\/11\/lottoballs.jpg\" \/>\n<meta name=\"twitter:card\" content=\"summary_large_image\" \/>\n<meta name=\"twitter:label1\" content=\"Est. reading time\" \/>\n\t<meta name=\"twitter:data1\" content=\"3 minutit\" \/>\n<!-- \/ Yoast SEO plugin. -->","yoast_head_json":{"title":"Osta Oz Lotto pileteid v\u00e4ljastpoolt Austraaliat | Oz Lotto piletid internetis","description":"OZ Lotto on m\u00e4ngitav teile, kui te ei ela Austraalias, saame teile legaalne pilet selle Aussie loterii online","robots":{"index":"index","follow":"follow","max-snippet":"max-snippet:-1","max-image-preview":"max-image-preview:large","max-video-preview":"max-video-preview:-1"},"canonical":"https:\/\/jackpotlotteryonline.com\/et\/kuidas-osta-loteriipileteid-internetis\/oz-lotto\/","og_locale":"et_EE","og_type":"article","og_title":"Osta Oz Lotto pileteid v\u00e4ljastpoolt Austraaliat | Oz Lotto piletid internetis","og_description":"OZ Lotto on m\u00e4ngitav teile, kui te ei ela Austraalias, saame teile legaalne pilet selle Aussie loterii online","og_url":"https:\/\/jackpotlotteryonline.com\/et\/kuidas-osta-loteriipileteid-internetis\/oz-lotto\/","og_site_name":"Lotto Online - Crack The International Lottery Jackpots","article_modified_time":"2022-12-24T10:10:43+00:00","og_image":[{"url":"https:\/\/jackpotlotteryonline.com\/wp-content\/uploads\/2022\/11\/lottoballs.jpg"}],"twitter_card":"summary_large_image","twitter_misc":{"Est. reading time":"3 minutit"},"schema":{"@context":"https:\/\/schema.org","@graph":[{"@type":"WebPage","@id":"https:\/\/jackpotlotteryonline.com\/et\/kuidas-osta-loteriipileteid-internetis\/oz-lotto\/","url":"https:\/\/jackpotlotteryonline.com\/et\/kuidas-osta-loteriipileteid-internetis\/oz-lotto\/","name":"Osta Oz Lotto pileteid v\u00e4ljastpoolt Austraaliat | Oz Lotto piletid internetis","isPartOf":{"@id":"https:\/\/jackpotlotteryonline.com\/#website"},"primaryImageOfPage":{"@id":"https:\/\/jackpotlotteryonline.com\/et\/kuidas-osta-loteriipileteid-internetis\/oz-lotto\/#primaryimage"},"image":{"@id":"https:\/\/jackpotlotteryonline.com\/et\/kuidas-osta-loteriipileteid-internetis\/oz-lotto\/#primaryimage"},"thumbnailUrl":"https:\/\/jackpotlotteryonline.com\/wp-content\/uploads\/2022\/11\/lottoballs.jpg","datePublished":"2022-11-11T06:07:36+00:00","dateModified":"2022-12-24T10:10:43+00:00","description":"OZ Lotto on m\u00e4ngitav teile, kui te ei ela Austraalias, saame teile legaalne pilet selle Aussie loterii online","breadcrumb":{"@id":"https:\/\/jackpotlotteryonline.com\/et\/kuidas-osta-loteriipileteid-internetis\/oz-lotto\/#breadcrumb"},"inLanguage":"et","potentialAction":[{"@type":"ReadAction","target":["https:\/\/jackpotlotteryonline.com\/et\/kuidas-osta-loteriipileteid-internetis\/oz-lotto\/"]}]},{"@type":"ImageObject","inLanguage":"et","@id":"https:\/\/jackpotlotteryonline.com\/et\/kuidas-osta-loteriipileteid-internetis\/oz-lotto\/#primaryimage","url":"https:\/\/jackpotlotteryonline.com\/wp-content\/uploads\/2022\/11\/lottoballs.jpg","contentUrl":"https:\/\/jackpotlotteryonline.com\/wp-content\/uploads\/2022\/11\/lottoballs.jpg"},{"@type":"BreadcrumbList","@id":"https:\/\/jackpotlotteryonline.com\/et\/kuidas-osta-loteriipileteid-internetis\/oz-lotto\/#breadcrumb","itemListElement":[{"@type":"ListItem","position":1,"name":"Home","item":"https:\/\/jackpotlotteryonline.com\/et\/"},{"@type":"ListItem","position":2,"name":"Kuidas osta loteriipileteid internetis","item":"https:\/\/jackpotlotteryonline.com\/et\/kuidas-osta-loteriipileteid-internetis\/"},{"@type":"ListItem","position":3,"name":"Osta Oz Lotto pileteid"}]},{"@type":"WebSite","@id":"https:\/\/jackpotlotteryonline.com\/#website","url":"https:\/\/jackpotlotteryonline.com\/","name":"Lotto Online - Crack The International Lottery Jackpots","description":"","potentialAction":[{"@type":"SearchAction","target":{"@type":"EntryPoint","urlTemplate":"https:\/\/jackpotlotteryonline.com\/?s={search_term_string}"},"query-input":"required name=search_term_string"}],"inLanguage":"et"}]}},"_links":{"self":[{"href":"https:\/\/jackpotlotteryonline.com\/et\/wp-json\/wp\/v2\/pages\/37199","targetHints":{"allow":["GET"]}}],"collection":[{"href":"https:\/\/jackpotlotteryonline.com\/et\/wp-json\/wp\/v2\/pages"}],"about":[{"href":"https:\/\/jackpotlotteryonline.com\/et\/wp-json\/wp\/v2\/types\/page"}],"author":[{"embeddable":true,"href":"https:\/\/jackpotlotteryonline.com\/et\/wp-json\/wp\/v2\/users\/1"}],"replies":[{"embeddable":true,"href":"https:\/\/jackpotlotteryonline.com\/et\/wp-json\/wp\/v2\/comments?post=37199"}],"version-history":[{"count":0,"href":"https:\/\/jackpotlotteryonline.com\/et\/wp-json\/wp\/v2\/pages\/37199\/revisions"}],"up":[{"embeddable":true,"href":"https:\/\/jackpotlotteryonline.com\/et\/wp-json\/wp\/v2\/pages\/35747"}],"wp:attachment":[{"href":"https:\/\/jackpotlotteryonline.com\/et\/wp-json\/wp\/v2\/media?parent=37199"}],"curies":[{"name":"wp","href":"https:\/\/api.w.org\/{rel}","templated":true}]}}