{"id":37257,"date":"2022-11-11T07:56:31","date_gmt":"2022-11-11T07:56:31","guid":{"rendered":"https:\/\/jackpotlotteryonline.com\/?page_id=37257"},"modified":"2022-12-24T19:50:39","modified_gmt":"2022-12-24T19:50:39","slug":"saturday-lotto","status":"publish","type":"page","link":"https:\/\/jackpotlotteryonline.com\/et\/kuidas-osta-loteriipileteid-internetis\/saturday-lotto\/","title":{"rendered":"Osta pileteid laup\u00e4eval Lotto Austraalia"},"content":{"rendered":"<p>Austraalias on palju loteriid nagu kolmap\u00e4evane Lotto, Powerball ja laup\u00e4evane Lotto Austraalia. Laup\u00e4evane loterii on m\u00e4ngijate seas populaarne ja annab inimestele iga n\u00e4dal midagi, mida oodata. Kui see loterii esimest korda algas, said selles osaleda ainult Oz&#8217;i m\u00e4ngijad. \u00d5nneks saavad n\u00fc\u00fcd m\u00e4ngijad \u00fcle kogu maailma osaleda laup\u00e4evaloosis.<\/p>\n<p>Niisiis, kuidas osta pileteid laup\u00e4evase loto jaoks v\u00e4ljastpoolt riiki? Miks mitte j\u00e4tkata lugemist, et teada saada? Me juhatame teid l\u00e4bi protsessi ja vastame teie k\u00fcsimustele. Neile, kes ei ole selle loteriiga tuttavad, v\u00f5tame ka veidi aega, et sellest r\u00e4\u00e4kida. Loodetavasti olete lugemise l\u00f5ppedes innukas ostma pileteid sellele loteriile.<\/p>\n<h2>Mis on laup\u00e4ev Lotto Austraalia<\/h2>\n<p>See on loterii, mis v\u00f5eti riigis kasutusele 1972. aastal ja millest on n\u00fc\u00fcdseks saanud \u00fcks m\u00e4ngurite lemmikloteriid. Seda tuntakse m\u00f5nel pool riigis Tatts loto, X loto ja Gold loto nime all ning seda korraldab Tatts loteriigrupp.<\/p>\n<p>Sellel loteriil on kuus auhinnaloosi ja neist r\u00e4\u00e4gime veidi aja p\u00e4rast. Laup\u00e4evase loterii algne jackpot on 5 miljonit Austraalia dollarit. H\u00e4mmastav on see, et jackpot&#8217;i v\u00f5itmise t\u00f5en\u00e4osus on t\u00f5esti hea. Erinevalt teistest loteriidest peab m\u00e4ngija jackpoti v\u00f5itmiseks vastama ainult p\u00f5hinumbritele.<\/p>\n<p>On olemas lisanumbrid, kuid neid kasutatakse teiste auhinnajagude v\u00f5itjate m\u00e4\u00e4ramiseks. See \u00fctleb palju, et kuigi loteriid on peaaegu igal n\u00e4dalap\u00e4eval, t\u00f5mbab austraallasi just see. J\u00e4rgnevalt r\u00e4\u00e4gime sellest, kuidas seda loteriid m\u00e4ngida ja erinevatest auhinnajagudest.<\/p>\n<h2>Kuidas m\u00e4ngida laup\u00e4evast loteriid<\/h2>\n<p><img loading=\"lazy\" decoding=\"async\" class=\"alignright size-full wp-image-35132\" src=\"http:\/\/jackpotlotteryonline.com\/wp-content\/uploads\/2022\/11\/2_ticket_saturday_lotto_au2-1-180x300-1.jpg\" alt=\"Laup\u00e4evane loterii pilet\" width=\"180\" height=\"300\" \/><\/p>\n<p><a href=\"https:\/\/jackpotlotteryonline.com\/et\/kuidas-mangida\/saturday-lotto\">Selle loterii m\u00e4ngimiseks<\/a> peab m\u00e4ngija valima 6 p\u00f5hinumbrit vahemikus 1 kuni 45. Seej\u00e4rel 2 lisanumbrit vahemikus 1 kuni 6. T\u00e4iendavaid numbreid ei kasutata jackpot&#8217;i m\u00e4\u00e4ramisel. M\u00e4ngija peab jackpot&#8217;i v\u00f5itmiseks vaid vastama kaheksale loositud numbrile.<\/p>\n<p>Loosimise ajal valitakse 45 palli sisaldavast t\u00fcnnist juhuslikult kuus palli. Numbritel olevad numbrid on v\u00f5idunumbrid ja iga pilet, mis neile vastab, on v\u00f5idupilet. Seej\u00e4rel valitakse veel kaks palli teisest t\u00fcnnist, kus on kuus palli. Need on lisanumbrid, mida kasutatakse teiste auhinnakategooriate m\u00e4\u00e4ramisel.<\/p>\n<p>Nagu nimigi \u00fctleb, toimuvad loosimised igal n\u00e4dalal laup\u00e4eval. Loosimised l\u00f5ppevad laup\u00e4eval kell 19:25 AEST. M\u00e4ngijad, kes soovivad osaleda selle n\u00e4dala loosimises, peavad ostma oma piletid enne sulgemisaega.<\/p>\n<h2>Auhindade jaotused<\/h2>\n<p>Tatts loto on kaheksas auhinnaloosis. Kui ostate pileti sellesse loteriisse, on teil v\u00f5imalus saada \u00fcksk\u00f5ik milline neist auhinnakategooriatest. Iga jaotuse v\u00f5idukombinatsioon on esitatud allpool.<\/p>\n<p>Jaotus 1 (Jackpot) &#8211; 6 p\u00f5hinumbri kokkulangemine<br \/>\n2. jaotis &#8211; 5 p\u00f5hinumbrit + 1 lisanumber<br \/>\n3. osa &#8211; M\u00e4rtsi 5 p\u00f5hinumbrit<br \/>\n4. osa &#8211; 4 p\u00f5hinumbrit, mis tahes 4 p\u00f5hinumbrit.<br \/>\n5. osa &#8211; 3 p\u00f5hinumbrit + 1 lisanumber.<br \/>\n6. osa &#8211; 3 p\u00f5hinumbrit, mis tahes 3 p\u00f5hinumbrit.<\/p>\n<p>Korraldajad on v\u00f5imaldanud m\u00e4ngijatel seda loteriid v\u00f5ita. T\u00f5en\u00e4osused on suurep\u00e4rased ja kuna jackpot on 5 miljonit Austraalia dollarit, siis kas on ime, et m\u00e4ngijad armastavad laup\u00e4evast loteriid? Kui te ei ole seda veel teinud, on praegu hea aeg m\u00f5elda pileti ostmisele.<\/p>\n<h2>Eelmised v\u00f5itjad<\/h2>\n<p>Enne kui me jagame teiega, kuidas osta pileteid sellele loteriile v\u00e4ljaspool Oz&#8217;i, v\u00f5iks olla hea m\u00f5te r\u00e4\u00e4kida eelmistest v\u00f5itjatest. Aastate jooksul on olnud palju v\u00f5itjaid, seega valime lihtsalt m\u00f5ned hiljutised v\u00f5itjad ja loodame, et saate inspiratsiooni.<\/p>\n<p>Esimene meie nimekirjas on austraalia ema, kes otsustas j\u00e4\u00e4da anon\u00fc\u00fcmseks. Ta v\u00f5itis laup\u00e4evase jackpot&#8217;i koos teise v\u00f5itjaga. Teadaolevalt kulus tal kaks n\u00e4dalat, enne kui ta sai aru, et ta oli jackpot&#8217;i v\u00f5itnud. Kui ta oleks oodanud palju kauem, ei oleks ta saanud oma auhinda k\u00e4tte. \u00d5nneks l\u00e4ks ta tagasi kontrollima ja avastas, et ta oli v\u00f5itnud.<\/p>\n<p>Teine v\u00f5itja on mees, kes oli mitu aastat samade numbritega laup\u00e4evalotot m\u00e4nginud. Tema visadus tasus end \u00e4ra ja ta v\u00f5itis jackpot&#8217;i. Paljud loteriiv\u00f5itjad \u00fctlevad, et nad m\u00e4ngisid aastaid enne loteriiv\u00f5itu. M\u00f5nikord on vaja usku ja j\u00e4rjepidevust, et saada soovitud tulemusi.<\/p>\n<section class=\"layout\" style=\"border: solid 1px; width: 100%;\">\n<div class=\"img-div\" style=\"margin-top: 5px;\"><img decoding=\"async\" class=\"wp-image-17212 alignleft\" style=\"height: 45px; margin: 8px 8px 0px;\" src=\"http:\/\/jackpotlotteryonline.com\/wp-content\/uploads\/2022\/11\/read1.jpg\" alt=\"loe\" width=\"\" height=\"\" \/><\/div>\n<div style=\"padding-left: 5px;\">\n<div style=\"font-size: 1.1em;\">\n<p><strong>M\u00f5ned loterii v\u00f5itjad andsid tagasi kogukonnale<\/strong><\/p>\n<p style=\"font-size: 0.85em; margin-top: -1.5em;\">M\u00f5ned huvitavad ja s\u00fcdantsoojendavad lood loteriiv\u00f5itjate tagasip\u00f6\u00f6rdumisest\u00a0 <a href=\"https:\/\/jackpotlotteryonline.com\/et\/lugusid-loterii-voitjad-andes-tagasi\"> loe edasi<\/a><\/p>\n<\/div>\n<\/div>\n<\/section>\n<h2>Osta pileteid v\u00e4ljastpoolt Austraaliat<\/h2>\n<p>Niisiis, kui te ei ela ilusas Oz&#8217;i riigis, kuidas saate osta pileteid laup\u00e4evase loto jaoks? Enne internetti oleks see olnud v\u00f5imatu v\u00f5i v\u00e4hemalt v\u00e4ga keeruline. Kuid t\u00e4nu internetile saate osta Tatsi lotopileteid internetis.<\/p>\n<p>On olemas online loteriim\u00fc\u00fcjad, kes lasevad m\u00e4ngijatel osta pileteid tipptasemel rahvusvahelistele loteriidele. Need m\u00fc\u00fcjad korraldavad niinimetatud concierge-teenust, mis aitab m\u00e4ngijatel osta loteriipileteid igas riigis. Kui registreerute nende saitide juures, saate h\u00f5lpsasti osaleda laup\u00e4eval toimuval loteriil ja n\u00f5uda v\u00f5imalikke v\u00f5ite.<\/p>\n<p>Meil jackpotlotteryonline.com on concierge teenus, mis pakub meie kasutajatele sujuvat kogemust. Kui registreerute meie juures, saate h\u00f5lpsasti osta pileti laup\u00e4evasele loteriile ja paljudele teistele rahvusvahelistele loteriidele. Muretsete selle p\u00e4rast, kuidas v\u00f5idu korral oma auhinda sisse n\u00f5uda? Lihtsalt lunastage oma auhind meie platvormilt v\u00e4lja ilma probleemideta.<\/p>\n<h2>Korduma kippuvad k\u00fcsimused (KKK)<\/h2>\n<p><img loading=\"lazy\" decoding=\"async\" class=\"wp-image-29264 alignright\" src=\"http:\/\/jackpotlotteryonline.com\/wp-content\/uploads\/2022\/11\/1_play_online_lotto-300x300.jpg\" alt=\"Online laup\u00e4evaloto Austraalia\" width=\"235\" height=\"235\" srcset=\"https:\/\/jackpotlotteryonline.com\/wp-content\/uploads\/2022\/11\/1_play_online_lotto-300x300.jpg 300w, https:\/\/jackpotlotteryonline.com\/wp-content\/uploads\/2022\/11\/1_play_online_lotto-100x100.jpg 100w, https:\/\/jackpotlotteryonline.com\/wp-content\/uploads\/2022\/11\/1_play_online_lotto-150x150.jpg 150w, https:\/\/jackpotlotteryonline.com\/wp-content\/uploads\/2022\/11\/1_play_online_lotto.jpg 480w\" sizes=\"auto, (max-width: 235px) 100vw, 235px\" \/><\/p>\n<p>Me teame, et t\u00f5en\u00e4oliselt k\u00e4ivad teie peas mitu k\u00fcsimust. See on okei, me oleme siin, et vastata teie k\u00fcsimustele. P\u00fc\u00fcame siinkohal k\u00f5ike katta, kuid kui teil on veel k\u00fcsimusi, v\u00f5tke julgelt \u00fchendust. Meil on alati hea meel kuulda sinust. Me teeme k\u00f5ik, mis me m\u00f5istlikult saame, et aidata teid teie teekonnal loteriiv\u00f5itjaks saamiseni.<\/p>\n<h2>Kas ma saan osta loterii pileteid internetis?<\/h2>\n<p>Jah, te v\u00f5ite osta loteriipileteid internetist ja see on t\u00e4iesti seaduslik. Veenduge, et kasutate usaldusv\u00e4\u00e4rset loteriim\u00fc\u00fcjat, et veenduda, et osalete loteriis. Paljudel loteriigruppidel on veebilehed. Kui aga soovite m\u00e4ngida rohkem kui \u00fchte loteriid, siis on parem registreeruda loterii m\u00fc\u00fcja juures. T\u00e4psemalt sellise, mis pakub juurdep\u00e4\u00e4su mitmetele teistele loteriidele.<\/p>\n<h2>Kuidas osta piletit?<\/h2>\n<p>Loteriipileti ostmine on lihtne, kui olete meil registreeritud. Lihtsalt valige oma numbrid ja sisenege loosimisele. Saate osta mitu loteriid, et suurendada oma v\u00f5iduv\u00f5imalusi. K\u00f5ik s\u00f5ltub sinust. Kui te ei ole kindel, millist numbrit valida, siis automaatne valija v\u00f5ib seda t\u00f6\u00f6d teie eest teha. T\u00f6\u00f6tame k\u00f5vasti selle nimel, et protsess oleks m\u00e4ngijate jaoks lihtne ja intuitiivne.<\/p>\n<h2>Mis t\u00e4pselt on concierge-teenus?<\/h2>\n<p>Meil on hea meel, et k\u00fcsid. Kui me \u00fctleme, et meil on concierge-teenus, siis t\u00e4hendab see, et meil on agendid erinevates riikides, sealhulgas Austraalias. Kui ostate meilt loteriipileti, l\u00e4hevad meie agendid v\u00e4lja ja ostavad f\u00fc\u00fcsilise pileti koos vastavate numbritega. See t\u00e4hendab, et kus iganes te ka ei oleksite, olete kantud loteriisse.<\/p>\n<h2>Kuidas ma v\u00f5in v\u00f5ita?<\/h2>\n<p>Selle Aussie loteriiv\u00f5idu v\u00f5itmiseks piisab sellest, kui teil on kuus peamist loositud numbrit ja te saate jackpoti v\u00f5itjaks. Te ei pea vastama lisanumbritele, sest neid kasutatakse 2. ja 5. jaotise auhindade m\u00e4\u00e4ramiseks.<\/p>\n<h2>Kuidas ma saan tulemusi kontrollida?<\/h2>\n<p>P\u00e4rast iga loosimist avaldame tulemused siinsamas jackpotlotteryonline.com. Laup\u00e4evase loterii puhul k\u00fclastage tulemuste leidmiseks lihtsalt <a href=\"https:\/\/jackpotlotteryonline.com\/et\/winning-numbers\/saturday-lotto\">laup\u00e4evase loterii loosimise lehek\u00fclge<\/a> p\u00e4rast laup\u00e4evaseid loosimisi.<\/p>\n<h2>Mis siis, kui ma unustan tulemusi kontrollida?<\/h2>\n<p>See on parim osa. Kui ostate meilt, ei ole oluline, kui unustate loto tulemusi kontrollida, sest me toetame teid. Kui sa v\u00f5idad auhinna, saadame sulle s\u00f5numi oma armatuurlauale ja ka e-kirja, et sind hoiatada. Kui ostate meilt loteriiloosi, teate, et olete kaetud.<\/p>\n<h2>Ma v\u00f5itsin, mis n\u00fc\u00fcd saab?<\/h2>\n<p>Noh, kui sa v\u00f5itsid loteriis, siis k\u00f5igepealt \u00f5nnitleme sind! Me oleme teie eest p\u00f5nevil. Kui olete end meie juures registreerinud, siis on j\u00e4rgmine samm lihtne. Mine oma armatuurlauale ja v\u00f5ta oma raha v\u00e4lja olemasolevate meetodite kaudu. Nii lihtne see ongi.<\/p>\n<h2>Registreeru meil juba t\u00e4na!<\/h2>\n<p>Loterii m\u00e4ngimine on l\u00f5bus ja, see annab m\u00e4ngijatele midagi, mida igal n\u00e4dalal oodata. Laup\u00e4evasel loteriil on kena jackpoti auhind ja soodsad koefitsiendid, mist\u00f5ttu on see ideaalne nii uutele kui ka vanadele m\u00e4ngijatele. N\u00fc\u00fcd ei ole see enam piiratud ainult austraallastega, sest n\u00fc\u00fcd saavad inimesed k\u00f5ikjal osta loteriisse osalemisi.<\/p>\n<p>Kui otsite huvitavat m\u00e4ngu, siis miks mitte proovida Tattsi loteriid? Kus iganes sa ka ei ole, saad osta selle loterii sissekande, registreerudes meil. osta mitu sissekannet ja siseneda mitmesse loosimisse eelnevalt h\u00f5lpsasti. Meie \u00fclesanne on teha teile v\u00f5imalikuks m\u00e4ngida teie valitud loteriid minimaalse stressiga.<\/p>\n<p>L\u00f5\u00f5gastuge ja nautige m\u00e4ngides, te ei tea kunagi, kas see oleks see p\u00e4ev, mil te v\u00f5idate suurelt. Miks mitte osta ligip\u00e4\u00e4su loteriile, registreerudes meil juba t\u00e4na?<\/p>\n","protected":false},"excerpt":{"rendered":"<p>Austraalias on palju loteriid nagu kolmap\u00e4evane Lotto, Powerball ja laup\u00e4evane Lotto Austraalia. Laup\u00e4evane loterii on m\u00e4ngijate seas populaarne ja annab inimestele iga n\u00e4dal midagi, mida oodata. Kui see loterii esimest korda algas, said selles osaleda ainult Oz&#8217;i m\u00e4ngijad. \u00d5nneks saavad n\u00fc\u00fcd m\u00e4ngijad \u00fcle kogu maailma osaleda laup\u00e4evaloosis. Niisiis, kuidas osta pileteid laup\u00e4evase loto jaoks v\u00e4ljastpoolt [&hellip;]<\/p>\n","protected":false},"author":1,"featured_media":0,"parent":35747,"menu_order":18,"comment_status":"closed","ping_status":"closed","template":"saturday-lotto-info.php","meta":{"_et_pb_use_builder":"","_et_pb_old_content":"","_et_gb_content_width":"","exclude_from_search":false,"footnotes":""},"class_list":["post-37257","page","type-page","status-publish","hentry"],"yoast_head":"<!-- This site is optimized with the Yoast SEO plugin v23.3 - https:\/\/yoast.com\/wordpress\/plugins\/seo\/ -->\n<title>Osta pileteid laup\u00e4eval Lotto Austraalia v\u00e4ljastpoolt Austraaliat<\/title>\n<meta name=\"description\" content=\"Austraalia populaarsel laup\u00e4evalotol on suured jackpotid. M\u00e4ngijad k\u00f5ikjalt saavad n\u00fc\u00fcd osta laup\u00e4evase loto pileti internetis.\" \/>\n<meta name=\"robots\" content=\"index, follow, max-snippet:-1, max-image-preview:large, max-video-preview:-1\" \/>\n<link rel=\"canonical\" href=\"https:\/\/jackpotlotteryonline.com\/buy-tickets\/saturday-lotto\/\" \/>\n<meta property=\"og:locale\" content=\"et_EE\" \/>\n<meta property=\"og:type\" content=\"article\" \/>\n<meta property=\"og:title\" content=\"Osta pileteid laup\u00e4eval Lotto Austraalia v\u00e4ljastpoolt Austraaliat\" \/>\n<meta property=\"og:description\" content=\"Austraalia populaarsel laup\u00e4evalotol on suured jackpotid. M\u00e4ngijad k\u00f5ikjalt saavad n\u00fc\u00fcd osta laup\u00e4evase loto pileti internetis.\" \/>\n<meta property=\"og:url\" content=\"https:\/\/jackpotlotteryonline.com\/buy-tickets\/saturday-lotto\/\" \/>\n<meta property=\"og:site_name\" content=\"Lotto Online - Crack The International Lottery Jackpots\" \/>\n<meta property=\"article:modified_time\" content=\"2022-12-24T19:50:39+00:00\" \/>\n<meta property=\"og:image\" content=\"http:\/\/jackpotlotteryonline.com\/wp-content\/uploads\/2022\/11\/2_ticket_saturday_lotto_au2-1-180x300-1.jpg\" \/>\n<meta name=\"twitter:card\" content=\"summary_large_image\" \/>\n<meta name=\"twitter:label1\" content=\"Est. reading time\" \/>\n\t<meta name=\"twitter:data1\" content=\"6 minutit\" \/>\n<!-- \/ Yoast SEO plugin. -->","yoast_head_json":{"title":"Osta pileteid laup\u00e4eval Lotto Austraalia v\u00e4ljastpoolt Austraaliat","description":"Austraalia populaarsel laup\u00e4evalotol on suured jackpotid. M\u00e4ngijad k\u00f5ikjalt saavad n\u00fc\u00fcd osta laup\u00e4evase loto pileti internetis.","robots":{"index":"index","follow":"follow","max-snippet":"max-snippet:-1","max-image-preview":"max-image-preview:large","max-video-preview":"max-video-preview:-1"},"canonical":"https:\/\/jackpotlotteryonline.com\/buy-tickets\/saturday-lotto\/","og_locale":"et_EE","og_type":"article","og_title":"Osta pileteid laup\u00e4eval Lotto Austraalia v\u00e4ljastpoolt Austraaliat","og_description":"Austraalia populaarsel laup\u00e4evalotol on suured jackpotid. M\u00e4ngijad k\u00f5ikjalt saavad n\u00fc\u00fcd osta laup\u00e4evase loto pileti internetis.","og_url":"https:\/\/jackpotlotteryonline.com\/buy-tickets\/saturday-lotto\/","og_site_name":"Lotto Online - Crack The International Lottery Jackpots","article_modified_time":"2022-12-24T19:50:39+00:00","og_image":[{"url":"http:\/\/jackpotlotteryonline.com\/wp-content\/uploads\/2022\/11\/2_ticket_saturday_lotto_au2-1-180x300-1.jpg"}],"twitter_card":"summary_large_image","twitter_misc":{"Est. reading time":"6 minutit"},"schema":{"@context":"https:\/\/schema.org","@graph":[{"@type":"WebPage","@id":"https:\/\/jackpotlotteryonline.com\/buy-tickets\/saturday-lotto\/","url":"https:\/\/jackpotlotteryonline.com\/buy-tickets\/saturday-lotto\/","name":"Osta pileteid laup\u00e4eval Lotto Austraalia v\u00e4ljastpoolt Austraaliat","isPartOf":{"@id":"https:\/\/jackpotlotteryonline.com\/#website"},"primaryImageOfPage":{"@id":"https:\/\/jackpotlotteryonline.com\/buy-tickets\/saturday-lotto\/#primaryimage"},"image":{"@id":"https:\/\/jackpotlotteryonline.com\/buy-tickets\/saturday-lotto\/#primaryimage"},"thumbnailUrl":"http:\/\/jackpotlotteryonline.com\/wp-content\/uploads\/2022\/11\/2_ticket_saturday_lotto_au2-1-180x300-1.jpg","datePublished":"2022-11-11T07:56:31+00:00","dateModified":"2022-12-24T19:50:39+00:00","description":"Austraalia populaarsel laup\u00e4evalotol on suured jackpotid. M\u00e4ngijad k\u00f5ikjalt saavad n\u00fc\u00fcd osta laup\u00e4evase loto pileti internetis.","breadcrumb":{"@id":"https:\/\/jackpotlotteryonline.com\/buy-tickets\/saturday-lotto\/#breadcrumb"},"inLanguage":"et","potentialAction":[{"@type":"ReadAction","target":["https:\/\/jackpotlotteryonline.com\/buy-tickets\/saturday-lotto\/"]}]},{"@type":"ImageObject","inLanguage":"et","@id":"https:\/\/jackpotlotteryonline.com\/buy-tickets\/saturday-lotto\/#primaryimage","url":"http:\/\/jackpotlotteryonline.com\/wp-content\/uploads\/2022\/11\/2_ticket_saturday_lotto_au2-1-180x300-1.jpg","contentUrl":"http:\/\/jackpotlotteryonline.com\/wp-content\/uploads\/2022\/11\/2_ticket_saturday_lotto_au2-1-180x300-1.jpg"},{"@type":"BreadcrumbList","@id":"https:\/\/jackpotlotteryonline.com\/buy-tickets\/saturday-lotto\/#breadcrumb","itemListElement":[{"@type":"ListItem","position":1,"name":"Home","item":"https:\/\/jackpotlotteryonline.com\/et\/"},{"@type":"ListItem","position":2,"name":"Kuidas osta loteriipileteid internetis","item":"https:\/\/jackpotlotteryonline.com\/et\/kuidas-osta-loteriipileteid-internetis\/"},{"@type":"ListItem","position":3,"name":"Osta pileteid laup\u00e4eval Lotto Austraalia"}]},{"@type":"WebSite","@id":"https:\/\/jackpotlotteryonline.com\/#website","url":"https:\/\/jackpotlotteryonline.com\/","name":"Lotto Online - Crack The International Lottery Jackpots","description":"","potentialAction":[{"@type":"SearchAction","target":{"@type":"EntryPoint","urlTemplate":"https:\/\/jackpotlotteryonline.com\/?s={search_term_string}"},"query-input":"required name=search_term_string"}],"inLanguage":"et"}]}},"_links":{"self":[{"href":"https:\/\/jackpotlotteryonline.com\/et\/wp-json\/wp\/v2\/pages\/37257","targetHints":{"allow":["GET"]}}],"collection":[{"href":"https:\/\/jackpotlotteryonline.com\/et\/wp-json\/wp\/v2\/pages"}],"about":[{"href":"https:\/\/jackpotlotteryonline.com\/et\/wp-json\/wp\/v2\/types\/page"}],"author":[{"embeddable":true,"href":"https:\/\/jackpotlotteryonline.com\/et\/wp-json\/wp\/v2\/users\/1"}],"replies":[{"embeddable":true,"href":"https:\/\/jackpotlotteryonline.com\/et\/wp-json\/wp\/v2\/comments?post=37257"}],"version-history":[{"count":0,"href":"https:\/\/jackpotlotteryonline.com\/et\/wp-json\/wp\/v2\/pages\/37257\/revisions"}],"up":[{"embeddable":true,"href":"https:\/\/jackpotlotteryonline.com\/et\/wp-json\/wp\/v2\/pages\/35747"}],"wp:attachment":[{"href":"https:\/\/jackpotlotteryonline.com\/et\/wp-json\/wp\/v2\/media?parent=37257"}],"curies":[{"name":"wp","href":"https:\/\/api.w.org\/{rel}","templated":true}]}}