{"id":37750,"date":"2022-11-15T08:09:16","date_gmt":"2022-11-15T08:09:16","guid":{"rendered":"https:\/\/jackpotlotteryonline.com\/?page_id=37750"},"modified":"2022-11-15T08:09:16","modified_gmt":"2022-11-15T08:09:16","slug":"faq","status":"publish","type":"page","link":"https:\/\/jackpotlotteryonline.com\/et\/faq\/","title":{"rendered":"KKK"},"content":{"rendered":"<h2>Online loterii KKK<\/h2>\n<p>Anname siin vastused k\u00f5ige sagedamini esitatavatele k\u00fcsimustele online-loto ja online-loto jackpotide kohta. Internetis loteriide m\u00e4ngimine on k\u00f5ige mugavam ja lihtsam viis, kuidas saada k\u00e4tte need suured rahvusvahelised loto jackpotid.<\/p>\n<h2>Kuidas see toimib?<\/h2>\n<p>Me tegutseme teie ja erinevate loteriide vahelise s\u00f5numiteenusena. Ostame pileti teie nimel ja teie eest, seej\u00e4rel skaneerime teie uue pileti ja laadime skaneeringu \u00fcles teie kliendikontole, saadame teile teate, kui olete v\u00f5itnud, ja aitame teil ka v\u00f5idu korral raha k\u00e4tte saada.<\/p>\n<h2>Millised on meie kaudu m\u00e4ngimise eelised?<\/h2>\n<ul>\n<li>ei ole vaja minna loteriipoodi. Saate h\u00f5lpsasti m\u00e4ngida kodust v\u00f5i kontorist l\u00e4htudes<\/li>\n<li>saate maksta internetis, n\u00e4iteks krediitkaardiga v\u00f5i muul viisil<\/li>\n<li>teie lotov\u00f5idud kuni 2500 eurot kantakse teie kontole<\/li>\n<li>kui v\u00f5idate rohkem kui 2500 eurot, aitame teil oma raha k\u00e4tte saada tasuta<\/li>\n<li>ei ole lisakulusid, kui v\u00f5idate raha.<\/li>\n<\/ul>\n<p><strong>Kes saavad loteriid m\u00e4ngida?<\/strong><\/p>\n<p>Loteriid v\u00f5ivad m\u00e4ngida k\u00f5ik \u00fcle 18-aastased inimesed.<\/p>\n<p><strong>Kas ma v\u00f5in m\u00e4ngida loteriid v\u00e4lisriigis?<\/strong><\/p>\n<p>Jah, saate. Ei ole oluline, millises riigis te elate, saate m\u00e4ngida mis tahes loteriid ja loto jackpot&#8217;i mis tahes riigis, mida soovite.<\/p>\n<p><strong>Kas ma v\u00f5in ise oma loto numbreid valida?<\/strong><\/p>\n<p>Jah. Saate valida numbrid, mida soovite, v\u00f5i saate mugavalt lasta arvutil valida oma numbrid juhuslikult.<\/p>\n<p><strong>Kuidas ma saan oma lotopileti?<\/strong><\/p>\n<p>Kui teie makse on t\u00f6\u00f6deldud, saadame teile e-posti teel kinnituse ostu kohta. Teie valitud numbrid on n\u00e4ha teie kontol. Varsti p\u00e4rast seda n\u00e4ete oma kontol ka skaneeritud piletit.<\/p>\n<p><strong>Kuidas ma saan maksta oma loto v\u00f5i pileti eest?<\/strong><\/p>\n<p>Teil on mitmeid maksev\u00f5imalusi, nende hulgas on maksmine krediitkaardiga, panga\u00fclekandega, erinevate kr\u00fcptovaluutadega ja muud.<\/p>\n<p><strong>Kas te v\u00f5tate minu v\u00f5idust osa?<\/strong><\/p>\n<p>Ei. K\u00f5ik loteriiv\u00f5idud makstakse teile t\u00e4ies ulatuses v\u00e4lja, ilma et sellest oleks maha arvatud mingeid tasusid.<\/p>\n<p><strong>Millal ma saan oma loteriipileti tellida?<\/strong><\/p>\n<p>Selleks, et osaleda loteriis, peaksite oma pileti tellima v\u00e4hemalt 2 tundi enne loosimist. See v\u00f5imaldab meil teie lotopileti tellimust t\u00f6\u00f6delda.<\/p>\n<p><strong>Kuidas ma tean, kas ma olen v\u00f5itnud?<\/strong><\/p>\n<p>Kui te v\u00f5itsite, saadame teile e-kirja, milles teavitame teid oma v\u00f5idust. Samuti avaldatakse k\u00f5ikide loteriide v\u00f5idunumbrid meie veebilehel.<\/p>\n<p><strong>Kuidas ma saan oma raha k\u00e4tte, kui ma v\u00f5in v\u00f5ita?<\/strong><\/p>\n<p>Kui sa v\u00f5idad alla 2500 euro suuruse summa, siis kantakse raha sinu m\u00e4ngijakontole. Kui v\u00f5idetud summa on suurem kui 2500 eurot, saadame sulle n\u00f5udeavalduse, mille sa pead t\u00e4itma. Sa pead end identifitseerima ja seej\u00e4rel t\u00f6\u00f6tleme sinu n\u00f5ude loteriifirmale. Loteriiettev\u00f5te v\u00e4ljastab teile seej\u00e4rel t\u0161eki. Pange t\u00e4hele, et m\u00f5ned loteriiettev\u00f5tted n\u00f5uavad, et sa v\u00f5taksid oma v\u00f5idu isiklikult vastu, kui sa v\u00f5idad jackpot-v\u00f5idu.<\/p>\n<p><strong>Kas see on seaduslik teenus?<\/strong><\/p>\n<p>Jah, on. Kuna meie teenus on ainult s\u00f5numiteenus, on see t\u00e4iesti seaduslik.<\/p>\n<p><strong>Kuidas ma tean, et minu nimel ostetakse loteriipilet?<\/strong><\/p>\n<p>Kui olete oma loteriipileti eest maksnud, saate makse kinnituse. Niikaua kui teie lotopilet on aktiivne, saate te e-posti teel teate ja p\u00e4rast sisselogimist n\u00e4ete oma pileteid meie veebisaidil oma kliendialas.<\/p>\n","protected":false},"excerpt":{"rendered":"<p>Online loterii KKK Anname siin vastused k\u00f5ige sagedamini esitatavatele k\u00fcsimustele online-loto ja online-loto jackpotide kohta. Internetis loteriide m\u00e4ngimine on k\u00f5ige mugavam ja lihtsam viis, kuidas saada k\u00e4tte need suured rahvusvahelised loto jackpotid. Kuidas see toimib? Me tegutseme teie ja erinevate loteriide vahelise s\u00f5numiteenusena. Ostame pileti teie nimel ja teie eest, seej\u00e4rel skaneerime teie uue pileti [&hellip;]<\/p>\n","protected":false},"author":1,"featured_media":0,"parent":0,"menu_order":6,"comment_status":"closed","ping_status":"closed","template":"","meta":{"_et_pb_use_builder":"","_et_pb_old_content":"","_et_gb_content_width":"","exclude_from_search":false,"footnotes":""},"class_list":["post-37750","page","type-page","status-publish","hentry"],"yoast_head":"<!-- This site is optimized with the Yoast SEO plugin v23.3 - https:\/\/yoast.com\/wordpress\/plugins\/seo\/ -->\n<title>Loterii KKK | Sagedased k\u00fcsimused Lotto online kohta<\/title>\n<meta name=\"description\" content=\"Siit leiad vastused k\u00f5ige sagedasematele k\u00fcsimustele online loterii kohta, samuti parimad teenused\" \/>\n<meta name=\"robots\" content=\"index, follow, max-snippet:-1, max-image-preview:large, max-video-preview:-1\" \/>\n<link rel=\"canonical\" href=\"https:\/\/jackpotlotteryonline.com\/et\/faq\/\" \/>\n<meta property=\"og:locale\" content=\"et_EE\" \/>\n<meta property=\"og:type\" content=\"article\" \/>\n<meta property=\"og:title\" content=\"Loterii KKK | Sagedased k\u00fcsimused Lotto online kohta\" \/>\n<meta property=\"og:description\" content=\"Siit leiad vastused k\u00f5ige sagedasematele k\u00fcsimustele online loterii kohta, samuti parimad teenused\" \/>\n<meta property=\"og:url\" content=\"https:\/\/jackpotlotteryonline.com\/et\/faq\/\" \/>\n<meta property=\"og:site_name\" content=\"Lotto Online - Crack The International Lottery Jackpots\" \/>\n<meta name=\"twitter:card\" content=\"summary_large_image\" \/>\n<meta name=\"twitter:label1\" content=\"Est. reading time\" \/>\n\t<meta name=\"twitter:data1\" content=\"3 minutit\" \/>\n<!-- \/ Yoast SEO plugin. -->","yoast_head_json":{"title":"Loterii KKK | Sagedased k\u00fcsimused Lotto online kohta","description":"Siit leiad vastused k\u00f5ige sagedasematele k\u00fcsimustele online loterii kohta, samuti parimad teenused","robots":{"index":"index","follow":"follow","max-snippet":"max-snippet:-1","max-image-preview":"max-image-preview:large","max-video-preview":"max-video-preview:-1"},"canonical":"https:\/\/jackpotlotteryonline.com\/et\/faq\/","og_locale":"et_EE","og_type":"article","og_title":"Loterii KKK | Sagedased k\u00fcsimused Lotto online kohta","og_description":"Siit leiad vastused k\u00f5ige sagedasematele k\u00fcsimustele online loterii kohta, samuti parimad teenused","og_url":"https:\/\/jackpotlotteryonline.com\/et\/faq\/","og_site_name":"Lotto Online - Crack The International Lottery Jackpots","twitter_card":"summary_large_image","twitter_misc":{"Est. reading time":"3 minutit"},"schema":{"@context":"https:\/\/schema.org","@graph":[{"@type":"WebPage","@id":"https:\/\/jackpotlotteryonline.com\/et\/faq\/","url":"https:\/\/jackpotlotteryonline.com\/et\/faq\/","name":"Loterii KKK | Sagedased k\u00fcsimused Lotto online kohta","isPartOf":{"@id":"https:\/\/jackpotlotteryonline.com\/#website"},"datePublished":"2022-11-15T08:09:16+00:00","dateModified":"2022-11-15T08:09:16+00:00","description":"Siit leiad vastused k\u00f5ige sagedasematele k\u00fcsimustele online loterii kohta, samuti parimad teenused","breadcrumb":{"@id":"https:\/\/jackpotlotteryonline.com\/et\/faq\/#breadcrumb"},"inLanguage":"et","potentialAction":[{"@type":"ReadAction","target":["https:\/\/jackpotlotteryonline.com\/et\/faq\/"]}]},{"@type":"BreadcrumbList","@id":"https:\/\/jackpotlotteryonline.com\/et\/faq\/#breadcrumb","itemListElement":[{"@type":"ListItem","position":1,"name":"Home","item":"https:\/\/jackpotlotteryonline.com\/et\/"},{"@type":"ListItem","position":2,"name":"KKK"}]},{"@type":"WebSite","@id":"https:\/\/jackpotlotteryonline.com\/#website","url":"https:\/\/jackpotlotteryonline.com\/","name":"Lotto Online - Crack The International Lottery Jackpots","description":"","potentialAction":[{"@type":"SearchAction","target":{"@type":"EntryPoint","urlTemplate":"https:\/\/jackpotlotteryonline.com\/?s={search_term_string}"},"query-input":"required name=search_term_string"}],"inLanguage":"et"}]}},"_links":{"self":[{"href":"https:\/\/jackpotlotteryonline.com\/et\/wp-json\/wp\/v2\/pages\/37750","targetHints":{"allow":["GET"]}}],"collection":[{"href":"https:\/\/jackpotlotteryonline.com\/et\/wp-json\/wp\/v2\/pages"}],"about":[{"href":"https:\/\/jackpotlotteryonline.com\/et\/wp-json\/wp\/v2\/types\/page"}],"author":[{"embeddable":true,"href":"https:\/\/jackpotlotteryonline.com\/et\/wp-json\/wp\/v2\/users\/1"}],"replies":[{"embeddable":true,"href":"https:\/\/jackpotlotteryonline.com\/et\/wp-json\/wp\/v2\/comments?post=37750"}],"version-history":[{"count":0,"href":"https:\/\/jackpotlotteryonline.com\/et\/wp-json\/wp\/v2\/pages\/37750\/revisions"}],"wp:attachment":[{"href":"https:\/\/jackpotlotteryonline.com\/et\/wp-json\/wp\/v2\/media?parent=37750"}],"curies":[{"name":"wp","href":"https:\/\/api.w.org\/{rel}","templated":true}]}}