{"id":39189,"date":"2022-11-22T07:52:50","date_gmt":"2022-11-22T07:52:50","guid":{"rendered":"https:\/\/jackpotlotteryonline.com\/?page_id=39189"},"modified":"2023-01-03T08:49:47","modified_gmt":"2023-01-03T08:49:47","slug":"la-primitiva-2","status":"publish","type":"page","link":"https:\/\/jackpotlotteryonline.com\/et\/kuidas-mangida\/la-primitiva-2\/","title":{"rendered":"m\u00e4ngida La Primitiva online"},"content":{"rendered":"<p>Hispaania loterii on \u00fcks Euroopa populaarsemaid loteriisid ja see meelitab lotof\u00e4nne kogu riigis. La Primitiva on ka \u00fcks vanimaid loteriisid maailmas. See loodi 1763. aastal ja on teinud riigi lotof\u00e4nnidele r\u00f5\u00f5mu juba peaaegu 260 aastat. Varem piirdus see ainult m\u00e4ngijatega, kes elasid selles geograafilises piirkonnas, kuid t\u00e4nu internetile saavad n\u00fc\u00fcd m\u00e4ngijad \u00fcle kogu maailma selles loteriis osaleda. Lotom\u00e4ngud s\u00f5ltuvad paljuski \u00f5nnest ja see ei ole erandiks. Seet\u00f5ttu on igal loosimisel v\u00e4ga palju osalejaid, kes \u00fcritavad v\u00f5ita suurv\u00f5itu.<\/p>\n<p>Kui soovite saada <a href=\"https:\/\/jackpotlotteryonline.com\/et\/kuidas-osta-loteriipileteid-internetis\/la-primitiva\">pileteid tipptasemel rahvusvahelistele loteriidele<\/a>, sealhulgas La Primitiva, k\u00fclastage n\u00fc\u00fcd jackptlotteryonline.com, et alustada.<\/p>\n<h2>Kuidas m\u00e4ngida La Primitiva<\/h2>\n<p><img loading=\"lazy\" decoding=\"async\" class=\"alignright size-medium wp-image-28103\" src=\"https:\/\/jackpotlotteryonline.com\/wp-content\/uploads\/2022\/11\/1_lotto_jackpot_online-257x300.jpg\" alt=\"M\u00e4ngi La Primitiva\" width=\"257\" height=\"300\" srcset=\"https:\/\/jackpotlotteryonline.com\/wp-content\/uploads\/2022\/11\/1_lotto_jackpot_online-257x300.jpg 257w, https:\/\/jackpotlotteryonline.com\/wp-content\/uploads\/2022\/11\/1_lotto_jackpot_online.jpg 321w\" sizes=\"auto, (max-width: 257px) 100vw, 257px\" \/><\/p>\n<p>Nii l\u00f5bus kui Hispaania loteriid on m\u00e4ngida, v\u00f5ib see olla veidi segadust tekitav neile, kes on loteriiga alles alustanud. Tundub, et numbreid on veidi rohkem, kui m\u00f5ned m\u00e4ngijad on harjunud, ja on ka m\u00f5ned muud m\u00f5isted, millest v\u00f5ib olla raske aru saada. Aga kui sa saad aru, kuidas La Primitiva&#8217;t m\u00e4ngida, muutub see t\u00f5esti lihtsaks.<\/p>\n<p>Esimene asi, millest selle loterii m\u00e4ngimisel aru saada, on <strong>Reintegro<\/strong> ja <strong>Complementario<\/strong>. Reintegro ja Complementario on olulised jackpoti v\u00f5itja m\u00e4\u00e4ramisel. Kui teil on plaanis v\u00f5ita jackpot, siis on oluline teada, mis need k\u00f5ik on ja kuidas need toimivad.<\/p>\n<p>P\u00f5him\u00f5tteliselt on Reintegro (inglise keelde t\u00f5lgitud tagasimakse) \u00fcks boonusnumbritest, mida kasutatakse auhinnav\u00f5itjate valimisel. Complementario (inglise keelde t\u00f5lgituna Complementary) on teine boonusnumber.<\/p>\n<p><strong>La Primitiva m\u00e4ngimiseks peaks m\u00e4ngija valima viis p\u00f5hinumbrit 1-49 ja Reintegro 0-9<\/strong>. K\u00f5ik, kelle pilet vastab loositud numbritele, v\u00f5idavad jackpoti.<\/p>\n<h2>Kuid Reintegro on veel midagi enamat.<\/h2>\n<p>Reintegrot kasutatakse jackpoti v\u00f5itja valimiseks. Seega peate jackpoti v\u00f5itmiseks vastama viiele p\u00f5hinumbrile ja Reintegro numbrile.<\/p>\n<p>Samuti kasutatakse Reintegrot teise auhinnakategooria m\u00e4\u00e4ramiseks. M\u00e4ngijad, kes vastavad ainult Reintegro numbrile, v\u00f5idavad oma pileti hinna tagasi. Sellep\u00e4rast nimetatakse seda &#8220;tagasimakse&#8221;.<\/p>\n<section class=\"layout\" style=\"border: solid 1px; width: 100%;\">\n<div class=\"img-div\" style=\"margin-top: 5px;\"><img decoding=\"async\" class=\"wp-image-17212 alignleft\" style=\"height: 45px; margin: 8px 8px 0px;\" src=\"https:\/\/jackpotlotteryonline.com\/wp-content\/uploads\/2022\/11\/read1.jpg\" alt=\"loe\" width=\"\" height=\"\" \/><\/div>\n<div style=\"padding-left: 5px;\">\n<div style=\"font-size: 1.1em;\">\n<p><strong>Mis on loterii edu saladus?<\/strong><\/p>\n<p style=\"font-size: 0.85em; margin-top: -1.5em;\">Kuidas edukalt loteriid m\u00e4ngida\u00a0<a href=\"https:\/\/jackpotlotteryonline.com\/et\/mis-on-loterii-edu-saladus\"> loe edasi<\/a><\/p>\n<\/div>\n<\/div>\n<\/section>\n<h2>Mis saab Complementario&#8217;st?<\/h2>\n<p>Teine boonusnumber ei ole jackpoti v\u00f5itmise seisukohast oluline, kuid seda kasutatakse 2. jaotise auhinnakategooria m\u00e4\u00e4ramisel. Seega v\u00f5idab m\u00e4ngija, kes vastab viiele p\u00f5hinumbrile ja Complementario numbrile, auhinna.<\/p>\n<h2>Jokkeri toimimise m\u00f5istmine<\/h2>\n<p>Joker on veel \u00fcks m\u00f5istatus, kui ostate La Primitiva pileteid esimest korda, sest tundub, et see loob hoopis teise auhinnakategooria. Tegelikult loob see t\u00f5epoolest teistsuguse auhinnakategooria. See on siiski vabatahtlik ja loteriipileti ostmisel v\u00f5ite lisakulu eest valida, kas Joker on lisatud.<\/p>\n<p>Kusjuures Joker on pigem nagu loosimine kui loterii, sest m\u00e4ngijad ei saa oma numbreid valida. Kui valite Jokeri, lisatakse teie piletile seitse juhuslikku numbrit. See ei tee teie loteriipiletit t\u00fchiseks, see on lihtsalt lisamine. Joker annab m\u00e4ngijatele v\u00f5imaluse v\u00f5ita kuni 1 miljon eurot. Sellel on seitse auhinnakategooriat. Leia need allpool:<\/p>\n<p>1. auhind &#8211; 1 000 000 eurot<\/p>\n<p>2. auhind &#8211; 10 000 eurot<\/p>\n<p>3. auhind &#8211; 1 000 eurot<\/p>\n<p>4. auhind &#8211; 300 eurot<\/p>\n<p>5. auhind &#8211; 50 eurot<\/p>\n<p>6. auhind &#8211; 5 eurot<\/p>\n<p>7. auhind &#8211; 5 eurot<\/p>\n<h2>Jokkeri v\u00f5itmine<\/h2>\n<p>Kui v\u00f5idate nii loteriis kui ka Jokeris, peate valima \u00fche neist, sest m\u00e4ngijad ei saa \u00fche pileti eest \u00fche loosimise k\u00e4igus saada m\u00f5lemat auhinda. Siiski makstakse v\u00e4lja suurem preemia.<\/p>\n<h2>Interneti-loterii m\u00e4ngimise sammud<\/h2>\n<p><img loading=\"lazy\" decoding=\"async\" class=\"alignright size-medium wp-image-33512\" src=\"https:\/\/jackpotlotteryonline.com\/wp-content\/uploads\/2022\/11\/2_ticket_la_primitiva2-210x300.jpg\" alt=\"La Primitiva online pilet\" width=\"210\" height=\"300\" srcset=\"https:\/\/jackpotlotteryonline.com\/wp-content\/uploads\/2022\/11\/2_ticket_la_primitiva2-210x300.jpg 210w, https:\/\/jackpotlotteryonline.com\/wp-content\/uploads\/2022\/11\/2_ticket_la_primitiva2.jpg 250w\" sizes=\"auto, (max-width: 210px) 100vw, 210px\" \/><\/p>\n<p>Loosipiletite hankimine internetis on \u00fcks elu lihtsamaid r\u00f5\u00f5me peamiselt sellep\u00e4rast, et k\u00f5ik on nii mugav ja k\u00e4ep\u00e4rane. Saate oma pileti k\u00e4tte vaid m\u00f5ne liigutuse v\u00f5i puudutusega. Siin on samm-sammuline juhend selle saidi tegemiseks.<\/p>\n<p><strong>1. samm:<\/strong> k\u00fclastage valitud veebilehte ja otsige v\u00e4lja loterii, mida soovite m\u00e4ngida. Me anname loteriif\u00e4nnidele juurdep\u00e4\u00e4su paljudele rahvusvahelistele loteriidele, sealhulgas La Primitiva.<\/p>\n<p><strong>2. samm:<\/strong> Valige viis p\u00f5hinumbrit ja kaks boonusnumbrit. Kui te ei ole kindel, milliseid numbreid soovite kasutada, v\u00f5ite kasutada saidil olevat juhusliku numbrigeneraatorit. Samuti v\u00f5ite valida rohkem kui \u00fche numbrite rea, et suurendada oma v\u00f5iduv\u00f5imalusi.<\/p>\n<p><strong>3. samm:<\/strong> <a href=\"https:\/\/jackpotlotteryonline.com\/et\/winning-numbers\/la-primitiva\">Sisestage loosimised<\/a>. Pane t\u00e4hele, et kui osaled \u00fches loosimises, saad seda teha ainult esmasp\u00e4eval. Teised loosimised on igan\u00e4dalased loosimised ja sa v\u00f5id soovi korral osaleda k\u00f5ikides loosimistes.<\/p>\n<p><strong>4. samm:<\/strong> Registreeru ja maksa. Kui j\u00f5uate maksmise lehele, palutakse teil registreeruda. See on selleks, et saaksite oma piletile h\u00f5lpsasti oma kontolt ligi p\u00e4\u00e4seda ja ka selleks, et me saaksime teid teavitada, kui te v\u00f5idate auhindu. Sa pead registreeruma ainult \u00fcks kord ja j\u00e4rgnevatel kordadel logi lihtsalt oma kontole sisse.<\/p>\n<p>See on k\u00f5ik, mida on vaja, et saada juurdep\u00e4\u00e4s rahvusvahelistele tipplotodele mugavalt oma arvutist v\u00f5i mobiilseadmest!<\/p>\n<h2>La Primitiva loterii tulemused<\/h2>\n<p>Loosimise p\u00e4evad on t\u00e4is p\u00f5nevust ja paljud loteriipanijad ootavad neid p\u00f5nevusega. Siis saavad need, kes osalesid loosimises, teada, kas nad v\u00f5itsid jackpot&#8217;i. On ka teisi auhindu, mida m\u00e4ngurid<\/p>\n<h2>Auhinnaklassid<\/h2>\n<p>Jackpot &#8211; 6 p\u00f5hinumbrit + Reintegro<\/p>\n<p>Jaotus 1 &#8211; 6 p\u00f5hinumbri kokkulangevus<\/p>\n<p>2. jaotis &#8211; 5 p\u00f5hinumbrit + lisanumber<\/p>\n<p>Division 3 &#8211; 5 p\u00f5hinumbri kokkulangevus<\/p>\n<p>4. divisjon &#8211; 4 p\u00f5hinumbrit, mis vastavad 4 p\u00f5hinumbrile<\/p>\n<p>5. divisjon &#8211; 3 p\u00f5hinumbrit<\/p>\n<p>Reintegro &#8211; Vastab ainult Reintegro numbrile.<\/p>\n<h2>Kuidas oma v\u00f5idud v\u00e4lja v\u00f5tta<\/h2>\n<p>M\u00e4ngijad m\u00f5tlevad sageli, kuidas nad saavad oma v\u00f5idud k\u00e4tte, kui nad m\u00e4ngivad internetis. Vastus sellele s\u00f5ltub tegelikult sellest, millist loteriisaiti te kasutate. M\u00f5ned loteriisaidid ei ole v\u00f5itjate v\u00e4ljamaksmise osas eriti tublid, kuid leiate, et see on pigem erand kui reegel. Sellegipoolest on alati hea m\u00f5te j\u00e4\u00e4da turvaliselt ja j\u00e4\u00e4da usaldusv\u00e4\u00e4rse loteriim\u00fc\u00fcja juurde.<\/p>\n<p>Kui m\u00e4ngid meiega loteriid, siis saad oma v\u00f5idud h\u00f5lpsasti v\u00e4lja v\u00f5tta. Oleme oma s\u00fcsteemi kujundanud nii, et see pakuks maksimaalset kasutusmugavust ja null stressi. Mitme v\u00e4ljav\u00f5tmisv\u00f5imalusega pakume teile turvalist meetodit, et saada oma v\u00f5idud k\u00e4tte.<\/p>\n<p>Kui teie v\u00f5it \u00fcletab teatud summat (n\u00e4iteks kui v\u00f5idate jackpoti), peate end loteriifirmale identifitseerima. Aga \u00e4rge muretsege, me pakume teile vormi, mille saate t\u00e4ita, ja kui olete selle teinud, t\u00f6\u00f6tleme teie eest n\u00f5uded.<\/p>\n<h2>M\u00e4ngi koos meiega, et v\u00f5ita suurelt<\/h2>\n<p>See, kust sa oma pileteid ostad, on v\u00e4ga oluline ja meie saidil oleme teinud k\u00f5ik endast oleneva, et luua turvaline koht m\u00e4ngijatele \u00fcle kogu maailma. Kuna meil on suur valik rahvusvahelisi loteriisid, saate valida mis tahes m\u00e4ngu, sealhulgas La Primitiva. Jackpoti auhinnad on suured, kuid pidage meeles, et enamikul loteriim\u00e4ngudel on mitu auhinnatasandit, millest m\u00f5ned on v\u00e4ga helded.<\/p>\n<p>Kui oled valmis v\u00f5imaluseks v\u00f5ita La Primitiva&#8217;ga suuri v\u00f5ite, k\u00fclasta meid n\u00fc\u00fcd ja hangi oma piletid. Kolme igan\u00e4dalase loosimisega annab Hispaania loterii m\u00e4ngijatele igal n\u00e4dalal mitu v\u00f5imalust v\u00f5ita jackpot. Veebilehel jackpotlotteryonline.com on alati m\u00f5ni loosimine, kuhu saate osaleda, ja te ei tea kunagi, kas t\u00e4na on see p\u00e4ev, mil saate suure v\u00f5idu.<\/p>\n","protected":false},"excerpt":{"rendered":"<p>Hispaania loterii on \u00fcks Euroopa populaarsemaid loteriisid ja see meelitab lotof\u00e4nne kogu riigis. La Primitiva on ka \u00fcks vanimaid loteriisid maailmas. See loodi 1763. aastal ja on teinud riigi lotof\u00e4nnidele r\u00f5\u00f5mu juba peaaegu 260 aastat. Varem piirdus see ainult m\u00e4ngijatega, kes elasid selles geograafilises piirkonnas, kuid t\u00e4nu internetile saavad n\u00fc\u00fcd m\u00e4ngijad \u00fcle kogu maailma selles [&hellip;]<\/p>\n","protected":false},"author":1,"featured_media":0,"parent":35684,"menu_order":7,"comment_status":"closed","ping_status":"closed","template":"la-primitiva.php","meta":{"_et_pb_use_builder":"","_et_pb_old_content":"","_et_gb_content_width":"","exclude_from_search":false,"footnotes":""},"class_list":["post-39189","page","type-page","status-publish","hentry"],"yoast_head":"<!-- This site is optimized with the Yoast SEO plugin v23.3 - https:\/\/yoast.com\/wordpress\/plugins\/seo\/ -->\n<title>M\u00e4ngi Hispaania La Primitiva online loterii mis tahes riigist<\/title>\n<meta name=\"description\" content=\"Kuidas m\u00e4ngida La Primitiva&#039;t ja v\u00f5ita suuri summasid \u00fcksk\u00f5ik millisest maailma otsast. \u00d5ppige tundma, kuidas m\u00e4ngida online loteriid ja milliseid auhindu saab v\u00f5ita.\" \/>\n<meta name=\"robots\" content=\"index, follow, max-snippet:-1, max-image-preview:large, max-video-preview:-1\" \/>\n<link rel=\"canonical\" href=\"https:\/\/jackpotlotteryonline.com\/et\/kuidas-mangida\/la-primitiva-2\/\" \/>\n<meta property=\"og:locale\" content=\"et_EE\" \/>\n<meta property=\"og:type\" content=\"article\" \/>\n<meta property=\"og:title\" content=\"M\u00e4ngi Hispaania La Primitiva online loterii mis tahes riigist\" \/>\n<meta property=\"og:description\" content=\"Kuidas m\u00e4ngida La Primitiva&#039;t ja v\u00f5ita suuri summasid \u00fcksk\u00f5ik millisest maailma otsast. \u00d5ppige tundma, kuidas m\u00e4ngida online loteriid ja milliseid auhindu saab v\u00f5ita.\" \/>\n<meta property=\"og:url\" content=\"https:\/\/jackpotlotteryonline.com\/et\/kuidas-mangida\/la-primitiva-2\/\" \/>\n<meta property=\"og:site_name\" content=\"Lotto Online - Crack The International Lottery Jackpots\" \/>\n<meta property=\"article:modified_time\" content=\"2023-01-03T08:49:47+00:00\" \/>\n<meta property=\"og:image\" content=\"https:\/\/jackpotlotteryonline.com\/wp-content\/uploads\/2022\/11\/1_lotto_jackpot_online-257x300.jpg\" \/>\n<meta name=\"twitter:card\" content=\"summary_large_image\" \/>\n<meta name=\"twitter:label1\" content=\"Est. reading time\" \/>\n\t<meta name=\"twitter:data1\" content=\"5 minutit\" \/>\n<!-- \/ Yoast SEO plugin. -->","yoast_head_json":{"title":"M\u00e4ngi Hispaania La Primitiva online loterii mis tahes riigist","description":"Kuidas m\u00e4ngida La Primitiva't ja v\u00f5ita suuri summasid \u00fcksk\u00f5ik millisest maailma otsast. \u00d5ppige tundma, kuidas m\u00e4ngida online loteriid ja milliseid auhindu saab v\u00f5ita.","robots":{"index":"index","follow":"follow","max-snippet":"max-snippet:-1","max-image-preview":"max-image-preview:large","max-video-preview":"max-video-preview:-1"},"canonical":"https:\/\/jackpotlotteryonline.com\/et\/kuidas-mangida\/la-primitiva-2\/","og_locale":"et_EE","og_type":"article","og_title":"M\u00e4ngi Hispaania La Primitiva online loterii mis tahes riigist","og_description":"Kuidas m\u00e4ngida La Primitiva't ja v\u00f5ita suuri summasid \u00fcksk\u00f5ik millisest maailma otsast. \u00d5ppige tundma, kuidas m\u00e4ngida online loteriid ja milliseid auhindu saab v\u00f5ita.","og_url":"https:\/\/jackpotlotteryonline.com\/et\/kuidas-mangida\/la-primitiva-2\/","og_site_name":"Lotto Online - Crack The International Lottery Jackpots","article_modified_time":"2023-01-03T08:49:47+00:00","og_image":[{"url":"https:\/\/jackpotlotteryonline.com\/wp-content\/uploads\/2022\/11\/1_lotto_jackpot_online-257x300.jpg"}],"twitter_card":"summary_large_image","twitter_misc":{"Est. reading time":"5 minutit"},"schema":{"@context":"https:\/\/schema.org","@graph":[{"@type":"WebPage","@id":"https:\/\/jackpotlotteryonline.com\/et\/kuidas-mangida\/la-primitiva-2\/","url":"https:\/\/jackpotlotteryonline.com\/et\/kuidas-mangida\/la-primitiva-2\/","name":"M\u00e4ngi Hispaania La Primitiva online loterii mis tahes riigist","isPartOf":{"@id":"https:\/\/jackpotlotteryonline.com\/#website"},"primaryImageOfPage":{"@id":"https:\/\/jackpotlotteryonline.com\/et\/kuidas-mangida\/la-primitiva-2\/#primaryimage"},"image":{"@id":"https:\/\/jackpotlotteryonline.com\/et\/kuidas-mangida\/la-primitiva-2\/#primaryimage"},"thumbnailUrl":"https:\/\/jackpotlotteryonline.com\/wp-content\/uploads\/2022\/11\/1_lotto_jackpot_online-257x300.jpg","datePublished":"2022-11-22T07:52:50+00:00","dateModified":"2023-01-03T08:49:47+00:00","description":"Kuidas m\u00e4ngida La Primitiva't ja v\u00f5ita suuri summasid \u00fcksk\u00f5ik millisest maailma otsast. \u00d5ppige tundma, kuidas m\u00e4ngida online loteriid ja milliseid auhindu saab v\u00f5ita.","breadcrumb":{"@id":"https:\/\/jackpotlotteryonline.com\/et\/kuidas-mangida\/la-primitiva-2\/#breadcrumb"},"inLanguage":"et","potentialAction":[{"@type":"ReadAction","target":["https:\/\/jackpotlotteryonline.com\/et\/kuidas-mangida\/la-primitiva-2\/"]}]},{"@type":"ImageObject","inLanguage":"et","@id":"https:\/\/jackpotlotteryonline.com\/et\/kuidas-mangida\/la-primitiva-2\/#primaryimage","url":"https:\/\/jackpotlotteryonline.com\/wp-content\/uploads\/2022\/11\/1_lotto_jackpot_online-257x300.jpg","contentUrl":"https:\/\/jackpotlotteryonline.com\/wp-content\/uploads\/2022\/11\/1_lotto_jackpot_online-257x300.jpg"},{"@type":"BreadcrumbList","@id":"https:\/\/jackpotlotteryonline.com\/et\/kuidas-mangida\/la-primitiva-2\/#breadcrumb","itemListElement":[{"@type":"ListItem","position":1,"name":"Home","item":"https:\/\/jackpotlotteryonline.com\/et\/"},{"@type":"ListItem","position":2,"name":"Kuidas m\u00e4ngida","item":"https:\/\/jackpotlotteryonline.com\/et\/kuidas-mangida\/"},{"@type":"ListItem","position":3,"name":"m\u00e4ngida La Primitiva online"}]},{"@type":"WebSite","@id":"https:\/\/jackpotlotteryonline.com\/#website","url":"https:\/\/jackpotlotteryonline.com\/","name":"Lotto Online - Crack The International Lottery Jackpots","description":"","potentialAction":[{"@type":"SearchAction","target":{"@type":"EntryPoint","urlTemplate":"https:\/\/jackpotlotteryonline.com\/?s={search_term_string}"},"query-input":"required name=search_term_string"}],"inLanguage":"et"}]}},"_links":{"self":[{"href":"https:\/\/jackpotlotteryonline.com\/et\/wp-json\/wp\/v2\/pages\/39189","targetHints":{"allow":["GET"]}}],"collection":[{"href":"https:\/\/jackpotlotteryonline.com\/et\/wp-json\/wp\/v2\/pages"}],"about":[{"href":"https:\/\/jackpotlotteryonline.com\/et\/wp-json\/wp\/v2\/types\/page"}],"author":[{"embeddable":true,"href":"https:\/\/jackpotlotteryonline.com\/et\/wp-json\/wp\/v2\/users\/1"}],"replies":[{"embeddable":true,"href":"https:\/\/jackpotlotteryonline.com\/et\/wp-json\/wp\/v2\/comments?post=39189"}],"version-history":[{"count":0,"href":"https:\/\/jackpotlotteryonline.com\/et\/wp-json\/wp\/v2\/pages\/39189\/revisions"}],"up":[{"embeddable":true,"href":"https:\/\/jackpotlotteryonline.com\/et\/wp-json\/wp\/v2\/pages\/35684"}],"wp:attachment":[{"href":"https:\/\/jackpotlotteryonline.com\/et\/wp-json\/wp\/v2\/media?parent=39189"}],"curies":[{"name":"wp","href":"https:\/\/api.w.org\/{rel}","templated":true}]}}