{"id":39274,"date":"2022-11-23T07:41:23","date_gmt":"2022-11-23T07:41:23","guid":{"rendered":"https:\/\/jackpotlotteryonline.com\/?page_id=39274"},"modified":"2024-07-07T09:42:36","modified_gmt":"2024-07-07T09:42:36","slug":"lotto-america","status":"publish","type":"page","link":"https:\/\/jackpotlotteryonline.com\/et\/kuidas-mangida\/lotto-america\/","title":{"rendered":"M\u00e4ngi Lotto America online"},"content":{"rendered":"<p>Kas sa tahad \u00f5ppida, kuidas panustada Lotto America&#8217;s kus iganes maailmas? USAs on m\u00f5ned maailma suurimad loteriid, nagu Lotto America. Huvitaval kombel on see ka loto, mida sageli unustatakse tema palju suuremate sugulaste, Powerballi ja Mega Millions&#8217;i kasuks. Siiski on m\u00f5ned kogenud m\u00e4ngijad, kes teavad, kui uskumatu on selle jackpot, lisaks on selle v\u00f5itmise t\u00f5en\u00e4osus palju v\u00e4iksem kui n\u00e4iteks USA Powerballil. Seega, kui otsite USA loto, mis annab teile suurema v\u00f5imaluse v\u00f5ita jackpot kui teised loteriid, siis peaksite vaatama Lotto America&#8217;t.<\/p>\n<p>On t\u00f5si, et Lotto America on USAs asuv loto ja seega m\u00fc\u00fcakse pileteid USAs. Siiski saavad m\u00e4ngurid osta selle loterii pileteid, kasutades sellist saiti nagu jackpotlotteryonline.com. Me jagame selle kohta m\u00f5ningaid \u00fcksikasju ja anname endast parima, et vastata ka sagedastele k\u00fcsimustele, mida Lotto America kohta on k\u00fcsitud.<\/p>\n<p>J\u00e4tka lugemist, et saada teavet Lotto Ameerika kohta ja selle kohta, kuidas piletite ostmise ja v\u00f5itude kogumise protsessis orienteeruda.<\/p>\n<section class=\"layout\" style=\"border: solid 1px; width: 100%;\">\n<div class=\"img-div\" style=\"margin-top: 5px;\"><img decoding=\"async\" class=\"wp-image-17212 alignleft\" style=\"height: 45px; margin: 8px 8px 0px;\" src=\"https:\/\/jackpotlotteryonline.com\/wp-content\/uploads\/2022\/11\/read1.jpg\" alt=\"Loe \" width=\"\" height=\"\" \/><\/div>\n<div style=\"padding-left: 5px;\">\n<div style=\"font-size: 1.1em;\">\n<p><strong>Valige v\u00f5itnud loto numbrid k\u00e4sitsi v\u00f5i kasutades RNG-d.<\/strong><\/p>\n<p style=\"font-size: 0.85em; margin-top: -1.5em;\">Kuidas genereerida v\u00f5itnud loto numbreid?\u00a0 <a href=\"https:\/\/jackpotlotteryonline.com\/et\/kuidas-genereerida-voitnud-loto-numbrid\"> loe edasi<\/a><\/p>\n<\/div>\n<\/div>\n<\/section>\n<h2>Natuke Lotto Ameerika kohta<\/h2>\n<p><img loading=\"lazy\" decoding=\"async\" class=\"alignright size-full wp-image-29534\" src=\"https:\/\/jackpotlotteryonline.com\/wp-content\/uploads\/2022\/11\/1_results_lottery_online5.jpg\" alt=\"m\u00e4ngida loto America online\" width=\"300\" height=\"200\" \/><\/p>\n<p>V\u00f5rreldes teiste loteriidega \u00fcle maailma on Lotto America suhteliselt uus. See loodi 2017. aastal ja on tegutsenud alles 5 aastat ning loodi Hot Lotto asemele, mis oli t\u00e4is skandaale. Me ei hakka teid \u00fcksikasjadega t\u00fc\u00fctama, piisab sellest, et Lotto America on oma 5 tegutsemisaasta jooksul olnud skandaalivaba.<\/p>\n<p>Lotto America on mitme osariigi loterii, mis t\u00e4hendab, et seda pakutakse mitmes Ameerika osariigis. Nende osariikide elanikud saavad h\u00f5lpsasti osta Lotto America pileteid, minnes \u00fcksk\u00f5ik millisesse loteriim\u00fc\u00fcjasse \u00fcle kogu osariigi. Aga mis juhtub, kui elad v\u00e4ljaspool USA-d?<\/p>\n<p>Nende m\u00e4ngijate jaoks, kes elavad v\u00e4ljaspool USAd ja soovivad osaleda Lotto Amerikas, on lihtne lahendus. Internet on v\u00f5imaldanud m\u00e4ngijatel \u00fcle kogu maailma osaleda rahvusvahelistes tipploteriides, tehes oma panused online-loterii m\u00fc\u00fcja kaudu. J\u00e4rgnevalt jagame n\u00f5uandeid, kuidas m\u00e4ngida Lotto America&#8217;t internetis.<\/p>\n<h2>Lotto Ameerika online m\u00e4ngimine<\/h2>\n<p>Esimene samm Lotto America online m\u00e4ngimiseks on leida veebisait, mis v\u00f5imaldab teil <a href=\"https:\/\/jackpotlotteryonline.com\/et\/kuidas-osta-loteriipileteid-internetis\/lotto-america\">pileteid osta<\/a>. See tundub veidi ilmselge, kuid kohe n\u00e4ete, et see ei ole nii lihtne, kui tundub.<\/p>\n<p>T\u00f5si on see, et on mitmeid saite, mis v\u00e4idavad, et pakuvad m\u00e4ngijatele v\u00f5imalust osaleda Lotto America&#8217;s. Kuid nad pakuvad ainult v\u00f5imalusi panustada loto tulemusele. Kui ostate sellelt saidilt pileteid, ei ole te tegelikult Lotto Amerikasse sisenenud ja isegi kui te k\u00f5ik loositud numbrid tabate, ei v\u00f5ida te jackpotit. Seega on kasutatava saidi valimine v\u00e4ga oluline.<\/p>\n<p><strong>Kui olete saidi kasuks otsustanud, j\u00e4rgige allj\u00e4rgnevaid samme:<\/strong><\/p>\n<ol>\n<li>K\u00fclastage saiti, mida soovite kasutada, ja kl\u00f5psake Lotto America<\/li>\n<li>Valige 5 numbrit vahemikust 1 kuni 52 (kui te ei ole kindel, milliseid numbreid kasutada, proovige automaatset numbrigeneraatorit).<\/li>\n<li>Seej\u00e4rel valige boonusnumber (Star Ball) vahemikus 1 kuni 10.<\/li>\n<li>Ostke t\u00e4iendavaid numbriridu suurema v\u00f5iduv\u00f5imaluse saamiseks<\/li>\n<li><a href=\"https:\/\/jackpotlotteryonline.com\/et\/winning-numbers\/lotto-america\">V\u00f5ta osa loosimisest<\/a> (v\u00f5id osaleda rohkem kui \u00fches loosimises).<\/li>\n<li>Registreerige ja makske oma osaluste eest.<\/li>\n<\/ol>\n<h2>Millest on tegemist tellimusteenusega?<\/h2>\n<p>Kui kasutate sellist saiti nagu meie, siis on olemas niinimetatud tellimusteenus, mis v\u00f5imaldab sujuvat ja stressivaba panustamist. Kuigi on t\u00e4iesti okei olla \u00fchekordne m\u00e4ngija (kui te seda eelistate), m\u00e4ngib enamik kihlveokorraldajaid sageli. Parim viis v\u00f5ita Lotto America&#8217;t on panustada regulaarselt ja see ongi see, mida see teenus endast kujutab.<\/p>\n<p>Saate selle seadistada nii, et saate automaatselt osaleda tulevastes loosimistes. Lotto Amerikal on igal n\u00e4dalal 3 loosimisp\u00e4eva: Esmasp\u00e4eviti, kolmap\u00e4eviti ja laup\u00e4eviti. Olgem ausad, v\u00f5ib muutuda veidi v\u00e4sitavaks, kui p\u00fc\u00fcate iga loosimise jaoks pileteid osta, kuid sellep\u00e4rast me siin olemegi.<\/p>\n<p>Kui olete seadistanud tellimusteenuse, saate l\u00f5\u00f5gastuda ja teada, et te ei pea \u00fchegi Lotto America loosimise vahele j\u00e4tma.<\/p>\n<h2>Meie concierge-teenuste kohta<\/h2>\n<p>Me mainisime, et Lotto America m\u00e4ngimiseks on ohtlik kasutada lihtsalt \u00fcksk\u00f5ik millist veebisaiti internetis. Aga kuidas te teate, et meie saidil m\u00e4ngides sisenete Lotto Amerikasse? Noh, see on lihtne. Pakume teenust, mis aitab teil osta pileti selles riigis, kus loteriid m\u00e4ngitakse. Samuti h\u00f5lbustame teie n\u00f5uete esitamist, kui te v\u00f5idate. P\u00f5him\u00f5tteliselt v\u00f5ite meist m\u00f5elda kui loteriim\u00e4ngijate concierge-teenusest.<\/p>\n<p>Kui m\u00e4ngite meie saidil Lotto America&#8217;t, siis juhtub see nii. Kui olete valinud oma numbrid ja teinud makse, ostab meie agent USAs f\u00fc\u00fcsilise pileti, kasutades teie numbreid. See on muidugi teie valitud loosimiseks. Seej\u00e4rel skaneeritakse see pilet ja laaditakse teie kontole.<\/p>\n<p>See on t\u00e4iesti seaduslik viis m\u00e4ngida Lotto America&#8217;t \u00fcksk\u00f5ik millisest maailma osast. Lisaks tagab see, et te t\u00f5esti osalete valitud loteriis.<\/p>\n<h2>Jooniste kontrollimine<\/h2>\n<p><img loading=\"lazy\" decoding=\"async\" class=\"alignright size-full wp-image-30506\" src=\"https:\/\/jackpotlotteryonline.com\/wp-content\/uploads\/2022\/11\/3_screen_buy_lotto_tickets_online.jpg\" alt=\"Lotto Ameerika joonistused\" width=\"300\" height=\"217\" \/><\/p>\n<p>Lotto Amerikal on kolm loosimisp\u00e4eva n\u00e4dalas, esmasp\u00e4ev, kolmap\u00e4ev ja laup\u00e4ev. Loosimiste ajal kuulutatakse v\u00e4lja v\u00f5idupilet. Jackpoti v\u00f5itmiseks peab teie pilet vastama kuuele loositud numbrile. Lotto America jackpoti auhinnad algavad 2 miljonist dollarist ja need v\u00f5ivad edasi veereda, kui p\u00e4rast loosimist ei ole v\u00f5itjat.<\/p>\n<p>Kuna p\u00e4rast iga loosimist (kui v\u00f5itjat ei ole), siis v\u00f5ib see ulatuda kuni 18 miljoni dollarini. See on korralik summa, mida v\u00f5ita, eks?<\/p>\n<p>P\u00e4rast iga loosimist saad meie veebisaidilt teada, kas oled v\u00f5itnud auhinna. Lotto America&#8217;s on 9 erinevat auhinnakategooriat ja kui sa v\u00f5idad m\u00f5ne auhinna, saadame sulle e-kirja, milles teavitame sind.<\/p>\n<h2>Kuidas n\u00f5uda oma v\u00f5itu<\/h2>\n<p>\u00dcks k\u00fcsimus, mida me m\u00e4ngijatelt sageli kuuleme, on see, kuidas p\u00e4\u00e4seda ligi oma v\u00f5itudele, kui nad osalevad Lotto America v\u00f5rgus. Kui ostate Lotto America pileteid meie saidi kaudu, pakume lihtsat ja muretut meetodit oma v\u00f5itude k\u00e4ttesaamiseks. V\u00f5idud, mis on 2500 eurot, kantakse teie kontole ja seej\u00e4rel saate selle ilma lisakuludeta v\u00e4lja v\u00f5tta.<\/p>\n<p>Kui v\u00f5idad suurema summa, on menetlus veidi teistsugune. Pakume teile n\u00f5udeavalduse vormi, mille saate t\u00e4ita ja kui olete selle t\u00e4itnud, t\u00f6\u00f6tleme n\u00f5ude teie eest. Selle p\u00f5hjuseks on see, et peate end identifitseerima. Samuti v\u00f5ib m\u00f5nel loteriiettev\u00f5ttel olla vaja, et suuremate summade k\u00e4ttesaamiseks ilmuksite isiklikult kohale. Kui see juhtub, anname teile sellest kohe teada.<\/p>\n<h2>Osta pileteid Lotto America&#8217;s koos meiega<\/h2>\n<p>Oleme aastaid kasutanud kaasaegset tehnoloogiat ja kaevandanud ulatuslikke kogemusi, et pakkuda kohta, kus m\u00e4ngurid saavad turvaliselt pileteid osta. Saate h\u00f5lpsasti osta pileteid Lotto America v\u00f5i mis tahes rahvusvahelisele loteriile, mis on meie saidil.<\/p>\n<p>Miks mitte osta oma piletit meilt juba t\u00e4na, sisestades Lotto America? Me hoolitseme \u00fcksikasjade eest, et te saaksite teha seda, mida te k\u00f5ige rohkem armastate. K\u00fclastage jackpotlotteryonline.com rohkem teavet.<\/p>\n","protected":false},"excerpt":{"rendered":"<p>Kas sa tahad \u00f5ppida, kuidas panustada Lotto America&#8217;s kus iganes maailmas? USAs on m\u00f5ned maailma suurimad loteriid, nagu Lotto America. Huvitaval kombel on see ka loto, mida sageli unustatakse tema palju suuremate sugulaste, Powerballi ja Mega Millions&#8217;i kasuks. Siiski on m\u00f5ned kogenud m\u00e4ngijad, kes teavad, kui uskumatu on selle jackpot, lisaks on selle v\u00f5itmise t\u00f5en\u00e4osus [&hellip;]<\/p>\n","protected":false},"author":1,"featured_media":0,"parent":35684,"menu_order":13,"comment_status":"closed","ping_status":"closed","template":"lotto-america.php","meta":{"_et_pb_use_builder":"","_et_pb_old_content":"","_et_gb_content_width":"","exclude_from_search":false,"footnotes":""},"class_list":["post-39274","page","type-page","status-publish","hentry"],"yoast_head":"<!-- This site is optimized with the Yoast SEO plugin v23.3 - https:\/\/yoast.com\/wordpress\/plugins\/seo\/ -->\n<title>M\u00e4ngi Lotto America online<\/title>\n<meta name=\"robots\" content=\"index, follow, max-snippet:-1, max-image-preview:large, max-video-preview:-1\" \/>\n<link rel=\"canonical\" href=\"https:\/\/jackpotlotteryonline.com\/et\/kuidas-mangida\/lotto-america\/\" \/>\n<meta property=\"og:locale\" content=\"et_EE\" \/>\n<meta property=\"og:type\" content=\"article\" \/>\n<meta property=\"og:title\" content=\"M\u00e4ngi Lotto America online\" \/>\n<meta property=\"og:description\" content=\"Kas sa tahad \u00f5ppida, kuidas panustada Lotto America&#8217;s kus iganes maailmas? USAs on m\u00f5ned maailma suurimad loteriid, nagu Lotto America. Huvitaval kombel on see ka loto, mida sageli unustatakse tema palju suuremate sugulaste, Powerballi ja Mega Millions&#8217;i kasuks. Siiski on m\u00f5ned kogenud m\u00e4ngijad, kes teavad, kui uskumatu on selle jackpot, lisaks on selle v\u00f5itmise t\u00f5en\u00e4osus [&hellip;]\" \/>\n<meta property=\"og:url\" content=\"https:\/\/jackpotlotteryonline.com\/et\/kuidas-mangida\/lotto-america\/\" \/>\n<meta property=\"og:site_name\" content=\"Lotto Online - Crack The International Lottery Jackpots\" \/>\n<meta property=\"article:modified_time\" content=\"2024-07-07T09:42:36+00:00\" \/>\n<meta property=\"og:image\" content=\"https:\/\/jackpotlotteryonline.com\/wp-content\/uploads\/2022\/11\/read1.jpg\" \/>\n<meta name=\"twitter:card\" content=\"summary_large_image\" \/>\n<meta name=\"twitter:label1\" content=\"Est. reading time\" \/>\n\t<meta name=\"twitter:data1\" content=\"5 minutit\" \/>\n<!-- \/ Yoast SEO plugin. -->","yoast_head_json":{"title":"M\u00e4ngi Lotto America online","robots":{"index":"index","follow":"follow","max-snippet":"max-snippet:-1","max-image-preview":"max-image-preview:large","max-video-preview":"max-video-preview:-1"},"canonical":"https:\/\/jackpotlotteryonline.com\/et\/kuidas-mangida\/lotto-america\/","og_locale":"et_EE","og_type":"article","og_title":"M\u00e4ngi Lotto America online","og_description":"Kas sa tahad \u00f5ppida, kuidas panustada Lotto America&#8217;s kus iganes maailmas? USAs on m\u00f5ned maailma suurimad loteriid, nagu Lotto America. Huvitaval kombel on see ka loto, mida sageli unustatakse tema palju suuremate sugulaste, Powerballi ja Mega Millions&#8217;i kasuks. Siiski on m\u00f5ned kogenud m\u00e4ngijad, kes teavad, kui uskumatu on selle jackpot, lisaks on selle v\u00f5itmise t\u00f5en\u00e4osus [&hellip;]","og_url":"https:\/\/jackpotlotteryonline.com\/et\/kuidas-mangida\/lotto-america\/","og_site_name":"Lotto Online - Crack The International Lottery Jackpots","article_modified_time":"2024-07-07T09:42:36+00:00","og_image":[{"url":"https:\/\/jackpotlotteryonline.com\/wp-content\/uploads\/2022\/11\/read1.jpg"}],"twitter_card":"summary_large_image","twitter_misc":{"Est. reading time":"5 minutit"},"schema":{"@context":"https:\/\/schema.org","@graph":[{"@type":"WebPage","@id":"https:\/\/jackpotlotteryonline.com\/et\/kuidas-mangida\/lotto-america\/","url":"https:\/\/jackpotlotteryonline.com\/et\/kuidas-mangida\/lotto-america\/","name":"M\u00e4ngi Lotto America online","isPartOf":{"@id":"https:\/\/jackpotlotteryonline.com\/#website"},"primaryImageOfPage":{"@id":"https:\/\/jackpotlotteryonline.com\/et\/kuidas-mangida\/lotto-america\/#primaryimage"},"image":{"@id":"https:\/\/jackpotlotteryonline.com\/et\/kuidas-mangida\/lotto-america\/#primaryimage"},"thumbnailUrl":"https:\/\/jackpotlotteryonline.com\/wp-content\/uploads\/2022\/11\/read1.jpg","datePublished":"2022-11-23T07:41:23+00:00","dateModified":"2024-07-07T09:42:36+00:00","breadcrumb":{"@id":"https:\/\/jackpotlotteryonline.com\/et\/kuidas-mangida\/lotto-america\/#breadcrumb"},"inLanguage":"et","potentialAction":[{"@type":"ReadAction","target":["https:\/\/jackpotlotteryonline.com\/et\/kuidas-mangida\/lotto-america\/"]}]},{"@type":"ImageObject","inLanguage":"et","@id":"https:\/\/jackpotlotteryonline.com\/et\/kuidas-mangida\/lotto-america\/#primaryimage","url":"https:\/\/jackpotlotteryonline.com\/wp-content\/uploads\/2022\/11\/read1.jpg","contentUrl":"https:\/\/jackpotlotteryonline.com\/wp-content\/uploads\/2022\/11\/read1.jpg"},{"@type":"BreadcrumbList","@id":"https:\/\/jackpotlotteryonline.com\/et\/kuidas-mangida\/lotto-america\/#breadcrumb","itemListElement":[{"@type":"ListItem","position":1,"name":"Home","item":"https:\/\/jackpotlotteryonline.com\/et\/"},{"@type":"ListItem","position":2,"name":"Kuidas m\u00e4ngida","item":"https:\/\/jackpotlotteryonline.com\/et\/kuidas-mangida\/"},{"@type":"ListItem","position":3,"name":"M\u00e4ngi Lotto America online"}]},{"@type":"WebSite","@id":"https:\/\/jackpotlotteryonline.com\/#website","url":"https:\/\/jackpotlotteryonline.com\/","name":"Lotto Online - Crack The International Lottery Jackpots","description":"","potentialAction":[{"@type":"SearchAction","target":{"@type":"EntryPoint","urlTemplate":"https:\/\/jackpotlotteryonline.com\/?s={search_term_string}"},"query-input":"required name=search_term_string"}],"inLanguage":"et"}]}},"_links":{"self":[{"href":"https:\/\/jackpotlotteryonline.com\/et\/wp-json\/wp\/v2\/pages\/39274","targetHints":{"allow":["GET"]}}],"collection":[{"href":"https:\/\/jackpotlotteryonline.com\/et\/wp-json\/wp\/v2\/pages"}],"about":[{"href":"https:\/\/jackpotlotteryonline.com\/et\/wp-json\/wp\/v2\/types\/page"}],"author":[{"embeddable":true,"href":"https:\/\/jackpotlotteryonline.com\/et\/wp-json\/wp\/v2\/users\/1"}],"replies":[{"embeddable":true,"href":"https:\/\/jackpotlotteryonline.com\/et\/wp-json\/wp\/v2\/comments?post=39274"}],"version-history":[{"count":0,"href":"https:\/\/jackpotlotteryonline.com\/et\/wp-json\/wp\/v2\/pages\/39274\/revisions"}],"up":[{"embeddable":true,"href":"https:\/\/jackpotlotteryonline.com\/et\/wp-json\/wp\/v2\/pages\/35684"}],"wp:attachment":[{"href":"https:\/\/jackpotlotteryonline.com\/et\/wp-json\/wp\/v2\/media?parent=39274"}],"curies":[{"name":"wp","href":"https:\/\/api.w.org\/{rel}","templated":true}]}}