{"id":39471,"date":"2022-11-24T11:08:44","date_gmt":"2022-11-24T11:08:44","guid":{"rendered":"https:\/\/jackpotlotteryonline.com\/?page_id=39471"},"modified":"2023-01-03T17:26:53","modified_gmt":"2023-01-03T17:26:53","slug":"mega-sena-2","status":"publish","type":"page","link":"https:\/\/jackpotlotteryonline.com\/et\/kuidas-mangida\/mega-sena-2\/","title":{"rendered":"M\u00e4ngi Mega-Sena loterii online"},"content":{"rendered":"<p>Kas sa tahad osta Mega-Sena loterii pileteid \u00fcksk\u00f5ik kus maailmas? Mega-Sena on Brasiilia suurim loterii ja see on toimunud alates 1996. aastast. Miljonid lotof\u00e4nnid Brasiilias kiirustavad enne iga loosimist Mega-Sena pileteid ostma ja n\u00fc\u00fcd saavad ka m\u00e4ngijad \u00fcle maailma osaleda v\u00f5imaluses v\u00f5ita miljoneid reale.<\/p>\n<p>\u00dcks p\u00f5hjus, miks Mega-Sena on nii populaarne, on ehk see, et seda korraldab pank, mis on Brasiilia suurim riigile kuuluv pank. Pangale kuuluva loterii piletite ostmisel peab olema midagi rahustavat ja usaldusv\u00e4\u00e4rset.<\/p>\n<p>Neile, kes elavad v\u00e4ljaspool Brasiiliat, ei ole Mega-Sena loteriis osalemine enam k\u00e4ttesaamatu soov. \u00dcksk\u00f5ik, kus te ka ei elaksite, saate Mega-Sena loteriisse p\u00e4\u00e4seda, kui olete muidugi \u00fcle seadusliku vanuse. Kui soovite teada, kuidas saate ligip\u00e4\u00e4su Brasiilia lotopiletitele, lugege edasi.<\/p>\n<p>Mega-Sena ei ole ainus loto, mida saab m\u00e4ngida \u00fcksk\u00f5ik kust. K\u00fclastage meid aadressil jackpotlotteryonline.com, et teada saada rohkem teavet tipptasemel rahvusvaheliste loteriide kohta, millele saate juurdep\u00e4\u00e4su.<\/p>\n<h2>Kuidas m\u00e4ngida Mega-Sena online<\/h2>\n<p>Olenemata sellest, kas olete Brasiilias v\u00f5i kontinendi kaugusel, saate m\u00e4ngida Mega-Sena&#8217;t. Selleks on v\u00f5imalik <a href=\"https:\/\/jackpotlotteryonline.com\/et\/kuidas-osta-loteriipileteid-internetis\/mega-sena\">osta pileteid meie<\/a> kaudu veebist. Me anname kasutajatele juurdep\u00e4\u00e4su loteriidele \u00fcle kogu maailma, sealhulgas Mega-Sena. Kui kasutate Mega-Sena m\u00e4ngimiseks meie saiti, pakume stressivaba protsessi.<\/p>\n<p>Esimene samm on k\u00fclastada meie veebisaiti, seej\u00e4rel kl\u00f5psake Mega-Sena loterii lingile. Seej\u00e4rel peate valima 6 numbrit vahemikust 1 kuni 60. Saate valida kuni 6 numbrikomplekti igaks loosimiseks, et suurendada oma v\u00f5imalusi jackpoti v\u00f5itmiseks. Kui olete oma numbrid valinud, valige loosimisp\u00e4evad ja l\u00f5petage protsess.<\/p>\n<p>Kui m\u00e4ngite internetis, on oluline kasutada teenust, mis annab teile juurdep\u00e4\u00e4su Mega-Sena m\u00e4ngule. Vaadake, paljud saidid lubavad seda, kuid kui te loete peenet\u00fckki, leiate, et nad lubavad teil panustada ainult loto tulemusele. Kui ostate Mega-Sena pileteid meie saidilt, siis tagame, et saate osa Mega-Senast ja kui teie pilet langeb kokku loositud numbritega, siis te v\u00f5idate.<\/p>\n<h2>Kuidas v\u00f5ita Mega-Sena<\/h2>\n<p><img loading=\"lazy\" decoding=\"async\" class=\"size-medium wp-image-28319 alignright\" src=\"http:\/\/jackpotlotteryonline.com\/wp-content\/uploads\/2022\/11\/1_mega_lottery_jackpot-300x207.jpg\" alt=\"v\u00f5ita Mega-Sena loterii\" width=\"300\" height=\"207\" srcset=\"https:\/\/jackpotlotteryonline.com\/wp-content\/uploads\/2022\/11\/1_mega_lottery_jackpot-300x207.jpg 300w, https:\/\/jackpotlotteryonline.com\/wp-content\/uploads\/2022\/11\/1_mega_lottery_jackpot.jpg 320w\" sizes=\"auto, (max-width: 300px) 100vw, 300px\" \/><\/p>\n<p>Langev raha. Lendavad rohelised pangat\u00e4hed isoleeritud valgel, lamedad rahakonfetid, loteriiv\u00f5idu kontseptsioon. Vektorillustratsioon b\u00e4nneri teenimine raha taustal<\/p>\n<p><a href=\"https:\/\/jackpotlotteryonline.com\/et\/winning-numbers\/mega-sena\">Mega-Sena v\u00f5itmine<\/a> t\u00e4hendab, et sa sobid v\u00e4lja loositud numbritega. P\u00f5him\u00f5tteliselt on 6 numbrit, mis loositakse juhuslikult v\u00e4lja v\u00f5imalikust 60 numbrist. Iga pilet, mis vastab 6 loositud numbrile, v\u00f5idab jackpoti.<\/p>\n<p>Mega-Sena loosimised toimuvad kaks korda n\u00e4dalas kolmap\u00e4eviti ja laup\u00e4eviti. Mega-Sena pileteid ostes saate valida, millises loosimises osaleda. V\u00f5ite osaleda ka mitmes loosimises. Seda teevad tippm\u00e4ngijad, et tagada v\u00f5imalikult palju v\u00f5imalusi jackpoti v\u00f5itmiseks.<\/p>\n<p>Veel \u00fcks eelis meie saidi kasutamisel on see, et saate h\u00f5lpsasti luua automaatse tellimusteenuse Mega-Sena piletite ostmiseks. See t\u00e4hendab, et te ei pea igal loosimisel k\u00e4sitsi sisestama. Selliseid asju on lihtne unustada ja m\u00f5elda, kui kohutavalt sa end tunneksid, kui loosimine, kuhu sa ei sisenenud, oleks olnud see, mille sa oleksid v\u00f5inud v\u00f5ita. Seadistage see nii, et teid sisestatakse automaatselt igasse loosimisse.<\/p>\n<h2>Mega-Sena Jackpot<\/h2>\n<p>Jackpoti auhind algab 3 miljonist R$ ja kui p\u00e4rast loosimist ei ole v\u00f5itjat, kasvab see suuremaks. Ja see v\u00f5ib kasvada \u00fcsna suureks. T\u00f5en\u00e4osus v\u00f5ita jackpot on 1:50 miljonit, mis on t\u00f5esti hea, kui v\u00f5rrelda teiste rahvusvaheliste tipploteriidega.<\/p>\n<p>Suurim jackpot, mille keegi on Mega-Sena&#8217;st v\u00f5itnud, oli umbes 53 miljonit eurot. See on igas m\u00f5ttes elu muutev summa. Ja suurim Mega-Sena jackpot, mis on kunagi olnud, oli lausa 73 miljonit eurot.<\/p>\n<p>Kuigi Mega-Sena jackpot ei k\u00fc\u00fcndi miljarditesse dollaritesse, ei ole kahtlust, et m\u00e4ngija v\u00f5ib sellest loteriist suurelt v\u00f5ita. Kui olete selle lotoga seoses k\u00f5hklevalt istunud, siis n\u00fc\u00fcd on aeg maha h\u00fcpata ja pilet osta.<\/p>\n<h2>Auhinnad, mida v\u00f5ite v\u00f5ita<\/h2>\n<p>Me oleme p\u00f5hjalikult r\u00e4\u00e4kinud Mega-Sena jackpotist, mis on \u00fclim auhind, mida iga m\u00e4ngija v\u00f5ib selles lotom\u00e4ngus osaledes v\u00f5ita. Kuid jackpot ei ole ainus auhind, mida Mega-Sena f\u00e4nnid v\u00f5ivad v\u00f5ita.<\/p>\n<p>Mega-Sena m\u00e4ngus on kokku 3 auhinnaklassi, sealhulgas jackpot. Siiski on veidi raske \u00f6elda, kui suured auhinnad t\u00e4pselt on, sest igale tasandile on eraldatud teatud protsent auhinnafondist. Uuri auhinnaklasside kohta edasi.<\/p>\n<p>Jackpot &#8211; Sena: 6 numbri kokkulangevus &#8211; 35% auhinnafondist<\/p>\n<p>2. tasand &#8211; Quina: 5 numbrit &#8211; 19% auhinnafondist<\/p>\n<p>Tasand 3 &#8211; Quadra: 4 numbrit &#8211; 19% auhinnafondist.<\/p>\n<h2>Mega da virada<\/h2>\n<p>Mis on mega da virada? Kui olete kunagi uurinud Mega-Sena m\u00e4ngimist, siis olete kohanud mega da virada. Kas see on veel \u00fcks m\u00e4ng v\u00f5i auhinnakategooria? Noh, see ei ole kumbagi. Selle asemel on see osa Mega-Sena loteriist, kuid see on eriline loosimine, mis toimub igal aastal uue aasta \u00f5htul.<\/p>\n<p>Mega da virada on \u00fcks, mis meelitab kogenud m\u00e4ngureid k\u00f5ikjal, sest jackpot on tavaliselt v\u00e4ga suur. 2022. aasta jackpot on lausa 450 miljonit R$ ja see on v\u00e4idetavalt Mega-Sena ajaloo suurim auhind! Pole ime, et lotoentusiastid tormavad selle loosimise osav\u00f5tte ostmiseks.<\/p>\n<p>Mega da virada saab osaleda siinsamas meie saidil. Te ei pea l\u00e4bima karikaid ja silmuseid, ainult selleks, et mega da virada&#8217;sse siseneda. Avaldame teile \u00fche saladuse: mega da virada on tegelikult Mega-Sena, kuid see on aasta viimane loosimine. See on k\u00f5ik. Nii et astu 31. detsembri Mega-Sena loosimisele, et saada v\u00f5imalus v\u00f5ita suurelt.<\/p>\n<h2>T\u00f5de Mega-Sena loterii online m\u00e4ngimise kohta<\/h2>\n<p><img loading=\"lazy\" decoding=\"async\" class=\"alignright size-medium wp-image-32000\" src=\"http:\/\/jackpotlotteryonline.com\/wp-content\/uploads\/2022\/11\/1_mega_lotto_ticket-213x300.jpg\" alt=\"Mega-Sena loterii online pilet\" width=\"213\" height=\"300\" srcset=\"https:\/\/jackpotlotteryonline.com\/wp-content\/uploads\/2022\/11\/1_mega_lotto_ticket-213x300.jpg 213w, https:\/\/jackpotlotteryonline.com\/wp-content\/uploads\/2022\/11\/1_mega_lotto_ticket.jpg 320w\" sizes=\"auto, (max-width: 213px) 100vw, 213px\" \/><\/p>\n<p>Okei, me tahaksime v\u00f5tta paar minutit, et anda teile m\u00f5ned n\u00f5uanded Mega-Sena m\u00e4ngimise kohta internetis. Enne Mega-Sena pileti ostmist peate olema kindel, et osalete loteriis. Parim viis on v\u00e4lja selgitada, kas sait tegutseb nagu agent. See t\u00e4hendab, et neil on Brasiilias agendid, kes ostavad f\u00fc\u00fcsilisi Mega-Sena pileteid.<\/p>\n<p>Teine asi, mida selle m\u00e4ngu kohta t\u00e4hele panna, on see, et tegemist on numbrim\u00e4nguga. P\u00f5him\u00f5tteliselt on k\u00f5ik seotud sellega, kui \u00f5nnelik sa oled. Siiski on m\u00f5ned viisid, kuidas saad \u00f5nne kaasa aidata ja oma v\u00f5iduv\u00f5imalusi suurendada. \u00dcks v\u00f5imalus on osta mitu osalust.<\/p>\n<p>Mega-Sena on kihlveokontode jaoks t\u00f5esti hea koefitsient, nii et mida rohkem pileteid ostad, seda suuremad on sinu v\u00f5imalused loteriiv\u00f5iduks. Sama kehtib ka mitme loosimise puhul. Alati on hea m\u00e4nguplaan osaleda mitmes loosimises.<\/p>\n<h2>Miks peaksite meiega loteriid m\u00e4ngima<\/h2>\n<p>On mitmeid loteriisaite, mis pakuvad sulle v\u00f5imalust m\u00e4ngida Mega-Sena loteriid. Miks peaksite valima hoopis meid?<\/p>\n<ul>\n<li>Me oleme concierge-sait, kus on loteriivahendajad \u00fcle kogu maailma. Kui ostate meilt Mega-Sena pileti, ostavad meie agendid Brasiilias pileti teie valitud numbritega. See tagab, et te osalete Mega-Sena loosimises.<\/li>\n<li>Saate oma v\u00f5idud (kuni teatud summa ulatuses) meie saidilt v\u00e4lja v\u00f5tta. S\u00f5ltumata sellest, kui palju sa v\u00f5idad, ei v\u00f5ta me mingit komisjonitasu.<\/li>\n<li>Kui ostate pileteid meie saidilt, ei pea te muretsema, et j\u00e4\u00e4te loosimisest ilma. Me avaldame loosimise tulemused meie veebisaidil ja kui sa v\u00f5idad m\u00f5ne auhinna, saadame sulle e-kirja.<\/li>\n<li>Te olete siin turvaline. Me teeme k\u00f5ik endast oleneva, et kaitsta teie piletit, nii et te ei pea kunagi muretsema pileti kaotamise p\u00e4rast.<\/li>\n<\/ul>\n<p>P\u00f5him\u00f5tteliselt t\u00e4hendab loteriipiletite ostmine meilt, et te kindlustate oma meelerahu. Me ei taha, et te muretseksite \u00fcksikasjade p\u00e4rast, seega laske meil sellega tegeleda, samal ajal kui te keskendute sellele, mis on oluline.<\/p>\n<section class=\"layout\" style=\"border: solid 1px; width: 100%;\">\n<div class=\"img-div\" style=\"margin-top: 5px;\"><img decoding=\"async\" class=\"wp-image-17212 alignleft\" style=\"height: 45px; margin: 8px 8px 0px;\" src=\"http:\/\/jackpotlotteryonline.com\/wp-content\/uploads\/2022\/11\/read1.jpg\" alt=\"Loe \" width=\"\" height=\"\" \/><\/div>\n<div style=\"padding-left: 5px;\">\n<div style=\"font-size: 1.1em;\">\n<p><strong>Loteriiv\u00f5itude maksud<\/strong><\/p>\n<p style=\"font-size: 0.85em; margin-top: -1.5em;\">Kas ma pean loteriiv\u00f5itudelt makse maksma?\u00a0<a href=\"https:\/\/jackpotlotteryonline.com\/et\/kas-ma-pean-loteriivoitudelt-makse-maksma\"> loe edasi<\/a><\/p>\n<\/div>\n<\/div>\n<\/section>\n<h2>Registreeru meiega, et m\u00e4ngida Mega-Sena online<\/h2>\n<p>Kas olete valmis Mega-Sena lotom\u00e4ngus osalema? \u00c4rge otsige edasi, lihtsalt registreeruge meil, et alustada. Kui olete registreerunud, saate juurdep\u00e4\u00e4su rahvusvahelistele tipplotodele, sealhulgas Mega-Sena. Parim osa on see, et teie v\u00f5idud on meie juures m\u00e4ngides turvalised; v\u00f5ite oma v\u00f5idud tagasi v\u00f5tta.<\/p>\n<p>Meil on hea meel pakkuda oma klientidele mitmeid valikuid. Miks piirduda vaid \u00fche loteriiga, kui saate m\u00e4ngida rohkem kui kahte tosinat erinevat m\u00e4ngu? Meie saidilt leiad sellised tippm\u00e4ngud nagu USA Powerball, La Primitiva ja Eurojackpot. Iga m\u00e4ngu meie saidil on lihtne siseneda.<\/p>\n<p>On aeg l\u00f5petada aia peal istumine. Kui soovid t\u00f5siselt v\u00f5ita suuri v\u00f5ite, registreeru Mega-Sena m\u00e4ngule juba t\u00e4na. J\u00e4rgmine loosimine v\u00f5ib olla see \u00f5nneloos, mida oled oodanud. Mine n\u00fc\u00fcd meie saidile ja vali suure hulga loteriide hulgast. \u00c4ra unusta planeerida mega da virada.<\/p>\n","protected":false},"excerpt":{"rendered":"<p>Kas sa tahad osta Mega-Sena loterii pileteid \u00fcksk\u00f5ik kus maailmas? Mega-Sena on Brasiilia suurim loterii ja see on toimunud alates 1996. aastast. Miljonid lotof\u00e4nnid Brasiilias kiirustavad enne iga loosimist Mega-Sena pileteid ostma ja n\u00fc\u00fcd saavad ka m\u00e4ngijad \u00fcle maailma osaleda v\u00f5imaluses v\u00f5ita miljoneid reale. \u00dcks p\u00f5hjus, miks Mega-Sena on nii populaarne, on ehk see, et [&hellip;]<\/p>\n","protected":false},"author":1,"featured_media":0,"parent":35684,"menu_order":15,"comment_status":"closed","ping_status":"closed","template":"megasena.php","meta":{"_et_pb_use_builder":"","_et_pb_old_content":"","_et_gb_content_width":"","exclude_from_search":false,"footnotes":""},"class_list":["post-39471","page","type-page","status-publish","hentry"],"yoast_head":"<!-- This site is optimized with the Yoast SEO plugin v23.3 - https:\/\/yoast.com\/wordpress\/plugins\/seo\/ -->\n<title>Osta Mega-Sena pileteid internetis<\/title>\n<meta name=\"description\" content=\"Saate osta Mega-Sena loterii pileteid internetis. Saate teada, kuidas m\u00e4ngida ja oma v\u00f5idud v\u00e4lja maksta just siin.\" \/>\n<meta name=\"robots\" content=\"index, follow, max-snippet:-1, max-image-preview:large, max-video-preview:-1\" \/>\n<link rel=\"canonical\" href=\"https:\/\/jackpotlotteryonline.com\/et\/kuidas-mangida\/mega-sena-2\/\" \/>\n<meta property=\"og:locale\" content=\"et_EE\" \/>\n<meta property=\"og:type\" content=\"article\" \/>\n<meta property=\"og:title\" content=\"Osta Mega-Sena pileteid internetis\" \/>\n<meta property=\"og:description\" content=\"Saate osta Mega-Sena loterii pileteid internetis. Saate teada, kuidas m\u00e4ngida ja oma v\u00f5idud v\u00e4lja maksta just siin.\" \/>\n<meta property=\"og:url\" content=\"https:\/\/jackpotlotteryonline.com\/et\/kuidas-mangida\/mega-sena-2\/\" \/>\n<meta property=\"og:site_name\" content=\"Lotto Online - Crack The International Lottery Jackpots\" \/>\n<meta property=\"article:modified_time\" content=\"2023-01-03T17:26:53+00:00\" \/>\n<meta property=\"og:image\" content=\"http:\/\/jackpotlotteryonline.com\/wp-content\/uploads\/2022\/11\/1_mega_lottery_jackpot-300x207.jpg\" \/>\n<meta name=\"twitter:card\" content=\"summary_large_image\" \/>\n<meta name=\"twitter:label1\" content=\"Est. reading time\" \/>\n\t<meta name=\"twitter:data1\" content=\"6 minutit\" \/>\n<!-- \/ Yoast SEO plugin. -->","yoast_head_json":{"title":"Osta Mega-Sena pileteid internetis","description":"Saate osta Mega-Sena loterii pileteid internetis. Saate teada, kuidas m\u00e4ngida ja oma v\u00f5idud v\u00e4lja maksta just siin.","robots":{"index":"index","follow":"follow","max-snippet":"max-snippet:-1","max-image-preview":"max-image-preview:large","max-video-preview":"max-video-preview:-1"},"canonical":"https:\/\/jackpotlotteryonline.com\/et\/kuidas-mangida\/mega-sena-2\/","og_locale":"et_EE","og_type":"article","og_title":"Osta Mega-Sena pileteid internetis","og_description":"Saate osta Mega-Sena loterii pileteid internetis. Saate teada, kuidas m\u00e4ngida ja oma v\u00f5idud v\u00e4lja maksta just siin.","og_url":"https:\/\/jackpotlotteryonline.com\/et\/kuidas-mangida\/mega-sena-2\/","og_site_name":"Lotto Online - Crack The International Lottery Jackpots","article_modified_time":"2023-01-03T17:26:53+00:00","og_image":[{"url":"http:\/\/jackpotlotteryonline.com\/wp-content\/uploads\/2022\/11\/1_mega_lottery_jackpot-300x207.jpg"}],"twitter_card":"summary_large_image","twitter_misc":{"Est. reading time":"6 minutit"},"schema":{"@context":"https:\/\/schema.org","@graph":[{"@type":"WebPage","@id":"https:\/\/jackpotlotteryonline.com\/et\/kuidas-mangida\/mega-sena-2\/","url":"https:\/\/jackpotlotteryonline.com\/et\/kuidas-mangida\/mega-sena-2\/","name":"Osta Mega-Sena pileteid internetis","isPartOf":{"@id":"https:\/\/jackpotlotteryonline.com\/#website"},"primaryImageOfPage":{"@id":"https:\/\/jackpotlotteryonline.com\/et\/kuidas-mangida\/mega-sena-2\/#primaryimage"},"image":{"@id":"https:\/\/jackpotlotteryonline.com\/et\/kuidas-mangida\/mega-sena-2\/#primaryimage"},"thumbnailUrl":"http:\/\/jackpotlotteryonline.com\/wp-content\/uploads\/2022\/11\/1_mega_lottery_jackpot-300x207.jpg","datePublished":"2022-11-24T11:08:44+00:00","dateModified":"2023-01-03T17:26:53+00:00","description":"Saate osta Mega-Sena loterii pileteid internetis. Saate teada, kuidas m\u00e4ngida ja oma v\u00f5idud v\u00e4lja maksta just siin.","breadcrumb":{"@id":"https:\/\/jackpotlotteryonline.com\/et\/kuidas-mangida\/mega-sena-2\/#breadcrumb"},"inLanguage":"et","potentialAction":[{"@type":"ReadAction","target":["https:\/\/jackpotlotteryonline.com\/et\/kuidas-mangida\/mega-sena-2\/"]}]},{"@type":"ImageObject","inLanguage":"et","@id":"https:\/\/jackpotlotteryonline.com\/et\/kuidas-mangida\/mega-sena-2\/#primaryimage","url":"http:\/\/jackpotlotteryonline.com\/wp-content\/uploads\/2022\/11\/1_mega_lottery_jackpot-300x207.jpg","contentUrl":"http:\/\/jackpotlotteryonline.com\/wp-content\/uploads\/2022\/11\/1_mega_lottery_jackpot-300x207.jpg"},{"@type":"BreadcrumbList","@id":"https:\/\/jackpotlotteryonline.com\/et\/kuidas-mangida\/mega-sena-2\/#breadcrumb","itemListElement":[{"@type":"ListItem","position":1,"name":"Home","item":"https:\/\/jackpotlotteryonline.com\/et\/"},{"@type":"ListItem","position":2,"name":"Kuidas m\u00e4ngida","item":"https:\/\/jackpotlotteryonline.com\/et\/kuidas-mangida\/"},{"@type":"ListItem","position":3,"name":"M\u00e4ngi Mega-Sena loterii online"}]},{"@type":"WebSite","@id":"https:\/\/jackpotlotteryonline.com\/#website","url":"https:\/\/jackpotlotteryonline.com\/","name":"Lotto Online - Crack The International Lottery Jackpots","description":"","potentialAction":[{"@type":"SearchAction","target":{"@type":"EntryPoint","urlTemplate":"https:\/\/jackpotlotteryonline.com\/?s={search_term_string}"},"query-input":"required name=search_term_string"}],"inLanguage":"et"}]}},"_links":{"self":[{"href":"https:\/\/jackpotlotteryonline.com\/et\/wp-json\/wp\/v2\/pages\/39471","targetHints":{"allow":["GET"]}}],"collection":[{"href":"https:\/\/jackpotlotteryonline.com\/et\/wp-json\/wp\/v2\/pages"}],"about":[{"href":"https:\/\/jackpotlotteryonline.com\/et\/wp-json\/wp\/v2\/types\/page"}],"author":[{"embeddable":true,"href":"https:\/\/jackpotlotteryonline.com\/et\/wp-json\/wp\/v2\/users\/1"}],"replies":[{"embeddable":true,"href":"https:\/\/jackpotlotteryonline.com\/et\/wp-json\/wp\/v2\/comments?post=39471"}],"version-history":[{"count":0,"href":"https:\/\/jackpotlotteryonline.com\/et\/wp-json\/wp\/v2\/pages\/39471\/revisions"}],"up":[{"embeddable":true,"href":"https:\/\/jackpotlotteryonline.com\/et\/wp-json\/wp\/v2\/pages\/35684"}],"wp:attachment":[{"href":"https:\/\/jackpotlotteryonline.com\/et\/wp-json\/wp\/v2\/media?parent=39471"}],"curies":[{"name":"wp","href":"https:\/\/api.w.org\/{rel}","templated":true}]}}