{"id":39531,"date":"2022-11-28T07:01:36","date_gmt":"2022-11-28T07:01:36","guid":{"rendered":"https:\/\/jackpotlotteryonline.com\/?page_id=39531"},"modified":"2023-01-03T17:53:32","modified_gmt":"2023-01-03T17:53:32","slug":"powerball-australia","status":"publish","type":"page","link":"https:\/\/jackpotlotteryonline.com\/et\/kuidas-mangida\/powerball-australia\/","title":{"rendered":"m\u00e4ngi Powerballi Austraalias internetis"},"content":{"rendered":"<p>On p\u00f5hjus, miks loterii entusiastid \u00fcle kogu maailma kiirustavad Austraalia Powerballi m\u00e4ngima. 2022. aasta on olnud mega jackpotide aasta ja me oleme n\u00e4inud, kuidas mitmed m\u00e4ngijad on v\u00f5itnud miljonid dollarid rahvusvahelistest loteriidest. Powerball AU ei ole selles osas olnud erandiks, sest k\u00f5igi aegade suurim jackpot, 160 miljonit Austraalia dollarit, oli 2022. aasta oktoobris. Kuna mitmed suured jackpotid on v\u00f5itnud \u00fcksikud piletiomanikud, peaksite kaaluma selle Powerballi m\u00e4ngimist.<\/p>\n<p>Huvitaval kombel on see Powerball olnud juba m\u00f5nda aega olemas. Esimene loosimine toimus 23. mail 1996, seega on see 25 aastat vana. On t\u00f5si, et v\u00f5rreldes selliste loteriidega nagu Hispaania La Primitiva, on Oz Powerball praktiliselt beebi. (La Primitiva loodi 1763. aastal ja sellele loteriile saab osaleda aadressil jackpotlotteryonline.com).<\/p>\n<p>Viimase 25 aasta jooksul on Oz Powerball s\u00e4ilitanud suuremeelsete v\u00e4ljamaksete ja innukate f\u00e4nnide maine. Varem said sellele osaleda vaid mandril elavad m\u00e4ngijad. N\u00fc\u00fcd saavad m\u00e4ngijad \u00fcle kogu maailma m\u00e4ngida Powerball AU-d internetis mugavalt oma arvutist v\u00f5i mobiilseadmetest. Loe edasi, et teada saada, kuidas seda loteriid internetis m\u00e4ngida.<\/p>\n<h2>Kuidas m\u00e4ngida Powerballi Austraalias<\/h2>\n<p><img loading=\"lazy\" decoding=\"async\" class=\"alignright size-full wp-image-26402\" src=\"https:\/\/jackpotlotteryonline.com\/wp-content\/uploads\/2022\/11\/1_buy_online_ticket_powerball.jpg\" alt=\"m\u00e4ngida Powerballi Austraalias internetis\" width=\"300\" height=\"194\" \/><\/p>\n<p>\u00dcks h\u00e4mmastav asi selle loterii puhul on see, et sellel on suurep\u00e4rased koefitsiendid. T\u00f5en\u00e4osus v\u00f5ita jackpot on 1:76 miljonit. Siiski on ka mitmeid teisi jaotusi ja neil on fantastilised koefitsiendid.<\/p>\n<p>Selle Powerballi m\u00e4ngimiseks peaksite valima 7 numbrit vahemikus 1 kuni 35 ja Powerballi numbri vahemikus 1 kuni 20. See teeb kokku 8 numbrit igale reale. Pange t\u00e4hele, et v\u00f5ite sisestada ka mitu rida, et suurendada oma lotov\u00f5idu t\u00f5en\u00e4osust. Mida rohkem ridu sisestate, seda suuremad on teie v\u00f5iduv\u00f5imalused.<\/p>\n<p>Kui olete oma numbrid v\u00e4lja valinud, on j\u00e4rgmine samm loosimiste sisestamine. Sellel loteriil on ainult \u00fcks loosimisp\u00e4ev ja see on igal neljap\u00e4eva \u00f5htul. Nagu v\u00f5ite ette kujutada, on neljap\u00e4eva\u00f5htud t\u00e4is p\u00f5nevust mandriosa m\u00e4ngijate jaoks. Saate p\u00f5nevusega liituda ka Powerballi m\u00e4ngides.<\/p>\n<h2>Miks Powerball Austraalias?<\/h2>\n<p>See on t\u00f5esti hea k\u00fcsimus. T\u00e4nu internetile on loteriihuvilistel \u00fcle kogu maailma suur hulk erinevaid loteriisid, kuhu nad saavad osaleda. Miks peaksite kaaluma Oz Powerballi m\u00e4ngimist? P\u00f5him\u00f5tteliselt saate selle loteriiga v\u00f5imaluse v\u00f5ita miljoneid ilma uskumatult suurte t\u00f5en\u00e4osusteta.<\/p>\n<p>Paljude teiste populaarsemate loteriide puhul mujal maailmas on probleemiks suured koefitsiendid. V\u00f5tame n\u00e4iteks USA Powerballi, mille v\u00f5idut\u00f5en\u00e4osus on 1:200 miljonit. Kui v\u00f5rrelda seda Oz Powerballi t\u00f5en\u00e4osusega 1:76 miljonit, on lihtne m\u00f5ista, miks paljud m\u00e4ngijad selle loteriiga liituda tahavad.<\/p>\n<section class=\"layout\" style=\"border: solid 1px; width: 100%;\">\n<div class=\"img-div\" style=\"margin-top: 5px;\"><img decoding=\"async\" class=\"wp-image-17212 alignleft\" style=\"height: 45px; margin: 8px 8px 0px;\" src=\"https:\/\/jackpotlotteryonline.com\/wp-content\/uploads\/2022\/11\/read1.jpg\" alt=\"Loe \" width=\"\" height=\"\" \/><\/div>\n<div style=\"padding-left: 5px;\">\n<div style=\"font-size: 1.1em;\">\n<p><strong>Loteriipettused, millest peaksite teadlik olema<\/strong><\/p>\n<p style=\"font-size: 0.85em; margin-top: -1.5em;\">\u00c4rge langege nendesse loterii l\u00f5ksudesse\u00a0<a href=\"https:\/\/jackpotlotteryonline.com\/et\/ettevaatust-online-loterii-petuskeemid\"> loe edasi<\/a><\/p>\n<\/div>\n<\/div>\n<\/section>\n<h2>Powerball Austraalia vs Powerball USA: mis on erinev?<\/h2>\n<p>Kuid kas Oz ja USA Powerballi vahel on \u00fcldse erinevusi? Esimene ja k\u00f5ige ilmsem erinevus on jackpotide suurus. Maailmas on v\u00e4ga v\u00e4he jackpoteid, mis on suuruselt v\u00f5rreldavad USA Powerballiga. Hiljuti \u00fcletas see 2 miljardi USA dollari piiri. Kui m\u00e4ngite Oz Powerballi, ei saa te midagi sellele l\u00e4hedast.<\/p>\n<p>J\u00e4llegi, USA versioon on vahemikus 1 kuni 69. See t\u00e4hendab, et 69 palli sisaldavast t\u00fcnnist t\u00f5mmatakse 5 palli. OZ versioonis t\u00f5mmatakse 7 numbrit ainult 35 palli sisaldavast t\u00fcnnist. Samuti loositakse Powerball USAs v\u00e4lja 26 palli sisaldavast t\u00fcnnist, Austraalias aga 20 pallist.<\/p>\n<p>Kui soovite loteriid, kus v\u00f5ite v\u00f5ita miljoneid, ilma et peaksite tegelema suurte t\u00f5en\u00e4osustega, siis peaksite m\u00e4ngima Austraalia Powerballi.<\/p>\n<h2>M\u00e4ngimine internetis<\/h2>\n<p>N\u00fc\u00fcd, kui te teate, et Oz Powerballi saab m\u00e4ngida \u00fcksk\u00f5ik kust, siis siin on, kuidas seda teha.<\/p>\n<ul>\n<li>Esimene samm on k\u00fclastada loteriim\u00fc\u00fcjat, nagu jackpotlotteryonline.com, ja minna Austraalia Powerballi lehele.<\/li>\n<li>Seej\u00e4rel valige oma numbrid (v\u00f5ite kasutada automaatset numbrigeneraatorit, et valida numbrid juhuslikult).<\/li>\n<li><a href=\"https:\/\/jackpotlotteryonline.com\/et\/winning-numbers\/powerball-australia\">Sisestage loosimine<\/a> ja viige protsess l\u00f5pule<\/li>\n<li>Jackpoti v\u00f5itmine<\/li>\n<\/ul>\n<p>Loosimine toimub kord n\u00e4dalas neljap\u00e4eviti. Seega, kui olete loosimisele sisenenud, on j\u00e4rgmine samm tulemuste ootamine. Iga pilet, mis vastab 8 loositud numbrile, v\u00f5idab jackpoti.<\/p>\n<p>Erinevate numbrite kokkulangemise eest on ka muid auhindu, sealhulgas auhind vaid 2 numbri ja boonusnumbri kokkulangemise eest.<\/p>\n<h2>Auhinnad, mida v\u00f5ite v\u00f5ita<\/h2>\n<p><img loading=\"lazy\" decoding=\"async\" class=\"alignright size-medium wp-image-19277\" src=\"https:\/\/jackpotlotteryonline.com\/wp-content\/uploads\/2022\/10\/2_ticket_powerball_au2-163x300.jpg\" alt=\"Mloteriipileti skaneerimine\" width=\"163\" height=\"300\" srcset=\"https:\/\/jackpotlotteryonline.com\/wp-content\/uploads\/2022\/10\/2_ticket_powerball_au2-163x300.jpg 163w, https:\/\/jackpotlotteryonline.com\/wp-content\/uploads\/2022\/10\/2_ticket_powerball_au2.jpg 250w\" sizes=\"auto, (max-width: 163px) 100vw, 163px\" \/><\/p>\n<p>Loteriis m\u00e4ngides on kokku 9 auhinnajagamist.<\/p>\n<p>1. jaotis: 7 numbrit + boonusnumber &#8211; jackpot (keskmiselt 8 miljonit AU$)<\/p>\n<p>2. jaotis: ainult 7 numbrit<\/p>\n<p>3. jaotis: 6 numbrit + boonusnumber<\/p>\n<p>Jaotis 4: ainult 6 numbrit<\/p>\n<p>Jaotis 5: 5 numbrit + boonusnumber<\/p>\n<p>Osa 6: ainult 5 numbrit<\/p>\n<p>Osa 7: 4 numbrit + boonusnumber<\/p>\n<p>rajoon 8: 3 numbrit + boonusnumber<\/p>\n<p>Osa 9: 2 numbrit + boonusnumber<\/p>\n<p>Igale divisjonile eraldatud auhinnad on protsent auhinnafondist. Seega, mida suurem on auhinnafond, seda rohkem raha l\u00e4heb igale divisjonile. Divisjoni 2 auhinnad on olnud kuni 800 000 Austraalia dollarit.<\/p>\n<h2>Osta oma loteriipileteid internetis<\/h2>\n<p>Kui olete loteriif\u00e4nn, saate n\u00fc\u00fcd meie saidi kaudu loteriid m\u00e4ngida internetis. Teeme protsessi oma klientidele lihtsaks, pakkudes k\u00f5ike vajalikku \u00fches kohas. Nii et saate osta pileteid, kontrollida tulemusi ja kui v\u00f5idate, saate oma v\u00f5idud otse meie saidilt v\u00e4lja maksta.<\/p>\n<p>Meil on mitu v\u00f5imalust, mida saate kasutada <a href=\"https:\/\/jackpotlotteryonline.com\/et\/kuidas-osta-loteriipileteid-internetis\/powerball-australia\">oma loteriipiletite eest<\/a> tasumiseks. Samuti saate seadistada oma konto nii, et teid v\u00f5etakse automaatselt mitmetes loosimistes ette. Meie kliendid naudivad luksust, et ei pea kontrollima loosimise tulemusi, sest me anname teile teada, kui te midagi v\u00f5itsite.<\/p>\n<p>L\u00f5puks, kui ostate meiega loteriipileti, olete kindel, et m\u00e4ngite oma valitud loteriid. Seda seet\u00f5ttu, et meil on eri riikides agendid, kes ostavad f\u00fc\u00fcsilise pileti teie vastavate numbritega. Nii ei pea te loteriis m\u00e4ngimiseks f\u00fc\u00fcsiliselt \u00fches riigis viibima. Mine edasi ja m\u00e4ngi Powerballi Austraalias n\u00fc\u00fcd.<\/p>\n","protected":false},"excerpt":{"rendered":"<p>On p\u00f5hjus, miks loterii entusiastid \u00fcle kogu maailma kiirustavad Austraalia Powerballi m\u00e4ngima. 2022. aasta on olnud mega jackpotide aasta ja me oleme n\u00e4inud, kuidas mitmed m\u00e4ngijad on v\u00f5itnud miljonid dollarid rahvusvahelistest loteriidest. Powerball AU ei ole selles osas olnud erandiks, sest k\u00f5igi aegade suurim jackpot, 160 miljonit Austraalia dollarit, oli 2022. aasta oktoobris. Kuna mitmed [&hellip;]<\/p>\n","protected":false},"author":1,"featured_media":0,"parent":35684,"menu_order":17,"comment_status":"closed","ping_status":"closed","template":"powerball-au.php","meta":{"_et_pb_use_builder":"","_et_pb_old_content":"","_et_gb_content_width":"","exclude_from_search":false,"footnotes":""},"class_list":["post-39531","page","type-page","status-publish","hentry"],"yoast_head":"<!-- This site is optimized with the Yoast SEO plugin v23.3 - https:\/\/yoast.com\/wordpress\/plugins\/seo\/ -->\n<title>M\u00e4ngi Powerballi Austraalias v\u00e4ljastpoolt Austraaliat<\/title>\n<meta name=\"description\" content=\"Powerball Austraalia m\u00e4ngimiseks ei pea elama Austraalias. Uuri, kuidas m\u00e4ngida internetis.\" \/>\n<meta name=\"robots\" content=\"index, follow, max-snippet:-1, max-image-preview:large, max-video-preview:-1\" \/>\n<link rel=\"canonical\" href=\"https:\/\/jackpotlotteryonline.com\/et\/kuidas-mangida\/powerball-australia\/\" \/>\n<meta property=\"og:locale\" content=\"et_EE\" \/>\n<meta property=\"og:type\" content=\"article\" \/>\n<meta property=\"og:title\" content=\"M\u00e4ngi Powerballi Austraalias v\u00e4ljastpoolt Austraaliat\" \/>\n<meta property=\"og:description\" content=\"Powerball Austraalia m\u00e4ngimiseks ei pea elama Austraalias. Uuri, kuidas m\u00e4ngida internetis.\" \/>\n<meta property=\"og:url\" content=\"https:\/\/jackpotlotteryonline.com\/et\/kuidas-mangida\/powerball-australia\/\" \/>\n<meta property=\"og:site_name\" content=\"Lotto Online - Crack The International Lottery Jackpots\" \/>\n<meta property=\"article:modified_time\" content=\"2023-01-03T17:53:32+00:00\" \/>\n<meta property=\"og:image\" content=\"https:\/\/jackpotlotteryonline.com\/wp-content\/uploads\/2022\/11\/1_buy_online_ticket_powerball.jpg\" \/>\n<meta name=\"twitter:card\" content=\"summary_large_image\" \/>\n<meta name=\"twitter:label1\" content=\"Est. reading time\" \/>\n\t<meta name=\"twitter:data1\" content=\"5 minutit\" \/>\n<!-- \/ Yoast SEO plugin. -->","yoast_head_json":{"title":"M\u00e4ngi Powerballi Austraalias v\u00e4ljastpoolt Austraaliat","description":"Powerball Austraalia m\u00e4ngimiseks ei pea elama Austraalias. Uuri, kuidas m\u00e4ngida internetis.","robots":{"index":"index","follow":"follow","max-snippet":"max-snippet:-1","max-image-preview":"max-image-preview:large","max-video-preview":"max-video-preview:-1"},"canonical":"https:\/\/jackpotlotteryonline.com\/et\/kuidas-mangida\/powerball-australia\/","og_locale":"et_EE","og_type":"article","og_title":"M\u00e4ngi Powerballi Austraalias v\u00e4ljastpoolt Austraaliat","og_description":"Powerball Austraalia m\u00e4ngimiseks ei pea elama Austraalias. Uuri, kuidas m\u00e4ngida internetis.","og_url":"https:\/\/jackpotlotteryonline.com\/et\/kuidas-mangida\/powerball-australia\/","og_site_name":"Lotto Online - Crack The International Lottery Jackpots","article_modified_time":"2023-01-03T17:53:32+00:00","og_image":[{"url":"https:\/\/jackpotlotteryonline.com\/wp-content\/uploads\/2022\/11\/1_buy_online_ticket_powerball.jpg"}],"twitter_card":"summary_large_image","twitter_misc":{"Est. reading time":"5 minutit"},"schema":{"@context":"https:\/\/schema.org","@graph":[{"@type":"WebPage","@id":"https:\/\/jackpotlotteryonline.com\/et\/kuidas-mangida\/powerball-australia\/","url":"https:\/\/jackpotlotteryonline.com\/et\/kuidas-mangida\/powerball-australia\/","name":"M\u00e4ngi Powerballi Austraalias v\u00e4ljastpoolt Austraaliat","isPartOf":{"@id":"https:\/\/jackpotlotteryonline.com\/#website"},"primaryImageOfPage":{"@id":"https:\/\/jackpotlotteryonline.com\/et\/kuidas-mangida\/powerball-australia\/#primaryimage"},"image":{"@id":"https:\/\/jackpotlotteryonline.com\/et\/kuidas-mangida\/powerball-australia\/#primaryimage"},"thumbnailUrl":"https:\/\/jackpotlotteryonline.com\/wp-content\/uploads\/2022\/11\/1_buy_online_ticket_powerball.jpg","datePublished":"2022-11-28T07:01:36+00:00","dateModified":"2023-01-03T17:53:32+00:00","description":"Powerball Austraalia m\u00e4ngimiseks ei pea elama Austraalias. Uuri, kuidas m\u00e4ngida internetis.","breadcrumb":{"@id":"https:\/\/jackpotlotteryonline.com\/et\/kuidas-mangida\/powerball-australia\/#breadcrumb"},"inLanguage":"et","potentialAction":[{"@type":"ReadAction","target":["https:\/\/jackpotlotteryonline.com\/et\/kuidas-mangida\/powerball-australia\/"]}]},{"@type":"ImageObject","inLanguage":"et","@id":"https:\/\/jackpotlotteryonline.com\/et\/kuidas-mangida\/powerball-australia\/#primaryimage","url":"https:\/\/jackpotlotteryonline.com\/wp-content\/uploads\/2022\/11\/1_buy_online_ticket_powerball.jpg","contentUrl":"https:\/\/jackpotlotteryonline.com\/wp-content\/uploads\/2022\/11\/1_buy_online_ticket_powerball.jpg"},{"@type":"BreadcrumbList","@id":"https:\/\/jackpotlotteryonline.com\/et\/kuidas-mangida\/powerball-australia\/#breadcrumb","itemListElement":[{"@type":"ListItem","position":1,"name":"Home","item":"https:\/\/jackpotlotteryonline.com\/et\/"},{"@type":"ListItem","position":2,"name":"Kuidas m\u00e4ngida","item":"https:\/\/jackpotlotteryonline.com\/et\/kuidas-mangida\/"},{"@type":"ListItem","position":3,"name":"m\u00e4ngi Powerballi Austraalias internetis"}]},{"@type":"WebSite","@id":"https:\/\/jackpotlotteryonline.com\/#website","url":"https:\/\/jackpotlotteryonline.com\/","name":"Lotto Online - Crack The International Lottery Jackpots","description":"","potentialAction":[{"@type":"SearchAction","target":{"@type":"EntryPoint","urlTemplate":"https:\/\/jackpotlotteryonline.com\/?s={search_term_string}"},"query-input":"required name=search_term_string"}],"inLanguage":"et"}]}},"_links":{"self":[{"href":"https:\/\/jackpotlotteryonline.com\/et\/wp-json\/wp\/v2\/pages\/39531","targetHints":{"allow":["GET"]}}],"collection":[{"href":"https:\/\/jackpotlotteryonline.com\/et\/wp-json\/wp\/v2\/pages"}],"about":[{"href":"https:\/\/jackpotlotteryonline.com\/et\/wp-json\/wp\/v2\/types\/page"}],"author":[{"embeddable":true,"href":"https:\/\/jackpotlotteryonline.com\/et\/wp-json\/wp\/v2\/users\/1"}],"replies":[{"embeddable":true,"href":"https:\/\/jackpotlotteryonline.com\/et\/wp-json\/wp\/v2\/comments?post=39531"}],"version-history":[{"count":0,"href":"https:\/\/jackpotlotteryonline.com\/et\/wp-json\/wp\/v2\/pages\/39531\/revisions"}],"up":[{"embeddable":true,"href":"https:\/\/jackpotlotteryonline.com\/et\/wp-json\/wp\/v2\/pages\/35684"}],"wp:attachment":[{"href":"https:\/\/jackpotlotteryonline.com\/et\/wp-json\/wp\/v2\/media?parent=39531"}],"curies":[{"name":"wp","href":"https:\/\/api.w.org\/{rel}","templated":true}]}}