{"id":39583,"date":"2022-11-28T08:24:27","date_gmt":"2022-11-28T08:24:27","guid":{"rendered":"https:\/\/jackpotlotteryonline.com\/?page_id=39583"},"modified":"2023-01-03T18:21:08","modified_gmt":"2023-01-03T18:21:08","slug":"saturday-lotto","status":"publish","type":"page","link":"https:\/\/jackpotlotteryonline.com\/et\/kuidas-mangida\/saturday-lotto\/","title":{"rendered":"m\u00e4ngida laup\u00e4eval Lotto online"},"content":{"rendered":"<p>Saturday Lotto on \u00fcks Austraalia populaarsemaid loteriisid ja m\u00e4ngijad \u00fcle kogu riigi ootavad seda p\u00f5nevusega. \u00dcks p\u00f5hjusi on see, et see on andnud v\u00e4lja palju miljon\u00e4re. Jackpot v\u00f5ib ulatuda kuni 10 miljoni Austraalia dollarini, mis on uskumatu auhind, kui selle peale m\u00f5elda. Varem pidid sa olema Austraalia elanik, enne kui sa said seda loteriid m\u00e4ngida, sel lihtsal p\u00f5hjusel, et piletid olid saadaval ainult selles riigis. T\u00e4nu internetile on see k\u00f5ik muutunud, sest n\u00fc\u00fcd saavad m\u00e4ngijad \u00fcle kogu maailma m\u00e4ngida loteriid \u00fcksk\u00f5ik kust.<\/p>\n<p>Seega, kui soovite m\u00e4ngida laup\u00e4evast lotot, peate vaid k\u00fclastama jackpotlotteryonline.com, et <a href=\"https:\/\/jackpotlotteryonline.com\/et\/kuidas-osta-loteriipileteid-internetis\/saturday-lotto\">osta oma loteriipiletit<\/a>. Huvitav on see, et sealt saab ka pileteid k\u00f5ikidele rahvusvahelistele tipplotodele.<\/p>\n<h2>Laup\u00e4evase loto p\u00e4ritolu<\/h2>\n<p><img loading=\"lazy\" decoding=\"async\" class=\"alignright size-medium wp-image-28103\" src=\"http:\/\/jackpotlotteryonline.com\/wp-content\/uploads\/2022\/11\/1_lotto_jackpot_online-257x300.jpg\" alt=\"Laup\u00e4evane loto jackpot\" width=\"257\" height=\"300\" srcset=\"https:\/\/jackpotlotteryonline.com\/wp-content\/uploads\/2022\/11\/1_lotto_jackpot_online-257x300.jpg 257w, https:\/\/jackpotlotteryonline.com\/wp-content\/uploads\/2022\/11\/1_lotto_jackpot_online.jpg 321w\" sizes=\"auto, (max-width: 257px) 100vw, 257px\" \/><\/p>\n<p>Esimene loosimine toimus 24. juunil 1972. aastal ja oli esimene omalaadne loto Austraalias. See on ka k\u00f5ige kauem kestnud loto Austraalias. Austraalia eri osades on see m\u00e4ngijatele tuntud erinevate nimede all: Tattslotto, Gold lotto, X-loto v\u00f5i lihtsalt loto.<\/p>\n<p>Minimaalne garanteeritud jackpoti summa on 5 miljonit Austraalia dollarit ja kui v\u00f5itjat ei ole, l\u00e4heb see \u00fcle j\u00e4rgmisele n\u00e4dalale. Selle loto uskumatu asi on see, et m\u00e4ngijatel on t\u00f5esti suur t\u00f5en\u00e4osus v\u00f5ita jackpot. T\u00f5en\u00e4osus on nii v\u00e4ike, et jackpoti auhind l\u00e4heb harva \u00fcle, sest tavaliselt leidub alati v\u00f5itja.<\/p>\n<p>Laup\u00e4evalotto korraldab ka kord aastas megaloosimise, mis toimub p\u00e4rast j\u00f5ule. Megalooside jackpot on \u00fcsna suur ja seda suurendati 30 miljoni Austraalia dollarini. Megaloos toob tavaliselt mitu v\u00f5itjat.<\/p>\n<h2>Kuidas m\u00e4ngida laup\u00e4evalotot internetis<\/h2>\n<p>Laup\u00e4evase loto m\u00e4ngimiseks k\u00fclastage lihtsalt jackpotlotteryonline.com ja minge loto lehek\u00fcljele. Valige kuus numbrit vahemikus 1 kuni 45. V\u00f5ite alati valida oma numbrid k\u00e4sitsi v\u00f5i kasutada meie automaatset s\u00fcsteemi juhuslike numbrite genereerimiseks.<\/p>\n<p><a href=\"https:\/\/jackpotlotteryonline.com\/et\/winning-numbers\/saturday-lotto\">Seej\u00e4rel sisestage loosimised<\/a>. Tegelikult on ainult \u00fcks loosimine n\u00e4dalas ja see on laup\u00e4eval. Siit ka nimi: laup\u00e4evane loto. Kuid v\u00f5ite valida, kas soovite sisestada kuni 10 j\u00e4rjestikust loosimist. Kui valite selle v\u00f5imaluse, osalete automaatselt igal loosimisel j\u00e4rgmise 10 n\u00e4dala jooksul.<\/p>\n<p>Kui olete k\u00f5ik selle \u00e4ra teinud, on j\u00e4rgmine samm teie makse sooritamine. Me palume teil end meil registreerida, et me saaksime teie piletit m\u00e4ngimise ajal turvaliselt hoida. Samuti teavitame sind, kui sa midagi v\u00f5idad ja seej\u00e4rel saad oma v\u00f5idud meie platvormilt v\u00e4lja maksta.<\/p>\n<section class=\"layout\" style=\"border: solid 1px; width: 100%;\">\n<div class=\"img-div\" style=\"margin-top: 5px;\"><img decoding=\"async\" class=\"wp-image-17212 alignleft\" style=\"height: 45px; margin: 8px 8px 0px;\" src=\"http:\/\/jackpotlotteryonline.com\/wp-content\/uploads\/2022\/11\/read1.jpg\" alt=\"Loe \" width=\"\" height=\"\" \/><\/div>\n<div style=\"padding-left: 5px;\">\n<div style=\"font-size: 1.1em;\">\n<p><strong>M\u00f5ned nipid ja n\u00f5uanded numbrite valimiseks<\/strong><\/p>\n<p style=\"font-size: 0.85em; margin-top: -1.5em;\">Suurendage oma v\u00f5iduv\u00f5imalusi &#8211; kasutage numbrite valimiseks strateegiat\u00a0 <a href=\"https:\/\/jackpotlotteryonline.com\/et\/paar-trikki-ja-nippe-numbrite-valimiseks\">loe edasi<\/a><\/p>\n<\/div>\n<\/div>\n<\/section>\n<h2>Eelised<\/h2>\n<p>Neile, kes on harjunud f\u00fc\u00fcsiliste loteriipiletite ostmisega ja v\u00f5iduga kaasnevate f\u00e4nnirohkete v\u00f5itudega, v\u00f5ib olla raske n\u00e4ha internetis m\u00e4ngimise eeliseid. Kuid me jagame siinkohal m\u00f5ningaid.<\/p>\n<p>Laup\u00e4evase loto m\u00e4ngimine internetis on mugav. Te ei pea lahkuma oma asukohast, et kuhugi minna, sest saate h\u00f5lpsasti m\u00e4ngida oma arvutis v\u00f5i mobiilseadmes. Samuti t\u00e4hendab see, et teil on n\u00fc\u00fcd juurdep\u00e4\u00e4s suuremale hulgale loteriidele \u00fcle maailma.<\/p>\n<p>Piletite ostmine ei ole ainus eelis loteriid m\u00e4ngides. V\u00f5ib-olla on peamine eelis see, et saate oma v\u00f5idud h\u00f5lpsasti v\u00e4lja v\u00f5tta. See on lihtne ja sageli ei pea sa oma v\u00f5idu k\u00e4ttesaamiseks l\u00e4bima mingit keerulist protseduuri.<\/p>\n<h2>Laup\u00e4evase loto v\u00f5itmine<\/h2>\n<p>Loto v\u00f5itmiseks peate vastama k\u00f5igile kuuele loositud numbrile. Iga pilet, mis vastab k\u00f5igile kuuele loositud numbrile, v\u00f5idab jackpoti. On ka teisi auhindu, mida v\u00f5ite v\u00f5ita, ja me mainime neid hiljem. Kuid pange t\u00e4hele, et v\u00f5ite v\u00f5ita auhinna, kui sobitate 3 loositud numbrit.<\/p>\n<p>Kui v\u00f5idate loteriis, saate oma v\u00f5idud meie platvormilt otse oma kontole v\u00e4lja v\u00f5tta.<\/p>\n<p>Pange t\u00e4hele, et kui teie v\u00f5it on suurem kui #2500, peate te oma v\u00f5itu otse loteriifirmalt taotlema. Kuid \u00e4rge muretsege, me aitame teid selles, andes teile n\u00f5udeavalduse vormi t\u00e4itmiseks.<\/p>\n<h2>T\u00e4iendavad numbrid<\/h2>\n<p><img loading=\"lazy\" decoding=\"async\" class=\"alignright size-medium wp-image-29183\" src=\"http:\/\/jackpotlotteryonline.com\/wp-content\/uploads\/2022\/11\/1_play_lotto-online-300x199.jpg\" alt=\"pm\u00e4ngi laup\u00e4evalotto internetis\" width=\"300\" height=\"199\" srcset=\"https:\/\/jackpotlotteryonline.com\/wp-content\/uploads\/2022\/11\/1_play_lotto-online-300x199.jpg 300w, https:\/\/jackpotlotteryonline.com\/wp-content\/uploads\/2022\/11\/1_play_lotto-online.jpg 350w\" sizes=\"auto, (max-width: 300px) 100vw, 300px\" \/><\/p>\n<p>Kui te vaatate auhinnajagusid, v\u00f5ite m\u00e4rgata, et m\u00f5nes jagus kasutatakse lisanumbreid. Need ei ole numbrid, mida te valite ja millel pole midagi pistmist jackpoti v\u00f5itmisega. Need on lihtsalt juhuslikult genereeritud numbrid, mis valitakse iga loosimise ajal ja mida kasutatakse 2. ja 5. jaotuse kindlaksm\u00e4\u00e4ramiseks.<\/p>\n<h2>Auhinnad<\/h2>\n<p>Selles lotos on kuus erinevat auhinnajagamist ja lihtsalt 3 p\u00f5hinumbri kokkulangemisega v\u00f5ite v\u00f5ita auhinna. Loomulikult, mida rohkem numbreid suudate sobitada, seda suurem on auhind. Jaotise 1 auhind on jackpot ja selle v\u00f5itmiseks peate vastama k\u00f5igile 6 numbrile.<\/p>\n<p>Sageli keskenduvad m\u00e4ngijad osakonna 1 auhinnale, st jackpotile, j\u00e4ttes teised auhinnar\u00fchmad k\u00f5rvale. Kuid teil on v\u00f5imalik v\u00f5ita hea summa ka nendest teistest osakondadest. J\u00e4rgnevalt jagame laup\u00e4evase loto auhinnajagusid ja iga jaotuse v\u00f5idu t\u00f5en\u00e4osust.<\/p>\n<p>Jaotus 1: 6 p\u00f5hinumbrit &#8211; jackpot (1:8 145 060)<\/p>\n<p>2. osa: 5 p\u00f5hinumbrit + 1 v\u00f5i 2 lisanumbrit (1:678,755)<\/p>\n<p>3. osa: 5 p\u00f5hinumbrit (1:36 689)<\/p>\n<p>4. osa: 4 p\u00f5hinumbrit (1 733-st)<\/p>\n<p>rajoon 5: 3 p\u00f5hinumbrit + 1 v\u00f5i 2 lisanumbrit (1 297-st)<\/p>\n<p>Rajoon 6: 3 p\u00f5hinumbrit (1 53-st)<\/p>\n<h2>Registreeru n\u00fc\u00fcd, et m\u00e4ngida laup\u00e4evast lotot<\/h2>\n<p>Kui olete valmis lotot m\u00e4ngima, saate osta oma lotopiletid otse siit meie veebilehelt. Kui osalete loosimises, saate v\u00f5imaluse v\u00f5ita miljoneid.<\/p>\n<p>Siin olles saate vaadata ka teisi loteriid. Meil on lai kollektsioon parimaid rahvusvahelisi loteriisid ja me anname oma klientidele juurdep\u00e4\u00e4su nendele loteriidele. Saate osta pileteid USA, Euroopa ja Austraalia loteriidele, olenemata sellest, kus te elate.<\/p>\n<p>Kuna oleme loterii concierge&#8217;i sait number \u00fcks, oleme protsessi \u00fchtlustanud, et pakkuda oma klientidele uskumatut kogemust. Registreeru meiega juba t\u00e4na, et hakata lottot m\u00e4ngima.<\/p>\n","protected":false},"excerpt":{"rendered":"<p>Saturday Lotto on \u00fcks Austraalia populaarsemaid loteriisid ja m\u00e4ngijad \u00fcle kogu riigi ootavad seda p\u00f5nevusega. \u00dcks p\u00f5hjusi on see, et see on andnud v\u00e4lja palju miljon\u00e4re. Jackpot v\u00f5ib ulatuda kuni 10 miljoni Austraalia dollarini, mis on uskumatu auhind, kui selle peale m\u00f5elda. Varem pidid sa olema Austraalia elanik, enne kui sa said seda loteriid m\u00e4ngida, [&hellip;]<\/p>\n","protected":false},"author":1,"featured_media":0,"parent":35684,"menu_order":18,"comment_status":"closed","ping_status":"closed","template":"saturday-lotto.php","meta":{"_et_pb_use_builder":"","_et_pb_old_content":"","_et_gb_content_width":"","exclude_from_search":false,"footnotes":""},"class_list":["post-39583","page","type-page","status-publish","hentry"],"yoast_head":"<!-- This site is optimized with the Yoast SEO plugin v23.3 - https:\/\/yoast.com\/wordpress\/plugins\/seo\/ -->\n<title>M\u00e4ngi laup\u00e4evast loto internetis<\/title>\n<meta name=\"description\" content=\"Naudi v\u00f5imalust v\u00f5ita suuri v\u00f5ite laup\u00e4evalotoga, m\u00e4ngides internetis, kus iganes sa ka ei oleks. Uuri v\u00e4lja, kuidas.\" \/>\n<meta name=\"robots\" content=\"index, follow, max-snippet:-1, max-image-preview:large, max-video-preview:-1\" \/>\n<link rel=\"canonical\" href=\"https:\/\/jackpotlotteryonline.com\/et\/kuidas-mangida\/saturday-lotto\/\" \/>\n<meta property=\"og:locale\" content=\"et_EE\" \/>\n<meta property=\"og:type\" content=\"article\" \/>\n<meta property=\"og:title\" content=\"M\u00e4ngi laup\u00e4evast loto internetis\" \/>\n<meta property=\"og:description\" content=\"Naudi v\u00f5imalust v\u00f5ita suuri v\u00f5ite laup\u00e4evalotoga, m\u00e4ngides internetis, kus iganes sa ka ei oleks. Uuri v\u00e4lja, kuidas.\" \/>\n<meta property=\"og:url\" content=\"https:\/\/jackpotlotteryonline.com\/et\/kuidas-mangida\/saturday-lotto\/\" \/>\n<meta property=\"og:site_name\" content=\"Lotto Online - Crack The International Lottery Jackpots\" \/>\n<meta property=\"article:modified_time\" content=\"2023-01-03T18:21:08+00:00\" \/>\n<meta property=\"og:image\" content=\"http:\/\/jackpotlotteryonline.com\/wp-content\/uploads\/2022\/11\/1_lotto_jackpot_online-257x300.jpg\" \/>\n<meta name=\"twitter:card\" content=\"summary_large_image\" \/>\n<meta name=\"twitter:label1\" content=\"Est. reading time\" \/>\n\t<meta name=\"twitter:data1\" content=\"5 minutit\" \/>\n<!-- \/ Yoast SEO plugin. -->","yoast_head_json":{"title":"M\u00e4ngi laup\u00e4evast loto internetis","description":"Naudi v\u00f5imalust v\u00f5ita suuri v\u00f5ite laup\u00e4evalotoga, m\u00e4ngides internetis, kus iganes sa ka ei oleks. Uuri v\u00e4lja, kuidas.","robots":{"index":"index","follow":"follow","max-snippet":"max-snippet:-1","max-image-preview":"max-image-preview:large","max-video-preview":"max-video-preview:-1"},"canonical":"https:\/\/jackpotlotteryonline.com\/et\/kuidas-mangida\/saturday-lotto\/","og_locale":"et_EE","og_type":"article","og_title":"M\u00e4ngi laup\u00e4evast loto internetis","og_description":"Naudi v\u00f5imalust v\u00f5ita suuri v\u00f5ite laup\u00e4evalotoga, m\u00e4ngides internetis, kus iganes sa ka ei oleks. Uuri v\u00e4lja, kuidas.","og_url":"https:\/\/jackpotlotteryonline.com\/et\/kuidas-mangida\/saturday-lotto\/","og_site_name":"Lotto Online - Crack The International Lottery Jackpots","article_modified_time":"2023-01-03T18:21:08+00:00","og_image":[{"url":"http:\/\/jackpotlotteryonline.com\/wp-content\/uploads\/2022\/11\/1_lotto_jackpot_online-257x300.jpg"}],"twitter_card":"summary_large_image","twitter_misc":{"Est. reading time":"5 minutit"},"schema":{"@context":"https:\/\/schema.org","@graph":[{"@type":"WebPage","@id":"https:\/\/jackpotlotteryonline.com\/et\/kuidas-mangida\/saturday-lotto\/","url":"https:\/\/jackpotlotteryonline.com\/et\/kuidas-mangida\/saturday-lotto\/","name":"M\u00e4ngi laup\u00e4evast loto internetis","isPartOf":{"@id":"https:\/\/jackpotlotteryonline.com\/#website"},"primaryImageOfPage":{"@id":"https:\/\/jackpotlotteryonline.com\/et\/kuidas-mangida\/saturday-lotto\/#primaryimage"},"image":{"@id":"https:\/\/jackpotlotteryonline.com\/et\/kuidas-mangida\/saturday-lotto\/#primaryimage"},"thumbnailUrl":"http:\/\/jackpotlotteryonline.com\/wp-content\/uploads\/2022\/11\/1_lotto_jackpot_online-257x300.jpg","datePublished":"2022-11-28T08:24:27+00:00","dateModified":"2023-01-03T18:21:08+00:00","description":"Naudi v\u00f5imalust v\u00f5ita suuri v\u00f5ite laup\u00e4evalotoga, m\u00e4ngides internetis, kus iganes sa ka ei oleks. Uuri v\u00e4lja, kuidas.","breadcrumb":{"@id":"https:\/\/jackpotlotteryonline.com\/et\/kuidas-mangida\/saturday-lotto\/#breadcrumb"},"inLanguage":"et","potentialAction":[{"@type":"ReadAction","target":["https:\/\/jackpotlotteryonline.com\/et\/kuidas-mangida\/saturday-lotto\/"]}]},{"@type":"ImageObject","inLanguage":"et","@id":"https:\/\/jackpotlotteryonline.com\/et\/kuidas-mangida\/saturday-lotto\/#primaryimage","url":"http:\/\/jackpotlotteryonline.com\/wp-content\/uploads\/2022\/11\/1_lotto_jackpot_online-257x300.jpg","contentUrl":"http:\/\/jackpotlotteryonline.com\/wp-content\/uploads\/2022\/11\/1_lotto_jackpot_online-257x300.jpg"},{"@type":"BreadcrumbList","@id":"https:\/\/jackpotlotteryonline.com\/et\/kuidas-mangida\/saturday-lotto\/#breadcrumb","itemListElement":[{"@type":"ListItem","position":1,"name":"Home","item":"https:\/\/jackpotlotteryonline.com\/et\/"},{"@type":"ListItem","position":2,"name":"Kuidas m\u00e4ngida","item":"https:\/\/jackpotlotteryonline.com\/et\/kuidas-mangida\/"},{"@type":"ListItem","position":3,"name":"m\u00e4ngida laup\u00e4eval Lotto online"}]},{"@type":"WebSite","@id":"https:\/\/jackpotlotteryonline.com\/#website","url":"https:\/\/jackpotlotteryonline.com\/","name":"Lotto Online - Crack The International Lottery Jackpots","description":"","potentialAction":[{"@type":"SearchAction","target":{"@type":"EntryPoint","urlTemplate":"https:\/\/jackpotlotteryonline.com\/?s={search_term_string}"},"query-input":"required name=search_term_string"}],"inLanguage":"et"}]}},"_links":{"self":[{"href":"https:\/\/jackpotlotteryonline.com\/et\/wp-json\/wp\/v2\/pages\/39583","targetHints":{"allow":["GET"]}}],"collection":[{"href":"https:\/\/jackpotlotteryonline.com\/et\/wp-json\/wp\/v2\/pages"}],"about":[{"href":"https:\/\/jackpotlotteryonline.com\/et\/wp-json\/wp\/v2\/types\/page"}],"author":[{"embeddable":true,"href":"https:\/\/jackpotlotteryonline.com\/et\/wp-json\/wp\/v2\/users\/1"}],"replies":[{"embeddable":true,"href":"https:\/\/jackpotlotteryonline.com\/et\/wp-json\/wp\/v2\/comments?post=39583"}],"version-history":[{"count":0,"href":"https:\/\/jackpotlotteryonline.com\/et\/wp-json\/wp\/v2\/pages\/39583\/revisions"}],"up":[{"embeddable":true,"href":"https:\/\/jackpotlotteryonline.com\/et\/wp-json\/wp\/v2\/pages\/35684"}],"wp:attachment":[{"href":"https:\/\/jackpotlotteryonline.com\/et\/wp-json\/wp\/v2\/media?parent=39583"}],"curies":[{"name":"wp","href":"https:\/\/api.w.org\/{rel}","templated":true}]}}