{"id":39638,"date":"2022-11-28T11:36:28","date_gmt":"2022-11-28T11:36:28","guid":{"rendered":"https:\/\/jackpotlotteryonline.com\/?page_id=39638"},"modified":"2022-12-31T12:50:47","modified_gmt":"2022-12-31T12:50:47","slug":"mangida-set-for-life-online","status":"publish","type":"page","link":"https:\/\/jackpotlotteryonline.com\/et\/kuidas-mangida\/mangida-set-for-life-online\/","title":{"rendered":"m\u00e4ngida Set For Life online"},"content":{"rendered":"<p>Palju rohkem m\u00e4ngureid \u00fcle maailma on hakanud m\u00f5istma, kui ilus on see, et nad on kogu oma elu jooksul seatud. Ja just seda pakub \u00dchendkuningriigi Set for Life&#8217;i loterii m\u00e4ngijatele: v\u00f5imalust v\u00f5ita 30 aasta jooksul iga kuu 10 000 naelsterlingit. Seda nimetatakse annuiteetlotoks, sest v\u00f5itja ei saa \u00fchekordset summat. Esmapilgul ei pruugi see tunduda nii ahvatlev kui miljardite eurode v\u00f5itmine. Siiski on m\u00e4ngijaid, kes ei ole p\u00e4ris rahul, kui nad nii palju raha korraga k\u00e4sitsevad. Pealegi oleme lugenud loteriiv\u00f5itjatest, kes m\u00f5ne aasta p\u00e4rast pankrotti l\u00e4ksid. Selle \u00dchendkuningriigi loteriiga ei ole sellist v\u00f5imalust, sest v\u00f5itja saab igal kuul 10 000 naelsterlingit ilma igasuguse eba\u00f5nnestumiseta.<\/p>\n<p>Kui te m\u00f5tlete, kuidas saate seda \u00dchendkuningriigi annuiteeti m\u00e4ngida v\u00e4ljastpoolt \u00dchendkuningriiki, siis on teil \u00f5nne. Siin jagame, kuidas seda loteriid m\u00e4ngida ja n\u00e4pun\u00e4iteid, kuidas m\u00e4ngida v\u00e4ljastpoolt \u00dchendkuningriiki.<\/p>\n<h2>Kas sa saad Set For Life&#8217;i m\u00e4ngida v\u00e4ljastpoolt \u00dchendkuningriiki?<\/h2>\n<p><img loading=\"lazy\" decoding=\"async\" class=\"alignright size-medium wp-image-27941\" src=\"https:\/\/jackpotlotteryonline.com\/wp-content\/uploads\/2022\/11\/1_lottery_winner_ticket-200x300.jpg\" alt=\"v\u00f5ida suurelt Set for life'iga\" width=\"200\" height=\"300\" srcset=\"https:\/\/jackpotlotteryonline.com\/wp-content\/uploads\/2022\/11\/1_lottery_winner_ticket-200x300.jpg 200w, https:\/\/jackpotlotteryonline.com\/wp-content\/uploads\/2022\/11\/1_lottery_winner_ticket.jpg 320w\" sizes=\"auto, (max-width: 200px) 100vw, 200px\" \/><\/p>\n<p>Set For Life v\u00f5ib olla p\u00f5him\u00f5tteliselt \u00dchendkuningriigi loterii, kuid soovi iga kuu suurelt v\u00f5ita jagavad m\u00e4ngijad k\u00f5ikjal. Olgem ausad, kellele ei meeldiks m\u00f5te v\u00f5ita 30 aasta jooksul iga kuu 10 000 naelsterlingit? Tavaliselt m\u00e4ngitakse Set For Life&#8217;i ainult \u00dchendkuningriigis, sest seal m\u00fc\u00fcakse pileteid. Kuid n\u00fc\u00fcd saavad m\u00e4ngijad pileteid osta k\u00f5ikjalt.<\/p>\n<p>Internet on teinud palju asju v\u00f5imalikuks, eriti juurdep\u00e4\u00e4su teabele. N\u00fc\u00fcd saavad m\u00e4ngurid \u00fcle kogu maailma osta pileteid rahvusvahelistele tipplotodele, sealhulgas Set For Life&#8217;ile. Seega, kui olete m\u00e4ngija v\u00e4ljaspool \u00dchendkuningriiki, saate h\u00f5lpsasti <a href=\"https:\/\/jackpotlotteryonline.com\/et\/kuidas-osta-loteriipileteid-internetis\/set-for-life\">osta \u00dchendkuningriigi annuiteetloto pileteid<\/a>, k\u00fclastades jackpotlotteryonline.com.<\/p>\n<p>Kui sulle meeldib m\u00f5te, et oled kogu \u00fclej\u00e4\u00e4nud eluks seatud, siis kiirusta n\u00fc\u00fcd ja hangi pilet enne j\u00e4rgmist loosimist.<\/p>\n<h2>Kuidas m\u00e4ngida<\/h2>\n<p>\u00dchendkuningriigi loteriis m\u00e4ngimiseks peavad m\u00e4ngijad valima 5 numbrit vahemikus 1 kuni 47 ja 1 Life Ball numbri vahemikus 1 kuni 10. Seej\u00e4rel <a href=\"https:\/\/jackpotlotteryonline.com\/et\/winning-numbers\/set-for-life\">valite loosimisp\u00e4evad<\/a>, mil soovite osaleda, ja n\u00e4dalate arvu, mida soovite m\u00e4ngida.<\/p>\n<p>Kui kasutate meie veebisaiti, saate kasutada meie numbrigeneraatorit, et valida oma numbrid juhuslikult. Samuti saate seadistada selle nii, et teid v\u00f5etakse automaatselt igasse loosimisse mitu n\u00e4dalat ette. Nii ei pea te muretsema, et j\u00e4\u00e4te loosimisest ilma. Samuti avaldame toorseid tulemusi siinsamas meie veebilehel.<\/p>\n<p>Set For Life&#8217;i loosimised toimuvad igal esmasp\u00e4eva ja neljap\u00e4eva \u00f5htul. Meiega loteriis m\u00e4ngimine t\u00e4hendab, et sa ei pea j\u00e4\u00e4ma loosimisest ilma sellep\u00e4rast, et sa ei ostnud piletit enne loosimise sulgemist.<\/p>\n<h2>N\u00e4pun\u00e4iteid online m\u00e4ngimiseks<\/h2>\n<p>Enne internetist loteriipileti ostmist on oluline teada m\u00f5ningaid asju. Need on m\u00f5ned n\u00e4pun\u00e4ited, mis aitavad teil saada nauditavamat m\u00e4ngukogemust.<\/p>\n<ul>\n<li>Kasutage oma loteriipiletite ostmiseks alati portaali<\/li>\n<li>Olge kindel, et saate oma v\u00f5idud saidilt probleemideta v\u00e4lja v\u00f5tta<\/li>\n<li>Ostke mitu piletit ja osalege mitmes loosimises, et suurendada oma v\u00f5iduv\u00f5imalusi<\/li>\n<li>Kasutage saiti, mis annab teile teada (e-posti teel), kui olete v\u00f5itnud auhinna<\/li>\n<\/ul>\n<h2>Seadke For Life auhinnakategooriad<\/h2>\n<div id=\"attachment_27779\" style=\"width: 222px\" class=\"wp-caption alignright\"><img loading=\"lazy\" decoding=\"async\" aria-describedby=\"caption-attachment-27779\" class=\"size-full wp-image-27779\" src=\"https:\/\/jackpotlotteryonline.com\/wp-content\/uploads\/2022\/11\/1_lottery_ticket.jpg\" alt=\"kuidas m\u00e4ngida Set for life'i\" width=\"212\" height=\"142\" \/><p id=\"caption-attachment-27779\" class=\"wp-caption-text\">Loteriipileti t\u00e4itmine pliiatsiga puidust laual, l\u00e4hivaates. Ruum teksti jaoks<\/p><\/div>\n<p>Selle \u00dchendkuningriigi loterii peaauhind on h\u00e4mmastav 10 000 naelsterlingit iga kuu j\u00e4rgmise 30 aasta jooksul. See on sama, kui saada 10 000 eurot kuus 30-aastase puhkuse eest. See auhind on selline, mis paneb paljud m\u00e4ngijad elevile. Veelgi p\u00f5nevam on aga asjaolu, et sellel loteriil on ka teisi p\u00f5nevaid auhinnatasemeid. Siin on auhinnakategooriad.<\/p>\n<p>Kategooria 1: 5 numbrit + Life Ball &#8211; 10 000 naelsterlingit iga kuu 30 aasta jooksul<\/p>\n<p>Kategooria 2: Ainult 5 numbrit &#8211; 10 000 naelsterlingit iga kuu 1 aasta jooksul<\/p>\n<p>Kategooria 3: 4 numbrit + elupall &#8211; 250 naelsterlingit.<\/p>\n<p>Kategooria 4: Ainult 4 numbrit &#8211; 50 naelsterlingi<\/p>\n<p>Kategooria 5: 3 numbrit + Life Ball &#8211; 30 naelsterlingit.<\/p>\n<p>Kategooria 6: Ainult 3 numbrit &#8211; 20 \u00a3<\/p>\n<p>Kategooria 7: 2 numbrit + Life Ball &#8211; \u00a310<\/p>\n<p>Kategooria 8: Ainult 2 numbrit &#8211; 5 \u00a3<\/p>\n<section class=\"layout\" style=\"border: solid 1px; width: 100%;\">\n<div class=\"img-div\" style=\"margin-top: 5px;\"><img decoding=\"async\" class=\"wp-image-17212 alignleft\" style=\"height: 45px; margin: 8px 8px 0px;\" src=\"https:\/\/jackpotlotteryonline.com\/wp-content\/uploads\/2022\/11\/read1.jpg\" alt=\"loe\" width=\"\" height=\"\" \/><\/div>\n<div style=\"padding-left: 5px;\">\n<div style=\"font-size: 1.1em;\">\n<p><strong>M\u00f5ned loterii v\u00f5itjad andsid tagasi kogukonnale<\/strong><\/p>\n<p style=\"font-size: 0.85em; margin-top: -1.5em;\">M\u00f5ned huvitavad ja s\u00fcdantsoojendavad lood loteriiv\u00f5itjate tagasip\u00f6\u00f6rdumisest\u00a0 <a href=\"https:\/\/jackpotlotteryonline.com\/et\/lugusid-loterii-voitjad-andes-tagasi\"> loe edasi<\/a><\/p>\n<\/div>\n<\/div>\n<\/section>\n<h2>M\u00e4ngi \u00dchendkuningriigi annuiteetide loteriid siin t\u00e4na<\/h2>\n<p>Me oleme concierge loteriisait, mis v\u00f5imaldab m\u00e4ngijatel \u00fcle maailma p\u00e4\u00e4seda ligi rahvusvahelistele tipplotodele. Kui ostate meilt loteriipileteid, saate nautida loterii m\u00e4ngimise r\u00f5\u00f5mu ilma probleemideta.<\/p>\n<p>Kui v\u00f5idate m\u00f5ne auhinna, saate oma v\u00f5idud h\u00f5lpsasti v\u00e4lja v\u00f5tta otse meie saidilt. Me teeme selle nii lihtsaks. Ja kui teie auhind on suurem kui teatud summa, aitame teid n\u00f5udeavalduse vormiga, et saaksite oma v\u00f5idu k\u00e4tte.<\/p>\n<p>K\u00f5ik, mida me teeme, on suunatud sellele, et pakkuda meie klientidele sujuvat loteriikogemust. Nii et mine edasi ja astu UK Set for Life loteriisse juba t\u00e4na.<\/p>\n","protected":false},"excerpt":{"rendered":"<p>Palju rohkem m\u00e4ngureid \u00fcle maailma on hakanud m\u00f5istma, kui ilus on see, et nad on kogu oma elu jooksul seatud. Ja just seda pakub \u00dchendkuningriigi Set for Life&#8217;i loterii m\u00e4ngijatele: v\u00f5imalust v\u00f5ita 30 aasta jooksul iga kuu 10 000 naelsterlingit. Seda nimetatakse annuiteetlotoks, sest v\u00f5itja ei saa \u00fchekordset summat. Esmapilgul ei pruugi see tunduda nii [&hellip;]<\/p>\n","protected":false},"author":1,"featured_media":0,"parent":35684,"menu_order":11,"comment_status":"closed","ping_status":"closed","template":"set-for-life.php","meta":{"_et_pb_use_builder":"","_et_pb_old_content":"","_et_gb_content_width":"","exclude_from_search":false,"footnotes":""},"class_list":["post-39638","page","type-page","status-publish","hentry"],"yoast_head":"<!-- This site is optimized with the Yoast SEO plugin v23.3 - https:\/\/yoast.com\/wordpress\/plugins\/seo\/ -->\n<title>M\u00e4ngi Set for Life&#039;i v\u00e4ljastpoolt \u00dchendkuningriiki<\/title>\n<meta name=\"description\" content=\"M\u00e4ngi \u00dchendkuningriigi annuiteetide loteriid internetis ja v\u00f5ida v\u00f5imalus olla seatud kogu \u00fclej\u00e4\u00e4nud eluks.\" \/>\n<meta name=\"robots\" content=\"index, follow, max-snippet:-1, max-image-preview:large, max-video-preview:-1\" \/>\n<link rel=\"canonical\" href=\"https:\/\/jackpotlotteryonline.com\/et\/kuidas-mangida\/mangida-set-for-life-online\/\" \/>\n<meta property=\"og:locale\" content=\"et_EE\" \/>\n<meta property=\"og:type\" content=\"article\" \/>\n<meta property=\"og:title\" content=\"M\u00e4ngi Set for Life&#039;i v\u00e4ljastpoolt \u00dchendkuningriiki\" \/>\n<meta property=\"og:description\" content=\"M\u00e4ngi \u00dchendkuningriigi annuiteetide loteriid internetis ja v\u00f5ida v\u00f5imalus olla seatud kogu \u00fclej\u00e4\u00e4nud eluks.\" \/>\n<meta property=\"og:url\" content=\"https:\/\/jackpotlotteryonline.com\/et\/kuidas-mangida\/mangida-set-for-life-online\/\" \/>\n<meta property=\"og:site_name\" content=\"Lotto Online - Crack The International Lottery Jackpots\" \/>\n<meta property=\"article:modified_time\" content=\"2022-12-31T12:50:47+00:00\" \/>\n<meta property=\"og:image\" content=\"https:\/\/jackpotlotteryonline.com\/wp-content\/uploads\/2022\/11\/1_lottery_winner_ticket-200x300.jpg\" \/>\n<meta name=\"twitter:card\" content=\"summary_large_image\" \/>\n<meta name=\"twitter:label1\" content=\"Est. reading time\" \/>\n\t<meta name=\"twitter:data1\" content=\"4 minutit\" \/>\n<!-- \/ Yoast SEO plugin. -->","yoast_head_json":{"title":"M\u00e4ngi Set for Life'i v\u00e4ljastpoolt \u00dchendkuningriiki","description":"M\u00e4ngi \u00dchendkuningriigi annuiteetide loteriid internetis ja v\u00f5ida v\u00f5imalus olla seatud kogu \u00fclej\u00e4\u00e4nud eluks.","robots":{"index":"index","follow":"follow","max-snippet":"max-snippet:-1","max-image-preview":"max-image-preview:large","max-video-preview":"max-video-preview:-1"},"canonical":"https:\/\/jackpotlotteryonline.com\/et\/kuidas-mangida\/mangida-set-for-life-online\/","og_locale":"et_EE","og_type":"article","og_title":"M\u00e4ngi Set for Life'i v\u00e4ljastpoolt \u00dchendkuningriiki","og_description":"M\u00e4ngi \u00dchendkuningriigi annuiteetide loteriid internetis ja v\u00f5ida v\u00f5imalus olla seatud kogu \u00fclej\u00e4\u00e4nud eluks.","og_url":"https:\/\/jackpotlotteryonline.com\/et\/kuidas-mangida\/mangida-set-for-life-online\/","og_site_name":"Lotto Online - Crack The International Lottery Jackpots","article_modified_time":"2022-12-31T12:50:47+00:00","og_image":[{"url":"https:\/\/jackpotlotteryonline.com\/wp-content\/uploads\/2022\/11\/1_lottery_winner_ticket-200x300.jpg"}],"twitter_card":"summary_large_image","twitter_misc":{"Est. reading time":"4 minutit"},"schema":{"@context":"https:\/\/schema.org","@graph":[{"@type":"WebPage","@id":"https:\/\/jackpotlotteryonline.com\/et\/kuidas-mangida\/mangida-set-for-life-online\/","url":"https:\/\/jackpotlotteryonline.com\/et\/kuidas-mangida\/mangida-set-for-life-online\/","name":"M\u00e4ngi Set for Life'i v\u00e4ljastpoolt \u00dchendkuningriiki","isPartOf":{"@id":"https:\/\/jackpotlotteryonline.com\/#website"},"primaryImageOfPage":{"@id":"https:\/\/jackpotlotteryonline.com\/et\/kuidas-mangida\/mangida-set-for-life-online\/#primaryimage"},"image":{"@id":"https:\/\/jackpotlotteryonline.com\/et\/kuidas-mangida\/mangida-set-for-life-online\/#primaryimage"},"thumbnailUrl":"https:\/\/jackpotlotteryonline.com\/wp-content\/uploads\/2022\/11\/1_lottery_winner_ticket-200x300.jpg","datePublished":"2022-11-28T11:36:28+00:00","dateModified":"2022-12-31T12:50:47+00:00","description":"M\u00e4ngi \u00dchendkuningriigi annuiteetide loteriid internetis ja v\u00f5ida v\u00f5imalus olla seatud kogu \u00fclej\u00e4\u00e4nud eluks.","breadcrumb":{"@id":"https:\/\/jackpotlotteryonline.com\/et\/kuidas-mangida\/mangida-set-for-life-online\/#breadcrumb"},"inLanguage":"et","potentialAction":[{"@type":"ReadAction","target":["https:\/\/jackpotlotteryonline.com\/et\/kuidas-mangida\/mangida-set-for-life-online\/"]}]},{"@type":"ImageObject","inLanguage":"et","@id":"https:\/\/jackpotlotteryonline.com\/et\/kuidas-mangida\/mangida-set-for-life-online\/#primaryimage","url":"https:\/\/jackpotlotteryonline.com\/wp-content\/uploads\/2022\/11\/1_lottery_winner_ticket-200x300.jpg","contentUrl":"https:\/\/jackpotlotteryonline.com\/wp-content\/uploads\/2022\/11\/1_lottery_winner_ticket-200x300.jpg"},{"@type":"BreadcrumbList","@id":"https:\/\/jackpotlotteryonline.com\/et\/kuidas-mangida\/mangida-set-for-life-online\/#breadcrumb","itemListElement":[{"@type":"ListItem","position":1,"name":"Home","item":"https:\/\/jackpotlotteryonline.com\/et\/"},{"@type":"ListItem","position":2,"name":"Kuidas m\u00e4ngida","item":"https:\/\/jackpotlotteryonline.com\/et\/kuidas-mangida\/"},{"@type":"ListItem","position":3,"name":"m\u00e4ngida Set For Life online"}]},{"@type":"WebSite","@id":"https:\/\/jackpotlotteryonline.com\/#website","url":"https:\/\/jackpotlotteryonline.com\/","name":"Lotto Online - Crack The International Lottery Jackpots","description":"","potentialAction":[{"@type":"SearchAction","target":{"@type":"EntryPoint","urlTemplate":"https:\/\/jackpotlotteryonline.com\/?s={search_term_string}"},"query-input":"required name=search_term_string"}],"inLanguage":"et"}]}},"_links":{"self":[{"href":"https:\/\/jackpotlotteryonline.com\/et\/wp-json\/wp\/v2\/pages\/39638","targetHints":{"allow":["GET"]}}],"collection":[{"href":"https:\/\/jackpotlotteryonline.com\/et\/wp-json\/wp\/v2\/pages"}],"about":[{"href":"https:\/\/jackpotlotteryonline.com\/et\/wp-json\/wp\/v2\/types\/page"}],"author":[{"embeddable":true,"href":"https:\/\/jackpotlotteryonline.com\/et\/wp-json\/wp\/v2\/users\/1"}],"replies":[{"embeddable":true,"href":"https:\/\/jackpotlotteryonline.com\/et\/wp-json\/wp\/v2\/comments?post=39638"}],"version-history":[{"count":0,"href":"https:\/\/jackpotlotteryonline.com\/et\/wp-json\/wp\/v2\/pages\/39638\/revisions"}],"up":[{"embeddable":true,"href":"https:\/\/jackpotlotteryonline.com\/et\/wp-json\/wp\/v2\/pages\/35684"}],"wp:attachment":[{"href":"https:\/\/jackpotlotteryonline.com\/et\/wp-json\/wp\/v2\/media?parent=39638"}],"curies":[{"name":"wp","href":"https:\/\/api.w.org\/{rel}","templated":true}]}}