{"id":39696,"date":"2022-11-29T07:18:05","date_gmt":"2022-11-29T07:18:05","guid":{"rendered":"https:\/\/jackpotlotteryonline.com\/?page_id=39696"},"modified":"2023-01-03T10:12:46","modified_gmt":"2023-01-03T10:12:46","slug":"new-york-lottery-2","status":"publish","type":"page","link":"https:\/\/jackpotlotteryonline.com\/et\/kuidas-mangida\/new-york-lottery-2\/","title":{"rendered":"M\u00e4ngi New Yorgi loto internetis"},"content":{"rendered":"<p>New Yorgi loto ajalugu on l\u00e4bi imbunud headest tegudest ja \u00fcldisest positiivsusest. Kuna loterii loodi selleks, et aidata osariigi haridust, on see hea v\u00f5imalus m\u00e4ngijatele, kellele meeldib natuke altruismi koos l\u00f5butsemisega. P\u00f5him\u00f5tteliselt, kui soovite loteriid, mis v\u00f5imaldab teil tunda, et annate midagi head maailma, siis peaksite kaaluma New Yorgi lotot.<\/p>\n<p>K\u00fcsimus enamiku m\u00e4ngijate jaoks on aga see, kuidas osaleda selles loteriis teisest maailmaosast. Nagu olete ilmselt nime j\u00e4rgi arvanud, on New Yorgi loto USAs asuva New Yorgi osariigi loterii. Seega on see avatud selles osariigis elavatele lotoentusiastidele ja lotopileteid saab h\u00f5lpsasti osta osariigi m\u00fc\u00fcjatelt. Kui elate v\u00e4ljaspool osariiki &#8211; v\u00f5i isegi t\u00e4iesti teisel kontinendil &#8211; on asi hoopis teine.<\/p>\n<p>Kuid \u00e4rge kunagi kartke, me n\u00e4itame teile parima viisi, kuidas osta lotopileteid \u00fcksk\u00f5ik kust maailma paigast. Kui teil on kiire j\u00e4rgmisele loosimisele p\u00e4\u00e4seda, siis miks mitte k\u00fclastada jackpotlotteryonline.com, et alustada?<\/p>\n<h2>N\u00e4pun\u00e4iteid New Yorgi loto m\u00e4ngimiseks<\/h2>\n<p>N\u00fc\u00fcd aga selle juurde, miks me siin oleme; kuidas m\u00e4ngida New Yorgi lotot \u00fcksk\u00f5ik kust. Enne, kui l\u00e4heme \u00fcksikasjadesse, on ilmselt hea m\u00f5te jagada m\u00f5ned n\u00e4pun\u00e4ited lotos m\u00e4ngimiseks. Kuigi me r\u00e4\u00e4gime siin konkreetsest lotost, kehtivad need n\u00f5uanded ka teiste rahvusvaheliste tipplottode puhul, kuhu muide saab ka siin osaleda.<\/p>\n<p><strong>See t\u00e4hendab, et siin on meie n\u00f5uanded New Yorgi lotos m\u00e4ngimiseks:<\/strong><\/p>\n<ul>\n<li>Valige oma numbrid hoolikalt. On t\u00f5si, et ei ole mingit t\u00f5elist v\u00f5imalust ennustada, millised numbrid loto v\u00f5idavad, kuid siiski on midagi \u00f6elda selle kohta, et valige numbrid, mis teile midagi t\u00e4hendavad.<\/li>\n<li>P\u00f6\u00f6rake t\u00e4helepanu boonusnumbrile. Ja see on midagi, mida paljud m\u00e4ngijad ei m\u00f5ista; asjaolu, et jackpot ei ole k\u00f5ik, mida v\u00f5ite v\u00f5ita. Boonusnumber on see, mis m\u00e4\u00e4rab teise astme auhinna, mis on samuti korralik summa, millega koju minna.<\/li>\n<li>\u00c4rge j\u00e4tke loosimisi vahele. Kui olete selles m\u00e4ngus, et v\u00f5ita, siis peaksite keskenduma loosimistel osalemisele. New Yorgi lotos on kaks loosimist n\u00e4dalas, kolmap\u00e4eval ja laup\u00e4eval. Pingutage, et osaleda m\u00f5lemas loosimises. V\u00f5ite osaleda loosimistel ka mitu n\u00e4dalat ette (n\u00e4itame teile hiljem, kuidas).<\/li>\n<\/ul>\n<h2>Offline vs. online<\/h2>\n<p><img loading=\"lazy\" decoding=\"async\" class=\"alignright size-full wp-image-31505\" src=\"http:\/\/jackpotlotteryonline.com\/wp-content\/uploads\/2022\/11\/lotto2-300x84-1.png\" alt=\"m\u00e4ngi New Yorgi loto internetis\" width=\"300\" height=\"84\" \/><\/p>\n<p>Mis vahe on online ja offline loteriis m\u00e4ngimisel ja kas on mingeid eeliseid? Jah, me kuuleme neid k\u00fcsimusi palju ja need on \u00f5igustatud k\u00fcsimused. Kui elate n\u00e4iteks New Yorgias, on loomulik, et m\u00f5tlete, kas online loteriis osalemisel on mingeid eeliseid. Noh, me v\u00f5ime teile \u00fche anda: mugavus.<\/p>\n<p>P\u00fc\u00fcda aru saada, milline m\u00fc\u00fcja millist loteriipiletit m\u00fc\u00fcb, v\u00f5ib olla stressirohke, eriti kui teil on vaid m\u00f5ni minut aega enne piletim\u00fc\u00fcgi sulgemist. Samuti v\u00f5ite soovida osaleda mitmes loteriis ja see muutub lihtsalt segaseks, kui peate liikuma \u00fchelt m\u00fc\u00fcjalt teisele.<\/p>\n<p>Internetis loteriis m\u00e4ngimine pakub m\u00e4ngijatele mugavust, mida varem ei osatud isegi ette kujutada. Otse oma arvuti v\u00f5i mobiilseadme mugavusest saate osta lotopileteid, kontrollida loosimistulemusi ja teha v\u00e4ljamakseid. Kui olete kord proovinud internetis loteriid m\u00e4ngida, ei ole tagasiminekut enam v\u00f5imalik, seda v\u00f5ime garanteerida.<\/p>\n<h2>Kuidas m\u00e4ngida internetis<\/h2>\n<p>Olenemata sellest, kas olete kogenud m\u00e4ngur v\u00f5i algaja, internetis loteriis osalemine on kiire, lihtne ja t\u00e4iesti arusaadav. Kui m\u00e4ngite New Yorgi lotot, on allpool toodud j\u00e4rgmised sammud:<\/p>\n<ul>\n<li>Kl\u00f5psake loteriil, mida soovite m\u00e4ngida.<\/li>\n<li>Valige 6 numbrit vahemikust 1 kuni 59. On olemas 7. number, kuid selle loosib juhuslikult v\u00e4lja lotoettev\u00f5te ja see ei ole teie pileti osa.<\/li>\n<li><a href=\"https:\/\/jackpotlotteryonline.com\/et\/winning-numbers\/new-york-lottery\">Sisestage loosimised<\/a>, mis toimuvad iga n\u00e4dala kolmap\u00e4eviti ja laup\u00e4eviti. V\u00f5ite osaleda ainult \u00fches v\u00f5i m\u00f5lemas loosimises.<\/li>\n<li>L\u00f5petage oma makse. Enamik loteriisaite n\u00f5uab, et te registreeruksite, et oma makse l\u00f5pule viia. Seda selleks, et saaksite p\u00e4rast pileti ostmist h\u00f5lpsasti oma piletile ligi p\u00e4\u00e4seda.<\/li>\n<\/ul>\n<p>Internetis loteriis m\u00e4ngimine on t\u00f5esti nii lihtne. Arvestades, et v\u00e4ljaspool New Yorgi osariiki USAs ei ole muud v\u00f5imalust saada New Yorgi lotopileteid, on see fantastiline meetod ka siis, kui elate m\u00f5nes teises maailma osas.<\/p>\n<section class=\"layout\" style=\"border: solid 1px; width: 100%;\">\n<div class=\"img-div\" style=\"margin-top: 5px;\"><img decoding=\"async\" class=\"wp-image-17212 alignleft\" style=\"height: 45px; margin: 8px 8px 0px;\" src=\"http:\/\/jackpotlotteryonline.com\/wp-content\/uploads\/2022\/11\/read1.jpg\" alt=\"Loe \" width=\"\" height=\"\" \/><\/div>\n<div style=\"padding-left: 5px;\">\n<div style=\"font-size: 1.1em;\">\n<p><strong>Kuidas saada raha, kui ma v\u00f5in v\u00f5ita loterii online?<\/strong><\/p>\n<p style=\"font-size: 0.85em; margin-top: -1.5em;\">Nii saad oma raha, kui v\u00f5idad internetis loteriis\u00a0<a href=\"https:\/\/jackpotlotteryonline.com\/et\/how-do-it-saan-palka-kui-mina-voitan-loteriis-online\"> loe edasi<\/a><\/p>\n<\/div>\n<\/div>\n<\/section>\n<h2>Kuidas valida v\u00f5idunumbreid<\/h2>\n<p>V\u00f5idunumbrite valimise teema on keeruline, kuigi kui seda l\u00e4hemalt vaadata, ei peaks see nii olema. Seda teevad liiga keeruliseks need, kes tahavad anda teile nn matemaatilisi valemeid loteriiv\u00f5idu saamiseks. T\u00f5siselt, \u00e4rge usaldage \u00fchtegi nn teaduslikku meetodit.<\/p>\n<p>Loterii on \u00f5nnem\u00e4ng ja New Yorgi loto ei ole erand. Numbrid genereeritakse juhuslikult ja \u00f5nnel on palju pistmist sellega, kes v\u00f5idab loteriis.<\/p>\n<p>Seda silmas pidades on alati hea m\u00f5te \u00f5nnefaktorit veidi \u00e4ra kasutada, valides oma \u00f5nnenumbreid. Seega v\u00f5ite valida s\u00fcnnip\u00e4evad, t\u00e4htp\u00e4evad, numbrid, mis on teile kogu elu \u00f5nne toonud jne. V\u00f5i v\u00f5ite lihtsalt kasutada meie saidi automaatse generaatori t\u00f6\u00f6riista, et valida numbreid juhuslikult. L\u00f5ppkokkuv\u00f5ttes on k\u00f5ik seotud \u00f5nnega.<\/p>\n<h2>Kust osta pileteid New Yorgi loto jaoks<\/h2>\n<p><img loading=\"lazy\" decoding=\"async\" class=\"alignright size-medium wp-image-28913\" src=\"http:\/\/jackpotlotteryonline.com\/wp-content\/uploads\/2022\/11\/1_pick_lottery_numbers-300x200.jpg\" alt=\"osta New Yorgi loto pileteid\" width=\"300\" height=\"200\" srcset=\"https:\/\/jackpotlotteryonline.com\/wp-content\/uploads\/2022\/11\/1_pick_lottery_numbers-300x200.jpg 300w, https:\/\/jackpotlotteryonline.com\/wp-content\/uploads\/2022\/11\/1_pick_lottery_numbers.jpg 320w\" sizes=\"auto, (max-width: 300px) 100vw, 300px\" \/><\/p>\n<p>Kui olete valmis osalema New Yorgi lotos, siis j\u00e4rgmine samm on <a href=\"https:\/\/jackpotlotteryonline.com\/et\/kuidas-osta-loteriipileteid-internetis\/new-york-lottery\">piletite ostmine<\/a>. Seda saate teha internetis loterii m\u00fc\u00fcja saidilt nagu jackpotlotteryonline.com. Oluline on olla ettevaatlik loteriisaitide suhtes, mis ei \u00fctle teile t\u00e4pselt, kuidas nad teie pileteid saavad. Sellised saidid v\u00f5ivad lasta teil vaid panustada loterii tulemusele, ilma et te tegelikult selles osaleksite.<\/p>\n<p>Kui ostate meilt loteriipileteid, ostavad meie New Yorgi agendid vastavate numbritega pileteid. See on peaaegu nagu oma isiklik loterii agent erinevates maailma osades.<\/p>\n<h2>New Yorgi loto auhinnaklassid<\/h2>\n<p>New Yorgi lotos on mitu auhinnaklassi. Kuigi enamik m\u00e4ngijatest p\u00fc\u00fcdleb jackpoti poole ja seda peaksite ka teie tegema, on t\u00f5siasi, et k\u00f5ik ei suuda jackpotit v\u00f5ita. Sellegipoolest on mitmeid teisi auhinnakategooriaid, mida m\u00e4ngijad saavad v\u00f5ita.<\/p>\n<p>Niisiis, jackpoti auhind algab 2 miljonist dollarist, kuid \u00e4rge laske end sellest summast petta. Kui p\u00e4rast loosimist ei ole v\u00f5itjat, l\u00e4heb auhind \u00fcle ja hakkab lihtsalt kasvama ja kasvama. Selle loterii suurim jackpoti auhind oli kunagi uskumatu 176 miljonit dollarit. Jah, t\u00e4iesti elumuutev.<\/p>\n<p>Tase 1 (jackpot) &#8211; k\u00f5ik 6 loositud numbrit on v\u00f5rdsed.<\/p>\n<p>Tase 2 &#8211; 5 numbrit + boonusnumber<\/p>\n<p>Tase 3 &#8211; 5 numbri kokkulangemine<\/p>\n<p>Tase 4 &#8211; 4 numbrile vastamine<\/p>\n<p>Tase 5 &#8211; 3 numbrile vastamine<\/p>\n<h2>V\u00f5itmine ja v\u00e4ljamaksmine<\/h2>\n<p>New Yorgi loto v\u00f5itmine t\u00e4hendab, et teil on pilet, mis vastab loositud numbritele. Loterii v\u00f5idab see, kes vastab loositud numbritele. Selleks, et teada saada, kas olete v\u00f5itnud loteriis, peate kontrollima loosimise tulemusi. Kui olete meie juures registreeritud, saadame teile e-kirja, kui olete v\u00f5itnud auhinna.<\/p>\n<p>Kui ostate oma lotopiletid meilt, saate oma v\u00f5idud meie platvormilt h\u00f5lpsasti oma kontole v\u00e4lja v\u00f5tta. Kui v\u00f5idate 2500 eurot v\u00f5i v\u00e4hem, siis saate oma raha lihtsa kl\u00f5psuga v\u00e4lja v\u00f5tta. Kui see on rohkem, saadame teile n\u00f5udeavalduse vormi, mille saate t\u00e4ita ja seej\u00e4rel aitame teie v\u00f5idu t\u00f6\u00f6tlemisel.<\/p>\n<p>Otsi pileteid New Yorgi loto jaoks n\u00fc\u00fcd jackpotlotteryonline.com.<\/p>\n","protected":false},"excerpt":{"rendered":"<p>New Yorgi loto ajalugu on l\u00e4bi imbunud headest tegudest ja \u00fcldisest positiivsusest. Kuna loterii loodi selleks, et aidata osariigi haridust, on see hea v\u00f5imalus m\u00e4ngijatele, kellele meeldib natuke altruismi koos l\u00f5butsemisega. P\u00f5him\u00f5tteliselt, kui soovite loteriid, mis v\u00f5imaldab teil tunda, et annate midagi head maailma, siis peaksite kaaluma New Yorgi lotot. K\u00fcsimus enamiku m\u00e4ngijate jaoks on [&hellip;]<\/p>\n","protected":false},"author":1,"featured_media":0,"parent":35684,"menu_order":14,"comment_status":"closed","ping_status":"closed","template":"newyork.php","meta":{"_et_pb_use_builder":"","_et_pb_old_content":"","_et_gb_content_width":"","exclude_from_search":false,"footnotes":""},"class_list":["post-39696","page","type-page","status-publish","hentry"],"yoast_head":"<!-- This site is optimized with the Yoast SEO plugin v23.3 - https:\/\/yoast.com\/wordpress\/plugins\/seo\/ -->\n<title>Kuidas m\u00e4ngida New Yorgi lotot \u00fcksk\u00f5ik kust l\u00e4htuvalt<\/title>\n<meta name=\"description\" content=\"Pole t\u00e4htis, kus sa oled, sa saad New Yorgi lotosse internetis osaleda. Lisateavet selle kohta, kuidas m\u00e4ngida ja v\u00f5ita, leiate siit.\" \/>\n<meta name=\"robots\" content=\"index, follow, max-snippet:-1, max-image-preview:large, max-video-preview:-1\" \/>\n<link rel=\"canonical\" href=\"https:\/\/jackpotlotteryonline.com\/et\/kuidas-mangida\/new-york-lottery-2\/\" \/>\n<meta property=\"og:locale\" content=\"et_EE\" \/>\n<meta property=\"og:type\" content=\"article\" \/>\n<meta property=\"og:title\" content=\"Kuidas m\u00e4ngida New Yorgi lotot \u00fcksk\u00f5ik kust l\u00e4htuvalt\" \/>\n<meta property=\"og:description\" content=\"Pole t\u00e4htis, kus sa oled, sa saad New Yorgi lotosse internetis osaleda. Lisateavet selle kohta, kuidas m\u00e4ngida ja v\u00f5ita, leiate siit.\" \/>\n<meta property=\"og:url\" content=\"https:\/\/jackpotlotteryonline.com\/et\/kuidas-mangida\/new-york-lottery-2\/\" \/>\n<meta property=\"og:site_name\" content=\"Lotto Online - Crack The International Lottery Jackpots\" \/>\n<meta property=\"article:modified_time\" content=\"2023-01-03T10:12:46+00:00\" \/>\n<meta property=\"og:image\" content=\"http:\/\/jackpotlotteryonline.com\/wp-content\/uploads\/2022\/11\/lotto2-300x84-1.png\" \/>\n<meta name=\"twitter:card\" content=\"summary_large_image\" \/>\n<meta name=\"twitter:label1\" content=\"Est. reading time\" \/>\n\t<meta name=\"twitter:data1\" content=\"5 minutit\" \/>\n<!-- \/ Yoast SEO plugin. -->","yoast_head_json":{"title":"Kuidas m\u00e4ngida New Yorgi lotot \u00fcksk\u00f5ik kust l\u00e4htuvalt","description":"Pole t\u00e4htis, kus sa oled, sa saad New Yorgi lotosse internetis osaleda. Lisateavet selle kohta, kuidas m\u00e4ngida ja v\u00f5ita, leiate siit.","robots":{"index":"index","follow":"follow","max-snippet":"max-snippet:-1","max-image-preview":"max-image-preview:large","max-video-preview":"max-video-preview:-1"},"canonical":"https:\/\/jackpotlotteryonline.com\/et\/kuidas-mangida\/new-york-lottery-2\/","og_locale":"et_EE","og_type":"article","og_title":"Kuidas m\u00e4ngida New Yorgi lotot \u00fcksk\u00f5ik kust l\u00e4htuvalt","og_description":"Pole t\u00e4htis, kus sa oled, sa saad New Yorgi lotosse internetis osaleda. Lisateavet selle kohta, kuidas m\u00e4ngida ja v\u00f5ita, leiate siit.","og_url":"https:\/\/jackpotlotteryonline.com\/et\/kuidas-mangida\/new-york-lottery-2\/","og_site_name":"Lotto Online - Crack The International Lottery Jackpots","article_modified_time":"2023-01-03T10:12:46+00:00","og_image":[{"url":"http:\/\/jackpotlotteryonline.com\/wp-content\/uploads\/2022\/11\/lotto2-300x84-1.png"}],"twitter_card":"summary_large_image","twitter_misc":{"Est. reading time":"5 minutit"},"schema":{"@context":"https:\/\/schema.org","@graph":[{"@type":"WebPage","@id":"https:\/\/jackpotlotteryonline.com\/et\/kuidas-mangida\/new-york-lottery-2\/","url":"https:\/\/jackpotlotteryonline.com\/et\/kuidas-mangida\/new-york-lottery-2\/","name":"Kuidas m\u00e4ngida New Yorgi lotot \u00fcksk\u00f5ik kust l\u00e4htuvalt","isPartOf":{"@id":"https:\/\/jackpotlotteryonline.com\/#website"},"primaryImageOfPage":{"@id":"https:\/\/jackpotlotteryonline.com\/et\/kuidas-mangida\/new-york-lottery-2\/#primaryimage"},"image":{"@id":"https:\/\/jackpotlotteryonline.com\/et\/kuidas-mangida\/new-york-lottery-2\/#primaryimage"},"thumbnailUrl":"http:\/\/jackpotlotteryonline.com\/wp-content\/uploads\/2022\/11\/lotto2-300x84-1.png","datePublished":"2022-11-29T07:18:05+00:00","dateModified":"2023-01-03T10:12:46+00:00","description":"Pole t\u00e4htis, kus sa oled, sa saad New Yorgi lotosse internetis osaleda. Lisateavet selle kohta, kuidas m\u00e4ngida ja v\u00f5ita, leiate siit.","breadcrumb":{"@id":"https:\/\/jackpotlotteryonline.com\/et\/kuidas-mangida\/new-york-lottery-2\/#breadcrumb"},"inLanguage":"et","potentialAction":[{"@type":"ReadAction","target":["https:\/\/jackpotlotteryonline.com\/et\/kuidas-mangida\/new-york-lottery-2\/"]}]},{"@type":"ImageObject","inLanguage":"et","@id":"https:\/\/jackpotlotteryonline.com\/et\/kuidas-mangida\/new-york-lottery-2\/#primaryimage","url":"http:\/\/jackpotlotteryonline.com\/wp-content\/uploads\/2022\/11\/lotto2-300x84-1.png","contentUrl":"http:\/\/jackpotlotteryonline.com\/wp-content\/uploads\/2022\/11\/lotto2-300x84-1.png"},{"@type":"BreadcrumbList","@id":"https:\/\/jackpotlotteryonline.com\/et\/kuidas-mangida\/new-york-lottery-2\/#breadcrumb","itemListElement":[{"@type":"ListItem","position":1,"name":"Home","item":"https:\/\/jackpotlotteryonline.com\/et\/"},{"@type":"ListItem","position":2,"name":"Kuidas m\u00e4ngida","item":"https:\/\/jackpotlotteryonline.com\/et\/kuidas-mangida\/"},{"@type":"ListItem","position":3,"name":"M\u00e4ngi New Yorgi loto internetis"}]},{"@type":"WebSite","@id":"https:\/\/jackpotlotteryonline.com\/#website","url":"https:\/\/jackpotlotteryonline.com\/","name":"Lotto Online - Crack The International Lottery Jackpots","description":"","potentialAction":[{"@type":"SearchAction","target":{"@type":"EntryPoint","urlTemplate":"https:\/\/jackpotlotteryonline.com\/?s={search_term_string}"},"query-input":"required name=search_term_string"}],"inLanguage":"et"}]}},"_links":{"self":[{"href":"https:\/\/jackpotlotteryonline.com\/et\/wp-json\/wp\/v2\/pages\/39696","targetHints":{"allow":["GET"]}}],"collection":[{"href":"https:\/\/jackpotlotteryonline.com\/et\/wp-json\/wp\/v2\/pages"}],"about":[{"href":"https:\/\/jackpotlotteryonline.com\/et\/wp-json\/wp\/v2\/types\/page"}],"author":[{"embeddable":true,"href":"https:\/\/jackpotlotteryonline.com\/et\/wp-json\/wp\/v2\/users\/1"}],"replies":[{"embeddable":true,"href":"https:\/\/jackpotlotteryonline.com\/et\/wp-json\/wp\/v2\/comments?post=39696"}],"version-history":[{"count":0,"href":"https:\/\/jackpotlotteryonline.com\/et\/wp-json\/wp\/v2\/pages\/39696\/revisions"}],"up":[{"embeddable":true,"href":"https:\/\/jackpotlotteryonline.com\/et\/wp-json\/wp\/v2\/pages\/35684"}],"wp:attachment":[{"href":"https:\/\/jackpotlotteryonline.com\/et\/wp-json\/wp\/v2\/media?parent=39696"}],"curies":[{"name":"wp","href":"https:\/\/api.w.org\/{rel}","templated":true}]}}