{"id":40299,"date":"2022-12-02T09:50:18","date_gmt":"2022-12-02T09:50:18","guid":{"rendered":"https:\/\/jackpotlotteryonline.com\/?page_id=40299"},"modified":"2022-12-19T14:51:37","modified_gmt":"2022-12-19T14:51:37","slug":"mega-millions","status":"publish","type":"page","link":"https:\/\/jackpotlotteryonline.com\/et\/kuidas-osta-loteriipileteid-internetis\/mega-millions\/","title":{"rendered":"Mega Millions piletid"},"content":{"rendered":"<h2>Kuidas saab osta Mega Millions piletit internetis?<\/h2>\n<p>Kui sa seda loed, siis oled t\u00f5en\u00e4oliselt huvitatud Mega Millions&#8217;i pileti ostmisest. Mega Millions on \u00fcks paljudest loteriidest, mis pakuvad oma v\u00f5itjatele suuri jackpotte. V\u00f5ib-olla k\u00fcsite n\u00fc\u00fcd endalt: &#8220;Kuidas ma saan osta Mega Millions&#8217;i piletit internetis?&#8221;.<\/p>\n<p>Noh, me oleme teid katnud. Siin on juhend, mis aitab teil osta Mega Millions&#8217;i piletit internetis.<\/p>\n<h2>Miks osta Mega Millions&#8217;i pileteid veebist?<\/h2>\n<p><img loading=\"lazy\" decoding=\"async\" class=\"alignright size-full wp-image-31073\" src=\"http:\/\/jackpotlotteryonline.com\/wp-content\/uploads\/2022\/11\/logo_Mega_Millions_233x110.png\" alt=\"osta mega millions pilet online\" width=\"232\" height=\"110\" \/>Mega Million on USAs toimuv loterii, mille suured, elu muutvad jackpotid ulatuvad sageli sadadesse miljonitesse naeladesse. Selle jackpoti v\u00f5itmine v\u00f5ib muuta teie elu \u00fcle\u00f6\u00f6, kuid ainult siis, kui teil on piisavalt \u00f5nne, et k\u00f5ik v\u00f5idunumbrid on \u00f5igesti valitud.<\/p>\n<p>Kui plaanite seda<a href=\"https:\/\/jackpotlotteryonline.com\/et\/kuidas-mangida\/mega-millions\"> loteriid m\u00e4ngida internetis<\/a>, t\u00e4hendab see, et me ostame piletid teie nimel meie kohalike jaem\u00fc\u00fcgiagentide kaudu. Me oleme usaldusv\u00e4\u00e4rne concierge-teenuste pakkuja, kes pakub neid teenuseid oma klientidele \u00fcle kogu maailma. Me tagame, et meie kliendid saavad parima teenuse, nii et miks mitte osta koos meiega?<\/p>\n<p>Kuna Mega Millions on suur jackpot ja selles osaleb palju inimesi, on v\u00f5idut\u00f5en\u00e4osus \u00fcsna suur ja enamik inimesi otsib meetodeid, mida nad saavad kasutada, et suurendada oma v\u00f5iduv\u00f5imalusi selles jackpotis.<\/p>\n<p>\u00dcks v\u00f5imalus oma v\u00f5imalusi parandada on osta Mega Millions&#8217;i pilet internetis. Seda saate teha meie veebisaidil, tellides lihtsalt pileti \u00fcksk\u00f5ik kust maailmas, ja Mega Millions&#8217;i pileti skaneerimine on teie kontol saadaval. Kui ostate Mega Millions&#8217;i pileti veebist, ei pea te muretsema pileti kaotamise v\u00f5i varguse p\u00e4rast, sest teie pileti andmed on turvaliselt salvestatud.<\/p>\n<p>Samuti on Mega Millions&#8217;i pileti ostmine veebist mugavam kui f\u00fc\u00fcsilisse kauplusesse minek, sest saate oma tellimuse teha mugavalt oma kodust, kus iganes maailmas. Te osalete selles Mega Millions&#8217;i loteriis nagu USA elanik, kui ootate loosimisi.<\/p>\n<h2>Mega Millions&#8217;i piletite ostmise protsess internetis<\/h2>\n<p>Enne Mega Millions&#8217;i pileti ostmist meie kaudu peaksite teadma, et me tegutseme vahendajana teie ja loterii vahel, v\u00f5imaldades teil m\u00e4ngida ja osta pileteid internetis, ilma et peaksite kunagi k\u00fclastama f\u00fc\u00fcsilist loterii jaem\u00fc\u00fcgipoodi.<\/p>\n<p>Kas olete n\u00fc\u00fcd valmis ostma oma Mega Millions&#8217;i piletit internetis? Kui olete, siis allpool on toodud m\u00f5ned sammud, mida j\u00e4rgida, et pileti ostmine oleks edukas.<\/p>\n<p><strong>1. Looge konto.<\/strong><br \/>\n<img loading=\"lazy\" decoding=\"async\" class=\"alignright size-full wp-image-34025\" src=\"http:\/\/jackpotlotteryonline.com\/wp-content\/uploads\/2022\/11\/2_ticket_mega_millions3-1.jpg\" alt=\"osta mega millions pilet online\" width=\"180\" height=\"193\" \/>Kui olete uus, suunatakse teid registreerimislehele, kus esitate vajalikud andmed. P\u00e4rast seda, kui olete oma m\u00e4ngijakonto edukalt loonud, minge Mega Millions loterii lehele ja tehke j\u00e4rgmist:<\/p>\n<p>Valige numbrid, millega soovite m\u00e4ngida. Seda saate teha kas k\u00e4sitsi v\u00f5i kasutada meie juhusliku numbrigeneraatori abil juhusliku numbrite valiku tegemiseks.<\/p>\n<p>Seej\u00e4rel valige loosimiste arv, milles soovite osaleda. V\u00f5ite valida kas \u00fche loosimise v\u00f5i osta mitme loosimise pileteid. Mitmes loosimises osalemine suurendab teie v\u00f5imalusi Mega Millions&#8217;i jackpoti v\u00f5itmiseks.<\/p>\n<p><strong>2. Vajutage nupule &#8220;J\u00e4tka&#8221; ja suunduge kassalehek\u00fcljele.<\/strong><\/p>\n<p><strong>3. Makseviisid<\/strong><\/p>\n<p>Mine maksmise lehele ja maksa oma piletite eest. Teie Mega Millions&#8217;i pileti skaneering laetakse m\u00f5ne aja p\u00e4rast teie kontole.<\/p>\n<p><strong>4. N\u00fc\u00fcd peate vaid ootama loosimisi, mis toimuvad igal teisip\u00e4eval ja reedel kell 23:00.<\/strong> Ajav\u00f6\u00f6ndid v\u00f5ivad erineda, seega soovitame teil <a href=\"https:\/\/jackpotlotteryonline.com\/et\/winning-numbers\/mega-millions\">loosimisi<\/a> oodates ajav\u00f6\u00f6ndit kinnitada.<\/p>\n<h2>Mis juhtub p\u00e4rast Mega Millions&#8217;i jackpoti v\u00f5itmist?<\/h2>\n<p>Kui teil on k\u00f5ik numbrid \u00f5igesti valitud, siis v\u00f5ite m\u00f5elda, mida edasi teha v\u00f5i kuidas te oma auhinna k\u00e4tte saate. Te saate kogu oma v\u00f5idu k\u00e4tte ja te ei pea Mega Millions&#8217;i auhinna k\u00e4ttesaamiseks USAsse reisima. Teadke lihtsalt, et teie pileti skaneerimine on t\u00f5endiks osalemise kohta, seega hoidke seda turvaliselt; seda on teil vaja.<\/p>\n<section class=\"layout\" style=\"border: solid 1px; width: 100%;\">\n<div class=\"img-div\" style=\"margin-top: 5px;\"><img decoding=\"async\" class=\"wp-image-17212 alignleft\" style=\"height: 45px; margin: 8px 8px 0px;\" src=\"http:\/\/jackpotlotteryonline.com\/wp-content\/uploads\/2022\/11\/read1.jpg\" alt=\"v\u00f5itja premeerimine\" width=\"\" height=\"\" \/><\/div>\n<div style=\"padding-left: 5px;\">\n<div style=\"font-size: 1.1em;\">\n<p><strong>Kuidas saada raha, kui ma v\u00f5in v\u00f5ita loterii online?<\/strong><\/p>\n<p style=\"font-size: 0.85em; margin-top: -1.5em;\">Nii saad oma raha, kui v\u00f5idad internetis loteriis \u00a0<a href=\"https:\/\/jackpotlotteryonline.com\/et\/how-do-it-saan-palka-kui-mina-voitan-loteriis-online\">loe edasi<\/a><\/p>\n<\/div>\n<\/div>\n<\/section>\n<h2>N\u00e4pun\u00e4ited, mis aitavad teil Mega Millions&#8217;i jackpotiga v\u00e4lja minna<\/h2>\n<p><img loading=\"lazy\" decoding=\"async\" class=\"size-medium wp-image-29858 alignright\" src=\"http:\/\/jackpotlotteryonline.com\/wp-content\/uploads\/2022\/11\/1_win_euromillions_lottery-300x164.jpg\" alt=\"osta mega millions pilet online\" width=\"300\" height=\"164\" srcset=\"https:\/\/jackpotlotteryonline.com\/wp-content\/uploads\/2022\/11\/1_win_euromillions_lottery-300x164.jpg 300w, https:\/\/jackpotlotteryonline.com\/wp-content\/uploads\/2022\/11\/1_win_euromillions_lottery.jpg 350w\" sizes=\"auto, (max-width: 300px) 100vw, 300px\" \/>Kui plaanite m\u00e4ngida Mega Millions&#8217;i loteriid ja v\u00f5ita jackpot, siis on m\u00f5ned asjad, mida peaksite arvestama, et suurendada oma v\u00f5iduv\u00f5imalusi.<\/p>\n<p>Esiteks, alustuseks valige oma numbrid hoolikalt. \u00c4rge valige liiga tavalisi numbreid; selle asemel kaaluge kas oma \u00f5nnenumbreid v\u00f5i valige numbrid juhuslikult. Veenduge, et need on \u00fchtlaselt jaotatud, et v\u00e4ltida teiste m\u00e4ngijatega samade numbrite valimist.<\/p>\n<p>Teiseks v\u00f5rdle viimaseid v\u00f5idunumbreid ja uuri numbrimustreid. K\u00f5rvaldage valitud numbritest hiljuti v\u00e4lja loositud numbrid.<\/p>\n<p>Samuti uurige k\u00f5ige sagedamini v\u00f5idetud numbrite mustrit ja m\u00e4rgistage need k\u00f5ige sagedamini v\u00f5itnud numbriteks. P\u00e4rast nende j\u00e4lgimist jaotage m\u00f5ned neist vastavalt oma valitud numbritele.<\/p>\n<p>L\u00f5puks on teil v\u00f5imalus m\u00e4ngida Mega Millions&#8217;i loteriid s\u00fcndikaadis. See on nagu piletite ostmine r\u00fchmana ja k\u00f5ik v\u00f5idud jagatakse v\u00f5rdselt k\u00f5igi osalenud m\u00e4ngijate vahel. See on suurep\u00e4rane meetod, et suurendada oma v\u00f5imalusi jackpoti v\u00f5itmiseks.<\/p>\n<p>Kui m\u00e4ngite Mega Millions&#8217;i, v\u00f5ttes samal ajal arvesse \u00fclaltoodud n\u00e4pun\u00e4iteid, kes teab? Te v\u00f5ite olla j\u00e4rgmine v\u00f5itja, kes jackpoti \u00e4ra haarab. Proovige oma \u00f5nne juba t\u00e4na!<\/p>\n<h2>Kokkuv\u00f5te<\/h2>\n<p>Kui te ei ole USA elanik ja loodate haarata Mega Millions&#8217;i jackpot&#8217;i, siis on teie parim v\u00f5imalus osta Mega Millions&#8217;i pilet internetis. Selles loteriis saab osaleda mis tahes maailma riigist. Mida te siis ootate? Ostke oma piletid juba t\u00e4na ja teil on v\u00f5imalus saada \u00f5nnelikuks jackpoti v\u00f5itjaks.<\/p>\n<p>Lisateabe saamiseks selle loterii kohta k\u00fclastage meie KKK lehek\u00fclge v\u00f5i esitage oma k\u00fcsimus ja meie klienditoe meeskond vastab asjakohase teabega. Vahepeal v\u00f5ite uurida ka teisi meie veebisaidil saadaval olevaid loteriisid ja kui olete huvitatud, vajutage lihtsalt m\u00e4ngimisnuppu ja v\u00f5ida ka teistes loteriides.<\/p>\n","protected":false},"excerpt":{"rendered":"<p>Kuidas saab osta Mega Millions piletit internetis? Kui sa seda loed, siis oled t\u00f5en\u00e4oliselt huvitatud Mega Millions&#8217;i pileti ostmisest. Mega Millions on \u00fcks paljudest loteriidest, mis pakuvad oma v\u00f5itjatele suuri jackpotte. V\u00f5ib-olla k\u00fcsite n\u00fc\u00fcd endalt: &#8220;Kuidas ma saan osta Mega Millions&#8217;i piletit internetis?&#8221;. Noh, me oleme teid katnud. Siin on juhend, mis aitab teil osta [&hellip;]<\/p>\n","protected":false},"author":1,"featured_media":0,"parent":35747,"menu_order":1,"comment_status":"closed","ping_status":"closed","template":"megamillion.php","meta":{"_et_pb_use_builder":"","_et_pb_old_content":"","_et_gb_content_width":"","exclude_from_search":false,"footnotes":""},"class_list":["post-40299","page","type-page","status-publish","hentry"],"yoast_head":"<!-- This site is optimized with the Yoast SEO plugin v23.3 - https:\/\/yoast.com\/wordpress\/plugins\/seo\/ -->\n<title>Osta Mega Millions pileteid internetis | Mega Millions piletid v\u00e4ljastpoolt USA-d | Mega Millions piletid v\u00e4ljastpoolt USA-d<\/title>\n<meta name=\"description\" content=\"Kui elate v\u00e4ljaspool USA-d, saate siiski osta Mega Millions pileteid online, siinsamas. Me ostame teie jaoks t\u00f5elised Mega Millions piletid ja skaneerime neid\" \/>\n<meta name=\"robots\" content=\"index, follow, max-snippet:-1, max-image-preview:large, max-video-preview:-1\" \/>\n<link rel=\"canonical\" href=\"https:\/\/jackpotlotteryonline.com\/et\/kuidas-osta-loteriipileteid-internetis\/mega-millions\/\" \/>\n<meta property=\"og:locale\" content=\"et_EE\" \/>\n<meta property=\"og:type\" content=\"article\" \/>\n<meta property=\"og:title\" content=\"Osta Mega Millions pileteid internetis | Mega Millions piletid v\u00e4ljastpoolt USA-d | Mega Millions piletid v\u00e4ljastpoolt USA-d\" \/>\n<meta property=\"og:description\" content=\"Kui elate v\u00e4ljaspool USA-d, saate siiski osta Mega Millions pileteid online, siinsamas. Me ostame teie jaoks t\u00f5elised Mega Millions piletid ja skaneerime neid\" \/>\n<meta property=\"og:url\" content=\"https:\/\/jackpotlotteryonline.com\/et\/kuidas-osta-loteriipileteid-internetis\/mega-millions\/\" \/>\n<meta property=\"og:site_name\" content=\"Lotto Online - Crack The International Lottery Jackpots\" \/>\n<meta property=\"article:modified_time\" content=\"2022-12-19T14:51:37+00:00\" \/>\n<meta property=\"og:image\" content=\"http:\/\/jackpotlotteryonline.com\/wp-content\/uploads\/2022\/11\/logo_Mega_Millions_233x110.png\" \/>\n<meta name=\"twitter:card\" content=\"summary_large_image\" \/>\n<meta name=\"twitter:label1\" content=\"Est. reading time\" \/>\n\t<meta name=\"twitter:data1\" content=\"5 minutit\" \/>\n<!-- \/ Yoast SEO plugin. -->","yoast_head_json":{"title":"Osta Mega Millions pileteid internetis | Mega Millions piletid v\u00e4ljastpoolt USA-d | Mega Millions piletid v\u00e4ljastpoolt USA-d","description":"Kui elate v\u00e4ljaspool USA-d, saate siiski osta Mega Millions pileteid online, siinsamas. Me ostame teie jaoks t\u00f5elised Mega Millions piletid ja skaneerime neid","robots":{"index":"index","follow":"follow","max-snippet":"max-snippet:-1","max-image-preview":"max-image-preview:large","max-video-preview":"max-video-preview:-1"},"canonical":"https:\/\/jackpotlotteryonline.com\/et\/kuidas-osta-loteriipileteid-internetis\/mega-millions\/","og_locale":"et_EE","og_type":"article","og_title":"Osta Mega Millions pileteid internetis | Mega Millions piletid v\u00e4ljastpoolt USA-d | Mega Millions piletid v\u00e4ljastpoolt USA-d","og_description":"Kui elate v\u00e4ljaspool USA-d, saate siiski osta Mega Millions pileteid online, siinsamas. Me ostame teie jaoks t\u00f5elised Mega Millions piletid ja skaneerime neid","og_url":"https:\/\/jackpotlotteryonline.com\/et\/kuidas-osta-loteriipileteid-internetis\/mega-millions\/","og_site_name":"Lotto Online - Crack The International Lottery Jackpots","article_modified_time":"2022-12-19T14:51:37+00:00","og_image":[{"url":"http:\/\/jackpotlotteryonline.com\/wp-content\/uploads\/2022\/11\/logo_Mega_Millions_233x110.png"}],"twitter_card":"summary_large_image","twitter_misc":{"Est. reading time":"5 minutit"},"schema":{"@context":"https:\/\/schema.org","@graph":[{"@type":"WebPage","@id":"https:\/\/jackpotlotteryonline.com\/et\/kuidas-osta-loteriipileteid-internetis\/mega-millions\/","url":"https:\/\/jackpotlotteryonline.com\/et\/kuidas-osta-loteriipileteid-internetis\/mega-millions\/","name":"Osta Mega Millions pileteid internetis | Mega Millions piletid v\u00e4ljastpoolt USA-d | Mega Millions piletid v\u00e4ljastpoolt USA-d","isPartOf":{"@id":"https:\/\/jackpotlotteryonline.com\/#website"},"primaryImageOfPage":{"@id":"https:\/\/jackpotlotteryonline.com\/et\/kuidas-osta-loteriipileteid-internetis\/mega-millions\/#primaryimage"},"image":{"@id":"https:\/\/jackpotlotteryonline.com\/et\/kuidas-osta-loteriipileteid-internetis\/mega-millions\/#primaryimage"},"thumbnailUrl":"http:\/\/jackpotlotteryonline.com\/wp-content\/uploads\/2022\/11\/logo_Mega_Millions_233x110.png","datePublished":"2022-12-02T09:50:18+00:00","dateModified":"2022-12-19T14:51:37+00:00","description":"Kui elate v\u00e4ljaspool USA-d, saate siiski osta Mega Millions pileteid online, siinsamas. Me ostame teie jaoks t\u00f5elised Mega Millions piletid ja skaneerime neid","breadcrumb":{"@id":"https:\/\/jackpotlotteryonline.com\/et\/kuidas-osta-loteriipileteid-internetis\/mega-millions\/#breadcrumb"},"inLanguage":"et","potentialAction":[{"@type":"ReadAction","target":["https:\/\/jackpotlotteryonline.com\/et\/kuidas-osta-loteriipileteid-internetis\/mega-millions\/"]}]},{"@type":"ImageObject","inLanguage":"et","@id":"https:\/\/jackpotlotteryonline.com\/et\/kuidas-osta-loteriipileteid-internetis\/mega-millions\/#primaryimage","url":"http:\/\/jackpotlotteryonline.com\/wp-content\/uploads\/2022\/11\/logo_Mega_Millions_233x110.png","contentUrl":"http:\/\/jackpotlotteryonline.com\/wp-content\/uploads\/2022\/11\/logo_Mega_Millions_233x110.png"},{"@type":"BreadcrumbList","@id":"https:\/\/jackpotlotteryonline.com\/et\/kuidas-osta-loteriipileteid-internetis\/mega-millions\/#breadcrumb","itemListElement":[{"@type":"ListItem","position":1,"name":"Home","item":"https:\/\/jackpotlotteryonline.com\/et\/"},{"@type":"ListItem","position":2,"name":"Kuidas osta loteriipileteid internetis","item":"https:\/\/jackpotlotteryonline.com\/et\/kuidas-osta-loteriipileteid-internetis\/"},{"@type":"ListItem","position":3,"name":"Mega Millions piletid"}]},{"@type":"WebSite","@id":"https:\/\/jackpotlotteryonline.com\/#website","url":"https:\/\/jackpotlotteryonline.com\/","name":"Lotto Online - Crack The International Lottery Jackpots","description":"","potentialAction":[{"@type":"SearchAction","target":{"@type":"EntryPoint","urlTemplate":"https:\/\/jackpotlotteryonline.com\/?s={search_term_string}"},"query-input":"required name=search_term_string"}],"inLanguage":"et"}]}},"_links":{"self":[{"href":"https:\/\/jackpotlotteryonline.com\/et\/wp-json\/wp\/v2\/pages\/40299","targetHints":{"allow":["GET"]}}],"collection":[{"href":"https:\/\/jackpotlotteryonline.com\/et\/wp-json\/wp\/v2\/pages"}],"about":[{"href":"https:\/\/jackpotlotteryonline.com\/et\/wp-json\/wp\/v2\/types\/page"}],"author":[{"embeddable":true,"href":"https:\/\/jackpotlotteryonline.com\/et\/wp-json\/wp\/v2\/users\/1"}],"replies":[{"embeddable":true,"href":"https:\/\/jackpotlotteryonline.com\/et\/wp-json\/wp\/v2\/comments?post=40299"}],"version-history":[{"count":0,"href":"https:\/\/jackpotlotteryonline.com\/et\/wp-json\/wp\/v2\/pages\/40299\/revisions"}],"up":[{"embeddable":true,"href":"https:\/\/jackpotlotteryonline.com\/et\/wp-json\/wp\/v2\/pages\/35747"}],"wp:attachment":[{"href":"https:\/\/jackpotlotteryonline.com\/et\/wp-json\/wp\/v2\/media?parent=40299"}],"curies":[{"name":"wp","href":"https:\/\/api.w.org\/{rel}","templated":true}]}}