{"id":40352,"date":"2022-12-02T13:43:07","date_gmt":"2022-12-02T13:43:07","guid":{"rendered":"https:\/\/jackpotlotteryonline.com\/?page_id=40352"},"modified":"2023-01-01T13:57:59","modified_gmt":"2023-01-01T13:57:59","slug":"oz-lotto","status":"publish","type":"page","link":"https:\/\/jackpotlotteryonline.com\/et\/kuidas-mangida\/oz-lotto\/","title":{"rendered":"Oz Lotto online m\u00e4ngimine"},"content":{"rendered":"<h2>Oz Lotto kohta<\/h2>\n<p>Oz Lottery on Austraalia loterii, mis v\u00f5eti kasutusele 1994. aastal ja mida haldab Tatts grupi nimeline grupp. Oz Lotto populaarsus on kasvanud nii Austraalias kui ka Uus-Meremaal, mist\u00f5ttu on see Austraalia suurim loterii m\u00e4ng. <a href=\"https:\/\/jackpotlotteryonline.com\/et\/winning-numbers\/oz-lotto\">Oz Lotto loosimised<\/a> toimuvad igal kolmap\u00e4eval ja reedel.<\/p>\n<p>J\u00e4rgnevalt on toodud juhend, mis aitab teil Oz Lotto online m\u00e4ngida \u00fcksk\u00f5ik kus maailmas.<\/p>\n<h2>Kuidas m\u00e4ngida Oz Lotto internetis<\/h2>\n<p><img loading=\"lazy\" decoding=\"async\" class=\"alignright size-full wp-image-29777\" src=\"http:\/\/jackpotlotteryonline.com\/wp-content\/uploads\/2022\/11\/1_ticket_online_buying.jpg\" alt=\"m\u00e4ngida Oz Lotto online\" width=\"300\" height=\"203\" \/>Kui otsite p\u00f5nevat ja p\u00f5nevat loteriid, milles osaleda, siis peate vaatama Austraalia Oz Lotto. Pakume m\u00e4ngijatele v\u00f5imalust m\u00e4ngida rahvusvahelisi loteriisid internetis, pakkudes concierge-teenuseid. K\u00f5ik, mida vajate Oz Lotto online m\u00e4ngimiseks, on arvuti ja interneti\u00fchendus.<\/p>\n<p>Oz Lotto online m\u00e4ngimiseks valite lihtsalt seitse p\u00f5hinumbrit vahemikust 1 kuni 47. Loosimise ajal valitakse veel kolm numbrit, mida nimetatakse lisanumbriteks. V\u00f5ite valida oma numbrid meie juhusliku numbrigeneraatori abil v\u00f5i valida need k\u00e4sitsi. Seej\u00e4rel valige loosimiste arv, milles soovite osaleda. J\u00e4tkake kassasse ja <a href=\"https:\/\/jackpotlotteryonline.com\/et\/kuidas-osta-loteriipileteid-internetis\/oz-lotto\">makske oma piletite eest<\/a>, seej\u00e4rel oodake loosimist.<\/p>\n<h2>Mis on lisanumbrid ja kuidas neid kasutatakse?<\/h2>\n<p>T\u00e4iendavaid numbreid peetakse Oz Lotto loosimiste ajal &#8220;boonuspallideks&#8221;. Loosimise ajal valitakse juhuslikult v\u00e4lja k\u00fcmme v\u00f5idunumbrit ja esimesed seitse t\u00e4histatakse jackpoti v\u00f5itja p\u00f5hinumbritena. Rida 2, 4 ja 7 m\u00e4\u00e4ratakse \u00fclej\u00e4\u00e4nud kolme &#8220;lisanumbri&#8221; abil.<\/p>\n<h2>Oz Lotto auhinnaklassid<\/h2>\n<p>Austraalia Oz Lotos on kokku seitse auhinnaklassi. Need on j\u00e4rgmised:<\/p>\n<ul>\n<li>Tase 1: Jackpot: seitse sobivat numbrit.<\/li>\n<li>2. tasand: kuus numbrit + lisanumber.<\/li>\n<li>Tase 3: kuus numbrit, mis sobivad<\/li>\n<li>Tase 4: Viis numbrit + lisanumber.<\/li>\n<li>Tase 5: Sobitatud viis numbrit<\/li>\n<li>Tase 6: Neli numbrit sobitatud<\/li>\n<li>M\u00e4\u00e4ramistasand 7: Vastav kolm numbrit+ lisanumber<\/li>\n<\/ul>\n<h2>Kas ma pean Oz Lotto m\u00e4ngimiseks olema Austraalias?<\/h2>\n<p>Ei, selles loteriis osalemiseks ei pea olema Austraalia elanik. K\u00f5ik, mida peate tegema, on k\u00fclastada jackpotlotteryonline.com, et t\u00e4ita oma unistust m\u00e4ngida rahvusvahelisi loteriisid. Pakume oma klientidele loteriiteenuseid, n\u00e4iteks ostame f\u00fc\u00fcsilisi pileteid meie usaldusv\u00e4\u00e4rsete loteriiagentide kaudu. F\u00fc\u00fcsilist piletit hoitakse turvaliselt, samal ajal kui selle skaneerimine laetakse \u00fcles m\u00e4ngija kontole. K\u00f5ik see tehakse teie eest \u00e4ra ja j\u00e4\u00e4b vaid oodata loosimisp\u00e4eva.<\/p>\n<p>Nii et te ei pea muretsema, et ei saa Oz Lotto m\u00e4ngus osaleda. Te m\u00e4ngite seda loteriid nagu Austraalia elanik. Oz Lotto m\u00e4ngimine on nii lihtne. Proovige oma \u00f5nne juba t\u00e4na!<\/p>\n<h2>Oz Lotto v\u00f5itmine<\/h2>\n<p>Oz Lotto jackpoti auhinna v\u00f5itmiseks peab m\u00e4ngija kokku 47 numbrist seitse numbrit tabama. See jackpot algab 10 miljonist dollarist ja kasvab sageli, kuni see v\u00f5idetakse. Lisaks peamisele jackpotiauhinnale v\u00f5idavad kaheksa v\u00e4iksemat auhinnajagamist m\u00e4ngijad, kes tabavad selle loosimise neli v\u00f5i viis numbrit \u00f5igesti.<\/p>\n<section class=\"layout\" style=\"border: solid 1px; width: 100%;\">\n<div class=\"img-div\" style=\"margin-top: 5px;\"><img decoding=\"async\" class=\"wp-image-17212 alignleft\" style=\"height: 45px; margin: 8px 8px 0px;\" src=\"http:\/\/jackpotlotteryonline.com\/wp-content\/uploads\/2022\/11\/read1.jpg\" alt=\"Loe \" width=\"\" height=\"\" \/><\/div>\n<div style=\"padding-left: 5px;\">\n<div style=\"font-size: 1.1em;\">\n<p><strong>Ajaloolised, rekordilised loterii jackpotid<\/strong><\/p>\n<p style=\"font-size: 0.85em; margin-top: -1.5em;\">Ajaloo suurimad loto jackpotid panevad su pea p\u00f6\u00f6rlema\u00a0<a href=\"https:\/\/jackpotlotteryonline.com\/et\/suurimad-loto-jackpotid-ajaloos\"> loe edasi<\/a><\/p>\n<\/div>\n<\/div>\n<\/section>\n<h2>Millised on Austraalia Oz Lotto v\u00f5iduv\u00f5imalused?<\/h2>\n<p><img loading=\"lazy\" decoding=\"async\" class=\"alignright wp-image-28697 size-medium\" src=\"http:\/\/jackpotlotteryonline.com\/wp-content\/uploads\/2022\/11\/1_online_lotto_winners-300x200.jpg\" alt=\"m\u00e4ngida oz loto online\" width=\"300\" height=\"200\" srcset=\"https:\/\/jackpotlotteryonline.com\/wp-content\/uploads\/2022\/11\/1_online_lotto_winners-300x200.jpg 300w, https:\/\/jackpotlotteryonline.com\/wp-content\/uploads\/2022\/11\/1_online_lotto_winners.jpg 320w\" sizes=\"auto, (max-width: 300px) 100vw, 300px\" \/>Oz Lotto on saavutanud populaarsuse ja teinud paljud m\u00e4ngijad v\u00f5itjateks, mis on samal ajal muutnud t\u00f5en\u00e4osuse v\u00f5ita \u00fcksk\u00f5ik millises auhinnaklassis \u00fcsna suureks.<\/p>\n<p>Seitsme numbri kokkulangemise ja jackpoti v\u00f5itmise t\u00f5en\u00e4osus on 1:62 891 499, mis on peaaegu v\u00f5imatu. Kuid loteriide hea k\u00fclg on see, et m\u00e4ng on seotud \u00f5nnega, sa ei tea kunagi, kas sinust saab v\u00f5itja, ja see teebki loteriides osalemise p\u00f5nevaks.<\/p>\n<p>\u00dcldine v\u00f5imalus v\u00f5ita \u00fcksk\u00f5ik milline seitsmest auhinnast on 1:51.<\/p>\n<p>Lisateabe saamiseks Oz Lotto kohta k\u00fclastage julgelt meie KKK lehek\u00fclge v\u00f5i k\u00fclastage loterii ametlikku veebisaiti.<\/p>\n<p>Registreerige konto juba t\u00e4na ja saate v\u00f5imaluse osaleda selles loteriis k\u00f5ikjal maailmas.<\/p>\n","protected":false},"excerpt":{"rendered":"<p>Oz Lotto kohta Oz Lottery on Austraalia loterii, mis v\u00f5eti kasutusele 1994. aastal ja mida haldab Tatts grupi nimeline grupp. Oz Lotto populaarsus on kasvanud nii Austraalias kui ka Uus-Meremaal, mist\u00f5ttu on see Austraalia suurim loterii m\u00e4ng. Oz Lotto loosimised toimuvad igal kolmap\u00e4eval ja reedel. J\u00e4rgnevalt on toodud juhend, mis aitab teil Oz Lotto online [&hellip;]<\/p>\n","protected":false},"author":1,"featured_media":0,"parent":35684,"menu_order":16,"comment_status":"closed","ping_status":"closed","template":"","meta":{"_et_pb_use_builder":"","_et_pb_old_content":"","_et_gb_content_width":"","exclude_from_search":false,"footnotes":""},"class_list":["post-40352","page","type-page","status-publish","hentry"],"yoast_head":"<!-- This site is optimized with the Yoast SEO plugin v23.3 - https:\/\/yoast.com\/wordpress\/plugins\/seo\/ -->\n<title>M\u00e4ngi Oz Lotto online v\u00e4ljastpoolt Austraaliat<\/title>\n<meta name=\"description\" content=\"N\u00fc\u00fcd saate m\u00e4ngida Oz Lotto online, mitte ainult siis, kui olete Austraalias - v\u00f5ite m\u00e4ngida Oz Lotto k\u00f5ikjal maailmas\" \/>\n<meta name=\"robots\" content=\"index, follow, max-snippet:-1, max-image-preview:large, max-video-preview:-1\" \/>\n<link rel=\"canonical\" href=\"https:\/\/jackpotlotteryonline.com\/et\/kuidas-mangida\/oz-lotto\/\" \/>\n<meta property=\"og:locale\" content=\"et_EE\" \/>\n<meta property=\"og:type\" content=\"article\" \/>\n<meta property=\"og:title\" content=\"M\u00e4ngi Oz Lotto online v\u00e4ljastpoolt Austraaliat\" \/>\n<meta property=\"og:description\" content=\"N\u00fc\u00fcd saate m\u00e4ngida Oz Lotto online, mitte ainult siis, kui olete Austraalias - v\u00f5ite m\u00e4ngida Oz Lotto k\u00f5ikjal maailmas\" \/>\n<meta property=\"og:url\" content=\"https:\/\/jackpotlotteryonline.com\/et\/kuidas-mangida\/oz-lotto\/\" \/>\n<meta property=\"og:site_name\" content=\"Lotto Online - Crack The International Lottery Jackpots\" \/>\n<meta property=\"article:modified_time\" content=\"2023-01-01T13:57:59+00:00\" \/>\n<meta property=\"og:image\" content=\"http:\/\/jackpotlotteryonline.com\/wp-content\/uploads\/2022\/11\/1_ticket_online_buying.jpg\" \/>\n<meta name=\"twitter:card\" content=\"summary_large_image\" \/>\n<meta name=\"twitter:label1\" content=\"Est. reading time\" \/>\n\t<meta name=\"twitter:data1\" content=\"3 minutit\" \/>\n<!-- \/ Yoast SEO plugin. -->","yoast_head_json":{"title":"M\u00e4ngi Oz Lotto online v\u00e4ljastpoolt Austraaliat","description":"N\u00fc\u00fcd saate m\u00e4ngida Oz Lotto online, mitte ainult siis, kui olete Austraalias - v\u00f5ite m\u00e4ngida Oz Lotto k\u00f5ikjal maailmas","robots":{"index":"index","follow":"follow","max-snippet":"max-snippet:-1","max-image-preview":"max-image-preview:large","max-video-preview":"max-video-preview:-1"},"canonical":"https:\/\/jackpotlotteryonline.com\/et\/kuidas-mangida\/oz-lotto\/","og_locale":"et_EE","og_type":"article","og_title":"M\u00e4ngi Oz Lotto online v\u00e4ljastpoolt Austraaliat","og_description":"N\u00fc\u00fcd saate m\u00e4ngida Oz Lotto online, mitte ainult siis, kui olete Austraalias - v\u00f5ite m\u00e4ngida Oz Lotto k\u00f5ikjal maailmas","og_url":"https:\/\/jackpotlotteryonline.com\/et\/kuidas-mangida\/oz-lotto\/","og_site_name":"Lotto Online - Crack The International Lottery Jackpots","article_modified_time":"2023-01-01T13:57:59+00:00","og_image":[{"url":"http:\/\/jackpotlotteryonline.com\/wp-content\/uploads\/2022\/11\/1_ticket_online_buying.jpg"}],"twitter_card":"summary_large_image","twitter_misc":{"Est. reading time":"3 minutit"},"schema":{"@context":"https:\/\/schema.org","@graph":[{"@type":"WebPage","@id":"https:\/\/jackpotlotteryonline.com\/et\/kuidas-mangida\/oz-lotto\/","url":"https:\/\/jackpotlotteryonline.com\/et\/kuidas-mangida\/oz-lotto\/","name":"M\u00e4ngi Oz Lotto online v\u00e4ljastpoolt Austraaliat","isPartOf":{"@id":"https:\/\/jackpotlotteryonline.com\/#website"},"primaryImageOfPage":{"@id":"https:\/\/jackpotlotteryonline.com\/et\/kuidas-mangida\/oz-lotto\/#primaryimage"},"image":{"@id":"https:\/\/jackpotlotteryonline.com\/et\/kuidas-mangida\/oz-lotto\/#primaryimage"},"thumbnailUrl":"http:\/\/jackpotlotteryonline.com\/wp-content\/uploads\/2022\/11\/1_ticket_online_buying.jpg","datePublished":"2022-12-02T13:43:07+00:00","dateModified":"2023-01-01T13:57:59+00:00","description":"N\u00fc\u00fcd saate m\u00e4ngida Oz Lotto online, mitte ainult siis, kui olete Austraalias - v\u00f5ite m\u00e4ngida Oz Lotto k\u00f5ikjal maailmas","breadcrumb":{"@id":"https:\/\/jackpotlotteryonline.com\/et\/kuidas-mangida\/oz-lotto\/#breadcrumb"},"inLanguage":"et","potentialAction":[{"@type":"ReadAction","target":["https:\/\/jackpotlotteryonline.com\/et\/kuidas-mangida\/oz-lotto\/"]}]},{"@type":"ImageObject","inLanguage":"et","@id":"https:\/\/jackpotlotteryonline.com\/et\/kuidas-mangida\/oz-lotto\/#primaryimage","url":"http:\/\/jackpotlotteryonline.com\/wp-content\/uploads\/2022\/11\/1_ticket_online_buying.jpg","contentUrl":"http:\/\/jackpotlotteryonline.com\/wp-content\/uploads\/2022\/11\/1_ticket_online_buying.jpg"},{"@type":"BreadcrumbList","@id":"https:\/\/jackpotlotteryonline.com\/et\/kuidas-mangida\/oz-lotto\/#breadcrumb","itemListElement":[{"@type":"ListItem","position":1,"name":"Home","item":"https:\/\/jackpotlotteryonline.com\/et\/"},{"@type":"ListItem","position":2,"name":"Kuidas m\u00e4ngida","item":"https:\/\/jackpotlotteryonline.com\/et\/kuidas-mangida\/"},{"@type":"ListItem","position":3,"name":"Oz Lotto online m\u00e4ngimine"}]},{"@type":"WebSite","@id":"https:\/\/jackpotlotteryonline.com\/#website","url":"https:\/\/jackpotlotteryonline.com\/","name":"Lotto Online - Crack The International Lottery Jackpots","description":"","potentialAction":[{"@type":"SearchAction","target":{"@type":"EntryPoint","urlTemplate":"https:\/\/jackpotlotteryonline.com\/?s={search_term_string}"},"query-input":"required name=search_term_string"}],"inLanguage":"et"}]}},"_links":{"self":[{"href":"https:\/\/jackpotlotteryonline.com\/et\/wp-json\/wp\/v2\/pages\/40352","targetHints":{"allow":["GET"]}}],"collection":[{"href":"https:\/\/jackpotlotteryonline.com\/et\/wp-json\/wp\/v2\/pages"}],"about":[{"href":"https:\/\/jackpotlotteryonline.com\/et\/wp-json\/wp\/v2\/types\/page"}],"author":[{"embeddable":true,"href":"https:\/\/jackpotlotteryonline.com\/et\/wp-json\/wp\/v2\/users\/1"}],"replies":[{"embeddable":true,"href":"https:\/\/jackpotlotteryonline.com\/et\/wp-json\/wp\/v2\/comments?post=40352"}],"version-history":[{"count":0,"href":"https:\/\/jackpotlotteryonline.com\/et\/wp-json\/wp\/v2\/pages\/40352\/revisions"}],"up":[{"embeddable":true,"href":"https:\/\/jackpotlotteryonline.com\/et\/wp-json\/wp\/v2\/pages\/35684"}],"wp:attachment":[{"href":"https:\/\/jackpotlotteryonline.com\/et\/wp-json\/wp\/v2\/media?parent=40352"}],"curies":[{"name":"wp","href":"https:\/\/api.w.org\/{rel}","templated":true}]}}