{"id":40476,"date":"2022-12-05T08:11:17","date_gmt":"2022-12-05T08:11:17","guid":{"rendered":"https:\/\/jackpotlotteryonline.com\/?page_id=40476"},"modified":"2022-12-26T13:37:26","modified_gmt":"2022-12-26T13:37:26","slug":"powerball","status":"publish","type":"page","link":"https:\/\/jackpotlotteryonline.com\/et\/winning-numbers\/powerball\/","title":{"rendered":"Power loterii tulemused"},"content":{"rendered":"<p>Powerball on USA loterii, millel on \u00fcks k\u00f5igi aegade suurimaid jackpoteid. USA Powerballi v\u00f5itmine on peaaegu iga m\u00e4nguri \u00fclim unistus. Selle uskumatult suurte jackpotide t\u00f5ttu, mis m\u00f5nikord ulatuvad kuni 1 miljardi dollarini, ostavad m\u00e4ngijad kogu maailmas Powerballi pileteid internetis. Iga m\u00e4ngija hellitab suuri lootusi loteriiv\u00f5idu saamiseks. Loosipileti ostmine on aga \u00fcks asi, v\u00f5idunumbrite kontrollimine aga teine. Selleks, et teada saada, kas teil on Powerball-loterii v\u00f5idupilet, on oluline kontrollida loosimise tulemusi.<\/p>\n<p>Sellel lehek\u00fcljel jagame teiega, kuidas kontrollida v\u00f5idutulemusi internetis. Samuti n\u00e4itame teile, kuidas p\u00e4\u00e4sete ligi oma v\u00f5itudele, kuigi olete online-m\u00e4ngija.<\/p>\n<p>Pea meeles, et v\u00f5id <a href=\"https:\/\/jackpotlotteryonline.com\/et\/kuidas-osta-loteriipileteid-internetis\/powerball\">osta Powerballi v\u00f5idupileteid<\/a> aadressil jackpotlotteryonline.com ja kontrollida seal samal ajal ka v\u00f5idunumbreid.<\/p>\n<h2>Miks Powerball on nii populaarne<\/h2>\n<p><img loading=\"lazy\" decoding=\"async\" class=\"alignright size-full wp-image-29588\" src=\"http:\/\/jackpotlotteryonline.com\/wp-content\/uploads\/2022\/11\/1_results_powerball.jpg\" alt=\"osta h\u00f5lpsasti Powerballi pileteid\" width=\"300\" height=\"224\" \/>On mitmeid p\u00f5hjusi, miks m\u00e4ngijad Powerballile kogunevad. Tegemist on USA mitme osariigi loteriiga, mis t\u00e4hendab, et pileteid m\u00fc\u00fcakse mitmes USA osariigis. Seega saavad need, kes elavad nendes osariikides, h\u00f5lpsasti osta Powerballi pileteid. Kuid mitte ainult USA loteriihuvilised ei osta loteriipileteid lootuses seda loteriid v\u00f5ita. Ka kogu maailma m\u00e4ngijad p\u00fc\u00fcavad innukalt osta Powerballi v\u00f5idupileteid.<\/p>\n<p>Oktoobris 2022 j\u00f5udis Powerballi jackpot rekordilise 1 miljardi dollari suurusele ja selle v\u00f5itis \u00fcks piletiomanik. Ainu\u00fcksi m\u00f5te miljardi dollari v\u00f5itmisest on piisav, et panna m\u00e4ngijad k\u00f5ikjal elevile. Samuti, kuigi Powerballi v\u00f5idu t\u00f5en\u00e4osus on \u00fcsna suur, v\u00f5idavad m\u00e4ngijad sageli jackpotit.<\/p>\n<p>Powerballil on j\u00e4llegi mitu mahlakate auhindadega kategooriat. Seega, isegi kui sa ei saa esimest auhinda, v\u00f5id ikkagi suure v\u00f5iduga koju minna.<\/p>\n<h2>Powerballi m\u00e4ngimine ja v\u00f5itmine internetis<\/h2>\n<p><a href=\"https:\/\/jackpotlotteryonline.com\/et\/kuidas-mangida\/powerball\">Powerballi online m\u00e4ngimise<\/a> l\u00f5busaim osa on see, et saad selle USA loteriiga kiirelt ja k\u00f5ikjal osaleda. Kui ostate oma v\u00f5idupileti jackpotlotteryonline.com, saate h\u00f5lpsasti valida oma v\u00f5idunumbrid. Valige lihtsalt 5 numbrit vahemikus 1-69 ja 1 lisanumber vahemikus 1-26.<\/p>\n<p>Kui olete oma v\u00f5idunumbrid v\u00e4lja valinud, on j\u00e4rgmine samm loosimisse sisenemine. Powerballil on kolm igan\u00e4dalast loosimist, teisip\u00e4eviti, neljap\u00e4eviti ja p\u00fchap\u00e4eviti. Me teeme teile lihtsaks \u00fche v\u00f5i mitme loosimise osalemise, olenevalt teie eelistustest. Samuti saate osaleda loosimistel mitu n\u00e4dalat ette.<\/p>\n<p>P\u00e4rast makse t\u00f6\u00f6tlemist on j\u00e4rgmine samm loosimiste ootamine. Siis tehakse teatavaks v\u00f5idunumbrid ja saate teada, kas olete v\u00f5itnud loteriis.<\/p>\n<section class=\"layout\" style=\"border: solid 1px; width: 100%;\">\n<div class=\"img-div\" style=\"margin-top: 5px;\"><img decoding=\"async\" class=\"wp-image-17212 alignleft\" style=\"height: 45px; margin: 8px 8px 0px;\" src=\"http:\/\/jackpotlotteryonline.com\/wp-content\/uploads\/2022\/11\/read1.jpg\" alt=\"loe\" width=\"\" height=\"\" \/><\/div>\n<div style=\"padding-left: 5px;\">\n<div style=\"font-size: 1.1em;\">\n<p><strong>Ajaloolised, rekordilised loterii jackpotid<\/strong><\/p>\n<p style=\"font-size: 0.85em; margin-top: -1.5em;\">Ajaloo suurimad loto jackpotid panevad su pea p\u00f6\u00f6rlema\u00a0 <a href=\"https:\/\/jackpotlotteryonline.com\/et\/suurimad-loto-jackpotid-ajaloos\"> loe edasi<\/a><\/p>\n<\/div>\n<\/div>\n<\/section>\n<h2>V\u00f5itnud numbrite kontrollimine<\/h2>\n<p><img loading=\"lazy\" decoding=\"async\" class=\"alignright size-full wp-image-30371\" src=\"http:\/\/jackpotlotteryonline.com\/wp-content\/uploads\/2022\/11\/1_winning_numbers_powerball.jpg\" alt=\"Powerballi m\u00e4ngimine internetis\" width=\"300\" height=\"129\" \/>Kuna sa m\u00e4ngid Powerballi internetis, ei saa sa loteriim\u00fc\u00fcja juurde minna, et kontrollida, kas sul on v\u00f5idupilet. Nii et parim viis seda teha on kontrollida internetis. Kui m\u00e4ngid meiega, saad p\u00e4rast iga loosimist naasta sellele lehele, et n\u00e4ha v\u00f5idunumbreid.<\/p>\n<p>Kuid isegi kui te ei kontrolli tagasi, saate teada, kas olete v\u00f5itnud m\u00f5ne auhinna. Seda seet\u00f5ttu, et Powerballi pileti ostmiseks peate olema meie juures registreeritud. Selle p\u00f5hjuseks on see, et me saaksime teid teavitada kohe, kui teil on v\u00f5itnud pilet. Kui teil on v\u00f5itnud pilet, saadame teile e-kirja, et teile sellest teada anda. Nii lihtne on see tegelikult.<\/p>\n<h2>V\u00f5idu v\u00e4ljamaksmine<\/h2>\n<p>V\u00f5idu v\u00e4ljamaksmine on veel \u00fcks aspekt, mis v\u00f5ib online-m\u00e4ngijatele muret valmistada. Sest kui sa m\u00e4ngid Powerballi internetis, tahad sa olla kindel, et saad oma v\u00f5idule ligi. Kui m\u00e4ngite Powerballi meiega, siis on auhinna v\u00e4ljamaksmine lihtne. Oleme oma s\u00fcsteemi kujundanud nii, et saate oma v\u00f5idud oma kontole v\u00e4lja v\u00f5tta.<\/p>\n<p>See on v\u00f5imalik v\u00f5itude puhul, mis on alla 2500 euro. Kui v\u00f5idad rohkem kui selle summa, aitame sul t\u00e4ita n\u00f5udeavalduse vormi. Seda peate tegema, et n\u00f5uda oma v\u00f5idud otse loteriifirmalt.<\/p>\n<h2>Powerballi loterii v\u00f5itmine<\/h2>\n<p>Powerball-loterii v\u00f5itmine t\u00e4hendab, et teil on pilet, mis vastab loositud tulemustele. Et n\u00e4idata teile, kui h\u00e4mmastav on Powerball, n\u00e4itame teile, mida te v\u00f5ite v\u00f5ita teistes auhindades.<\/p>\n<p>Jaotus 1: Match 5 + Powerball &#8211; Jackpot<\/p>\n<p>2. jaotis: Match 5 \u00fcksi &#8211; 1 miljon dollarit<\/p>\n<p>3. divisjon: Match 4 + Powerball &#8211; 50 000 dollarit<\/p>\n<p>Jaotis 4: Match 4 \u00fcksi &#8211; 100 dollarit<\/p>\n<p>Jaotus 5: Match 3 + Powerball &#8211; 100 dollarit<\/p>\n<p>Jaotus 6: 3. mat\u0161 \u00fcksi &#8211; 7 dollarit<\/p>\n<p>7. osa: Match 2 + Powerball &#8211; 7 dollarit<\/p>\n<p>Jaotus 8: 1. mat\u0161 + Powerball &#8211; 4 dollarit<\/p>\n<p>Jaotus 9: Match Powerball \u00fcksi &#8211; 4 $<\/p>\n<p>9 jaotuse puhul on loterii v\u00f5itmine m\u00e4ngijatele p\u00f5nev v\u00f5imalus. See t\u00e4hendab ka seda, et v\u00f5iduv\u00f5imalused on \u00fcsna suured. Pealegi, isegi kui v\u00f5idate teise jaotuse, on teil hea v\u00f5imalus suure v\u00f5iduga koju minna.<\/p>\n<h2>Vaata v\u00f5itnud tulemusi siit<\/h2>\n<p>J\u00e4rgmine kord, kui soovite m\u00e4ngida loteriid, \u00e4rge muretsege, kus kontrollida v\u00f5idutulemusi. Meie jackpotlotteryonline.com-s teeme teile lihtsaks oma v\u00f5idunumbrite valimise ja ka v\u00f5idutulemuste kontrollimise. Ostke meilt oma pilet ja me teavitame teid, kui teil on v\u00f5itnud pilet.<\/p>\n<p>Pidage meeles, et saate oma v\u00f5idud meie saidilt ka otse oma kontole v\u00e4lja v\u00f5tta. See leevendab oluliselt igasugust stressi, mis teil oleks olnud loterii m\u00e4ngimisega. Tegelikult teeme oma t\u00f6\u00f6ks, et pakkuda oma klientidele sujuvat ja muretut kogemust. Nii saate keskenduda loteriiv\u00f5itudele, ilma et peaksite muretsema.<\/p>\n","protected":false},"excerpt":{"rendered":"<p>Powerball on USA loterii, millel on \u00fcks k\u00f5igi aegade suurimaid jackpoteid. USA Powerballi v\u00f5itmine on peaaegu iga m\u00e4nguri \u00fclim unistus. Selle uskumatult suurte jackpotide t\u00f5ttu, mis m\u00f5nikord ulatuvad kuni 1 miljardi dollarini, ostavad m\u00e4ngijad kogu maailmas Powerballi pileteid internetis. Iga m\u00e4ngija hellitab suuri lootusi loteriiv\u00f5idu saamiseks. Loosipileti ostmine on aga \u00fcks asi, v\u00f5idunumbrite kontrollimine aga [&hellip;]<\/p>\n","protected":false},"author":1,"featured_media":0,"parent":35822,"menu_order":1,"comment_status":"closed","ping_status":"closed","template":"powerball-usa-results.php","meta":{"_et_pb_use_builder":"","_et_pb_old_content":"","_et_gb_content_width":"","exclude_from_search":false,"footnotes":""},"class_list":["post-40476","page","type-page","status-publish","hentry"],"yoast_head":"<!-- This site is optimized with the Yoast SEO plugin v23.3 - https:\/\/yoast.com\/wordpress\/plugins\/seo\/ -->\n<title>Powerballi v\u00f5idunumbrid ja loosimise tulemused<\/title>\n<meta name=\"description\" content=\"K\u00f5ik viimased Powerball USA loosimise tulemused ja v\u00f5idunumbrid, lisaks tulemuste arhiiv, k\u00f5ik \u00fchel veebilehel.\" \/>\n<meta name=\"robots\" content=\"index, follow, max-snippet:-1, max-image-preview:large, max-video-preview:-1\" \/>\n<link rel=\"canonical\" href=\"https:\/\/jackpotlotteryonline.com\/et\/winning-numbers\/powerball\/\" \/>\n<meta property=\"og:locale\" content=\"et_EE\" \/>\n<meta property=\"og:type\" content=\"article\" \/>\n<meta property=\"og:title\" content=\"Powerballi v\u00f5idunumbrid ja loosimise tulemused\" \/>\n<meta property=\"og:description\" content=\"K\u00f5ik viimased Powerball USA loosimise tulemused ja v\u00f5idunumbrid, lisaks tulemuste arhiiv, k\u00f5ik \u00fchel veebilehel.\" \/>\n<meta property=\"og:url\" content=\"https:\/\/jackpotlotteryonline.com\/et\/winning-numbers\/powerball\/\" \/>\n<meta property=\"og:site_name\" content=\"Lotto Online - Crack The International Lottery Jackpots\" \/>\n<meta property=\"article:modified_time\" content=\"2022-12-26T13:37:26+00:00\" \/>\n<meta property=\"og:image\" content=\"http:\/\/jackpotlotteryonline.com\/wp-content\/uploads\/2022\/11\/1_results_powerball.jpg\" \/>\n<meta name=\"twitter:card\" content=\"summary_large_image\" \/>\n<meta name=\"twitter:label1\" content=\"Est. reading time\" \/>\n\t<meta name=\"twitter:data1\" content=\"4 minutit\" \/>\n<!-- \/ Yoast SEO plugin. -->","yoast_head_json":{"title":"Powerballi v\u00f5idunumbrid ja loosimise tulemused","description":"K\u00f5ik viimased Powerball USA loosimise tulemused ja v\u00f5idunumbrid, lisaks tulemuste arhiiv, k\u00f5ik \u00fchel veebilehel.","robots":{"index":"index","follow":"follow","max-snippet":"max-snippet:-1","max-image-preview":"max-image-preview:large","max-video-preview":"max-video-preview:-1"},"canonical":"https:\/\/jackpotlotteryonline.com\/et\/winning-numbers\/powerball\/","og_locale":"et_EE","og_type":"article","og_title":"Powerballi v\u00f5idunumbrid ja loosimise tulemused","og_description":"K\u00f5ik viimased Powerball USA loosimise tulemused ja v\u00f5idunumbrid, lisaks tulemuste arhiiv, k\u00f5ik \u00fchel veebilehel.","og_url":"https:\/\/jackpotlotteryonline.com\/et\/winning-numbers\/powerball\/","og_site_name":"Lotto Online - Crack The International Lottery Jackpots","article_modified_time":"2022-12-26T13:37:26+00:00","og_image":[{"url":"http:\/\/jackpotlotteryonline.com\/wp-content\/uploads\/2022\/11\/1_results_powerball.jpg"}],"twitter_card":"summary_large_image","twitter_misc":{"Est. reading time":"4 minutit"},"schema":{"@context":"https:\/\/schema.org","@graph":[{"@type":"WebPage","@id":"https:\/\/jackpotlotteryonline.com\/et\/winning-numbers\/powerball\/","url":"https:\/\/jackpotlotteryonline.com\/et\/winning-numbers\/powerball\/","name":"Powerballi v\u00f5idunumbrid ja loosimise tulemused","isPartOf":{"@id":"https:\/\/jackpotlotteryonline.com\/#website"},"primaryImageOfPage":{"@id":"https:\/\/jackpotlotteryonline.com\/et\/winning-numbers\/powerball\/#primaryimage"},"image":{"@id":"https:\/\/jackpotlotteryonline.com\/et\/winning-numbers\/powerball\/#primaryimage"},"thumbnailUrl":"http:\/\/jackpotlotteryonline.com\/wp-content\/uploads\/2022\/11\/1_results_powerball.jpg","datePublished":"2022-12-05T08:11:17+00:00","dateModified":"2022-12-26T13:37:26+00:00","description":"K\u00f5ik viimased Powerball USA loosimise tulemused ja v\u00f5idunumbrid, lisaks tulemuste arhiiv, k\u00f5ik \u00fchel veebilehel.","breadcrumb":{"@id":"https:\/\/jackpotlotteryonline.com\/et\/winning-numbers\/powerball\/#breadcrumb"},"inLanguage":"et","potentialAction":[{"@type":"ReadAction","target":["https:\/\/jackpotlotteryonline.com\/et\/winning-numbers\/powerball\/"]}]},{"@type":"ImageObject","inLanguage":"et","@id":"https:\/\/jackpotlotteryonline.com\/et\/winning-numbers\/powerball\/#primaryimage","url":"http:\/\/jackpotlotteryonline.com\/wp-content\/uploads\/2022\/11\/1_results_powerball.jpg","contentUrl":"http:\/\/jackpotlotteryonline.com\/wp-content\/uploads\/2022\/11\/1_results_powerball.jpg"},{"@type":"BreadcrumbList","@id":"https:\/\/jackpotlotteryonline.com\/et\/winning-numbers\/powerball\/#breadcrumb","itemListElement":[{"@type":"ListItem","position":1,"name":"Home","item":"https:\/\/jackpotlotteryonline.com\/et\/"},{"@type":"ListItem","position":2,"name":"Loterii tulemused","item":"https:\/\/jackpotlotteryonline.com\/winning-numbers\/"},{"@type":"ListItem","position":3,"name":"Power loterii tulemused"}]},{"@type":"WebSite","@id":"https:\/\/jackpotlotteryonline.com\/#website","url":"https:\/\/jackpotlotteryonline.com\/","name":"Lotto Online - Crack The International Lottery Jackpots","description":"","potentialAction":[{"@type":"SearchAction","target":{"@type":"EntryPoint","urlTemplate":"https:\/\/jackpotlotteryonline.com\/?s={search_term_string}"},"query-input":"required name=search_term_string"}],"inLanguage":"et"}]}},"_links":{"self":[{"href":"https:\/\/jackpotlotteryonline.com\/et\/wp-json\/wp\/v2\/pages\/40476","targetHints":{"allow":["GET"]}}],"collection":[{"href":"https:\/\/jackpotlotteryonline.com\/et\/wp-json\/wp\/v2\/pages"}],"about":[{"href":"https:\/\/jackpotlotteryonline.com\/et\/wp-json\/wp\/v2\/types\/page"}],"author":[{"embeddable":true,"href":"https:\/\/jackpotlotteryonline.com\/et\/wp-json\/wp\/v2\/users\/1"}],"replies":[{"embeddable":true,"href":"https:\/\/jackpotlotteryonline.com\/et\/wp-json\/wp\/v2\/comments?post=40476"}],"version-history":[{"count":0,"href":"https:\/\/jackpotlotteryonline.com\/et\/wp-json\/wp\/v2\/pages\/40476\/revisions"}],"up":[{"embeddable":true,"href":"https:\/\/jackpotlotteryonline.com\/et\/wp-json\/wp\/v2\/pages\/35822"}],"wp:attachment":[{"href":"https:\/\/jackpotlotteryonline.com\/et\/wp-json\/wp\/v2\/media?parent=40476"}],"curies":[{"name":"wp","href":"https:\/\/api.w.org\/{rel}","templated":true}]}}