{"id":40528,"date":"2022-12-05T09:39:04","date_gmt":"2022-12-05T09:39:04","guid":{"rendered":"https:\/\/jackpotlotteryonline.com\/?page_id=40528"},"modified":"2022-12-26T19:42:21","modified_gmt":"2022-12-26T19:42:21","slug":"mega-millions","status":"publish","type":"page","link":"https:\/\/jackpotlotteryonline.com\/et\/winning-numbers\/mega-millions\/","title":{"rendered":"Mega Millions loosimise tulemused"},"content":{"rendered":"<p>Mega Millions on tuntud oma mega jackpotide poolest ja m\u00e4ngijad k\u00f5ikjal lihtsalt armastavad m\u00f5tet selle loterii v\u00f5itmisest. Mega Millions loterii v\u00f5itmine on Ameerika unistus ja miljonid m\u00e4ngijad p\u00fc\u00fcdlevad selle poole. \u00d5nneks on n\u00fc\u00fcd m\u00e4ngijatel \u00fcle kogu maailma v\u00f5imalus v\u00f5ita Mega Millions, ostes pileteid internetis. Juhul, kui sa m\u00f5tlesid, kuidas seda teha, siis meil on sulle maiuspala.<\/p>\n<p>Kui oled esmakordne m\u00e4ngija (v\u00f5i regulaarne m\u00e4ngija), saad <a href=\"https:\/\/jackpotlotteryonline.com\/et\/kuidas-osta-loteriipileteid-internetis\/mega-millions\">osta Mega Millioni pileteid otse siit, meie saidilt<\/a>. Mitte ainult seda, vaid siin jackpotlotteryonline.com&#8217;is anname teile ka v\u00f5imaluse v\u00f5ita mitmeid rahvusvahelisi tipploteriisid. Seega, kui soovite proovida v\u00f5ita loteriid Austraaliast, Euroopast v\u00f5i Ameerikast, siis j\u00e4\u00e4ge meie juurde.<\/p>\n<section class=\"layout\" style=\"border: solid 1px; width: 100%;\">\n<div class=\"img-div\" style=\"margin-top: 5px;\"><img decoding=\"async\" class=\"wp-image-17212 alignleft\" style=\"height: 45px; margin: 8px 8px 0px;\" src=\"https:\/\/jackpotlotteryonline.com\/wp-content\/uploads\/2022\/11\/read1.jpg\" alt=\"loe\" width=\"\" height=\"\" \/><\/div>\n<div style=\"padding-left: 5px;\">\n<div style=\"font-size: 1.1em;\">\n<p><strong>Euroopa loteriid<\/strong><\/p>\n<p style=\"font-size: 0.85em; margin-top: -1.5em;\">Millised Euroopa loteriid on parimad?\u00a0<a href=\"https:\/\/jackpotlotteryonline.com\/et\/millised-euroopa-loteriid-on-parimad\"> loe edasi<\/a><\/p>\n<\/div>\n<\/div>\n<\/section>\n<p>Oh, ja me \u00fctleme teile, kuidas saate juurdep\u00e4\u00e4su ka oma Mega Millions v\u00f5itudele. Pole m\u00f5tet <a href=\"https:\/\/jackpotlotteryonline.com\/et\/kuidas-mangida\/mega-millions\">m\u00e4ngida Mega Millions<\/a>&#8216;i, v\u00f5ita ja mitte p\u00e4\u00e4seda ligi oma v\u00f5idule. Nii et l\u00f5dvestuge ja lugege edasi, et teada saada k\u00f5ik, mida peate teadma Mega Millions&#8217;i v\u00f5idunumbrite kohta.<\/p>\n<h2>Kuidas valida Mega Millions&#8217;i v\u00f5idunumbreid<\/h2>\n<p><img loading=\"lazy\" decoding=\"async\" class=\"alignright size-full wp-image-31073\" src=\"https:\/\/jackpotlotteryonline.com\/wp-content\/uploads\/2022\/11\/logo_Mega_Millions_233x110.png\" alt=\"osta mega miljonite pilet internetis\" width=\"232\" height=\"110\" \/>K\u00f5ik, kes ostavad loteriipileti, loodavad, et kuidagi saavad nad v\u00f5idupileti. See on loomulik inimlik instinkt. Me teame, et t\u00f5en\u00e4osus v\u00f5ib olla suur, kuid keegi peab saama v\u00f5idupileti. Ja see v\u00f5id ju olla just sina, eks ole? Aga kuidas sa seda teed? Noh, on m\u00f5ned trikid, mida m\u00e4ngijad kasutavad v\u00f5idunumbrite valimiseks.<\/p>\n<p>Me oleme ausad ja anname teile teada, et ei ole mingit garanteeritud viisi, kuidas v\u00f5idupiletit tabada. See on \u00f5nnem\u00e4ng ja iga m\u00e4ngija peab lihtsalt oma \u00f5nne proovima. See t\u00e4hendab, et on viise, kuidas saate aidata end \u00f5nnelikuks tunda. Selleks on v\u00e4ga oluline, milliseid v\u00f5idunumbreid te valite.<\/p>\n<p>P\u00f5him\u00f5tteliselt saate valida v\u00f5idunumbreid, valides \u00f5nnelikud kuup\u00e4evad. M\u00f5ned inimesed peavad oma s\u00fcnniaegu \u00f5nnelikuks. R\u00e4\u00e4gitakse, et m\u00f5ned inimesed on s\u00fcndinud \u00f5nneliku t\u00e4he all. Kui tunned end \u00fche sellise inimese hulka kuuluvana, siis v\u00f5id kasutada oma loteriipileti jaoks kogu oma s\u00fcnnikuup\u00e4eva v\u00f5i osa sellest. Kui te ei tunne end nii \u00f5nnelikuna, siis kasutage autogeneraatorit, et valida juhuslikud v\u00f5idunumbrid.<\/p>\n<h2>Mega Millions&#8217;i v\u00f5itmine internetis<\/h2>\n<p>M\u00e4ngureeglid on samad, olenemata sellest, kas m\u00e4ngite internetis v\u00f5i offline. Me t\u00f6\u00f6tame teile l\u00e4bi v\u00f5iduarvude valimise protsessi internetis. Kui olete selle selgeks saanud, ei taha te enam kuidagi teisiti loteriid m\u00e4ngida. On midagi uskumatut selles, et sa ei pea kuskile minema, et osta oma loteriipiletit. Kasutage lihtsalt oma arvutit v\u00f5i mobiilseadet.<\/p>\n<p>K\u00f5igepealt reeglid. Mega Millions&#8217;i puhul tuleb valida 5 numbrit vahemikus 1 kuni 70 ja Mega Ball vahemikus 1 kuni 25. Kui olete valinud oma v\u00f5idukombinatsiooni, saate osaleda loosimises. Loosimisp\u00e4evad on igal n\u00e4dalal teisip\u00e4ev ja reede. Teil on v\u00f5imalus osaleda \u00fches v\u00f5i m\u00f5lemas loosimises.<\/p>\n<p>V\u00f5ite osaleda loosimistel ka mitu n\u00e4dalat ette. Kui sa tabad v\u00f5idukombinatsiooni, v\u00f5idad suurelt. Enne kui maksate oma osaluste eest, palume teil end registreerida. See on selleks, et teil oleks lihtsam p\u00e4\u00e4seda ligi ja n\u00f5uda oma v\u00f5idud. Aga seda selgitame hiljem, lugege lihtsalt edasi.<\/p>\n<h2>V\u00f5idunumbrite kontrollimine<\/h2>\n<p>Mega Millions&#8217;i jackpot algab 40 miljonist dollarist. See on garanteeritud miinimum ja jackpoti auhind ei l\u00e4he sellest allapoole. Kui p\u00e4rast loosimist ei ilmu \u00fchtegi v\u00f5idunumbrit, l\u00e4heb jackpot \u00fcle j\u00e4rgmisele loosimisele. See j\u00e4tkub seni, kuni v\u00f5idupilet leitakse.<\/p>\n<p>Mega Millions&#8217;i loterii v\u00f5idutulemuste kontrollimiseks tuleb p\u00e4rast iga loosimist lihtsalt sellele lehele tagasi p\u00f6\u00f6rduda. Nii lihtne see ongi. Avaldame sellel lehel iga loosimise v\u00f5idutulemused ja see h\u00f5lmab ka teisi auhinnakategooriaid. Jah, jackpoti v\u00f5itmine ei ole k\u00f5ik, mida Mega Millions&#8217;i m\u00e4ngides v\u00f5ita saab.<\/p>\n<p>Kui v\u00f5idate m\u00f5ne auhinna, teavitame teid sellest kohe e-posti teel, et saaksite oma v\u00f5idu v\u00e4lja n\u00f5uda.<\/p>\n<h2>Mega Millions auhinnakategooriad<\/h2>\n<p>Okei, me teame, et olete ilmselt uudishimulik, kas te v\u00f5ite seda loteriid m\u00e4ngides v\u00f5ita ka teisi auhindu. Me k\u00f5ik loodame v\u00f5ita loteriis, kuid kui p\u00fc\u00fcad t\u00e4htede poole, siis vahel tabad ka taevast. Ja need auhinnad on p\u00e4ris vingeid. Niisiis, siin on auhindade jaotus.<\/p>\n<p>Jaotus 1: 5 + Mega Ball &#8211; Jackpot<\/p>\n<p>2. divisjon: 5 &#8211; 1 000 000 dollarit.<\/p>\n<p>3. divisjon: 4 + megapall &#8211; 10 000 dollarit.<\/p>\n<p>Diviis 4: 4 &#8211; 500 dollarit<\/p>\n<p>5. divisjon: 3 + Mega Ball &#8211; 200 dollarit.<\/p>\n<p>6. rajoon: 3 &#8211; 10 dollarit<\/p>\n<p>7. rajoon: 2 + Mega Ball &#8211; 10 $<\/p>\n<p>8. rajoon: 1 + Mega Ball &#8211; 4 $<\/p>\n<p>Diviis 8: ainult Mega Ball &#8211; 2 dollarit<\/p>\n<p>Teise astme auhinna v\u00f5itmine oleks ka \u00fcsna t\u00e4helepanuv\u00e4\u00e4rne, eks ole? Meie arvame, et ka meie arvame nii.<\/p>\n<h2>Kuidas n\u00f5uda oma auhinda<\/h2>\n<p><img loading=\"lazy\" decoding=\"async\" class=\"alignright size-full wp-image-19115\" src=\"https:\/\/jackpotlotteryonline.com\/wp-content\/uploads\/2022\/10\/2_ticket_mega_millions3.jpg\" alt=\"mega miljonite pileti skaneerimine\" width=\"180\" height=\"193\" \/>See k\u00f5ik on hea ja hea, et m\u00e4ngida online loteriid, kuid kuidas sa oma v\u00f5idud v\u00e4lja n\u00f5uda? Noh, meil on ka see k\u00f5ik kaetud. Kui ostsite oma loteriipileti aadressil jackpotlotteryonline.com, siis saate h\u00f5lpsasti juurdep\u00e4\u00e4su oma v\u00f5idule. Kui olete oma kontole sisse loginud, saate lihtsalt meie platvormilt oma panka raha v\u00e4lja maksta.<\/p>\n<p>See probleemivaba protsess on peamine p\u00f5hjus, miks me palume oma klientidel end registreerida. See teeb oma v\u00f5idu v\u00e4ljav\u00f5tmise palju lihtsamaks, olenemata sellest, kus te elate.<\/p>\n<p>Pane t\u00e4hele, et see kehtib tavaliselt alla 2500 euro suuruste v\u00f5itude puhul. Kui teie v\u00f5idud on suuremad kui 2500 eurot, peate v\u00f5idu v\u00e4ljamaksmiseks v\u00f5ib-olla otse loteriifirmaga \u00fchendust v\u00f5tma. Kuid see ei ole probleem, sest me aitame teid n\u00f5udeavalduse vormi t\u00e4itmisel.<\/p>\n<h2>Miks peaksite loteriid m\u00e4ngima jackpotlotteryonline.com&#8217;il<\/h2>\n<p>K\u00f5ik, mida me jackpotlotteryonline.com-is teeme, on keskendunud sellele, et anda teile fantastiline kogemus, kui m\u00e4ngite Mega Millions&#8217;i. Elus on nii palju asju, mis on rasked, kuid lotov\u00f5it ei tohiks olla \u00fcks neist. Nii et me hoolitseme k\u00f5igi nende t\u00fc\u00fctute v\u00e4ikeste detailide eest, et te saaksite keskenduda sellele, et teil oleks nii l\u00f5bus kui soovite.<\/p>\n<p>Enamgi veel, me oleme concierge sait. See t\u00e4hendab, et me anname oma klientidele v\u00f5imaluse v\u00f5ita loteriis. Te ei panusta Mega Millions&#8217;i tulemusele, nagu see on nii paljude loteriisaitide puhul. Me tegelikult anname oma klientidele juurdep\u00e4\u00e4su v\u00f5itnud rahvusvahelistele loteriidele nagu Mega Millions. Kui ostate pileteid meie saidilt, Kui teil on v\u00f5itnud pilet, siis v\u00f5idate loteriis.<\/p>\n<p>Me teeme oma klientidele lihtsaks Mega Millions&#8217;i v\u00f5idunumbrite ja ka loosimise ajaloo kontrollimise. Loosimise ajaloo kontrollimine aitab m\u00e4ngijatel luua oma v\u00f5idu m\u00e4ngustrateegia. L\u00f5puks, juurdep\u00e4\u00e4s oma v\u00f5idule on sama lihtne kui \u00fcks kl\u00f5ps. Nautige Mega Millions loterii t\u00e4na, registreerudes meil.<\/p>\n","protected":false},"excerpt":{"rendered":"<p>Mega Millions on tuntud oma mega jackpotide poolest ja m\u00e4ngijad k\u00f5ikjal lihtsalt armastavad m\u00f5tet selle loterii v\u00f5itmisest. Mega Millions loterii v\u00f5itmine on Ameerika unistus ja miljonid m\u00e4ngijad p\u00fc\u00fcdlevad selle poole. \u00d5nneks on n\u00fc\u00fcd m\u00e4ngijatel \u00fcle kogu maailma v\u00f5imalus v\u00f5ita Mega Millions, ostes pileteid internetis. Juhul, kui sa m\u00f5tlesid, kuidas seda teha, siis meil on sulle [&hellip;]<\/p>\n","protected":false},"author":1,"featured_media":0,"parent":35822,"menu_order":2,"comment_status":"closed","ping_status":"closed","template":"megamillion-results.php","meta":{"_et_pb_use_builder":"","_et_pb_old_content":"","_et_gb_content_width":"","exclude_from_search":false,"footnotes":""},"class_list":["post-40528","page","type-page","status-publish","hentry"],"yoast_head":"<!-- This site is optimized with the Yoast SEO plugin v23.3 - https:\/\/yoast.com\/wordpress\/plugins\/seo\/ -->\n<title>Mega Millions v\u00f5idunumbrid ja loosimise tulemused<\/title>\n<meta name=\"description\" content=\"Selle n\u00e4dala ja vanemate Mega Millions loosimise tulemused ja v\u00f5idunumbrid leiad siit meie lehelt\" \/>\n<meta name=\"robots\" content=\"index, follow, max-snippet:-1, max-image-preview:large, max-video-preview:-1\" \/>\n<link rel=\"canonical\" href=\"https:\/\/jackpotlotteryonline.com\/et\/winning-numbers\/mega-millions\/\" \/>\n<meta property=\"og:locale\" content=\"et_EE\" \/>\n<meta property=\"og:type\" content=\"article\" \/>\n<meta property=\"og:title\" content=\"Mega Millions v\u00f5idunumbrid ja loosimise tulemused\" \/>\n<meta property=\"og:description\" content=\"Selle n\u00e4dala ja vanemate Mega Millions loosimise tulemused ja v\u00f5idunumbrid leiad siit meie lehelt\" \/>\n<meta property=\"og:url\" content=\"https:\/\/jackpotlotteryonline.com\/et\/winning-numbers\/mega-millions\/\" \/>\n<meta property=\"og:site_name\" content=\"Lotto Online - Crack The International Lottery Jackpots\" \/>\n<meta property=\"article:modified_time\" content=\"2022-12-26T19:42:21+00:00\" \/>\n<meta property=\"og:image\" content=\"https:\/\/jackpotlotteryonline.com\/wp-content\/uploads\/2022\/11\/read1.jpg\" \/>\n<meta name=\"twitter:card\" content=\"summary_large_image\" \/>\n<meta name=\"twitter:label1\" content=\"Est. reading time\" \/>\n\t<meta name=\"twitter:data1\" content=\"5 minutit\" \/>\n<!-- \/ Yoast SEO plugin. -->","yoast_head_json":{"title":"Mega Millions v\u00f5idunumbrid ja loosimise tulemused","description":"Selle n\u00e4dala ja vanemate Mega Millions loosimise tulemused ja v\u00f5idunumbrid leiad siit meie lehelt","robots":{"index":"index","follow":"follow","max-snippet":"max-snippet:-1","max-image-preview":"max-image-preview:large","max-video-preview":"max-video-preview:-1"},"canonical":"https:\/\/jackpotlotteryonline.com\/et\/winning-numbers\/mega-millions\/","og_locale":"et_EE","og_type":"article","og_title":"Mega Millions v\u00f5idunumbrid ja loosimise tulemused","og_description":"Selle n\u00e4dala ja vanemate Mega Millions loosimise tulemused ja v\u00f5idunumbrid leiad siit meie lehelt","og_url":"https:\/\/jackpotlotteryonline.com\/et\/winning-numbers\/mega-millions\/","og_site_name":"Lotto Online - Crack The International Lottery Jackpots","article_modified_time":"2022-12-26T19:42:21+00:00","og_image":[{"url":"https:\/\/jackpotlotteryonline.com\/wp-content\/uploads\/2022\/11\/read1.jpg"}],"twitter_card":"summary_large_image","twitter_misc":{"Est. reading time":"5 minutit"},"schema":{"@context":"https:\/\/schema.org","@graph":[{"@type":"WebPage","@id":"https:\/\/jackpotlotteryonline.com\/et\/winning-numbers\/mega-millions\/","url":"https:\/\/jackpotlotteryonline.com\/et\/winning-numbers\/mega-millions\/","name":"Mega Millions v\u00f5idunumbrid ja loosimise tulemused","isPartOf":{"@id":"https:\/\/jackpotlotteryonline.com\/#website"},"primaryImageOfPage":{"@id":"https:\/\/jackpotlotteryonline.com\/et\/winning-numbers\/mega-millions\/#primaryimage"},"image":{"@id":"https:\/\/jackpotlotteryonline.com\/et\/winning-numbers\/mega-millions\/#primaryimage"},"thumbnailUrl":"https:\/\/jackpotlotteryonline.com\/wp-content\/uploads\/2022\/11\/read1.jpg","datePublished":"2022-12-05T09:39:04+00:00","dateModified":"2022-12-26T19:42:21+00:00","description":"Selle n\u00e4dala ja vanemate Mega Millions loosimise tulemused ja v\u00f5idunumbrid leiad siit meie lehelt","breadcrumb":{"@id":"https:\/\/jackpotlotteryonline.com\/et\/winning-numbers\/mega-millions\/#breadcrumb"},"inLanguage":"et","potentialAction":[{"@type":"ReadAction","target":["https:\/\/jackpotlotteryonline.com\/et\/winning-numbers\/mega-millions\/"]}]},{"@type":"ImageObject","inLanguage":"et","@id":"https:\/\/jackpotlotteryonline.com\/et\/winning-numbers\/mega-millions\/#primaryimage","url":"https:\/\/jackpotlotteryonline.com\/wp-content\/uploads\/2022\/11\/read1.jpg","contentUrl":"https:\/\/jackpotlotteryonline.com\/wp-content\/uploads\/2022\/11\/read1.jpg"},{"@type":"BreadcrumbList","@id":"https:\/\/jackpotlotteryonline.com\/et\/winning-numbers\/mega-millions\/#breadcrumb","itemListElement":[{"@type":"ListItem","position":1,"name":"Home","item":"https:\/\/jackpotlotteryonline.com\/et\/"},{"@type":"ListItem","position":2,"name":"Loterii tulemused","item":"https:\/\/jackpotlotteryonline.com\/winning-numbers\/"},{"@type":"ListItem","position":3,"name":"Mega Millions loosimise tulemused"}]},{"@type":"WebSite","@id":"https:\/\/jackpotlotteryonline.com\/#website","url":"https:\/\/jackpotlotteryonline.com\/","name":"Lotto Online - Crack The International Lottery Jackpots","description":"","potentialAction":[{"@type":"SearchAction","target":{"@type":"EntryPoint","urlTemplate":"https:\/\/jackpotlotteryonline.com\/?s={search_term_string}"},"query-input":"required name=search_term_string"}],"inLanguage":"et"}]}},"_links":{"self":[{"href":"https:\/\/jackpotlotteryonline.com\/et\/wp-json\/wp\/v2\/pages\/40528","targetHints":{"allow":["GET"]}}],"collection":[{"href":"https:\/\/jackpotlotteryonline.com\/et\/wp-json\/wp\/v2\/pages"}],"about":[{"href":"https:\/\/jackpotlotteryonline.com\/et\/wp-json\/wp\/v2\/types\/page"}],"author":[{"embeddable":true,"href":"https:\/\/jackpotlotteryonline.com\/et\/wp-json\/wp\/v2\/users\/1"}],"replies":[{"embeddable":true,"href":"https:\/\/jackpotlotteryonline.com\/et\/wp-json\/wp\/v2\/comments?post=40528"}],"version-history":[{"count":0,"href":"https:\/\/jackpotlotteryonline.com\/et\/wp-json\/wp\/v2\/pages\/40528\/revisions"}],"up":[{"embeddable":true,"href":"https:\/\/jackpotlotteryonline.com\/et\/wp-json\/wp\/v2\/pages\/35822"}],"wp:attachment":[{"href":"https:\/\/jackpotlotteryonline.com\/et\/wp-json\/wp\/v2\/media?parent=40528"}],"curies":[{"name":"wp","href":"https:\/\/api.w.org\/{rel}","templated":true}]}}