{"id":40582,"date":"2022-12-05T12:43:34","date_gmt":"2022-12-05T12:43:34","guid":{"rendered":"https:\/\/jackpotlotteryonline.com\/?page_id=40582"},"modified":"2022-12-27T07:59:07","modified_gmt":"2022-12-27T07:59:07","slug":"euromillions","status":"publish","type":"page","link":"https:\/\/jackpotlotteryonline.com\/et\/winning-numbers\/euromillions\/","title":{"rendered":"Euromillions loosimise tulemused"},"content":{"rendered":"<p>M\u00e4ngijad, kes ostavad loteriipileteid, muretsevad sageli, et nad j\u00e4tavad oma loteriiv\u00f5idud saamata. Seda seet\u00f5ttu, et inimesed muutuvad hooletuks ja piletid j\u00e4\u00e4vad kaduma; ilma oma loteriipiletita ei saa sa oma auhinda n\u00f5uda. Kui aga m\u00e4ngite internetis loteriid, ei pea te kunagi muretsema kadunud piletite p\u00e4rast, sest k\u00f5ik on digitaalne. V\u00f5idunumbrite kontrollimine v\u00f5ib siiski olla probleemiks, kui te ei tea, mida teha. Ja sellep\u00e4rast oleme meie siin.<\/p>\n<p>Meie jackpotlotteryonline.com-is anname m\u00e4ngijatele ligip\u00e4\u00e4su rahvusvahelistele tipplotodele internetis. Samuti teeme teie jaoks lihtsaks loteriipiletite ostmise ja Euromillions&#8217;i v\u00f5idunumbrite kontrollimise, kus iganes te ka ei viibiksite.<\/p>\n<h2>Kuidas v\u00f5ita jackpot?<\/h2>\n<p><img loading=\"lazy\" decoding=\"async\" class=\"alignright size-full wp-image-31019\" src=\"http:\/\/jackpotlotteryonline.com\/wp-content\/uploads\/2022\/11\/euromillions.png\" alt=\"v\u00f5ita Euromillions\" width=\"200\" height=\"212\" \/>See on oluline k\u00fcsimus, sest k\u00f5ik, kes loteriid m\u00e4ngivad, tahaksid teada, mida on vaja v\u00f5ita. Lihtne vastus on, et loteriiv\u00f5idu saamiseks peab m\u00e4ngija lihtsalt vastama loositud numbritele. Muidugi teame me k\u00f5ik, et see ei ole nii lihtne. Loterii s\u00f5ltub paljuski \u00f5nnest.<\/p>\n<p>Euromillions&#8217;i puhul peab m\u00e4ngija valima 5 numbrit vahemikus 1 kuni 70 ja 2 Lucky Stars&#8217;i. See, kes vastab k\u00f5igile 7 loositud numbritele, v\u00f5idab loterii.<\/p>\n<p>Siin saate vaadata varasemaid kombinatsioone, et teada saada, milliseid numbreid esineb k\u00f5ige rohkem v\u00f5i k\u00f5ige v\u00e4hem. See v\u00f5ib aidata teil kavandada oma Euroopa loterii v\u00f5idustrateegiat.<\/p>\n<h2>Kuidas kontrollida v\u00f5itjat<\/h2>\n<p>Loterii v\u00f5itja kontrollimiseks internetis on mitu v\u00f5imalust. Probleem suvalise juhusliku saidi kontrollimisel on aga see, et te ei pruugi saada t\u00e4pset teavet. Samuti, kui te kontrollite uudistesaitidel, v\u00f5ite teada saada ainult kombinatsiooni, mis v\u00f5itis jackpoti.<\/p>\n<p>Euroopa loteriil on mitu auhinnakategooriat ja isegi kui te ei v\u00f5itnud peaauhinda, v\u00f5ite ikkagi minna koju hea summaga. Seega on oluline kontrollida oma pileti vastavust teistele auhinnajagudele.<\/p>\n<p>Kui <a href=\"https:\/\/jackpotlotteryonline.com\/et\/kuidas-osta-loteriipileteid-internetis\/euromillions\">ostate oma loteriipileti<\/a> jackpotlotteryonline.com, saadame teile e-kirja kohe, kui olete v\u00f5itnud auhinna. Nii et te ei pea muretsema oma auhindade kaotamise p\u00e4rast.<\/p>\n<h2>Juurdep\u00e4\u00e4s oma v\u00f5idule<\/h2>\n<p>Kuna te <a href=\"https:\/\/jackpotlotteryonline.com\/et\/kuidas-mangida\/euromillions\">m\u00e4ngite loteriid internetis<\/a>, on loomulik, et te m\u00f5tlete, mis juhtub, kui te v\u00f5idate auhinna. Kui m\u00e4ngite meiega, siis on teie v\u00f5idule ligip\u00e4\u00e4s sama lihtne kui pileti ostmine. Selle all m\u00f5tleme seda, et saate oma v\u00f5idud meie saidilt h\u00f5lpsasti v\u00e4lja v\u00f5tta. Ei mingit vaeva ega mingeid komplikatsioone.<\/p>\n<p>Kui v\u00f5idad jackpot&#8217;i v\u00f5i summa, mis on suurem kui 2500 eurot, siis v\u00f5ib olla vaja t\u00e4ita pretensiooniavaldus. Kuid \u00e4rge muretsege, see ei ole keeruline protsess ja me juhatame teid selle l\u00e4bi.<\/p>\n<section class=\"layout\" style=\"border: solid 1px; width: 100%;\">\n<div class=\"img-div\" style=\"margin-top: 5px;\"><img decoding=\"async\" class=\"wp-image-17212 alignleft\" style=\"height: 45px; margin: 8px 8px 0px;\" src=\"http:\/\/jackpotlotteryonline.com\/wp-content\/uploads\/2022\/11\/read1.jpg\" alt=\"loe\" width=\"\" height=\"\" \/><\/div>\n<div style=\"padding-left: 5px;\">\n<div style=\"font-size: 1.1em;\">\n<p><strong>Kuidas saada raha, kui ma v\u00f5in v\u00f5ita loterii online?<\/strong><\/p>\n<p style=\"font-size: 0.85em; margin-top: -1.5em;\">Nii saad oma raha, kui v\u00f5idad internetis loteriis\u00a0<a href=\"https:\/\/jackpotlotteryonline.com\/et\/how-do-it-saan-palka-kui-mina-voitan-loteriis-online\"> loe edasi<\/a><\/p>\n<\/div>\n<\/div>\n<\/section>\n<h2>Kontrolli oma Euromillions v\u00f5idunumbreid juba t\u00e4na<\/h2>\n<p>Oleme teinud k\u00f5vasti t\u00f6\u00f6d, et luua meie m\u00e4ngijatele turvaline veebikeskkond. Pakume k\u00f5ike, mida vajate mugavaks loteriim\u00e4nguks. Meiega saate juurdep\u00e4\u00e4su rahvusvahelistele tipplotodele ja saate eelnevalt osaleda mitmetes loosimistes. Peale selle saate h\u00f5lpsasti kontrollida loosimisi siinsamas ja v\u00f5tta oma v\u00f5idud v\u00e4lja.<\/p>\n","protected":false},"excerpt":{"rendered":"<p>M\u00e4ngijad, kes ostavad loteriipileteid, muretsevad sageli, et nad j\u00e4tavad oma loteriiv\u00f5idud saamata. Seda seet\u00f5ttu, et inimesed muutuvad hooletuks ja piletid j\u00e4\u00e4vad kaduma; ilma oma loteriipiletita ei saa sa oma auhinda n\u00f5uda. Kui aga m\u00e4ngite internetis loteriid, ei pea te kunagi muretsema kadunud piletite p\u00e4rast, sest k\u00f5ik on digitaalne. V\u00f5idunumbrite kontrollimine v\u00f5ib siiski olla probleemiks, kui [&hellip;]<\/p>\n","protected":false},"author":1,"featured_media":0,"parent":35822,"menu_order":3,"comment_status":"closed","ping_status":"closed","template":"euromillions-results.php","meta":{"_et_pb_use_builder":"","_et_pb_old_content":"","_et_gb_content_width":"","exclude_from_search":false,"footnotes":""},"class_list":["post-40582","page","type-page","status-publish","hentry"],"yoast_head":"<!-- This site is optimized with the Yoast SEO plugin v23.3 - https:\/\/yoast.com\/wordpress\/plugins\/seo\/ -->\n<title>Euromillions v\u00f5idunumbrid ja loosimise tulemused<\/title>\n<meta name=\"description\" content=\"Euromillions&#039;i loosimise tulemused - viimase loosimise v\u00f5idunumbrid, samuti varasemate tulemuste arhiiv.\" \/>\n<meta name=\"robots\" content=\"index, follow, max-snippet:-1, max-image-preview:large, max-video-preview:-1\" \/>\n<link rel=\"canonical\" href=\"https:\/\/jackpotlotteryonline.com\/et\/winning-numbers\/euromillions\/\" \/>\n<meta property=\"og:locale\" content=\"et_EE\" \/>\n<meta property=\"og:type\" content=\"article\" \/>\n<meta property=\"og:title\" content=\"Euromillions v\u00f5idunumbrid ja loosimise tulemused\" \/>\n<meta property=\"og:description\" content=\"Euromillions&#039;i loosimise tulemused - viimase loosimise v\u00f5idunumbrid, samuti varasemate tulemuste arhiiv.\" \/>\n<meta property=\"og:url\" content=\"https:\/\/jackpotlotteryonline.com\/et\/winning-numbers\/euromillions\/\" \/>\n<meta property=\"og:site_name\" content=\"Lotto Online - Crack The International Lottery Jackpots\" \/>\n<meta property=\"article:modified_time\" content=\"2022-12-27T07:59:07+00:00\" \/>\n<meta property=\"og:image\" content=\"http:\/\/jackpotlotteryonline.com\/wp-content\/uploads\/2022\/11\/euromillions.png\" \/>\n<meta name=\"twitter:card\" content=\"summary_large_image\" \/>\n<meta name=\"twitter:label1\" content=\"Est. reading time\" \/>\n\t<meta name=\"twitter:data1\" content=\"3 minutit\" \/>\n<!-- \/ Yoast SEO plugin. -->","yoast_head_json":{"title":"Euromillions v\u00f5idunumbrid ja loosimise tulemused","description":"Euromillions'i loosimise tulemused - viimase loosimise v\u00f5idunumbrid, samuti varasemate tulemuste arhiiv.","robots":{"index":"index","follow":"follow","max-snippet":"max-snippet:-1","max-image-preview":"max-image-preview:large","max-video-preview":"max-video-preview:-1"},"canonical":"https:\/\/jackpotlotteryonline.com\/et\/winning-numbers\/euromillions\/","og_locale":"et_EE","og_type":"article","og_title":"Euromillions v\u00f5idunumbrid ja loosimise tulemused","og_description":"Euromillions'i loosimise tulemused - viimase loosimise v\u00f5idunumbrid, samuti varasemate tulemuste arhiiv.","og_url":"https:\/\/jackpotlotteryonline.com\/et\/winning-numbers\/euromillions\/","og_site_name":"Lotto Online - Crack The International Lottery Jackpots","article_modified_time":"2022-12-27T07:59:07+00:00","og_image":[{"url":"http:\/\/jackpotlotteryonline.com\/wp-content\/uploads\/2022\/11\/euromillions.png"}],"twitter_card":"summary_large_image","twitter_misc":{"Est. reading time":"3 minutit"},"schema":{"@context":"https:\/\/schema.org","@graph":[{"@type":"WebPage","@id":"https:\/\/jackpotlotteryonline.com\/et\/winning-numbers\/euromillions\/","url":"https:\/\/jackpotlotteryonline.com\/et\/winning-numbers\/euromillions\/","name":"Euromillions v\u00f5idunumbrid ja loosimise tulemused","isPartOf":{"@id":"https:\/\/jackpotlotteryonline.com\/#website"},"primaryImageOfPage":{"@id":"https:\/\/jackpotlotteryonline.com\/et\/winning-numbers\/euromillions\/#primaryimage"},"image":{"@id":"https:\/\/jackpotlotteryonline.com\/et\/winning-numbers\/euromillions\/#primaryimage"},"thumbnailUrl":"http:\/\/jackpotlotteryonline.com\/wp-content\/uploads\/2022\/11\/euromillions.png","datePublished":"2022-12-05T12:43:34+00:00","dateModified":"2022-12-27T07:59:07+00:00","description":"Euromillions'i loosimise tulemused - viimase loosimise v\u00f5idunumbrid, samuti varasemate tulemuste arhiiv.","breadcrumb":{"@id":"https:\/\/jackpotlotteryonline.com\/et\/winning-numbers\/euromillions\/#breadcrumb"},"inLanguage":"et","potentialAction":[{"@type":"ReadAction","target":["https:\/\/jackpotlotteryonline.com\/et\/winning-numbers\/euromillions\/"]}]},{"@type":"ImageObject","inLanguage":"et","@id":"https:\/\/jackpotlotteryonline.com\/et\/winning-numbers\/euromillions\/#primaryimage","url":"http:\/\/jackpotlotteryonline.com\/wp-content\/uploads\/2022\/11\/euromillions.png","contentUrl":"http:\/\/jackpotlotteryonline.com\/wp-content\/uploads\/2022\/11\/euromillions.png"},{"@type":"BreadcrumbList","@id":"https:\/\/jackpotlotteryonline.com\/et\/winning-numbers\/euromillions\/#breadcrumb","itemListElement":[{"@type":"ListItem","position":1,"name":"Home","item":"https:\/\/jackpotlotteryonline.com\/et\/"},{"@type":"ListItem","position":2,"name":"Loterii tulemused","item":"https:\/\/jackpotlotteryonline.com\/winning-numbers\/"},{"@type":"ListItem","position":3,"name":"Euromillions loosimise tulemused"}]},{"@type":"WebSite","@id":"https:\/\/jackpotlotteryonline.com\/#website","url":"https:\/\/jackpotlotteryonline.com\/","name":"Lotto Online - Crack The International Lottery Jackpots","description":"","potentialAction":[{"@type":"SearchAction","target":{"@type":"EntryPoint","urlTemplate":"https:\/\/jackpotlotteryonline.com\/?s={search_term_string}"},"query-input":"required name=search_term_string"}],"inLanguage":"et"}]}},"_links":{"self":[{"href":"https:\/\/jackpotlotteryonline.com\/et\/wp-json\/wp\/v2\/pages\/40582","targetHints":{"allow":["GET"]}}],"collection":[{"href":"https:\/\/jackpotlotteryonline.com\/et\/wp-json\/wp\/v2\/pages"}],"about":[{"href":"https:\/\/jackpotlotteryonline.com\/et\/wp-json\/wp\/v2\/types\/page"}],"author":[{"embeddable":true,"href":"https:\/\/jackpotlotteryonline.com\/et\/wp-json\/wp\/v2\/users\/1"}],"replies":[{"embeddable":true,"href":"https:\/\/jackpotlotteryonline.com\/et\/wp-json\/wp\/v2\/comments?post=40582"}],"version-history":[{"count":0,"href":"https:\/\/jackpotlotteryonline.com\/et\/wp-json\/wp\/v2\/pages\/40582\/revisions"}],"up":[{"embeddable":true,"href":"https:\/\/jackpotlotteryonline.com\/et\/wp-json\/wp\/v2\/pages\/35822"}],"wp:attachment":[{"href":"https:\/\/jackpotlotteryonline.com\/et\/wp-json\/wp\/v2\/media?parent=40582"}],"curies":[{"name":"wp","href":"https:\/\/api.w.org\/{rel}","templated":true}]}}