{"id":40637,"date":"2022-12-06T06:11:41","date_gmt":"2022-12-06T06:11:41","guid":{"rendered":"https:\/\/jackpotlotteryonline.com\/?page_id=40637"},"modified":"2022-12-28T08:05:18","modified_gmt":"2022-12-28T08:05:18","slug":"eurojackpot","status":"publish","type":"page","link":"https:\/\/jackpotlotteryonline.com\/et\/winning-numbers\/eurojackpot\/","title":{"rendered":"Eurojackpoti loosimise tulemused"},"content":{"rendered":"<p>Kuidas kontrollida Eurojackpot loterii v\u00f5idunumbreid? Kuna tegemist on \u00fche populaarsema loteriiga Euroopas, ootavad m\u00e4ngurid k\u00f5ikjal innukalt v\u00f5imalust v\u00f5ita suurelt. Kui elad v\u00e4ljaspool Euroopat, v\u00f5id osta loteriipileteid ka internetis ja kontrollida loosimise tulemusi.<\/p>\n<p>Kui k\u00fclastate veebilehte jackpotlotteryonline.com, saate juurdep\u00e4\u00e4su maailma tipplottodele. Pakume lihtsat ja mugavat v\u00f5imalust loteriid m\u00e4ngida ja kontrollida loosimisi \u00fches kohas.<\/p>\n<h2>Milline on v\u00f5idukombinatsioon?<\/h2>\n<p><img loading=\"lazy\" decoding=\"async\" class=\"size-full wp-image-28751 alignright\" src=\"http:\/\/jackpotlotteryonline.com\/wp-content\/uploads\/2022\/11\/1_online_ticket_eurojackpot.jpg\" alt=\"Eurojackpoti v\u00f5idukombinatsioonid\" width=\"300\" height=\"210\" \/>Enamik inimesi <a href=\"https:\/\/jackpotlotteryonline.com\/et\/kuidas-mangida\/eurojackpot\">m\u00e4ngib loteriid<\/a>, et saada v\u00f5imalus v\u00f5ita suuri v\u00f5ite ja m\u00e4ngijad armastavad eriti Eurojackpotit mitmel p\u00f5hjusel. \u00dcks neist on suur v\u00f5iduv\u00f5imalus. See loterii on alates selle k\u00e4ivitamisest andnud palju miljon\u00e4re.<\/p>\n<p>P\u00f5him\u00f5tteliselt v\u00f5idab pilet, mis vastab loositud numbritele. Kui m\u00e4ngite internetis, peate valima 5 numbrit vahemikus 1 kuni 50 ja 2 teist numbrit vahemikus 1 kuni 12. See, kes vastab seitsmele loositud numbrile, v\u00f5idab jackpoti.<\/p>\n<p>Numbrite valimisel v\u00f5ite valida kas need, mis on teile erilised, v\u00f5i juhuslikud numbrid. M\u00f5ned m\u00e4ngijad eelistavad kasutada meie automaatset generaatorit juhusliku valiku tegemiseks. Oluline on saada oma pilet enne loosimist.<\/p>\n<h2>Kuidas kontrollida loosimise tulemusi<\/h2>\n<p>Sellel Euroopa loteriil on kaks loosimisp\u00e4eva, igal n\u00e4dalal teisip\u00e4eval ja reedel. Loosimistulemused tehakse sageli teatavaks otse\u00fclekandes. aga otse\u00fclekannete ootamine v\u00f5ib muutuda veidi ebamugavaks. Eriti siis, kui see langeb kokku n\u00e4iteks m\u00f5ne olulise \u00fcrituse v\u00f5i teie t\u00f6\u00f6ga. Seep\u00e4rast ongi meiega loteriis m\u00e4ngimine fantastiline v\u00f5imalus.<\/p>\n<p>Kui m\u00e4ngid meiega, pead vaid tagasi vaatama, et teada saada loosimise tulemused. Seda seet\u00f5ttu, et me avaldame loosimise tulemused siinsamas meie veebilehel.<\/p>\n<p>Samuti, kui sa v\u00f5idad auhinna, anname sulle sellest teada kohe, kui oled v\u00f5itnud, e-posti teel. Ja kui logite meie platvormil oma kontole sisse, saate teate. Loteriis m\u00e4ngimine on veelgi lihtsam ja mugavam, kui ostate oma loteriipiletid meilt.<\/p>\n<h2>Mida teha, kui sa v\u00f5idad<\/h2>\n<p>Meile meeldib, kui meie kliendid v\u00f5idavad loteriis, sest just sellep\u00e4rast oleme siin. Selleks, et anda m\u00e4ngijatele igal pool juurdep\u00e4\u00e4su rahvusvahelistele tipplotodele mugavalt arvutist v\u00f5i mobiilseadmetest.<\/p>\n<p>Seega, kui sa v\u00f5idad auhinna, siis mitte ainult me ei teavita sind, vaid sa saad oma v\u00f5idud meie platvormilt ka h\u00f5lpsasti v\u00e4lja v\u00f5tta. Nii ongi. Ei ole vaja kuskile minna, et oma loteriiv\u00f5idule ligi p\u00e4\u00e4seda, lihtsalt v\u00f5tke raha otse oma kontole.<\/p>\n<p>Peaksime siiski mainima, et kui see \u00fcletab teatud summa, peate v\u00f5ib-olla t\u00e4itma n\u00f5udeavalduse vormi. See on selleks, et aidata teil saada oma v\u00f5itu loteriifirmalt. Aga me oleme siin, et aidata teid ja teha protsess v\u00f5imalikult lihtsaks ja sirgeks.<\/p>\n<section class=\"layout\" style=\"border: solid 1px; width: 100%;\">\n<div class=\"img-div\" style=\"margin-top: 5px;\"><img decoding=\"async\" class=\"wp-image-17212 alignleft\" style=\"height: 45px; margin: 8px 8px 0px;\" src=\"http:\/\/jackpotlotteryonline.com\/wp-content\/uploads\/2022\/11\/read1.jpg\" alt=\"loe\" width=\"\" height=\"\" \/><\/div>\n<div style=\"padding-left: 5px;\">\n<div style=\"font-size: 1.1em;\">\n<p><strong>Kuidas saada raha, kui ma v\u00f5in v\u00f5ita loterii online?<\/strong><\/p>\n<p style=\"font-size: 0.85em; margin-top: -1.5em;\">Nii saad oma raha, kui v\u00f5idad internetis loteriis\u00a0 <a href=\"https:\/\/jackpotlotteryonline.com\/et\/how-do-it-saan-palka-kui-mina-voitan-loteriis-online\"> Lue lis\u00e4\u00e4<\/a><\/p>\n<\/div>\n<\/div>\n<\/section>\n<h2>Kontrolli oma Eurojackpot v\u00f5idu numbreid siin<\/h2>\n<p><a href=\"https:\/\/jackpotlotteryonline.com\/et\/kuidas-osta-loteriipileteid-internetis\/eurojackpot\">Osta oma loteriipileteid<\/a>, osale loosimistel ja kontrollige loosimistulemusi, k\u00f5ik \u00fchelt saidilt. K\u00fclastage jackpotlotteryonline.com t\u00e4na.<\/p>\n","protected":false},"excerpt":{"rendered":"<p>Kuidas kontrollida Eurojackpot loterii v\u00f5idunumbreid? Kuna tegemist on \u00fche populaarsema loteriiga Euroopas, ootavad m\u00e4ngurid k\u00f5ikjal innukalt v\u00f5imalust v\u00f5ita suurelt. Kui elad v\u00e4ljaspool Euroopat, v\u00f5id osta loteriipileteid ka internetis ja kontrollida loosimise tulemusi. Kui k\u00fclastate veebilehte jackpotlotteryonline.com, saate juurdep\u00e4\u00e4su maailma tipplottodele. Pakume lihtsat ja mugavat v\u00f5imalust loteriid m\u00e4ngida ja kontrollida loosimisi \u00fches kohas. Milline on v\u00f5idukombinatsioon? [&hellip;]<\/p>\n","protected":false},"author":1,"featured_media":0,"parent":35822,"menu_order":4,"comment_status":"closed","ping_status":"closed","template":"eurojackpot-results.php","meta":{"_et_pb_use_builder":"","_et_pb_old_content":"","_et_gb_content_width":"","exclude_from_search":false,"footnotes":""},"class_list":["post-40637","page","type-page","status-publish","hentry"],"yoast_head":"<!-- This site is optimized with the Yoast SEO plugin v23.3 - https:\/\/yoast.com\/wordpress\/plugins\/seo\/ -->\n<title>Eurojackpot v\u00f5idu numbrid ja loosimise tulemused<\/title>\n<meta name=\"description\" content=\"Tahad no teada Eurojackpoti v\u00f5idunumbreid? Vaata k\u00f5iki Eurojackpot&#039;i ja paljude teiste loteriide loosimistulemusi siit!\" \/>\n<meta name=\"robots\" content=\"index, follow, max-snippet:-1, max-image-preview:large, max-video-preview:-1\" \/>\n<link rel=\"canonical\" href=\"https:\/\/jackpotlotteryonline.com\/et\/winning-numbers\/eurojackpot\/\" \/>\n<meta property=\"og:locale\" content=\"et_EE\" \/>\n<meta property=\"og:type\" content=\"article\" \/>\n<meta property=\"og:title\" content=\"Eurojackpot v\u00f5idu numbrid ja loosimise tulemused\" \/>\n<meta property=\"og:description\" content=\"Tahad no teada Eurojackpoti v\u00f5idunumbreid? Vaata k\u00f5iki Eurojackpot&#039;i ja paljude teiste loteriide loosimistulemusi siit!\" \/>\n<meta property=\"og:url\" content=\"https:\/\/jackpotlotteryonline.com\/et\/winning-numbers\/eurojackpot\/\" \/>\n<meta property=\"og:site_name\" content=\"Lotto Online - Crack The International Lottery Jackpots\" \/>\n<meta property=\"article:modified_time\" content=\"2022-12-28T08:05:18+00:00\" \/>\n<meta property=\"og:image\" content=\"http:\/\/jackpotlotteryonline.com\/wp-content\/uploads\/2022\/11\/1_online_ticket_eurojackpot.jpg\" \/>\n<meta name=\"twitter:card\" content=\"summary_large_image\" \/>\n<meta name=\"twitter:label1\" content=\"Est. reading time\" \/>\n\t<meta name=\"twitter:data1\" content=\"2 minutit\" \/>\n<!-- \/ Yoast SEO plugin. -->","yoast_head_json":{"title":"Eurojackpot v\u00f5idu numbrid ja loosimise tulemused","description":"Tahad no teada Eurojackpoti v\u00f5idunumbreid? Vaata k\u00f5iki Eurojackpot'i ja paljude teiste loteriide loosimistulemusi siit!","robots":{"index":"index","follow":"follow","max-snippet":"max-snippet:-1","max-image-preview":"max-image-preview:large","max-video-preview":"max-video-preview:-1"},"canonical":"https:\/\/jackpotlotteryonline.com\/et\/winning-numbers\/eurojackpot\/","og_locale":"et_EE","og_type":"article","og_title":"Eurojackpot v\u00f5idu numbrid ja loosimise tulemused","og_description":"Tahad no teada Eurojackpoti v\u00f5idunumbreid? Vaata k\u00f5iki Eurojackpot'i ja paljude teiste loteriide loosimistulemusi siit!","og_url":"https:\/\/jackpotlotteryonline.com\/et\/winning-numbers\/eurojackpot\/","og_site_name":"Lotto Online - Crack The International Lottery Jackpots","article_modified_time":"2022-12-28T08:05:18+00:00","og_image":[{"url":"http:\/\/jackpotlotteryonline.com\/wp-content\/uploads\/2022\/11\/1_online_ticket_eurojackpot.jpg"}],"twitter_card":"summary_large_image","twitter_misc":{"Est. reading time":"2 minutit"},"schema":{"@context":"https:\/\/schema.org","@graph":[{"@type":"WebPage","@id":"https:\/\/jackpotlotteryonline.com\/et\/winning-numbers\/eurojackpot\/","url":"https:\/\/jackpotlotteryonline.com\/et\/winning-numbers\/eurojackpot\/","name":"Eurojackpot v\u00f5idu numbrid ja loosimise tulemused","isPartOf":{"@id":"https:\/\/jackpotlotteryonline.com\/#website"},"primaryImageOfPage":{"@id":"https:\/\/jackpotlotteryonline.com\/et\/winning-numbers\/eurojackpot\/#primaryimage"},"image":{"@id":"https:\/\/jackpotlotteryonline.com\/et\/winning-numbers\/eurojackpot\/#primaryimage"},"thumbnailUrl":"http:\/\/jackpotlotteryonline.com\/wp-content\/uploads\/2022\/11\/1_online_ticket_eurojackpot.jpg","datePublished":"2022-12-06T06:11:41+00:00","dateModified":"2022-12-28T08:05:18+00:00","description":"Tahad no teada Eurojackpoti v\u00f5idunumbreid? Vaata k\u00f5iki Eurojackpot'i ja paljude teiste loteriide loosimistulemusi siit!","breadcrumb":{"@id":"https:\/\/jackpotlotteryonline.com\/et\/winning-numbers\/eurojackpot\/#breadcrumb"},"inLanguage":"et","potentialAction":[{"@type":"ReadAction","target":["https:\/\/jackpotlotteryonline.com\/et\/winning-numbers\/eurojackpot\/"]}]},{"@type":"ImageObject","inLanguage":"et","@id":"https:\/\/jackpotlotteryonline.com\/et\/winning-numbers\/eurojackpot\/#primaryimage","url":"http:\/\/jackpotlotteryonline.com\/wp-content\/uploads\/2022\/11\/1_online_ticket_eurojackpot.jpg","contentUrl":"http:\/\/jackpotlotteryonline.com\/wp-content\/uploads\/2022\/11\/1_online_ticket_eurojackpot.jpg"},{"@type":"BreadcrumbList","@id":"https:\/\/jackpotlotteryonline.com\/et\/winning-numbers\/eurojackpot\/#breadcrumb","itemListElement":[{"@type":"ListItem","position":1,"name":"Home","item":"https:\/\/jackpotlotteryonline.com\/et\/"},{"@type":"ListItem","position":2,"name":"Loterii tulemused","item":"https:\/\/jackpotlotteryonline.com\/winning-numbers\/"},{"@type":"ListItem","position":3,"name":"Eurojackpoti loosimise tulemused"}]},{"@type":"WebSite","@id":"https:\/\/jackpotlotteryonline.com\/#website","url":"https:\/\/jackpotlotteryonline.com\/","name":"Lotto Online - Crack The International Lottery Jackpots","description":"","potentialAction":[{"@type":"SearchAction","target":{"@type":"EntryPoint","urlTemplate":"https:\/\/jackpotlotteryonline.com\/?s={search_term_string}"},"query-input":"required name=search_term_string"}],"inLanguage":"et"}]}},"_links":{"self":[{"href":"https:\/\/jackpotlotteryonline.com\/et\/wp-json\/wp\/v2\/pages\/40637","targetHints":{"allow":["GET"]}}],"collection":[{"href":"https:\/\/jackpotlotteryonline.com\/et\/wp-json\/wp\/v2\/pages"}],"about":[{"href":"https:\/\/jackpotlotteryonline.com\/et\/wp-json\/wp\/v2\/types\/page"}],"author":[{"embeddable":true,"href":"https:\/\/jackpotlotteryonline.com\/et\/wp-json\/wp\/v2\/users\/1"}],"replies":[{"embeddable":true,"href":"https:\/\/jackpotlotteryonline.com\/et\/wp-json\/wp\/v2\/comments?post=40637"}],"version-history":[{"count":0,"href":"https:\/\/jackpotlotteryonline.com\/et\/wp-json\/wp\/v2\/pages\/40637\/revisions"}],"up":[{"embeddable":true,"href":"https:\/\/jackpotlotteryonline.com\/et\/wp-json\/wp\/v2\/pages\/35822"}],"wp:attachment":[{"href":"https:\/\/jackpotlotteryonline.com\/et\/wp-json\/wp\/v2\/media?parent=40637"}],"curies":[{"name":"wp","href":"https:\/\/api.w.org\/{rel}","templated":true}]}}