{"id":40706,"date":"2022-12-06T08:18:27","date_gmt":"2022-12-06T08:18:27","guid":{"rendered":"https:\/\/jackpotlotteryonline.com\/?page_id=40706"},"modified":"2022-12-27T09:40:12","modified_gmt":"2022-12-27T09:40:12","slug":"superenalotto","status":"publish","type":"page","link":"https:\/\/jackpotlotteryonline.com\/et\/winning-numbers\/superenalotto\/","title":{"rendered":"Superenalotto loosimise tulemused"},"content":{"rendered":"<p>Superenalotto on Itaalia riiklik loterii ja on riigi m\u00e4ngijate seas populaarne loterii. Kui m\u00e4ngite v\u00e4ljastpoolt Itaaliat, on hea m\u00f5te v\u00e4lja selgitada, kuidas kontrollida v\u00f5idunumbreid. Loe edasi, et rohkem teada saada.<\/p>\n<h2>Superenalotto online m\u00e4ngimise sammud<\/h2>\n<p><a href=\"https:\/\/jackpotlotteryonline.com\/et\/kuidas-mangida\/superenalotto\">Superenalotto online m\u00e4ngimine<\/a> on nagu offline m\u00e4ngimine, kuid suurema mugavuse ja lihtsusega. Kui l\u00e4hete jackpotlotteryoneline.com lehek\u00fcljele Superenalotto, saate valida 6 numbrit vahemikus 1 kuni 90. Seej\u00e4rel valige loosimiste arv, milles soovite osaleda, ja saate osaleda kuni 5 n\u00e4dalat ette. Mida rohkem loosimisi sisestate, seda suuremad on teie v\u00f5iduv\u00f5imalused.<\/p>\n<p>Superenalotto korraldab kolm igan\u00e4dalast loosimist teisip\u00e4eviti, neljap\u00e4eviti ja laup\u00e4eviti. Seega v\u00f5ite osaleda kas \u00fches v\u00f5i k\u00f5igis. Saate valida SuperStar numbri, et suurendada oma v\u00f5iduv\u00f5imalusi loteriis. Samuti on olemas &#8220;Jolly Number&#8221;, mis on vahemikus 1 kuni 90 ja mida kasutatakse teise astme v\u00f5itja m\u00e4\u00e4ramiseks.<\/p>\n<h2>Kuidas kontrollida oma v\u00f5idunumbreid<\/h2>\n<p><img loading=\"lazy\" decoding=\"async\" class=\"alignright size-full wp-image-31316\" src=\"http:\/\/jackpotlotteryonline.com\/wp-content\/uploads\/2022\/11\/logo_superenalotto.png\" alt=\"Superenalotto loosimise tulemused\" width=\"200\" height=\"212\" \/>Superenalotot m\u00e4ngides on erinevaid viise, kuidas saate kontrollida v\u00f5idunumbreid. Ehkki sa v\u00f5id vaadata otse\u00fclekandeid telerist, on see v\u00f5imalik ainult siis, kui sa elad Itaalias ja r\u00e4\u00e4gid itaalia keelt. \u00d5nneks saad p\u00e4rast loosimisi v\u00f5idunumbreid kontrollida ka internetis. Enamik uudistesaite avaldab loosimise tulemused.<\/p>\n<p>Sellega on aga m\u00f5ned probleemid. Esiteks v\u00f5ite kergesti unustada loosimise tulemuste kontrollimise. On lugusid jackpoti auhindadest, mis j\u00e4id lunastamata, t\u00f5en\u00e4oliselt seet\u00f5ttu, et v\u00f5itjad unustasid oma pileteid kontrollida. Samuti avaldavad paljud saidid ainult esimese astme v\u00f5idunumbrid. Enamikul loteriidel on mitu auhinnaklassi.<\/p>\n<p>Kui m\u00e4ngite meiega Superenalottot, ei pea te muretsema, et j\u00e4\u00e4te \u00fchestki auhinnast ilma. Me mitte ainult ei teavita teid kohe, kui olete v\u00f5itnud auhinna, vaid saate teate, kui olete sisse loginud. Pealegi avaldame loterii tulemused kohe p\u00e4rast loosimisi siinsamas meie veebilehel. Nii et tulge p\u00e4rast loosimisi tagasi, et n\u00e4ha, kas teil on Superenalotto v\u00f5idunumbrid.<\/p>\n<h2>Superenalotto auhinnaklassid<\/h2>\n<p>Me juba mainisime, et Superenalotto loteriil on 2 miljoni euro suurune jackpot. Kuid kas teadsite, et jackpoti summale ei ole \u00fclempiiri? See t\u00e4hendab, et kui p\u00e4rast loosimist ei ole v\u00f5itjat, j\u00e4tkub auhind seni, kuni v\u00f5itja leidub. 2019. aastal veeretati jackpot nii mitu korda, et see j\u00f5udis rekordilise summani 209,1 miljonit eurot.<\/p>\n<p>Lisaks jackpotile, mis on esimese astme auhind, on ka teisi auhindu, mida m\u00e4ngija v\u00f5ib v\u00f5ita. Auhinnad m\u00e4\u00e4ratakse kindlaks auhinnafondiga, seega ei ole kindlat summat. Jagame siiski keskmist summat iga loosimise kohta.<\/p>\n<p>Match 6 &#8211; 92 056 091,66 eurot<\/p>\n<p>Match 5 + Jolly number &#8211; 594 951,95 eurot<\/p>\n<p>Mat\u0161 5 &#8211; 49 736,38 eurot.<\/p>\n<p>Match 4 numbrid &#8211; 354,83 eurot<\/p>\n<p>Match 3 numbrid &#8211; 27,15 eurot<\/p>\n<p>Match 2 numbrid &#8211; 5,48 eurot<\/p>\n<section class=\"layout\" style=\"border: solid 1px; width: 100%;\">\n<div class=\"img-div\" style=\"margin-top: 5px;\"><img decoding=\"async\" class=\"wp-image-17212 alignleft\" style=\"height: 45px; margin: 8px 8px 0px;\" src=\"http:\/\/jackpotlotteryonline.com\/wp-content\/uploads\/2022\/11\/read1.jpg\" alt=\"loe\" width=\"\" height=\"\" \/><\/div>\n<div style=\"padding-left: 5px;\">\n<div style=\"font-size: 1.1em;\">\n<p><strong>Loteriid, millel on parimad v\u00f5imalused suurv\u00f5iduks<\/strong><\/p>\n<p style=\"font-size: 0.85em; margin-top: -1.5em;\">Millisel loteriil on parimad v\u00f5iduv\u00f5imalused?\u00a0<a href=\"https:\/\/jackpotlotteryonline.com\/et\/milline-loterii-on-parimad-voiduvoimalused\"> loe edasi<\/a><\/p>\n<\/div>\n<\/div>\n<\/section>\n<h2>Superenalotto v\u00f5idu k\u00e4ttesaamine<\/h2>\n<p>Kuna m\u00e4ngid Superenalottot internetis, on loomulik, et m\u00f5tled, mis juhtub siis, kui v\u00f5idad auhinna. Siinkohal jagame teiega, kuidas saate oma Superenalotto v\u00f5idu k\u00e4tte, kuigi elate v\u00e4ljaspool Itaaliat.<\/p>\n<p>Kui m\u00e4ngid meiega Superenalottot, on oma v\u00f5idu n\u00f5udmine sama lihtne kui siin oma kontole sisselogimine. Alla 2500 euro suuruste v\u00f5itude puhul saate raha otse meie platvormilt oma kontole v\u00e4lja maksta. See on t\u00f5esti lihtne ja muretut, nii et saate keskenduda suurep\u00e4rasele loteriielamusele.<\/p>\n<p>Suuremate summade puhul peate v\u00f5ib-olla v\u00f5tma \u00fchendust loteriifirmaga ja t\u00e4itma n\u00f5udeavalduse vormi. Kuid meie oleme siin, et juhendada teid selle protsessi kaudu. Nii et <a href=\"https:\/\/jackpotlotteryonline.com\/et\/kuidas-osta-loteriipileteid-internetis\/superenalotto\">ostke oma Superenalotto pilet juba t\u00e4na ja valige oma<\/a> v\u00f5idunumbrid.<\/p>\n","protected":false},"excerpt":{"rendered":"<p>Superenalotto on Itaalia riiklik loterii ja on riigi m\u00e4ngijate seas populaarne loterii. Kui m\u00e4ngite v\u00e4ljastpoolt Itaaliat, on hea m\u00f5te v\u00e4lja selgitada, kuidas kontrollida v\u00f5idunumbreid. Loe edasi, et rohkem teada saada. Superenalotto online m\u00e4ngimise sammud Superenalotto online m\u00e4ngimine on nagu offline m\u00e4ngimine, kuid suurema mugavuse ja lihtsusega. Kui l\u00e4hete jackpotlotteryoneline.com lehek\u00fcljele Superenalotto, saate valida 6 numbrit [&hellip;]<\/p>\n","protected":false},"author":1,"featured_media":0,"parent":35822,"menu_order":5,"comment_status":"closed","ping_status":"closed","template":"superenalotto-results.php","meta":{"_et_pb_use_builder":"","_et_pb_old_content":"","_et_gb_content_width":"","exclude_from_search":false,"footnotes":""},"class_list":["post-40706","page","type-page","status-publish","hentry"],"yoast_head":"<!-- This site is optimized with the Yoast SEO plugin v23.3 - https:\/\/yoast.com\/wordpress\/plugins\/seo\/ -->\n<title>Superenalotto v\u00f5idunumbrid ja loosimise tulemused<\/title>\n<meta name=\"description\" content=\"Hangi Itaalia Superenalotto loosimise tulemused ja v\u00f5idunumbrid koos igap\u00e4evaste uuendustega siin meie loterii kodulehel\" \/>\n<meta name=\"robots\" content=\"index, follow, max-snippet:-1, max-image-preview:large, max-video-preview:-1\" \/>\n<link rel=\"canonical\" href=\"https:\/\/jackpotlotteryonline.com\/et\/winning-numbers\/superenalotto\/\" \/>\n<meta property=\"og:locale\" content=\"et_EE\" \/>\n<meta property=\"og:type\" content=\"article\" \/>\n<meta property=\"og:title\" content=\"Superenalotto v\u00f5idunumbrid ja loosimise tulemused\" \/>\n<meta property=\"og:description\" content=\"Hangi Itaalia Superenalotto loosimise tulemused ja v\u00f5idunumbrid koos igap\u00e4evaste uuendustega siin meie loterii kodulehel\" \/>\n<meta property=\"og:url\" content=\"https:\/\/jackpotlotteryonline.com\/et\/winning-numbers\/superenalotto\/\" \/>\n<meta property=\"og:site_name\" content=\"Lotto Online - Crack The International Lottery Jackpots\" \/>\n<meta property=\"article:modified_time\" content=\"2022-12-27T09:40:12+00:00\" \/>\n<meta property=\"og:image\" content=\"http:\/\/jackpotlotteryonline.com\/wp-content\/uploads\/2022\/11\/logo_superenalotto.png\" \/>\n<meta name=\"twitter:card\" content=\"summary_large_image\" \/>\n<meta name=\"twitter:label1\" content=\"Est. reading time\" \/>\n\t<meta name=\"twitter:data1\" content=\"3 minutit\" \/>\n<!-- \/ Yoast SEO plugin. -->","yoast_head_json":{"title":"Superenalotto v\u00f5idunumbrid ja loosimise tulemused","description":"Hangi Itaalia Superenalotto loosimise tulemused ja v\u00f5idunumbrid koos igap\u00e4evaste uuendustega siin meie loterii kodulehel","robots":{"index":"index","follow":"follow","max-snippet":"max-snippet:-1","max-image-preview":"max-image-preview:large","max-video-preview":"max-video-preview:-1"},"canonical":"https:\/\/jackpotlotteryonline.com\/et\/winning-numbers\/superenalotto\/","og_locale":"et_EE","og_type":"article","og_title":"Superenalotto v\u00f5idunumbrid ja loosimise tulemused","og_description":"Hangi Itaalia Superenalotto loosimise tulemused ja v\u00f5idunumbrid koos igap\u00e4evaste uuendustega siin meie loterii kodulehel","og_url":"https:\/\/jackpotlotteryonline.com\/et\/winning-numbers\/superenalotto\/","og_site_name":"Lotto Online - Crack The International Lottery Jackpots","article_modified_time":"2022-12-27T09:40:12+00:00","og_image":[{"url":"http:\/\/jackpotlotteryonline.com\/wp-content\/uploads\/2022\/11\/logo_superenalotto.png"}],"twitter_card":"summary_large_image","twitter_misc":{"Est. reading time":"3 minutit"},"schema":{"@context":"https:\/\/schema.org","@graph":[{"@type":"WebPage","@id":"https:\/\/jackpotlotteryonline.com\/et\/winning-numbers\/superenalotto\/","url":"https:\/\/jackpotlotteryonline.com\/et\/winning-numbers\/superenalotto\/","name":"Superenalotto v\u00f5idunumbrid ja loosimise tulemused","isPartOf":{"@id":"https:\/\/jackpotlotteryonline.com\/#website"},"primaryImageOfPage":{"@id":"https:\/\/jackpotlotteryonline.com\/et\/winning-numbers\/superenalotto\/#primaryimage"},"image":{"@id":"https:\/\/jackpotlotteryonline.com\/et\/winning-numbers\/superenalotto\/#primaryimage"},"thumbnailUrl":"http:\/\/jackpotlotteryonline.com\/wp-content\/uploads\/2022\/11\/logo_superenalotto.png","datePublished":"2022-12-06T08:18:27+00:00","dateModified":"2022-12-27T09:40:12+00:00","description":"Hangi Itaalia Superenalotto loosimise tulemused ja v\u00f5idunumbrid koos igap\u00e4evaste uuendustega siin meie loterii kodulehel","breadcrumb":{"@id":"https:\/\/jackpotlotteryonline.com\/et\/winning-numbers\/superenalotto\/#breadcrumb"},"inLanguage":"et","potentialAction":[{"@type":"ReadAction","target":["https:\/\/jackpotlotteryonline.com\/et\/winning-numbers\/superenalotto\/"]}]},{"@type":"ImageObject","inLanguage":"et","@id":"https:\/\/jackpotlotteryonline.com\/et\/winning-numbers\/superenalotto\/#primaryimage","url":"http:\/\/jackpotlotteryonline.com\/wp-content\/uploads\/2022\/11\/logo_superenalotto.png","contentUrl":"http:\/\/jackpotlotteryonline.com\/wp-content\/uploads\/2022\/11\/logo_superenalotto.png"},{"@type":"BreadcrumbList","@id":"https:\/\/jackpotlotteryonline.com\/et\/winning-numbers\/superenalotto\/#breadcrumb","itemListElement":[{"@type":"ListItem","position":1,"name":"Home","item":"https:\/\/jackpotlotteryonline.com\/et\/"},{"@type":"ListItem","position":2,"name":"Loterii tulemused","item":"https:\/\/jackpotlotteryonline.com\/winning-numbers\/"},{"@type":"ListItem","position":3,"name":"Superenalotto loosimise tulemused"}]},{"@type":"WebSite","@id":"https:\/\/jackpotlotteryonline.com\/#website","url":"https:\/\/jackpotlotteryonline.com\/","name":"Lotto Online - Crack The International Lottery Jackpots","description":"","potentialAction":[{"@type":"SearchAction","target":{"@type":"EntryPoint","urlTemplate":"https:\/\/jackpotlotteryonline.com\/?s={search_term_string}"},"query-input":"required name=search_term_string"}],"inLanguage":"et"}]}},"_links":{"self":[{"href":"https:\/\/jackpotlotteryonline.com\/et\/wp-json\/wp\/v2\/pages\/40706","targetHints":{"allow":["GET"]}}],"collection":[{"href":"https:\/\/jackpotlotteryonline.com\/et\/wp-json\/wp\/v2\/pages"}],"about":[{"href":"https:\/\/jackpotlotteryonline.com\/et\/wp-json\/wp\/v2\/types\/page"}],"author":[{"embeddable":true,"href":"https:\/\/jackpotlotteryonline.com\/et\/wp-json\/wp\/v2\/users\/1"}],"replies":[{"embeddable":true,"href":"https:\/\/jackpotlotteryonline.com\/et\/wp-json\/wp\/v2\/comments?post=40706"}],"version-history":[{"count":0,"href":"https:\/\/jackpotlotteryonline.com\/et\/wp-json\/wp\/v2\/pages\/40706\/revisions"}],"up":[{"embeddable":true,"href":"https:\/\/jackpotlotteryonline.com\/et\/wp-json\/wp\/v2\/pages\/35822"}],"wp:attachment":[{"href":"https:\/\/jackpotlotteryonline.com\/et\/wp-json\/wp\/v2\/media?parent=40706"}],"curies":[{"name":"wp","href":"https:\/\/api.w.org\/{rel}","templated":true}]}}