{"id":40759,"date":"2022-12-06T09:47:56","date_gmt":"2022-12-06T09:47:56","guid":{"rendered":"https:\/\/jackpotlotteryonline.com\/?page_id=40759"},"modified":"2022-12-28T13:32:59","modified_gmt":"2022-12-28T13:32:59","slug":"la-primitiva","status":"publish","type":"page","link":"https:\/\/jackpotlotteryonline.com\/et\/winning-numbers\/la-primitiva\/","title":{"rendered":"La Primitiva loosimise tulemused"},"content":{"rendered":"<h2>Kuidas valida La Primitiva v\u00f5idunumbreid<\/h2>\n<p>K\u00f5igepealt, kui sa tahad m\u00e4ngida La Primitiva&#8217;t, pead sa valima 6 numbrit vahemikust 1 kuni 49. Lisaks tuleb valida 1 number vahemikus 0-9. Seda lisanumbrit nimetatakse Reintegro numbriks. On olemas ka Complemantario number ja seda kasutatakse m\u00f5nede auhinnaklasside m\u00e4\u00e4ramiseks.<\/p>\n<p>On mitmeid meetodeid, mida m\u00e4ngijad kasutavad oma La Primitiva numbrite valimiseks. M\u00f5ned eelistavad valida numbreid, millel on nende jaoks eriline t\u00e4hendus. N\u00e4iteks nende s\u00fcnnip\u00e4evad v\u00f5i t\u00e4htp\u00e4evad. Teised valivad lihtsalt juhuslikke numbreid ja loodavad, et \u00f5nn on nende poolel. Kuna La Primitiva, nagu iga loterii, on \u00f5nnem\u00e4ng, ei saa keegi neid s\u00fc\u00fcdistada.<\/p>\n<section class=\"layout\" style=\"border: solid 1px; width: 100%;\">\n<div class=\"img-div\" style=\"margin-top: 5px;\"><img decoding=\"async\" class=\"wp-image-17212 alignleft\" style=\"height: 45px; margin: 8px 8px 0px;\" src=\"https:\/\/jackpotlotteryonline.com\/wp-content\/uploads\/2022\/11\/read1.jpg\" alt=\"loe\" width=\"\" height=\"\" \/><\/div>\n<div style=\"padding-left: 5px;\">\n<div style=\"font-size: 1.1em;\">\n<p><strong>Loterii n\u00e4pun\u00e4ited<\/strong><\/p>\n<p style=\"font-size: 0.85em; margin-top: -1.5em;\">Nipid, mis aitavad teil loteriis v\u00f5ita\u00a0<a href=\"https:\/\/jackpotlotteryonline.com\/et\/napunaiteid-mis-aitavad-teil-voita-loterii\"> loe edasi<\/a><\/p>\n<\/div>\n<\/div>\n<\/section>\n<h2>La Primitiva v\u00f5itmine<\/h2>\n<p>La Primitiva korraldab kolm loosimist n\u00e4dalas, esmasp\u00e4eval, neljap\u00e4eval ja laup\u00e4eval. Kui olete valinud oma numbrid, on j\u00e4rgmine samm osaleda oma valitud loosimisel. P\u00e4rast loosimisi v\u00f5idab loteriipileti, mis vastab loositud tulemustele.<\/p>\n<p>Seega on auhinnaga koju minekul palju pistmist teie valitud numbritega.<\/p>\n<p>La Primitiva jackpot&#8217;i v\u00f5itmiseks peab m\u00e4ngija vastama k\u00f5igile 7 numbrile (6 p\u00f5hinumbrit ja Reintegro numbrile). Jackpoti summa algab 5 miljonist eurost. Kui v\u00f5itjaid on rohkem kui \u00fcks, jagatakse summa v\u00f5itjate vahel. Siin on auhinnad, mida m\u00e4ngijad v\u00f5ivad v\u00f5ita.<br \/>\n<img loading=\"lazy\" decoding=\"async\" class=\"alignright size-full wp-image-27671\" src=\"https:\/\/jackpotlotteryonline.com\/wp-content\/uploads\/2022\/11\/1_lottery_online_winner3.jpg\" alt=\"V\u00f5ida La Primitiva\" width=\"300\" height=\"300\" srcset=\"https:\/\/jackpotlotteryonline.com\/wp-content\/uploads\/2022\/11\/1_lottery_online_winner3.jpg 300w, https:\/\/jackpotlotteryonline.com\/wp-content\/uploads\/2022\/11\/1_lottery_online_winner3-100x100.jpg 100w, https:\/\/jackpotlotteryonline.com\/wp-content\/uploads\/2022\/11\/1_lottery_online_winner3-150x150.jpg 150w\" sizes=\"auto, (max-width: 300px) 100vw, 300px\" \/><\/p>\n<p>Jackpot &#8211; Match 6 + Reintegro<\/p>\n<p>1. divisjon &#8211; ainult 6. mat\u0161<\/p>\n<p>2. divisjon &#8211; Match 5 + lisanumber<\/p>\n<p>3. divisjon &#8211; ainult 5. mat\u0161<\/p>\n<p>4. divisjon &#8211; ainult 4. mat\u0161<\/p>\n<p>5. divisjon &#8211; ainult 3. m\u00e4ng<\/p>\n<p>Reintegro &#8211; Match ainult Reintegro number<\/p>\n<h2>La Primitiva online m\u00e4ngimine jackpotlotteryonline.com-iga<\/h2>\n<p>Kui <a href=\"https:\/\/jackpotlotteryonline.com\/et\/kuidas-mangida\/la-primitiva-2\">m\u00e4ngid koos meiega La Primitiva loteriid<\/a>, ei saa sa mitte ainult juurdep\u00e4\u00e4su La Primitivale, vaid ka loosimise tulemustele. Online m\u00e4ngimine avab maailma v\u00f5imalusi nii kogenud m\u00e4ngijatele kui ka uustulnukatele. Pakume mugavat v\u00f5imalust osta oma loteriipileteid, kontrollida tulemusi ja p\u00e4\u00e4seda ligi oma v\u00f5itudele. Aga selle juurde j\u00f5uame kohe.<\/p>\n<p>Saate h\u00f5lpsasti <a href=\"https:\/\/jackpotlotteryonline.com\/et\/kuidas-osta-loteriipileteid-internetis\/la-primitiva\">osta oma La Primitiva loteriipileti<\/a>, minnes loterii lehele ja valides oma v\u00f5idu numbrid. Kui te ei ole kindel, mida valida, v\u00f5ite kasutada meie automaatset generaatorit, et valida juhuslikke numbreid. Seej\u00e4rel sisestage oma valitud loosimine ja kui te ei ole veel meie juures registreeritud, registreerige konto.<\/p>\n<p>Registreerimine on oluline samm ja teil on vaja kontot j\u00e4rgmistel p\u00f5hjustel:<\/p>\n<ul>\n<li>oma digitaalse pileti salvestamiseks<\/li>\n<li>automaatsete loosimiste sissekannete seadistamiseks<\/li>\n<li>et saada teateid auhindade v\u00f5itmise kohta<\/li>\n<\/ul>\n<h2>Kontrollida oma La Primitiva loterii tulemusi<\/h2>\n<p>Oma La Primitiva tulemuste kontrollimine pole kunagi varem olnud lihtsam, kui m\u00e4ngid meiega internetis. P\u00e4rast iga loosimist avaldame loosimise tulemused siinsamas meie lehel. Peale selle teavitame teid e-posti teel, kui olete v\u00f5itnud auhinna. Nii et sa ei pea enam kunagi oma auhinna k\u00e4ttesaamisest ilma j\u00e4\u00e4ma.<\/p>\n<h2>V\u00f5itude taotlemine<\/h2>\n<p>La Primitiva online m\u00e4ngimise ehk k\u00f5ige huvitavam osa on see, et sa ei pea oma v\u00f5itude k\u00e4ttesaamiseks Hispaaniasse minema. V\u00f5itude puhul, mis on alla 2500 euro, saad lihtsalt meie platvormilt oma kontole raha v\u00e4lja v\u00f5tta.<\/p>\n<p>M\u00e4ngi koos meiega loteriid, et kontrollida oma La Primitiva v\u00f5idunumbreid internetis.<\/p>\n","protected":false},"excerpt":{"rendered":"<p>Kuidas valida La Primitiva v\u00f5idunumbreid K\u00f5igepealt, kui sa tahad m\u00e4ngida La Primitiva&#8217;t, pead sa valima 6 numbrit vahemikust 1 kuni 49. Lisaks tuleb valida 1 number vahemikus 0-9. Seda lisanumbrit nimetatakse Reintegro numbriks. On olemas ka Complemantario number ja seda kasutatakse m\u00f5nede auhinnaklasside m\u00e4\u00e4ramiseks. On mitmeid meetodeid, mida m\u00e4ngijad kasutavad oma La Primitiva numbrite valimiseks. [&hellip;]<\/p>\n","protected":false},"author":1,"featured_media":0,"parent":35822,"menu_order":7,"comment_status":"closed","ping_status":"closed","template":"la-primitiva-results.php","meta":{"_et_pb_use_builder":"","_et_pb_old_content":"","_et_gb_content_width":"","exclude_from_search":false,"footnotes":""},"class_list":["post-40759","page","type-page","status-publish","hentry"],"yoast_head":"<!-- This site is optimized with the Yoast SEO plugin v23.3 - https:\/\/yoast.com\/wordpress\/plugins\/seo\/ -->\n<title>La Primitiva v\u00f5idunumbrid ja loosimise tulemused<\/title>\n<meta name=\"description\" content=\"Hispaania La Primitiva loterii - k\u00f5ik loosimistulemused ja v\u00f5idunumbrid, lisaks tulemuste arhiiv, k\u00f5ik \u00fchel veebilehel\" \/>\n<meta name=\"robots\" content=\"index, follow, max-snippet:-1, max-image-preview:large, max-video-preview:-1\" \/>\n<link rel=\"canonical\" href=\"https:\/\/jackpotlotteryonline.com\/et\/winning-numbers\/la-primitiva\/\" \/>\n<meta property=\"og:locale\" content=\"et_EE\" \/>\n<meta property=\"og:type\" content=\"article\" \/>\n<meta property=\"og:title\" content=\"La Primitiva v\u00f5idunumbrid ja loosimise tulemused\" \/>\n<meta property=\"og:description\" content=\"Hispaania La Primitiva loterii - k\u00f5ik loosimistulemused ja v\u00f5idunumbrid, lisaks tulemuste arhiiv, k\u00f5ik \u00fchel veebilehel\" \/>\n<meta property=\"og:url\" content=\"https:\/\/jackpotlotteryonline.com\/et\/winning-numbers\/la-primitiva\/\" \/>\n<meta property=\"og:site_name\" content=\"Lotto Online - Crack The International Lottery Jackpots\" \/>\n<meta property=\"article:modified_time\" content=\"2022-12-28T13:32:59+00:00\" \/>\n<meta property=\"og:image\" content=\"https:\/\/jackpotlotteryonline.com\/wp-content\/uploads\/2022\/11\/read1.jpg\" \/>\n<meta name=\"twitter:card\" content=\"summary_large_image\" \/>\n<meta name=\"twitter:label1\" content=\"Est. reading time\" \/>\n\t<meta name=\"twitter:data1\" content=\"3 minutit\" \/>\n<!-- \/ Yoast SEO plugin. -->","yoast_head_json":{"title":"La Primitiva v\u00f5idunumbrid ja loosimise tulemused","description":"Hispaania La Primitiva loterii - k\u00f5ik loosimistulemused ja v\u00f5idunumbrid, lisaks tulemuste arhiiv, k\u00f5ik \u00fchel veebilehel","robots":{"index":"index","follow":"follow","max-snippet":"max-snippet:-1","max-image-preview":"max-image-preview:large","max-video-preview":"max-video-preview:-1"},"canonical":"https:\/\/jackpotlotteryonline.com\/et\/winning-numbers\/la-primitiva\/","og_locale":"et_EE","og_type":"article","og_title":"La Primitiva v\u00f5idunumbrid ja loosimise tulemused","og_description":"Hispaania La Primitiva loterii - k\u00f5ik loosimistulemused ja v\u00f5idunumbrid, lisaks tulemuste arhiiv, k\u00f5ik \u00fchel veebilehel","og_url":"https:\/\/jackpotlotteryonline.com\/et\/winning-numbers\/la-primitiva\/","og_site_name":"Lotto Online - Crack The International Lottery Jackpots","article_modified_time":"2022-12-28T13:32:59+00:00","og_image":[{"url":"https:\/\/jackpotlotteryonline.com\/wp-content\/uploads\/2022\/11\/read1.jpg"}],"twitter_card":"summary_large_image","twitter_misc":{"Est. reading time":"3 minutit"},"schema":{"@context":"https:\/\/schema.org","@graph":[{"@type":"WebPage","@id":"https:\/\/jackpotlotteryonline.com\/et\/winning-numbers\/la-primitiva\/","url":"https:\/\/jackpotlotteryonline.com\/et\/winning-numbers\/la-primitiva\/","name":"La Primitiva v\u00f5idunumbrid ja loosimise tulemused","isPartOf":{"@id":"https:\/\/jackpotlotteryonline.com\/#website"},"primaryImageOfPage":{"@id":"https:\/\/jackpotlotteryonline.com\/et\/winning-numbers\/la-primitiva\/#primaryimage"},"image":{"@id":"https:\/\/jackpotlotteryonline.com\/et\/winning-numbers\/la-primitiva\/#primaryimage"},"thumbnailUrl":"https:\/\/jackpotlotteryonline.com\/wp-content\/uploads\/2022\/11\/read1.jpg","datePublished":"2022-12-06T09:47:56+00:00","dateModified":"2022-12-28T13:32:59+00:00","description":"Hispaania La Primitiva loterii - k\u00f5ik loosimistulemused ja v\u00f5idunumbrid, lisaks tulemuste arhiiv, k\u00f5ik \u00fchel veebilehel","breadcrumb":{"@id":"https:\/\/jackpotlotteryonline.com\/et\/winning-numbers\/la-primitiva\/#breadcrumb"},"inLanguage":"et","potentialAction":[{"@type":"ReadAction","target":["https:\/\/jackpotlotteryonline.com\/et\/winning-numbers\/la-primitiva\/"]}]},{"@type":"ImageObject","inLanguage":"et","@id":"https:\/\/jackpotlotteryonline.com\/et\/winning-numbers\/la-primitiva\/#primaryimage","url":"https:\/\/jackpotlotteryonline.com\/wp-content\/uploads\/2022\/11\/read1.jpg","contentUrl":"https:\/\/jackpotlotteryonline.com\/wp-content\/uploads\/2022\/11\/read1.jpg"},{"@type":"BreadcrumbList","@id":"https:\/\/jackpotlotteryonline.com\/et\/winning-numbers\/la-primitiva\/#breadcrumb","itemListElement":[{"@type":"ListItem","position":1,"name":"Home","item":"https:\/\/jackpotlotteryonline.com\/et\/"},{"@type":"ListItem","position":2,"name":"Loterii tulemused","item":"https:\/\/jackpotlotteryonline.com\/winning-numbers\/"},{"@type":"ListItem","position":3,"name":"La Primitiva loosimise tulemused"}]},{"@type":"WebSite","@id":"https:\/\/jackpotlotteryonline.com\/#website","url":"https:\/\/jackpotlotteryonline.com\/","name":"Lotto Online - Crack The International Lottery Jackpots","description":"","potentialAction":[{"@type":"SearchAction","target":{"@type":"EntryPoint","urlTemplate":"https:\/\/jackpotlotteryonline.com\/?s={search_term_string}"},"query-input":"required name=search_term_string"}],"inLanguage":"et"}]}},"_links":{"self":[{"href":"https:\/\/jackpotlotteryonline.com\/et\/wp-json\/wp\/v2\/pages\/40759","targetHints":{"allow":["GET"]}}],"collection":[{"href":"https:\/\/jackpotlotteryonline.com\/et\/wp-json\/wp\/v2\/pages"}],"about":[{"href":"https:\/\/jackpotlotteryonline.com\/et\/wp-json\/wp\/v2\/types\/page"}],"author":[{"embeddable":true,"href":"https:\/\/jackpotlotteryonline.com\/et\/wp-json\/wp\/v2\/users\/1"}],"replies":[{"embeddable":true,"href":"https:\/\/jackpotlotteryonline.com\/et\/wp-json\/wp\/v2\/comments?post=40759"}],"version-history":[{"count":0,"href":"https:\/\/jackpotlotteryonline.com\/et\/wp-json\/wp\/v2\/pages\/40759\/revisions"}],"up":[{"embeddable":true,"href":"https:\/\/jackpotlotteryonline.com\/et\/wp-json\/wp\/v2\/pages\/35822"}],"wp:attachment":[{"href":"https:\/\/jackpotlotteryonline.com\/et\/wp-json\/wp\/v2\/media?parent=40759"}],"curies":[{"name":"wp","href":"https:\/\/api.w.org\/{rel}","templated":true}]}}