{"id":40811,"date":"2022-12-06T12:03:37","date_gmt":"2022-12-06T12:03:37","guid":{"rendered":"https:\/\/jackpotlotteryonline.com\/?page_id=40811"},"modified":"2022-12-28T10:31:07","modified_gmt":"2022-12-28T10:31:07","slug":"el-gordo-draw-results","status":"publish","type":"page","link":"https:\/\/jackpotlotteryonline.com\/et\/winning-numbers\/el-gordo-draw-results\/","title":{"rendered":"El Gordo loosimise tulemused"},"content":{"rendered":"<p>Loteriihuvilised on elevil, kui nad kuulevad El Gordost, ja mitte ainult sellep\u00e4rast, et see on \u00fcks suurimaid Euroopa loteriisid. El Gordo on k\u00f5igi loteriide ema juba ainu\u00fcksi seet\u00f5ttu, et loosimised toimuvad kord aastas. Tegelikult on see osa Hispaania loteriist ja igal aastal toimub seal eriline j\u00f5ululoos. See on p\u00f5nevust t\u00e4is ja traditsioonidest l\u00e4bi imbunud s\u00fcndmus. See toob pered, naabruskonnad ja terved kogukonnad kokku, et t\u00e4histada pidulikku hooaega. Hispaania m\u00e4ngijatele on j\u00f5uluhooaeg aeg, mil tuleb otsida El Gordo v\u00f5idunumbreid.<\/p>\n<p>El Gordo on tavaliselt Hispaanias toimuv loterii. See t\u00e4hendab, et kui te ei elaks selles riigis, oleks teil raske El Gordo pileteid osta. See on muutunud, sest n\u00fc\u00fcd saab El Gordo v\u00f5idunumbreid kontrollida internetis.<\/p>\n<h2>El Gordo m\u00e4ngimine<\/h2>\n<p><img loading=\"lazy\" decoding=\"async\" class=\"alignright size-full wp-image-17870\" src=\"https:\/\/jackpotlotteryonline.com\/wp-content\/uploads\/2022\/10\/lotto_euros.jpg\" alt=\"El Gordo m\u00e4ngimine\" width=\"225\" height=\"134\" \/>El Gordo t\u00e4hendab &#8220;suurt&#8221; ja see on maailma suurim jackpot. Selle loterii erip\u00e4ra seisneb selles, et jackpoti v\u00f5idab n\u00fc\u00fcd vaid \u00fcks inimene. Seda seet\u00f5ttu, et piletid on jagatud nii paljudeks osadeks. Tegelikult on see osa El Gordo m\u00e4ngimisest see, mis v\u00f5ib olla veidi segadust tekitav. Iga El Gordo pilet on jagatud 10 ossa ja iga selline osa jagatakse edasi.<\/p>\n<p>Odavaim El Gordo pilet, mida saab osta, on 1\/100 t\u00e4ispiletist.<\/p>\n<p>Et rohkem teada saada <a href=\"https:\/\/jackpotlotteryonline.com\/et\/kuidas-mangida\/el-gordo\">El Gordo m\u00e4ngimise<\/a> kohta, k\u00fclastage jackpotlotteryonline.com ja<a href=\"https:\/\/jackpotlotteryonline.com\/et\/kuidas-osta-loteriipileteid-internetis\/el-gordo\"> ostke oma piletid kohe<\/a>. El Gordo m\u00e4ngimine on v\u00e4ga l\u00f5bus, eriti kui m\u00e4ngid internetis.<\/p>\n<h2>Online m\u00e4ngimine<\/h2>\n<p>Kui olete valmis El Gordo loteriis osalema, k\u00fclastage meie veebilehte ja valige oma v\u00f5idunumbrid. K\u00f5ik, mida pead tegema, on valida 6 alates 1 kuni 49. Loomulikult v\u00f5id lasta meie automaatvalikul seda sinu eest teha, kui sul pole midagi konkreetset, mida m\u00e4ngida tahad. Seej\u00e4rel sisestage loosimised ja oodake El Gordo v\u00f5idutulemusi.<\/p>\n<h2>Kuidas v\u00f5ita El Gordo<\/h2>\n<p>El Gordo v\u00f5itmine t\u00e4hendab lihtsalt seda, et sul on v\u00f5itnud v\u00f5idukombinatsioon. Seega, kui teie numbrid vastavad sellele, mis on v\u00e4lja loositud, siis olete El Gordo loterii v\u00f5itja.<\/p>\n<p>On mitmeid strateegiaid, mida m\u00e4ngijad kasutavad El Gordo v\u00f5idukombinatsioonide valimiseks. \u00dcks neist on numbrite valimine, mida nad peavad \u00f5nnelikuks. M\u00f5ne jaoks on see nende s\u00fcnnip\u00e4ev v\u00f5i l\u00e4hedaste s\u00fcnnip\u00e4evad. See v\u00f5ib olla mis tahes number, mis on sinu jaoks eriline. Teised m\u00e4ngijad eelistavad toetuda t\u00e4ielikult juhuslikult genereeritud numbritele. Mida iganes te valite, on teie enda otsustada.<\/p>\n<p>Teine v\u00f5imalus El Gordo v\u00f5idukombinatsiooni valimiseks on vaadata varasemaid tulemusi. See aitab teid eriti siis, kui olete sagedane m\u00e4ngija. Paljude m\u00e4ngijate jaoks on mitme pileti ostmine alati hea m\u00e4nguplaan. Sa v\u00f5id alati moodustada oma s\u00f5prade v\u00f5i pereliikmetega grupi ja osta El Gordo pileteid.<\/p>\n<h2>Kuidas kontrollida v\u00f5idunumbreid<\/h2>\n<p><img loading=\"lazy\" decoding=\"async\" class=\"alignright size-full wp-image-30668\" src=\"https:\/\/jackpotlotteryonline.com\/wp-content\/uploads\/2022\/11\/3_screen_lottery_results_online.jpg\" alt=\"El Gordo v\u00f5itmine\" width=\"130\" height=\"120\" \/>Kui olete ostnud El Gordo pileti, on j\u00e4rgmine samm El Gordo loosimiste ootamine. P\u00e4rast loosimisi on oluline kontrollida v\u00f5idukombinatsioone. On mitmeid lugusid jackpotidest, mis j\u00e4id saamata, sest v\u00f5itjad ei kontrollinud kunagi oma loteriipileteid. Kui m\u00e4ngite meiega, ei pea te kunagi muretsema, et see teiega juhtub.<\/p>\n<p>P\u00e4rast iga loosimist avaldame v\u00f5idutulemused siinsamas El Gordo lehel. \u00dcks vigu, mida uued loteriim\u00e4ngijad teevad, on see, et nad ei kontrolli, kas nad on v\u00f5itnud teisi auhindu.<\/p>\n<p>El Gordo loteriil on 17 erinevat auhinnatasandit ja m\u00e4ngija v\u00f5ib v\u00f5ita neist mis tahes. Kui m\u00e4ngite meiega, anname teile teada, kas olete m\u00f5ne auhinna v\u00f5itja. Teeme seda e-posti teel, lisaks saate teate, kui olete platvormile sisse loginud.<\/p>\n<h2>Mis juhtub, kui sa v\u00f5idad?<\/h2>\n<p>El Gordo v\u00f5itmine on imeline kogemus, sest tunned, et oled saanud osa millestki suurest. Justkui oleksid osake ajaloost, mis on loomisel. Veelgi suurem tunne on see, kui ostsid El Gordo piletid koos oma t\u00f6\u00f6kaaslaste, s\u00f5prade v\u00f5i perega. Siis saate k\u00f5ik koos oma v\u00f5itu t\u00e4histama minna.<\/p>\n<p>See t\u00e4hendab, et El Gordo v\u00f5idu v\u00e4ljav\u00f5tmine on v\u00e4ga lihtne, kui m\u00e4ngid meie saidil. See on lihtsalt oma v\u00f5idu v\u00e4ljamaksmise k\u00fcsimus oma online-kontole. Kui sa v\u00f5idad rohkem kui teatud summa, siis v\u00f5ib olla vaja t\u00e4ita pretensioonivorm, et saada oma v\u00f5idud loteriifirmalt k\u00e4tte. Aga sellep\u00e4rast me siin olemegi, et teha asjad sinu jaoks lihtsaks.<\/p>\n<section class=\"layout\" style=\"border: solid 1px; width: 100%;\">\n<div class=\"img-div\" style=\"margin-top: 5px;\"><img decoding=\"async\" class=\"wp-image-17212 alignleft\" style=\"height: 45px; margin: 8px 8px 0px;\" src=\"https:\/\/jackpotlotteryonline.com\/wp-content\/uploads\/2022\/11\/read1.jpg\" alt=\"loe\" width=\"\" height=\"\" \/><\/div>\n<div style=\"padding-left: 5px;\">\n<div style=\"font-size: 1.1em;\">\n<p><strong>Loteriiv\u00f5itude maksud<\/strong><\/p>\n<p style=\"font-size: 0.85em; margin-top: -1.5em;\">Kas ma pean loteriiv\u00f5itudelt makse maksma? <a href=\"https:\/\/jackpotlotteryonline.com\/et\/kas-ma-pean-loteriivoitudelt-makse-maksma\">loe edasi<\/a><\/p>\n<\/div>\n<\/div>\n<\/section>\n<h2>Miks sa peaksid El Gordo&#8217;t meiega koos online m\u00e4ngima<\/h2>\n<p>On nii palju p\u00f5hjusi, miks meie kliendid armastavad meiega loteriid m\u00e4ngida.<\/p>\n<ul>\n<li>El Gordo loteriipileti ostmine on sama lihtne kui paar koputust oma mobiilseadmega. Ei mingit stressi ja t\u00e4iesti mugav.<\/li>\n<li>Saate kontrollida oma El Gordo v\u00f5idukombinatsioone otse siin, ilma et peaksite minema kuhugi mujale.<\/li>\n<li>Me teavitame sind kohe, kui sa v\u00f5idad auhinna, olenemata summast.<\/li>\n<li>Kui sa v\u00f5idad m\u00f5ne auhinna, saad selle meie platvormilt oma kontole v\u00e4lja maksta.<\/li>\n<\/ul>\n<p>Me teeme oma klientidele s\u00f5na otseses m\u00f5ttes lihtsaks, et nad saaksid l\u00f5butseda ja nautida loteriim\u00e4ngu. T\u00f5si on see, et elus on nii palju muid asju, mis on rasked, loteriiv\u00f5itmine ei pea olema \u00fcks neist.<\/p>\n<h2>Kontrollige oma v\u00f5idunumbreid<\/h2>\n<p>Enne pileti ostmist pead teadma, et me anname oma klientidele juurdep\u00e4\u00e4su t\u00f5elisele loosimisele. Kui m\u00e4ngid meiega, ei panusta sa lihtsalt loteriitulemusele. Me tagame, et olete osalenud loteriis. Me teeme seda, kasutades concierge-s\u00fcsteemi, kus meie agent Hispaanias ostab sinu omale vastavaid numbreid.<\/p>\n<p>Kui teil on El Gordo v\u00f5idunumbrid, t\u00e4hendab see, et olete v\u00f5itnud loteriis. Nii lihtne see tegelikult ongi. Me t\u00f6\u00f6tame k\u00f5vasti selle nimel, et te ei peaks \u00fcksikasjade p\u00e4rast muretsema. Nii et me hoolitseme v\u00e4ikeste asjade eest, et sa saaksid keskenduda sellele, mis on sinu jaoks k\u00f5ige t\u00e4htsam.<\/p>\n<p>K\u00fclastage meid juba t\u00e4na ja kontrollige siinsamas rahvusvaheliste loteriide v\u00f5idunumbreid. V\u00f5i osta El Gordo pileteid ja tagasta need v\u00f5idunumbrite saamiseks.<\/p>\n","protected":false},"excerpt":{"rendered":"<p>Loteriihuvilised on elevil, kui nad kuulevad El Gordost, ja mitte ainult sellep\u00e4rast, et see on \u00fcks suurimaid Euroopa loteriisid. El Gordo on k\u00f5igi loteriide ema juba ainu\u00fcksi seet\u00f5ttu, et loosimised toimuvad kord aastas. Tegelikult on see osa Hispaania loteriist ja igal aastal toimub seal eriline j\u00f5ululoos. See on p\u00f5nevust t\u00e4is ja traditsioonidest l\u00e4bi imbunud s\u00fcndmus. [&hellip;]<\/p>\n","protected":false},"author":1,"featured_media":0,"parent":35822,"menu_order":6,"comment_status":"closed","ping_status":"closed","template":"el-gordo-results.php","meta":{"_et_pb_use_builder":"","_et_pb_old_content":"","_et_gb_content_width":"","exclude_from_search":false,"footnotes":""},"class_list":["post-40811","page","type-page","status-publish","hentry"],"yoast_head":"<!-- This site is optimized with the Yoast SEO plugin v23.3 - https:\/\/yoast.com\/wordpress\/plugins\/seo\/ -->\n<title>El Gordo v\u00f5idunumbrid ja loosimise tulemused<\/title>\n<meta name=\"description\" content=\"El Gordo loosimise tulemused, v\u00f5idunumbrid - nii selle n\u00e4dala kui ka m\u00f6\u00f6dunud n\u00e4dala tulemused\" \/>\n<meta name=\"robots\" content=\"index, follow, max-snippet:-1, max-image-preview:large, max-video-preview:-1\" \/>\n<link rel=\"canonical\" href=\"https:\/\/jackpotlotteryonline.com\/et\/winning-numbers\/el-gordo-draw-results\/\" \/>\n<meta property=\"og:locale\" content=\"et_EE\" \/>\n<meta property=\"og:type\" content=\"article\" \/>\n<meta property=\"og:title\" content=\"El Gordo v\u00f5idunumbrid ja loosimise tulemused\" \/>\n<meta property=\"og:description\" content=\"El Gordo loosimise tulemused, v\u00f5idunumbrid - nii selle n\u00e4dala kui ka m\u00f6\u00f6dunud n\u00e4dala tulemused\" \/>\n<meta property=\"og:url\" content=\"https:\/\/jackpotlotteryonline.com\/et\/winning-numbers\/el-gordo-draw-results\/\" \/>\n<meta property=\"og:site_name\" content=\"Lotto Online - Crack The International Lottery Jackpots\" \/>\n<meta property=\"article:modified_time\" content=\"2022-12-28T10:31:07+00:00\" \/>\n<meta property=\"og:image\" content=\"https:\/\/jackpotlotteryonline.com\/wp-content\/uploads\/2022\/10\/lotto_euros.jpg\" \/>\n<meta name=\"twitter:card\" content=\"summary_large_image\" \/>\n<meta name=\"twitter:label1\" content=\"Est. reading time\" \/>\n\t<meta name=\"twitter:data1\" content=\"5 minutit\" \/>\n<!-- \/ Yoast SEO plugin. -->","yoast_head_json":{"title":"El Gordo v\u00f5idunumbrid ja loosimise tulemused","description":"El Gordo loosimise tulemused, v\u00f5idunumbrid - nii selle n\u00e4dala kui ka m\u00f6\u00f6dunud n\u00e4dala tulemused","robots":{"index":"index","follow":"follow","max-snippet":"max-snippet:-1","max-image-preview":"max-image-preview:large","max-video-preview":"max-video-preview:-1"},"canonical":"https:\/\/jackpotlotteryonline.com\/et\/winning-numbers\/el-gordo-draw-results\/","og_locale":"et_EE","og_type":"article","og_title":"El Gordo v\u00f5idunumbrid ja loosimise tulemused","og_description":"El Gordo loosimise tulemused, v\u00f5idunumbrid - nii selle n\u00e4dala kui ka m\u00f6\u00f6dunud n\u00e4dala tulemused","og_url":"https:\/\/jackpotlotteryonline.com\/et\/winning-numbers\/el-gordo-draw-results\/","og_site_name":"Lotto Online - Crack The International Lottery Jackpots","article_modified_time":"2022-12-28T10:31:07+00:00","og_image":[{"url":"https:\/\/jackpotlotteryonline.com\/wp-content\/uploads\/2022\/10\/lotto_euros.jpg"}],"twitter_card":"summary_large_image","twitter_misc":{"Est. reading time":"5 minutit"},"schema":{"@context":"https:\/\/schema.org","@graph":[{"@type":"WebPage","@id":"https:\/\/jackpotlotteryonline.com\/et\/winning-numbers\/el-gordo-draw-results\/","url":"https:\/\/jackpotlotteryonline.com\/et\/winning-numbers\/el-gordo-draw-results\/","name":"El Gordo v\u00f5idunumbrid ja loosimise tulemused","isPartOf":{"@id":"https:\/\/jackpotlotteryonline.com\/#website"},"primaryImageOfPage":{"@id":"https:\/\/jackpotlotteryonline.com\/et\/winning-numbers\/el-gordo-draw-results\/#primaryimage"},"image":{"@id":"https:\/\/jackpotlotteryonline.com\/et\/winning-numbers\/el-gordo-draw-results\/#primaryimage"},"thumbnailUrl":"https:\/\/jackpotlotteryonline.com\/wp-content\/uploads\/2022\/10\/lotto_euros.jpg","datePublished":"2022-12-06T12:03:37+00:00","dateModified":"2022-12-28T10:31:07+00:00","description":"El Gordo loosimise tulemused, v\u00f5idunumbrid - nii selle n\u00e4dala kui ka m\u00f6\u00f6dunud n\u00e4dala tulemused","breadcrumb":{"@id":"https:\/\/jackpotlotteryonline.com\/et\/winning-numbers\/el-gordo-draw-results\/#breadcrumb"},"inLanguage":"et","potentialAction":[{"@type":"ReadAction","target":["https:\/\/jackpotlotteryonline.com\/et\/winning-numbers\/el-gordo-draw-results\/"]}]},{"@type":"ImageObject","inLanguage":"et","@id":"https:\/\/jackpotlotteryonline.com\/et\/winning-numbers\/el-gordo-draw-results\/#primaryimage","url":"https:\/\/jackpotlotteryonline.com\/wp-content\/uploads\/2022\/10\/lotto_euros.jpg","contentUrl":"https:\/\/jackpotlotteryonline.com\/wp-content\/uploads\/2022\/10\/lotto_euros.jpg"},{"@type":"BreadcrumbList","@id":"https:\/\/jackpotlotteryonline.com\/et\/winning-numbers\/el-gordo-draw-results\/#breadcrumb","itemListElement":[{"@type":"ListItem","position":1,"name":"Home","item":"https:\/\/jackpotlotteryonline.com\/et\/"},{"@type":"ListItem","position":2,"name":"Loterii tulemused","item":"https:\/\/jackpotlotteryonline.com\/winning-numbers\/"},{"@type":"ListItem","position":3,"name":"El Gordo loosimise tulemused"}]},{"@type":"WebSite","@id":"https:\/\/jackpotlotteryonline.com\/#website","url":"https:\/\/jackpotlotteryonline.com\/","name":"Lotto Online - Crack The International Lottery Jackpots","description":"","potentialAction":[{"@type":"SearchAction","target":{"@type":"EntryPoint","urlTemplate":"https:\/\/jackpotlotteryonline.com\/?s={search_term_string}"},"query-input":"required name=search_term_string"}],"inLanguage":"et"}]}},"_links":{"self":[{"href":"https:\/\/jackpotlotteryonline.com\/et\/wp-json\/wp\/v2\/pages\/40811","targetHints":{"allow":["GET"]}}],"collection":[{"href":"https:\/\/jackpotlotteryonline.com\/et\/wp-json\/wp\/v2\/pages"}],"about":[{"href":"https:\/\/jackpotlotteryonline.com\/et\/wp-json\/wp\/v2\/types\/page"}],"author":[{"embeddable":true,"href":"https:\/\/jackpotlotteryonline.com\/et\/wp-json\/wp\/v2\/users\/1"}],"replies":[{"embeddable":true,"href":"https:\/\/jackpotlotteryonline.com\/et\/wp-json\/wp\/v2\/comments?post=40811"}],"version-history":[{"count":0,"href":"https:\/\/jackpotlotteryonline.com\/et\/wp-json\/wp\/v2\/pages\/40811\/revisions"}],"up":[{"embeddable":true,"href":"https:\/\/jackpotlotteryonline.com\/et\/wp-json\/wp\/v2\/pages\/35822"}],"wp:attachment":[{"href":"https:\/\/jackpotlotteryonline.com\/et\/wp-json\/wp\/v2\/media?parent=40811"}],"curies":[{"name":"wp","href":"https:\/\/api.w.org\/{rel}","templated":true}]}}